{"id":332,"date":"2025-09-12T17:07:46","date_gmt":"2025-09-12T15:07:46","guid":{"rendered":"https:\/\/www.univ-lorraine.fr\/isite-lorraine\/?page_id=332"},"modified":"2026-02-18T15:57:56","modified_gmt":"2026-02-18T14:57:56","slug":"nos-centres-de-recherche-transversaux-cret","status":"publish","type":"page","link":"https:\/\/www.univ-lorraine.fr\/isite-lorraine\/interdisciplinarite\/nos-centres-de-recherche-transversaux-cret\/","title":{"rendered":"Nos centres de recherche transversaux (CRET)"},"content":{"rendered":"<div class=\"gb-container gb-container-0c94b124\">\n\n<p>Les CRET (Centres de recherche et d\u2019expertise transversaux) sont des structures interdisciplinaires cr\u00e9\u00e9es dans le cadre de l\u2019Initiative d\u2019Excellence Lorraine. Leur mission est de rassembler chercheurs et experts de diff\u00e9rents horizons afin d\u2019apporter des \u00e9clairages crois\u00e9s sur les grands d\u00e9fis contemporains. Chaque CRET se consacre \u00e0 une th\u00e9matique sp\u00e9cifique et a pour vocation de stimuler la recherche fondamentale tout en soutenant les projets interdisciplinaires de l\u2019I-SITE Lorraine.<\/p>\n\n<\/div>\n\n<div class=\"gb-container gb-container-598ac18c\">\n<div class=\"gb-container gb-container-44b0d95c toggle-group plus\" id=\"celest\">\n<div class=\"gb-container gb-container-0ec9a084\">\n\n<h2 class=\"gb-headline gb-headline-eef2b14b\"><span class=\"gb-icon\"><svg id=\"Calquea_1\" data-name=\"Calque 1\" xmlns=\"http:\/\/www.w3.org\/2000\/svg\" xmlns:xlink=\"http:\/\/www.w3.org\/1999\/xlink\" viewBox=\"0 0 141.73 141.73\">   <defs>     <style>       <\/style>     <clipPath id=\"clippath\">       <rect class=\"cls-2\" width=\"141.73\" height=\"141.73\"><\/rect>     <\/clipPath>     <clipPath id=\"clippath-1\">       <rect class=\"cls-2\" width=\"141.73\" height=\"141.73\"><\/rect>     <\/clipPath>   <\/defs>   <g id=\"RVB_3l4_CERCLE_3_ROSE\">     <g class=\"cls-4\">       <g class=\"cls-3\">         <path class=\"cls-1\" d=\"M70.86,141.73C31.73,141.73,0,110,0,70.86S31.73,0,70.86,0s70.86,31.73,70.86,70.86h-31.06c-2.28,0-4.12-1.75-4.38-4.02-2-17.8-17.1-31.64-35.43-31.64-19.69,0-35.66,15.96-35.66,35.65s15.96,35.65,35.66,35.65v35.21Z\"><\/path>       <\/g>     <\/g>   <\/g> <\/svg><\/span><span class=\"gb-headline-text\">CELEST<\/span><\/h2>\n\n\n\n<figure class=\"wp-block-image alignwide size-full\"><img decoding=\"async\" width=\"1024\" height=\"724\" src=\"https:\/\/www.univ-lorraine.fr\/isite-lorraine\/wp-content\/uploads\/sites\/55\/2025\/09\/iel.jpeg\" alt=\"\" class=\"wp-image-407\" srcset=\"https:\/\/www.univ-lorraine.fr\/isite-lorraine\/wp-content\/uploads\/sites\/55\/2025\/09\/iel.jpeg 1024w, https:\/\/www.univ-lorraine.fr\/isite-lorraine\/wp-content\/uploads\/sites\/55\/2025\/09\/iel-300x212.jpeg 300w, https:\/\/www.univ-lorraine.fr\/isite-lorraine\/wp-content\/uploads\/sites\/55\/2025\/09\/iel-768x543.jpeg 768w\" sizes=\"(max-width: 1024px) 100vw, 1024px\" \/><\/figure>\n\n<\/div>\n\n<div class=\"gb-container gb-container-f141e91a\">\n\n<p><strong>CELEST, un CRET d\u00e9di\u00e9 aux transitions<\/strong><\/p>\n\n\n\n<p>CELEST (Center for intErdiscipLinary rEsearch and expertiSe on Transitions) f\u00e9d\u00e8re plus de 80 chercheurs en sciences humaines et sociales (SHS). Son objectif est d\u2019analyser et de comprendre les profondes transformations que traversent nos soci\u00e9t\u00e9s \u2013 qu\u2019elles soient sociales, \u00e9conomiques, juridiques, philosophiques ou territoriales.<\/p>\n\n\n<div class=\"gb-container gb-container-a4137287 toggle-bloc\">\n\n<p>Contrairement aux approches centr\u00e9es uniquement sur l\u2019innovation technologique, CELEST met en lumi\u00e8re le r\u00f4le d\u00e9terminant des SHS dans l\u2019accompagnement des transitions.<\/p>\n\n\n\n<p>Ses travaux s\u2019articulent autour de quatre grands axes :<\/p>\n\n\n\n<ul class=\"wp-block-list\">\n<li>R\u00e9inventer les pratiques scientifiques face au caract\u00e8re syst\u00e9mique des transformations<\/li>\n\n\n\n<li>Analyser le renouvellement des relations entre science et politique<\/li>\n\n\n\n<li>\u00c9tudier l\u2019\u00e9volution des cadres normatifs (\u00e9thiques, juridiques) n\u00e9cessaires aux transitions<\/li>\n\n\n\n<li>Observer l\u2019impact de ces transformations sur les territoires et leurs dynamiques locales<\/li>\n<\/ul>\n\n\n\n<p>En favorisant le dialogue entre disciplines, CELEST contribue \u00e0 enrichir la r\u00e9flexion collective et \u00e0 \u00e9clairer d\u00e9cideurs publics, acteurs priv\u00e9s et citoyens sur les enjeux de demain.<\/p>\n\n\n\n<div class=\"wp-block-columns is-layout-flex wp-container-core-columns-is-layout-9d6595d7 wp-block-columns-is-layout-flex\">\n<div class=\"wp-block-column is-layout-flow wp-block-column-is-layout-flow\">\n<p><strong>Porteurs scientifiques :<\/strong><\/p>\n\n\n\n<p><strong>Samuel FEREY<\/strong><br>Bureau d\u2019Economie Th\u00e9orique et Appliqu\u00e9e &#8211; BETA<\/p>\n\n\n\n<p><br><strong>Angeliki MONNIER<\/strong><br>Centre de Recherche sur les M\u00e9diations &#8211; CREM<\/p>\n\n\n\n<p><br><strong>Gr\u00e9gory HAMEZ<\/strong><br>Centre de recherche en g\u00e9ographie &#8211; LOTERR<\/p>\n\n\n\n<p><br><strong>Guy LAPOSTOLLE<\/strong><br>Laboratoire Interuniversitaire des Sciences de l\u2019Education et de la Communication &#8211; LISEC<\/p>\n<\/div>\n\n\n\n<div class=\"wp-block-column is-layout-flow wp-block-column-is-layout-flow\">\n<p><strong>Chef de projet : <\/strong><\/p>\n\n\n\n<p><strong>Philippe DE CARVALHO<\/strong><\/p>\n<\/div>\n<\/div>\n\n<\/div>\n\n<div class=\"gb-container gb-container-5e5ad0de\">\n\n<p class=\"gb-headline gb-headline-68ede800 gb-headline-text toggle-btn\"><a href=\"https:\/\/msh-lorraine.fr\/celest-center-for-interdisciplinary-research-and-expertise-on-transitions\/\">Acc\u00e8s au site de CELEST<\/a><\/p>\n\n<\/div>\n<\/div>\n<\/div>\n\n<div class=\"gb-container gb-container-55ba4227\" id=\"ia-airel\">\n<div class=\"gb-container gb-container-05beb226\">\n\n<h2 class=\"gb-headline gb-headline-474a9e2d\"><span class=\"gb-icon\"><svg id=\"Calquea_1\" data-name=\"Calque 1\" xmlns=\"http:\/\/www.w3.org\/2000\/svg\" xmlns:xlink=\"http:\/\/www.w3.org\/1999\/xlink\" viewBox=\"0 0 141.73 141.73\">   <defs>     <style>       <\/style>     <clipPath id=\"clippath\">       <rect class=\"cls-2\" width=\"141.73\" height=\"141.73\"><\/rect>     <\/clipPath>     <clipPath id=\"clippath-1\">       <rect class=\"cls-2\" width=\"141.73\" height=\"141.73\"><\/rect>     <\/clipPath>   <\/defs>   <g id=\"RVB_3l4_CERCLE_3_ROSE\">     <g class=\"cls-4\">       <g class=\"cls-3\">         <path class=\"cls-1\" d=\"M70.86,141.73C31.73,141.73,0,110,0,70.86S31.73,0,70.86,0s70.86,31.73,70.86,70.86h-31.06c-2.28,0-4.12-1.75-4.38-4.02-2-17.8-17.1-31.64-35.43-31.64-19.69,0-35.66,15.96-35.66,35.65s15.96,35.65,35.66,35.65v35.21Z\"><\/path>       <\/g>     <\/g>   <\/g> <\/svg><\/span><span class=\"gb-headline-text\">IA AIREL<\/span><\/h2>\n\n<\/div>\n\n<div class=\"gb-container gb-container-09a8a3c3\">\n\n<p>En construction<\/p>\n\n<\/div>\n<\/div>\n<\/div>\n\n\n<p><\/p>\n","protected":false},"excerpt":{"rendered":"<p>Les CRET (Centres de recherche et d\u2019expertise transversaux) sont des structures interdisciplinaires cr\u00e9\u00e9es dans le cadre de l\u2019Initiative d\u2019Excellence Lorraine. Leur mission est de rassembler chercheurs et experts de diff\u00e9rents horizons afin d\u2019apporter des \u00e9clairages crois\u00e9s sur les grands d\u00e9fis contemporains. Chaque CRET se consacre \u00e0 une th\u00e9matique sp\u00e9cifique et a pour vocation de stimuler &#8230; <a title=\"Nos centres de recherche transversaux (CRET)\" class=\"read-more\" href=\"https:\/\/www.univ-lorraine.fr\/isite-lorraine\/interdisciplinarite\/nos-centres-de-recherche-transversaux-cret\/\" aria-label=\"En savoir plus sur Nos centres de recherche transversaux (CRET)\">Lire plus<\/a><\/p>\n","protected":false},"author":10,"featured_media":0,"parent":1009,"menu_order":0,"comment_status":"closed","ping_status":"closed","template":"","meta":{"inline_featured_image":false,"footnotes":""},"class_list":["post-332","page","type-page","status-publish"],"yoast_head":"<!-- This site is optimized with the Yoast SEO plugin v27.4 - https:\/\/yoast.com\/product\/yoast-seo-wordpress\/ -->\n<title>Nos centres de recherche transversaux (CRET) - Isite Lorraine<\/title>\n<meta name=\"robots\" content=\"index, follow, max-snippet:-1, max-image-preview:large, max-video-preview:-1\" \/>\n<link rel=\"canonical\" href=\"https:\/\/www.univ-lorraine.fr\/isite-lorraine\/interdisciplinarite\/nos-centres-de-recherche-transversaux-cret\/\" \/>\n<meta property=\"og:locale\" content=\"fr_FR\" \/>\n<meta property=\"og:type\" content=\"article\" \/>\n<meta property=\"og:title\" content=\"Nos centres de recherche transversaux (CRET) - Isite Lorraine\" \/>\n<meta property=\"og:description\" content=\"Les CRET (Centres de recherche et d\u2019expertise transversaux) sont des structures interdisciplinaires cr\u00e9\u00e9es dans le cadre de l\u2019Initiative d\u2019Excellence Lorraine. Leur mission est de rassembler chercheurs et experts de diff\u00e9rents horizons afin d\u2019apporter des \u00e9clairages crois\u00e9s sur les grands d\u00e9fis contemporains. Chaque CRET se consacre \u00e0 une th\u00e9matique sp\u00e9cifique et a pour vocation de stimuler ... Lire plus\" \/>\n<meta property=\"og:url\" content=\"https:\/\/www.univ-lorraine.fr\/isite-lorraine\/interdisciplinarite\/nos-centres-de-recherche-transversaux-cret\/\" \/>\n<meta property=\"og:site_name\" content=\"Isite Lorraine\" \/>\n<meta property=\"article:modified_time\" content=\"2026-02-18T14:57:56+00:00\" \/>\n<meta property=\"og:image\" content=\"https:\/\/www.univ-lorraine.fr\/isite-lorraine\/wp-content\/uploads\/sites\/55\/2025\/09\/iel.jpeg\" \/>\n\t<meta property=\"og:image:width\" content=\"1024\" \/>\n\t<meta property=\"og:image:height\" content=\"724\" \/>\n\t<meta property=\"og:image:type\" content=\"image\/jpeg\" \/>\n<meta name=\"twitter:card\" content=\"summary_large_image\" \/>\n<meta name=\"twitter:label1\" content=\"Dur\u00e9e de lecture estim\u00e9e\" \/>\n\t<meta name=\"twitter:data1\" content=\"2 minutes\" \/>\n<script type=\"application\/ld+json\" class=\"yoast-schema-graph\">{\"@context\":\"https:\\\/\\\/schema.org\",\"@graph\":[{\"@type\":\"WebPage\",\"@id\":\"https:\\\/\\\/www.univ-lorraine.fr\\\/isite-lorraine\\\/interdisciplinarite\\\/nos-centres-de-recherche-transversaux-cret\\\/\",\"url\":\"https:\\\/\\\/www.univ-lorraine.fr\\\/isite-lorraine\\\/interdisciplinarite\\\/nos-centres-de-recherche-transversaux-cret\\\/\",\"name\":\"Nos centres de recherche transversaux (CRET) - Isite Lorraine\",\"isPartOf\":{\"@id\":\"https:\\\/\\\/www.univ-lorraine.fr\\\/isite-lorraine\\\/#website\"},\"primaryImageOfPage\":{\"@id\":\"https:\\\/\\\/www.univ-lorraine.fr\\\/isite-lorraine\\\/interdisciplinarite\\\/nos-centres-de-recherche-transversaux-cret\\\/#primaryimage\"},\"image\":{\"@id\":\"https:\\\/\\\/www.univ-lorraine.fr\\\/isite-lorraine\\\/interdisciplinarite\\\/nos-centres-de-recherche-transversaux-cret\\\/#primaryimage\"},\"thumbnailUrl\":\"https:\\\/\\\/www.univ-lorraine.fr\\\/isite-lorraine\\\/wp-content\\\/uploads\\\/sites\\\/55\\\/2025\\\/09\\\/iel.jpeg\",\"datePublished\":\"2025-09-12T15:07:46+00:00\",\"dateModified\":\"2026-02-18T14:57:56+00:00\",\"breadcrumb\":{\"@id\":\"https:\\\/\\\/www.univ-lorraine.fr\\\/isite-lorraine\\\/interdisciplinarite\\\/nos-centres-de-recherche-transversaux-cret\\\/#breadcrumb\"},\"inLanguage\":\"fr-FR\",\"potentialAction\":[{\"@type\":\"ReadAction\",\"target\":[\"https:\\\/\\\/www.univ-lorraine.fr\\\/isite-lorraine\\\/interdisciplinarite\\\/nos-centres-de-recherche-transversaux-cret\\\/\"]}]},{\"@type\":\"ImageObject\",\"inLanguage\":\"fr-FR\",\"@id\":\"https:\\\/\\\/www.univ-lorraine.fr\\\/isite-lorraine\\\/interdisciplinarite\\\/nos-centres-de-recherche-transversaux-cret\\\/#primaryimage\",\"url\":\"https:\\\/\\\/www.univ-lorraine.fr\\\/isite-lorraine\\\/wp-content\\\/uploads\\\/sites\\\/55\\\/2025\\\/09\\\/iel.jpeg\",\"contentUrl\":\"https:\\\/\\\/www.univ-lorraine.fr\\\/isite-lorraine\\\/wp-content\\\/uploads\\\/sites\\\/55\\\/2025\\\/09\\\/iel.jpeg\",\"width\":1024,\"height\":724,\"caption\":\"Concept.\"},{\"@type\":\"BreadcrumbList\",\"@id\":\"https:\\\/\\\/www.univ-lorraine.fr\\\/isite-lorraine\\\/interdisciplinarite\\\/nos-centres-de-recherche-transversaux-cret\\\/#breadcrumb\",\"itemListElement\":[{\"@type\":\"ListItem\",\"position\":1,\"name\":\"Accueil\",\"item\":\"https:\\\/\\\/www.univ-lorraine.fr\\\/isite-lorraine\\\/\"},{\"@type\":\"ListItem\",\"position\":2,\"name\":\"Interdisciplinarit\u00e9\",\"item\":\"https:\\\/\\\/www.univ-lorraine.fr\\\/isite-lorraine\\\/interdisciplinarite\\\/\"},{\"@type\":\"ListItem\",\"position\":3,\"name\":\"Nos centres de recherche transversaux (CRET)\"}]},{\"@type\":\"WebSite\",\"@id\":\"https:\\\/\\\/www.univ-lorraine.fr\\\/isite-lorraine\\\/#website\",\"url\":\"https:\\\/\\\/www.univ-lorraine.fr\\\/isite-lorraine\\\/\",\"name\":\"Isite Lorraine\",\"description\":\"Faire dialoguer les savoirs, c\u2019est innover\",\"publisher\":{\"@id\":\"https:\\\/\\\/www.univ-lorraine.fr\\\/isite-lorraine\\\/#organization\"},\"potentialAction\":[{\"@type\":\"SearchAction\",\"target\":{\"@type\":\"EntryPoint\",\"urlTemplate\":\"https:\\\/\\\/www.univ-lorraine.fr\\\/isite-lorraine\\\/?s={search_term_string}\"},\"query-input\":{\"@type\":\"PropertyValueSpecification\",\"valueRequired\":true,\"valueName\":\"search_term_string\"}}],\"inLanguage\":\"fr-FR\"},{\"@type\":\"Organization\",\"@id\":\"https:\\\/\\\/www.univ-lorraine.fr\\\/isite-lorraine\\\/#organization\",\"name\":\"Universit\u00e9 de Lorraine\",\"url\":\"https:\\\/\\\/www.univ-lorraine.fr\\\/isite-lorraine\\\/\",\"logo\":{\"@type\":\"ImageObject\",\"inLanguage\":\"fr-FR\",\"@id\":\"https:\\\/\\\/www.univ-lorraine.fr\\\/isite-lorraine\\\/#\\\/schema\\\/logo\\\/image\\\/\",\"url\":\"https:\\\/\\\/www.univ-lorraine.fr\\\/isite-lorraine\\\/wp-content\\\/uploads\\\/sites\\\/55\\\/2021\\\/01\\\/LOGO_UL.png\",\"contentUrl\":\"https:\\\/\\\/www.univ-lorraine.fr\\\/isite-lorraine\\\/wp-content\\\/uploads\\\/sites\\\/55\\\/2021\\\/01\\\/LOGO_UL.png\",\"width\":138,\"height\":48,\"caption\":\"Universit\u00e9 de Lorraine\"},\"image\":{\"@id\":\"https:\\\/\\\/www.univ-lorraine.fr\\\/isite-lorraine\\\/#\\\/schema\\\/logo\\\/image\\\/\"}}]}<\/script>\n<!-- \/ Yoast SEO plugin. -->","yoast_head_json":{"title":"Nos centres de recherche transversaux (CRET) - Isite Lorraine","robots":{"index":"index","follow":"follow","max-snippet":"max-snippet:-1","max-image-preview":"max-image-preview:large","max-video-preview":"max-video-preview:-1"},"canonical":"https:\/\/www.univ-lorraine.fr\/isite-lorraine\/interdisciplinarite\/nos-centres-de-recherche-transversaux-cret\/","og_locale":"fr_FR","og_type":"article","og_title":"Nos centres de recherche transversaux (CRET) - Isite Lorraine","og_description":"Les CRET (Centres de recherche et d\u2019expertise transversaux) sont des structures interdisciplinaires cr\u00e9\u00e9es dans le cadre de l\u2019Initiative d\u2019Excellence Lorraine. Leur mission est de rassembler chercheurs et experts de diff\u00e9rents horizons afin d\u2019apporter des \u00e9clairages crois\u00e9s sur les grands d\u00e9fis contemporains. Chaque CRET se consacre \u00e0 une th\u00e9matique sp\u00e9cifique et a pour vocation de stimuler ... Lire plus","og_url":"https:\/\/www.univ-lorraine.fr\/isite-lorraine\/interdisciplinarite\/nos-centres-de-recherche-transversaux-cret\/","og_site_name":"Isite Lorraine","article_modified_time":"2026-02-18T14:57:56+00:00","og_image":[{"width":1024,"height":724,"url":"https:\/\/www.univ-lorraine.fr\/isite-lorraine\/wp-content\/uploads\/sites\/55\/2025\/09\/iel.jpeg","type":"image\/jpeg"}],"twitter_card":"summary_large_image","twitter_misc":{"Dur\u00e9e de lecture estim\u00e9e":"2 minutes"},"schema":{"@context":"https:\/\/schema.org","@graph":[{"@type":"WebPage","@id":"https:\/\/www.univ-lorraine.fr\/isite-lorraine\/interdisciplinarite\/nos-centres-de-recherche-transversaux-cret\/","url":"https:\/\/www.univ-lorraine.fr\/isite-lorraine\/interdisciplinarite\/nos-centres-de-recherche-transversaux-cret\/","name":"Nos centres de recherche transversaux (CRET) - Isite Lorraine","isPartOf":{"@id":"https:\/\/www.univ-lorraine.fr\/isite-lorraine\/#website"},"primaryImageOfPage":{"@id":"https:\/\/www.univ-lorraine.fr\/isite-lorraine\/interdisciplinarite\/nos-centres-de-recherche-transversaux-cret\/#primaryimage"},"image":{"@id":"https:\/\/www.univ-lorraine.fr\/isite-lorraine\/interdisciplinarite\/nos-centres-de-recherche-transversaux-cret\/#primaryimage"},"thumbnailUrl":"https:\/\/www.univ-lorraine.fr\/isite-lorraine\/wp-content\/uploads\/sites\/55\/2025\/09\/iel.jpeg","datePublished":"2025-09-12T15:07:46+00:00","dateModified":"2026-02-18T14:57:56+00:00","breadcrumb":{"@id":"https:\/\/www.univ-lorraine.fr\/isite-lorraine\/interdisciplinarite\/nos-centres-de-recherche-transversaux-cret\/#breadcrumb"},"inLanguage":"fr-FR","potentialAction":[{"@type":"ReadAction","target":["https:\/\/www.univ-lorraine.fr\/isite-lorraine\/interdisciplinarite\/nos-centres-de-recherche-transversaux-cret\/"]}]},{"@type":"ImageObject","inLanguage":"fr-FR","@id":"https:\/\/www.univ-lorraine.fr\/isite-lorraine\/interdisciplinarite\/nos-centres-de-recherche-transversaux-cret\/#primaryimage","url":"https:\/\/www.univ-lorraine.fr\/isite-lorraine\/wp-content\/uploads\/sites\/55\/2025\/09\/iel.jpeg","contentUrl":"https:\/\/www.univ-lorraine.fr\/isite-lorraine\/wp-content\/uploads\/sites\/55\/2025\/09\/iel.jpeg","width":1024,"height":724,"caption":"Concept."},{"@type":"BreadcrumbList","@id":"https:\/\/www.univ-lorraine.fr\/isite-lorraine\/interdisciplinarite\/nos-centres-de-recherche-transversaux-cret\/#breadcrumb","itemListElement":[{"@type":"ListItem","position":1,"name":"Accueil","item":"https:\/\/www.univ-lorraine.fr\/isite-lorraine\/"},{"@type":"ListItem","position":2,"name":"Interdisciplinarit\u00e9","item":"https:\/\/www.univ-lorraine.fr\/isite-lorraine\/interdisciplinarite\/"},{"@type":"ListItem","position":3,"name":"Nos centres de recherche transversaux (CRET)"}]},{"@type":"WebSite","@id":"https:\/\/www.univ-lorraine.fr\/isite-lorraine\/#website","url":"https:\/\/www.univ-lorraine.fr\/isite-lorraine\/","name":"Isite Lorraine","description":"Faire dialoguer les savoirs, c\u2019est innover","publisher":{"@id":"https:\/\/www.univ-lorraine.fr\/isite-lorraine\/#organization"},"potentialAction":[{"@type":"SearchAction","target":{"@type":"EntryPoint","urlTemplate":"https:\/\/www.univ-lorraine.fr\/isite-lorraine\/?s={search_term_string}"},"query-input":{"@type":"PropertyValueSpecification","valueRequired":true,"valueName":"search_term_string"}}],"inLanguage":"fr-FR"},{"@type":"Organization","@id":"https:\/\/www.univ-lorraine.fr\/isite-lorraine\/#organization","name":"Universit\u00e9 de Lorraine","url":"https:\/\/www.univ-lorraine.fr\/isite-lorraine\/","logo":{"@type":"ImageObject","inLanguage":"fr-FR","@id":"https:\/\/www.univ-lorraine.fr\/isite-lorraine\/#\/schema\/logo\/image\/","url":"https:\/\/www.univ-lorraine.fr\/isite-lorraine\/wp-content\/uploads\/sites\/55\/2021\/01\/LOGO_UL.png","contentUrl":"https:\/\/www.univ-lorraine.fr\/isite-lorraine\/wp-content\/uploads\/sites\/55\/2021\/01\/LOGO_UL.png","width":138,"height":48,"caption":"Universit\u00e9 de Lorraine"},"image":{"@id":"https:\/\/www.univ-lorraine.fr\/isite-lorraine\/#\/schema\/logo\/image\/"}}]}},"_links":{"self":[{"href":"https:\/\/www.univ-lorraine.fr\/isite-lorraine\/wp-json\/wp\/v2\/pages\/332","targetHints":{"allow":["GET"]}}],"collection":[{"href":"https:\/\/www.univ-lorraine.fr\/isite-lorraine\/wp-json\/wp\/v2\/pages"}],"about":[{"href":"https:\/\/www.univ-lorraine.fr\/isite-lorraine\/wp-json\/wp\/v2\/types\/page"}],"author":[{"embeddable":true,"href":"https:\/\/www.univ-lorraine.fr\/isite-lorraine\/wp-json\/wp\/v2\/users\/10"}],"replies":[{"embeddable":true,"href":"https:\/\/www.univ-lorraine.fr\/isite-lorraine\/wp-json\/wp\/v2\/comments?post=332"}],"version-history":[{"count":11,"href":"https:\/\/www.univ-lorraine.fr\/isite-lorraine\/wp-json\/wp\/v2\/pages\/332\/revisions"}],"predecessor-version":[{"id":2024,"href":"https:\/\/www.univ-lorraine.fr\/isite-lorraine\/wp-json\/wp\/v2\/pages\/332\/revisions\/2024"}],"up":[{"embeddable":true,"href":"https:\/\/www.univ-lorraine.fr\/isite-lorraine\/wp-json\/wp\/v2\/pages\/1009"}],"wp:attachment":[{"href":"https:\/\/www.univ-lorraine.fr\/isite-lorraine\/wp-json\/wp\/v2\/media?parent=332"}],"curies":[{"name":"wp","href":"https:\/\/api.w.org\/{rel}","templated":true}]}}