{"id":435,"date":"2025-09-16T09:39:15","date_gmt":"2025-09-16T07:39:15","guid":{"rendered":"https:\/\/www.univ-lorraine.fr\/isite-lorraine\/?page_id=435"},"modified":"2025-10-22T15:40:53","modified_gmt":"2025-10-22T13:40:53","slug":"initiative-dexcellence-lorraine","status":"publish","type":"page","link":"https:\/\/www.univ-lorraine.fr\/isite-lorraine\/initiative-dexcellence-lorraine\/","title":{"rendered":"Initiative d&rsquo;Excellence Lorraine"},"content":{"rendered":"<div class=\"gb-container gb-container-d56b6ddc\">\n\n<p id=\"block-13681b98-a229-4eef-83aa-f0a971408216\"><strong>Obtenue en 2016 et p\u00e9rennis\u00e9e en 2021, l\u2019Initiative d\u2019Excellence Lorraine (I-SITE Lorraine) est port\u00e9e par l\u2019Universit\u00e9 de Lorraine et sept partenaires de site : le CNRS, Inserm, INRAE, Inria, le CHRU Nancy, Georgia Tech Europe et AgroParisTech. Ensemble, ils fa\u00e7onnent un site acad\u00e9mique pluridisciplinaire singulier et ambitieux.<\/strong><\/p>\n\n\n\n<p id=\"block-a90277ba-c039-42a8-b84c-29d562a9b3ae\">Avec 60 000 \u00e9tudiants (dont 6 500 \u00e9l\u00e8ves ing\u00e9nieurs) et plus de 4 900 enseignants-chercheurs, l\u2019Universit\u00e9 de Lorraine constitue le premier p\u00f4le de formation d\u2019ing\u00e9nieurs en France.<\/p>\n\n\n\n<p id=\"block-7b639cc5-2858-4edc-8848-07b5fe43fdb4\">Le site est \u00e9galement reconnu comme un p\u00f4le entrepreneuriat de premier ordre, couvrant un spectre large d\u2019initiatives impliquant l\u2019ensemble de la communaut\u00e9 universitaire (chercheur.es et \u00e9tudiant.es) via le P\u00f4le Entrepreneuriat Etudiant de Lorraine (PEEL) et l\u2019Incubateur Lorrain.<\/p>\n\n\n\n<p id=\"block-42c59d41-30a4-409e-93a9-b0549b8cb38f\">Son ancrage territorial sur deux m\u00e9tropoles et douze agglom\u00e9rations en fait un acteur acad\u00e9mique fortement int\u00e9gr\u00e9 dans la soci\u00e9t\u00e9. Elle rejoint UDICE, l\u2019alliance des 10 universit\u00e9s fran\u00e7aises oeuvrant pour une recherche d\u2019excellence, la performance de l\u2019enseignement sup\u00e9rieur, et le d\u00e9veloppement d\u2019\u00e9cosyst\u00e8mes d\u2019innovation attractifs en France et en Europe.<\/p>\n\n<\/div>\n\n<div class=\"gb-container gb-container-44b0d95c\">\n<div class=\"gb-container gb-container-0ec9a084\">\n\n<h2 class=\"gb-headline gb-headline-eef2b14b\"><span class=\"gb-icon\"><svg id=\"Calquea_1\" data-name=\"Calque 1\" xmlns=\"http:\/\/www.w3.org\/2000\/svg\" xmlns:xlink=\"http:\/\/www.w3.org\/1999\/xlink\" viewBox=\"0 0 141.73 141.73\">   <defs>     <style>       <\/style>     <clipPath id=\"clippath\">       <rect class=\"cls-2\" width=\"141.73\" height=\"141.73\"><\/rect>     <\/clipPath>     <clipPath id=\"clippath-1\">       <rect class=\"cls-2\" width=\"141.73\" height=\"141.73\"><\/rect>     <\/clipPath>   <\/defs>   <g id=\"RVB_3l4_CERCLE_3_ROSE\">     <g class=\"cls-4\">       <g class=\"cls-3\">         <path class=\"cls-1\" d=\"M70.86,141.73C31.73,141.73,0,110,0,70.86S31.73,0,70.86,0s70.86,31.73,70.86,70.86h-31.06c-2.28,0-4.12-1.75-4.38-4.02-2-17.8-17.1-31.64-35.43-31.64-19.69,0-35.66,15.96-35.66,35.65s15.96,35.65,35.66,35.65v35.21Z\"><\/path>       <\/g>     <\/g>   <\/g> <\/svg><\/span><span class=\"gb-headline-text\">Le r\u00f4le central de l\u2019I-SITE lorrain<\/span><\/h2>\n\n\n\n<figure class=\"wp-block-image alignwide\"><img decoding=\"async\" src=\"https:\/\/www.univ-lorraine.fr\/isite-lorraine\/wp-content\/uploads\/sites\/55\/2025\/09\/adobestock_207053117_bd-1.jpeg\" alt=\"L\u2019attribut alt de cette image est vide, son nom de fichier est adobestock_207053117_bd-1.jpeg.\"\/><\/figure>\n\n<\/div>\n\n<div class=\"gb-container gb-container-f141e91a\">\n\n<p>L\u2019I-SITE Lorraine propose des leviers transformants et structurants au sein de l\u2019\u00e9cosyst\u00e8me, renforc\u00e9 par les moyens d\u2019autres programmes France 2030 les programmes ORION (SFRI), SIRIUS (IDEES), Education &amp; Territoires (EXCELLENCES), REIL (ASDESR), POLARIS (PUI), AILES (Territoires d\u2019innovation P\u00e9dagogiques) et PLEIADES (DemoES \/ D\u00e9monstrateurs num\u00e9riques dans l\u2019enseignement sup\u00e9rieur).<\/p>\n\n\n\n<p>Les grands projets du programme France 2030 permettent \u00e0 l&rsquo;I-SITE d&rsquo;amplifier la visibilit\u00e9 de la recherche lorraine aupr\u00e8s du grand public et de favoriser les collaborations entre la recherche et le monde socio-\u00e9conomique. Les membres de l&rsquo;I-SITE Lorraine portent ensemble 8 grands programmes France 2030. Ces projets sont notamment valoris\u00e9s \u00e0 travers la marque UNYS, qui rassemble certains membres de l&rsquo;I-Site.<\/p>\n\n\n\n<p>Plus d&rsquo;infos&nbsp;: <a href=\"https:\/\/www.unys-sciences.fr\/projets\/\">www.unys-sciences.fr\/projets\/<\/a><\/p>\n\n\n\n<p><\/p>\n\n<\/div>\n<\/div>\n\n\n<h2 class=\"gb-headline gb-headline-e4742e1f gb-headline-text\">Naturellement europ\u00e9en<\/h2>\n\n\n\n<p id=\"block-6cbc9d51-94d2-4043-b232-dd8447dbdd84\">Enfin, de par notamment de notre position g\u00e9ographique, l\u2019Universit\u00e9 de Lorraine est naturellement europ\u00e9enne&nbsp;: elle appartient \u00e0 l\u2019Universit\u00e9 de la Grande de R\u00e9gion (UniGR) regroupant sept universit\u00e9s de la r\u00e9gion transfrontali\u00e8re, ainsi qu\u2019\u00e0 l\u2019Universit\u00e9 Europ\u00e9enne EURECA-PRO portant sur la consommation et la production responsable.<\/p>\n\n\n\n<p id=\"block-dfdf4ead-2a9d-4485-811d-a401d09c67ad\">L\u2019excellence que nous d\u00e9fendons sur le site refl\u00e8te davantage des valeurs d\u2019exigence et la volont\u00e9 de favoriser une mont\u00e9e en comp\u00e9tence collective de la communaut\u00e9 acad\u00e9mique pour pr\u00e9parer l\u2019Universit\u00e9 de demain. Nous sommes \u00e9galement convaincus que les grandes innovations de demain, mais aussi toutes les formes d\u2019innovations moins exceptionnelles mais essentielles en p\u00e9riodes de grandes transitions, ne se r\u00e9aliseront qu\u2019\u00e0 l\u2019intersection de plusieurs champs disciplinaires. En ce sens, les partenaires du site lorrain souhaitent former en 2040 un mod\u00e8le reconnu d\u2019universit\u00e9 positionn\u00e9e sur une d\u00e9marche d\u2019ing\u00e9nierie globale (interdisciplinaire, compl\u00e8te et syst\u00e9mique) pour la plan\u00e8te, \u00e0 m\u00eame de contribuer au renforcement des capacit\u00e9s d\u2019action, voire de r\u00e9silience, de nos soci\u00e9t\u00e9s.<\/p>\n\n\n\n<h2 class=\"gb-headline gb-headline-ee6df100 gb-headline-text\">Les 3 PIA \u00ab\u00a0enfants\u00a0\u00bb de l\u2019Initiative d\u2019Excellence Lorraine<\/h2>\n\n\n<div class=\"gb-grid-wrapper gb-grid-wrapper-77de175b\">\n<div class=\"gb-grid-column gb-grid-column-7823e4a5\"><div class=\"gb-container gb-container-7823e4a5\">\n\n<h3 class=\"gb-headline gb-headline-89639d33 gb-headline-text\">ORION<\/h3>\n\n\n\n<p id=\"block-942b0642-4c9c-40d2-ba00-d0446cc2e70e\">Programme SFRI visant \u00e0 renforcer la formation par la recherche d\u00e8s la licence, via des bourses d\u2019excellence, des clubs \u00e9tudiants-chercheurs, des TP sur plateformes INFRA+, et des parcours interdisciplinaires.<\/p>\n\n\n\n<div class=\"wp-block-buttons is-content-justification-center is-layout-flex wp-container-core-buttons-is-layout-16018d1d wp-block-buttons-is-layout-flex\">\n<div class=\"wp-block-button\"><a class=\"wp-block-button__link wp-element-button\" href=\"https:\/\/www.univ-lorraine.fr\/isite-lorraine\/initiative-dexcellence-lorraine\/orion\/\">Le programme ORION<\/a><\/div>\n<\/div>\n\n<\/div><\/div>\n\n<div class=\"gb-grid-column gb-grid-column-10f0284b\"><div class=\"gb-container gb-container-10f0284b\">\n\n<h3 class=\"gb-headline gb-headline-9c0d75ea gb-headline-text\">SIRIUS<\/h3>\n\n\n\n<p id=\"block-5e0476fa-1251-461b-8a5c-4cf03b5c6ffd\">Programme IDEES qui structure les interactions entre universit\u00e9 et soci\u00e9t\u00e9. Il soutient l\u2019innovation ordinaire et la co-construction avec entreprises, collectivit\u00e9s et citoyens, via des dispositifs comme le Deep Change Lab et les communaut\u00e9s th\u00e9matiques.<\/p>\n\n\n\n<div class=\"wp-block-buttons is-content-justification-center is-layout-flex wp-container-core-buttons-is-layout-16018d1d wp-block-buttons-is-layout-flex\">\n<div class=\"wp-block-button\"><a class=\"wp-block-button__link wp-element-button\" href=\"https:\/\/www.univ-lorraine.fr\/isite-lorraine\/initiative-dexcellence-lorraine\/sirius\/\">Le programme Sirius<\/a><\/div>\n<\/div>\n\n<\/div><\/div>\n\n<div class=\"gb-grid-column gb-grid-column-cd4d9ee1\"><div class=\"gb-container gb-container-cd4d9ee1\">\n\n<h3 class=\"gb-headline gb-headline-f782cd3a gb-headline-text\">\u00c9ducation &amp; Territoires (E&amp;T)<\/h3>\n\n\n\n<p id=\"block-d2f2d0c3-7575-4b48-bdf0-7134fb0c65ac\">Programme ExcellencES sous toutes ses formes, qui agit sur la personnalisation des parcours \u00e9tudiants et la territorialisation de l\u2019offre de formation, tout en renfor\u00e7ant les liens science-soci\u00e9t\u00e9 (label SAPS).<\/p>\n\n\n\n<div class=\"wp-block-buttons is-content-justification-center is-layout-flex wp-container-core-buttons-is-layout-16018d1d wp-block-buttons-is-layout-flex\">\n<div class=\"wp-block-button\"><a class=\"wp-block-button__link wp-element-button\" href=\"https:\/\/www.univ-lorraine.fr\/isite-lorraine\/initiative-dexcellence-lorraine\/education-et-territoires\/\">Le programme \u00c9ducation &amp; Territoires<\/a><\/div>\n<\/div>\n\n<\/div><\/div>\n<\/div>\n\n<div class=\"gb-container gb-container-84cb5e37\">\n\n<h2 class=\"gb-headline gb-headline-22c31b55 gb-headline-text\">Historique<\/h2>\n\n\n\n<ul id=\"block-c0d1131f-e844-4ece-b54d-a2b2b72fcb15\" class=\"wp-block-list\">\n<li><strong>2007 : cr\u00e9ation du conseil de coordination du site lorrain (ex-CCOSL)&nbsp;:<\/strong> mise en place des projets du site, d\u00e9ploiement d\u2019actions collaboratives<\/li>\n\n\n\n<li><strong>2011 : Labex &amp; Equipex&nbsp;: <\/strong>structuration des forces d\u2019excellence<\/li>\n\n\n\n<li><strong>2016 : Label I-SITE&nbsp;: &nbsp;<\/strong>obtention (projet Lorraine Universit\u00e9 d\u2019Excellence)<\/li>\n\n\n\n<li><strong>2016\u20132021 : <\/strong>Phase probatoire&nbsp;: structuration des premi\u00e8res dynamiques interdisciplinaires<\/li>\n\n\n\n<li><strong>2021 : <\/strong>P\u00e9rennisation du label I-SITE (1er site fran\u00e7ais reconnu)<\/li>\n\n\n\n<li><strong>Depuis 2021 : <\/strong>D\u00e9ploiement d\u2019une strat\u00e9gie int\u00e9gr\u00e9e combinant recherche, formation, innovation et international.<\/li>\n<\/ul>\n\n<\/div>\n\n\n<p><\/p>\n","protected":false},"excerpt":{"rendered":"<p>Obtenue en 2016 et p\u00e9rennis\u00e9e en 2021, l\u2019Initiative d\u2019Excellence Lorraine (I-SITE Lorraine) est port\u00e9e par l\u2019Universit\u00e9 de Lorraine et sept partenaires de site : le CNRS, Inserm, INRAE, Inria, le CHRU Nancy, Georgia Tech Europe et AgroParisTech. Ensemble, ils fa\u00e7onnent un site acad\u00e9mique pluridisciplinaire singulier et ambitieux. Avec 60 000 \u00e9tudiants (dont 6 500 \u00e9l\u00e8ves &#8230; <a title=\"Initiative d&rsquo;Excellence Lorraine\" class=\"read-more\" href=\"https:\/\/www.univ-lorraine.fr\/isite-lorraine\/initiative-dexcellence-lorraine\/\" aria-label=\"En savoir plus sur Initiative d&rsquo;Excellence Lorraine\">Lire plus<\/a><\/p>\n","protected":false},"author":7,"featured_media":0,"parent":0,"menu_order":0,"comment_status":"closed","ping_status":"closed","template":"","meta":{"inline_featured_image":false,"footnotes":""},"class_list":["post-435","page","type-page","status-publish"],"yoast_head":"<!-- This site is optimized with the Yoast SEO plugin v27.4 - https:\/\/yoast.com\/product\/yoast-seo-wordpress\/ -->\n<title>Initiative d&#039;Excellence Lorraine - Isite Lorraine<\/title>\n<meta name=\"robots\" content=\"index, follow, max-snippet:-1, max-image-preview:large, max-video-preview:-1\" \/>\n<link rel=\"canonical\" href=\"https:\/\/www.univ-lorraine.fr\/isite-lorraine\/initiative-dexcellence-lorraine\/\" \/>\n<meta property=\"og:locale\" content=\"fr_FR\" \/>\n<meta property=\"og:type\" content=\"article\" \/>\n<meta property=\"og:title\" content=\"Initiative d&#039;Excellence Lorraine - Isite Lorraine\" \/>\n<meta property=\"og:description\" content=\"Obtenue en 2016 et p\u00e9rennis\u00e9e en 2021, l\u2019Initiative d\u2019Excellence Lorraine (I-SITE Lorraine) est port\u00e9e par l\u2019Universit\u00e9 de Lorraine et sept partenaires de site : le CNRS, Inserm, INRAE, Inria, le CHRU Nancy, Georgia Tech Europe et AgroParisTech. Ensemble, ils fa\u00e7onnent un site acad\u00e9mique pluridisciplinaire singulier et ambitieux. Avec 60 000 \u00e9tudiants (dont 6 500 \u00e9l\u00e8ves ... Lire plus\" \/>\n<meta property=\"og:url\" content=\"https:\/\/www.univ-lorraine.fr\/isite-lorraine\/initiative-dexcellence-lorraine\/\" \/>\n<meta property=\"og:site_name\" content=\"Isite Lorraine\" \/>\n<meta property=\"article:modified_time\" content=\"2025-10-22T13:40:53+00:00\" \/>\n<meta property=\"og:image\" content=\"https:\/\/www.univ-lorraine.fr\/isite-lorraine\/wp-content\/uploads\/sites\/55\/2025\/09\/adobestock_207053117_bd-1.jpeg\" \/>\n<meta name=\"twitter:card\" content=\"summary_large_image\" \/>\n<meta name=\"twitter:label1\" content=\"Dur\u00e9e de lecture estim\u00e9e\" \/>\n\t<meta name=\"twitter:data1\" content=\"4 minutes\" \/>\n<script type=\"application\/ld+json\" class=\"yoast-schema-graph\">{\"@context\":\"https:\\\/\\\/schema.org\",\"@graph\":[{\"@type\":\"WebPage\",\"@id\":\"https:\\\/\\\/www.univ-lorraine.fr\\\/isite-lorraine\\\/initiative-dexcellence-lorraine\\\/\",\"url\":\"https:\\\/\\\/www.univ-lorraine.fr\\\/isite-lorraine\\\/initiative-dexcellence-lorraine\\\/\",\"name\":\"Initiative d'Excellence Lorraine - Isite Lorraine\",\"isPartOf\":{\"@id\":\"https:\\\/\\\/www.univ-lorraine.fr\\\/isite-lorraine\\\/#website\"},\"primaryImageOfPage\":{\"@id\":\"https:\\\/\\\/www.univ-lorraine.fr\\\/isite-lorraine\\\/initiative-dexcellence-lorraine\\\/#primaryimage\"},\"image\":{\"@id\":\"https:\\\/\\\/www.univ-lorraine.fr\\\/isite-lorraine\\\/initiative-dexcellence-lorraine\\\/#primaryimage\"},\"thumbnailUrl\":\"https:\\\/\\\/www.univ-lorraine.fr\\\/isite-lorraine\\\/wp-content\\\/uploads\\\/sites\\\/55\\\/2025\\\/09\\\/adobestock_207053117_bd-1.jpeg\",\"datePublished\":\"2025-09-16T07:39:15+00:00\",\"dateModified\":\"2025-10-22T13:40:53+00:00\",\"breadcrumb\":{\"@id\":\"https:\\\/\\\/www.univ-lorraine.fr\\\/isite-lorraine\\\/initiative-dexcellence-lorraine\\\/#breadcrumb\"},\"inLanguage\":\"fr-FR\",\"potentialAction\":[{\"@type\":\"ReadAction\",\"target\":[\"https:\\\/\\\/www.univ-lorraine.fr\\\/isite-lorraine\\\/initiative-dexcellence-lorraine\\\/\"]}]},{\"@type\":\"ImageObject\",\"inLanguage\":\"fr-FR\",\"@id\":\"https:\\\/\\\/www.univ-lorraine.fr\\\/isite-lorraine\\\/initiative-dexcellence-lorraine\\\/#primaryimage\",\"url\":\"https:\\\/\\\/www.univ-lorraine.fr\\\/isite-lorraine\\\/wp-content\\\/uploads\\\/sites\\\/55\\\/2025\\\/09\\\/adobestock_207053117_bd-1.jpeg\",\"contentUrl\":\"https:\\\/\\\/www.univ-lorraine.fr\\\/isite-lorraine\\\/wp-content\\\/uploads\\\/sites\\\/55\\\/2025\\\/09\\\/adobestock_207053117_bd-1.jpeg\",\"width\":1000,\"height\":668,\"caption\":\"Graduate study abroad program for opening or expand world view concept : Graduation cap or hat, world globe, foreign text book on laptop, depicts achievement or success in online learning \\\/ education\"},{\"@type\":\"BreadcrumbList\",\"@id\":\"https:\\\/\\\/www.univ-lorraine.fr\\\/isite-lorraine\\\/initiative-dexcellence-lorraine\\\/#breadcrumb\",\"itemListElement\":[{\"@type\":\"ListItem\",\"position\":1,\"name\":\"Accueil\",\"item\":\"https:\\\/\\\/www.univ-lorraine.fr\\\/isite-lorraine\\\/\"},{\"@type\":\"ListItem\",\"position\":2,\"name\":\"Initiative d&rsquo;Excellence Lorraine\"}]},{\"@type\":\"WebSite\",\"@id\":\"https:\\\/\\\/www.univ-lorraine.fr\\\/isite-lorraine\\\/#website\",\"url\":\"https:\\\/\\\/www.univ-lorraine.fr\\\/isite-lorraine\\\/\",\"name\":\"Isite Lorraine\",\"description\":\"Faire dialoguer les savoirs, c\u2019est innover\",\"publisher\":{\"@id\":\"https:\\\/\\\/www.univ-lorraine.fr\\\/isite-lorraine\\\/#organization\"},\"potentialAction\":[{\"@type\":\"SearchAction\",\"target\":{\"@type\":\"EntryPoint\",\"urlTemplate\":\"https:\\\/\\\/www.univ-lorraine.fr\\\/isite-lorraine\\\/?s={search_term_string}\"},\"query-input\":{\"@type\":\"PropertyValueSpecification\",\"valueRequired\":true,\"valueName\":\"search_term_string\"}}],\"inLanguage\":\"fr-FR\"},{\"@type\":\"Organization\",\"@id\":\"https:\\\/\\\/www.univ-lorraine.fr\\\/isite-lorraine\\\/#organization\",\"name\":\"Universit\u00e9 de Lorraine\",\"url\":\"https:\\\/\\\/www.univ-lorraine.fr\\\/isite-lorraine\\\/\",\"logo\":{\"@type\":\"ImageObject\",\"inLanguage\":\"fr-FR\",\"@id\":\"https:\\\/\\\/www.univ-lorraine.fr\\\/isite-lorraine\\\/#\\\/schema\\\/logo\\\/image\\\/\",\"url\":\"https:\\\/\\\/www.univ-lorraine.fr\\\/isite-lorraine\\\/wp-content\\\/uploads\\\/sites\\\/55\\\/2021\\\/01\\\/LOGO_UL.png\",\"contentUrl\":\"https:\\\/\\\/www.univ-lorraine.fr\\\/isite-lorraine\\\/wp-content\\\/uploads\\\/sites\\\/55\\\/2021\\\/01\\\/LOGO_UL.png\",\"width\":138,\"height\":48,\"caption\":\"Universit\u00e9 de Lorraine\"},\"image\":{\"@id\":\"https:\\\/\\\/www.univ-lorraine.fr\\\/isite-lorraine\\\/#\\\/schema\\\/logo\\\/image\\\/\"}}]}<\/script>\n<!-- \/ Yoast SEO plugin. -->","yoast_head_json":{"title":"Initiative d'Excellence Lorraine - Isite Lorraine","robots":{"index":"index","follow":"follow","max-snippet":"max-snippet:-1","max-image-preview":"max-image-preview:large","max-video-preview":"max-video-preview:-1"},"canonical":"https:\/\/www.univ-lorraine.fr\/isite-lorraine\/initiative-dexcellence-lorraine\/","og_locale":"fr_FR","og_type":"article","og_title":"Initiative d'Excellence Lorraine - Isite Lorraine","og_description":"Obtenue en 2016 et p\u00e9rennis\u00e9e en 2021, l\u2019Initiative d\u2019Excellence Lorraine (I-SITE Lorraine) est port\u00e9e par l\u2019Universit\u00e9 de Lorraine et sept partenaires de site : le CNRS, Inserm, INRAE, Inria, le CHRU Nancy, Georgia Tech Europe et AgroParisTech. Ensemble, ils fa\u00e7onnent un site acad\u00e9mique pluridisciplinaire singulier et ambitieux. Avec 60 000 \u00e9tudiants (dont 6 500 \u00e9l\u00e8ves ... Lire plus","og_url":"https:\/\/www.univ-lorraine.fr\/isite-lorraine\/initiative-dexcellence-lorraine\/","og_site_name":"Isite Lorraine","article_modified_time":"2025-10-22T13:40:53+00:00","og_image":[{"url":"https:\/\/www.univ-lorraine.fr\/isite-lorraine\/wp-content\/uploads\/sites\/55\/2025\/09\/adobestock_207053117_bd-1.jpeg","type":"","width":"","height":""}],"twitter_card":"summary_large_image","twitter_misc":{"Dur\u00e9e de lecture estim\u00e9e":"4 minutes"},"schema":{"@context":"https:\/\/schema.org","@graph":[{"@type":"WebPage","@id":"https:\/\/www.univ-lorraine.fr\/isite-lorraine\/initiative-dexcellence-lorraine\/","url":"https:\/\/www.univ-lorraine.fr\/isite-lorraine\/initiative-dexcellence-lorraine\/","name":"Initiative d'Excellence Lorraine - Isite Lorraine","isPartOf":{"@id":"https:\/\/www.univ-lorraine.fr\/isite-lorraine\/#website"},"primaryImageOfPage":{"@id":"https:\/\/www.univ-lorraine.fr\/isite-lorraine\/initiative-dexcellence-lorraine\/#primaryimage"},"image":{"@id":"https:\/\/www.univ-lorraine.fr\/isite-lorraine\/initiative-dexcellence-lorraine\/#primaryimage"},"thumbnailUrl":"https:\/\/www.univ-lorraine.fr\/isite-lorraine\/wp-content\/uploads\/sites\/55\/2025\/09\/adobestock_207053117_bd-1.jpeg","datePublished":"2025-09-16T07:39:15+00:00","dateModified":"2025-10-22T13:40:53+00:00","breadcrumb":{"@id":"https:\/\/www.univ-lorraine.fr\/isite-lorraine\/initiative-dexcellence-lorraine\/#breadcrumb"},"inLanguage":"fr-FR","potentialAction":[{"@type":"ReadAction","target":["https:\/\/www.univ-lorraine.fr\/isite-lorraine\/initiative-dexcellence-lorraine\/"]}]},{"@type":"ImageObject","inLanguage":"fr-FR","@id":"https:\/\/www.univ-lorraine.fr\/isite-lorraine\/initiative-dexcellence-lorraine\/#primaryimage","url":"https:\/\/www.univ-lorraine.fr\/isite-lorraine\/wp-content\/uploads\/sites\/55\/2025\/09\/adobestock_207053117_bd-1.jpeg","contentUrl":"https:\/\/www.univ-lorraine.fr\/isite-lorraine\/wp-content\/uploads\/sites\/55\/2025\/09\/adobestock_207053117_bd-1.jpeg","width":1000,"height":668,"caption":"Graduate study abroad program for opening or expand world view concept : Graduation cap or hat, world globe, foreign text book on laptop, depicts achievement or success in online learning \/ education"},{"@type":"BreadcrumbList","@id":"https:\/\/www.univ-lorraine.fr\/isite-lorraine\/initiative-dexcellence-lorraine\/#breadcrumb","itemListElement":[{"@type":"ListItem","position":1,"name":"Accueil","item":"https:\/\/www.univ-lorraine.fr\/isite-lorraine\/"},{"@type":"ListItem","position":2,"name":"Initiative d&rsquo;Excellence Lorraine"}]},{"@type":"WebSite","@id":"https:\/\/www.univ-lorraine.fr\/isite-lorraine\/#website","url":"https:\/\/www.univ-lorraine.fr\/isite-lorraine\/","name":"Isite Lorraine","description":"Faire dialoguer les savoirs, c\u2019est innover","publisher":{"@id":"https:\/\/www.univ-lorraine.fr\/isite-lorraine\/#organization"},"potentialAction":[{"@type":"SearchAction","target":{"@type":"EntryPoint","urlTemplate":"https:\/\/www.univ-lorraine.fr\/isite-lorraine\/?s={search_term_string}"},"query-input":{"@type":"PropertyValueSpecification","valueRequired":true,"valueName":"search_term_string"}}],"inLanguage":"fr-FR"},{"@type":"Organization","@id":"https:\/\/www.univ-lorraine.fr\/isite-lorraine\/#organization","name":"Universit\u00e9 de Lorraine","url":"https:\/\/www.univ-lorraine.fr\/isite-lorraine\/","logo":{"@type":"ImageObject","inLanguage":"fr-FR","@id":"https:\/\/www.univ-lorraine.fr\/isite-lorraine\/#\/schema\/logo\/image\/","url":"https:\/\/www.univ-lorraine.fr\/isite-lorraine\/wp-content\/uploads\/sites\/55\/2021\/01\/LOGO_UL.png","contentUrl":"https:\/\/www.univ-lorraine.fr\/isite-lorraine\/wp-content\/uploads\/sites\/55\/2021\/01\/LOGO_UL.png","width":138,"height":48,"caption":"Universit\u00e9 de Lorraine"},"image":{"@id":"https:\/\/www.univ-lorraine.fr\/isite-lorraine\/#\/schema\/logo\/image\/"}}]}},"_links":{"self":[{"href":"https:\/\/www.univ-lorraine.fr\/isite-lorraine\/wp-json\/wp\/v2\/pages\/435","targetHints":{"allow":["GET"]}}],"collection":[{"href":"https:\/\/www.univ-lorraine.fr\/isite-lorraine\/wp-json\/wp\/v2\/pages"}],"about":[{"href":"https:\/\/www.univ-lorraine.fr\/isite-lorraine\/wp-json\/wp\/v2\/types\/page"}],"author":[{"embeddable":true,"href":"https:\/\/www.univ-lorraine.fr\/isite-lorraine\/wp-json\/wp\/v2\/users\/7"}],"replies":[{"embeddable":true,"href":"https:\/\/www.univ-lorraine.fr\/isite-lorraine\/wp-json\/wp\/v2\/comments?post=435"}],"version-history":[{"count":18,"href":"https:\/\/www.univ-lorraine.fr\/isite-lorraine\/wp-json\/wp\/v2\/pages\/435\/revisions"}],"predecessor-version":[{"id":1490,"href":"https:\/\/www.univ-lorraine.fr\/isite-lorraine\/wp-json\/wp\/v2\/pages\/435\/revisions\/1490"}],"wp:attachment":[{"href":"https:\/\/www.univ-lorraine.fr\/isite-lorraine\/wp-json\/wp\/v2\/media?parent=435"}],"curies":[{"name":"wp","href":"https:\/\/api.w.org\/{rel}","templated":true}]}}