{"id":645,"date":"2025-09-17T11:33:03","date_gmt":"2025-09-17T09:33:03","guid":{"rendered":"https:\/\/www.univ-lorraine.fr\/isite-lorraine\/?page_id=645"},"modified":"2025-09-24T11:33:14","modified_gmt":"2025-09-24T09:33:14","slug":"results","status":"publish","type":"page","link":"https:\/\/www.univ-lorraine.fr\/isite-lorraine\/en\/calls-for-projects\/results\/","title":{"rendered":"Results"},"content":{"rendered":"<p>Aucun contenu n\u2019a \u00e9t\u00e9 trouv\u00e9.<\/p>\n\n\n<div class=\"gb-container gb-container-694e5418\">\n\n<h2 class=\"gb-headline gb-headline-b2646520 gb-headline-text\">Partial results only<\/h2>\n\n\n\n<p><a href=\"https:\/\/www.univ-lorraine.fr\/isite-lorraine\/appels-a-projets\/resultats\/\">See all results <\/a>(french version).<\/p>\n\n<\/div>\n\n\n<p><\/p>\n\n\n\n<div class=\"wp-block-pb-accordion-item c-accordion__item js-accordion-item no-js\" data-initially-open=\"false\" data-click-to-close=\"true\" data-auto-close=\"true\" data-scroll=\"false\" data-scroll-offset=\"0\"><h2 id=\"at-6450\" class=\"c-accordion__title js-accordion-controller\" role=\"button\">Calls for projects waiting for results<\/h2><div id=\"ac-6450\" class=\"c-accordion__content\"><div class=\"appel-projet-liste\">\r\n\t<h2 class=\"titre\"><a href=\"https:\/\/www.univ-lorraine.fr\/isite-lorraine\/en\/appel-a-projets\/call-dream-doctor-explore-and-achieve-more-chapter-18\/\">Call DrEAM (Doctor, Explore and Achieve More !) &#8211; Chapter 18<\/a><\/h2>\r\n\t<p class=\"date-de-publication\">Publi\u00e9 le  2025-09-22 16:26:13<\/p>\r\n\t<div class=\"resume\">\r\n\t\t\r\n\t\t<a title=\"Call DrEAM (Doctor, Explore and Achieve More !) &#8211; Chapter 18\" class=\"read-more\" href=\"https:\/\/www.univ-lorraine.fr\/isite-lorraine\/en\/appel-a-projets\/call-dream-doctor-explore-and-achieve-more-chapter-18\/\" aria-label=\"En savoir plus sur Call DrEAM (Doctor, Explore and Achieve More !) &#8211; Chapter 18\">Lire plus<\/a>\r\n\t<\/div>\r\n\t\r\n\t\t<div class=\"date\">\r\n\t\t\t<p>R\u00e9ponse possible jusqu&rsquo;au 14\/11\/2025<\/p>\r\n\t\t<\/div>\r\n\t\r\n\t\r\n<\/div>\n\n\n<p><\/p>\n<\/div><\/div>\n","protected":false},"excerpt":{"rendered":"<p>Partial results only See all results (french version).<\/p>\n","protected":false},"author":7,"featured_media":0,"parent":567,"menu_order":0,"comment_status":"closed","ping_status":"closed","template":"","meta":{"inline_featured_image":false,"footnotes":""},"class_list":["post-645","page","type-page","status-publish"],"yoast_head":"<!-- This site is optimized with the Yoast SEO plugin v27.4 - https:\/\/yoast.com\/product\/yoast-seo-wordpress\/ -->\n<title>Results - Isite Lorraine<\/title>\n<meta name=\"robots\" content=\"index, follow, max-snippet:-1, max-image-preview:large, max-video-preview:-1\" \/>\n<link rel=\"canonical\" href=\"https:\/\/www.univ-lorraine.fr\/isite-lorraine\/en\/calls-for-projects\/results\/\" \/>\n<meta property=\"og:locale\" content=\"fr_FR\" \/>\n<meta property=\"og:type\" content=\"article\" \/>\n<meta property=\"og:title\" content=\"Results - Isite Lorraine\" \/>\n<meta property=\"og:description\" content=\"Partial results only See all results (french version).\" \/>\n<meta property=\"og:url\" content=\"https:\/\/www.univ-lorraine.fr\/isite-lorraine\/en\/calls-for-projects\/results\/\" \/>\n<meta property=\"og:site_name\" content=\"Isite Lorraine\" \/>\n<meta property=\"article:modified_time\" content=\"2025-09-24T09:33:14+00:00\" \/>\n<meta name=\"twitter:card\" content=\"summary_large_image\" \/>\n<script type=\"application\/ld+json\" class=\"yoast-schema-graph\">{\"@context\":\"https:\\\/\\\/schema.org\",\"@graph\":[{\"@type\":\"WebPage\",\"@id\":\"https:\\\/\\\/www.univ-lorraine.fr\\\/isite-lorraine\\\/en\\\/calls-for-projects\\\/results\\\/\",\"url\":\"https:\\\/\\\/www.univ-lorraine.fr\\\/isite-lorraine\\\/en\\\/calls-for-projects\\\/results\\\/\",\"name\":\"Results - Isite Lorraine\",\"isPartOf\":{\"@id\":\"https:\\\/\\\/www.univ-lorraine.fr\\\/isite-lorraine\\\/#website\"},\"datePublished\":\"2025-09-17T09:33:03+00:00\",\"dateModified\":\"2025-09-24T09:33:14+00:00\",\"breadcrumb\":{\"@id\":\"https:\\\/\\\/www.univ-lorraine.fr\\\/isite-lorraine\\\/en\\\/calls-for-projects\\\/results\\\/#breadcrumb\"},\"inLanguage\":\"fr-FR\",\"potentialAction\":[{\"@type\":\"ReadAction\",\"target\":[\"https:\\\/\\\/www.univ-lorraine.fr\\\/isite-lorraine\\\/en\\\/calls-for-projects\\\/results\\\/\"]}]},{\"@type\":\"BreadcrumbList\",\"@id\":\"https:\\\/\\\/www.univ-lorraine.fr\\\/isite-lorraine\\\/en\\\/calls-for-projects\\\/results\\\/#breadcrumb\",\"itemListElement\":[{\"@type\":\"ListItem\",\"position\":1,\"name\":\"Accueil\",\"item\":\"https:\\\/\\\/www.univ-lorraine.fr\\\/isite-lorraine\\\/\"},{\"@type\":\"ListItem\",\"position\":2,\"name\":\"Calls for projects\",\"item\":\"https:\\\/\\\/www.univ-lorraine.fr\\\/isite-lorraine\\\/en\\\/calls-for-projects\\\/\"},{\"@type\":\"ListItem\",\"position\":3,\"name\":\"Results\"}]},{\"@type\":\"WebSite\",\"@id\":\"https:\\\/\\\/www.univ-lorraine.fr\\\/isite-lorraine\\\/#website\",\"url\":\"https:\\\/\\\/www.univ-lorraine.fr\\\/isite-lorraine\\\/\",\"name\":\"Isite Lorraine\",\"description\":\"Faire dialoguer les savoirs, c\u2019est innover\",\"publisher\":{\"@id\":\"https:\\\/\\\/www.univ-lorraine.fr\\\/isite-lorraine\\\/#organization\"},\"potentialAction\":[{\"@type\":\"SearchAction\",\"target\":{\"@type\":\"EntryPoint\",\"urlTemplate\":\"https:\\\/\\\/www.univ-lorraine.fr\\\/isite-lorraine\\\/?s={search_term_string}\"},\"query-input\":{\"@type\":\"PropertyValueSpecification\",\"valueRequired\":true,\"valueName\":\"search_term_string\"}}],\"inLanguage\":\"fr-FR\"},{\"@type\":\"Organization\",\"@id\":\"https:\\\/\\\/www.univ-lorraine.fr\\\/isite-lorraine\\\/#organization\",\"name\":\"Universit\u00e9 de Lorraine\",\"url\":\"https:\\\/\\\/www.univ-lorraine.fr\\\/isite-lorraine\\\/\",\"logo\":{\"@type\":\"ImageObject\",\"inLanguage\":\"fr-FR\",\"@id\":\"https:\\\/\\\/www.univ-lorraine.fr\\\/isite-lorraine\\\/#\\\/schema\\\/logo\\\/image\\\/\",\"url\":\"https:\\\/\\\/www.univ-lorraine.fr\\\/isite-lorraine\\\/wp-content\\\/uploads\\\/sites\\\/55\\\/2021\\\/01\\\/LOGO_UL.png\",\"contentUrl\":\"https:\\\/\\\/www.univ-lorraine.fr\\\/isite-lorraine\\\/wp-content\\\/uploads\\\/sites\\\/55\\\/2021\\\/01\\\/LOGO_UL.png\",\"width\":138,\"height\":48,\"caption\":\"Universit\u00e9 de Lorraine\"},\"image\":{\"@id\":\"https:\\\/\\\/www.univ-lorraine.fr\\\/isite-lorraine\\\/#\\\/schema\\\/logo\\\/image\\\/\"}}]}<\/script>\n<!-- \/ Yoast SEO plugin. -->","yoast_head_json":{"title":"Results - Isite Lorraine","robots":{"index":"index","follow":"follow","max-snippet":"max-snippet:-1","max-image-preview":"max-image-preview:large","max-video-preview":"max-video-preview:-1"},"canonical":"https:\/\/www.univ-lorraine.fr\/isite-lorraine\/en\/calls-for-projects\/results\/","og_locale":"fr_FR","og_type":"article","og_title":"Results - Isite Lorraine","og_description":"Partial results only See all results (french version).","og_url":"https:\/\/www.univ-lorraine.fr\/isite-lorraine\/en\/calls-for-projects\/results\/","og_site_name":"Isite Lorraine","article_modified_time":"2025-09-24T09:33:14+00:00","twitter_card":"summary_large_image","schema":{"@context":"https:\/\/schema.org","@graph":[{"@type":"WebPage","@id":"https:\/\/www.univ-lorraine.fr\/isite-lorraine\/en\/calls-for-projects\/results\/","url":"https:\/\/www.univ-lorraine.fr\/isite-lorraine\/en\/calls-for-projects\/results\/","name":"Results - Isite Lorraine","isPartOf":{"@id":"https:\/\/www.univ-lorraine.fr\/isite-lorraine\/#website"},"datePublished":"2025-09-17T09:33:03+00:00","dateModified":"2025-09-24T09:33:14+00:00","breadcrumb":{"@id":"https:\/\/www.univ-lorraine.fr\/isite-lorraine\/en\/calls-for-projects\/results\/#breadcrumb"},"inLanguage":"fr-FR","potentialAction":[{"@type":"ReadAction","target":["https:\/\/www.univ-lorraine.fr\/isite-lorraine\/en\/calls-for-projects\/results\/"]}]},{"@type":"BreadcrumbList","@id":"https:\/\/www.univ-lorraine.fr\/isite-lorraine\/en\/calls-for-projects\/results\/#breadcrumb","itemListElement":[{"@type":"ListItem","position":1,"name":"Accueil","item":"https:\/\/www.univ-lorraine.fr\/isite-lorraine\/"},{"@type":"ListItem","position":2,"name":"Calls for projects","item":"https:\/\/www.univ-lorraine.fr\/isite-lorraine\/en\/calls-for-projects\/"},{"@type":"ListItem","position":3,"name":"Results"}]},{"@type":"WebSite","@id":"https:\/\/www.univ-lorraine.fr\/isite-lorraine\/#website","url":"https:\/\/www.univ-lorraine.fr\/isite-lorraine\/","name":"Isite Lorraine","description":"Faire dialoguer les savoirs, c\u2019est innover","publisher":{"@id":"https:\/\/www.univ-lorraine.fr\/isite-lorraine\/#organization"},"potentialAction":[{"@type":"SearchAction","target":{"@type":"EntryPoint","urlTemplate":"https:\/\/www.univ-lorraine.fr\/isite-lorraine\/?s={search_term_string}"},"query-input":{"@type":"PropertyValueSpecification","valueRequired":true,"valueName":"search_term_string"}}],"inLanguage":"fr-FR"},{"@type":"Organization","@id":"https:\/\/www.univ-lorraine.fr\/isite-lorraine\/#organization","name":"Universit\u00e9 de Lorraine","url":"https:\/\/www.univ-lorraine.fr\/isite-lorraine\/","logo":{"@type":"ImageObject","inLanguage":"fr-FR","@id":"https:\/\/www.univ-lorraine.fr\/isite-lorraine\/#\/schema\/logo\/image\/","url":"https:\/\/www.univ-lorraine.fr\/isite-lorraine\/wp-content\/uploads\/sites\/55\/2021\/01\/LOGO_UL.png","contentUrl":"https:\/\/www.univ-lorraine.fr\/isite-lorraine\/wp-content\/uploads\/sites\/55\/2021\/01\/LOGO_UL.png","width":138,"height":48,"caption":"Universit\u00e9 de Lorraine"},"image":{"@id":"https:\/\/www.univ-lorraine.fr\/isite-lorraine\/#\/schema\/logo\/image\/"}}]}},"_links":{"self":[{"href":"https:\/\/www.univ-lorraine.fr\/isite-lorraine\/wp-json\/wp\/v2\/pages\/645","targetHints":{"allow":["GET"]}}],"collection":[{"href":"https:\/\/www.univ-lorraine.fr\/isite-lorraine\/wp-json\/wp\/v2\/pages"}],"about":[{"href":"https:\/\/www.univ-lorraine.fr\/isite-lorraine\/wp-json\/wp\/v2\/types\/page"}],"author":[{"embeddable":true,"href":"https:\/\/www.univ-lorraine.fr\/isite-lorraine\/wp-json\/wp\/v2\/users\/7"}],"replies":[{"embeddable":true,"href":"https:\/\/www.univ-lorraine.fr\/isite-lorraine\/wp-json\/wp\/v2\/comments?post=645"}],"version-history":[{"count":19,"href":"https:\/\/www.univ-lorraine.fr\/isite-lorraine\/wp-json\/wp\/v2\/pages\/645\/revisions"}],"predecessor-version":[{"id":1286,"href":"https:\/\/www.univ-lorraine.fr\/isite-lorraine\/wp-json\/wp\/v2\/pages\/645\/revisions\/1286"}],"up":[{"embeddable":true,"href":"https:\/\/www.univ-lorraine.fr\/isite-lorraine\/wp-json\/wp\/v2\/pages\/567"}],"wp:attachment":[{"href":"https:\/\/www.univ-lorraine.fr\/isite-lorraine\/wp-json\/wp\/v2\/media?parent=645"}],"curies":[{"name":"wp","href":"https:\/\/api.w.org\/{rel}","templated":true}]}}