{"id":10812,"date":"2023-11-09T10:36:24","date_gmt":"2023-11-09T09:36:24","guid":{"rendered":"https:\/\/www.univ-lorraine.fr\/orientation-insertion-professionnelle\/?page_id=10812"},"modified":"2025-09-09T14:03:33","modified_gmt":"2025-09-09T12:03:33","slug":"les-ateliers-du-soip","status":"publish","type":"page","link":"https:\/\/www.univ-lorraine.fr\/orientation-insertion-professionnelle\/les-ateliers-du-soip\/","title":{"rendered":"Les ateliers du SOIP"},"content":{"rendered":"\n<figure class=\"gb-block-image gb-block-image-f7aff77c\"><img loading=\"lazy\" decoding=\"async\" width=\"600\" height=\"200\" class=\"gb-image gb-image-f7aff77c\" src=\"https:\/\/www.univ-lorraine.fr\/orientation-insertion-professionnelle\/wp-content\/uploads\/sites\/7\/2024\/01\/visule-agenda-des-ateliers-2.png\" alt=\"\" title=\"visule-agenda-des-ateliers-2\" srcset=\"https:\/\/www.univ-lorraine.fr\/orientation-insertion-professionnelle\/wp-content\/uploads\/sites\/7\/2024\/01\/visule-agenda-des-ateliers-2.png 600w, https:\/\/www.univ-lorraine.fr\/orientation-insertion-professionnelle\/wp-content\/uploads\/sites\/7\/2024\/01\/visule-agenda-des-ateliers-2-300x100.png 300w\" sizes=\"auto, (max-width: 600px) 100vw, 600px\" \/><\/figure>\n\n\n<div class=\"pod-offre-emplois pod-offre-emplois wp-block-pods-pods-block-list\"><form method=\"get\" class=\"pods-form-filters pods-form-filters-contenu_factuel\" action=\"\">\n\t\t\t<div class=\"pods-form-ui-field pods-dfv-field pods-dfv-field--unloaded\">\n\t\t\t\t\t\t\t<span class=\"pods-dfv-field__loading-indicator\" role=\"progressbar\"><\/span>\n\t\t\t\t\t\t\t\t\t<script type=\"application\/json\" class=\"pods-dfv-field-data\" data-pod=\"\" data-group=\"\" data-item-id=\"15737\" data-form-counter=\"0\">{\"htmlAttr\":{\"id\":\"pods-form-ui-filter-factuel-ville\",\"class\":\"pods-form-ui-field pods-form-ui-field-type-pick pods-form-ui-field-name-filter-factuel-ville\",\"name\":\"filter_factuel-ville\",\"name_clean\":\"filter-factuel-ville\"},\"fieldType\":\"pick\",\"fieldItemData\":[{\"id\":\"\",\"icon\":\"dashicons-category\",\"name\":\"-- Factuel - interets geo. --\",\"edit_link\":\"\",\"link\":\"\",\"selected\":true},{\"id\":\"376\",\"icon\":\"dashicons-category\",\"name\":\"\\u00c0 distance\",\"edit_link\":\"\",\"link\":\"https:\\\/\\\/www.univ-lorraine.fr\\\/orientation-insertion-professionnelle\\\/factuel-ville\\\/a-distance\\\/\",\"selected\":false},{\"id\":\"386\",\"icon\":\"dashicons-category\",\"name\":\"Metz - M\\u00e9tropole\",\"edit_link\":\"\",\"link\":\"https:\\\/\\\/www.univ-lorraine.fr\\\/orientation-insertion-professionnelle\\\/factuel-ville\\\/metz-et-agglomeration\\\/\",\"selected\":false},{\"id\":\"377\",\"icon\":\"dashicons-category\",\"name\":\"Nancy - M\\u00e9tropole\",\"edit_link\":\"\",\"link\":\"https:\\\/\\\/www.univ-lorraine.fr\\\/orientation-insertion-professionnelle\\\/factuel-ville\\\/nancy-et-agglomeration\\\/\",\"selected\":false}],\"fieldConfig\":{\"object_type\":\"field\",\"object_storage_type\":\"collection\",\"name\":\"filter_factuel-ville\",\"id\":15737,\"parent\":6568,\"group\":\"\",\"label\":\"Factuel - interets geo.\",\"description\":\"\",\"type\":\"pick\",\"pick_object\":\"taxonomy\",\"pick_val\":\"factuel-ville\",\"taxonomy_object\":\"taxonomy\",\"taxonomy_val\":\"factuel-ville\",\"alias\":[],\"hidden\":true,\"taxonomy_format_type\":\"multi\",\"pick_format_type\":\"single\",\"pick_format_single\":\"dropdown\",\"pick_select_text\":\"-- Factuel - interets geo. --\",\"pick_show_select_text\":1,\"pick_select_text_always_show\":1,\"help\":\"\",\"default\":null,\"attributes\":null,\"class\":\"\",\"grouped\":1,\"pick_format_single_help\":0,\"pick_format_multi\":\"list\",\"pick_format_multi_help\":0,\"pick_display_format_multi\":\"default\",\"pick_display_format_separator\":\", \",\"pick_allow_add_new\":false,\"pick_add_new_label\":\"Ajouter\",\"pick_taggable\":false,\"pick_show_icon\":1,\"pick_show_edit_link\":false,\"pick_show_view_link\":1,\"pick_limit\":1,\"pick_table_id\":\"\",\"pick_table_index\":\"\",\"pick_display\":\"\",\"pick_user_role\":\"\",\"pick_where\":\"\",\"pick_orderby\":\"\",\"pick_groupby\":\"\",\"pick_sync_taxonomy\":0,\"pick_sync_taxonomy_hide_taxonomy_ui\":0,\"pick_post_status\":\"publish\",\"pick_post_author\":0,\"pick_ajax\":0,\"view_name\":\"select\",\"ajax_data\":{\"ajax\":false,\"delay\":300,\"minimum_input_length\":1,\"pod_name\":\"\",\"field_name\":\"factuel-ville\",\"id\":15737,\"uri_hash\":\"1f19a02434\",\"_wpnonce\":\"8e14f15d70\"},\"select2_overrides\":null,\"supports_thumbnails\":null,\"groups\":[],\"fields\":[],\"repeatable\":false,\"repeatable_add_new_label\":\"Ajouter\",\"repeatable_reorder\":true,\"repeatable_limit\":1,\"repeatable_format\":\"default\",\"repeatable_format_separator\":\", \",\"item_id\":15737,\"placeholder\":\"\",\"data\":{\"\":\"-- Factuel - interets geo. --\",\"376\":\"\\u00c0 distance\",\"386\":\"Metz - M\\u00e9tropole\",\"377\":\"Nancy - M\\u00e9tropole\"},\"optgroup\":false,\"iframe_src\":\"\",\"iframe_title_add\":\"Factuel - interets geo.\\u00a0: Ajouter\",\"iframe_title_edit\":\"Factuel - interets geo.\\u00a0: Modifier\"},\"fieldEmbed\":true,\"fieldValue\":\"\"}<\/script>\n\t\t<\/div>\n\t\t\n\t<input type=\"text\" class=\"pods-form-filters-search\" name=\"search\" value=\"\" \/>\n\n\t<input type=\"submit\" class=\"pods-form-filters-submit\" value=\"Recherche\" \/>\n<\/form>\n<ul id=\"contenus-factuel\" class=\"contenus-factuel jaces\">\r\n\t\t<li class=\"\">\r\n\t\t\t\r\n\t\t\t\t<div class=\"date\">\r\n\t\t\t\t\t<p>mardi 22 septembre<\/p>\r\n\t\t\t\t\t\r\n\t\t\t\t<\/div>\r\n\t\t\t\r\n\t\t\t<h2>Le mois de l\u2019emploi sp\u00e9cial Jeunes dipl\u00f4m\u00e9\u00b7es : Webinaire \u00ab\u00a0Aborder la r\u00e9mun\u00e9ration pour un 1er emploi\u00a0\u00bb<\/h2>\r\n\t\t\t<h3>\u00c0 distance<\/h3>\r\n\t\t\t\t\t\t\t\r\n\t\t\t\t<div class=\"texte\">\r\n\n<p>Bient\u00f4t dipl\u00f4m\u00e9\u00b7e ou tout juste dipl\u00f4m\u00e9\u00b7e ?En septembre, avec \u00ab&nbsp;Le mois de l\u2019emploi \u2013 Sp\u00e9cial jeunes dipl\u00f4m\u00e9\u00b7es&nbsp;\u00bb, faites le plein d&rsquo;atouts pour r\u00e9ussir votre entr\u00e9e dans la vie professionnelle, en particulier si la question \u00ab\u00a0Quelles sont vos pr\u00e9tentions salariales ?\u00a0\u00bb vous parait d\u00e9licate. Pour les jeunes dipl\u00f4m\u00e9s en qu\u00eate de leur premier emploi, aborder la&#8230;<\/p>\n\r\n\t\t\t\t<\/div>\r\n\t\t\t\r\n\t\t\t\r\n\t\t\t\t<a href=\"https:\/\/factuel.univ-lorraine.fr\/evenement\/le-mois-de-lemploi-special-jeunes-diplome%c2%b7es-webinaire-aborder-la-remuneration-pour-un-1er-emploi\/\">Lire plus<\/a>\r\n\t\t\t\r\n\t\t<\/li>\r\n\r\n\t\t<li class=\"\">\r\n\t\t\t\r\n\t\t\t\t<div class=\"date\">\r\n\t\t\t\t\t<p>jeudi 24 septembre<\/p>\r\n\t\t\t\t\t\r\n\t\t\t\t<\/div>\r\n\t\t\t\r\n\t\t\t<h2>Le mois de l&#8217;emploi sp\u00e9cial Jeunes dipl\u00f4m\u00e9\u00b7es : Web atelier \u00ab\u00a0Premiers pas en entreprise\u00a0\u00bb<\/h2>\r\n\t\t\t<h3>\u00c0 distance<\/h3>\r\n\t\t\t\t\t\t\t\r\n\t\t\t\t<div class=\"texte\">\r\n\n<p>Bient\u00f4t dipl\u00f4m\u00e9\u00b7e ou tout juste dipl\u00f4m\u00e9\u00b7e ?En septembre, avec \u00ab&nbsp;Le mois de l\u2019emploi \u2013 Sp\u00e9cial jeunes dipl\u00f4m\u00e9\u00b7es&nbsp;\u00bb, faites le plein d&rsquo;atouts pour r\u00e9ussir votre entr\u00e9e dans la vie professionnelle ! D\u00e9crocher un premier contrat, c\u2019est d\u00e9j\u00e0 une victoire. Mais comprendre comment fonctionne r\u00e9ellement l\u2019entreprise, ce que dit le droit du travail, comment lire sa fiche&#8230;<\/p>\n\r\n\t\t\t\t<\/div>\r\n\t\t\t\r\n\t\t\t\r\n\t\t\t\t<a href=\"https:\/\/factuel.univ-lorraine.fr\/evenement\/le-mois-de-lemploi-special-jeunes-diplome%c2%b7es-web-atelier-premiers-pas-en-entreprise\/\">Lire plus<\/a>\r\n\t\t\t\r\n\t\t<\/li>\r\n\r\n\t\t<li class=\"\">\r\n\t\t\t\r\n\t\t\t\t<div class=\"date\">\r\n\t\t\t\t\t<p>mardi 29 septembre<\/p>\r\n\t\t\t\t\t\r\n\t\t\t\t<\/div>\r\n\t\t\t\r\n\t\t\t<h2>Le mois de l&#8217;emploi sp\u00e9cial Jeunes dipl\u00f4m\u00e9\u00b7es : Web atelier \u00ab\u00a0Gagnez en confiance, m\u00eame sans exp\u00e9rience\u00a0\u00bb<\/h2>\r\n\t\t\t<h3>\u00c0 distance<\/h3>\r\n\t\t\t\t\t\t\t\r\n\t\t\t\t<div class=\"texte\">\r\n\n<p>Bient\u00f4t dipl\u00f4m\u00e9\u00b7e ou tout juste dipl\u00f4m\u00e9\u00b7e ?En septembre, avec \u00ab&nbsp;Le mois de l\u2019emploi \u2013 Sp\u00e9cial jeunes dipl\u00f4m\u00e9\u00b7es&nbsp;\u00bb, faites le plein d&rsquo;atouts pour r\u00e9ussir votre entr\u00e9e dans la vie professionnelle ! En particulier, pour gagner en confiance, m\u00eame si vous avez l\u2019impression de manquer d\u2019exp\u00e9rience. Gr\u00e2ce \u00e0 notre atelier, propos\u00e9 \u00e0 distance, vous apprendrez \u00e0 :&#8230;<\/p>\n\r\n\t\t\t\t<\/div>\r\n\t\t\t\r\n\t\t\t\r\n\t\t\t\t<a href=\"https:\/\/factuel.univ-lorraine.fr\/evenement\/le-mois-de-lemploi-special-jeunes-diplome%c2%b7es-web-atelier-gagnez-en-confiance-meme-sans-experience\/\">Lire plus<\/a>\r\n\t\t\t\r\n\t\t<\/li>\r\n<\/ul><\/div>","protected":false},"excerpt":{"rendered":"","protected":false},"author":7,"featured_media":0,"parent":0,"menu_order":0,"comment_status":"closed","ping_status":"closed","template":"","meta":{"inline_featured_image":false,"footnotes":""},"categories":[],"tags":[],"class_list":["post-10812","page","type-page","status-publish"],"yoast_head":"<!-- This site is optimized with the Yoast SEO plugin v27.4 - https:\/\/yoast.com\/product\/yoast-seo-wordpress\/ -->\n<title>Les ateliers du SOIP - Orientation et insertion professionnelle<\/title>\n<meta name=\"robots\" content=\"index, follow, max-snippet:-1, max-image-preview:large, max-video-preview:-1\" \/>\n<link rel=\"canonical\" href=\"https:\/\/www.univ-lorraine.fr\/orientation-insertion-professionnelle\/les-ateliers-du-soip\/\" \/>\n<meta property=\"og:locale\" content=\"fr_FR\" \/>\n<meta property=\"og:type\" content=\"article\" \/>\n<meta property=\"og:title\" content=\"Les ateliers du SOIP - Orientation et insertion professionnelle\" \/>\n<meta property=\"og:url\" content=\"https:\/\/www.univ-lorraine.fr\/orientation-insertion-professionnelle\/les-ateliers-du-soip\/\" \/>\n<meta property=\"og:site_name\" content=\"Orientation et insertion professionnelle\" \/>\n<meta property=\"article:modified_time\" content=\"2025-09-09T12:03:33+00:00\" \/>\n<meta property=\"og:image\" content=\"https:\/\/www.univ-lorraine.fr\/orientation-insertion-professionnelle\/wp-content\/uploads\/sites\/7\/2024\/01\/visule-agenda-des-ateliers-2.png\" \/>\n<meta name=\"twitter:card\" content=\"summary_large_image\" \/>\n<meta name=\"twitter:label1\" content=\"Dur\u00e9e de lecture estim\u00e9e\" \/>\n\t<meta name=\"twitter:data1\" content=\"1 minute\" \/>\n<script type=\"application\/ld+json\" class=\"yoast-schema-graph\">{\"@context\":\"https:\\\/\\\/schema.org\",\"@graph\":[{\"@type\":\"WebPage\",\"@id\":\"https:\\\/\\\/www.univ-lorraine.fr\\\/orientation-insertion-professionnelle\\\/les-ateliers-du-soip\\\/\",\"url\":\"https:\\\/\\\/www.univ-lorraine.fr\\\/orientation-insertion-professionnelle\\\/les-ateliers-du-soip\\\/\",\"name\":\"Les ateliers du SOIP - Orientation et insertion professionnelle\",\"isPartOf\":{\"@id\":\"https:\\\/\\\/www.univ-lorraine.fr\\\/orientation-insertion-professionnelle\\\/#website\"},\"primaryImageOfPage\":{\"@id\":\"https:\\\/\\\/www.univ-lorraine.fr\\\/orientation-insertion-professionnelle\\\/les-ateliers-du-soip\\\/#primaryimage\"},\"image\":{\"@id\":\"https:\\\/\\\/www.univ-lorraine.fr\\\/orientation-insertion-professionnelle\\\/les-ateliers-du-soip\\\/#primaryimage\"},\"thumbnailUrl\":\"https:\\\/\\\/www.univ-lorraine.fr\\\/orientation-insertion-professionnelle\\\/wp-content\\\/uploads\\\/sites\\\/7\\\/2024\\\/01\\\/visule-agenda-des-ateliers-2.png\",\"datePublished\":\"2023-11-09T09:36:24+00:00\",\"dateModified\":\"2025-09-09T12:03:33+00:00\",\"breadcrumb\":{\"@id\":\"https:\\\/\\\/www.univ-lorraine.fr\\\/orientation-insertion-professionnelle\\\/les-ateliers-du-soip\\\/#breadcrumb\"},\"inLanguage\":\"fr-FR\",\"potentialAction\":[{\"@type\":\"ReadAction\",\"target\":[\"https:\\\/\\\/www.univ-lorraine.fr\\\/orientation-insertion-professionnelle\\\/les-ateliers-du-soip\\\/\"]}]},{\"@type\":\"ImageObject\",\"inLanguage\":\"fr-FR\",\"@id\":\"https:\\\/\\\/www.univ-lorraine.fr\\\/orientation-insertion-professionnelle\\\/les-ateliers-du-soip\\\/#primaryimage\",\"url\":\"https:\\\/\\\/www.univ-lorraine.fr\\\/orientation-insertion-professionnelle\\\/wp-content\\\/uploads\\\/sites\\\/7\\\/2024\\\/01\\\/visule-agenda-des-ateliers-2.png\",\"contentUrl\":\"https:\\\/\\\/www.univ-lorraine.fr\\\/orientation-insertion-professionnelle\\\/wp-content\\\/uploads\\\/sites\\\/7\\\/2024\\\/01\\\/visule-agenda-des-ateliers-2.png\",\"width\":600,\"height\":200},{\"@type\":\"BreadcrumbList\",\"@id\":\"https:\\\/\\\/www.univ-lorraine.fr\\\/orientation-insertion-professionnelle\\\/les-ateliers-du-soip\\\/#breadcrumb\",\"itemListElement\":[{\"@type\":\"ListItem\",\"position\":1,\"name\":\"Accueil\",\"item\":\"https:\\\/\\\/www.univ-lorraine.fr\\\/orientation-insertion-professionnelle\\\/\"},{\"@type\":\"ListItem\",\"position\":2,\"name\":\"Les ateliers du SOIP\"}]},{\"@type\":\"WebSite\",\"@id\":\"https:\\\/\\\/www.univ-lorraine.fr\\\/orientation-insertion-professionnelle\\\/#website\",\"url\":\"https:\\\/\\\/www.univ-lorraine.fr\\\/orientation-insertion-professionnelle\\\/\",\"name\":\"Orientation et insertion professionnelle\",\"description\":\"\",\"publisher\":{\"@id\":\"https:\\\/\\\/www.univ-lorraine.fr\\\/orientation-insertion-professionnelle\\\/#organization\"},\"potentialAction\":[{\"@type\":\"SearchAction\",\"target\":{\"@type\":\"EntryPoint\",\"urlTemplate\":\"https:\\\/\\\/www.univ-lorraine.fr\\\/orientation-insertion-professionnelle\\\/?s={search_term_string}\"},\"query-input\":{\"@type\":\"PropertyValueSpecification\",\"valueRequired\":true,\"valueName\":\"search_term_string\"}}],\"inLanguage\":\"fr-FR\"},{\"@type\":\"Organization\",\"@id\":\"https:\\\/\\\/www.univ-lorraine.fr\\\/orientation-insertion-professionnelle\\\/#organization\",\"name\":\"Universit\u00e9 de Lorraine\",\"url\":\"https:\\\/\\\/www.univ-lorraine.fr\\\/orientation-insertion-professionnelle\\\/\",\"logo\":{\"@type\":\"ImageObject\",\"inLanguage\":\"fr-FR\",\"@id\":\"https:\\\/\\\/www.univ-lorraine.fr\\\/orientation-insertion-professionnelle\\\/#\\\/schema\\\/logo\\\/image\\\/\",\"url\":\"https:\\\/\\\/www.univ-lorraine.fr\\\/orientation-insertion-professionnelle\\\/wp-content\\\/uploads\\\/sites\\\/7\\\/2023\\\/04\\\/logo_siteweb2_Plan-de-travail-1.png\",\"contentUrl\":\"https:\\\/\\\/www.univ-lorraine.fr\\\/orientation-insertion-professionnelle\\\/wp-content\\\/uploads\\\/sites\\\/7\\\/2023\\\/04\\\/logo_siteweb2_Plan-de-travail-1.png\",\"width\":852,\"height\":492,\"caption\":\"Universit\u00e9 de Lorraine\"},\"image\":{\"@id\":\"https:\\\/\\\/www.univ-lorraine.fr\\\/orientation-insertion-professionnelle\\\/#\\\/schema\\\/logo\\\/image\\\/\"}}]}<\/script>\n<!-- \/ Yoast SEO plugin. -->","yoast_head_json":{"title":"Les ateliers du SOIP - Orientation et insertion professionnelle","robots":{"index":"index","follow":"follow","max-snippet":"max-snippet:-1","max-image-preview":"max-image-preview:large","max-video-preview":"max-video-preview:-1"},"canonical":"https:\/\/www.univ-lorraine.fr\/orientation-insertion-professionnelle\/les-ateliers-du-soip\/","og_locale":"fr_FR","og_type":"article","og_title":"Les ateliers du SOIP - Orientation et insertion professionnelle","og_url":"https:\/\/www.univ-lorraine.fr\/orientation-insertion-professionnelle\/les-ateliers-du-soip\/","og_site_name":"Orientation et insertion professionnelle","article_modified_time":"2025-09-09T12:03:33+00:00","og_image":[{"url":"https:\/\/www.univ-lorraine.fr\/orientation-insertion-professionnelle\/wp-content\/uploads\/sites\/7\/2024\/01\/visule-agenda-des-ateliers-2.png","type":"","width":"","height":""}],"twitter_card":"summary_large_image","twitter_misc":{"Dur\u00e9e de lecture estim\u00e9e":"1 minute"},"schema":{"@context":"https:\/\/schema.org","@graph":[{"@type":"WebPage","@id":"https:\/\/www.univ-lorraine.fr\/orientation-insertion-professionnelle\/les-ateliers-du-soip\/","url":"https:\/\/www.univ-lorraine.fr\/orientation-insertion-professionnelle\/les-ateliers-du-soip\/","name":"Les ateliers du SOIP - Orientation et insertion professionnelle","isPartOf":{"@id":"https:\/\/www.univ-lorraine.fr\/orientation-insertion-professionnelle\/#website"},"primaryImageOfPage":{"@id":"https:\/\/www.univ-lorraine.fr\/orientation-insertion-professionnelle\/les-ateliers-du-soip\/#primaryimage"},"image":{"@id":"https:\/\/www.univ-lorraine.fr\/orientation-insertion-professionnelle\/les-ateliers-du-soip\/#primaryimage"},"thumbnailUrl":"https:\/\/www.univ-lorraine.fr\/orientation-insertion-professionnelle\/wp-content\/uploads\/sites\/7\/2024\/01\/visule-agenda-des-ateliers-2.png","datePublished":"2023-11-09T09:36:24+00:00","dateModified":"2025-09-09T12:03:33+00:00","breadcrumb":{"@id":"https:\/\/www.univ-lorraine.fr\/orientation-insertion-professionnelle\/les-ateliers-du-soip\/#breadcrumb"},"inLanguage":"fr-FR","potentialAction":[{"@type":"ReadAction","target":["https:\/\/www.univ-lorraine.fr\/orientation-insertion-professionnelle\/les-ateliers-du-soip\/"]}]},{"@type":"ImageObject","inLanguage":"fr-FR","@id":"https:\/\/www.univ-lorraine.fr\/orientation-insertion-professionnelle\/les-ateliers-du-soip\/#primaryimage","url":"https:\/\/www.univ-lorraine.fr\/orientation-insertion-professionnelle\/wp-content\/uploads\/sites\/7\/2024\/01\/visule-agenda-des-ateliers-2.png","contentUrl":"https:\/\/www.univ-lorraine.fr\/orientation-insertion-professionnelle\/wp-content\/uploads\/sites\/7\/2024\/01\/visule-agenda-des-ateliers-2.png","width":600,"height":200},{"@type":"BreadcrumbList","@id":"https:\/\/www.univ-lorraine.fr\/orientation-insertion-professionnelle\/les-ateliers-du-soip\/#breadcrumb","itemListElement":[{"@type":"ListItem","position":1,"name":"Accueil","item":"https:\/\/www.univ-lorraine.fr\/orientation-insertion-professionnelle\/"},{"@type":"ListItem","position":2,"name":"Les ateliers du SOIP"}]},{"@type":"WebSite","@id":"https:\/\/www.univ-lorraine.fr\/orientation-insertion-professionnelle\/#website","url":"https:\/\/www.univ-lorraine.fr\/orientation-insertion-professionnelle\/","name":"Orientation et insertion professionnelle","description":"","publisher":{"@id":"https:\/\/www.univ-lorraine.fr\/orientation-insertion-professionnelle\/#organization"},"potentialAction":[{"@type":"SearchAction","target":{"@type":"EntryPoint","urlTemplate":"https:\/\/www.univ-lorraine.fr\/orientation-insertion-professionnelle\/?s={search_term_string}"},"query-input":{"@type":"PropertyValueSpecification","valueRequired":true,"valueName":"search_term_string"}}],"inLanguage":"fr-FR"},{"@type":"Organization","@id":"https:\/\/www.univ-lorraine.fr\/orientation-insertion-professionnelle\/#organization","name":"Universit\u00e9 de Lorraine","url":"https:\/\/www.univ-lorraine.fr\/orientation-insertion-professionnelle\/","logo":{"@type":"ImageObject","inLanguage":"fr-FR","@id":"https:\/\/www.univ-lorraine.fr\/orientation-insertion-professionnelle\/#\/schema\/logo\/image\/","url":"https:\/\/www.univ-lorraine.fr\/orientation-insertion-professionnelle\/wp-content\/uploads\/sites\/7\/2023\/04\/logo_siteweb2_Plan-de-travail-1.png","contentUrl":"https:\/\/www.univ-lorraine.fr\/orientation-insertion-professionnelle\/wp-content\/uploads\/sites\/7\/2023\/04\/logo_siteweb2_Plan-de-travail-1.png","width":852,"height":492,"caption":"Universit\u00e9 de Lorraine"},"image":{"@id":"https:\/\/www.univ-lorraine.fr\/orientation-insertion-professionnelle\/#\/schema\/logo\/image\/"}}]}},"_links":{"self":[{"href":"https:\/\/www.univ-lorraine.fr\/orientation-insertion-professionnelle\/wp-json\/wp\/v2\/pages\/10812","targetHints":{"allow":["GET"]}}],"collection":[{"href":"https:\/\/www.univ-lorraine.fr\/orientation-insertion-professionnelle\/wp-json\/wp\/v2\/pages"}],"about":[{"href":"https:\/\/www.univ-lorraine.fr\/orientation-insertion-professionnelle\/wp-json\/wp\/v2\/types\/page"}],"author":[{"embeddable":true,"href":"https:\/\/www.univ-lorraine.fr\/orientation-insertion-professionnelle\/wp-json\/wp\/v2\/users\/7"}],"replies":[{"embeddable":true,"href":"https:\/\/www.univ-lorraine.fr\/orientation-insertion-professionnelle\/wp-json\/wp\/v2\/comments?post=10812"}],"version-history":[{"count":16,"href":"https:\/\/www.univ-lorraine.fr\/orientation-insertion-professionnelle\/wp-json\/wp\/v2\/pages\/10812\/revisions"}],"predecessor-version":[{"id":15295,"href":"https:\/\/www.univ-lorraine.fr\/orientation-insertion-professionnelle\/wp-json\/wp\/v2\/pages\/10812\/revisions\/15295"}],"wp:attachment":[{"href":"https:\/\/www.univ-lorraine.fr\/orientation-insertion-professionnelle\/wp-json\/wp\/v2\/media?parent=10812"}],"wp:term":[{"taxonomy":"category","embeddable":true,"href":"https:\/\/www.univ-lorraine.fr\/orientation-insertion-professionnelle\/wp-json\/wp\/v2\/categories?post=10812"},{"taxonomy":"post_tag","embeddable":true,"href":"https:\/\/www.univ-lorraine.fr\/orientation-insertion-professionnelle\/wp-json\/wp\/v2\/tags?post=10812"}],"curies":[{"name":"wp","href":"https:\/\/api.w.org\/{rel}","templated":true}]}}