{"id":12124,"date":"2026-03-18T14:47:36","date_gmt":"2026-03-18T13:47:36","guid":{"rendered":"https:\/\/www.univ-lorraine.fr\/orientation-insertion-professionnelle\/?page_id=12124"},"modified":"2026-04-07T15:35:32","modified_gmt":"2026-04-07T13:35:32","slug":"le-mois-de-lemploi-special-jeunes-diplome%c2%b7es","status":"publish","type":"page","link":"https:\/\/www.univ-lorraine.fr\/orientation-insertion-professionnelle\/le-mois-de-lemploi-special-jeunes-diplome%c2%b7es\/","title":{"rendered":"Le mois de l&#8217;emploi &#8211; Sp\u00e9cial jeunes dipl\u00f4m\u00e9\u00b7es"},"content":{"rendered":"<div class=\"gb-container gb-container-394c5659\">\n\n<div class=\"wp-block-cover is-light\"><img loading=\"lazy\" decoding=\"async\" width=\"600\" height=\"200\" class=\"wp-block-cover__image-background wp-image-15748 size-full\" alt=\"\" src=\"https:\/\/www.univ-lorraine.fr\/orientation-insertion-professionnelle\/wp-content\/uploads\/sites\/7\/2026\/03\/bandeau-mdejd-page-web-sans-texte-3.png\" data-object-fit=\"cover\" srcset=\"https:\/\/www.univ-lorraine.fr\/orientation-insertion-professionnelle\/wp-content\/uploads\/sites\/7\/2026\/03\/bandeau-mdejd-page-web-sans-texte-3.png 600w, https:\/\/www.univ-lorraine.fr\/orientation-insertion-professionnelle\/wp-content\/uploads\/sites\/7\/2026\/03\/bandeau-mdejd-page-web-sans-texte-3-300x100.png 300w\" sizes=\"auto, (max-width: 600px) 100vw, 600px\" \/><span aria-hidden=\"true\" class=\"wp-block-cover__background has-background-dim-0 has-background-dim\"><\/span><div class=\"wp-block-cover__inner-container is-layout-flow wp-block-cover-is-layout-flow\">\n<p><\/p>\n\n\n\n<p><\/p>\n\n\n\n<h2 class=\"wp-block-heading has-text-align-right has-large-font-size\" style=\"text-transform:uppercase\"><strong>Bient\u00f4t dipl\u00f4m\u00e9\u00b7e<\/strong> <br><strong>ou tout juste dipl\u00f4m\u00e9\u00b7e ?<br>En septembre, faites le plein d&rsquo;atouts <\/strong><br><strong>pour r\u00e9ussir votre entr\u00e9e <\/strong><br><strong>dans la vie professionnelle !<\/strong><\/h2>\n<\/div><\/div>\n\n<\/div>\n\n<div class=\"gb-grid-wrapper gb-grid-wrapper-6a77d130\">\n<div class=\"gb-grid-column gb-grid-column-633e7641\"><div class=\"gb-container gb-container-633e7641\">\n\n<h3 class=\"wp-block-heading has-text-align-center\">quatre temps forts (sur inscription)<\/h3>\n\n\n<div class=\"gb-grid-wrapper gb-grid-wrapper-40ae31bd\">\n<div class=\"gb-grid-column gb-grid-column-2885870b\"><div class=\"gb-container gb-container-2885870b\">\n\n<figure class=\"wp-block-image size-full\"><img loading=\"lazy\" decoding=\"async\" width=\"600\" height=\"600\" src=\"https:\/\/www.univ-lorraine.fr\/orientation-insertion-professionnelle\/wp-content\/uploads\/sites\/7\/2026\/03\/3-2.png\" alt=\"\" class=\"wp-image-15756\" srcset=\"https:\/\/www.univ-lorraine.fr\/orientation-insertion-professionnelle\/wp-content\/uploads\/sites\/7\/2026\/03\/3-2.png 600w, https:\/\/www.univ-lorraine.fr\/orientation-insertion-professionnelle\/wp-content\/uploads\/sites\/7\/2026\/03\/3-2-300x300.png 300w, https:\/\/www.univ-lorraine.fr\/orientation-insertion-professionnelle\/wp-content\/uploads\/sites\/7\/2026\/03\/3-2-150x150.png 150w\" sizes=\"auto, (max-width: 600px) 100vw, 600px\" \/><\/figure>\n\n\n<div class=\"gb-container gb-container-b88ca37d\">\n\n<h4 class=\"wp-block-heading has-text-align-center\"><strong>Conf\u00e9rence \u00ab\u00a0Le march\u00e9<\/strong> <strong>de l&#8217;emploi\u00a0\u00bb<\/strong> &#8211; <em><strong>Avec un zoom sur l\u2019emploi au Luxembourg<\/strong><\/em><\/h4>\n\n<\/div>\n\n\n<p class=\"has-text-align-center\"><strong>Jeudi 17 septembre, <\/strong><br>de 14 h \u00e0 16 h <br><strong>\u00c0 Metz et \u00e0 distance<\/strong><\/p>\n\n\n\n<div class=\"wp-block-buttons is-content-justification-center is-layout-flex wp-container-core-buttons-is-layout-16018d1d wp-block-buttons-is-layout-flex\">\n<div class=\"wp-block-button\"><a class=\"wp-block-button__link wp-element-button\" href=\"https:\/\/factuel.univ-lorraine.fr\/evenement\/le-mois-de-lemploi-special-jeunes-diplome%c2%b7es-conference-le-marche-de-lemploi\/\" target=\"_blank\" rel=\"noreferrer noopener\">En savoir plus<\/a><\/div>\n<\/div>\n\n\n<div class=\"gb-container gb-container-99efd2c6\"><\/div>\n<\/div><\/div>\n\n<div class=\"gb-grid-column gb-grid-column-0c3c0f06\"><div class=\"gb-container gb-container-0c3c0f06\">\n\n<figure class=\"wp-block-image size-full\"><img loading=\"lazy\" decoding=\"async\" width=\"600\" height=\"600\" src=\"https:\/\/www.univ-lorraine.fr\/orientation-insertion-professionnelle\/wp-content\/uploads\/sites\/7\/2026\/03\/2-1.png\" alt=\"\" class=\"wp-image-15723\" srcset=\"https:\/\/www.univ-lorraine.fr\/orientation-insertion-professionnelle\/wp-content\/uploads\/sites\/7\/2026\/03\/2-1.png 600w, https:\/\/www.univ-lorraine.fr\/orientation-insertion-professionnelle\/wp-content\/uploads\/sites\/7\/2026\/03\/2-1-300x300.png 300w, https:\/\/www.univ-lorraine.fr\/orientation-insertion-professionnelle\/wp-content\/uploads\/sites\/7\/2026\/03\/2-1-150x150.png 150w\" sizes=\"auto, (max-width: 600px) 100vw, 600px\" \/><\/figure>\n\n\n<div class=\"gb-container gb-container-0c0ccb29\">\n\n<h4 class=\"wp-block-heading has-text-align-center\"><strong>Webinaire \u00ab\u00a0Aborder la r\u00e9mun\u00e9ration<\/strong> <strong>pour un 1er emploi\u00a0\u00bb<\/strong><\/h4>\n\n<\/div>\n\n\n<p class=\"has-text-align-center\"><strong>Mardi 22 septembre,<\/strong><br>de 17 h 30 \u00e0 18 h 30<br><strong>\u00c0 distance<\/strong><\/p>\n\n\n<div class=\"gb-container gb-container-af0f279c\">\n\n<div class=\"wp-block-buttons is-content-justification-center is-layout-flex wp-container-core-buttons-is-layout-16018d1d wp-block-buttons-is-layout-flex\">\n<div class=\"wp-block-button\"><a class=\"wp-block-button__link wp-element-button\" href=\"https:\/\/factuel.univ-lorraine.fr\/evenement\/le-mois-de-lemploi-special-jeunes-diplome%c2%b7es-webinaire-aborder-la-remuneration-pour-un-1er-emploi\/\" target=\"_blank\" rel=\"noreferrer noopener\">En savoir plus<\/a><\/div>\n<\/div>\n\n<\/div>\n<\/div><\/div>\n\n<div class=\"gb-grid-column gb-grid-column-e58547bc\"><div class=\"gb-container gb-container-e58547bc\">\n\n<figure class=\"wp-block-image size-full\"><img loading=\"lazy\" decoding=\"async\" width=\"600\" height=\"600\" src=\"https:\/\/www.univ-lorraine.fr\/orientation-insertion-professionnelle\/wp-content\/uploads\/sites\/7\/2026\/03\/4-1.png\" alt=\"\" class=\"wp-image-15724\" srcset=\"https:\/\/www.univ-lorraine.fr\/orientation-insertion-professionnelle\/wp-content\/uploads\/sites\/7\/2026\/03\/4-1.png 600w, https:\/\/www.univ-lorraine.fr\/orientation-insertion-professionnelle\/wp-content\/uploads\/sites\/7\/2026\/03\/4-1-300x300.png 300w, https:\/\/www.univ-lorraine.fr\/orientation-insertion-professionnelle\/wp-content\/uploads\/sites\/7\/2026\/03\/4-1-150x150.png 150w\" sizes=\"auto, (max-width: 600px) 100vw, 600px\" \/><\/figure>\n\n\n<div class=\"gb-container gb-container-b435572d\">\n\n<h4 class=\"wp-block-heading has-text-align-center\"><strong>Web atelier<\/strong> <strong>\u00ab\u00a0Premiers pas<\/strong> <strong>en entreprise\u00a0\u00bb<\/strong><\/h4>\n\n<\/div>\n\n\n<p class=\"has-text-align-center\"><strong>Jeudi 24 septembre,<\/strong> <br>de 17 h 30 \u00e0 19 h<br><strong>\u00c0 distance<\/strong><\/p>\n\n\n<div class=\"gb-container gb-container-3e27e8e3\">\n\n<div class=\"wp-block-buttons is-content-justification-center is-layout-flex wp-container-core-buttons-is-layout-16018d1d wp-block-buttons-is-layout-flex\">\n<div class=\"wp-block-button\"><a class=\"wp-block-button__link wp-element-button\" href=\"https:\/\/factuel.univ-lorraine.fr\/evenement\/le-mois-de-lemploi-special-jeunes-diplome%c2%b7es-web-atelier-premiers-pas-en-entreprise\/\" target=\"_blank\" rel=\"noreferrer noopener\">En savoir plus<\/a><\/div>\n<\/div>\n\n<\/div>\n<\/div><\/div>\n\n<div class=\"gb-grid-column gb-grid-column-1f12d5cd\"><div class=\"gb-container gb-container-1f12d5cd\">\n\n<figure class=\"wp-block-image size-full\"><img loading=\"lazy\" decoding=\"async\" width=\"600\" height=\"600\" src=\"https:\/\/www.univ-lorraine.fr\/orientation-insertion-professionnelle\/wp-content\/uploads\/sites\/7\/2026\/03\/1-2.png\" alt=\"\" class=\"wp-image-15726\" srcset=\"https:\/\/www.univ-lorraine.fr\/orientation-insertion-professionnelle\/wp-content\/uploads\/sites\/7\/2026\/03\/1-2.png 600w, https:\/\/www.univ-lorraine.fr\/orientation-insertion-professionnelle\/wp-content\/uploads\/sites\/7\/2026\/03\/1-2-300x300.png 300w, https:\/\/www.univ-lorraine.fr\/orientation-insertion-professionnelle\/wp-content\/uploads\/sites\/7\/2026\/03\/1-2-150x150.png 150w\" sizes=\"auto, (max-width: 600px) 100vw, 600px\" \/><\/figure>\n\n\n<div class=\"gb-container gb-container-f5f7d52c\">\n\n<h4 class=\"wp-block-heading has-text-align-center\"><strong>Web atelier<\/strong> <strong>\u00ab\u00a0Gagnez en confiance, m\u00eame<\/strong> <strong>sans exp\u00e9rience\u00a0\u00bb<\/strong><\/h4>\n\n<\/div>\n\n\n<p class=\"has-text-align-center\"><strong>Mardi 29 septembre, <\/strong><br>de 16 h 30 \u00e0 19 h<br><strong>\u00c0 distance<\/strong><br><\/p>\n\n\n<div class=\"gb-container gb-container-f3325d88\">\n\n<div class=\"wp-block-buttons is-content-justification-center is-layout-flex wp-container-core-buttons-is-layout-16018d1d wp-block-buttons-is-layout-flex\">\n<div class=\"wp-block-button\"><a class=\"wp-block-button__link wp-element-button\" href=\"https:\/\/factuel.univ-lorraine.fr\/evenement\/le-mois-de-lemploi-special-jeunes-diplome%c2%b7es-web-atelier-gagnez-en-confiance-meme-sans-experience\/\" target=\"_blank\" rel=\"noreferrer noopener\">En savoir plus<\/a><\/div>\n<\/div>\n\n<\/div>\n<\/div><\/div>\n<\/div>\n\n<div class=\"gb-container gb-container-b708d207\">\n\n<div class=\"wp-block-buttons is-content-justification-center is-layout-flex wp-container-core-buttons-is-layout-16018d1d wp-block-buttons-is-layout-flex\">\n<div class=\"wp-block-button\"><a class=\"wp-block-button__link has-background has-medium-font-size has-text-align-center has-custom-font-size wp-element-button\" href=\"https:\/\/enquetes.univ-lorraine.fr\/index.php\/294379?lang=fr\" style=\"border-top-left-radius:0px;border-top-right-radius:0px;border-bottom-left-radius:0px;border-bottom-right-radius:0px;background-color:#e950f7;text-transform:uppercase\"><strong>S&rsquo;inscrire<\/strong><\/a><\/div>\n<\/div>\n\n<\/div>\n<\/div><\/div>\n\n<div class=\"gb-grid-column gb-grid-column-edb091a6\"><div class=\"gb-container gb-container-edb091a6\">\n\n<h3 class=\"wp-block-heading has-text-align-center\">Des ENTRETIENS conseils personnalis\u00e9s en ligne tout au long du mois<\/h3>\n\n\n<div class=\"gb-container gb-container-3ea50c31\">\n\n<div class=\"wp-block-buttons is-content-justification-center is-layout-flex wp-container-core-buttons-is-layout-16018d1d wp-block-buttons-is-layout-flex\">\n<div class=\"wp-block-button is-style-fill\"><a class=\"wp-block-button__link has-text-color has-background has-link-color wp-element-button\" href=\"https:\/\/enquetes.univ-lorraine.fr\/index.php\/294379?lang=fr\" style=\"border-top-left-radius:10px;border-top-right-radius:10px;border-bottom-left-radius:10px;border-bottom-right-radius:10px;color:#000000;background-color:#fbf23b\"><strong>S&rsquo;inscrire<\/strong><\/a><\/div>\n<\/div>\n\n<\/div>\n\n<div class=\"gb-container gb-container-b535f091\"><\/div>\n<\/div><\/div>\n<\/div>\n\n\n<p class=\"has-contrast-color has-text-color has-link-color wp-elements-c741b2c7ec63ac45b77e7ec52fed7abb\"><strong>Contact (informations et inscription) : <\/strong><\/p>\n\n\n\n<ul class=\"wp-block-list\">\n<li class=\"has-contrast-color has-text-color has-link-color wp-elements-a21bbd7e470f6a3e8544a3dce039e3b4\"><strong><a href=\"ma&#105;&#108;&#116;&#x6f;&#x3a;&#x6d;&#x6f;&#x69;s-&#101;&#109;&#112;&#x6c;&#x6f;&#x69;&#x2d;&#x63;on&#116;&#97;&#99;&#x74;&#x40;&#x75;&#x6e;&#x69;v-&#108;&#111;&#114;&#x72;&#x61;&#x69;&#x6e;&#x65;&#46;f&#114;\" target=\"_blank\" rel=\"noreferrer noopener\">m&#111;&#105;&#x73;&#x2d;&#x65;mp&#108;&#111;&#x69;&#x2d;&#x63;o&#110;&#116;&#97;&#x63;&#x74;&#x40;u&#110;&#105;&#x76;&#x2d;&#x6c;or&#114;&#97;&#x69;&#x6e;&#x65;&#46;&#102;&#114;<\/a><\/strong><\/li>\n\n\n\n<li class=\"has-contrast-color has-text-color has-link-color wp-elements-901b849670184a8db4467dd95889ee42\">03 72 74 03 75 \/ 03 72 74 00 98<\/li>\n<\/ul>\n\n\n\n<p><\/p>\n","protected":false},"excerpt":{"rendered":"<p>Contact (informations et inscription) :<\/p>\n","protected":false},"author":151,"featured_media":0,"parent":0,"menu_order":0,"comment_status":"closed","ping_status":"closed","template":"","meta":{"inline_featured_image":false,"footnotes":""},"categories":[],"tags":[],"class_list":["post-12124","page","type-page","status-publish"],"yoast_head":"<!-- This site is optimized with the Yoast SEO plugin v27.4 - https:\/\/yoast.com\/product\/yoast-seo-wordpress\/ -->\n<title>Le mois de l&#039;emploi - Sp\u00e9cial jeunes dipl\u00f4m\u00e9\u00b7es - Orientation et insertion professionnelle<\/title>\n<meta name=\"robots\" content=\"index, follow, max-snippet:-1, max-image-preview:large, max-video-preview:-1\" \/>\n<link rel=\"canonical\" href=\"https:\/\/www.univ-lorraine.fr\/orientation-insertion-professionnelle\/le-mois-de-lemploi-special-jeunes-diplome\u00b7es\/\" \/>\n<meta property=\"og:locale\" content=\"fr_FR\" \/>\n<meta property=\"og:type\" content=\"article\" \/>\n<meta property=\"og:title\" content=\"Le mois de l&#039;emploi - Sp\u00e9cial jeunes dipl\u00f4m\u00e9\u00b7es - Orientation et insertion professionnelle\" \/>\n<meta property=\"og:description\" content=\"Contact (informations et inscription) :\" \/>\n<meta property=\"og:url\" content=\"https:\/\/www.univ-lorraine.fr\/orientation-insertion-professionnelle\/le-mois-de-lemploi-special-jeunes-diplome\u00b7es\/\" \/>\n<meta property=\"og:site_name\" content=\"Orientation et insertion professionnelle\" \/>\n<meta property=\"article:modified_time\" content=\"2026-04-07T13:35:32+00:00\" \/>\n<meta property=\"og:image\" content=\"https:\/\/www.univ-lorraine.fr\/orientation-insertion-professionnelle\/wp-content\/uploads\/sites\/7\/2026\/03\/bandeau-mdejd-page-web-sans-texte-3.png\" \/>\n\t<meta property=\"og:image:width\" content=\"600\" \/>\n\t<meta property=\"og:image:height\" content=\"200\" \/>\n\t<meta property=\"og:image:type\" content=\"image\/png\" \/>\n<meta name=\"twitter:card\" content=\"summary_large_image\" \/>\n<meta name=\"twitter:label1\" content=\"Dur\u00e9e de lecture estim\u00e9e\" \/>\n\t<meta name=\"twitter:data1\" content=\"2 minutes\" \/>\n<script type=\"application\/ld+json\" class=\"yoast-schema-graph\">{\"@context\":\"https:\\\/\\\/schema.org\",\"@graph\":[{\"@type\":\"WebPage\",\"@id\":\"https:\\\/\\\/www.univ-lorraine.fr\\\/orientation-insertion-professionnelle\\\/le-mois-de-lemploi-special-jeunes-diplome%c2%b7es\\\/\",\"url\":\"https:\\\/\\\/www.univ-lorraine.fr\\\/orientation-insertion-professionnelle\\\/le-mois-de-lemploi-special-jeunes-diplome%c2%b7es\\\/\",\"name\":\"Le mois de l'emploi - Sp\u00e9cial jeunes dipl\u00f4m\u00e9\u00b7es - Orientation et insertion professionnelle\",\"isPartOf\":{\"@id\":\"https:\\\/\\\/www.univ-lorraine.fr\\\/orientation-insertion-professionnelle\\\/#website\"},\"primaryImageOfPage\":{\"@id\":\"https:\\\/\\\/www.univ-lorraine.fr\\\/orientation-insertion-professionnelle\\\/le-mois-de-lemploi-special-jeunes-diplome%c2%b7es\\\/#primaryimage\"},\"image\":{\"@id\":\"https:\\\/\\\/www.univ-lorraine.fr\\\/orientation-insertion-professionnelle\\\/le-mois-de-lemploi-special-jeunes-diplome%c2%b7es\\\/#primaryimage\"},\"thumbnailUrl\":\"https:\\\/\\\/www.univ-lorraine.fr\\\/orientation-insertion-professionnelle\\\/wp-content\\\/uploads\\\/sites\\\/7\\\/2026\\\/03\\\/bandeau-mdejd-page-web-sans-texte-3.png\",\"datePublished\":\"2026-03-18T13:47:36+00:00\",\"dateModified\":\"2026-04-07T13:35:32+00:00\",\"breadcrumb\":{\"@id\":\"https:\\\/\\\/www.univ-lorraine.fr\\\/orientation-insertion-professionnelle\\\/le-mois-de-lemploi-special-jeunes-diplome%c2%b7es\\\/#breadcrumb\"},\"inLanguage\":\"fr-FR\",\"potentialAction\":[{\"@type\":\"ReadAction\",\"target\":[\"https:\\\/\\\/www.univ-lorraine.fr\\\/orientation-insertion-professionnelle\\\/le-mois-de-lemploi-special-jeunes-diplome%c2%b7es\\\/\"]}]},{\"@type\":\"ImageObject\",\"inLanguage\":\"fr-FR\",\"@id\":\"https:\\\/\\\/www.univ-lorraine.fr\\\/orientation-insertion-professionnelle\\\/le-mois-de-lemploi-special-jeunes-diplome%c2%b7es\\\/#primaryimage\",\"url\":\"https:\\\/\\\/www.univ-lorraine.fr\\\/orientation-insertion-professionnelle\\\/wp-content\\\/uploads\\\/sites\\\/7\\\/2026\\\/03\\\/bandeau-mdejd-page-web-sans-texte-3.png\",\"contentUrl\":\"https:\\\/\\\/www.univ-lorraine.fr\\\/orientation-insertion-professionnelle\\\/wp-content\\\/uploads\\\/sites\\\/7\\\/2026\\\/03\\\/bandeau-mdejd-page-web-sans-texte-3.png\",\"width\":600,\"height\":200},{\"@type\":\"BreadcrumbList\",\"@id\":\"https:\\\/\\\/www.univ-lorraine.fr\\\/orientation-insertion-professionnelle\\\/le-mois-de-lemploi-special-jeunes-diplome%c2%b7es\\\/#breadcrumb\",\"itemListElement\":[{\"@type\":\"ListItem\",\"position\":1,\"name\":\"Accueil\",\"item\":\"https:\\\/\\\/www.univ-lorraine.fr\\\/orientation-insertion-professionnelle\\\/\"},{\"@type\":\"ListItem\",\"position\":2,\"name\":\"Le mois de l&#8217;emploi &#8211; Sp\u00e9cial jeunes dipl\u00f4m\u00e9\u00b7es\"}]},{\"@type\":\"WebSite\",\"@id\":\"https:\\\/\\\/www.univ-lorraine.fr\\\/orientation-insertion-professionnelle\\\/#website\",\"url\":\"https:\\\/\\\/www.univ-lorraine.fr\\\/orientation-insertion-professionnelle\\\/\",\"name\":\"Orientation et insertion professionnelle\",\"description\":\"\",\"publisher\":{\"@id\":\"https:\\\/\\\/www.univ-lorraine.fr\\\/orientation-insertion-professionnelle\\\/#organization\"},\"potentialAction\":[{\"@type\":\"SearchAction\",\"target\":{\"@type\":\"EntryPoint\",\"urlTemplate\":\"https:\\\/\\\/www.univ-lorraine.fr\\\/orientation-insertion-professionnelle\\\/?s={search_term_string}\"},\"query-input\":{\"@type\":\"PropertyValueSpecification\",\"valueRequired\":true,\"valueName\":\"search_term_string\"}}],\"inLanguage\":\"fr-FR\"},{\"@type\":\"Organization\",\"@id\":\"https:\\\/\\\/www.univ-lorraine.fr\\\/orientation-insertion-professionnelle\\\/#organization\",\"name\":\"Universit\u00e9 de Lorraine\",\"url\":\"https:\\\/\\\/www.univ-lorraine.fr\\\/orientation-insertion-professionnelle\\\/\",\"logo\":{\"@type\":\"ImageObject\",\"inLanguage\":\"fr-FR\",\"@id\":\"https:\\\/\\\/www.univ-lorraine.fr\\\/orientation-insertion-professionnelle\\\/#\\\/schema\\\/logo\\\/image\\\/\",\"url\":\"https:\\\/\\\/www.univ-lorraine.fr\\\/orientation-insertion-professionnelle\\\/wp-content\\\/uploads\\\/sites\\\/7\\\/2023\\\/04\\\/logo_siteweb2_Plan-de-travail-1.png\",\"contentUrl\":\"https:\\\/\\\/www.univ-lorraine.fr\\\/orientation-insertion-professionnelle\\\/wp-content\\\/uploads\\\/sites\\\/7\\\/2023\\\/04\\\/logo_siteweb2_Plan-de-travail-1.png\",\"width\":852,\"height\":492,\"caption\":\"Universit\u00e9 de Lorraine\"},\"image\":{\"@id\":\"https:\\\/\\\/www.univ-lorraine.fr\\\/orientation-insertion-professionnelle\\\/#\\\/schema\\\/logo\\\/image\\\/\"}}]}<\/script>\n<!-- \/ Yoast SEO plugin. -->","yoast_head_json":{"title":"Le mois de l'emploi - Sp\u00e9cial jeunes dipl\u00f4m\u00e9\u00b7es - Orientation et insertion professionnelle","robots":{"index":"index","follow":"follow","max-snippet":"max-snippet:-1","max-image-preview":"max-image-preview:large","max-video-preview":"max-video-preview:-1"},"canonical":"https:\/\/www.univ-lorraine.fr\/orientation-insertion-professionnelle\/le-mois-de-lemploi-special-jeunes-diplome\u00b7es\/","og_locale":"fr_FR","og_type":"article","og_title":"Le mois de l'emploi - Sp\u00e9cial jeunes dipl\u00f4m\u00e9\u00b7es - Orientation et insertion professionnelle","og_description":"Contact (informations et inscription) :","og_url":"https:\/\/www.univ-lorraine.fr\/orientation-insertion-professionnelle\/le-mois-de-lemploi-special-jeunes-diplome\u00b7es\/","og_site_name":"Orientation et insertion professionnelle","article_modified_time":"2026-04-07T13:35:32+00:00","og_image":[{"width":600,"height":200,"url":"https:\/\/www.univ-lorraine.fr\/orientation-insertion-professionnelle\/wp-content\/uploads\/sites\/7\/2026\/03\/bandeau-mdejd-page-web-sans-texte-3.png","type":"image\/png"}],"twitter_card":"summary_large_image","twitter_misc":{"Dur\u00e9e de lecture estim\u00e9e":"2 minutes"},"schema":{"@context":"https:\/\/schema.org","@graph":[{"@type":"WebPage","@id":"https:\/\/www.univ-lorraine.fr\/orientation-insertion-professionnelle\/le-mois-de-lemploi-special-jeunes-diplome%c2%b7es\/","url":"https:\/\/www.univ-lorraine.fr\/orientation-insertion-professionnelle\/le-mois-de-lemploi-special-jeunes-diplome%c2%b7es\/","name":"Le mois de l'emploi - Sp\u00e9cial jeunes dipl\u00f4m\u00e9\u00b7es - Orientation et insertion professionnelle","isPartOf":{"@id":"https:\/\/www.univ-lorraine.fr\/orientation-insertion-professionnelle\/#website"},"primaryImageOfPage":{"@id":"https:\/\/www.univ-lorraine.fr\/orientation-insertion-professionnelle\/le-mois-de-lemploi-special-jeunes-diplome%c2%b7es\/#primaryimage"},"image":{"@id":"https:\/\/www.univ-lorraine.fr\/orientation-insertion-professionnelle\/le-mois-de-lemploi-special-jeunes-diplome%c2%b7es\/#primaryimage"},"thumbnailUrl":"https:\/\/www.univ-lorraine.fr\/orientation-insertion-professionnelle\/wp-content\/uploads\/sites\/7\/2026\/03\/bandeau-mdejd-page-web-sans-texte-3.png","datePublished":"2026-03-18T13:47:36+00:00","dateModified":"2026-04-07T13:35:32+00:00","breadcrumb":{"@id":"https:\/\/www.univ-lorraine.fr\/orientation-insertion-professionnelle\/le-mois-de-lemploi-special-jeunes-diplome%c2%b7es\/#breadcrumb"},"inLanguage":"fr-FR","potentialAction":[{"@type":"ReadAction","target":["https:\/\/www.univ-lorraine.fr\/orientation-insertion-professionnelle\/le-mois-de-lemploi-special-jeunes-diplome%c2%b7es\/"]}]},{"@type":"ImageObject","inLanguage":"fr-FR","@id":"https:\/\/www.univ-lorraine.fr\/orientation-insertion-professionnelle\/le-mois-de-lemploi-special-jeunes-diplome%c2%b7es\/#primaryimage","url":"https:\/\/www.univ-lorraine.fr\/orientation-insertion-professionnelle\/wp-content\/uploads\/sites\/7\/2026\/03\/bandeau-mdejd-page-web-sans-texte-3.png","contentUrl":"https:\/\/www.univ-lorraine.fr\/orientation-insertion-professionnelle\/wp-content\/uploads\/sites\/7\/2026\/03\/bandeau-mdejd-page-web-sans-texte-3.png","width":600,"height":200},{"@type":"BreadcrumbList","@id":"https:\/\/www.univ-lorraine.fr\/orientation-insertion-professionnelle\/le-mois-de-lemploi-special-jeunes-diplome%c2%b7es\/#breadcrumb","itemListElement":[{"@type":"ListItem","position":1,"name":"Accueil","item":"https:\/\/www.univ-lorraine.fr\/orientation-insertion-professionnelle\/"},{"@type":"ListItem","position":2,"name":"Le mois de l&#8217;emploi &#8211; Sp\u00e9cial jeunes dipl\u00f4m\u00e9\u00b7es"}]},{"@type":"WebSite","@id":"https:\/\/www.univ-lorraine.fr\/orientation-insertion-professionnelle\/#website","url":"https:\/\/www.univ-lorraine.fr\/orientation-insertion-professionnelle\/","name":"Orientation et insertion professionnelle","description":"","publisher":{"@id":"https:\/\/www.univ-lorraine.fr\/orientation-insertion-professionnelle\/#organization"},"potentialAction":[{"@type":"SearchAction","target":{"@type":"EntryPoint","urlTemplate":"https:\/\/www.univ-lorraine.fr\/orientation-insertion-professionnelle\/?s={search_term_string}"},"query-input":{"@type":"PropertyValueSpecification","valueRequired":true,"valueName":"search_term_string"}}],"inLanguage":"fr-FR"},{"@type":"Organization","@id":"https:\/\/www.univ-lorraine.fr\/orientation-insertion-professionnelle\/#organization","name":"Universit\u00e9 de Lorraine","url":"https:\/\/www.univ-lorraine.fr\/orientation-insertion-professionnelle\/","logo":{"@type":"ImageObject","inLanguage":"fr-FR","@id":"https:\/\/www.univ-lorraine.fr\/orientation-insertion-professionnelle\/#\/schema\/logo\/image\/","url":"https:\/\/www.univ-lorraine.fr\/orientation-insertion-professionnelle\/wp-content\/uploads\/sites\/7\/2023\/04\/logo_siteweb2_Plan-de-travail-1.png","contentUrl":"https:\/\/www.univ-lorraine.fr\/orientation-insertion-professionnelle\/wp-content\/uploads\/sites\/7\/2023\/04\/logo_siteweb2_Plan-de-travail-1.png","width":852,"height":492,"caption":"Universit\u00e9 de Lorraine"},"image":{"@id":"https:\/\/www.univ-lorraine.fr\/orientation-insertion-professionnelle\/#\/schema\/logo\/image\/"}}]}},"_links":{"self":[{"href":"https:\/\/www.univ-lorraine.fr\/orientation-insertion-professionnelle\/wp-json\/wp\/v2\/pages\/12124","targetHints":{"allow":["GET"]}}],"collection":[{"href":"https:\/\/www.univ-lorraine.fr\/orientation-insertion-professionnelle\/wp-json\/wp\/v2\/pages"}],"about":[{"href":"https:\/\/www.univ-lorraine.fr\/orientation-insertion-professionnelle\/wp-json\/wp\/v2\/types\/page"}],"author":[{"embeddable":true,"href":"https:\/\/www.univ-lorraine.fr\/orientation-insertion-professionnelle\/wp-json\/wp\/v2\/users\/151"}],"replies":[{"embeddable":true,"href":"https:\/\/www.univ-lorraine.fr\/orientation-insertion-professionnelle\/wp-json\/wp\/v2\/comments?post=12124"}],"version-history":[{"count":41,"href":"https:\/\/www.univ-lorraine.fr\/orientation-insertion-professionnelle\/wp-json\/wp\/v2\/pages\/12124\/revisions"}],"predecessor-version":[{"id":15770,"href":"https:\/\/www.univ-lorraine.fr\/orientation-insertion-professionnelle\/wp-json\/wp\/v2\/pages\/12124\/revisions\/15770"}],"wp:attachment":[{"href":"https:\/\/www.univ-lorraine.fr\/orientation-insertion-professionnelle\/wp-json\/wp\/v2\/media?parent=12124"}],"wp:term":[{"taxonomy":"category","embeddable":true,"href":"https:\/\/www.univ-lorraine.fr\/orientation-insertion-professionnelle\/wp-json\/wp\/v2\/categories?post=12124"},{"taxonomy":"post_tag","embeddable":true,"href":"https:\/\/www.univ-lorraine.fr\/orientation-insertion-professionnelle\/wp-json\/wp\/v2\/tags?post=12124"}],"curies":[{"name":"wp","href":"https:\/\/api.w.org\/{rel}","templated":true}]}}