{"id":199,"date":"2021-03-18T21:04:49","date_gmt":"2021-03-18T20:04:49","guid":{"rendered":"https:\/\/www.univ-lorraine.fr\/orientation-insertion-professionnelle\/?page_id=199"},"modified":"2026-04-27T14:33:04","modified_gmt":"2026-04-27T12:33:04","slug":"infos-pratiques","status":"publish","type":"page","link":"https:\/\/www.univ-lorraine.fr\/orientation-insertion-professionnelle\/infos-pratiques\/","title":{"rendered":"INFOS PRATIQUES"},"content":{"rendered":"<div class=\"gb-grid-wrapper gb-grid-wrapper-47a4594b\">\n<div class=\"gb-grid-column gb-grid-column-9908528b\"><div class=\"gb-container gb-container-9908528b\"><div class=\"gb-inside-container\">\n\n<h2 class=\"wp-block-heading has-text-align-center\" style=\"font-size:27px;text-transform:uppercase\"><strong>les horaires du SOIP :<\/strong><\/h2>\n\n\n\n<p class=\"has-text-align-center\">(hors p\u00e9riodes de vacances)<\/p>\n\n\n\n<h4 class=\"wp-block-heading has-text-align-center\" style=\"font-size:25px\"><strong>Accueil sur place :<\/strong><\/h4>\n\n\n\n<p class=\"has-text-align-center has-medium-font-size\">du lundi au jeudi, de 9 h \u00e0 11 h 30 <br>et de 13 h 30 \u00e0 17 h.<\/p>\n\n\n\n<h4 class=\"wp-block-heading has-text-align-center\" style=\"font-size:25px\"><strong>Accueil t\u00e9l\u00e9phonique :<\/strong><\/h4>\n\n\n\n<p class=\"has-text-align-center has-medium-font-size\">du lundi au vendredi, de 9 h \u00e0 11 h 30 <br>et de 13 h 30 \u00e0 17 h.<\/p>\n\n\n\n<h4 class=\"wp-block-heading has-text-align-center\" style=\"font-size:25px\"><strong>Accueil en visio :<\/strong><\/h4>\n\n\n\n<p class=\"has-text-align-center has-medium-font-size\">le vendredi, de 9 h \u00e0 11 h 30.<\/p>\n\n\n\n<a class=\"gb-button gb-button-aaa2d9fc gb-button-text\" href=\"https:\/\/teams.microsoft.com\/l\/meetup-join\/19%3ameeting_Yzg2NmViYTQtZDJlMS00MWU4LTk5NWUtMjQxZjczYWFiOGU2%40thread.v2\/0?context=%7b%22Tid%22%3a%22158716cf-46b9-48ca-8c49-c7bb67e575f3%22%2c%22Oid%22%3a%2242bf7e99-6dd9-4966-aebb-9089501dad44%22%7d\" target=\"_blank\" rel=\"noopener noreferrer\">Se connecter \u00e0 l&rsquo;accueil<\/a>\n\n<\/div><\/div><\/div>\n\n<div class=\"gb-grid-column gb-grid-column-33aba008\"><div class=\"gb-container gb-container-33aba008\"><div class=\"gb-inside-container\">\n\n<h2 class=\"wp-block-heading has-text-align-center\" style=\"font-size:27px\"><strong>NOUS CONTACTER<\/strong><\/h2>\n\n\n\n<div class=\"wp-block-buttons is-content-justification-center is-layout-flex wp-container-core-buttons-is-layout-16018d1d wp-block-buttons-is-layout-flex\">\n<div class=\"wp-block-button\"><a class=\"wp-block-button__link wp-element-button\" href=\"https:\/\/www.univ-lorraine.fr\/orientation-insertion-professionnelle\/contact\/\" style=\"border-radius:30px\" target=\"_blank\" rel=\"noreferrer noopener\">Contacter le SOIP<\/a><\/div>\n<\/div>\n\n\n<div class=\"gb-grid-wrapper gb-grid-wrapper-3fc2decd\">\n<div class=\"gb-grid-column gb-grid-column-348f948a\"><div class=\"gb-container gb-container-348f948a\"><div class=\"gb-inside-container\">\n\n<h3 class=\"wp-block-heading has-text-align-center has-medium-font-size\">PAGE FACEBOOK DU SOIP<\/h3>\n\n\n<div class=\"gb-button-wrapper gb-button-wrapper-3f8a83d5\">\n\n<a class=\"gb-button gb-button-185865bd gb-button-text\" href=\"https:\/\/www.facebook.com\/soipunivlorraine\" target=\"_blank\" rel=\"noopener noreferrer\">Nous suivre sur Facebook<\/a>\n\n<\/div>\n<\/div><\/div><\/div>\n<\/div>\n\n<div class=\"gb-grid-wrapper gb-grid-wrapper-e88c2a31\">\n<div class=\"gb-grid-column gb-grid-column-f27d8a1d\"><div class=\"gb-container gb-container-f27d8a1d\"><div class=\"gb-inside-container\">\n\n<h3 class=\"wp-block-heading has-text-align-right has-medium-font-size\">NOS ACTIONS SUR<\/h3>\n\n<\/div><\/div><\/div>\n\n<div class=\"gb-grid-column gb-grid-column-cb9cce70\"><div class=\"gb-container gb-container-cb9cce70\"><div class=\"gb-inside-container\">\n<div class=\"wp-block-image\">\n<figure class=\"alignleft is-resized\"><img decoding=\"async\" src=\"https:\/\/dev-www.univ-lorraine.fr\/wp-content\/uploads\/2021\/01\/logo-factuel.png\" alt=\"L\u2019attribut alt de cette image est vide, son nom de fichier est logo-factuel.png.\" style=\"width:88px;height:26px\"\/><\/figure>\n<\/div>\n<\/div><\/div><\/div>\n<\/div>\n\n<div class=\"gb-container gb-container-dc093d07\"><div class=\"gb-inside-container\"><\/div><\/div>\n\n\n<div class=\"wp-block-buttons is-content-justification-center is-layout-flex wp-container-core-buttons-is-layout-16018d1d wp-block-buttons-is-layout-flex\">\n<div class=\"wp-block-button\"><a class=\"wp-block-button__link wp-element-button\" href=\"https:\/\/factuel.univ-lorraine.fr\/taxonomy\/term\/728\" target=\"_blank\" rel=\"noreferrer noopener\">Suivre l&rsquo;actu du SOIP<\/a><\/div>\n<\/div>\n\n<\/div><\/div><\/div>\n<\/div>\n\n<div class=\"gb-container gb-container-02d628b9\"><div class=\"gb-inside-container\">\n\n<div class=\"wp-block-media-text has-media-on-the-right is-stacked-on-mobile is-vertically-aligned-center has-base-3-background-color has-background\" style=\"grid-template-columns:auto 49%\"><div class=\"wp-block-media-text__content\">\n<div class=\"wp-block-cover is-light\"><span aria-hidden=\"true\" class=\"wp-block-cover__background has-background-dim-0 has-background-dim\"><\/span><div class=\"wp-block-cover__inner-container is-layout-flow wp-block-cover-is-layout-flow\">\n<h2 class=\"gb-headline gb-headline-886e523b gb-headline-text\">Le SOIP : une \u00e9quipe de plus de 30 personnes au service de votre projet !<\/h2>\n<\/div><\/div>\n<\/div><figure class=\"wp-block-media-text__media\"><img loading=\"lazy\" decoding=\"async\" width=\"1024\" height=\"768\" src=\"https:\/\/www.univ-lorraine.fr\/orientation-insertion-professionnelle\/wp-content\/uploads\/sites\/7\/2024\/07\/photo-soip-jardin-botanique-1-1024x768.jpg\" alt=\"\" class=\"wp-image-12346 size-full\" srcset=\"https:\/\/www.univ-lorraine.fr\/orientation-insertion-professionnelle\/wp-content\/uploads\/sites\/7\/2024\/07\/photo-soip-jardin-botanique-1-1024x768.jpg 1024w, https:\/\/www.univ-lorraine.fr\/orientation-insertion-professionnelle\/wp-content\/uploads\/sites\/7\/2024\/07\/photo-soip-jardin-botanique-1-300x225.jpg 300w, https:\/\/www.univ-lorraine.fr\/orientation-insertion-professionnelle\/wp-content\/uploads\/sites\/7\/2024\/07\/photo-soip-jardin-botanique-1-768x576.jpg 768w, https:\/\/www.univ-lorraine.fr\/orientation-insertion-professionnelle\/wp-content\/uploads\/sites\/7\/2024\/07\/photo-soip-jardin-botanique-1-1536x1152.jpg 1536w, https:\/\/www.univ-lorraine.fr\/orientation-insertion-professionnelle\/wp-content\/uploads\/sites\/7\/2024\/07\/photo-soip-jardin-botanique-1-2048x1536.jpg 2048w\" sizes=\"auto, (max-width: 1024px) 100vw, 1024px\" \/><\/figure><\/div>\n\n<\/div><\/div>\n\n<div class=\"gb-container gb-container-ac2f3f42\"><div class=\"gb-inside-container\">\n<div class=\"gb-grid-wrapper gb-grid-wrapper-843df14c\">\n<div class=\"gb-grid-column gb-grid-column-88c607d2\"><div class=\"gb-container gb-container-88c607d2\"><div class=\"gb-inside-container\">\n<div class=\"gb-container gb-container-8c59b057\"><div class=\"gb-inside-container\">\n\n<h2 class=\"wp-block-heading has-text-align-center\" style=\"font-size:27px;text-transform:uppercase\"><strong>Un service pr\u00e9sent sur trois campus<\/strong><\/h2>\n\n\n\n<p class=\"has-text-align-center\">Le SOIP : un service ouvert \u00e0 tous, <br>sur les trois principaux campus de l\u2019Universit\u00e9 de Lorraine.<\/p>\n\n\n<div class=\"gb-grid-wrapper gb-grid-wrapper-e701945b\">\n<div class=\"gb-grid-column gb-grid-column-335e37bf\"><div class=\"gb-container gb-container-335e37bf\"><div class=\"gb-inside-container\">\n<div class=\"gb-container gb-container-1f2e663e\"><div class=\"gb-inside-container\">\n<div class=\"gb-container gb-container-ed11484f\"><div class=\"gb-inside-container\">\n\n<iframe allowfullscreen=\"\" src=\"\/\/umap.openstreetmap.fr\/fr\/map\/soip-service-dorientation-et-dinsertion-profession_576844?scaleControl=false&amp;miniMap=false&amp;scrollWheelZoom=false&amp;zoomControl=true&amp;allowEdit=false&amp;moreControl=false&amp;searchControl=null&amp;tilelayersControl=null&amp;embedControl=null&amp;datalayersControl=null&amp;onLoadPanel=undefined&amp;captionBar=false\" scrolling=\"no\" style=\"height: 150px;\" title=\"Carte SOIP-Metz\"><\/iframe>\n\n<\/div><\/div>\n\n\n<p class=\"has-text-align-center\"><a href=\"\/\/umap.openstreetmap.fr\/fr\/map\/soip-service-dorientation-et-dinsertion-profession_576844\" target=\"_blank\" rel=\"noreferrer noopener\">Voir en plein \u00e9cran<\/a><\/p>\n\n\n<div class=\"gb-container gb-container-a6d5a64a\"><div class=\"gb-inside-container\">\n\n<h3 class=\"wp-block-heading has-text-align-center\" style=\"font-size:17px\">Campus du saulcy<\/h3>\n\n\n\n<p class=\"has-text-align-center\">\u00cele du Saulcy<br>B\u00e2timent Sciences humaines et sociales &#8211; 1<sup>re<\/sup> entr\u00e9e<br>57012 METZ cedex 1<br><strong>03 72 74&nbsp;03 62<\/strong><\/p>\n\n\n\n<p><\/p>\n\n<\/div><\/div>\n<\/div><\/div>\n<\/div><\/div><\/div>\n\n<div class=\"gb-grid-column gb-grid-column-417a1c82\"><div class=\"gb-container gb-container-417a1c82\"><div class=\"gb-inside-container\">\n<div class=\"gb-container gb-container-7be5c11b\"><div class=\"gb-inside-container\">\n<div class=\"gb-container gb-container-039a4d4d\"><div class=\"gb-inside-container\">\n\n<iframe allowfullscreen=\"\" src=\"\/\/umap.openstreetmap.fr\/fr\/map\/soip-service-dorientation-et-dinsertion-profession_576856?scaleControl=false&amp;miniMap=false&amp;scrollWheelZoom=false&amp;zoomControl=true&amp;allowEdit=false&amp;moreControl=false&amp;searchControl=null&amp;tilelayersControl=null&amp;embedControl=null&amp;datalayersControl=null&amp;onLoadPanel=undefined&amp;captionBar=false\" scrolling=\"no\" style=\"height: 150px;\" title=\"Carte SOIP-Nancy\"><\/iframe>\n\n\n\n<p class=\"has-text-align-center\"><a href=\"https:\/\/umap.openstreetmap.fr\/fr\/map\/soip-service-dorientation-et-dinsertion-profession_576856#19\/48.69366\/6.16599\" target=\"_blank\" rel=\"noreferrer noopener\">Voir en plein \u00e9cran<\/a><\/p>\n\n<\/div><\/div>\n\n<div class=\"gb-container gb-container-bcf1f0a1\"><div class=\"gb-inside-container\">\n\n<h3 class=\"wp-block-heading has-text-align-center\" style=\"font-size:17px\">Campus Lettres et sciences humaines<\/h3>\n\n\n\n<p class=\"has-text-align-center\">Maison de l\u2019\u00e9tudiant<br>B\u00e2timent D &#8211; Entr\u00e9e D2 &#8211; 2<sup>e<\/sup> \u00e9tage<br>23, boulevard Albert 1er<br>54001 NANCY<br><strong>03 72 74&nbsp;03 61<\/strong><\/p>\n\n<\/div><\/div>\n<\/div><\/div>\n<\/div><\/div><\/div>\n\n<div class=\"gb-grid-column gb-grid-column-933dd181\"><div class=\"gb-container gb-container-933dd181\"><div class=\"gb-inside-container\">\n<div class=\"gb-container gb-container-2164162d\"><div class=\"gb-inside-container\">\n<div class=\"gb-container gb-container-ec6dc9a3\"><div class=\"gb-inside-container\">\n\n<iframe allowfullscreen=\"\" src=\"\/\/umap.openstreetmap.fr\/fr\/map\/soip-service-dorientation-et-dinsertion-profession_576857?scaleControl=false&amp;miniMap=false&amp;scrollWheelZoom=false&amp;zoomControl=true&amp;allowEdit=false&amp;moreControl=false&amp;searchControl=null&amp;tilelayersControl=null&amp;embedControl=null&amp;datalayersControl=null&amp;onLoadPanel=undefined&amp;captionBar=false\" scrolling=\"no\" style=\"height: 150px;\" title=\"Carte SOIP-Vandoeuvre\"><\/iframe>\n\n\n\n<p class=\"has-text-align-center\"><a href=\"https:\/\/umap.openstreetmap.fr\/fr\/map\/soip-service-dorientation-et-dinsertion-profession_576857#17\/48.66748\/6.16014\" target=\"_blank\" rel=\"noreferrer noopener\">Voir en plein \u00e9cran<\/a><\/p>\n\n<\/div><\/div>\n\n<div class=\"gb-container gb-container-17ff3022\"><div class=\"gb-inside-container\">\n\n<h3 class=\"wp-block-heading has-text-align-center\" style=\"font-size:17px\">Campus AiguillettES<\/h3>\n\n\n\n<p class=\"has-text-align-center\">Espace de services Aiguillettes &#8211; ESA<br>Rue du Jardin Botanique<br>54600 VILLERS-L\u00c8S-NANCY<br><strong>03 72 74 03 60<\/strong><\/p>\n\n<\/div><\/div>\n<\/div><\/div>\n<\/div><\/div><\/div>\n<\/div>\n<\/div><\/div>\n\n\n<p><\/p>\n\n\n\n<p><\/p>\n\n<\/div><\/div><\/div>\n<\/div>\n<\/div><\/div>\n\n<div class=\"gb-container gb-container-28c71344\"><div class=\"gb-inside-container\"><\/div><\/div>","protected":false},"excerpt":{"rendered":"","protected":false},"author":7,"featured_media":0,"parent":0,"menu_order":0,"comment_status":"closed","ping_status":"closed","template":"","meta":{"inline_featured_image":false,"footnotes":""},"categories":[],"tags":[],"class_list":["post-199","page","type-page","status-publish"],"yoast_head":"<!-- This site is optimized with the Yoast SEO plugin v27.4 - https:\/\/yoast.com\/product\/yoast-seo-wordpress\/ -->\n<title>INFOS PRATIQUES - Orientation et insertion professionnelle<\/title>\n<meta name=\"robots\" content=\"index, follow, max-snippet:-1, max-image-preview:large, max-video-preview:-1\" \/>\n<link rel=\"canonical\" href=\"https:\/\/www.univ-lorraine.fr\/orientation-insertion-professionnelle\/infos-pratiques\/\" \/>\n<meta property=\"og:locale\" content=\"fr_FR\" \/>\n<meta property=\"og:type\" content=\"article\" \/>\n<meta property=\"og:title\" content=\"INFOS PRATIQUES - Orientation et insertion professionnelle\" \/>\n<meta property=\"og:url\" content=\"https:\/\/www.univ-lorraine.fr\/orientation-insertion-professionnelle\/infos-pratiques\/\" \/>\n<meta property=\"og:site_name\" content=\"Orientation et insertion professionnelle\" \/>\n<meta property=\"article:modified_time\" content=\"2026-04-27T12:33:04+00:00\" \/>\n<meta property=\"og:image\" content=\"https:\/\/dev-www.univ-lorraine.fr\/wp-content\/uploads\/2021\/01\/logo-factuel.png\" \/>\n<meta name=\"twitter:card\" content=\"summary_large_image\" \/>\n<meta name=\"twitter:label1\" content=\"Dur\u00e9e de lecture estim\u00e9e\" \/>\n\t<meta name=\"twitter:data1\" content=\"2 minutes\" \/>\n<script type=\"application\/ld+json\" class=\"yoast-schema-graph\">{\"@context\":\"https:\\\/\\\/schema.org\",\"@graph\":[{\"@type\":\"WebPage\",\"@id\":\"https:\\\/\\\/www.univ-lorraine.fr\\\/orientation-insertion-professionnelle\\\/infos-pratiques\\\/\",\"url\":\"https:\\\/\\\/www.univ-lorraine.fr\\\/orientation-insertion-professionnelle\\\/infos-pratiques\\\/\",\"name\":\"INFOS PRATIQUES - Orientation et insertion professionnelle\",\"isPartOf\":{\"@id\":\"https:\\\/\\\/www.univ-lorraine.fr\\\/orientation-insertion-professionnelle\\\/#website\"},\"primaryImageOfPage\":{\"@id\":\"https:\\\/\\\/www.univ-lorraine.fr\\\/orientation-insertion-professionnelle\\\/infos-pratiques\\\/#primaryimage\"},\"image\":{\"@id\":\"https:\\\/\\\/www.univ-lorraine.fr\\\/orientation-insertion-professionnelle\\\/infos-pratiques\\\/#primaryimage\"},\"thumbnailUrl\":\"https:\\\/\\\/dev-www.univ-lorraine.fr\\\/wp-content\\\/uploads\\\/2021\\\/01\\\/logo-factuel.png\",\"datePublished\":\"2021-03-18T20:04:49+00:00\",\"dateModified\":\"2026-04-27T12:33:04+00:00\",\"breadcrumb\":{\"@id\":\"https:\\\/\\\/www.univ-lorraine.fr\\\/orientation-insertion-professionnelle\\\/infos-pratiques\\\/#breadcrumb\"},\"inLanguage\":\"fr-FR\",\"potentialAction\":[{\"@type\":\"ReadAction\",\"target\":[\"https:\\\/\\\/www.univ-lorraine.fr\\\/orientation-insertion-professionnelle\\\/infos-pratiques\\\/\"]}]},{\"@type\":\"ImageObject\",\"inLanguage\":\"fr-FR\",\"@id\":\"https:\\\/\\\/www.univ-lorraine.fr\\\/orientation-insertion-professionnelle\\\/infos-pratiques\\\/#primaryimage\",\"url\":\"https:\\\/\\\/dev-www.univ-lorraine.fr\\\/wp-content\\\/uploads\\\/2021\\\/01\\\/logo-factuel.png\",\"contentUrl\":\"https:\\\/\\\/dev-www.univ-lorraine.fr\\\/wp-content\\\/uploads\\\/2021\\\/01\\\/logo-factuel.png\"},{\"@type\":\"BreadcrumbList\",\"@id\":\"https:\\\/\\\/www.univ-lorraine.fr\\\/orientation-insertion-professionnelle\\\/infos-pratiques\\\/#breadcrumb\",\"itemListElement\":[{\"@type\":\"ListItem\",\"position\":1,\"name\":\"Accueil\",\"item\":\"https:\\\/\\\/www.univ-lorraine.fr\\\/orientation-insertion-professionnelle\\\/\"},{\"@type\":\"ListItem\",\"position\":2,\"name\":\"INFOS PRATIQUES\"}]},{\"@type\":\"WebSite\",\"@id\":\"https:\\\/\\\/www.univ-lorraine.fr\\\/orientation-insertion-professionnelle\\\/#website\",\"url\":\"https:\\\/\\\/www.univ-lorraine.fr\\\/orientation-insertion-professionnelle\\\/\",\"name\":\"Orientation et insertion professionnelle\",\"description\":\"\",\"publisher\":{\"@id\":\"https:\\\/\\\/www.univ-lorraine.fr\\\/orientation-insertion-professionnelle\\\/#organization\"},\"potentialAction\":[{\"@type\":\"SearchAction\",\"target\":{\"@type\":\"EntryPoint\",\"urlTemplate\":\"https:\\\/\\\/www.univ-lorraine.fr\\\/orientation-insertion-professionnelle\\\/?s={search_term_string}\"},\"query-input\":{\"@type\":\"PropertyValueSpecification\",\"valueRequired\":true,\"valueName\":\"search_term_string\"}}],\"inLanguage\":\"fr-FR\"},{\"@type\":\"Organization\",\"@id\":\"https:\\\/\\\/www.univ-lorraine.fr\\\/orientation-insertion-professionnelle\\\/#organization\",\"name\":\"Universit\u00e9 de Lorraine\",\"url\":\"https:\\\/\\\/www.univ-lorraine.fr\\\/orientation-insertion-professionnelle\\\/\",\"logo\":{\"@type\":\"ImageObject\",\"inLanguage\":\"fr-FR\",\"@id\":\"https:\\\/\\\/www.univ-lorraine.fr\\\/orientation-insertion-professionnelle\\\/#\\\/schema\\\/logo\\\/image\\\/\",\"url\":\"https:\\\/\\\/www.univ-lorraine.fr\\\/orientation-insertion-professionnelle\\\/wp-content\\\/uploads\\\/sites\\\/7\\\/2023\\\/04\\\/logo_siteweb2_Plan-de-travail-1.png\",\"contentUrl\":\"https:\\\/\\\/www.univ-lorraine.fr\\\/orientation-insertion-professionnelle\\\/wp-content\\\/uploads\\\/sites\\\/7\\\/2023\\\/04\\\/logo_siteweb2_Plan-de-travail-1.png\",\"width\":852,\"height\":492,\"caption\":\"Universit\u00e9 de Lorraine\"},\"image\":{\"@id\":\"https:\\\/\\\/www.univ-lorraine.fr\\\/orientation-insertion-professionnelle\\\/#\\\/schema\\\/logo\\\/image\\\/\"}}]}<\/script>\n<!-- \/ Yoast SEO plugin. -->","yoast_head_json":{"title":"INFOS PRATIQUES - Orientation et insertion professionnelle","robots":{"index":"index","follow":"follow","max-snippet":"max-snippet:-1","max-image-preview":"max-image-preview:large","max-video-preview":"max-video-preview:-1"},"canonical":"https:\/\/www.univ-lorraine.fr\/orientation-insertion-professionnelle\/infos-pratiques\/","og_locale":"fr_FR","og_type":"article","og_title":"INFOS PRATIQUES - Orientation et insertion professionnelle","og_url":"https:\/\/www.univ-lorraine.fr\/orientation-insertion-professionnelle\/infos-pratiques\/","og_site_name":"Orientation et insertion professionnelle","article_modified_time":"2026-04-27T12:33:04+00:00","og_image":[{"url":"https:\/\/dev-www.univ-lorraine.fr\/wp-content\/uploads\/2021\/01\/logo-factuel.png","type":"","width":"","height":""}],"twitter_card":"summary_large_image","twitter_misc":{"Dur\u00e9e de lecture estim\u00e9e":"2 minutes"},"schema":{"@context":"https:\/\/schema.org","@graph":[{"@type":"WebPage","@id":"https:\/\/www.univ-lorraine.fr\/orientation-insertion-professionnelle\/infos-pratiques\/","url":"https:\/\/www.univ-lorraine.fr\/orientation-insertion-professionnelle\/infos-pratiques\/","name":"INFOS PRATIQUES - Orientation et insertion professionnelle","isPartOf":{"@id":"https:\/\/www.univ-lorraine.fr\/orientation-insertion-professionnelle\/#website"},"primaryImageOfPage":{"@id":"https:\/\/www.univ-lorraine.fr\/orientation-insertion-professionnelle\/infos-pratiques\/#primaryimage"},"image":{"@id":"https:\/\/www.univ-lorraine.fr\/orientation-insertion-professionnelle\/infos-pratiques\/#primaryimage"},"thumbnailUrl":"https:\/\/dev-www.univ-lorraine.fr\/wp-content\/uploads\/2021\/01\/logo-factuel.png","datePublished":"2021-03-18T20:04:49+00:00","dateModified":"2026-04-27T12:33:04+00:00","breadcrumb":{"@id":"https:\/\/www.univ-lorraine.fr\/orientation-insertion-professionnelle\/infos-pratiques\/#breadcrumb"},"inLanguage":"fr-FR","potentialAction":[{"@type":"ReadAction","target":["https:\/\/www.univ-lorraine.fr\/orientation-insertion-professionnelle\/infos-pratiques\/"]}]},{"@type":"ImageObject","inLanguage":"fr-FR","@id":"https:\/\/www.univ-lorraine.fr\/orientation-insertion-professionnelle\/infos-pratiques\/#primaryimage","url":"https:\/\/dev-www.univ-lorraine.fr\/wp-content\/uploads\/2021\/01\/logo-factuel.png","contentUrl":"https:\/\/dev-www.univ-lorraine.fr\/wp-content\/uploads\/2021\/01\/logo-factuel.png"},{"@type":"BreadcrumbList","@id":"https:\/\/www.univ-lorraine.fr\/orientation-insertion-professionnelle\/infos-pratiques\/#breadcrumb","itemListElement":[{"@type":"ListItem","position":1,"name":"Accueil","item":"https:\/\/www.univ-lorraine.fr\/orientation-insertion-professionnelle\/"},{"@type":"ListItem","position":2,"name":"INFOS PRATIQUES"}]},{"@type":"WebSite","@id":"https:\/\/www.univ-lorraine.fr\/orientation-insertion-professionnelle\/#website","url":"https:\/\/www.univ-lorraine.fr\/orientation-insertion-professionnelle\/","name":"Orientation et insertion professionnelle","description":"","publisher":{"@id":"https:\/\/www.univ-lorraine.fr\/orientation-insertion-professionnelle\/#organization"},"potentialAction":[{"@type":"SearchAction","target":{"@type":"EntryPoint","urlTemplate":"https:\/\/www.univ-lorraine.fr\/orientation-insertion-professionnelle\/?s={search_term_string}"},"query-input":{"@type":"PropertyValueSpecification","valueRequired":true,"valueName":"search_term_string"}}],"inLanguage":"fr-FR"},{"@type":"Organization","@id":"https:\/\/www.univ-lorraine.fr\/orientation-insertion-professionnelle\/#organization","name":"Universit\u00e9 de Lorraine","url":"https:\/\/www.univ-lorraine.fr\/orientation-insertion-professionnelle\/","logo":{"@type":"ImageObject","inLanguage":"fr-FR","@id":"https:\/\/www.univ-lorraine.fr\/orientation-insertion-professionnelle\/#\/schema\/logo\/image\/","url":"https:\/\/www.univ-lorraine.fr\/orientation-insertion-professionnelle\/wp-content\/uploads\/sites\/7\/2023\/04\/logo_siteweb2_Plan-de-travail-1.png","contentUrl":"https:\/\/www.univ-lorraine.fr\/orientation-insertion-professionnelle\/wp-content\/uploads\/sites\/7\/2023\/04\/logo_siteweb2_Plan-de-travail-1.png","width":852,"height":492,"caption":"Universit\u00e9 de Lorraine"},"image":{"@id":"https:\/\/www.univ-lorraine.fr\/orientation-insertion-professionnelle\/#\/schema\/logo\/image\/"}}]}},"_links":{"self":[{"href":"https:\/\/www.univ-lorraine.fr\/orientation-insertion-professionnelle\/wp-json\/wp\/v2\/pages\/199","targetHints":{"allow":["GET"]}}],"collection":[{"href":"https:\/\/www.univ-lorraine.fr\/orientation-insertion-professionnelle\/wp-json\/wp\/v2\/pages"}],"about":[{"href":"https:\/\/www.univ-lorraine.fr\/orientation-insertion-professionnelle\/wp-json\/wp\/v2\/types\/page"}],"author":[{"embeddable":true,"href":"https:\/\/www.univ-lorraine.fr\/orientation-insertion-professionnelle\/wp-json\/wp\/v2\/users\/7"}],"replies":[{"embeddable":true,"href":"https:\/\/www.univ-lorraine.fr\/orientation-insertion-professionnelle\/wp-json\/wp\/v2\/comments?post=199"}],"version-history":[{"count":70,"href":"https:\/\/www.univ-lorraine.fr\/orientation-insertion-professionnelle\/wp-json\/wp\/v2\/pages\/199\/revisions"}],"predecessor-version":[{"id":15884,"href":"https:\/\/www.univ-lorraine.fr\/orientation-insertion-professionnelle\/wp-json\/wp\/v2\/pages\/199\/revisions\/15884"}],"wp:attachment":[{"href":"https:\/\/www.univ-lorraine.fr\/orientation-insertion-professionnelle\/wp-json\/wp\/v2\/media?parent=199"}],"wp:term":[{"taxonomy":"category","embeddable":true,"href":"https:\/\/www.univ-lorraine.fr\/orientation-insertion-professionnelle\/wp-json\/wp\/v2\/categories?post=199"},{"taxonomy":"post_tag","embeddable":true,"href":"https:\/\/www.univ-lorraine.fr\/orientation-insertion-professionnelle\/wp-json\/wp\/v2\/tags?post=199"}],"curies":[{"name":"wp","href":"https:\/\/api.w.org\/{rel}","templated":true}]}}