{"id":2209,"date":"2021-09-20T12:15:11","date_gmt":"2021-09-20T10:15:11","guid":{"rendered":"https:\/\/www.univ-lorraine.fr\/orientation-insertion-professionnelle\/?page_id=2209"},"modified":"2023-03-02T15:55:05","modified_gmt":"2023-03-02T14:55:05","slug":"convention-de-stage","status":"publish","type":"page","link":"https:\/\/www.univ-lorraine.fr\/orientation-insertion-professionnelle\/ressources\/stage-emploi-et-alternance\/convention-de-stage\/","title":{"rendered":"Convention de stage"},"content":{"rendered":"\n<h2 class=\"wp-block-heading\"><strong>CADRE L\u00c9GAL<\/strong><\/h2>\n\n\n\n<p>&nbsp;La convention de stage est un document obligatoire tripartite conclu entre le stagiaire, l\u2019organisme d\u2019accueil et l\u2019\u00e9tablissement d\u2019enseignement.<\/p>\n\n\n\n<p>Ce document d\u00e9finit les conditions :<\/p>\n\n\n\n<ul class=\"wp-block-list\">\n<li>juridiques (c\u2019est-\u00e0-dire les droits et obligations de chacun),<\/li>\n\n\n\n<li>financi\u00e8res (versement ou non d\u2019une gratification au stagiaire, prise en charge de frais, etc.),<\/li>\n\n\n\n<li>p\u00e9dagogiques (activit\u00e9s exerc\u00e9es par le stagiaire, emploi du temps, etc.)<\/li>\n<\/ul>\n\n\n\n<p>La convention doit \u00eatre \u00e9tablie<strong>&nbsp;avant le d\u00e9but du stage<\/strong>.<\/p>\n\n\n\n<h4 class=\"wp-block-heading\">A noter<\/h4>\n\n\n\n<ul class=\"wp-block-list\">\n<li><strong>Aucun stage ne peut d\u00e9buter avant la signature de la convention<\/strong>&nbsp;par toutes les parties,<\/li>\n\n\n\n<li>La convention de stage doit&nbsp;<strong>pr\u00e9ciser la dur\u00e9e du stage en heures<\/strong>&nbsp;(maximum 6 mois par ann\u00e9e d\u2019enseignement soit 924 heures),<\/li>\n\n\n\n<li>Elle indique \u00e9galement&nbsp;<strong>les comp\u00e9tences \u00e0 acqu\u00e9rir ou \u00e0 d\u00e9velopper<\/strong>,<\/li>\n\n\n\n<li><strong>Une attestation de stage<\/strong>&nbsp;mentionnant les dates, la dur\u00e9e effective totale du stage et le montant de la gratification vers\u00e9e, le cas \u00e9ch\u00e9ant, doit \u00eatre remise \u00e0 l\u2019\u00e9tudiant \u00e0 l\u2019issue du stage<\/li>\n<\/ul>\n\n\n\n<h4 class=\"wp-block-heading\">Lien utile<\/h4>\n\n\n\n<p><a href=\"https:\/\/www.enseignementsup-recherche.gouv.fr\/fr\/guide-des-stages-etudiants-en-france-et-l-etranger-87533\" target=\"_blank\" rel=\"noreferrer noopener\">Le Guide des stages \u00e9tudiants<\/a><\/p>\n\n\n\n<h2 class=\"wp-block-heading\"><strong>CLAUSES<\/strong><\/h2>\n\n\n\n<p>&nbsp;La convention de stage est un document obligatoire tripartite conclu entre le stagiaire, l\u2019organisme d\u2019accueil et l\u2019\u00e9tablissement d\u2019enseignement.<\/p>\n\n\n\n<h4 class=\"wp-block-heading\">La convention comporte les mentions obligatoires suivantes<\/h4>\n\n\n\n<ul class=\"wp-block-list\">\n<li>Intitul\u00e9 complet du cursus ou de la formation du stagiaire et son volume horaire annuel ou semestriel<\/li>\n\n\n\n<li>Nom de l\u2019enseignant-r\u00e9f\u00e9rent de l\u2019\u00e9tablissement d\u2019enseignement et nom du tuteur professionnel<\/li>\n\n\n\n<li>Comp\u00e9tences \u00e0 acqu\u00e9rir ou \u00e0 d\u00e9velopper au cours du stage<\/li>\n\n\n\n<li>Activit\u00e9s confi\u00e9es en relation avec les objectifs de la formation<\/li>\n\n\n\n<li>Dates de d\u00e9but et de fin de stage et dur\u00e9e totale en heures du stage<\/li>\n\n\n\n<li>Dur\u00e9e de pr\u00e9sence effective hebdomadaire du stagiaire et sa pr\u00e9sence, le cas \u00e9ch\u00e9ant, la nuit, le dimanche ou les jours f\u00e9ri\u00e9s<\/li>\n\n\n\n<li>Conditions d\u2019encadrement et de suivi du stagiaire<\/li>\n\n\n\n<li>Montant de la gratification \u00e9ventuellement vers\u00e9e au stagiaire et modalit\u00e9s de son versement<\/li>\n<\/ul>\n\n\n\n<ul class=\"wp-block-list\">\n<li>R\u00e9gime de protection sociale du stagiaire y compris protection en cas d\u2019accident du travail et obligation faite au stagiaire de justifier d\u2019une assurance responsabilit\u00e9 civile<\/li>\n\n\n\n<li>Cong\u00e9s et autorisations d\u2019absence (stages de + de 2 mois)<\/li>\n\n\n\n<li>Modalit\u00e9s de suspension et de r\u00e9siliation de la convention<\/li>\n\n\n\n<li>Modalit\u00e9s de validation du stage en cas d\u2019interruption<\/li>\n\n\n\n<li>Liste des avantages offerts au stagiaire (acc\u00e8s au restaurant d\u2019entreprise ou aux titres restaurant et prise en charge des frais de transport, acc\u00e8s aux activit\u00e9s sociales et culturelles du comit\u00e9 d\u2019entreprise)<\/li>\n\n\n\n<li>Clauses du r\u00e8glement int\u00e9rieur de l\u2019organisme d\u2019accueil<\/li>\n\n\n\n<li>Conditions de d\u00e9livrance par l\u2019organisme d\u2019accueil de l\u2019attestation de stage<\/li>\n<\/ul>\n\n\n\n<h2 class=\"wp-block-heading\"><strong>CIRCUIT DE LA CONVENTION<\/strong><\/h2>\n\n\n\n<p>&nbsp;La convention de stage est un document obligatoire tripartite conclu entre le stagiaire, l\u2019organisme d\u2019accueil et l\u2019\u00e9tablissement d\u2019enseignement.<\/p>\n\n\n<div class=\"gb-container gb-container-ce18f9e6\"><div class=\"gb-inside-container\">\n<div class=\"gb-grid-wrapper gb-grid-wrapper-1fed40eb\">\n<div class=\"gb-grid-column gb-grid-column-c87c5775\"><div class=\"gb-container gb-container-c87c5775\"><div class=\"gb-inside-container\">\n\n<figure class=\"wp-block-image size-large\"><img loading=\"lazy\" decoding=\"async\" width=\"1024\" height=\"512\" src=\"https:\/\/www.univ-lorraine.fr\/orientation-insertion-professionnelle\/wp-content\/uploads\/sites\/7\/2021\/10\/circuit-convention01-1024x512.png\" alt=\"\" class=\"wp-image-2440\" srcset=\"https:\/\/www.univ-lorraine.fr\/orientation-insertion-professionnelle\/wp-content\/uploads\/sites\/7\/2021\/10\/circuit-convention01-1024x512.png 1024w, https:\/\/www.univ-lorraine.fr\/orientation-insertion-professionnelle\/wp-content\/uploads\/sites\/7\/2021\/10\/circuit-convention01-300x150.png 300w, https:\/\/www.univ-lorraine.fr\/orientation-insertion-professionnelle\/wp-content\/uploads\/sites\/7\/2021\/10\/circuit-convention01-768x384.png 768w, https:\/\/www.univ-lorraine.fr\/orientation-insertion-professionnelle\/wp-content\/uploads\/sites\/7\/2021\/10\/circuit-convention01.png 1280w\" sizes=\"auto, (max-width: 1024px) 100vw, 1024px\" \/><\/figure>\n\n\n\n<figure class=\"wp-block-image size-large\"><img loading=\"lazy\" decoding=\"async\" width=\"1024\" height=\"512\" src=\"https:\/\/www.univ-lorraine.fr\/orientation-insertion-professionnelle\/wp-content\/uploads\/sites\/7\/2021\/10\/circuit-convention04-1024x512.png\" alt=\"\" class=\"wp-image-2443\" srcset=\"https:\/\/www.univ-lorraine.fr\/orientation-insertion-professionnelle\/wp-content\/uploads\/sites\/7\/2021\/10\/circuit-convention04-1024x512.png 1024w, https:\/\/www.univ-lorraine.fr\/orientation-insertion-professionnelle\/wp-content\/uploads\/sites\/7\/2021\/10\/circuit-convention04-300x150.png 300w, https:\/\/www.univ-lorraine.fr\/orientation-insertion-professionnelle\/wp-content\/uploads\/sites\/7\/2021\/10\/circuit-convention04-768x384.png 768w, https:\/\/www.univ-lorraine.fr\/orientation-insertion-professionnelle\/wp-content\/uploads\/sites\/7\/2021\/10\/circuit-convention04.png 1280w\" sizes=\"auto, (max-width: 1024px) 100vw, 1024px\" \/><\/figure>\n\n\n\n<figure class=\"wp-block-image size-large\"><img loading=\"lazy\" decoding=\"async\" width=\"1024\" height=\"512\" src=\"https:\/\/www.univ-lorraine.fr\/orientation-insertion-professionnelle\/wp-content\/uploads\/sites\/7\/2021\/10\/circuit-convention05-1024x512.png\" alt=\"\" class=\"wp-image-2444\" srcset=\"https:\/\/www.univ-lorraine.fr\/orientation-insertion-professionnelle\/wp-content\/uploads\/sites\/7\/2021\/10\/circuit-convention05-1024x512.png 1024w, https:\/\/www.univ-lorraine.fr\/orientation-insertion-professionnelle\/wp-content\/uploads\/sites\/7\/2021\/10\/circuit-convention05-300x150.png 300w, https:\/\/www.univ-lorraine.fr\/orientation-insertion-professionnelle\/wp-content\/uploads\/sites\/7\/2021\/10\/circuit-convention05-768x384.png 768w, https:\/\/www.univ-lorraine.fr\/orientation-insertion-professionnelle\/wp-content\/uploads\/sites\/7\/2021\/10\/circuit-convention05.png 1280w\" sizes=\"auto, (max-width: 1024px) 100vw, 1024px\" \/><\/figure>\n\n<\/div><\/div><\/div>\n\n<div class=\"gb-grid-column gb-grid-column-cc1c5bf0\"><div class=\"gb-container gb-container-cc1c5bf0\"><div class=\"gb-inside-container\">\n\n<figure class=\"wp-block-image size-large\"><img loading=\"lazy\" decoding=\"async\" width=\"1024\" height=\"512\" src=\"https:\/\/www.univ-lorraine.fr\/orientation-insertion-professionnelle\/wp-content\/uploads\/sites\/7\/2021\/10\/circuit-convention02-1024x512.png\" alt=\"\" class=\"wp-image-2441\" srcset=\"https:\/\/www.univ-lorraine.fr\/orientation-insertion-professionnelle\/wp-content\/uploads\/sites\/7\/2021\/10\/circuit-convention02-1024x512.png 1024w, https:\/\/www.univ-lorraine.fr\/orientation-insertion-professionnelle\/wp-content\/uploads\/sites\/7\/2021\/10\/circuit-convention02-300x150.png 300w, https:\/\/www.univ-lorraine.fr\/orientation-insertion-professionnelle\/wp-content\/uploads\/sites\/7\/2021\/10\/circuit-convention02-768x384.png 768w, https:\/\/www.univ-lorraine.fr\/orientation-insertion-professionnelle\/wp-content\/uploads\/sites\/7\/2021\/10\/circuit-convention02.png 1280w\" sizes=\"auto, (max-width: 1024px) 100vw, 1024px\" \/><\/figure>\n\n\n\n<figure class=\"wp-block-image size-large\"><img loading=\"lazy\" decoding=\"async\" width=\"1024\" height=\"512\" src=\"https:\/\/www.univ-lorraine.fr\/orientation-insertion-professionnelle\/wp-content\/uploads\/sites\/7\/2021\/10\/circuit-convention03-1024x512.png\" alt=\"\" class=\"wp-image-2442\" srcset=\"https:\/\/www.univ-lorraine.fr\/orientation-insertion-professionnelle\/wp-content\/uploads\/sites\/7\/2021\/10\/circuit-convention03-1024x512.png 1024w, https:\/\/www.univ-lorraine.fr\/orientation-insertion-professionnelle\/wp-content\/uploads\/sites\/7\/2021\/10\/circuit-convention03-300x150.png 300w, https:\/\/www.univ-lorraine.fr\/orientation-insertion-professionnelle\/wp-content\/uploads\/sites\/7\/2021\/10\/circuit-convention03-768x384.png 768w, https:\/\/www.univ-lorraine.fr\/orientation-insertion-professionnelle\/wp-content\/uploads\/sites\/7\/2021\/10\/circuit-convention03.png 1280w\" sizes=\"auto, (max-width: 1024px) 100vw, 1024px\" \/><\/figure>\n\n<\/div><\/div><\/div>\n<\/div>\n<\/div><\/div>\n\n\n<h2 class=\"wp-block-heading\"><strong>CONVENTION UL<\/strong><\/h2>\n\n\n\n<p>&nbsp;La convention de stage est un document obligatoire tripartite conclu entre le stagiaire, l\u2019organisme d\u2019accueil et l\u2019\u00e9tablissement d\u2019enseignement.<\/p>\n\n\n\n<ul class=\"wp-block-list\">\n<li>La&nbsp;<strong>convention de stage UL<\/strong>&nbsp;est disponible dans l\u2019ENT&gt;Universit\u00e9&gt;Infos scolarit\u00e9&gt;<a href=\"https:\/\/ent.univ-lorraine.fr\/f\/u27l1s4\/p\/intranet-manager-portlet-info-scol.u27l1n52\/max\/render.uP?pP_folder=772&amp;pP_action=viewfolder\" target=\"_blank\" rel=\"noreferrer noopener\">Conventions de stage<\/a><\/li>\n\n\n\n<li>La convention de stage type et l\u2019attestation sont consultables sur le&nbsp;<a href=\"http:\/\/www.enseignementsup-recherche.gouv.fr\/pid20536\/bulletin-officiel.html?cid_bo=85805&amp;cbo=1\" target=\"_blank\" rel=\"noreferrer noopener\">site de l\u2019Enseignement sup\u00e9rieur et de la Recherche<\/a><\/li>\n<\/ul>\n\n\n\n<p><\/p>\n","protected":false},"excerpt":{"rendered":"<p>CADRE L\u00c9GAL &nbsp;La convention de stage est un document obligatoire tripartite conclu entre le stagiaire, l\u2019organisme d\u2019accueil et l\u2019\u00e9tablissement d\u2019enseignement. Ce document d\u00e9finit les conditions : La convention doit \u00eatre \u00e9tablie&nbsp;avant le d\u00e9but du stage. A noter Lien utile Le Guide des stages \u00e9tudiants CLAUSES &nbsp;La convention de stage est un document obligatoire tripartite conclu &#8230; <a title=\"Convention de stage\" class=\"read-more\" href=\"https:\/\/www.univ-lorraine.fr\/orientation-insertion-professionnelle\/ressources\/stage-emploi-et-alternance\/convention-de-stage\/\" aria-label=\"En savoir plus sur Convention de stage\">Lire plus<\/a><\/p>\n","protected":false},"author":7,"featured_media":0,"parent":4903,"menu_order":0,"comment_status":"closed","ping_status":"closed","template":"","meta":{"inline_featured_image":false,"footnotes":""},"categories":[15,19],"tags":[],"class_list":{"0":"post-2209","1":"page","2":"type-page","3":"status-publish","5":"category-insertion-professionnelle","6":"category-stages"},"yoast_head":"<!-- This site is optimized with the Yoast SEO plugin v27.4 - https:\/\/yoast.com\/product\/yoast-seo-wordpress\/ -->\n<title>Convention de stage - Orientation et insertion professionnelle<\/title>\n<meta name=\"robots\" content=\"index, follow, max-snippet:-1, max-image-preview:large, max-video-preview:-1\" \/>\n<link rel=\"canonical\" href=\"https:\/\/www.univ-lorraine.fr\/orientation-insertion-professionnelle\/ressources\/stage-emploi-et-alternance\/convention-de-stage\/\" \/>\n<meta property=\"og:locale\" content=\"fr_FR\" \/>\n<meta property=\"og:type\" content=\"article\" \/>\n<meta property=\"og:title\" content=\"Convention de stage - Orientation et insertion professionnelle\" \/>\n<meta property=\"og:description\" content=\"CADRE L\u00c9GAL &nbsp;La convention de stage est un document obligatoire tripartite conclu entre le stagiaire, l\u2019organisme d\u2019accueil et l\u2019\u00e9tablissement d\u2019enseignement. Ce document d\u00e9finit les conditions : La convention doit \u00eatre \u00e9tablie&nbsp;avant le d\u00e9but du stage. A noter Lien utile Le Guide des stages \u00e9tudiants CLAUSES &nbsp;La convention de stage est un document obligatoire tripartite conclu ... Lire plus\" \/>\n<meta property=\"og:url\" content=\"https:\/\/www.univ-lorraine.fr\/orientation-insertion-professionnelle\/ressources\/stage-emploi-et-alternance\/convention-de-stage\/\" \/>\n<meta property=\"og:site_name\" content=\"Orientation et insertion professionnelle\" \/>\n<meta property=\"article:modified_time\" content=\"2023-03-02T14:55:05+00:00\" \/>\n<meta property=\"og:image\" content=\"https:\/\/www.univ-lorraine.fr\/orientation-insertion-professionnelle\/wp-content\/uploads\/sites\/7\/2021\/10\/circuit-convention01-1024x512.png\" \/>\n<meta name=\"twitter:card\" content=\"summary_large_image\" \/>\n<meta name=\"twitter:label1\" content=\"Dur\u00e9e de lecture estim\u00e9e\" \/>\n\t<meta name=\"twitter:data1\" content=\"4 minutes\" \/>\n<script type=\"application\/ld+json\" class=\"yoast-schema-graph\">{\"@context\":\"https:\\\/\\\/schema.org\",\"@graph\":[{\"@type\":\"WebPage\",\"@id\":\"https:\\\/\\\/www.univ-lorraine.fr\\\/orientation-insertion-professionnelle\\\/ressources\\\/stage-emploi-et-alternance\\\/convention-de-stage\\\/\",\"url\":\"https:\\\/\\\/www.univ-lorraine.fr\\\/orientation-insertion-professionnelle\\\/ressources\\\/stage-emploi-et-alternance\\\/convention-de-stage\\\/\",\"name\":\"Convention de stage - Orientation et insertion professionnelle\",\"isPartOf\":{\"@id\":\"https:\\\/\\\/www.univ-lorraine.fr\\\/orientation-insertion-professionnelle\\\/#website\"},\"primaryImageOfPage\":{\"@id\":\"https:\\\/\\\/www.univ-lorraine.fr\\\/orientation-insertion-professionnelle\\\/ressources\\\/stage-emploi-et-alternance\\\/convention-de-stage\\\/#primaryimage\"},\"image\":{\"@id\":\"https:\\\/\\\/www.univ-lorraine.fr\\\/orientation-insertion-professionnelle\\\/ressources\\\/stage-emploi-et-alternance\\\/convention-de-stage\\\/#primaryimage\"},\"thumbnailUrl\":\"https:\\\/\\\/www.univ-lorraine.fr\\\/orientation-insertion-professionnelle\\\/wp-content\\\/uploads\\\/sites\\\/7\\\/2021\\\/10\\\/circuit-convention01-1024x512.png\",\"datePublished\":\"2021-09-20T10:15:11+00:00\",\"dateModified\":\"2023-03-02T14:55:05+00:00\",\"breadcrumb\":{\"@id\":\"https:\\\/\\\/www.univ-lorraine.fr\\\/orientation-insertion-professionnelle\\\/ressources\\\/stage-emploi-et-alternance\\\/convention-de-stage\\\/#breadcrumb\"},\"inLanguage\":\"fr-FR\",\"potentialAction\":[{\"@type\":\"ReadAction\",\"target\":[\"https:\\\/\\\/www.univ-lorraine.fr\\\/orientation-insertion-professionnelle\\\/ressources\\\/stage-emploi-et-alternance\\\/convention-de-stage\\\/\"]}]},{\"@type\":\"ImageObject\",\"inLanguage\":\"fr-FR\",\"@id\":\"https:\\\/\\\/www.univ-lorraine.fr\\\/orientation-insertion-professionnelle\\\/ressources\\\/stage-emploi-et-alternance\\\/convention-de-stage\\\/#primaryimage\",\"url\":\"https:\\\/\\\/www.univ-lorraine.fr\\\/orientation-insertion-professionnelle\\\/wp-content\\\/uploads\\\/sites\\\/7\\\/2021\\\/10\\\/circuit-convention01.png\",\"contentUrl\":\"https:\\\/\\\/www.univ-lorraine.fr\\\/orientation-insertion-professionnelle\\\/wp-content\\\/uploads\\\/sites\\\/7\\\/2021\\\/10\\\/circuit-convention01.png\",\"width\":1280,\"height\":640},{\"@type\":\"BreadcrumbList\",\"@id\":\"https:\\\/\\\/www.univ-lorraine.fr\\\/orientation-insertion-professionnelle\\\/ressources\\\/stage-emploi-et-alternance\\\/convention-de-stage\\\/#breadcrumb\",\"itemListElement\":[{\"@type\":\"ListItem\",\"position\":1,\"name\":\"Accueil\",\"item\":\"https:\\\/\\\/www.univ-lorraine.fr\\\/orientation-insertion-professionnelle\\\/\"},{\"@type\":\"ListItem\",\"position\":2,\"name\":\"Ressources\",\"item\":\"https:\\\/\\\/www.univ-lorraine.fr\\\/orientation-insertion-professionnelle\\\/ressources\\\/\"},{\"@type\":\"ListItem\",\"position\":3,\"name\":\"Stage, emploi et alternance\",\"item\":\"https:\\\/\\\/www.univ-lorraine.fr\\\/orientation-insertion-professionnelle\\\/ressources\\\/stage-emploi-et-alternance\\\/\"},{\"@type\":\"ListItem\",\"position\":4,\"name\":\"Convention de stage\"}]},{\"@type\":\"WebSite\",\"@id\":\"https:\\\/\\\/www.univ-lorraine.fr\\\/orientation-insertion-professionnelle\\\/#website\",\"url\":\"https:\\\/\\\/www.univ-lorraine.fr\\\/orientation-insertion-professionnelle\\\/\",\"name\":\"Orientation et insertion professionnelle\",\"description\":\"\",\"publisher\":{\"@id\":\"https:\\\/\\\/www.univ-lorraine.fr\\\/orientation-insertion-professionnelle\\\/#organization\"},\"potentialAction\":[{\"@type\":\"SearchAction\",\"target\":{\"@type\":\"EntryPoint\",\"urlTemplate\":\"https:\\\/\\\/www.univ-lorraine.fr\\\/orientation-insertion-professionnelle\\\/?s={search_term_string}\"},\"query-input\":{\"@type\":\"PropertyValueSpecification\",\"valueRequired\":true,\"valueName\":\"search_term_string\"}}],\"inLanguage\":\"fr-FR\"},{\"@type\":\"Organization\",\"@id\":\"https:\\\/\\\/www.univ-lorraine.fr\\\/orientation-insertion-professionnelle\\\/#organization\",\"name\":\"Universit\u00e9 de Lorraine\",\"url\":\"https:\\\/\\\/www.univ-lorraine.fr\\\/orientation-insertion-professionnelle\\\/\",\"logo\":{\"@type\":\"ImageObject\",\"inLanguage\":\"fr-FR\",\"@id\":\"https:\\\/\\\/www.univ-lorraine.fr\\\/orientation-insertion-professionnelle\\\/#\\\/schema\\\/logo\\\/image\\\/\",\"url\":\"https:\\\/\\\/www.univ-lorraine.fr\\\/orientation-insertion-professionnelle\\\/wp-content\\\/uploads\\\/sites\\\/7\\\/2023\\\/04\\\/logo_siteweb2_Plan-de-travail-1.png\",\"contentUrl\":\"https:\\\/\\\/www.univ-lorraine.fr\\\/orientation-insertion-professionnelle\\\/wp-content\\\/uploads\\\/sites\\\/7\\\/2023\\\/04\\\/logo_siteweb2_Plan-de-travail-1.png\",\"width\":852,\"height\":492,\"caption\":\"Universit\u00e9 de Lorraine\"},\"image\":{\"@id\":\"https:\\\/\\\/www.univ-lorraine.fr\\\/orientation-insertion-professionnelle\\\/#\\\/schema\\\/logo\\\/image\\\/\"}}]}<\/script>\n<!-- \/ Yoast SEO plugin. -->","yoast_head_json":{"title":"Convention de stage - Orientation et insertion professionnelle","robots":{"index":"index","follow":"follow","max-snippet":"max-snippet:-1","max-image-preview":"max-image-preview:large","max-video-preview":"max-video-preview:-1"},"canonical":"https:\/\/www.univ-lorraine.fr\/orientation-insertion-professionnelle\/ressources\/stage-emploi-et-alternance\/convention-de-stage\/","og_locale":"fr_FR","og_type":"article","og_title":"Convention de stage - Orientation et insertion professionnelle","og_description":"CADRE L\u00c9GAL &nbsp;La convention de stage est un document obligatoire tripartite conclu entre le stagiaire, l\u2019organisme d\u2019accueil et l\u2019\u00e9tablissement d\u2019enseignement. Ce document d\u00e9finit les conditions : La convention doit \u00eatre \u00e9tablie&nbsp;avant le d\u00e9but du stage. A noter Lien utile Le Guide des stages \u00e9tudiants CLAUSES &nbsp;La convention de stage est un document obligatoire tripartite conclu ... Lire plus","og_url":"https:\/\/www.univ-lorraine.fr\/orientation-insertion-professionnelle\/ressources\/stage-emploi-et-alternance\/convention-de-stage\/","og_site_name":"Orientation et insertion professionnelle","article_modified_time":"2023-03-02T14:55:05+00:00","og_image":[{"url":"https:\/\/www.univ-lorraine.fr\/orientation-insertion-professionnelle\/wp-content\/uploads\/sites\/7\/2021\/10\/circuit-convention01-1024x512.png","type":"","width":"","height":""}],"twitter_card":"summary_large_image","twitter_misc":{"Dur\u00e9e de lecture estim\u00e9e":"4 minutes"},"schema":{"@context":"https:\/\/schema.org","@graph":[{"@type":"WebPage","@id":"https:\/\/www.univ-lorraine.fr\/orientation-insertion-professionnelle\/ressources\/stage-emploi-et-alternance\/convention-de-stage\/","url":"https:\/\/www.univ-lorraine.fr\/orientation-insertion-professionnelle\/ressources\/stage-emploi-et-alternance\/convention-de-stage\/","name":"Convention de stage - Orientation et insertion professionnelle","isPartOf":{"@id":"https:\/\/www.univ-lorraine.fr\/orientation-insertion-professionnelle\/#website"},"primaryImageOfPage":{"@id":"https:\/\/www.univ-lorraine.fr\/orientation-insertion-professionnelle\/ressources\/stage-emploi-et-alternance\/convention-de-stage\/#primaryimage"},"image":{"@id":"https:\/\/www.univ-lorraine.fr\/orientation-insertion-professionnelle\/ressources\/stage-emploi-et-alternance\/convention-de-stage\/#primaryimage"},"thumbnailUrl":"https:\/\/www.univ-lorraine.fr\/orientation-insertion-professionnelle\/wp-content\/uploads\/sites\/7\/2021\/10\/circuit-convention01-1024x512.png","datePublished":"2021-09-20T10:15:11+00:00","dateModified":"2023-03-02T14:55:05+00:00","breadcrumb":{"@id":"https:\/\/www.univ-lorraine.fr\/orientation-insertion-professionnelle\/ressources\/stage-emploi-et-alternance\/convention-de-stage\/#breadcrumb"},"inLanguage":"fr-FR","potentialAction":[{"@type":"ReadAction","target":["https:\/\/www.univ-lorraine.fr\/orientation-insertion-professionnelle\/ressources\/stage-emploi-et-alternance\/convention-de-stage\/"]}]},{"@type":"ImageObject","inLanguage":"fr-FR","@id":"https:\/\/www.univ-lorraine.fr\/orientation-insertion-professionnelle\/ressources\/stage-emploi-et-alternance\/convention-de-stage\/#primaryimage","url":"https:\/\/www.univ-lorraine.fr\/orientation-insertion-professionnelle\/wp-content\/uploads\/sites\/7\/2021\/10\/circuit-convention01.png","contentUrl":"https:\/\/www.univ-lorraine.fr\/orientation-insertion-professionnelle\/wp-content\/uploads\/sites\/7\/2021\/10\/circuit-convention01.png","width":1280,"height":640},{"@type":"BreadcrumbList","@id":"https:\/\/www.univ-lorraine.fr\/orientation-insertion-professionnelle\/ressources\/stage-emploi-et-alternance\/convention-de-stage\/#breadcrumb","itemListElement":[{"@type":"ListItem","position":1,"name":"Accueil","item":"https:\/\/www.univ-lorraine.fr\/orientation-insertion-professionnelle\/"},{"@type":"ListItem","position":2,"name":"Ressources","item":"https:\/\/www.univ-lorraine.fr\/orientation-insertion-professionnelle\/ressources\/"},{"@type":"ListItem","position":3,"name":"Stage, emploi et alternance","item":"https:\/\/www.univ-lorraine.fr\/orientation-insertion-professionnelle\/ressources\/stage-emploi-et-alternance\/"},{"@type":"ListItem","position":4,"name":"Convention de stage"}]},{"@type":"WebSite","@id":"https:\/\/www.univ-lorraine.fr\/orientation-insertion-professionnelle\/#website","url":"https:\/\/www.univ-lorraine.fr\/orientation-insertion-professionnelle\/","name":"Orientation et insertion professionnelle","description":"","publisher":{"@id":"https:\/\/www.univ-lorraine.fr\/orientation-insertion-professionnelle\/#organization"},"potentialAction":[{"@type":"SearchAction","target":{"@type":"EntryPoint","urlTemplate":"https:\/\/www.univ-lorraine.fr\/orientation-insertion-professionnelle\/?s={search_term_string}"},"query-input":{"@type":"PropertyValueSpecification","valueRequired":true,"valueName":"search_term_string"}}],"inLanguage":"fr-FR"},{"@type":"Organization","@id":"https:\/\/www.univ-lorraine.fr\/orientation-insertion-professionnelle\/#organization","name":"Universit\u00e9 de Lorraine","url":"https:\/\/www.univ-lorraine.fr\/orientation-insertion-professionnelle\/","logo":{"@type":"ImageObject","inLanguage":"fr-FR","@id":"https:\/\/www.univ-lorraine.fr\/orientation-insertion-professionnelle\/#\/schema\/logo\/image\/","url":"https:\/\/www.univ-lorraine.fr\/orientation-insertion-professionnelle\/wp-content\/uploads\/sites\/7\/2023\/04\/logo_siteweb2_Plan-de-travail-1.png","contentUrl":"https:\/\/www.univ-lorraine.fr\/orientation-insertion-professionnelle\/wp-content\/uploads\/sites\/7\/2023\/04\/logo_siteweb2_Plan-de-travail-1.png","width":852,"height":492,"caption":"Universit\u00e9 de Lorraine"},"image":{"@id":"https:\/\/www.univ-lorraine.fr\/orientation-insertion-professionnelle\/#\/schema\/logo\/image\/"}}]}},"_links":{"self":[{"href":"https:\/\/www.univ-lorraine.fr\/orientation-insertion-professionnelle\/wp-json\/wp\/v2\/pages\/2209","targetHints":{"allow":["GET"]}}],"collection":[{"href":"https:\/\/www.univ-lorraine.fr\/orientation-insertion-professionnelle\/wp-json\/wp\/v2\/pages"}],"about":[{"href":"https:\/\/www.univ-lorraine.fr\/orientation-insertion-professionnelle\/wp-json\/wp\/v2\/types\/page"}],"author":[{"embeddable":true,"href":"https:\/\/www.univ-lorraine.fr\/orientation-insertion-professionnelle\/wp-json\/wp\/v2\/users\/7"}],"replies":[{"embeddable":true,"href":"https:\/\/www.univ-lorraine.fr\/orientation-insertion-professionnelle\/wp-json\/wp\/v2\/comments?post=2209"}],"version-history":[{"count":9,"href":"https:\/\/www.univ-lorraine.fr\/orientation-insertion-professionnelle\/wp-json\/wp\/v2\/pages\/2209\/revisions"}],"predecessor-version":[{"id":5925,"href":"https:\/\/www.univ-lorraine.fr\/orientation-insertion-professionnelle\/wp-json\/wp\/v2\/pages\/2209\/revisions\/5925"}],"up":[{"embeddable":true,"href":"https:\/\/www.univ-lorraine.fr\/orientation-insertion-professionnelle\/wp-json\/wp\/v2\/pages\/4903"}],"wp:attachment":[{"href":"https:\/\/www.univ-lorraine.fr\/orientation-insertion-professionnelle\/wp-json\/wp\/v2\/media?parent=2209"}],"wp:term":[{"taxonomy":"category","embeddable":true,"href":"https:\/\/www.univ-lorraine.fr\/orientation-insertion-professionnelle\/wp-json\/wp\/v2\/categories?post=2209"},{"taxonomy":"post_tag","embeddable":true,"href":"https:\/\/www.univ-lorraine.fr\/orientation-insertion-professionnelle\/wp-json\/wp\/v2\/tags?post=2209"}],"curies":[{"name":"wp","href":"https:\/\/api.w.org\/{rel}","templated":true}]}}