{"id":2211,"date":"2021-09-20T12:16:00","date_gmt":"2021-09-20T10:16:00","guid":{"rendered":"https:\/\/www.univ-lorraine.fr\/orientation-insertion-professionnelle\/?page_id=2211"},"modified":"2022-11-09T09:19:07","modified_gmt":"2022-11-09T08:19:07","slug":"organiser-sa-recherche-de-stage","status":"publish","type":"page","link":"https:\/\/www.univ-lorraine.fr\/orientation-insertion-professionnelle\/ressources\/stage-emploi-et-alternance\/organiser-sa-recherche-de-stage\/","title":{"rendered":"Organiser sa recherche de stage"},"content":{"rendered":"\n<h2 class=\"wp-block-heading\" id=\"projet-stage\"><strong>PROJET DE STAGE<\/strong><\/h2>\n\n\n\n<p>&nbsp;Pour que votre stage soit r\u00e9ussi et que vous puissiez le valoriser dans une candidature, il est primordial d\u2019\u00e9laborer un projet de stage.<\/p>\n\n\n\n<p>En effet, chercher un stage ne se r\u00e9sume pas seulement \u00e0 envoyer un CV et une lettre de motivation. Il est n\u00e9cessaire d\u2019avoir r\u00e9fl\u00e9chi au pr\u00e9alable \u00e0 :<\/p>\n\n\n\n<ul class=\"wp-block-list\">\n<li><strong>vos objectifs et motivations<\/strong>&nbsp;: quel(s) type(s) de mission(s) souhaiteriez-vous r\u00e9aliser, dans quel contexte, pour d\u00e9velopper ou mettre en \u0153uvre quelles comp\u00e9tences ?<\/li>\n\n\n\n<li><strong>vos contraintes<\/strong>&nbsp;: g\u00e9ographiques, de mobilit\u00e9 ou li\u00e9es aux objectifs p\u00e9dagogiques du stage,<\/li>\n\n\n\n<li><strong>le type de structure<\/strong>&nbsp;: petite structure (cabinet, bureau d\u2019\u00e9tudes\u2026), PME\/PMI, grande entreprise et quel service en particulier,<\/li>\n\n\n\n<li><strong>le secteur d\u2019activit\u00e9 vis\u00e9<\/strong>.<\/li>\n<\/ul>\n\n\n\n<p>R\u00e9pondre aux questions suivantes vous aidera \u00e0 d\u00e9finir un projet de stage :<\/p>\n\n\n\n<div class=\"wp-block-pb-accordion-item c-accordion__item js-accordion-item no-js\" data-initially-open=\"false\" data-click-to-close=\"true\" data-auto-close=\"true\" data-scroll=\"false\" data-scroll-offset=\"0\"><h4 id=\"at-22110\" class=\"c-accordion__title js-accordion-controller\" role=\"button\"><a href=\"http:\/\/platine.univ-lorraine.fr\/#panel-1341-0\">Qu\u2019est-ce que je veux faire ?<\/a><\/h4><div id=\"ac-22110\" class=\"c-accordion__content\">\n<p>Vous devez \u00eatre au clair sur&nbsp;<strong>vos attentes personnelles et priorit\u00e9s vis-\u00e0-vis du contenu du stage<\/strong>. Certains veulent v\u00e9rifier qu\u2019ils s\u2019engagent dans la bonne voie en d\u00e9couvrant un secteur d\u2019activit\u00e9, d\u2019autres souhaitent commencer \u00e0 appliquer des connaissances ou, s\u2019ils sont plus avanc\u00e9s, d\u00e9velopper des comp\u00e9tences&nbsp; plus pointues propres \u00e0 un domaine d\u2019activit\u00e9. Quels que soient vos objectifs, faites le point sur votre formation, vos comp\u00e9tences et centres d\u2019int\u00e9r\u00eats ; il s\u2019agit du travail de&nbsp;<a href=\"https:\/\/www.univ-lorraine.fr\/orientation-insertion-professionnelle\/?page_id=2118\" target=\"_blank\" rel=\"noreferrer noopener\">bilan personnel<\/a>.<\/p>\n<\/div><\/div>\n\n\n\n<div class=\"wp-block-pb-accordion-item c-accordion__item js-accordion-item no-js\" data-initially-open=\"false\" data-click-to-close=\"true\" data-auto-close=\"true\" data-scroll=\"false\" data-scroll-offset=\"0\"><h4 id=\"at-22111\" class=\"c-accordion__title js-accordion-controller\" role=\"button\"><a href=\"http:\/\/platine.univ-lorraine.fr\/#panel-1341-1\">Qu\u2019est-ce que je peux proposer \u00e0 une entreprise ?<\/a><\/h4><div id=\"ac-22111\" class=\"c-accordion__content\">\n<p>La d\u00e9marche consiste \u00e0 vous interroger sur ce que vous seriez capable de r\u00e9aliser, au regard de votre niveau d\u2019\u00e9tudes et de la sp\u00e9cialit\u00e9 suivie, qui pourrait int\u00e9resser une entreprise. Il s\u2019agit concr\u00e8tement de&nbsp;<strong>d\u00e9finir votre offre de service, c\u2019est-\u00e0-dire les activit\u00e9s\/t\u00e2ches ou types de travaux (\u00e9tude, enqu\u00eate, projet particulier) \u00e0 proposer dans votre candidature de stage<\/strong>&nbsp;(lettre de motivation et entretien). Les avantages d\u2019adopter une d\u00e9marche proactive, c\u2019est-\u00e0-dire qui va au-devant des attentes des entreprises, sont multiples :<\/p>\n\n\n\n<ul class=\"wp-block-list\">\n<li>d\u00e9crocher un stage de qualit\u00e9 avec une v\u00e9ritable mission \u00ab\u00a0op\u00e9rationnelle\u00a0\u00bb<\/li>\n\n\n\n<li>d\u00e9velopper des comp\u00e9tences professionnelles \u00e0 faire valoir par la suite dans son CV<\/li>\n\n\n\n<li>convaincre une entreprise \u00e0 vous prendre en stage m\u00eame si ce n\u2019\u00e9tait pas dans ses intentions premi\u00e8res (manque de temps, pas d\u2019id\u00e9e de mission \u00e0 confier) en lui pr\u00e9sentant ce que vous \u00eates capable de faire.<\/li>\n<\/ul>\n<\/div><\/div>\n\n\n\n<div class=\"wp-block-pb-accordion-item c-accordion__item js-accordion-item no-js\" data-initially-open=\"false\" data-click-to-close=\"true\" data-auto-close=\"true\" data-scroll=\"false\" data-scroll-offset=\"0\"><h4 id=\"at-22112\" class=\"c-accordion__title js-accordion-controller\" role=\"button\"><a href=\"http:\/\/platine.univ-lorraine.fr\/#panel-1341-2\">Comment pr\u00e9senter mon offre de services ?<\/a><\/h4><div id=\"ac-22112\" class=\"c-accordion__content\">\n<p>L\u2019objectif est de pr\u00e9senter votre offre de service sous forme de&nbsp;<strong>proposition(s) de mission(s)\/d\u2019activit\u00e9(s)<\/strong>&nbsp;professionnelles que vous pourriez r\u00e9aliser.<br><strong>Par exemple :<\/strong><\/p>\n\n\n\n<ul class=\"wp-block-list\">\n<li>exploiter des outils de gestion (tableaux de bord, statistiques)<\/li>\n\n\n\n<li>assurer une veille concurrentielle, technologique\u2026<\/li>\n\n\n\n<li>organiser un \u00e9v\u00e9nement, une r\u00e9union\u2026<\/li>\n\n\n\n<li>mettre en place un fichier client<\/li>\n<\/ul>\n\n\n\n<ul class=\"wp-block-list\">\n<li>traduire des documents<\/li>\n\n\n\n<li>\u00e9laborer une enqu\u00eate de satisfaction<\/li>\n\n\n\n<li>traiter et analyser les r\u00e9sultats d\u2019une enqu\u00eate<\/li>\n\n\n\n<li>synth\u00e9tiser une \u00e9tude<\/li>\n\n\n\n<li>r\u00e9diger un compte rendu, un rapport, une \u00e9tude<\/li>\n<\/ul>\n\n\n\n<p>etc.<\/p>\n\n\n\n<p>Un exemple :&nbsp;<a href=\"https:\/\/www.univ-lorraine.fr\/orientation-insertion-professionnelle\/?page_id=2450\" target=\"_blank\" rel=\"noreferrer noopener\">le projet de stage de Barbara<\/a><\/p>\n<\/div><\/div>\n\n\n<div class=\"gb-container gb-container-3570fda9\"><div class=\"gb-inside-container\">\n<div class=\"gb-grid-wrapper gb-grid-wrapper-f2705ba7\">\n<div class=\"gb-grid-column gb-grid-column-5b4403a7\"><div class=\"gb-container gb-container-5b4403a7\"><div class=\"gb-inside-container\"><\/div><\/div><\/div>\n<\/div>\n<\/div><\/div>\n\n\n<h4 class=\"wp-block-heading\">Pour imaginer et trouver des id\u00e9es de missions ou d\u2019activit\u00e9s de stage, informez-vous via<\/h4>\n\n\n\n<ul class=\"wp-block-list\">\n<li>les rapports de stage des ann\u00e9es pass\u00e9es (disponibles \u00e0 la BU ou aupr\u00e8s de votre responsable enseignant)<\/li>\n\n\n\n<li>les offres de stage et d\u2019emploi en rapport avec la fonction vis\u00e9e ce qui vous permettra de d\u00e9terminer le profil recherch\u00e9, les missions \u00e0 remplir et les activit\u00e9s \u00e0 r\u00e9aliser<\/li>\n\n\n\n<li>les fiches fonctions et m\u00e9tiers de l\u2019APEC, du P\u00f4le Emploi ou sp\u00e9cialis\u00e9es par secteur d\u2019activit\u00e9<\/li>\n\n\n\n<li>des interviews de proches (famille, amis), des enseignants, des anciens \u00e9tudiants ou des professionnels qui connaissent la fonction vis\u00e9e (<a href=\"https:\/\/www.univ-lorraine.fr\/orientation-insertion-professionnelle\/?page_id=2204\">d\u00e9marche r\u00e9seau<\/a>)<\/li>\n<\/ul>\n\n\n\n<h2 class=\"wp-block-heading\"><strong>\u00c9TAPES DE LA RECHERCHE<\/strong><\/h2>\n\n\n\n<p>Le stage est devenu une \u00e9tape incontournable de son parcours pour acqu\u00e9rir de l\u2019exp\u00e9rience et acc\u00e9der au premier emploi. Pour le trouver, mieux vaut s\u2019y prendre t\u00f4t et proc\u00e9der de mani\u00e8re organis\u00e9e.<\/p>\n\n\n\n<p><strong>Prenons l\u2019exemple d\u2019un stage d\u00e9butant courant mars<\/strong>&nbsp;: quel est le calendrier et quelles sont les \u00e9tapes essentielles \u00e0 ne pas oublier ?<\/p>\n\n\n\n<div class=\"wp-block-pb-accordion-item c-accordion__item js-accordion-item no-js\" data-initially-open=\"false\" data-click-to-close=\"true\" data-auto-close=\"true\" data-scroll=\"false\" data-scroll-offset=\"0\"><h2 id=\"at-22113\" class=\"c-accordion__title js-accordion-controller\" role=\"button\">D&rsquo;octobre \u00e0 novembre<\/h2><div id=\"ac-22113\" class=\"c-accordion__content\">\n<h4 class=\"wp-block-heading\">5 \u00e0 6 mois avant le d\u00e9but du stage<\/h4>\n\n\n\n<ul class=\"wp-block-list\">\n<li>Commencer \u00e0 d\u00e9finir son&nbsp;<a href=\"#projet-stage\">projet de stage<\/a><\/li>\n\n\n\n<li>Faire le&nbsp;<a href=\"https:\/\/www.univ-lorraine.fr\/orientation-insertion-professionnelle\/?page_id=2118\" target=\"_blank\" rel=\"noreferrer noopener\">bilan<\/a>&nbsp;de ses acquis<\/li>\n\n\n\n<li>Pr\u00e9parer son&nbsp;<a href=\"https:\/\/www.univ-lorraine.fr\/orientation-insertion-professionnelle\/?page_id=2178\" target=\"_blank\" rel=\"noreferrer noopener\">CV<\/a>&nbsp;et sa&nbsp;<a href=\"https:\/\/www.univ-lorraine.fr\/orientation-insertion-professionnelle\/?page_id=2182\" target=\"_blank\" rel=\"noreferrer noopener\">lettre de motivation<\/a>&nbsp;\u00ab standard \u00bb<\/li>\n\n\n\n<li><a href=\"https:\/\/www.univ-lorraine.fr\/orientation-insertion-professionnelle\/?page_id=2204\" target=\"_blank\" rel=\"noreferrer noopener\">Recenser tous les contacts utiles<\/a>&nbsp;: tous les avis sont bons \u00e0 prendre et peuvent ouvrir des pistes de recherche<\/li>\n<\/ul>\n<\/div><\/div>\n\n\n\n<div class=\"wp-block-pb-accordion-item c-accordion__item js-accordion-item no-js\" data-initially-open=\"false\" data-click-to-close=\"true\" data-auto-close=\"true\" data-scroll=\"false\" data-scroll-offset=\"0\"><h2 id=\"at-22114\" class=\"c-accordion__title js-accordion-controller\" role=\"button\">De novembre \u00e0 d\u00e9cembre<\/h2><div id=\"ac-22114\" class=\"c-accordion__content\">\n<h4 class=\"wp-block-heading\">4 \u00e0 5 mois avant le d\u00e9but du stage<\/h4>\n\n\n\n<ul class=\"wp-block-list\">\n<li>Rechercher des offres de stage, se rendre sur des&nbsp;<a href=\"https:\/\/www.univ-lorraine.fr\/orientation-insertion-professionnelle\/?page_id=2421\" target=\"_blank\" rel=\"noreferrer noopener\">forums de recrutement<\/a><\/li>\n\n\n\n<li>\u00c9tablir un listing d\u2019organismes pour envoyer des candidatures spontan\u00e9es (annuaire des DRH,&nbsp;<a href=\"https:\/\/www.univ-lorraine.fr\/orientation-insertion-professionnelle\/?page_id=2408\" target=\"_blank\" rel=\"noreferrer noopener\">ORBIS<\/a>,&nbsp; annuaire des anciens\u2026)<\/li>\n\n\n\n<li><strong>Envoyer ses candidatures cibl\u00e9es<\/strong>&nbsp;en fonction des besoins des organismes contact\u00e9s<\/li>\n\n\n\n<li><strong>\u00c9tablir un\u00a0<a href=\"https:\/\/www.univ-lorraine.fr\/orientation-insertion-professionnelle\/wp-content\/uploads\/sites\/7\/2022\/07\/Tableau_suivi_candidatures.xlsx\" target=\"_blank\" rel=\"noreferrer noopener\">tableau de bord<\/a><\/strong>\u00a0de suivi des candidatures : date d\u2019envoi, nom et coordonn\u00e9es de l\u2019organisme, personne contact\u00e9e, suites \u00e0 donner, r\u00e9sultat\u2026) <\/li>\n\n\n\n<li><strong>Conserver un double de ses candidatures<\/strong>&nbsp;pour pouvoir relancer les recruteurs au moment opportun<\/li>\n\n\n\n<li><strong>Relancer<\/strong>&nbsp;10 \u00e0 15 jours apr\u00e8s l\u2019envoi des candidatures par mail ou t\u00e9l\u00e9phone : s\u2019assurer que la candidature est bien r\u00e9ceptionn\u00e9e et prouver sa motivation)<\/li>\n<\/ul>\n\n\n\n<div class=\"wp-block-file\"><a id=\"wp-block-file--media-6537eaa5-26a4-4b44-86d5-66abbd8ae4e9\" href=\"https:\/\/www.univ-lorraine.fr\/orientation-insertion-professionnelle\/wp-content\/uploads\/sites\/7\/2022\/07\/Tableau_suivi_candidatures.xlsx\"><a href=\"https:\/\/www.univ-lorraine.fr\/orientation-insertion-professionnelle\/wp-content\/uploads\/sites\/7\/2021\/10\/Analysersesconnaissances.xls\">tableau de bord de suivi des candidatures<\/a><\/a><a href=\"https:\/\/www.univ-lorraine.fr\/orientation-insertion-professionnelle\/wp-content\/uploads\/sites\/7\/2022\/07\/Tableau_suivi_candidatures.xlsx\" class=\"wp-block-file__button\" download aria-describedby=\"wp-block-file--media-6537eaa5-26a4-4b44-86d5-66abbd8ae4e9\">T\u00e9l\u00e9charger<\/a><\/div>\n<\/div><\/div>\n\n\n\n<div class=\"wp-block-pb-accordion-item c-accordion__item js-accordion-item no-js\" data-initially-open=\"false\" data-click-to-close=\"true\" data-auto-close=\"true\" data-scroll=\"false\" data-scroll-offset=\"0\"><h2 id=\"at-22115\" class=\"c-accordion__title js-accordion-controller\" role=\"button\"> De d\u00e9cembre \u00e0 janvier <\/h2><div id=\"ac-22115\" class=\"c-accordion__content\">\n<h4 class=\"wp-block-heading\">3 \u00e0 4 mois avant le d\u00e9but du stage<\/h4>\n\n\n\n<ul class=\"wp-block-list\">\n<li><strong>Pr\u00e9parer ses&nbsp;<\/strong><a href=\"https:\/\/www.univ-lorraine.fr\/orientation-insertion-professionnelle\/?page_id=2202\" target=\"_blank\" rel=\"noreferrer noopener\"><strong>entretiens<\/strong>&nbsp;de recrutement<\/a>&nbsp;(t\u00e9l\u00e9phoniques et physiques)<\/li>\n\n\n\n<li><strong>Apr\u00e8s chaque entretien<\/strong>\u00a0:\n<ul class=\"wp-block-list\">\n<li>envoyer un&nbsp;<strong>mail de remerciement<\/strong><\/li>\n\n\n\n<li><strong>op\u00e9rer un debriefing<\/strong>&nbsp;du d\u00e9roulement de l\u2019entretien : points positifs et n\u00e9gatifs, informations importantes, \u00e9ventuelles modifications \u00e0 pr\u00e9voir\u2026<\/li>\n<\/ul>\n<\/li>\n<\/ul>\n<\/div><\/div>\n","protected":false},"excerpt":{"rendered":"<p>PROJET DE STAGE &nbsp;Pour que votre stage soit r\u00e9ussi et que vous puissiez le valoriser dans une candidature, il est primordial d\u2019\u00e9laborer un projet de stage. En effet, chercher un stage ne se r\u00e9sume pas seulement \u00e0 envoyer un CV et une lettre de motivation. Il est n\u00e9cessaire d\u2019avoir r\u00e9fl\u00e9chi au pr\u00e9alable \u00e0 : R\u00e9pondre &#8230; <a title=\"Organiser sa recherche de stage\" class=\"read-more\" href=\"https:\/\/www.univ-lorraine.fr\/orientation-insertion-professionnelle\/ressources\/stage-emploi-et-alternance\/organiser-sa-recherche-de-stage\/\" aria-label=\"En savoir plus sur Organiser sa recherche de stage\">Lire plus<\/a><\/p>\n","protected":false},"author":7,"featured_media":0,"parent":4903,"menu_order":0,"comment_status":"closed","ping_status":"closed","template":"","meta":{"inline_featured_image":false,"footnotes":""},"categories":[15,19],"tags":[],"class_list":{"0":"post-2211","1":"page","2":"type-page","3":"status-publish","5":"category-insertion-professionnelle","6":"category-stages"},"yoast_head":"<!-- This site is optimized with the Yoast SEO plugin v27.4 - https:\/\/yoast.com\/product\/yoast-seo-wordpress\/ -->\n<title>Organiser sa recherche de stage - Orientation et insertion professionnelle<\/title>\n<meta name=\"robots\" content=\"index, follow, max-snippet:-1, max-image-preview:large, max-video-preview:-1\" \/>\n<link rel=\"canonical\" href=\"https:\/\/www.univ-lorraine.fr\/orientation-insertion-professionnelle\/ressources\/stage-emploi-et-alternance\/organiser-sa-recherche-de-stage\/\" \/>\n<meta property=\"og:locale\" content=\"fr_FR\" \/>\n<meta property=\"og:type\" content=\"article\" \/>\n<meta property=\"og:title\" content=\"Organiser sa recherche de stage - Orientation et insertion professionnelle\" \/>\n<meta property=\"og:description\" content=\"PROJET DE STAGE &nbsp;Pour que votre stage soit r\u00e9ussi et que vous puissiez le valoriser dans une candidature, il est primordial d\u2019\u00e9laborer un projet de stage. En effet, chercher un stage ne se r\u00e9sume pas seulement \u00e0 envoyer un CV et une lettre de motivation. Il est n\u00e9cessaire d\u2019avoir r\u00e9fl\u00e9chi au pr\u00e9alable \u00e0 : R\u00e9pondre ... Lire plus\" \/>\n<meta property=\"og:url\" content=\"https:\/\/www.univ-lorraine.fr\/orientation-insertion-professionnelle\/ressources\/stage-emploi-et-alternance\/organiser-sa-recherche-de-stage\/\" \/>\n<meta property=\"og:site_name\" content=\"Orientation et insertion professionnelle\" \/>\n<meta property=\"article:modified_time\" content=\"2022-11-09T08:19:07+00:00\" \/>\n<meta name=\"twitter:card\" content=\"summary_large_image\" \/>\n<meta name=\"twitter:label1\" content=\"Dur\u00e9e de lecture estim\u00e9e\" \/>\n\t<meta name=\"twitter:data1\" content=\"5 minutes\" \/>\n<script type=\"application\/ld+json\" class=\"yoast-schema-graph\">{\"@context\":\"https:\\\/\\\/schema.org\",\"@graph\":[{\"@type\":\"WebPage\",\"@id\":\"https:\\\/\\\/www.univ-lorraine.fr\\\/orientation-insertion-professionnelle\\\/ressources\\\/stage-emploi-et-alternance\\\/organiser-sa-recherche-de-stage\\\/\",\"url\":\"https:\\\/\\\/www.univ-lorraine.fr\\\/orientation-insertion-professionnelle\\\/ressources\\\/stage-emploi-et-alternance\\\/organiser-sa-recherche-de-stage\\\/\",\"name\":\"Organiser sa recherche de stage - Orientation et insertion professionnelle\",\"isPartOf\":{\"@id\":\"https:\\\/\\\/www.univ-lorraine.fr\\\/orientation-insertion-professionnelle\\\/#website\"},\"datePublished\":\"2021-09-20T10:16:00+00:00\",\"dateModified\":\"2022-11-09T08:19:07+00:00\",\"breadcrumb\":{\"@id\":\"https:\\\/\\\/www.univ-lorraine.fr\\\/orientation-insertion-professionnelle\\\/ressources\\\/stage-emploi-et-alternance\\\/organiser-sa-recherche-de-stage\\\/#breadcrumb\"},\"inLanguage\":\"fr-FR\",\"potentialAction\":[{\"@type\":\"ReadAction\",\"target\":[\"https:\\\/\\\/www.univ-lorraine.fr\\\/orientation-insertion-professionnelle\\\/ressources\\\/stage-emploi-et-alternance\\\/organiser-sa-recherche-de-stage\\\/\"]}]},{\"@type\":\"BreadcrumbList\",\"@id\":\"https:\\\/\\\/www.univ-lorraine.fr\\\/orientation-insertion-professionnelle\\\/ressources\\\/stage-emploi-et-alternance\\\/organiser-sa-recherche-de-stage\\\/#breadcrumb\",\"itemListElement\":[{\"@type\":\"ListItem\",\"position\":1,\"name\":\"Accueil\",\"item\":\"https:\\\/\\\/www.univ-lorraine.fr\\\/orientation-insertion-professionnelle\\\/\"},{\"@type\":\"ListItem\",\"position\":2,\"name\":\"Ressources\",\"item\":\"https:\\\/\\\/www.univ-lorraine.fr\\\/orientation-insertion-professionnelle\\\/ressources\\\/\"},{\"@type\":\"ListItem\",\"position\":3,\"name\":\"Stage, emploi et alternance\",\"item\":\"https:\\\/\\\/www.univ-lorraine.fr\\\/orientation-insertion-professionnelle\\\/ressources\\\/stage-emploi-et-alternance\\\/\"},{\"@type\":\"ListItem\",\"position\":4,\"name\":\"Organiser sa recherche de stage\"}]},{\"@type\":\"WebSite\",\"@id\":\"https:\\\/\\\/www.univ-lorraine.fr\\\/orientation-insertion-professionnelle\\\/#website\",\"url\":\"https:\\\/\\\/www.univ-lorraine.fr\\\/orientation-insertion-professionnelle\\\/\",\"name\":\"Orientation et insertion professionnelle\",\"description\":\"\",\"publisher\":{\"@id\":\"https:\\\/\\\/www.univ-lorraine.fr\\\/orientation-insertion-professionnelle\\\/#organization\"},\"potentialAction\":[{\"@type\":\"SearchAction\",\"target\":{\"@type\":\"EntryPoint\",\"urlTemplate\":\"https:\\\/\\\/www.univ-lorraine.fr\\\/orientation-insertion-professionnelle\\\/?s={search_term_string}\"},\"query-input\":{\"@type\":\"PropertyValueSpecification\",\"valueRequired\":true,\"valueName\":\"search_term_string\"}}],\"inLanguage\":\"fr-FR\"},{\"@type\":\"Organization\",\"@id\":\"https:\\\/\\\/www.univ-lorraine.fr\\\/orientation-insertion-professionnelle\\\/#organization\",\"name\":\"Universit\u00e9 de Lorraine\",\"url\":\"https:\\\/\\\/www.univ-lorraine.fr\\\/orientation-insertion-professionnelle\\\/\",\"logo\":{\"@type\":\"ImageObject\",\"inLanguage\":\"fr-FR\",\"@id\":\"https:\\\/\\\/www.univ-lorraine.fr\\\/orientation-insertion-professionnelle\\\/#\\\/schema\\\/logo\\\/image\\\/\",\"url\":\"https:\\\/\\\/www.univ-lorraine.fr\\\/orientation-insertion-professionnelle\\\/wp-content\\\/uploads\\\/sites\\\/7\\\/2023\\\/04\\\/logo_siteweb2_Plan-de-travail-1.png\",\"contentUrl\":\"https:\\\/\\\/www.univ-lorraine.fr\\\/orientation-insertion-professionnelle\\\/wp-content\\\/uploads\\\/sites\\\/7\\\/2023\\\/04\\\/logo_siteweb2_Plan-de-travail-1.png\",\"width\":852,\"height\":492,\"caption\":\"Universit\u00e9 de Lorraine\"},\"image\":{\"@id\":\"https:\\\/\\\/www.univ-lorraine.fr\\\/orientation-insertion-professionnelle\\\/#\\\/schema\\\/logo\\\/image\\\/\"}}]}<\/script>\n<!-- \/ Yoast SEO plugin. -->","yoast_head_json":{"title":"Organiser sa recherche de stage - Orientation et insertion professionnelle","robots":{"index":"index","follow":"follow","max-snippet":"max-snippet:-1","max-image-preview":"max-image-preview:large","max-video-preview":"max-video-preview:-1"},"canonical":"https:\/\/www.univ-lorraine.fr\/orientation-insertion-professionnelle\/ressources\/stage-emploi-et-alternance\/organiser-sa-recherche-de-stage\/","og_locale":"fr_FR","og_type":"article","og_title":"Organiser sa recherche de stage - Orientation et insertion professionnelle","og_description":"PROJET DE STAGE &nbsp;Pour que votre stage soit r\u00e9ussi et que vous puissiez le valoriser dans une candidature, il est primordial d\u2019\u00e9laborer un projet de stage. En effet, chercher un stage ne se r\u00e9sume pas seulement \u00e0 envoyer un CV et une lettre de motivation. Il est n\u00e9cessaire d\u2019avoir r\u00e9fl\u00e9chi au pr\u00e9alable \u00e0 : R\u00e9pondre ... Lire plus","og_url":"https:\/\/www.univ-lorraine.fr\/orientation-insertion-professionnelle\/ressources\/stage-emploi-et-alternance\/organiser-sa-recherche-de-stage\/","og_site_name":"Orientation et insertion professionnelle","article_modified_time":"2022-11-09T08:19:07+00:00","twitter_card":"summary_large_image","twitter_misc":{"Dur\u00e9e de lecture estim\u00e9e":"5 minutes"},"schema":{"@context":"https:\/\/schema.org","@graph":[{"@type":"WebPage","@id":"https:\/\/www.univ-lorraine.fr\/orientation-insertion-professionnelle\/ressources\/stage-emploi-et-alternance\/organiser-sa-recherche-de-stage\/","url":"https:\/\/www.univ-lorraine.fr\/orientation-insertion-professionnelle\/ressources\/stage-emploi-et-alternance\/organiser-sa-recherche-de-stage\/","name":"Organiser sa recherche de stage - Orientation et insertion professionnelle","isPartOf":{"@id":"https:\/\/www.univ-lorraine.fr\/orientation-insertion-professionnelle\/#website"},"datePublished":"2021-09-20T10:16:00+00:00","dateModified":"2022-11-09T08:19:07+00:00","breadcrumb":{"@id":"https:\/\/www.univ-lorraine.fr\/orientation-insertion-professionnelle\/ressources\/stage-emploi-et-alternance\/organiser-sa-recherche-de-stage\/#breadcrumb"},"inLanguage":"fr-FR","potentialAction":[{"@type":"ReadAction","target":["https:\/\/www.univ-lorraine.fr\/orientation-insertion-professionnelle\/ressources\/stage-emploi-et-alternance\/organiser-sa-recherche-de-stage\/"]}]},{"@type":"BreadcrumbList","@id":"https:\/\/www.univ-lorraine.fr\/orientation-insertion-professionnelle\/ressources\/stage-emploi-et-alternance\/organiser-sa-recherche-de-stage\/#breadcrumb","itemListElement":[{"@type":"ListItem","position":1,"name":"Accueil","item":"https:\/\/www.univ-lorraine.fr\/orientation-insertion-professionnelle\/"},{"@type":"ListItem","position":2,"name":"Ressources","item":"https:\/\/www.univ-lorraine.fr\/orientation-insertion-professionnelle\/ressources\/"},{"@type":"ListItem","position":3,"name":"Stage, emploi et alternance","item":"https:\/\/www.univ-lorraine.fr\/orientation-insertion-professionnelle\/ressources\/stage-emploi-et-alternance\/"},{"@type":"ListItem","position":4,"name":"Organiser sa recherche de stage"}]},{"@type":"WebSite","@id":"https:\/\/www.univ-lorraine.fr\/orientation-insertion-professionnelle\/#website","url":"https:\/\/www.univ-lorraine.fr\/orientation-insertion-professionnelle\/","name":"Orientation et insertion professionnelle","description":"","publisher":{"@id":"https:\/\/www.univ-lorraine.fr\/orientation-insertion-professionnelle\/#organization"},"potentialAction":[{"@type":"SearchAction","target":{"@type":"EntryPoint","urlTemplate":"https:\/\/www.univ-lorraine.fr\/orientation-insertion-professionnelle\/?s={search_term_string}"},"query-input":{"@type":"PropertyValueSpecification","valueRequired":true,"valueName":"search_term_string"}}],"inLanguage":"fr-FR"},{"@type":"Organization","@id":"https:\/\/www.univ-lorraine.fr\/orientation-insertion-professionnelle\/#organization","name":"Universit\u00e9 de Lorraine","url":"https:\/\/www.univ-lorraine.fr\/orientation-insertion-professionnelle\/","logo":{"@type":"ImageObject","inLanguage":"fr-FR","@id":"https:\/\/www.univ-lorraine.fr\/orientation-insertion-professionnelle\/#\/schema\/logo\/image\/","url":"https:\/\/www.univ-lorraine.fr\/orientation-insertion-professionnelle\/wp-content\/uploads\/sites\/7\/2023\/04\/logo_siteweb2_Plan-de-travail-1.png","contentUrl":"https:\/\/www.univ-lorraine.fr\/orientation-insertion-professionnelle\/wp-content\/uploads\/sites\/7\/2023\/04\/logo_siteweb2_Plan-de-travail-1.png","width":852,"height":492,"caption":"Universit\u00e9 de Lorraine"},"image":{"@id":"https:\/\/www.univ-lorraine.fr\/orientation-insertion-professionnelle\/#\/schema\/logo\/image\/"}}]}},"_links":{"self":[{"href":"https:\/\/www.univ-lorraine.fr\/orientation-insertion-professionnelle\/wp-json\/wp\/v2\/pages\/2211","targetHints":{"allow":["GET"]}}],"collection":[{"href":"https:\/\/www.univ-lorraine.fr\/orientation-insertion-professionnelle\/wp-json\/wp\/v2\/pages"}],"about":[{"href":"https:\/\/www.univ-lorraine.fr\/orientation-insertion-professionnelle\/wp-json\/wp\/v2\/types\/page"}],"author":[{"embeddable":true,"href":"https:\/\/www.univ-lorraine.fr\/orientation-insertion-professionnelle\/wp-json\/wp\/v2\/users\/7"}],"replies":[{"embeddable":true,"href":"https:\/\/www.univ-lorraine.fr\/orientation-insertion-professionnelle\/wp-json\/wp\/v2\/comments?post=2211"}],"version-history":[{"count":17,"href":"https:\/\/www.univ-lorraine.fr\/orientation-insertion-professionnelle\/wp-json\/wp\/v2\/pages\/2211\/revisions"}],"predecessor-version":[{"id":5331,"href":"https:\/\/www.univ-lorraine.fr\/orientation-insertion-professionnelle\/wp-json\/wp\/v2\/pages\/2211\/revisions\/5331"}],"up":[{"embeddable":true,"href":"https:\/\/www.univ-lorraine.fr\/orientation-insertion-professionnelle\/wp-json\/wp\/v2\/pages\/4903"}],"wp:attachment":[{"href":"https:\/\/www.univ-lorraine.fr\/orientation-insertion-professionnelle\/wp-json\/wp\/v2\/media?parent=2211"}],"wp:term":[{"taxonomy":"category","embeddable":true,"href":"https:\/\/www.univ-lorraine.fr\/orientation-insertion-professionnelle\/wp-json\/wp\/v2\/categories?post=2211"},{"taxonomy":"post_tag","embeddable":true,"href":"https:\/\/www.univ-lorraine.fr\/orientation-insertion-professionnelle\/wp-json\/wp\/v2\/tags?post=2211"}],"curies":[{"name":"wp","href":"https:\/\/api.w.org\/{rel}","templated":true}]}}