{"id":2213,"date":"2021-09-20T12:16:30","date_gmt":"2021-09-20T10:16:30","guid":{"rendered":"https:\/\/www.univ-lorraine.fr\/orientation-insertion-professionnelle\/?page_id=2213"},"modified":"2024-12-13T10:41:08","modified_gmt":"2024-12-13T09:41:08","slug":"stage-a-letranger-4-types-de-bourses-et-aides","status":"publish","type":"page","link":"https:\/\/www.univ-lorraine.fr\/orientation-insertion-professionnelle\/ressources\/stage-emploi-et-alternance\/stage-a-letranger-4-types-de-bourses-et-aides\/","title":{"rendered":"Stage \u00e0 l\u2019\u00e9tranger : 4 types de bourses et aides"},"content":{"rendered":"\n<h2 class=\"wp-block-heading\"><strong>BOURSE ERASMUS STAGE<\/strong><\/h2>\n\n\n\n<p><\/p>\n\n\n\n<p><\/p>\n\n\n\n<p>Les \u00e9tudiants qui souhaitent pr\u00e9senter une demande de financement dans le cadre du programme Erasmus doivent se rapprocher du <a href=\"https:\/\/www.univ-lorraine.fr\/enseignements-et-formations\/mobilite-internationale\/\" target=\"_blank\" rel=\"noreferrer noopener\">Correspondant \u00ab relations internationales \u00bb<\/a> de leur composante de rattachement \u00e0 l\u2019Universit\u00e9 de Lorraine. Le formulaire de candidature qui leur sera remis par leur composante comporte l\u2019ensemble des conditions d\u2019\u00e9ligibilit\u00e9 et de s\u00e9lection des candidatures. Le dossier de candidature doit \u00eatre transmis au plus tard 8 semaines avant le d\u00e9part en mobilit\u00e9<\/p>\n\n\n\n<p>Le programme europ\u00e9en ERASMUS+ comporte un volet \u00ab\u00a0ERASMUS STAGE\u00a0\u00bb, qui permet de financer des \u00e9tudiants de l&rsquo;Universit\u00e9 pour des stages qu&rsquo;ils effectuent dans les pays europ\u00e9ens \u00e9ligibles au programme ERASMUS.<\/p>\n\n\n\n<p>Les conditions g\u00e9n\u00e9rales d&rsquo;octroi de la bourse ERASMUS stage sont les suivantes, dans la limite de l\u2019enveloppe financi\u00e8re disponible :<\/p>\n\n\n\n<ul class=\"wp-block-list\">\n<li>le stage doit durer au minimum 2 mois et au maximum 12 mois (dans le respect de la dur\u00e9e pr\u00e9vue dans le r\u00e8glement d\u2019examen)<\/li>\n<\/ul>\n\n\n\n<ul class=\"wp-block-list\">\n<li>l\u2019\u00e9tablissement d\u2019accueil d\u2019un stage ERASMUS peut \u00eatre:\n<ul class=\"wp-block-list\">\n<li>un \u00e9tablissement d\u2019enseignement sup\u00e9rieur ayant obtenu une charte Erasmus pour l\u2019enseignement sup\u00e9rieur (sous r\u00e9serve que la mobilit\u00e9 donne bien lieu \u00e0 convention de stage), ou<\/li>\n\n\n\n<li>toute organisation publique ou priv\u00e9e active sur le march\u00e9 du travail ou dans les domaines de l\u2019\u00e9ducation, la formation et l\u2019animation socio-\u00e9ducative.<\/li>\n<\/ul>\n<\/li>\n<\/ul>\n\n\n\n<h4 class=\"wp-block-heading\">ATTENTION !<\/h4>\n\n\n\n<p><strong>Les types d&rsquo;\u00e9tablissements suivants ne sont pas \u00e9ligibles en tant qu&rsquo;\u00e9tablissements de destination pour des stages d&rsquo;\u00e9tudiants:<\/strong><\/p>\n\n\n\n<ul class=\"wp-block-list\">\n<li>les institutions de l&rsquo;Union europ\u00e9enne et les autres organes de l&rsquo;U E, y compris les agences sp\u00e9cialis\u00e9es&nbsp; liste exhaustive disponible sur&nbsp;<a href=\"http:\/\/europa.eu\/about-eu\/institutions-bodies\/index_fr.htm\" target=\"_blank\" rel=\"noreferrer noopener\">europa.eu<\/a><\/li>\n\n\n\n<li>les organisations g\u00e9rant des programmes de l&rsquo;Union europ\u00e9enne telles que les agences nationales (afin d&rsquo;\u00e9viter tout risque de conflit d&rsquo;int\u00e9r\u00eats et\/ou de double financement).\n<ul class=\"wp-block-list\">\n<li>il doit faire l&rsquo;objet d&rsquo;une convention de stage d\u00fbment sign\u00e9e par votre composante d&rsquo;origine de l\u2019\u00e9tudiant au sein de l\u2019UL.<\/li>\n\n\n\n<li>la candidature doit r\u00e9pondre \u00e0 l\u2019ensemble des conditions d\u2019\u00e9ligibilit\u00e9 et de s\u00e9lection pr\u00e9cis\u00e9es dans le formulaire de candidatures \u00e0 cette bourse.<\/li>\n<\/ul>\n<\/li>\n<\/ul>\n\n\n\n<h2 class=\"wp-block-heading\"><strong>BOURSE DE MOBILIT\u00c9 INTERNATIONALE DU MINIST\u00c8RE DE L&rsquo;ENSEIGNEMENT SUP\u00c9RIEUR<\/strong><\/h2>\n\n\n\n<p>Cette aide fait l\u2019objet de 4 appels \u00e0 candidatures internes \u00e0 l\u2019Universit\u00e9 pendant l\u2019ann\u00e9e acad\u00e9mique.<\/p>\n\n\n\n<p>Les \u00e9tudiants boursiers peuvent b\u00e9n\u00e9ficier sous certaines conditions et dans la limite du budget annuel allou\u00e9 par le Minist\u00e8re de l\u2019enseignement sup\u00e9rieur, d&rsquo;une bourse de mobilit\u00e9 internationale sur crit\u00e8res sociaux pour un stage effectu\u00e9 \u00e0 l&rsquo;\u00e9tranger. Cette bourse s\u2019ajoute \u00e0 la bourse sur crit\u00e8res sociaux pendant la dur\u00e9e de la mobilit\u00e9.<\/p>\n\n\n\n<ul class=\"wp-block-list\">\n<li>le stage doit durer au minimum 2 mois<\/li>\n\n\n\n<li>toutes les destinations \u00e0 l&rsquo;\u00e9tranger sont \u00e9ligibles<\/li>\n\n\n\n<li>l&rsquo;\u00e9tudiant ne doit pas avoir d\u00e9j\u00e0 b\u00e9n\u00e9fici\u00e9 d&rsquo;une bourse de mobilit\u00e9 sur crit\u00e8res sociaux de plus de 7 mois dans ses \u00e9tudes ant\u00e9rieures<\/li>\n\n\n\n<li>le stage doit faire l\u2019objet d\u2019une convention de stage valid\u00e9e par toutes les parties<\/li>\n\n\n\n<li>la candidature doit r\u00e9pondre \u00e0 l\u2019ensemble des conditions d\u2019\u00e9ligibilit\u00e9 et de s\u00e9lection pr\u00e9cis\u00e9es dans le formulaire de candidatures \u00e0 cette bourse.<\/li>\n<\/ul>\n\n\n\n<p>Les bourses de mobilit\u00e9 internationale sur crit\u00e8res sociaux font l\u2019objet de quatre appels \u00e0 candidatures internes \u00e0 l\u2019Universit\u00e9 pendant l\u2019ann\u00e9e acad\u00e9mique.<\/p>\n\n\n\n<p>Les \u00e9tudiants boursiers qui souhaitent&nbsp;<strong>pr\u00e9senter une demande de financement dans ce cadre doivent se rapprocher du Correspondant \u00ab relations internationales \u00bb de leur composante de rattachement \u00e0 l\u2019Universit\u00e9 de Lorraine<\/strong>. Le formulaire de candidature qui leur sera remis par leur composante comporte l\u2019ensemble des conditions d\u2019\u00e9ligibilit\u00e9 et de s\u00e9lection des candidatures.<\/p>\n\n\n\n<p><a href=\"https:\/\/www.univ-lorraine.fr\/enseignements-et-formations\/mobilite-internationale\/\" target=\"_blank\" rel=\"noreferrer noopener\">Annuaire des correspondants Relations Internationales de composantes<\/a><\/p>\n\n\n\n<p><strong>Montant :<\/strong>&nbsp;en fonction de la dur\u00e9e de la mobilit\u00e9 et du pays de destination.<\/p>\n\n\n\n<p><strong>Attention, le nombre de bourses de mobilit\u00e9 internationale sur crit\u00e8res sociaux \u00e9tant limit\u00e9, le fait de postuler pour une telle bourse ne saurait garantir son acceptation automatique.<\/strong><\/p>\n\n\n\n<h2 class=\"wp-block-heading\"><strong>AIDES A LA MOBILIT\u00c9 INTERNATIONALE DE L&rsquo;UNIVERSIT\u00c9&nbsp;DE LORRAINE<\/strong><\/h2>\n\n\n\n<p>Ces aides sont r\u00e9serv\u00e9es aux \u00e9tudiants&nbsp;<strong>hors c\u00e9sure<\/strong>&nbsp;qui ne sont \u00e9ligibles ni \u00e0 une bourse de mobilit\u00e9 internationale sur crit\u00e8res sociaux ni \u00e0 une allocation ERASMUS+<\/p>\n\n\n\n<p>Elles permettent de participer au financement <strong>des stages non r\u00e9mun\u00e9r\u00e9s, ou r\u00e9mun\u00e9r\u00e9s \u00e0 hauteur de 400\u20ac\/mois au maximum, effectu\u00e9s en Europe et \u00e0 l\u2019international.<\/strong>\u00ab\u00a0<\/p>\n\n\n\n<ul class=\"wp-block-list\">\n<li>le stage doit \u00eatre r\u00e9mun\u00e9r\u00e9 \u00e0 hauteur de 400\u20ac\/mois au maximum par l\u2019entreprise d\u2019accueil<\/li>\n\n\n\n<li>Les trois premi\u00e8res aides ne sont pas cumulables entres elles, mais la 4\u00e8me (celle de la R\u00e9gion) peut se cumuler avec une des trois premi\u00e8res<\/li>\n\n\n\n<li>Les trois aides g\u00e9r\u00e9es par l&rsquo;Universit\u00e9 de Lorraine sont r\u00e9serv\u00e9es uniquement aux \u00e9tudiants hors c\u00e9sure, et inscrits \u00e0 l&rsquo;Universit\u00e9 de Lorraine.<\/li>\n<\/ul>\n\n\n\n<p><strong>Cette aide fait l&rsquo;objet de 4 appels \u00e0 candidatures internes \u00e0 l&rsquo;Universit\u00e9 pendant l&rsquo;ann\u00e9e acad\u00e9mique.<\/strong><\/p>\n\n\n\n<p><strong>Les \u00e9tudiants qui souhaitent effectuer une demande de financement doivent se rapprocher du correspondant \u00ab\u00a0relations internationales\u00a0\u00bb de leur composante pour d\u00e9poser une candidature \u00e0 cette aide.<\/strong><\/p>\n\n\n\n<p>Lien vers&nbsp;<a href=\"https:\/\/www.univ-lorraine.fr\/enseignements-et-formations\/mobilite-internationale\/\" target=\"_blank\" rel=\"noreferrer noopener\">Annuaire des correspondants Relations Internationales de composantes<\/a><\/p>\n\n\n\n<h2 class=\"wp-block-heading\"><strong>AIDES FINANCI\u00c8RES DE LA R\u00c9GION<\/strong><\/h2>\n\n\n\n<p><strong>Une aide r\u00e9gionale<\/strong>&nbsp;peut \u00eatre allou\u00e9e \u00e0 tout \u00e9tudiant inscrit dans un \u00e9tablissement d\u2019enseignement sup\u00e9rieur de la r\u00e9gion Grand Est pour&nbsp;<strong>une mobilit\u00e9 \u00e0 l\u2019\u00e9tranger (\u00e9tude ou stage)<\/strong>, valid\u00e9e dans le cadre de son dipl\u00f4me.<\/p>\n\n\n\n<p>2 conditions \u00e0 remplir :<\/p>\n\n\n\n<ul class=\"wp-block-list\">\n<li>payer un loyer \u00e0 l\u2019\u00e9tranger durant toute la mobilit\u00e9 ;<\/li>\n\n\n\n<li>percevoir moins de 700 \u20ac\/mois de r\u00e9mun\u00e9rations et\/ou gratifications de stage.<\/li>\n<\/ul>\n\n\n\n<p>Attention, l\u2019attribution de l\u2019aide n\u2019est pas automatique.<\/p>\n\n\n\n<p>Pour candidater , rendez-vous sur le site de la <a href=\"https:\/\/www.grandest.fr\/vos-aides-regionales\/mobilite-internationale-etudiants\/\" target=\"_blank\" rel=\"noreferrer noopener\">R\u00e9gion Grand Est<\/a><\/p>\n","protected":false},"excerpt":{"rendered":"<p>BOURSE ERASMUS STAGE Les \u00e9tudiants qui souhaitent pr\u00e9senter une demande de financement dans le cadre du programme Erasmus doivent se rapprocher du Correspondant \u00ab relations internationales \u00bb de leur composante de rattachement \u00e0 l\u2019Universit\u00e9 de Lorraine. Le formulaire de candidature qui leur sera remis par leur composante comporte l\u2019ensemble des conditions d\u2019\u00e9ligibilit\u00e9 et de s\u00e9lection &#8230; <a title=\"Stage \u00e0 l\u2019\u00e9tranger : 4 types de bourses et aides\" class=\"read-more\" href=\"https:\/\/www.univ-lorraine.fr\/orientation-insertion-professionnelle\/ressources\/stage-emploi-et-alternance\/stage-a-letranger-4-types-de-bourses-et-aides\/\" aria-label=\"En savoir plus sur Stage \u00e0 l\u2019\u00e9tranger : 4 types de bourses et aides\">Lire plus<\/a><\/p>\n","protected":false},"author":7,"featured_media":0,"parent":4903,"menu_order":0,"comment_status":"closed","ping_status":"closed","template":"","meta":{"inline_featured_image":false,"footnotes":""},"categories":[15,19],"tags":[],"class_list":{"0":"post-2213","1":"page","2":"type-page","3":"status-publish","5":"category-insertion-professionnelle","6":"category-stages"},"yoast_head":"<!-- This site is optimized with the Yoast SEO plugin v27.4 - https:\/\/yoast.com\/product\/yoast-seo-wordpress\/ -->\n<title>Stage \u00e0 l\u2019\u00e9tranger : 4 types de bourses et aides - Orientation et insertion professionnelle<\/title>\n<meta name=\"robots\" content=\"index, follow, max-snippet:-1, max-image-preview:large, max-video-preview:-1\" \/>\n<link rel=\"canonical\" href=\"https:\/\/www.univ-lorraine.fr\/orientation-insertion-professionnelle\/ressources\/stage-emploi-et-alternance\/stage-a-letranger-4-types-de-bourses-et-aides\/\" \/>\n<meta property=\"og:locale\" content=\"fr_FR\" \/>\n<meta property=\"og:type\" content=\"article\" \/>\n<meta property=\"og:title\" content=\"Stage \u00e0 l\u2019\u00e9tranger : 4 types de bourses et aides - Orientation et insertion professionnelle\" \/>\n<meta property=\"og:description\" content=\"BOURSE ERASMUS STAGE Les \u00e9tudiants qui souhaitent pr\u00e9senter une demande de financement dans le cadre du programme Erasmus doivent se rapprocher du Correspondant \u00ab relations internationales \u00bb de leur composante de rattachement \u00e0 l\u2019Universit\u00e9 de Lorraine. Le formulaire de candidature qui leur sera remis par leur composante comporte l\u2019ensemble des conditions d\u2019\u00e9ligibilit\u00e9 et de s\u00e9lection ... Lire plus\" \/>\n<meta property=\"og:url\" content=\"https:\/\/www.univ-lorraine.fr\/orientation-insertion-professionnelle\/ressources\/stage-emploi-et-alternance\/stage-a-letranger-4-types-de-bourses-et-aides\/\" \/>\n<meta property=\"og:site_name\" content=\"Orientation et insertion professionnelle\" \/>\n<meta property=\"article:modified_time\" content=\"2024-12-13T09:41:08+00:00\" \/>\n<meta name=\"twitter:card\" content=\"summary_large_image\" \/>\n<meta name=\"twitter:label1\" content=\"Dur\u00e9e de lecture estim\u00e9e\" \/>\n\t<meta name=\"twitter:data1\" content=\"5 minutes\" \/>\n<script type=\"application\/ld+json\" class=\"yoast-schema-graph\">{\"@context\":\"https:\\\/\\\/schema.org\",\"@graph\":[{\"@type\":\"WebPage\",\"@id\":\"https:\\\/\\\/www.univ-lorraine.fr\\\/orientation-insertion-professionnelle\\\/ressources\\\/stage-emploi-et-alternance\\\/stage-a-letranger-4-types-de-bourses-et-aides\\\/\",\"url\":\"https:\\\/\\\/www.univ-lorraine.fr\\\/orientation-insertion-professionnelle\\\/ressources\\\/stage-emploi-et-alternance\\\/stage-a-letranger-4-types-de-bourses-et-aides\\\/\",\"name\":\"Stage \u00e0 l\u2019\u00e9tranger : 4 types de bourses et aides - Orientation et insertion professionnelle\",\"isPartOf\":{\"@id\":\"https:\\\/\\\/www.univ-lorraine.fr\\\/orientation-insertion-professionnelle\\\/#website\"},\"datePublished\":\"2021-09-20T10:16:30+00:00\",\"dateModified\":\"2024-12-13T09:41:08+00:00\",\"breadcrumb\":{\"@id\":\"https:\\\/\\\/www.univ-lorraine.fr\\\/orientation-insertion-professionnelle\\\/ressources\\\/stage-emploi-et-alternance\\\/stage-a-letranger-4-types-de-bourses-et-aides\\\/#breadcrumb\"},\"inLanguage\":\"fr-FR\",\"potentialAction\":[{\"@type\":\"ReadAction\",\"target\":[\"https:\\\/\\\/www.univ-lorraine.fr\\\/orientation-insertion-professionnelle\\\/ressources\\\/stage-emploi-et-alternance\\\/stage-a-letranger-4-types-de-bourses-et-aides\\\/\"]}]},{\"@type\":\"BreadcrumbList\",\"@id\":\"https:\\\/\\\/www.univ-lorraine.fr\\\/orientation-insertion-professionnelle\\\/ressources\\\/stage-emploi-et-alternance\\\/stage-a-letranger-4-types-de-bourses-et-aides\\\/#breadcrumb\",\"itemListElement\":[{\"@type\":\"ListItem\",\"position\":1,\"name\":\"Accueil\",\"item\":\"https:\\\/\\\/www.univ-lorraine.fr\\\/orientation-insertion-professionnelle\\\/\"},{\"@type\":\"ListItem\",\"position\":2,\"name\":\"Ressources\",\"item\":\"https:\\\/\\\/www.univ-lorraine.fr\\\/orientation-insertion-professionnelle\\\/ressources\\\/\"},{\"@type\":\"ListItem\",\"position\":3,\"name\":\"Stage, emploi et alternance\",\"item\":\"https:\\\/\\\/www.univ-lorraine.fr\\\/orientation-insertion-professionnelle\\\/ressources\\\/stage-emploi-et-alternance\\\/\"},{\"@type\":\"ListItem\",\"position\":4,\"name\":\"Stage \u00e0 l\u2019\u00e9tranger : 4 types de bourses et aides\"}]},{\"@type\":\"WebSite\",\"@id\":\"https:\\\/\\\/www.univ-lorraine.fr\\\/orientation-insertion-professionnelle\\\/#website\",\"url\":\"https:\\\/\\\/www.univ-lorraine.fr\\\/orientation-insertion-professionnelle\\\/\",\"name\":\"Orientation et insertion professionnelle\",\"description\":\"\",\"publisher\":{\"@id\":\"https:\\\/\\\/www.univ-lorraine.fr\\\/orientation-insertion-professionnelle\\\/#organization\"},\"potentialAction\":[{\"@type\":\"SearchAction\",\"target\":{\"@type\":\"EntryPoint\",\"urlTemplate\":\"https:\\\/\\\/www.univ-lorraine.fr\\\/orientation-insertion-professionnelle\\\/?s={search_term_string}\"},\"query-input\":{\"@type\":\"PropertyValueSpecification\",\"valueRequired\":true,\"valueName\":\"search_term_string\"}}],\"inLanguage\":\"fr-FR\"},{\"@type\":\"Organization\",\"@id\":\"https:\\\/\\\/www.univ-lorraine.fr\\\/orientation-insertion-professionnelle\\\/#organization\",\"name\":\"Universit\u00e9 de Lorraine\",\"url\":\"https:\\\/\\\/www.univ-lorraine.fr\\\/orientation-insertion-professionnelle\\\/\",\"logo\":{\"@type\":\"ImageObject\",\"inLanguage\":\"fr-FR\",\"@id\":\"https:\\\/\\\/www.univ-lorraine.fr\\\/orientation-insertion-professionnelle\\\/#\\\/schema\\\/logo\\\/image\\\/\",\"url\":\"https:\\\/\\\/www.univ-lorraine.fr\\\/orientation-insertion-professionnelle\\\/wp-content\\\/uploads\\\/sites\\\/7\\\/2023\\\/04\\\/logo_siteweb2_Plan-de-travail-1.png\",\"contentUrl\":\"https:\\\/\\\/www.univ-lorraine.fr\\\/orientation-insertion-professionnelle\\\/wp-content\\\/uploads\\\/sites\\\/7\\\/2023\\\/04\\\/logo_siteweb2_Plan-de-travail-1.png\",\"width\":852,\"height\":492,\"caption\":\"Universit\u00e9 de Lorraine\"},\"image\":{\"@id\":\"https:\\\/\\\/www.univ-lorraine.fr\\\/orientation-insertion-professionnelle\\\/#\\\/schema\\\/logo\\\/image\\\/\"}}]}<\/script>\n<!-- \/ Yoast SEO plugin. -->","yoast_head_json":{"title":"Stage \u00e0 l\u2019\u00e9tranger : 4 types de bourses et aides - Orientation et insertion professionnelle","robots":{"index":"index","follow":"follow","max-snippet":"max-snippet:-1","max-image-preview":"max-image-preview:large","max-video-preview":"max-video-preview:-1"},"canonical":"https:\/\/www.univ-lorraine.fr\/orientation-insertion-professionnelle\/ressources\/stage-emploi-et-alternance\/stage-a-letranger-4-types-de-bourses-et-aides\/","og_locale":"fr_FR","og_type":"article","og_title":"Stage \u00e0 l\u2019\u00e9tranger : 4 types de bourses et aides - Orientation et insertion professionnelle","og_description":"BOURSE ERASMUS STAGE Les \u00e9tudiants qui souhaitent pr\u00e9senter une demande de financement dans le cadre du programme Erasmus doivent se rapprocher du Correspondant \u00ab relations internationales \u00bb de leur composante de rattachement \u00e0 l\u2019Universit\u00e9 de Lorraine. Le formulaire de candidature qui leur sera remis par leur composante comporte l\u2019ensemble des conditions d\u2019\u00e9ligibilit\u00e9 et de s\u00e9lection ... Lire plus","og_url":"https:\/\/www.univ-lorraine.fr\/orientation-insertion-professionnelle\/ressources\/stage-emploi-et-alternance\/stage-a-letranger-4-types-de-bourses-et-aides\/","og_site_name":"Orientation et insertion professionnelle","article_modified_time":"2024-12-13T09:41:08+00:00","twitter_card":"summary_large_image","twitter_misc":{"Dur\u00e9e de lecture estim\u00e9e":"5 minutes"},"schema":{"@context":"https:\/\/schema.org","@graph":[{"@type":"WebPage","@id":"https:\/\/www.univ-lorraine.fr\/orientation-insertion-professionnelle\/ressources\/stage-emploi-et-alternance\/stage-a-letranger-4-types-de-bourses-et-aides\/","url":"https:\/\/www.univ-lorraine.fr\/orientation-insertion-professionnelle\/ressources\/stage-emploi-et-alternance\/stage-a-letranger-4-types-de-bourses-et-aides\/","name":"Stage \u00e0 l\u2019\u00e9tranger : 4 types de bourses et aides - Orientation et insertion professionnelle","isPartOf":{"@id":"https:\/\/www.univ-lorraine.fr\/orientation-insertion-professionnelle\/#website"},"datePublished":"2021-09-20T10:16:30+00:00","dateModified":"2024-12-13T09:41:08+00:00","breadcrumb":{"@id":"https:\/\/www.univ-lorraine.fr\/orientation-insertion-professionnelle\/ressources\/stage-emploi-et-alternance\/stage-a-letranger-4-types-de-bourses-et-aides\/#breadcrumb"},"inLanguage":"fr-FR","potentialAction":[{"@type":"ReadAction","target":["https:\/\/www.univ-lorraine.fr\/orientation-insertion-professionnelle\/ressources\/stage-emploi-et-alternance\/stage-a-letranger-4-types-de-bourses-et-aides\/"]}]},{"@type":"BreadcrumbList","@id":"https:\/\/www.univ-lorraine.fr\/orientation-insertion-professionnelle\/ressources\/stage-emploi-et-alternance\/stage-a-letranger-4-types-de-bourses-et-aides\/#breadcrumb","itemListElement":[{"@type":"ListItem","position":1,"name":"Accueil","item":"https:\/\/www.univ-lorraine.fr\/orientation-insertion-professionnelle\/"},{"@type":"ListItem","position":2,"name":"Ressources","item":"https:\/\/www.univ-lorraine.fr\/orientation-insertion-professionnelle\/ressources\/"},{"@type":"ListItem","position":3,"name":"Stage, emploi et alternance","item":"https:\/\/www.univ-lorraine.fr\/orientation-insertion-professionnelle\/ressources\/stage-emploi-et-alternance\/"},{"@type":"ListItem","position":4,"name":"Stage \u00e0 l\u2019\u00e9tranger : 4 types de bourses et aides"}]},{"@type":"WebSite","@id":"https:\/\/www.univ-lorraine.fr\/orientation-insertion-professionnelle\/#website","url":"https:\/\/www.univ-lorraine.fr\/orientation-insertion-professionnelle\/","name":"Orientation et insertion professionnelle","description":"","publisher":{"@id":"https:\/\/www.univ-lorraine.fr\/orientation-insertion-professionnelle\/#organization"},"potentialAction":[{"@type":"SearchAction","target":{"@type":"EntryPoint","urlTemplate":"https:\/\/www.univ-lorraine.fr\/orientation-insertion-professionnelle\/?s={search_term_string}"},"query-input":{"@type":"PropertyValueSpecification","valueRequired":true,"valueName":"search_term_string"}}],"inLanguage":"fr-FR"},{"@type":"Organization","@id":"https:\/\/www.univ-lorraine.fr\/orientation-insertion-professionnelle\/#organization","name":"Universit\u00e9 de Lorraine","url":"https:\/\/www.univ-lorraine.fr\/orientation-insertion-professionnelle\/","logo":{"@type":"ImageObject","inLanguage":"fr-FR","@id":"https:\/\/www.univ-lorraine.fr\/orientation-insertion-professionnelle\/#\/schema\/logo\/image\/","url":"https:\/\/www.univ-lorraine.fr\/orientation-insertion-professionnelle\/wp-content\/uploads\/sites\/7\/2023\/04\/logo_siteweb2_Plan-de-travail-1.png","contentUrl":"https:\/\/www.univ-lorraine.fr\/orientation-insertion-professionnelle\/wp-content\/uploads\/sites\/7\/2023\/04\/logo_siteweb2_Plan-de-travail-1.png","width":852,"height":492,"caption":"Universit\u00e9 de Lorraine"},"image":{"@id":"https:\/\/www.univ-lorraine.fr\/orientation-insertion-professionnelle\/#\/schema\/logo\/image\/"}}]}},"_links":{"self":[{"href":"https:\/\/www.univ-lorraine.fr\/orientation-insertion-professionnelle\/wp-json\/wp\/v2\/pages\/2213","targetHints":{"allow":["GET"]}}],"collection":[{"href":"https:\/\/www.univ-lorraine.fr\/orientation-insertion-professionnelle\/wp-json\/wp\/v2\/pages"}],"about":[{"href":"https:\/\/www.univ-lorraine.fr\/orientation-insertion-professionnelle\/wp-json\/wp\/v2\/types\/page"}],"author":[{"embeddable":true,"href":"https:\/\/www.univ-lorraine.fr\/orientation-insertion-professionnelle\/wp-json\/wp\/v2\/users\/7"}],"replies":[{"embeddable":true,"href":"https:\/\/www.univ-lorraine.fr\/orientation-insertion-professionnelle\/wp-json\/wp\/v2\/comments?post=2213"}],"version-history":[{"count":5,"href":"https:\/\/www.univ-lorraine.fr\/orientation-insertion-professionnelle\/wp-json\/wp\/v2\/pages\/2213\/revisions"}],"predecessor-version":[{"id":13131,"href":"https:\/\/www.univ-lorraine.fr\/orientation-insertion-professionnelle\/wp-json\/wp\/v2\/pages\/2213\/revisions\/13131"}],"up":[{"embeddable":true,"href":"https:\/\/www.univ-lorraine.fr\/orientation-insertion-professionnelle\/wp-json\/wp\/v2\/pages\/4903"}],"wp:attachment":[{"href":"https:\/\/www.univ-lorraine.fr\/orientation-insertion-professionnelle\/wp-json\/wp\/v2\/media?parent=2213"}],"wp:term":[{"taxonomy":"category","embeddable":true,"href":"https:\/\/www.univ-lorraine.fr\/orientation-insertion-professionnelle\/wp-json\/wp\/v2\/categories?post=2213"},{"taxonomy":"post_tag","embeddable":true,"href":"https:\/\/www.univ-lorraine.fr\/orientation-insertion-professionnelle\/wp-json\/wp\/v2\/tags?post=2213"}],"curies":[{"name":"wp","href":"https:\/\/api.w.org\/{rel}","templated":true}]}}