{"id":2219,"date":"2021-09-20T12:26:31","date_gmt":"2021-09-20T10:26:31","guid":{"rendered":"https:\/\/www.univ-lorraine.fr\/orientation-insertion-professionnelle\/?page_id=2219"},"modified":"2022-09-16T17:40:20","modified_gmt":"2022-09-16T15:40:20","slug":"definir-vos-cibles-demploi","status":"publish","type":"page","link":"https:\/\/www.univ-lorraine.fr\/orientation-insertion-professionnelle\/ressources\/stage-emploi-et-alternance\/definir-vos-cibles-demploi\/","title":{"rendered":"D\u00e9finir vos cibles d&#8217;emploi"},"content":{"rendered":"\n<h2 class=\"wp-block-heading\"><strong>LES TYPES D&rsquo;EMPLOI<\/strong><\/h2>\n\n\n\n<p>Le m\u00e9tier que vous allez exercer peut prendre diff\u00e9rentes formes&nbsp;: il peut \u00eatre salari\u00e9 ou ind\u00e9pendant. Il peut s&rsquo;exercer dans le secteur public ou priv\u00e9, marchand&nbsp;ou non marchand. En fonction de vos pr\u00e9f\u00e9rences et choix de carri\u00e8re, vous pouvez exercer un m\u00e9tier sous diff\u00e9rents statuts professionnels. Le statut est le cadre &nbsp;qui d\u00e9terminera vos conditions de travail, votre environnement professionnel, votre mode de r\u00e9mun\u00e9ration, etc.<\/p>\n\n\n\n<p>Vous pouvez choisir de&nbsp;:<\/p>\n\n\n\n<div class=\"wp-block-pb-accordion-item c-accordion__item js-accordion-item no-js\" data-initially-open=\"false\" data-click-to-close=\"true\" data-auto-close=\"true\" data-scroll=\"false\" data-scroll-offset=\"0\"><h4 id=\"at-22190\" class=\"c-accordion__title js-accordion-controller\" role=\"button\"><a href=\"http:\/\/platine.univ-lorraine.fr\/#panel-802-0\">Travailler dans le secteur priv\u00e9<\/a><\/h4><div id=\"ac-22190\" class=\"c-accordion__content\">\n<p>Ce secteur regroupe toutes les entreprises ou organisations qui ne sont pas g\u00e9r\u00e9es ou dirig\u00e9es par les pouvoirs publics. Il concerne :<\/p>\n\n\n\n<ul class=\"wp-block-list\"><li>des entreprises<\/li><li>&nbsp;des mutuelles et coop\u00e9ratives<\/li><li>des associations et des ONG<\/li><li>des banques et des fonds d\u2019investissement \u00e0 capitaux priv\u00e9s.<\/li><\/ul>\n\n\n\n<p>En travaillant dans le secteur priv\u00e9, vous pouvez \u00eatre soit :<\/p>\n\n\n\n<ul class=\"wp-block-list\"><li>salari\u00e9, c\u2019est-\u00e0-dire li\u00e9 \u00e0 un employeur par un contrat de travail pouvant prendre diff\u00e9rentes formes : CDI, CDD ou int\u00e9rim. &nbsp;<\/li><\/ul>\n\n\n\n<p><a href=\"https:\/\/travail-emploi.gouv.fr\/droit-du-travail\/les-contrats-de-travail\/\" target=\"_blank\" rel=\"noreferrer noopener\">Les contrats de travail &#8211; Minist\u00e8re du Travail, de l&rsquo;Emploi et de l&rsquo;Insertion (travail-emploi.gouv.fr)<\/a><\/p>\n\n\n\n<ul class=\"wp-block-list\"><li>ind\u00e9pendant : vous exercez votre activit\u00e9 \u00e9conomique \u00e0 votre propre compte, en supportant les risques de l\u2019activit\u00e9 et en vous appropriant les profits \u00e9ventuels qu\u2019elle peut g\u00e9n\u00e9rer.<br>Vous \u00eates exploitant agricole, patron de l\u2019industrie, du BTP, du commerce et services, ou profession lib\u00e9rale et assimil\u00e9. Vous pouvez avoir diff\u00e9rents statuts : entrepreneurs individuels, g\u00e9rants majoritaires ou minoritaires de SARL, PDG de soci\u00e9t\u00e9s anonymes (moins nombreux, salari\u00e9s de leur propre entreprise). &nbsp;<\/li><\/ul>\n\n\n\n<p><a href=\"http:\/\/www.netvibes.com\/udl-stage-emploi#Creation_d%27entreprise\" target=\"_blank\" rel=\"noreferrer noopener\">Plus d&rsquo;information sur le travail ind\u00e9pendant et la cr\u00e9ation d\u2019entreprise<\/a><\/p>\n\n\n\n<p><a href=\"http:\/\/www.univ-lorraine.fr\/PEEL\" target=\"_blank\" rel=\"noreferrer noopener\">P\u00f4le Entrepreneuriat \u00c9tudiant de Lorraine<\/a>&nbsp;(PEEL)<\/p>\n<\/div><\/div>\n\n\n\n<div class=\"wp-block-pb-accordion-item c-accordion__item js-accordion-item no-js\" data-initially-open=\"false\" data-click-to-close=\"true\" data-auto-close=\"true\" data-scroll=\"false\" data-scroll-offset=\"0\"><h4 id=\"at-22191\" class=\"c-accordion__title js-accordion-controller\" role=\"button\"><a href=\"http:\/\/platine.univ-lorraine.fr\/#panel-802-1\">Travailler dans le secteur public<\/a><\/h4><div id=\"ac-22191\" class=\"c-accordion__content\">\n<p>La fonction publique comprend l\u2019ensemble des agents titulaires et contractuels. Les agents sont r\u00e9partis dans trois grandes fonctions publiques&nbsp;:<\/p>\n\n\n\n<ul class=\"wp-block-list\"><li>la fonction publique d\u2019\u00c9tat<\/li><li>la fonction publique territoriale (collectivit\u00e9s territoriales)<\/li><li>la fonction publique hospitali\u00e8re<\/li><\/ul>\n\n\n\n<p>Aux trois grandes fonctions publiques fran\u00e7aises s&rsquo;ajoutent&nbsp; \u00e9galement :<\/p>\n\n\n\n<ul class=\"wp-block-list\"><li>la fonction publique parlementaire (Assembl\u00e9e nationale et S\u00e9nat)<\/li><li>la ville de Paris, \u00e0 la fois commune et d\u00e9partement<\/li><li>la fonction publique europ\u00e9enne qui repr\u00e9sente 10 institutions europ\u00e9ennes.<\/li><li>la fonction publique internationale (Onu, Unesco, Interpol, Banque Mondiale\u2026).<\/li><\/ul>\n\n\n\n<p>\u00c0&nbsp;c\u00f4t\u00e9 de la fonction publique, des missions de service public sont assur\u00e9es par&nbsp;:<\/p>\n\n\n\n<ul class=\"wp-block-list\"><li>certains organismes ou structures publiques qui ne font pas partie de la fonction publique<\/li><li>des organismes priv\u00e9s financ\u00e9s par les collectivit\u00e9s publiques<\/li><li>&nbsp;des entreprises publiques (La Poste, la SNCF, la RATP, EDF, GDF, A\u00e9roports de Paris, EADS, etc.).&nbsp;<\/li><\/ul>\n\n\n\n<p>Pour la fonction publique, le recrutement se fait majoritairement par concours par cat\u00e9gories hi\u00e9rarchis\u00e9es :<\/p>\n\n\n\n<ul class=\"wp-block-list\"><li>cat\u00e9gorie A (pr\u00e9requis bac+3 et plus)<\/li><li>cat\u00e9gorie B (pr\u00e9requis Bac)<\/li><li>cat\u00e9gorie C (pr\u00e9requis CAP\/BEP)<\/li><\/ul>\n\n\n\n<p>Toutefois des postes sont&nbsp; accessibles sans concours et des recrutements contractuels directs peuvent \u00eatre fait par chaque employeur public.<\/p>\n\n\n\n<p>Concernant les structures assurant des missions de service public, les modes de recrutement sont sp\u00e9cifiques \u00e0 chacune d\u2019entre elles et les renseignements sont disponibles aupr\u00e8s de leur&nbsp; service recrutement.<\/p>\n\n\n\n<p><a href=\"http:\/\/www.netvibes.com\/udl-concours#Accueil\" target=\"_blank\" rel=\"noreferrer noopener\">Plus d&rsquo;information sur les m\u00e9tiers de la fonction publique et les concours<\/a><\/p>\n<\/div><\/div>\n\n\n\n<div class=\"wp-block-pb-accordion-item c-accordion__item js-accordion-item no-js\" data-initially-open=\"false\" data-click-to-close=\"true\" data-auto-close=\"true\" data-scroll=\"false\" data-scroll-offset=\"0\"><h4 id=\"at-22192\" class=\"c-accordion__title js-accordion-controller\" role=\"button\"><a href=\"http:\/\/platine.univ-lorraine.fr\/#panel-802-2\">Dispositifs sp\u00e9cifiques jeunes<\/a><\/h4><div id=\"ac-22192\" class=\"c-accordion__content\"><div class=\"gb-grid-wrapper gb-grid-wrapper-e1cf2b02\">\n<div class=\"gb-grid-column gb-grid-column-95c87bd4\"><div class=\"gb-container gb-container-95c87bd4\"><div class=\"gb-inside-container\">\n\n<h4 class=\"wp-block-heading\"> Alternance<\/h4>\n\n\n\n<p>C\u2019est un syst\u00e8me de formation qui s\u2019adresse en priorit\u00e9 aux jeunes de 16 \u00e0 29 ans r\u00e9volus. Il est fond\u00e9 sur l\u2019alternance d\u2019une phase th\u00e9orique et d\u2019une phase pratique en entreprise. Deux types de contrats sont propos\u00e9s&nbsp;: le contrat d\u2019apprentissage et le contrat de professionnalisation.&nbsp;<\/p>\n\n\n\n<p>Comme avantages de ce syst\u00e8me, on peut citer entre autres&nbsp;:<\/p>\n\n\n\n<ul class=\"wp-block-list\"><li>Un acc\u00e8s \u00e0 l\u2019emploi plus facile, l\u2019exp\u00e9rience en entreprise constituant une premi\u00e8re porte d\u2019entr\u00e9e<\/li><li>La r\u00e9mun\u00e9ration pendant la formation<\/li><li>L\u2019apprentissage d\u2019un m\u00e9tier sur le terrain<\/li><\/ul>\n\n\n\n<p>Toute l\u2019information sur l\u2019alternance sur&nbsp;:<\/p>\n\n\n\n<p><a href=\"https:\/\/www.alternance.emploi.gouv.fr\/portail_alternance\/jcms\/pa_5012\/navigation\/accueil\" target=\"_blank\" rel=\"noreferrer noopener\">alternance.emploi.gouv.fr<\/a><\/p>\n\n\n\n<p><a href=\"https:\/\/www.univ-lorraine.fr\/enseignements-et-formations\/formation-en-alternance\/?pg=10\" target=\"_blank\" rel=\"noreferrer noopener\">univ-lorraine.fr\/alternance<\/a><\/p>\n\n\n\n<p><a href=\"http:\/\/www.netvibes.com\/udl-alternance#Accueil\" target=\"_blank\" rel=\"noreferrer noopener\">Sitoth\u00e8que<\/a><\/p>\n\n<\/div><\/div><\/div>\n\n<div class=\"gb-grid-column gb-grid-column-3921ce2d\"><div class=\"gb-container gb-container-3921ce2d\"><div class=\"gb-inside-container\">\n\n<h4 class=\"wp-block-heading\">Service civique<\/h4>\n\n\n\n<p>Il s\u2019adresse aux jeunes et consiste en un engagement volontaire ouvert \u00e0 tous sans condition de dipl\u00f4me ou seuls comptent les savoirs-\u00eatre et la motivation. Vous \u00eates r\u00e9mun\u00e9r\u00e9s pour travailler pour des missions aupr\u00e8s d\u2019associations, de collectivit\u00e9s territoriales ou d\u2019\u00e9tablissements publics en France ou \u00e0 l\u2019\u00e9tranger. 9 domaines d\u2019intervention sont possibles&nbsp;:<\/p>\n\n\n\n<ul class=\"wp-block-list\"><li>Culture et loisirs<\/li><li>D\u00e9veloppement international<\/li><li>Action humanitaire<\/li><li>Intervention d\u2019urgence en cas de crise<\/li><li>M\u00e9moire et citoyennet\u00e9<\/li><li>Sant\u00e9<\/li><li>Solidarit\u00e9 et sport<\/li><\/ul>\n\n\n\n<p>Plus d\u2019informations sur&nbsp;:&nbsp;<a href=\"http:\/\/www.service-civique.gouv.fr\/\" target=\"_blank\" rel=\"noreferrer noopener\">service-civique.gouv.fr<\/a><\/p>\n\n\n\n<p>D\u2019autres formes de volontariat vous sont \u00e9galement accessibles&nbsp;:<\/p>\n\n\n\n<ul class=\"wp-block-list\"><li>volontariat de service civique,<\/li><li>service volontaire europ\u00e9en,<\/li><li>volontariat de solidarit\u00e9 internationale,<\/li><li>volontariat international en administration,<\/li><li>volontariat international en entreprise.<\/li><\/ul>\n\n\n\n<p><a href=\"http:\/\/www.netvibes.com\/udl-stage-emploi#Service_civique%2FVolontariat\" target=\"_blank\" rel=\"noreferrer noopener\">Plus d\u2019informations sur le volontariat<\/a><\/p>\n\n<\/div><\/div><\/div>\n<\/div><\/div><\/div>\n\n\n<div class=\"gb-container gb-container-672143f3\"><div class=\"gb-inside-container\">\n<div class=\"gb-grid-wrapper gb-grid-wrapper-9e97ddb1\">\n<div class=\"gb-grid-column gb-grid-column-11873811\"><div class=\"gb-container gb-container-11873811\"><div class=\"gb-inside-container\"><\/div><\/div><\/div>\n<\/div>\n<\/div><\/div>\n\n\n<h2 class=\"wp-block-heading\"><strong>LES M\u00c9TIERS<\/strong><\/h2>\n\n\n\n<p>&nbsp;Pour effectuer votre recherche, vous devez cibler les m\u00e9tiers li\u00e9s \u00e0 votre formation et vos comp\u00e9tences, en \u00e9largissant plus ou moins vers les domaines proche de votre coeur de cible.<\/p>\n\n\n\n<p>Diff\u00e9rentes sources d&rsquo;information existent :<\/p>\n\n\n\n<ul class=\"wp-block-list\"><li>les fiches m\u00e9tiers de&nbsp;<a href=\"http:\/\/www.pole-emploi.fr\/candidat\/les-fiches-metiers-@\/index.jspz?id=681\" target=\"_blank\" rel=\"noreferrer noopener\">P\u00f4le Emploi<\/a>&nbsp;ou de l&rsquo;<a href=\"https:\/\/www.apec.fr\/tous-nos-metiers.html\" target=\"_blank\" rel=\"noreferrer noopener\">Apec<\/a>&nbsp;d\u00e9taillant&nbsp;: comp\u00e9tences demand\u00e9es, activit\u00e9s sp\u00e9cifiques, conditions de travail, capacit\u00e9s li\u00e9es \u00e0 l&#8217;emploi.<\/li><li>les sites sp\u00e9cialis\u00e9s des branches et des f\u00e9d\u00e9rations professionnelles<\/li><li>les&nbsp;<a href=\"http:\/\/www.insertion.univ-lorraine.fr\/\" target=\"_blank\" rel=\"noreferrer noopener\">enqu\u00eates d\u2019insertion<\/a>&nbsp;des anciens dipl\u00f4m\u00e9s de l\u2019universit\u00e9<\/li><li>les&nbsp;<a href=\"http:\/\/unf3s.cerimes.fr\/media\/paces\/presentation\/presentation.html\" target=\"_blank\" rel=\"noreferrer noopener\">m\u00e9tiers de la sant\u00e9<\/a><\/li><\/ul>\n\n\n\n<p>Vous pouvez \u00e9galement r\u00e9aliser des enqu\u00eates m\u00e9tiers aupr\u00e8s de personnes en poste.<\/p>\n\n\n\n<p><a href=\"http:\/\/www.netvibes.com\/udl-stage-emploi#Referentiels_metiers\" target=\"_blank\" rel=\"noreferrer noopener\">Plus d&rsquo;informations sur les m\u00e9tiers<\/a><\/p>\n\n\n\n<p><a href=\"http:\/\/www.netvibes.com\/udl-stage-emploi#Les_metiers_qui_recrutent\" target=\"_blank\" rel=\"noreferrer noopener\">Les M\u00e9tiers qui recrutent<\/a><\/p>\n\n\n\n<h2 class=\"wp-block-heading\"><strong>L&rsquo;ENTREPRISE<\/strong><\/h2>\n\n\n\n<p>L&rsquo;entreprise vis\u00e9e peut \u00eatre :<\/p>\n\n\n\n<ul class=\"wp-block-list\"><li>priv\u00e9e ou publique<\/li><li>\u00e0 finalit\u00e9 marchande ou non marchande<\/li><li>les petites et moyennes entreprises (PME), les entreprises de taille interm\u00e9diaire (ETI) et les grandes entreprises<\/li><li>inscrite ou appartenir \u00e0 des secteurs diff\u00e9rents<\/li><\/ul>\n\n\n\n<p>Afin de cibler votre recherche, diff\u00e9rentes sources d&rsquo;information existent :<\/p>\n\n\n\n<ul class=\"wp-block-list\"><li>Les r\u00e9pertoires d\u2019entreprises\u00a0:\u00a0<a href=\"https:\/\/www.univ-lorraine.fr\/orientation-insertion-professionnelle\/?page_id=2408\">ORBIS<\/a><\/li><li>les sites des Syndicats professionnels et associations<\/li><li>les sites des chambres de commerce et d&rsquo;industrie (<a href=\"https:\/\/www.grandest.cci.fr\/\" target=\"_blank\" rel=\"noreferrer noopener\">CCI Grand Est<\/a>) (fichiers d\u2019entreprises et \u00e9v\u00e8nements)<\/li><li>les sites des conseils r\u00e9gionaux (<a href=\"https:\/\/www.grandest.fr\/\" target=\"_blank\" rel=\"noreferrer noopener\">Conseil R\u00e9gional Grand Est<\/a>)<\/li><li>Clusters et p\u00f4les de comp\u00e9titivit\u00e9 (<a href=\"https:\/\/www.entreprises.gouv.fr\/fr\/numerique\/ressources\/eureka\" target=\"_blank\" rel=\"noreferrer noopener\">Eureka<\/a>)<\/li><li>les sites internet des entreprises vis\u00e9es<\/li><\/ul>\n\n\n\n<p>Vous pouvez \u00e9galement consulter au&nbsp;<a href=\"https:\/\/www.univ-lorraine.fr\/orientation-insertion-professionnelle\/\" target=\"_blank\" rel=\"noreferrer noopener\">SOIP<\/a>&nbsp;la presse sp\u00e9cialis\u00e9e et r\u00e9gionale<\/p>\n\n\n\n<p><\/p>\n","protected":false},"excerpt":{"rendered":"<p>LES TYPES D&rsquo;EMPLOI Le m\u00e9tier que vous allez exercer peut prendre diff\u00e9rentes formes&nbsp;: il peut \u00eatre salari\u00e9 ou ind\u00e9pendant. Il peut s&rsquo;exercer dans le secteur public ou priv\u00e9, marchand&nbsp;ou non marchand. En fonction de vos pr\u00e9f\u00e9rences et choix de carri\u00e8re, vous pouvez exercer un m\u00e9tier sous diff\u00e9rents statuts professionnels. Le statut est le cadre &nbsp;qui &#8230; <a title=\"D\u00e9finir vos cibles d&#8217;emploi\" class=\"read-more\" href=\"https:\/\/www.univ-lorraine.fr\/orientation-insertion-professionnelle\/ressources\/stage-emploi-et-alternance\/definir-vos-cibles-demploi\/\" aria-label=\"En savoir plus sur D\u00e9finir vos cibles d&#8217;emploi\">Lire plus<\/a><\/p>\n","protected":false},"author":7,"featured_media":0,"parent":4903,"menu_order":0,"comment_status":"closed","ping_status":"closed","template":"","meta":{"inline_featured_image":false,"footnotes":""},"categories":[15,21],"tags":[],"class_list":{"0":"post-2219","1":"page","2":"type-page","3":"status-publish","5":"category-insertion-professionnelle","6":"category-marche-de-lemploi"},"yoast_head":"<!-- This site is optimized with the Yoast SEO plugin v27.4 - https:\/\/yoast.com\/product\/yoast-seo-wordpress\/ -->\n<title>D\u00e9finir vos cibles d&#039;emploi - Orientation et insertion professionnelle<\/title>\n<meta name=\"robots\" content=\"index, follow, max-snippet:-1, max-image-preview:large, max-video-preview:-1\" \/>\n<link rel=\"canonical\" href=\"https:\/\/www.univ-lorraine.fr\/orientation-insertion-professionnelle\/ressources\/stage-emploi-et-alternance\/definir-vos-cibles-demploi\/\" \/>\n<meta property=\"og:locale\" content=\"fr_FR\" \/>\n<meta property=\"og:type\" content=\"article\" \/>\n<meta property=\"og:title\" content=\"D\u00e9finir vos cibles d&#039;emploi - Orientation et insertion professionnelle\" \/>\n<meta property=\"og:description\" content=\"LES TYPES D&rsquo;EMPLOI Le m\u00e9tier que vous allez exercer peut prendre diff\u00e9rentes formes&nbsp;: il peut \u00eatre salari\u00e9 ou ind\u00e9pendant. Il peut s&rsquo;exercer dans le secteur public ou priv\u00e9, marchand&nbsp;ou non marchand. En fonction de vos pr\u00e9f\u00e9rences et choix de carri\u00e8re, vous pouvez exercer un m\u00e9tier sous diff\u00e9rents statuts professionnels. Le statut est le cadre &nbsp;qui ... Lire plus\" \/>\n<meta property=\"og:url\" content=\"https:\/\/www.univ-lorraine.fr\/orientation-insertion-professionnelle\/ressources\/stage-emploi-et-alternance\/definir-vos-cibles-demploi\/\" \/>\n<meta property=\"og:site_name\" content=\"Orientation et insertion professionnelle\" \/>\n<meta property=\"article:modified_time\" content=\"2022-09-16T15:40:20+00:00\" \/>\n<meta name=\"twitter:card\" content=\"summary_large_image\" \/>\n<meta name=\"twitter:label1\" content=\"Dur\u00e9e de lecture estim\u00e9e\" \/>\n\t<meta name=\"twitter:data1\" content=\"4 minutes\" \/>\n<script type=\"application\/ld+json\" class=\"yoast-schema-graph\">{\"@context\":\"https:\\\/\\\/schema.org\",\"@graph\":[{\"@type\":\"WebPage\",\"@id\":\"https:\\\/\\\/www.univ-lorraine.fr\\\/orientation-insertion-professionnelle\\\/ressources\\\/stage-emploi-et-alternance\\\/definir-vos-cibles-demploi\\\/\",\"url\":\"https:\\\/\\\/www.univ-lorraine.fr\\\/orientation-insertion-professionnelle\\\/ressources\\\/stage-emploi-et-alternance\\\/definir-vos-cibles-demploi\\\/\",\"name\":\"D\u00e9finir vos cibles d'emploi - Orientation et insertion professionnelle\",\"isPartOf\":{\"@id\":\"https:\\\/\\\/www.univ-lorraine.fr\\\/orientation-insertion-professionnelle\\\/#website\"},\"datePublished\":\"2021-09-20T10:26:31+00:00\",\"dateModified\":\"2022-09-16T15:40:20+00:00\",\"breadcrumb\":{\"@id\":\"https:\\\/\\\/www.univ-lorraine.fr\\\/orientation-insertion-professionnelle\\\/ressources\\\/stage-emploi-et-alternance\\\/definir-vos-cibles-demploi\\\/#breadcrumb\"},\"inLanguage\":\"fr-FR\",\"potentialAction\":[{\"@type\":\"ReadAction\",\"target\":[\"https:\\\/\\\/www.univ-lorraine.fr\\\/orientation-insertion-professionnelle\\\/ressources\\\/stage-emploi-et-alternance\\\/definir-vos-cibles-demploi\\\/\"]}]},{\"@type\":\"BreadcrumbList\",\"@id\":\"https:\\\/\\\/www.univ-lorraine.fr\\\/orientation-insertion-professionnelle\\\/ressources\\\/stage-emploi-et-alternance\\\/definir-vos-cibles-demploi\\\/#breadcrumb\",\"itemListElement\":[{\"@type\":\"ListItem\",\"position\":1,\"name\":\"Accueil\",\"item\":\"https:\\\/\\\/www.univ-lorraine.fr\\\/orientation-insertion-professionnelle\\\/\"},{\"@type\":\"ListItem\",\"position\":2,\"name\":\"Ressources\",\"item\":\"https:\\\/\\\/www.univ-lorraine.fr\\\/orientation-insertion-professionnelle\\\/ressources\\\/\"},{\"@type\":\"ListItem\",\"position\":3,\"name\":\"Stage, emploi et alternance\",\"item\":\"https:\\\/\\\/www.univ-lorraine.fr\\\/orientation-insertion-professionnelle\\\/ressources\\\/stage-emploi-et-alternance\\\/\"},{\"@type\":\"ListItem\",\"position\":4,\"name\":\"D\u00e9finir vos cibles d&#8217;emploi\"}]},{\"@type\":\"WebSite\",\"@id\":\"https:\\\/\\\/www.univ-lorraine.fr\\\/orientation-insertion-professionnelle\\\/#website\",\"url\":\"https:\\\/\\\/www.univ-lorraine.fr\\\/orientation-insertion-professionnelle\\\/\",\"name\":\"Orientation et insertion professionnelle\",\"description\":\"\",\"publisher\":{\"@id\":\"https:\\\/\\\/www.univ-lorraine.fr\\\/orientation-insertion-professionnelle\\\/#organization\"},\"potentialAction\":[{\"@type\":\"SearchAction\",\"target\":{\"@type\":\"EntryPoint\",\"urlTemplate\":\"https:\\\/\\\/www.univ-lorraine.fr\\\/orientation-insertion-professionnelle\\\/?s={search_term_string}\"},\"query-input\":{\"@type\":\"PropertyValueSpecification\",\"valueRequired\":true,\"valueName\":\"search_term_string\"}}],\"inLanguage\":\"fr-FR\"},{\"@type\":\"Organization\",\"@id\":\"https:\\\/\\\/www.univ-lorraine.fr\\\/orientation-insertion-professionnelle\\\/#organization\",\"name\":\"Universit\u00e9 de Lorraine\",\"url\":\"https:\\\/\\\/www.univ-lorraine.fr\\\/orientation-insertion-professionnelle\\\/\",\"logo\":{\"@type\":\"ImageObject\",\"inLanguage\":\"fr-FR\",\"@id\":\"https:\\\/\\\/www.univ-lorraine.fr\\\/orientation-insertion-professionnelle\\\/#\\\/schema\\\/logo\\\/image\\\/\",\"url\":\"https:\\\/\\\/www.univ-lorraine.fr\\\/orientation-insertion-professionnelle\\\/wp-content\\\/uploads\\\/sites\\\/7\\\/2023\\\/04\\\/logo_siteweb2_Plan-de-travail-1.png\",\"contentUrl\":\"https:\\\/\\\/www.univ-lorraine.fr\\\/orientation-insertion-professionnelle\\\/wp-content\\\/uploads\\\/sites\\\/7\\\/2023\\\/04\\\/logo_siteweb2_Plan-de-travail-1.png\",\"width\":852,\"height\":492,\"caption\":\"Universit\u00e9 de Lorraine\"},\"image\":{\"@id\":\"https:\\\/\\\/www.univ-lorraine.fr\\\/orientation-insertion-professionnelle\\\/#\\\/schema\\\/logo\\\/image\\\/\"}}]}<\/script>\n<!-- \/ Yoast SEO plugin. -->","yoast_head_json":{"title":"D\u00e9finir vos cibles d'emploi - Orientation et insertion professionnelle","robots":{"index":"index","follow":"follow","max-snippet":"max-snippet:-1","max-image-preview":"max-image-preview:large","max-video-preview":"max-video-preview:-1"},"canonical":"https:\/\/www.univ-lorraine.fr\/orientation-insertion-professionnelle\/ressources\/stage-emploi-et-alternance\/definir-vos-cibles-demploi\/","og_locale":"fr_FR","og_type":"article","og_title":"D\u00e9finir vos cibles d'emploi - Orientation et insertion professionnelle","og_description":"LES TYPES D&rsquo;EMPLOI Le m\u00e9tier que vous allez exercer peut prendre diff\u00e9rentes formes&nbsp;: il peut \u00eatre salari\u00e9 ou ind\u00e9pendant. Il peut s&rsquo;exercer dans le secteur public ou priv\u00e9, marchand&nbsp;ou non marchand. En fonction de vos pr\u00e9f\u00e9rences et choix de carri\u00e8re, vous pouvez exercer un m\u00e9tier sous diff\u00e9rents statuts professionnels. Le statut est le cadre &nbsp;qui ... Lire plus","og_url":"https:\/\/www.univ-lorraine.fr\/orientation-insertion-professionnelle\/ressources\/stage-emploi-et-alternance\/definir-vos-cibles-demploi\/","og_site_name":"Orientation et insertion professionnelle","article_modified_time":"2022-09-16T15:40:20+00:00","twitter_card":"summary_large_image","twitter_misc":{"Dur\u00e9e de lecture estim\u00e9e":"4 minutes"},"schema":{"@context":"https:\/\/schema.org","@graph":[{"@type":"WebPage","@id":"https:\/\/www.univ-lorraine.fr\/orientation-insertion-professionnelle\/ressources\/stage-emploi-et-alternance\/definir-vos-cibles-demploi\/","url":"https:\/\/www.univ-lorraine.fr\/orientation-insertion-professionnelle\/ressources\/stage-emploi-et-alternance\/definir-vos-cibles-demploi\/","name":"D\u00e9finir vos cibles d'emploi - Orientation et insertion professionnelle","isPartOf":{"@id":"https:\/\/www.univ-lorraine.fr\/orientation-insertion-professionnelle\/#website"},"datePublished":"2021-09-20T10:26:31+00:00","dateModified":"2022-09-16T15:40:20+00:00","breadcrumb":{"@id":"https:\/\/www.univ-lorraine.fr\/orientation-insertion-professionnelle\/ressources\/stage-emploi-et-alternance\/definir-vos-cibles-demploi\/#breadcrumb"},"inLanguage":"fr-FR","potentialAction":[{"@type":"ReadAction","target":["https:\/\/www.univ-lorraine.fr\/orientation-insertion-professionnelle\/ressources\/stage-emploi-et-alternance\/definir-vos-cibles-demploi\/"]}]},{"@type":"BreadcrumbList","@id":"https:\/\/www.univ-lorraine.fr\/orientation-insertion-professionnelle\/ressources\/stage-emploi-et-alternance\/definir-vos-cibles-demploi\/#breadcrumb","itemListElement":[{"@type":"ListItem","position":1,"name":"Accueil","item":"https:\/\/www.univ-lorraine.fr\/orientation-insertion-professionnelle\/"},{"@type":"ListItem","position":2,"name":"Ressources","item":"https:\/\/www.univ-lorraine.fr\/orientation-insertion-professionnelle\/ressources\/"},{"@type":"ListItem","position":3,"name":"Stage, emploi et alternance","item":"https:\/\/www.univ-lorraine.fr\/orientation-insertion-professionnelle\/ressources\/stage-emploi-et-alternance\/"},{"@type":"ListItem","position":4,"name":"D\u00e9finir vos cibles d&#8217;emploi"}]},{"@type":"WebSite","@id":"https:\/\/www.univ-lorraine.fr\/orientation-insertion-professionnelle\/#website","url":"https:\/\/www.univ-lorraine.fr\/orientation-insertion-professionnelle\/","name":"Orientation et insertion professionnelle","description":"","publisher":{"@id":"https:\/\/www.univ-lorraine.fr\/orientation-insertion-professionnelle\/#organization"},"potentialAction":[{"@type":"SearchAction","target":{"@type":"EntryPoint","urlTemplate":"https:\/\/www.univ-lorraine.fr\/orientation-insertion-professionnelle\/?s={search_term_string}"},"query-input":{"@type":"PropertyValueSpecification","valueRequired":true,"valueName":"search_term_string"}}],"inLanguage":"fr-FR"},{"@type":"Organization","@id":"https:\/\/www.univ-lorraine.fr\/orientation-insertion-professionnelle\/#organization","name":"Universit\u00e9 de Lorraine","url":"https:\/\/www.univ-lorraine.fr\/orientation-insertion-professionnelle\/","logo":{"@type":"ImageObject","inLanguage":"fr-FR","@id":"https:\/\/www.univ-lorraine.fr\/orientation-insertion-professionnelle\/#\/schema\/logo\/image\/","url":"https:\/\/www.univ-lorraine.fr\/orientation-insertion-professionnelle\/wp-content\/uploads\/sites\/7\/2023\/04\/logo_siteweb2_Plan-de-travail-1.png","contentUrl":"https:\/\/www.univ-lorraine.fr\/orientation-insertion-professionnelle\/wp-content\/uploads\/sites\/7\/2023\/04\/logo_siteweb2_Plan-de-travail-1.png","width":852,"height":492,"caption":"Universit\u00e9 de Lorraine"},"image":{"@id":"https:\/\/www.univ-lorraine.fr\/orientation-insertion-professionnelle\/#\/schema\/logo\/image\/"}}]}},"_links":{"self":[{"href":"https:\/\/www.univ-lorraine.fr\/orientation-insertion-professionnelle\/wp-json\/wp\/v2\/pages\/2219","targetHints":{"allow":["GET"]}}],"collection":[{"href":"https:\/\/www.univ-lorraine.fr\/orientation-insertion-professionnelle\/wp-json\/wp\/v2\/pages"}],"about":[{"href":"https:\/\/www.univ-lorraine.fr\/orientation-insertion-professionnelle\/wp-json\/wp\/v2\/types\/page"}],"author":[{"embeddable":true,"href":"https:\/\/www.univ-lorraine.fr\/orientation-insertion-professionnelle\/wp-json\/wp\/v2\/users\/7"}],"replies":[{"embeddable":true,"href":"https:\/\/www.univ-lorraine.fr\/orientation-insertion-professionnelle\/wp-json\/wp\/v2\/comments?post=2219"}],"version-history":[{"count":23,"href":"https:\/\/www.univ-lorraine.fr\/orientation-insertion-professionnelle\/wp-json\/wp\/v2\/pages\/2219\/revisions"}],"predecessor-version":[{"id":2975,"href":"https:\/\/www.univ-lorraine.fr\/orientation-insertion-professionnelle\/wp-json\/wp\/v2\/pages\/2219\/revisions\/2975"}],"up":[{"embeddable":true,"href":"https:\/\/www.univ-lorraine.fr\/orientation-insertion-professionnelle\/wp-json\/wp\/v2\/pages\/4903"}],"wp:attachment":[{"href":"https:\/\/www.univ-lorraine.fr\/orientation-insertion-professionnelle\/wp-json\/wp\/v2\/media?parent=2219"}],"wp:term":[{"taxonomy":"category","embeddable":true,"href":"https:\/\/www.univ-lorraine.fr\/orientation-insertion-professionnelle\/wp-json\/wp\/v2\/categories?post=2219"},{"taxonomy":"post_tag","embeddable":true,"href":"https:\/\/www.univ-lorraine.fr\/orientation-insertion-professionnelle\/wp-json\/wp\/v2\/tags?post=2219"}],"curies":[{"name":"wp","href":"https:\/\/api.w.org\/{rel}","templated":true}]}}