{"id":2226,"date":"2021-09-20T13:36:26","date_gmt":"2021-09-20T11:36:26","guid":{"rendered":"https:\/\/www.univ-lorraine.fr\/orientation-insertion-professionnelle\/?page_id=2226"},"modified":"2025-05-09T13:34:17","modified_gmt":"2025-05-09T11:34:17","slug":"premier-emploi","status":"publish","type":"page","link":"https:\/\/www.univ-lorraine.fr\/orientation-insertion-professionnelle\/ressources\/stage-emploi-et-alternance\/premier-emploi\/","title":{"rendered":"Premier emploi"},"content":{"rendered":"<div class=\"gb-container gb-container-f764ae26\"><div class=\"gb-inside-container\">\n\n<p class=\"has-text-align-center\" style=\"font-size:25px;font-style:normal;font-weight:700;text-transform:none\">Avant de commencer vos d\u00e9marches de recherche d\u2019emploi, <br>assurez-vous d\u2019avoir un projet professionnel cibl\u00e9.<\/p>\n\n\n\n<p class=\"has-text-align-center\"><strong><a href=\"https:\/\/www.univ-lorraine.fr\/orientation-insertion-professionnelle\/ressources\/stage-emploi-et-alternance\/bilan-projet\/\">En savoir plus<\/a><\/strong><\/p>\n\n<\/div><\/div>\n\n<div class=\"gb-grid-wrapper gb-grid-wrapper-7e689ed2\">\n<div class=\"gb-grid-column gb-grid-column-9379f825\"><div class=\"gb-container gb-container-9379f825\"><div class=\"gb-inside-container\">\n<div class=\"gb-container gb-container-d859dcc9\">\n<div class=\"gb-container gb-container-dc8e9288\">\n\n<h2 class=\"wp-block-heading has-text-align-center\" style=\"text-transform:uppercase\"><strong>Faire vos premi\u00e8res d\u00e9marches<\/strong><\/h2>\n\n<\/div>\n<\/div>\n\n\n<h3 class=\"wp-block-heading has-text-align-center\" style=\"text-transform:none\">Vous venez d\u2019\u00eatre dipl\u00f4m\u00e9\u00b7e, nous vous conseillons&nbsp;:<\/h3>\n\n\n\n<ul class=\"wp-block-list\">\n<li>De vous inscrire \u00e0 <strong><a href=\"https:\/\/www.francetravail.fr\/accueil\/?index=0\" target=\"_blank\" rel=\"noreferrer noopener\">France Travail<\/a><\/strong><\/li>\n\n\n\n<li>De consulter <a href=\"https:\/\/dataemploi.francetravail.fr\/emploi\/accueil\" target=\"_blank\" rel=\"noreferrer noopener\">Data Emploi<\/a>, outil de <strong>France Travail<\/strong> pour d\u00e9crypter le march\u00e9 du travail&nbsp; sur le territoire de votre choix ainsi que <a href=\"https:\/\/www.emploi-store.fr\/portail\/accueil\" target=\"_blank\" rel=\"noreferrer noopener\">Emploi Store<\/a> qui propose une multitude de sites web d\u00e9di\u00e9s \u00e0 votre projet professionnel et \u00e0 votre recherche d\u2019emploi. Exemple&nbsp;: <a href=\"https:\/\/www.emploi-store.fr\/portail\/services\/laBonneBoite\" target=\"_blank\" rel=\"noreferrer noopener\">La bonne boite<\/a> : ciblez les entreprises qui recrutent (pour identifier des entreprises \u00e0 fort potentiel d\u2019embauche).<\/li>\n\n\n\n<li>D\u2019avoir un CV professionnel, adapt\u00e9 \u00e0 chaque objectif (<a href=\"https:\/\/www.univ-lorraine.fr\/orientation-insertion-professionnelle\/ressources\/stage-emploi-et-alternance\/curriculum-vitae\/\" target=\"_blank\" rel=\"noreferrer noopener\">plusieurs sont possibles<\/a>).<\/li>\n\n\n\n<li>De cr\u00e9er des profils complets et d\u2019activer des alertes emploi sur les principaux <strong><a href=\"https:\/\/www.univ-lorraine.fr\/orientation-insertion-professionnelle\/wp-content\/uploads\/sites\/7\/2025\/05\/jobboards-2025-1.png\">jobboards<\/a><\/strong><\/li>\n\n\n\n<li>D\u2019explorer les pistes d\u2019emplois sur <strong>le <\/strong><a href=\"http:\/\/u2l.fr\/careercenter\" target=\"_blank\" rel=\"noreferrer noopener\"><strong>Career Center<\/strong> <\/a>(cr\u00e9ation d\u2019un compte avec une autre adresse mail \u2013 acc\u00e8s encore possible dans les six mois qui suivent la diplomation)<\/li>\n\n\n\n<li>De vous appuyer sur <strong>les annuaires d\u2019entreprises<\/strong> (Kompass, Orbis, Cap Financials, etc.) sur le <a href=\"https:\/\/bu.univ-lorraine.fr\/ressources-en-ligne\" target=\"_blank\" rel=\"noreferrer noopener\">site des BU<\/a> (acc\u00e8s gratuit pendant six mois apr\u00e8s votre diplomation) &nbsp;<\/li>\n\n\n\n<li>De construire ou mettre \u00e0 jour votre profil<strong> LinkedIn<\/strong> et de faire une veille r\u00e9guli\u00e8re dans le but de d\u00e9velopper votre r\u00e9seau. Soyez pr\u00e9sent et actif&nbsp;sur ce \u00ab&nbsp;RSP&nbsp;\u00bb (r\u00e9seau social professionnel) fortement pl\u00e9biscit\u00e9 par les entreprises !<\/li>\n\n\n\n<li>Pensez aussi aux anciens \u00e9tudiants <strong>(alumnis),<\/strong> sur la page LinkedIn de l\u2019Universit\u00e9 de Lorraine dans \u00ab&nbsp;anciens \u00e9l\u00e8ves&nbsp;\u00bb.<\/li>\n\n\n\n<li>D\u2019envoyer votre candidature \u00e0 des cabinets de recrutement. Pensez aussi \u00e0 l\u2019int\u00e9rim. <\/li>\n<\/ul>\n\n\n\n<h3 class=\"wp-block-heading has-text-align-center\" style=\"text-transform:none\">Quelques exemples de cabinets locaux&nbsp;: <\/h3>\n\n\n\n<ul class=\"wp-block-list\">\n<li><a href=\"https:\/\/www.baran-recrutement.fr\/\" target=\"_blank\" rel=\"noreferrer noopener\">Cabinet Baran<\/a><\/li>\n\n\n\n<li><a href=\"https:\/\/www.adh.fr\/\" target=\"_blank\" rel=\"noreferrer noopener\">Cabinet ADH<\/a><\/li>\n<\/ul>\n\n<\/div><\/div><\/div>\n\n<div class=\"gb-grid-column gb-grid-column-8c3d586d\"><div class=\"gb-container gb-container-8c3d586d\"><div class=\"gb-inside-container\">\n\n<h2 class=\"wp-block-heading has-text-align-center\" style=\"text-transform:uppercase\"> <strong>\u00catre accompagn\u00e9\u00b7e<\/strong> <\/h2>\n\n\n\n<ul class=\"wp-block-list\">\n<li>pour affiner votre projet<\/li>\n\n\n\n<li>pour mieux cibler votre march\u00e9<\/li>\n\n\n\n<li>pour booster votre recherche<\/li>\n\n\n\n<li>gagner en autonomie<\/li>\n<\/ul>\n\n\n\n<h3 class=\"wp-block-heading has-text-align-center\" style=\"text-transform:none\"><strong>Avant d\u2019\u00eatre dipl\u00f4m\u00e9\u00b7e&nbsp;:<\/strong><\/h3>\n\n\n<div class=\"gb-container gb-container-205b1836\">\n\n<p>Afin de vous pr\u00e9parer \u00e0 votre recherche d\u2019emploi, <strong>le SOIP<\/strong> (Service d\u2019orientation et d\u2019insertion professionnelle, que ce soit \u00e0 <a href=\"https:\/\/www.univ-lorraine.fr\/orientation-insertion-professionnelle\/infos-pratiques\/\" target=\"_blank\" rel=\"noreferrer noopener\">Met<\/a><a href=\"https:\/\/www.univ-lorraine.fr\/orientation-insertion-professionnelle\/infos-pratiques\/\">z, Nancy ou Vand\u0153uvre<\/a>,&nbsp;vous propose&nbsp;:<\/p>\n\n\n\n<p><strong>Des RDV individuels, en pr\u00e9sentiel ou \u00e0 distance,<\/strong> avec un(e) charg\u00e9(e) d\u2019insertion professionnelle pour&nbsp;:<\/p>\n\n\n\n<ul class=\"wp-block-list\">\n<li>des conseils sur les CV et lettre de motivation<\/li>\n\n\n\n<li>des conseils sur les strat\u00e9gies de recherche<\/li>\n\n\n\n<li>une pr\u00e9paration \u00e0 l\u2019entretien<\/li>\n\n\n\n<li>mettre en place des simulations d\u2019entretien<\/li>\n<\/ul>\n\n\n\n<p><strong>NB&nbsp;: <\/strong>accompagnement sp\u00e9cifique sur le campus du Saulcy avec le r\u00e9seau Amical Malakoff (r\u00e9seaux d\u2019anciens experts des RH), info au 03 72 74 03 62 ou &#115;o&#x69;p&#x2d;&#99;&#x6f;&#110;&#x74;&#97;c&#x74;&#64;&#x75;&#110;&#x69;&#118;&#x2d;&#108;&#x6f;&#114;r&#x61;i&#x6e;&#101;&#x2e;&#102;&#x72;<\/p>\n\n\n\n<p><strong>Des ateliers collectifs, <\/strong>propos\u00e9s tout au long de l\u2019ann\u00e9e. <strong><a href=\"https:\/\/www.univ-lorraine.fr\/orientation-insertion-professionnelle\/agenda-ateliers\/\" target=\"_blank\" rel=\"noreferrer noopener\">En savoir plus dans l\u2019agenda du SOIP<\/a><\/strong>.<\/p>\n\n<\/div>\n\n\n<h3 class=\"wp-block-heading has-text-align-center\" style=\"text-transform:none\"><strong><strong>Une fois dipl\u00f4m\u00e9\u00b7e&nbsp;:<\/strong><\/strong><\/h3>\n\n\n\n<p class=\"has-text-align-center\">Voici la liste non exhaustive&nbsp;de quelques accompagnateurs sp\u00e9cifiques&nbsp;:<strong><\/strong><\/p>\n\n\n\n<ul class=\"wp-block-list\">\n<li>Le SOIP reste \u00e0 votre disposition l\u2019ann\u00e9e suivant l\u2019obtention de votre dipl\u00f4me&nbsp;;<\/li>\n\n\n\n<li>Si vous \u00eates titulaire d\u2019un bac +&nbsp;3, vous pouvez contacter <strong><a href=\"https:\/\/www.apec.fr\/\">l\u2019APEC<\/a><\/strong> et, dans tous les cas, <strong>France Travail&nbsp;;<\/strong><\/li>\n\n\n\n<li>Si vous \u00eates en situation de handicap, vous pouvez contacter <a href=\"https:\/\/www.capemploi.info\/\"><strong>CapEmploi<\/strong><\/a>.<\/li>\n<\/ul>\n\n\n\n<p style=\"font-style:normal;font-weight:700\">\u00c0 noter \u00e9galement&nbsp;:<\/p>\n\n\n\n<ul class=\"wp-block-list\">\n<li><strong>NQT Nos quartiers ont du talent<\/strong> propose un mentorat professionnel d\u00e9di\u00e9 aux jeunes dipl\u00f4m\u00e9s (bac + 3 minimum et de moins de 30 ans). <strong><a href=\"https:\/\/nqt.fr\/\" target=\"_blank\" rel=\"noreferrer noopener\">En savoir plus<\/a><\/strong> (crit\u00e8res d\u2019\u00e9ligibilit\u00e9, etc.)<\/li>\n<\/ul>\n\n\n\n<ul class=\"wp-block-list\">\n<li><strong>Mosaik RH<\/strong>, cabinet de recrutement inclusif, engag\u00e9 dans la lutte contre les in\u00e9galit\u00e9s et les discriminations \u00e0 l\u2019embauche. <strong><a href=\"https:\/\/mozaikrh.com\/qui-sommes-nous\/\" target=\"_blank\" rel=\"noreferrer noopener\">En savoir plus<\/a><\/strong><\/li>\n<\/ul>\n\n<\/div><\/div><\/div>\n\n<div class=\"gb-grid-column gb-grid-column-e6093542\"><div class=\"gb-container gb-container-e6093542\"><div class=\"gb-inside-container\">\n\n<h2 class=\"wp-block-heading has-text-align-center\" style=\"text-transform:uppercase\"><strong><strong>Se lancer dans l\u2019entrepreneuriat<\/strong><\/strong><\/h2>\n\n\n\n<p><strong>Si l\u2019entrepreneuriat vous tente<\/strong>, passez de l\u2019id\u00e9e au projet avec le service d\u00e9di\u00e9 au sein de l\u2019Universit\u00e9&nbsp;: <a href=\"https:\/\/peel.univ-lorraine.fr\/\" target=\"_blank\" rel=\"noreferrer noopener\"><strong>le P\u00f4le entrepreneuriat \u00e9tudiant de Lorraine<\/strong> (PeeL)<\/a><\/p>\n\n\n\n<h3 class=\"wp-block-heading has-text-align-left\" style=\"text-transform:none\"><strong>Ressources :<\/strong><\/h3>\n\n\n<div class=\"gb-container gb-container-bc22d937\">\n\n<ul class=\"wp-block-list\">\n<li>G\u00e9n\u00e9ralit\u00e9s <strong><a href=\"https:\/\/www.netvibes.com\/udl-stage-emploi#Creation_d'entreprise\" target=\"_blank\" rel=\"noreferrer noopener\">En savoir plus<\/a><\/strong>.<br>Tester votre profil entrepreneurial<\/li>\n\n\n\n<li>Portage salarial <strong><a href=\"https:\/\/missions-cadres.com\/\" target=\"_blank\" rel=\"noreferrer noopener\">En savoir plus<\/a><\/strong><\/li>\n\n\n\n<li>Microentreprises <strong><a href=\"https:\/\/www.economie.gouv.fr\/entreprises\/micro-entreprise-auto-entreprise\" target=\"_blank\" rel=\"noreferrer noopener\">En savoir plus<\/a><\/strong><\/li>\n\n\n\n<li>Incubateurs <strong><a href=\"https:\/\/www.francetravail.fr\/actualites\/le-dossier\/pratique\/creation-ou-reprise-dentreprise\/creer-son-entreprise\/les-incubateurs.html\" target=\"_blank\" rel=\"noreferrer noopener\">En savoir plus<\/a><\/strong><\/li>\n\n\n\n<li>Annuaire des Chambres de commerce et d\u2019industrie <strong><a href=\"https:\/\/www.cci.fr\/contact?&amp;r=\" target=\"_blank\" rel=\"noreferrer noopener\">Consulter l\u2019annuaire<\/a><\/strong><\/li>\n\n\n\n<li>Annuaire des Chambres des m\u00e9tiers de l\u2019artisanat <strong><a href=\"https:\/\/www.artisanat.fr\/\" target=\"_blank\" rel=\"noreferrer noopener\">Consulter l\u2019annuaire<\/a><\/strong><\/li>\n\n\n\n<li>Annuaire des chambres d\u2019agriculture <strong><a href=\"https:\/\/chambres-agriculture.fr\/\" target=\"_blank\" rel=\"noreferrer noopener\">Consulter l\u2019annuaire<\/a><\/strong><\/li>\n\n\n\n<li>Annuaire des p\u00e9pini\u00e8res d\u2019entreprises du Grand Est <strong><a href=\"https:\/\/www.pepinieres-grandest.com\/\" target=\"_blank\" rel=\"noreferrer noopener\">Consulter l\u2019annuaire<\/a><\/strong><\/li>\n<\/ul>\n\n<\/div>\n<\/div><\/div><\/div>\n\n<div class=\"gb-grid-column gb-grid-column-bab51da8\"><div class=\"gb-container gb-container-bab51da8\">\n<div class=\"gb-container gb-container-e07650f9\"><div class=\"gb-inside-container\">\n\n<h2 class=\"wp-block-heading has-text-align-center\" style=\"text-transform:uppercase\"> <strong><strong><strong>Travailler \u00e0 l\u2019\u00e9tranger<\/strong><\/strong><\/strong><\/h2>\n\n\n<div class=\"gb-container gb-container-027ec411\">\n\n<p style=\"font-style:normal;font-weight:700\">Plusieurs dispositifs et ressources existent&nbsp;:<\/p>\n\n\n\n<ul class=\"wp-block-list\">\n<li>Volontariat international (VIE et VIA) <strong><a href=\"https:\/\/mon-vie-via.businessfrance.fr\/\" target=\"_blank\" rel=\"noreferrer noopener\">En savoir plus sur Business France<\/a><\/strong><\/li>\n\n\n\n<li>Emploi en Europe <strong><a href=\"https:\/\/eures.europa.eu\/index_fr\" target=\"_blank\" rel=\"noreferrer noopener\">En savoir plus sur le site de l\u2019EURES<\/a><\/strong><\/li>\n\n\n\n<li>Autres ressources&nbsp; <strong><a href=\"https:\/\/www.netvibes.com\/udl-stage-emploi#International\" target=\"_blank\" rel=\"noreferrer noopener\">En savoir plus<\/a><\/strong><\/li>\n<\/ul>\n\n<\/div>\n<\/div><\/div>\n\n\n<div style=\"width: 100%;\"><div style=\"position: relative; padding-bottom: 56.25%; padding-top: 0; height: 0;\"><iframe loading=\"lazy\" title=\"v2.Le guide 1er emploi: les essentiels\" frameborder=\"0\" width=\"1200px\" height=\"675px\" style=\"position: absolute; top: 0; left: 0; width: 100%; height: 100%;\" src=\"https:\/\/view.genially.com\/67f6256cfab8c856a219419e\" type=\"text\/html\" allowscriptaccess=\"always\" allowfullscreen=\"true\" scrolling=\"yes\" allownetworking=\"all\"><\/iframe> <\/div> <\/div>\n\n<\/div><\/div>\n<\/div>\n\n\n<p><\/p>\n","protected":false},"excerpt":{"rendered":"<p>Avant de commencer vos d\u00e9marches de recherche d\u2019emploi, assurez-vous d\u2019avoir un projet professionnel cibl\u00e9. En savoir plus<\/p>\n","protected":false},"author":7,"featured_media":0,"parent":4903,"menu_order":0,"comment_status":"closed","ping_status":"closed","template":"","meta":{"inline_featured_image":false,"footnotes":""},"categories":[15,23],"tags":[],"class_list":{"0":"post-2226","1":"page","2":"type-page","3":"status-publish","5":"category-insertion-professionnelle","6":"category-premier-emploi"},"yoast_head":"<!-- This site is optimized with the Yoast SEO plugin v27.4 - https:\/\/yoast.com\/product\/yoast-seo-wordpress\/ -->\n<title>Premier emploi - Orientation et insertion professionnelle<\/title>\n<meta name=\"robots\" content=\"index, follow, max-snippet:-1, max-image-preview:large, max-video-preview:-1\" \/>\n<link rel=\"canonical\" href=\"https:\/\/www.univ-lorraine.fr\/orientation-insertion-professionnelle\/ressources\/stage-emploi-et-alternance\/premier-emploi\/\" \/>\n<meta property=\"og:locale\" content=\"fr_FR\" \/>\n<meta property=\"og:type\" content=\"article\" \/>\n<meta property=\"og:title\" content=\"Premier emploi - Orientation et insertion professionnelle\" \/>\n<meta property=\"og:description\" content=\"Avant de commencer vos d\u00e9marches de recherche d\u2019emploi, assurez-vous d\u2019avoir un projet professionnel cibl\u00e9. En savoir plus\" \/>\n<meta property=\"og:url\" content=\"https:\/\/www.univ-lorraine.fr\/orientation-insertion-professionnelle\/ressources\/stage-emploi-et-alternance\/premier-emploi\/\" \/>\n<meta property=\"og:site_name\" content=\"Orientation et insertion professionnelle\" \/>\n<meta property=\"article:modified_time\" content=\"2025-05-09T11:34:17+00:00\" \/>\n<meta name=\"twitter:card\" content=\"summary_large_image\" \/>\n<meta name=\"twitter:label1\" content=\"Dur\u00e9e de lecture estim\u00e9e\" \/>\n\t<meta name=\"twitter:data1\" content=\"4 minutes\" \/>\n<script type=\"application\/ld+json\" class=\"yoast-schema-graph\">{\"@context\":\"https:\\\/\\\/schema.org\",\"@graph\":[{\"@type\":\"WebPage\",\"@id\":\"https:\\\/\\\/www.univ-lorraine.fr\\\/orientation-insertion-professionnelle\\\/ressources\\\/stage-emploi-et-alternance\\\/premier-emploi\\\/\",\"url\":\"https:\\\/\\\/www.univ-lorraine.fr\\\/orientation-insertion-professionnelle\\\/ressources\\\/stage-emploi-et-alternance\\\/premier-emploi\\\/\",\"name\":\"Premier emploi - Orientation et insertion professionnelle\",\"isPartOf\":{\"@id\":\"https:\\\/\\\/www.univ-lorraine.fr\\\/orientation-insertion-professionnelle\\\/#website\"},\"datePublished\":\"2021-09-20T11:36:26+00:00\",\"dateModified\":\"2025-05-09T11:34:17+00:00\",\"breadcrumb\":{\"@id\":\"https:\\\/\\\/www.univ-lorraine.fr\\\/orientation-insertion-professionnelle\\\/ressources\\\/stage-emploi-et-alternance\\\/premier-emploi\\\/#breadcrumb\"},\"inLanguage\":\"fr-FR\",\"potentialAction\":[{\"@type\":\"ReadAction\",\"target\":[\"https:\\\/\\\/www.univ-lorraine.fr\\\/orientation-insertion-professionnelle\\\/ressources\\\/stage-emploi-et-alternance\\\/premier-emploi\\\/\"]}]},{\"@type\":\"BreadcrumbList\",\"@id\":\"https:\\\/\\\/www.univ-lorraine.fr\\\/orientation-insertion-professionnelle\\\/ressources\\\/stage-emploi-et-alternance\\\/premier-emploi\\\/#breadcrumb\",\"itemListElement\":[{\"@type\":\"ListItem\",\"position\":1,\"name\":\"Accueil\",\"item\":\"https:\\\/\\\/www.univ-lorraine.fr\\\/orientation-insertion-professionnelle\\\/\"},{\"@type\":\"ListItem\",\"position\":2,\"name\":\"Ressources\",\"item\":\"https:\\\/\\\/www.univ-lorraine.fr\\\/orientation-insertion-professionnelle\\\/ressources\\\/\"},{\"@type\":\"ListItem\",\"position\":3,\"name\":\"Stage, emploi et alternance\",\"item\":\"https:\\\/\\\/www.univ-lorraine.fr\\\/orientation-insertion-professionnelle\\\/ressources\\\/stage-emploi-et-alternance\\\/\"},{\"@type\":\"ListItem\",\"position\":4,\"name\":\"Premier emploi\"}]},{\"@type\":\"WebSite\",\"@id\":\"https:\\\/\\\/www.univ-lorraine.fr\\\/orientation-insertion-professionnelle\\\/#website\",\"url\":\"https:\\\/\\\/www.univ-lorraine.fr\\\/orientation-insertion-professionnelle\\\/\",\"name\":\"Orientation et insertion professionnelle\",\"description\":\"\",\"publisher\":{\"@id\":\"https:\\\/\\\/www.univ-lorraine.fr\\\/orientation-insertion-professionnelle\\\/#organization\"},\"potentialAction\":[{\"@type\":\"SearchAction\",\"target\":{\"@type\":\"EntryPoint\",\"urlTemplate\":\"https:\\\/\\\/www.univ-lorraine.fr\\\/orientation-insertion-professionnelle\\\/?s={search_term_string}\"},\"query-input\":{\"@type\":\"PropertyValueSpecification\",\"valueRequired\":true,\"valueName\":\"search_term_string\"}}],\"inLanguage\":\"fr-FR\"},{\"@type\":\"Organization\",\"@id\":\"https:\\\/\\\/www.univ-lorraine.fr\\\/orientation-insertion-professionnelle\\\/#organization\",\"name\":\"Universit\u00e9 de Lorraine\",\"url\":\"https:\\\/\\\/www.univ-lorraine.fr\\\/orientation-insertion-professionnelle\\\/\",\"logo\":{\"@type\":\"ImageObject\",\"inLanguage\":\"fr-FR\",\"@id\":\"https:\\\/\\\/www.univ-lorraine.fr\\\/orientation-insertion-professionnelle\\\/#\\\/schema\\\/logo\\\/image\\\/\",\"url\":\"https:\\\/\\\/www.univ-lorraine.fr\\\/orientation-insertion-professionnelle\\\/wp-content\\\/uploads\\\/sites\\\/7\\\/2023\\\/04\\\/logo_siteweb2_Plan-de-travail-1.png\",\"contentUrl\":\"https:\\\/\\\/www.univ-lorraine.fr\\\/orientation-insertion-professionnelle\\\/wp-content\\\/uploads\\\/sites\\\/7\\\/2023\\\/04\\\/logo_siteweb2_Plan-de-travail-1.png\",\"width\":852,\"height\":492,\"caption\":\"Universit\u00e9 de Lorraine\"},\"image\":{\"@id\":\"https:\\\/\\\/www.univ-lorraine.fr\\\/orientation-insertion-professionnelle\\\/#\\\/schema\\\/logo\\\/image\\\/\"}}]}<\/script>\n<!-- \/ Yoast SEO plugin. -->","yoast_head_json":{"title":"Premier emploi - Orientation et insertion professionnelle","robots":{"index":"index","follow":"follow","max-snippet":"max-snippet:-1","max-image-preview":"max-image-preview:large","max-video-preview":"max-video-preview:-1"},"canonical":"https:\/\/www.univ-lorraine.fr\/orientation-insertion-professionnelle\/ressources\/stage-emploi-et-alternance\/premier-emploi\/","og_locale":"fr_FR","og_type":"article","og_title":"Premier emploi - Orientation et insertion professionnelle","og_description":"Avant de commencer vos d\u00e9marches de recherche d\u2019emploi, assurez-vous d\u2019avoir un projet professionnel cibl\u00e9. En savoir plus","og_url":"https:\/\/www.univ-lorraine.fr\/orientation-insertion-professionnelle\/ressources\/stage-emploi-et-alternance\/premier-emploi\/","og_site_name":"Orientation et insertion professionnelle","article_modified_time":"2025-05-09T11:34:17+00:00","twitter_card":"summary_large_image","twitter_misc":{"Dur\u00e9e de lecture estim\u00e9e":"4 minutes"},"schema":{"@context":"https:\/\/schema.org","@graph":[{"@type":"WebPage","@id":"https:\/\/www.univ-lorraine.fr\/orientation-insertion-professionnelle\/ressources\/stage-emploi-et-alternance\/premier-emploi\/","url":"https:\/\/www.univ-lorraine.fr\/orientation-insertion-professionnelle\/ressources\/stage-emploi-et-alternance\/premier-emploi\/","name":"Premier emploi - Orientation et insertion professionnelle","isPartOf":{"@id":"https:\/\/www.univ-lorraine.fr\/orientation-insertion-professionnelle\/#website"},"datePublished":"2021-09-20T11:36:26+00:00","dateModified":"2025-05-09T11:34:17+00:00","breadcrumb":{"@id":"https:\/\/www.univ-lorraine.fr\/orientation-insertion-professionnelle\/ressources\/stage-emploi-et-alternance\/premier-emploi\/#breadcrumb"},"inLanguage":"fr-FR","potentialAction":[{"@type":"ReadAction","target":["https:\/\/www.univ-lorraine.fr\/orientation-insertion-professionnelle\/ressources\/stage-emploi-et-alternance\/premier-emploi\/"]}]},{"@type":"BreadcrumbList","@id":"https:\/\/www.univ-lorraine.fr\/orientation-insertion-professionnelle\/ressources\/stage-emploi-et-alternance\/premier-emploi\/#breadcrumb","itemListElement":[{"@type":"ListItem","position":1,"name":"Accueil","item":"https:\/\/www.univ-lorraine.fr\/orientation-insertion-professionnelle\/"},{"@type":"ListItem","position":2,"name":"Ressources","item":"https:\/\/www.univ-lorraine.fr\/orientation-insertion-professionnelle\/ressources\/"},{"@type":"ListItem","position":3,"name":"Stage, emploi et alternance","item":"https:\/\/www.univ-lorraine.fr\/orientation-insertion-professionnelle\/ressources\/stage-emploi-et-alternance\/"},{"@type":"ListItem","position":4,"name":"Premier emploi"}]},{"@type":"WebSite","@id":"https:\/\/www.univ-lorraine.fr\/orientation-insertion-professionnelle\/#website","url":"https:\/\/www.univ-lorraine.fr\/orientation-insertion-professionnelle\/","name":"Orientation et insertion professionnelle","description":"","publisher":{"@id":"https:\/\/www.univ-lorraine.fr\/orientation-insertion-professionnelle\/#organization"},"potentialAction":[{"@type":"SearchAction","target":{"@type":"EntryPoint","urlTemplate":"https:\/\/www.univ-lorraine.fr\/orientation-insertion-professionnelle\/?s={search_term_string}"},"query-input":{"@type":"PropertyValueSpecification","valueRequired":true,"valueName":"search_term_string"}}],"inLanguage":"fr-FR"},{"@type":"Organization","@id":"https:\/\/www.univ-lorraine.fr\/orientation-insertion-professionnelle\/#organization","name":"Universit\u00e9 de Lorraine","url":"https:\/\/www.univ-lorraine.fr\/orientation-insertion-professionnelle\/","logo":{"@type":"ImageObject","inLanguage":"fr-FR","@id":"https:\/\/www.univ-lorraine.fr\/orientation-insertion-professionnelle\/#\/schema\/logo\/image\/","url":"https:\/\/www.univ-lorraine.fr\/orientation-insertion-professionnelle\/wp-content\/uploads\/sites\/7\/2023\/04\/logo_siteweb2_Plan-de-travail-1.png","contentUrl":"https:\/\/www.univ-lorraine.fr\/orientation-insertion-professionnelle\/wp-content\/uploads\/sites\/7\/2023\/04\/logo_siteweb2_Plan-de-travail-1.png","width":852,"height":492,"caption":"Universit\u00e9 de Lorraine"},"image":{"@id":"https:\/\/www.univ-lorraine.fr\/orientation-insertion-professionnelle\/#\/schema\/logo\/image\/"}}]}},"_links":{"self":[{"href":"https:\/\/www.univ-lorraine.fr\/orientation-insertion-professionnelle\/wp-json\/wp\/v2\/pages\/2226","targetHints":{"allow":["GET"]}}],"collection":[{"href":"https:\/\/www.univ-lorraine.fr\/orientation-insertion-professionnelle\/wp-json\/wp\/v2\/pages"}],"about":[{"href":"https:\/\/www.univ-lorraine.fr\/orientation-insertion-professionnelle\/wp-json\/wp\/v2\/types\/page"}],"author":[{"embeddable":true,"href":"https:\/\/www.univ-lorraine.fr\/orientation-insertion-professionnelle\/wp-json\/wp\/v2\/users\/7"}],"replies":[{"embeddable":true,"href":"https:\/\/www.univ-lorraine.fr\/orientation-insertion-professionnelle\/wp-json\/wp\/v2\/comments?post=2226"}],"version-history":[{"count":58,"href":"https:\/\/www.univ-lorraine.fr\/orientation-insertion-professionnelle\/wp-json\/wp\/v2\/pages\/2226\/revisions"}],"predecessor-version":[{"id":13727,"href":"https:\/\/www.univ-lorraine.fr\/orientation-insertion-professionnelle\/wp-json\/wp\/v2\/pages\/2226\/revisions\/13727"}],"up":[{"embeddable":true,"href":"https:\/\/www.univ-lorraine.fr\/orientation-insertion-professionnelle\/wp-json\/wp\/v2\/pages\/4903"}],"wp:attachment":[{"href":"https:\/\/www.univ-lorraine.fr\/orientation-insertion-professionnelle\/wp-json\/wp\/v2\/media?parent=2226"}],"wp:term":[{"taxonomy":"category","embeddable":true,"href":"https:\/\/www.univ-lorraine.fr\/orientation-insertion-professionnelle\/wp-json\/wp\/v2\/categories?post=2226"},{"taxonomy":"post_tag","embeddable":true,"href":"https:\/\/www.univ-lorraine.fr\/orientation-insertion-professionnelle\/wp-json\/wp\/v2\/tags?post=2226"}],"curies":[{"name":"wp","href":"https:\/\/api.w.org\/{rel}","templated":true}]}}