{"id":2421,"date":"2021-10-28T11:02:33","date_gmt":"2021-10-28T09:02:33","guid":{"rendered":"https:\/\/www.univ-lorraine.fr\/orientation-insertion-professionnelle\/?page_id=2421"},"modified":"2022-09-19T17:01:57","modified_gmt":"2022-09-19T15:01:57","slug":"career-center-de-lul","status":"publish","type":"page","link":"https:\/\/www.univ-lorraine.fr\/orientation-insertion-professionnelle\/ressources\/stage-emploi-et-alternance\/lettre-de-motivation\/career-center-de-lul\/","title":{"rendered":"Career center de l&rsquo;UL :"},"content":{"rendered":"\n<p>Pour consulter et postuler \u00e0 des offres de stages, d\u2019emplois, d\u2019alternances, le Career Center de l&rsquo;Universit\u00e9 de lorraine est accessible gratuitement aux <a href=\"http:\/\/univ-lorraine.jobteaser.com\" target=\"_blank\" rel=\"noreferrer noopener\">\u00e9tudiant.e.s<\/a>. (inscrivez-vous vite)<\/p>\n\n\n\n<p>Tout au long de cette nouvelle ann\u00e9e, vous allez pouvoir :<\/p>\n\n\n\n<ul class=\"wp-block-list\"><li>Postuler \u00e0 des offres de stage, d\u2019alternance en France ou \u00e0 l\u2019international, exclusives \u00e0 l&rsquo;Universit\u00e9 de Lorraine<\/li><li>Vous faire accompagner (CV, recrutement, entretien&#8230; ) gr\u00e2ce au module conseils SOIP<\/li><li>Participer \u00e0 des \u00e9v\u00e9nements carri\u00e8re comme des forums, session de recrutement ou des workshops : A Vos CV , Stage en Poche \u2026.<\/li><li>Vous renseigner sur les m\u00e9tiers et les entreprises qui pourraient vous plaire gr\u00e2ce \u00e0 tous les contenus disponibles sur les onglets m\u00e9tiers et entreprises<\/li><\/ul>\n\n\n\n<p>Le SOIP est \u00e0 votre disposition tout au long de l\u2019ann\u00e9e pour des conseils personnalis\u00e9s lors d\u2019entretiens individuels. Pour toute demande de RDV contacter : &#115;&#x6f;&#105;&#x70;-&#99;&#x6f;&#110;&#x74;a&#x63;t&#64;&#x75;&#110;&#x69;v&#x2d;&#x6c;&#111;&#x72;r&#x61;i&#110;&#x65;&#46;&#x66;r<\/p>\n\n\n\n<figure class=\"wp-block-image size-full\"><a href=\"http:\/\/univ-lorraine.jobteaser.com\"><img loading=\"lazy\" decoding=\"async\" width=\"940\" height=\"290\" src=\"https:\/\/www.univ-lorraine.fr\/orientation-insertion-professionnelle\/wp-content\/uploads\/sites\/7\/2021\/10\/csm_jobteaser_683042d609.png\" alt=\"\" class=\"wp-image-2422\" srcset=\"https:\/\/www.univ-lorraine.fr\/orientation-insertion-professionnelle\/wp-content\/uploads\/sites\/7\/2021\/10\/csm_jobteaser_683042d609.png 940w, https:\/\/www.univ-lorraine.fr\/orientation-insertion-professionnelle\/wp-content\/uploads\/sites\/7\/2021\/10\/csm_jobteaser_683042d609-300x93.png 300w, https:\/\/www.univ-lorraine.fr\/orientation-insertion-professionnelle\/wp-content\/uploads\/sites\/7\/2021\/10\/csm_jobteaser_683042d609-768x237.png 768w\" sizes=\"auto, (max-width: 940px) 100vw, 940px\" \/><\/a><\/figure>\n","protected":false},"excerpt":{"rendered":"<p>Pour consulter et postuler \u00e0 des offres de stages, d\u2019emplois, d\u2019alternances, le Career Center de l&rsquo;Universit\u00e9 de lorraine est accessible gratuitement aux \u00e9tudiant.e.s. (inscrivez-vous vite) Tout au long de cette nouvelle ann\u00e9e, vous allez pouvoir : Postuler \u00e0 des offres de stage, d\u2019alternance en France ou \u00e0 l\u2019international, exclusives \u00e0 l&rsquo;Universit\u00e9 de Lorraine Vous faire &#8230; <a title=\"Career center de l&rsquo;UL :\" class=\"read-more\" href=\"https:\/\/www.univ-lorraine.fr\/orientation-insertion-professionnelle\/ressources\/stage-emploi-et-alternance\/lettre-de-motivation\/career-center-de-lul\/\" aria-label=\"En savoir plus sur Career center de l&rsquo;UL :\">Lire plus<\/a><\/p>\n","protected":false},"author":72,"featured_media":0,"parent":2182,"menu_order":0,"comment_status":"closed","ping_status":"closed","template":"","meta":{"inline_featured_image":false,"footnotes":""},"categories":[17,15,21,23,19],"tags":[],"class_list":{"0":"post-2421","1":"page","2":"type-page","3":"status-publish","5":"category-conseils","6":"category-insertion-professionnelle","7":"category-marche-de-lemploi","8":"category-premier-emploi","9":"category-stages"},"yoast_head":"<!-- This site is optimized with the Yoast SEO plugin v27.4 - https:\/\/yoast.com\/product\/yoast-seo-wordpress\/ -->\n<title>Career center de l&#039;UL : - Orientation et insertion professionnelle<\/title>\n<meta name=\"robots\" content=\"index, follow, max-snippet:-1, max-image-preview:large, max-video-preview:-1\" \/>\n<link rel=\"canonical\" href=\"https:\/\/www.univ-lorraine.fr\/orientation-insertion-professionnelle\/ressources\/stage-emploi-et-alternance\/lettre-de-motivation\/career-center-de-lul\/\" \/>\n<meta property=\"og:locale\" content=\"fr_FR\" \/>\n<meta property=\"og:type\" content=\"article\" \/>\n<meta property=\"og:title\" content=\"Career center de l&#039;UL : - Orientation et insertion professionnelle\" \/>\n<meta property=\"og:description\" content=\"Pour consulter et postuler \u00e0 des offres de stages, d\u2019emplois, d\u2019alternances, le Career Center de l&rsquo;Universit\u00e9 de lorraine est accessible gratuitement aux \u00e9tudiant.e.s. (inscrivez-vous vite) Tout au long de cette nouvelle ann\u00e9e, vous allez pouvoir : Postuler \u00e0 des offres de stage, d\u2019alternance en France ou \u00e0 l\u2019international, exclusives \u00e0 l&rsquo;Universit\u00e9 de Lorraine Vous faire ... Lire plus\" \/>\n<meta property=\"og:url\" content=\"https:\/\/www.univ-lorraine.fr\/orientation-insertion-professionnelle\/ressources\/stage-emploi-et-alternance\/lettre-de-motivation\/career-center-de-lul\/\" \/>\n<meta property=\"og:site_name\" content=\"Orientation et insertion professionnelle\" \/>\n<meta property=\"article:modified_time\" content=\"2022-09-19T15:01:57+00:00\" \/>\n<meta property=\"og:image\" content=\"https:\/\/www.univ-lorraine.fr\/orientation-insertion-professionnelle\/wp-content\/uploads\/sites\/7\/2021\/10\/csm_jobteaser_683042d609.png\" \/>\n<meta name=\"twitter:card\" content=\"summary_large_image\" \/>\n<meta name=\"twitter:label1\" content=\"Dur\u00e9e de lecture estim\u00e9e\" \/>\n\t<meta name=\"twitter:data1\" content=\"1 minute\" \/>\n<script type=\"application\/ld+json\" class=\"yoast-schema-graph\">{\"@context\":\"https:\\\/\\\/schema.org\",\"@graph\":[{\"@type\":\"WebPage\",\"@id\":\"https:\\\/\\\/www.univ-lorraine.fr\\\/orientation-insertion-professionnelle\\\/ressources\\\/stage-emploi-et-alternance\\\/lettre-de-motivation\\\/career-center-de-lul\\\/\",\"url\":\"https:\\\/\\\/www.univ-lorraine.fr\\\/orientation-insertion-professionnelle\\\/ressources\\\/stage-emploi-et-alternance\\\/lettre-de-motivation\\\/career-center-de-lul\\\/\",\"name\":\"Career center de l'UL : - Orientation et insertion professionnelle\",\"isPartOf\":{\"@id\":\"https:\\\/\\\/www.univ-lorraine.fr\\\/orientation-insertion-professionnelle\\\/#website\"},\"primaryImageOfPage\":{\"@id\":\"https:\\\/\\\/www.univ-lorraine.fr\\\/orientation-insertion-professionnelle\\\/ressources\\\/stage-emploi-et-alternance\\\/lettre-de-motivation\\\/career-center-de-lul\\\/#primaryimage\"},\"image\":{\"@id\":\"https:\\\/\\\/www.univ-lorraine.fr\\\/orientation-insertion-professionnelle\\\/ressources\\\/stage-emploi-et-alternance\\\/lettre-de-motivation\\\/career-center-de-lul\\\/#primaryimage\"},\"thumbnailUrl\":\"https:\\\/\\\/www.univ-lorraine.fr\\\/orientation-insertion-professionnelle\\\/wp-content\\\/uploads\\\/sites\\\/7\\\/2021\\\/10\\\/csm_jobteaser_683042d609.png\",\"datePublished\":\"2021-10-28T09:02:33+00:00\",\"dateModified\":\"2022-09-19T15:01:57+00:00\",\"breadcrumb\":{\"@id\":\"https:\\\/\\\/www.univ-lorraine.fr\\\/orientation-insertion-professionnelle\\\/ressources\\\/stage-emploi-et-alternance\\\/lettre-de-motivation\\\/career-center-de-lul\\\/#breadcrumb\"},\"inLanguage\":\"fr-FR\",\"potentialAction\":[{\"@type\":\"ReadAction\",\"target\":[\"https:\\\/\\\/www.univ-lorraine.fr\\\/orientation-insertion-professionnelle\\\/ressources\\\/stage-emploi-et-alternance\\\/lettre-de-motivation\\\/career-center-de-lul\\\/\"]}]},{\"@type\":\"ImageObject\",\"inLanguage\":\"fr-FR\",\"@id\":\"https:\\\/\\\/www.univ-lorraine.fr\\\/orientation-insertion-professionnelle\\\/ressources\\\/stage-emploi-et-alternance\\\/lettre-de-motivation\\\/career-center-de-lul\\\/#primaryimage\",\"url\":\"https:\\\/\\\/www.univ-lorraine.fr\\\/orientation-insertion-professionnelle\\\/wp-content\\\/uploads\\\/sites\\\/7\\\/2021\\\/10\\\/csm_jobteaser_683042d609.png\",\"contentUrl\":\"https:\\\/\\\/www.univ-lorraine.fr\\\/orientation-insertion-professionnelle\\\/wp-content\\\/uploads\\\/sites\\\/7\\\/2021\\\/10\\\/csm_jobteaser_683042d609.png\",\"width\":940,\"height\":290},{\"@type\":\"BreadcrumbList\",\"@id\":\"https:\\\/\\\/www.univ-lorraine.fr\\\/orientation-insertion-professionnelle\\\/ressources\\\/stage-emploi-et-alternance\\\/lettre-de-motivation\\\/career-center-de-lul\\\/#breadcrumb\",\"itemListElement\":[{\"@type\":\"ListItem\",\"position\":1,\"name\":\"Accueil\",\"item\":\"https:\\\/\\\/www.univ-lorraine.fr\\\/orientation-insertion-professionnelle\\\/\"},{\"@type\":\"ListItem\",\"position\":2,\"name\":\"Ressources\",\"item\":\"https:\\\/\\\/www.univ-lorraine.fr\\\/orientation-insertion-professionnelle\\\/ressources\\\/\"},{\"@type\":\"ListItem\",\"position\":3,\"name\":\"Stage, emploi et alternance\",\"item\":\"https:\\\/\\\/www.univ-lorraine.fr\\\/orientation-insertion-professionnelle\\\/ressources\\\/stage-emploi-et-alternance\\\/\"},{\"@type\":\"ListItem\",\"position\":4,\"name\":\"Lettre de motivation\",\"item\":\"https:\\\/\\\/www.univ-lorraine.fr\\\/orientation-insertion-professionnelle\\\/ressources\\\/stage-emploi-et-alternance\\\/lettre-de-motivation\\\/\"},{\"@type\":\"ListItem\",\"position\":5,\"name\":\"Career center de l&#8217;UL :\"}]},{\"@type\":\"WebSite\",\"@id\":\"https:\\\/\\\/www.univ-lorraine.fr\\\/orientation-insertion-professionnelle\\\/#website\",\"url\":\"https:\\\/\\\/www.univ-lorraine.fr\\\/orientation-insertion-professionnelle\\\/\",\"name\":\"Orientation et insertion professionnelle\",\"description\":\"\",\"publisher\":{\"@id\":\"https:\\\/\\\/www.univ-lorraine.fr\\\/orientation-insertion-professionnelle\\\/#organization\"},\"potentialAction\":[{\"@type\":\"SearchAction\",\"target\":{\"@type\":\"EntryPoint\",\"urlTemplate\":\"https:\\\/\\\/www.univ-lorraine.fr\\\/orientation-insertion-professionnelle\\\/?s={search_term_string}\"},\"query-input\":{\"@type\":\"PropertyValueSpecification\",\"valueRequired\":true,\"valueName\":\"search_term_string\"}}],\"inLanguage\":\"fr-FR\"},{\"@type\":\"Organization\",\"@id\":\"https:\\\/\\\/www.univ-lorraine.fr\\\/orientation-insertion-professionnelle\\\/#organization\",\"name\":\"Universit\u00e9 de Lorraine\",\"url\":\"https:\\\/\\\/www.univ-lorraine.fr\\\/orientation-insertion-professionnelle\\\/\",\"logo\":{\"@type\":\"ImageObject\",\"inLanguage\":\"fr-FR\",\"@id\":\"https:\\\/\\\/www.univ-lorraine.fr\\\/orientation-insertion-professionnelle\\\/#\\\/schema\\\/logo\\\/image\\\/\",\"url\":\"https:\\\/\\\/www.univ-lorraine.fr\\\/orientation-insertion-professionnelle\\\/wp-content\\\/uploads\\\/sites\\\/7\\\/2023\\\/04\\\/logo_siteweb2_Plan-de-travail-1.png\",\"contentUrl\":\"https:\\\/\\\/www.univ-lorraine.fr\\\/orientation-insertion-professionnelle\\\/wp-content\\\/uploads\\\/sites\\\/7\\\/2023\\\/04\\\/logo_siteweb2_Plan-de-travail-1.png\",\"width\":852,\"height\":492,\"caption\":\"Universit\u00e9 de Lorraine\"},\"image\":{\"@id\":\"https:\\\/\\\/www.univ-lorraine.fr\\\/orientation-insertion-professionnelle\\\/#\\\/schema\\\/logo\\\/image\\\/\"}}]}<\/script>\n<!-- \/ Yoast SEO plugin. -->","yoast_head_json":{"title":"Career center de l'UL : - Orientation et insertion professionnelle","robots":{"index":"index","follow":"follow","max-snippet":"max-snippet:-1","max-image-preview":"max-image-preview:large","max-video-preview":"max-video-preview:-1"},"canonical":"https:\/\/www.univ-lorraine.fr\/orientation-insertion-professionnelle\/ressources\/stage-emploi-et-alternance\/lettre-de-motivation\/career-center-de-lul\/","og_locale":"fr_FR","og_type":"article","og_title":"Career center de l'UL : - Orientation et insertion professionnelle","og_description":"Pour consulter et postuler \u00e0 des offres de stages, d\u2019emplois, d\u2019alternances, le Career Center de l&rsquo;Universit\u00e9 de lorraine est accessible gratuitement aux \u00e9tudiant.e.s. (inscrivez-vous vite) Tout au long de cette nouvelle ann\u00e9e, vous allez pouvoir : Postuler \u00e0 des offres de stage, d\u2019alternance en France ou \u00e0 l\u2019international, exclusives \u00e0 l&rsquo;Universit\u00e9 de Lorraine Vous faire ... Lire plus","og_url":"https:\/\/www.univ-lorraine.fr\/orientation-insertion-professionnelle\/ressources\/stage-emploi-et-alternance\/lettre-de-motivation\/career-center-de-lul\/","og_site_name":"Orientation et insertion professionnelle","article_modified_time":"2022-09-19T15:01:57+00:00","og_image":[{"url":"https:\/\/www.univ-lorraine.fr\/orientation-insertion-professionnelle\/wp-content\/uploads\/sites\/7\/2021\/10\/csm_jobteaser_683042d609.png","type":"","width":"","height":""}],"twitter_card":"summary_large_image","twitter_misc":{"Dur\u00e9e de lecture estim\u00e9e":"1 minute"},"schema":{"@context":"https:\/\/schema.org","@graph":[{"@type":"WebPage","@id":"https:\/\/www.univ-lorraine.fr\/orientation-insertion-professionnelle\/ressources\/stage-emploi-et-alternance\/lettre-de-motivation\/career-center-de-lul\/","url":"https:\/\/www.univ-lorraine.fr\/orientation-insertion-professionnelle\/ressources\/stage-emploi-et-alternance\/lettre-de-motivation\/career-center-de-lul\/","name":"Career center de l'UL : - Orientation et insertion professionnelle","isPartOf":{"@id":"https:\/\/www.univ-lorraine.fr\/orientation-insertion-professionnelle\/#website"},"primaryImageOfPage":{"@id":"https:\/\/www.univ-lorraine.fr\/orientation-insertion-professionnelle\/ressources\/stage-emploi-et-alternance\/lettre-de-motivation\/career-center-de-lul\/#primaryimage"},"image":{"@id":"https:\/\/www.univ-lorraine.fr\/orientation-insertion-professionnelle\/ressources\/stage-emploi-et-alternance\/lettre-de-motivation\/career-center-de-lul\/#primaryimage"},"thumbnailUrl":"https:\/\/www.univ-lorraine.fr\/orientation-insertion-professionnelle\/wp-content\/uploads\/sites\/7\/2021\/10\/csm_jobteaser_683042d609.png","datePublished":"2021-10-28T09:02:33+00:00","dateModified":"2022-09-19T15:01:57+00:00","breadcrumb":{"@id":"https:\/\/www.univ-lorraine.fr\/orientation-insertion-professionnelle\/ressources\/stage-emploi-et-alternance\/lettre-de-motivation\/career-center-de-lul\/#breadcrumb"},"inLanguage":"fr-FR","potentialAction":[{"@type":"ReadAction","target":["https:\/\/www.univ-lorraine.fr\/orientation-insertion-professionnelle\/ressources\/stage-emploi-et-alternance\/lettre-de-motivation\/career-center-de-lul\/"]}]},{"@type":"ImageObject","inLanguage":"fr-FR","@id":"https:\/\/www.univ-lorraine.fr\/orientation-insertion-professionnelle\/ressources\/stage-emploi-et-alternance\/lettre-de-motivation\/career-center-de-lul\/#primaryimage","url":"https:\/\/www.univ-lorraine.fr\/orientation-insertion-professionnelle\/wp-content\/uploads\/sites\/7\/2021\/10\/csm_jobteaser_683042d609.png","contentUrl":"https:\/\/www.univ-lorraine.fr\/orientation-insertion-professionnelle\/wp-content\/uploads\/sites\/7\/2021\/10\/csm_jobteaser_683042d609.png","width":940,"height":290},{"@type":"BreadcrumbList","@id":"https:\/\/www.univ-lorraine.fr\/orientation-insertion-professionnelle\/ressources\/stage-emploi-et-alternance\/lettre-de-motivation\/career-center-de-lul\/#breadcrumb","itemListElement":[{"@type":"ListItem","position":1,"name":"Accueil","item":"https:\/\/www.univ-lorraine.fr\/orientation-insertion-professionnelle\/"},{"@type":"ListItem","position":2,"name":"Ressources","item":"https:\/\/www.univ-lorraine.fr\/orientation-insertion-professionnelle\/ressources\/"},{"@type":"ListItem","position":3,"name":"Stage, emploi et alternance","item":"https:\/\/www.univ-lorraine.fr\/orientation-insertion-professionnelle\/ressources\/stage-emploi-et-alternance\/"},{"@type":"ListItem","position":4,"name":"Lettre de motivation","item":"https:\/\/www.univ-lorraine.fr\/orientation-insertion-professionnelle\/ressources\/stage-emploi-et-alternance\/lettre-de-motivation\/"},{"@type":"ListItem","position":5,"name":"Career center de l&#8217;UL :"}]},{"@type":"WebSite","@id":"https:\/\/www.univ-lorraine.fr\/orientation-insertion-professionnelle\/#website","url":"https:\/\/www.univ-lorraine.fr\/orientation-insertion-professionnelle\/","name":"Orientation et insertion professionnelle","description":"","publisher":{"@id":"https:\/\/www.univ-lorraine.fr\/orientation-insertion-professionnelle\/#organization"},"potentialAction":[{"@type":"SearchAction","target":{"@type":"EntryPoint","urlTemplate":"https:\/\/www.univ-lorraine.fr\/orientation-insertion-professionnelle\/?s={search_term_string}"},"query-input":{"@type":"PropertyValueSpecification","valueRequired":true,"valueName":"search_term_string"}}],"inLanguage":"fr-FR"},{"@type":"Organization","@id":"https:\/\/www.univ-lorraine.fr\/orientation-insertion-professionnelle\/#organization","name":"Universit\u00e9 de Lorraine","url":"https:\/\/www.univ-lorraine.fr\/orientation-insertion-professionnelle\/","logo":{"@type":"ImageObject","inLanguage":"fr-FR","@id":"https:\/\/www.univ-lorraine.fr\/orientation-insertion-professionnelle\/#\/schema\/logo\/image\/","url":"https:\/\/www.univ-lorraine.fr\/orientation-insertion-professionnelle\/wp-content\/uploads\/sites\/7\/2023\/04\/logo_siteweb2_Plan-de-travail-1.png","contentUrl":"https:\/\/www.univ-lorraine.fr\/orientation-insertion-professionnelle\/wp-content\/uploads\/sites\/7\/2023\/04\/logo_siteweb2_Plan-de-travail-1.png","width":852,"height":492,"caption":"Universit\u00e9 de Lorraine"},"image":{"@id":"https:\/\/www.univ-lorraine.fr\/orientation-insertion-professionnelle\/#\/schema\/logo\/image\/"}}]}},"_links":{"self":[{"href":"https:\/\/www.univ-lorraine.fr\/orientation-insertion-professionnelle\/wp-json\/wp\/v2\/pages\/2421","targetHints":{"allow":["GET"]}}],"collection":[{"href":"https:\/\/www.univ-lorraine.fr\/orientation-insertion-professionnelle\/wp-json\/wp\/v2\/pages"}],"about":[{"href":"https:\/\/www.univ-lorraine.fr\/orientation-insertion-professionnelle\/wp-json\/wp\/v2\/types\/page"}],"author":[{"embeddable":true,"href":"https:\/\/www.univ-lorraine.fr\/orientation-insertion-professionnelle\/wp-json\/wp\/v2\/users\/72"}],"replies":[{"embeddable":true,"href":"https:\/\/www.univ-lorraine.fr\/orientation-insertion-professionnelle\/wp-json\/wp\/v2\/comments?post=2421"}],"version-history":[{"count":1,"href":"https:\/\/www.univ-lorraine.fr\/orientation-insertion-professionnelle\/wp-json\/wp\/v2\/pages\/2421\/revisions"}],"predecessor-version":[{"id":2423,"href":"https:\/\/www.univ-lorraine.fr\/orientation-insertion-professionnelle\/wp-json\/wp\/v2\/pages\/2421\/revisions\/2423"}],"up":[{"embeddable":true,"href":"https:\/\/www.univ-lorraine.fr\/orientation-insertion-professionnelle\/wp-json\/wp\/v2\/pages\/2182"}],"wp:attachment":[{"href":"https:\/\/www.univ-lorraine.fr\/orientation-insertion-professionnelle\/wp-json\/wp\/v2\/media?parent=2421"}],"wp:term":[{"taxonomy":"category","embeddable":true,"href":"https:\/\/www.univ-lorraine.fr\/orientation-insertion-professionnelle\/wp-json\/wp\/v2\/categories?post=2421"},{"taxonomy":"post_tag","embeddable":true,"href":"https:\/\/www.univ-lorraine.fr\/orientation-insertion-professionnelle\/wp-json\/wp\/v2\/tags?post=2421"}],"curies":[{"name":"wp","href":"https:\/\/api.w.org\/{rel}","templated":true}]}}