{"id":2450,"date":"2021-10-28T11:06:10","date_gmt":"2021-10-28T09:06:10","guid":{"rendered":"https:\/\/www.univ-lorraine.fr\/orientation-insertion-professionnelle\/?page_id=2450"},"modified":"2022-09-19T18:17:52","modified_gmt":"2022-09-19T16:17:52","slug":"le-projet-de-stage-de-barbara","status":"publish","type":"page","link":"https:\/\/www.univ-lorraine.fr\/orientation-insertion-professionnelle\/ressources\/stage-emploi-et-alternance\/organiser-sa-recherche-de-stage\/le-projet-de-stage-de-barbara\/","title":{"rendered":"LE PROJET DE STAGE DE BARBARA"},"content":{"rendered":"\n<p>Elaborer son projet de stage n\u2019est pas chose facile.<\/p>\n\n\n\n<p>A travers l\u2019\u00e9laboration du projet de Barbara, \u00e9tudiante en M2, nous allons voir comment proc\u00e9der pas \u00e0 pas en remplissant les 2 grilles, de pr\u00e9paration et de r\u00e9alisation.<\/p>\n\n\n\n<div class=\"wp-block-pb-accordion-item c-accordion__item js-accordion-item no-js\" data-initially-open=\"false\" data-click-to-close=\"true\" data-auto-close=\"true\" data-scroll=\"false\" data-scroll-offset=\"0\"><h4 id=\"at-24502\" class=\"c-accordion__title js-accordion-controller\" role=\"button\"><a href=\"http:\/\/platine.univ-lorraine.fr\/#panel-1984-0\">Grille de pr\u00e9paration<\/a><\/h4><div id=\"ac-24502\" class=\"c-accordion__content\">\n<p>Elle permet \u00e0 Barbara de faire le point sur sa situation.<\/p>\n\n\n\n<figure class=\"wp-block-table\"><table><tbody><tr><td><strong>&nbsp;PROFIL DU CANDIDAT &#8211;&nbsp;BARBARA<\/strong><\/td><\/tr><tr><td>&nbsp;<strong>Formation suivie<br><br><\/strong>&nbsp;Titulaire d\u2019une licence en droit, je suis inscrite en Master 2 Etudes europ\u00e9ennes, sp\u00e9cialit\u00e9<br>&nbsp;Collectivit\u00e9s territoriales et Union europ\u00e9enne.<br><br>&nbsp;<strong>Objectif du stage<br>&nbsp;<br>&nbsp;<\/strong>R\u00e9alisation de mon stage de fin d\u2019\u00e9tudes d\u2019une dur\u00e9e de 4 mois.<\/td><\/tr><tr><td><strong>&nbsp;BILAN PERSONNEL<\/strong><\/td><\/tr><tr><td>&nbsp;Barbara&nbsp;fait le point sur ses connaissances\/comp\u00e9tences\/qualit\u00e9s personnelles<br><br>&nbsp;<strong>Connaissances\/comp\u00e9tences<br><br><\/strong>&nbsp; Formation de base solide en droit, sp\u00e9cialisation en droit communautaire : droit de l\u2019Union euro-<br>&nbsp;&nbsp; p\u00e9enne, contentieux communautaire, finances locales, programmes communautaires, montage<br>&nbsp; &nbsp;de dossiers<br>&nbsp; Bonne pratique de l\u2019anglais, connaissance en polonais<br>&nbsp; Ma\u00eetrise des outils de bureautique.<br><br>&nbsp;<strong>Qualit\u00e9s<br><br>&nbsp;<\/strong>&nbsp;Rigueur juridique<br>&nbsp; Caract\u00e8re affirm\u00e9, souplesse d\u2019adaptation et fermet\u00e9<br>&nbsp; Grande capacit\u00e9 d\u2019\u00e9coute.<\/td><\/tr><tr><td><strong>&nbsp;PROJET PROFESSIONNEL<\/strong><\/td><\/tr><tr><td>&nbsp;Barbara&nbsp;pr\u00e9cise son projet professionnel&nbsp;:&nbsp;<em>Juriste sp\u00e9cialis\u00e9e en affaires europ\u00e9ennes.<\/em><\/td><\/tr><tr><td><strong>&nbsp;INFORMATION\/DOCUMENTATION<\/strong><\/td><\/tr><tr><td>&nbsp;Barbara&nbsp;consulte les fiches m\u00e9tiers et fonctions de&nbsp;<em>Juriste<\/em>&nbsp;afin de d\u00e9finir le th\u00e8me, les missions et<br>&nbsp;activit\u00e9s correspondant au projet vis\u00e9&nbsp;et les lieux d\u2019exercice possibles :<br><br>&nbsp; Fiches ROME n\u00b0 K1903 du P\u00f4le Emploi :&nbsp;<em>D\u00e9fense et conseil juridique<br><\/em>&nbsp; Fiches de l\u2019APEC jd. :&nbsp;<em>Juriste junior<\/em>.<\/td><\/tr><tr><td><strong>&nbsp;PROJET DE STAGE<\/strong><\/td><\/tr><tr><td>&nbsp;<strong>Intitul\u00e9 \/ Th\u00e8me \/ Fonctions&nbsp;:<\/strong>&nbsp;<em>Juriste sp\u00e9cialis\u00e9e en affaires europ\u00e9ennes<br><br>&nbsp;<\/em><strong>Missions et activit\u00e9s vis\u00e9es&nbsp;:<\/strong>&nbsp;2 missions se d\u00e9gagent<br><br>&nbsp; Conseil juridique<br>&nbsp; Assistance fonds europ\u00e9ens.<\/td><\/tr><\/tbody><\/table><\/figure>\n\n\n\n<p>En fonction des ces \u00e9l\u00e9ments,&nbsp;Barbara&nbsp;peut construire son projet de stage.<\/p>\n<\/div><\/div>\n\n\n\n<div class=\"wp-block-pb-accordion-item c-accordion__item js-accordion-item no-js\" data-initially-open=\"false\" data-click-to-close=\"true\" data-auto-close=\"true\" data-scroll=\"false\" data-scroll-offset=\"0\"><h4 id=\"at-24505\" class=\"c-accordion__title js-accordion-controller\" role=\"button\"><a href=\"http:\/\/platine.univ-lorraine.fr\/#panel-1984-1\">Grille de r\u00e9alisation<\/a><\/h4><div id=\"ac-24505\" class=\"c-accordion__content\">\n<p>La grille de r\u00e9alisation permet \u00e0 Barbara de recenser l\u2019ensemble des informations qui constituent son projet de stage et qui lui seront utiles pour pr\u00e9senter son offre de services aux structures contact\u00e9es.<\/p>\n\n\n\n<figure class=\"wp-block-table\"><table><tbody><tr><td><strong>&nbsp;Intitul\u00e9 ou th\u00e8me du projet de stage&nbsp;:<\/strong>&nbsp;<strong>Juriste sp\u00e9cialis\u00e9e en affaires europ\u00e9ennes<\/strong><strong>&nbsp;<\/strong><\/td><\/tr><tr><td>&nbsp;<strong>Lieu(x) d\u2019exercice<br><br><\/strong>&nbsp;&nbsp;Administration territoriale (communes, EPCI, conseils g\u00e9n\u00e9raux)<br>&nbsp;&nbsp;Associations (association d\u00e9partementale des Maires par exemple) ayant en charge des questions<br>&nbsp; &nbsp;europ\u00e9ennes (r\u00e9glementations, fonds structurels).&nbsp;<\/td><\/tr><tr><td>&nbsp;<strong>Missions professionnelles vis\u00e9es<br><br><\/strong>&nbsp;&nbsp;Conseil et assistance juridiques<br>&nbsp;&nbsp;Assistance fonds europ\u00e9ens.&nbsp;<\/td><\/tr><tr><td>&nbsp;<strong>Offre de services par mission<\/strong>&nbsp;&#8211; Liste des activit\u00e9s \u00e0 r\u00e9aliser par mission<br><br>&nbsp;<strong>Mission 1&nbsp;:<\/strong>&nbsp;<strong>Conseil et assistance juridiques<br><br><\/strong>&nbsp;&nbsp;Aide au montage de projets (viabilit\u00e9 juridique, risques)<br>&nbsp;&nbsp;Accompagnement pr\u00e9contentieux<br>&nbsp;&nbsp;Analyse de dossiers \/ \u00e9tudes juridiques<br>&nbsp;&nbsp;Veille juridique<br>&nbsp;&nbsp;R\u00e9daction de fiches synth\u00e9tiques.<br><br>&nbsp;<strong>Mission 2&nbsp;:<\/strong>&nbsp;<strong>Assistance fonds europ\u00e9ens<br><\/strong><strong><br>&nbsp;&nbsp;<\/strong>D\u00e9finition du caract\u00e8re \u00e9ligible des projets et aide au montage financier<br>&nbsp;&nbsp;Participation au suivi et \u00e0 la programmation des fonds europ\u00e9ens<br>&nbsp;&nbsp;R\u00e9daction de notes synth\u00e9tiques.&nbsp;<\/td><\/tr><\/tbody><\/table><\/figure>\n<\/div><\/div>\n","protected":false},"excerpt":{"rendered":"<p>Elaborer son projet de stage n\u2019est pas chose facile. A travers l\u2019\u00e9laboration du projet de Barbara, \u00e9tudiante en M2, nous allons voir comment proc\u00e9der pas \u00e0 pas en remplissant les 2 grilles, de pr\u00e9paration et de r\u00e9alisation.<\/p>\n","protected":false},"author":72,"featured_media":0,"parent":2211,"menu_order":0,"comment_status":"closed","ping_status":"closed","template":"","meta":{"inline_featured_image":false,"footnotes":""},"categories":[15,19],"tags":[],"class_list":{"0":"post-2450","1":"page","2":"type-page","3":"status-publish","5":"category-insertion-professionnelle","6":"category-stages"},"yoast_head":"<!-- This site is optimized with the Yoast SEO plugin v27.4 - https:\/\/yoast.com\/product\/yoast-seo-wordpress\/ -->\n<title>LE PROJET DE STAGE DE BARBARA - Orientation et insertion professionnelle<\/title>\n<meta name=\"robots\" content=\"index, follow, max-snippet:-1, max-image-preview:large, max-video-preview:-1\" \/>\n<link rel=\"canonical\" href=\"https:\/\/www.univ-lorraine.fr\/orientation-insertion-professionnelle\/ressources\/stage-emploi-et-alternance\/organiser-sa-recherche-de-stage\/le-projet-de-stage-de-barbara\/\" \/>\n<meta property=\"og:locale\" content=\"fr_FR\" \/>\n<meta property=\"og:type\" content=\"article\" \/>\n<meta property=\"og:title\" content=\"LE PROJET DE STAGE DE BARBARA - Orientation et insertion professionnelle\" \/>\n<meta property=\"og:description\" content=\"Elaborer son projet de stage n\u2019est pas chose facile. A travers l\u2019\u00e9laboration du projet de Barbara, \u00e9tudiante en M2, nous allons voir comment proc\u00e9der pas \u00e0 pas en remplissant les 2 grilles, de pr\u00e9paration et de r\u00e9alisation.\" \/>\n<meta property=\"og:url\" content=\"https:\/\/www.univ-lorraine.fr\/orientation-insertion-professionnelle\/ressources\/stage-emploi-et-alternance\/organiser-sa-recherche-de-stage\/le-projet-de-stage-de-barbara\/\" \/>\n<meta property=\"og:site_name\" content=\"Orientation et insertion professionnelle\" \/>\n<meta property=\"article:modified_time\" content=\"2022-09-19T16:17:52+00:00\" \/>\n<meta name=\"twitter:card\" content=\"summary_large_image\" \/>\n<meta name=\"twitter:label1\" content=\"Dur\u00e9e de lecture estim\u00e9e\" \/>\n\t<meta name=\"twitter:data1\" content=\"2 minutes\" \/>\n<script type=\"application\/ld+json\" class=\"yoast-schema-graph\">{\"@context\":\"https:\\\/\\\/schema.org\",\"@graph\":[{\"@type\":\"WebPage\",\"@id\":\"https:\\\/\\\/www.univ-lorraine.fr\\\/orientation-insertion-professionnelle\\\/ressources\\\/stage-emploi-et-alternance\\\/organiser-sa-recherche-de-stage\\\/le-projet-de-stage-de-barbara\\\/\",\"url\":\"https:\\\/\\\/www.univ-lorraine.fr\\\/orientation-insertion-professionnelle\\\/ressources\\\/stage-emploi-et-alternance\\\/organiser-sa-recherche-de-stage\\\/le-projet-de-stage-de-barbara\\\/\",\"name\":\"LE PROJET DE STAGE DE BARBARA - Orientation et insertion professionnelle\",\"isPartOf\":{\"@id\":\"https:\\\/\\\/www.univ-lorraine.fr\\\/orientation-insertion-professionnelle\\\/#website\"},\"datePublished\":\"2021-10-28T09:06:10+00:00\",\"dateModified\":\"2022-09-19T16:17:52+00:00\",\"breadcrumb\":{\"@id\":\"https:\\\/\\\/www.univ-lorraine.fr\\\/orientation-insertion-professionnelle\\\/ressources\\\/stage-emploi-et-alternance\\\/organiser-sa-recherche-de-stage\\\/le-projet-de-stage-de-barbara\\\/#breadcrumb\"},\"inLanguage\":\"fr-FR\",\"potentialAction\":[{\"@type\":\"ReadAction\",\"target\":[\"https:\\\/\\\/www.univ-lorraine.fr\\\/orientation-insertion-professionnelle\\\/ressources\\\/stage-emploi-et-alternance\\\/organiser-sa-recherche-de-stage\\\/le-projet-de-stage-de-barbara\\\/\"]}]},{\"@type\":\"BreadcrumbList\",\"@id\":\"https:\\\/\\\/www.univ-lorraine.fr\\\/orientation-insertion-professionnelle\\\/ressources\\\/stage-emploi-et-alternance\\\/organiser-sa-recherche-de-stage\\\/le-projet-de-stage-de-barbara\\\/#breadcrumb\",\"itemListElement\":[{\"@type\":\"ListItem\",\"position\":1,\"name\":\"Accueil\",\"item\":\"https:\\\/\\\/www.univ-lorraine.fr\\\/orientation-insertion-professionnelle\\\/\"},{\"@type\":\"ListItem\",\"position\":2,\"name\":\"Ressources\",\"item\":\"https:\\\/\\\/www.univ-lorraine.fr\\\/orientation-insertion-professionnelle\\\/ressources\\\/\"},{\"@type\":\"ListItem\",\"position\":3,\"name\":\"Stage, emploi et alternance\",\"item\":\"https:\\\/\\\/www.univ-lorraine.fr\\\/orientation-insertion-professionnelle\\\/ressources\\\/stage-emploi-et-alternance\\\/\"},{\"@type\":\"ListItem\",\"position\":4,\"name\":\"Organiser sa recherche de stage\",\"item\":\"https:\\\/\\\/www.univ-lorraine.fr\\\/orientation-insertion-professionnelle\\\/ressources\\\/stage-emploi-et-alternance\\\/organiser-sa-recherche-de-stage\\\/\"},{\"@type\":\"ListItem\",\"position\":5,\"name\":\"LE PROJET DE STAGE DE BARBARA\"}]},{\"@type\":\"WebSite\",\"@id\":\"https:\\\/\\\/www.univ-lorraine.fr\\\/orientation-insertion-professionnelle\\\/#website\",\"url\":\"https:\\\/\\\/www.univ-lorraine.fr\\\/orientation-insertion-professionnelle\\\/\",\"name\":\"Orientation et insertion professionnelle\",\"description\":\"\",\"publisher\":{\"@id\":\"https:\\\/\\\/www.univ-lorraine.fr\\\/orientation-insertion-professionnelle\\\/#organization\"},\"potentialAction\":[{\"@type\":\"SearchAction\",\"target\":{\"@type\":\"EntryPoint\",\"urlTemplate\":\"https:\\\/\\\/www.univ-lorraine.fr\\\/orientation-insertion-professionnelle\\\/?s={search_term_string}\"},\"query-input\":{\"@type\":\"PropertyValueSpecification\",\"valueRequired\":true,\"valueName\":\"search_term_string\"}}],\"inLanguage\":\"fr-FR\"},{\"@type\":\"Organization\",\"@id\":\"https:\\\/\\\/www.univ-lorraine.fr\\\/orientation-insertion-professionnelle\\\/#organization\",\"name\":\"Universit\u00e9 de Lorraine\",\"url\":\"https:\\\/\\\/www.univ-lorraine.fr\\\/orientation-insertion-professionnelle\\\/\",\"logo\":{\"@type\":\"ImageObject\",\"inLanguage\":\"fr-FR\",\"@id\":\"https:\\\/\\\/www.univ-lorraine.fr\\\/orientation-insertion-professionnelle\\\/#\\\/schema\\\/logo\\\/image\\\/\",\"url\":\"https:\\\/\\\/www.univ-lorraine.fr\\\/orientation-insertion-professionnelle\\\/wp-content\\\/uploads\\\/sites\\\/7\\\/2023\\\/04\\\/logo_siteweb2_Plan-de-travail-1.png\",\"contentUrl\":\"https:\\\/\\\/www.univ-lorraine.fr\\\/orientation-insertion-professionnelle\\\/wp-content\\\/uploads\\\/sites\\\/7\\\/2023\\\/04\\\/logo_siteweb2_Plan-de-travail-1.png\",\"width\":852,\"height\":492,\"caption\":\"Universit\u00e9 de Lorraine\"},\"image\":{\"@id\":\"https:\\\/\\\/www.univ-lorraine.fr\\\/orientation-insertion-professionnelle\\\/#\\\/schema\\\/logo\\\/image\\\/\"}}]}<\/script>\n<!-- \/ Yoast SEO plugin. -->","yoast_head_json":{"title":"LE PROJET DE STAGE DE BARBARA - Orientation et insertion professionnelle","robots":{"index":"index","follow":"follow","max-snippet":"max-snippet:-1","max-image-preview":"max-image-preview:large","max-video-preview":"max-video-preview:-1"},"canonical":"https:\/\/www.univ-lorraine.fr\/orientation-insertion-professionnelle\/ressources\/stage-emploi-et-alternance\/organiser-sa-recherche-de-stage\/le-projet-de-stage-de-barbara\/","og_locale":"fr_FR","og_type":"article","og_title":"LE PROJET DE STAGE DE BARBARA - Orientation et insertion professionnelle","og_description":"Elaborer son projet de stage n\u2019est pas chose facile. A travers l\u2019\u00e9laboration du projet de Barbara, \u00e9tudiante en M2, nous allons voir comment proc\u00e9der pas \u00e0 pas en remplissant les 2 grilles, de pr\u00e9paration et de r\u00e9alisation.","og_url":"https:\/\/www.univ-lorraine.fr\/orientation-insertion-professionnelle\/ressources\/stage-emploi-et-alternance\/organiser-sa-recherche-de-stage\/le-projet-de-stage-de-barbara\/","og_site_name":"Orientation et insertion professionnelle","article_modified_time":"2022-09-19T16:17:52+00:00","twitter_card":"summary_large_image","twitter_misc":{"Dur\u00e9e de lecture estim\u00e9e":"2 minutes"},"schema":{"@context":"https:\/\/schema.org","@graph":[{"@type":"WebPage","@id":"https:\/\/www.univ-lorraine.fr\/orientation-insertion-professionnelle\/ressources\/stage-emploi-et-alternance\/organiser-sa-recherche-de-stage\/le-projet-de-stage-de-barbara\/","url":"https:\/\/www.univ-lorraine.fr\/orientation-insertion-professionnelle\/ressources\/stage-emploi-et-alternance\/organiser-sa-recherche-de-stage\/le-projet-de-stage-de-barbara\/","name":"LE PROJET DE STAGE DE BARBARA - Orientation et insertion professionnelle","isPartOf":{"@id":"https:\/\/www.univ-lorraine.fr\/orientation-insertion-professionnelle\/#website"},"datePublished":"2021-10-28T09:06:10+00:00","dateModified":"2022-09-19T16:17:52+00:00","breadcrumb":{"@id":"https:\/\/www.univ-lorraine.fr\/orientation-insertion-professionnelle\/ressources\/stage-emploi-et-alternance\/organiser-sa-recherche-de-stage\/le-projet-de-stage-de-barbara\/#breadcrumb"},"inLanguage":"fr-FR","potentialAction":[{"@type":"ReadAction","target":["https:\/\/www.univ-lorraine.fr\/orientation-insertion-professionnelle\/ressources\/stage-emploi-et-alternance\/organiser-sa-recherche-de-stage\/le-projet-de-stage-de-barbara\/"]}]},{"@type":"BreadcrumbList","@id":"https:\/\/www.univ-lorraine.fr\/orientation-insertion-professionnelle\/ressources\/stage-emploi-et-alternance\/organiser-sa-recherche-de-stage\/le-projet-de-stage-de-barbara\/#breadcrumb","itemListElement":[{"@type":"ListItem","position":1,"name":"Accueil","item":"https:\/\/www.univ-lorraine.fr\/orientation-insertion-professionnelle\/"},{"@type":"ListItem","position":2,"name":"Ressources","item":"https:\/\/www.univ-lorraine.fr\/orientation-insertion-professionnelle\/ressources\/"},{"@type":"ListItem","position":3,"name":"Stage, emploi et alternance","item":"https:\/\/www.univ-lorraine.fr\/orientation-insertion-professionnelle\/ressources\/stage-emploi-et-alternance\/"},{"@type":"ListItem","position":4,"name":"Organiser sa recherche de stage","item":"https:\/\/www.univ-lorraine.fr\/orientation-insertion-professionnelle\/ressources\/stage-emploi-et-alternance\/organiser-sa-recherche-de-stage\/"},{"@type":"ListItem","position":5,"name":"LE PROJET DE STAGE DE BARBARA"}]},{"@type":"WebSite","@id":"https:\/\/www.univ-lorraine.fr\/orientation-insertion-professionnelle\/#website","url":"https:\/\/www.univ-lorraine.fr\/orientation-insertion-professionnelle\/","name":"Orientation et insertion professionnelle","description":"","publisher":{"@id":"https:\/\/www.univ-lorraine.fr\/orientation-insertion-professionnelle\/#organization"},"potentialAction":[{"@type":"SearchAction","target":{"@type":"EntryPoint","urlTemplate":"https:\/\/www.univ-lorraine.fr\/orientation-insertion-professionnelle\/?s={search_term_string}"},"query-input":{"@type":"PropertyValueSpecification","valueRequired":true,"valueName":"search_term_string"}}],"inLanguage":"fr-FR"},{"@type":"Organization","@id":"https:\/\/www.univ-lorraine.fr\/orientation-insertion-professionnelle\/#organization","name":"Universit\u00e9 de Lorraine","url":"https:\/\/www.univ-lorraine.fr\/orientation-insertion-professionnelle\/","logo":{"@type":"ImageObject","inLanguage":"fr-FR","@id":"https:\/\/www.univ-lorraine.fr\/orientation-insertion-professionnelle\/#\/schema\/logo\/image\/","url":"https:\/\/www.univ-lorraine.fr\/orientation-insertion-professionnelle\/wp-content\/uploads\/sites\/7\/2023\/04\/logo_siteweb2_Plan-de-travail-1.png","contentUrl":"https:\/\/www.univ-lorraine.fr\/orientation-insertion-professionnelle\/wp-content\/uploads\/sites\/7\/2023\/04\/logo_siteweb2_Plan-de-travail-1.png","width":852,"height":492,"caption":"Universit\u00e9 de Lorraine"},"image":{"@id":"https:\/\/www.univ-lorraine.fr\/orientation-insertion-professionnelle\/#\/schema\/logo\/image\/"}}]}},"_links":{"self":[{"href":"https:\/\/www.univ-lorraine.fr\/orientation-insertion-professionnelle\/wp-json\/wp\/v2\/pages\/2450","targetHints":{"allow":["GET"]}}],"collection":[{"href":"https:\/\/www.univ-lorraine.fr\/orientation-insertion-professionnelle\/wp-json\/wp\/v2\/pages"}],"about":[{"href":"https:\/\/www.univ-lorraine.fr\/orientation-insertion-professionnelle\/wp-json\/wp\/v2\/types\/page"}],"author":[{"embeddable":true,"href":"https:\/\/www.univ-lorraine.fr\/orientation-insertion-professionnelle\/wp-json\/wp\/v2\/users\/72"}],"replies":[{"embeddable":true,"href":"https:\/\/www.univ-lorraine.fr\/orientation-insertion-professionnelle\/wp-json\/wp\/v2\/comments?post=2450"}],"version-history":[{"count":2,"href":"https:\/\/www.univ-lorraine.fr\/orientation-insertion-professionnelle\/wp-json\/wp\/v2\/pages\/2450\/revisions"}],"predecessor-version":[{"id":2954,"href":"https:\/\/www.univ-lorraine.fr\/orientation-insertion-professionnelle\/wp-json\/wp\/v2\/pages\/2450\/revisions\/2954"}],"up":[{"embeddable":true,"href":"https:\/\/www.univ-lorraine.fr\/orientation-insertion-professionnelle\/wp-json\/wp\/v2\/pages\/2211"}],"wp:attachment":[{"href":"https:\/\/www.univ-lorraine.fr\/orientation-insertion-professionnelle\/wp-json\/wp\/v2\/media?parent=2450"}],"wp:term":[{"taxonomy":"category","embeddable":true,"href":"https:\/\/www.univ-lorraine.fr\/orientation-insertion-professionnelle\/wp-json\/wp\/v2\/categories?post=2450"},{"taxonomy":"post_tag","embeddable":true,"href":"https:\/\/www.univ-lorraine.fr\/orientation-insertion-professionnelle\/wp-json\/wp\/v2\/tags?post=2450"}],"curies":[{"name":"wp","href":"https:\/\/api.w.org\/{rel}","templated":true}]}}