{"id":2492,"date":"2021-10-28T11:07:33","date_gmt":"2021-10-28T09:07:33","guid":{"rendered":"https:\/\/www.univ-lorraine.fr\/orientation-insertion-professionnelle\/?page_id=2492"},"modified":"2023-09-06T10:13:38","modified_gmt":"2023-09-06T08:13:38","slug":"exemples-de-phrases-daccroche","status":"publish","type":"page","link":"https:\/\/www.univ-lorraine.fr\/orientation-insertion-professionnelle\/ressources\/stage-emploi-et-alternance\/lettre-de-motivation\/exemples-de-phrases-daccroche\/","title":{"rendered":"EXEMPLES DE PHRASES D&rsquo;ACCROCHE"},"content":{"rendered":"\n<p>Lors du forum XX, j&rsquo;ai rencontr\u00e9 Madame X qui, apr\u00e8s avoir r\u00e9pondu \u00e0 mes questions concernant votre entreprise, m&rsquo;a recommand\u00e9 de vous contacter&#8230;<\/p>\n\n\n\n<p>En suivant votre actualit\u00e9 sur les r\u00e9seaux sociaux pendant toute la dur\u00e9e de mes \u00e9tudes, j&rsquo;ai pu appr\u00e9cier&#8230;<\/p>\n\n\n\n<p>En consultant votre site web, j\u2019ai appris que votre entreprise a pour objectif de d\u00e9velopper ses activit\u00e9s dans le domaine de \u2026<\/p>\n\n\n\n<p>Implant\u00e9e en Am\u00e9rique du Sud depuis un mois, votre soci\u00e9t\u00e9 vient d&rsquo;ouvrir une succursale \u00e0 Buenos Aires. Dans ce contexte, vous avez s\u00fbrement besoin de collaborateurs capables de&#8230;<\/p>\n\n\n\n<p>L&rsquo;agrandissement de vos installations pr\u00e9vu pour le d\u00e9but de l\u2019ann\u00e9e, avec notamment un espace de stockage suppl\u00e9mentaire, me pousse \u00e0 vous pr\u00e9senter ma candidature \u00e0 un poste d\u2019assistante logistique&#8230;<br><br>Vous \u00eates \u00e0 la recherche d&rsquo;une cheffe de projet trilingue, fran\u00e7ais\/anglais\/espagnol, capable de s\u2019investir pleinement dans ses fonctions. Mon profil en affaires europ\u00e9ennes regroupe les comp\u00e9tences utiles pour ce poste.<\/p>\n\n\n\n<p>Etudiant(e) en 1<sup>\u00e8re<\/sup> ann\u00e9e d\u2019\u00e9cole d\u2019ing\u00e9nieur, je souhaite effectuer un stage ouvrier dans votre entreprise afin d\u2019\u00eatre proche du terrain et de conna\u00eetre les exigences li\u00e9s \u00e0 la production.<\/p>\n","protected":false},"excerpt":{"rendered":"<p>Lors du forum XX, j&rsquo;ai rencontr\u00e9 Madame X qui, apr\u00e8s avoir r\u00e9pondu \u00e0 mes questions concernant votre entreprise, m&rsquo;a recommand\u00e9 de vous contacter&#8230; En suivant votre actualit\u00e9 sur les r\u00e9seaux sociaux pendant toute la dur\u00e9e de mes \u00e9tudes, j&rsquo;ai pu appr\u00e9cier&#8230; En consultant votre site web, j\u2019ai appris que votre entreprise a pour objectif de &#8230; <a title=\"EXEMPLES DE PHRASES D&rsquo;ACCROCHE\" class=\"read-more\" href=\"https:\/\/www.univ-lorraine.fr\/orientation-insertion-professionnelle\/ressources\/stage-emploi-et-alternance\/lettre-de-motivation\/exemples-de-phrases-daccroche\/\" aria-label=\"En savoir plus sur EXEMPLES DE PHRASES D&rsquo;ACCROCHE\">Lire plus<\/a><\/p>\n","protected":false},"author":72,"featured_media":0,"parent":2182,"menu_order":0,"comment_status":"closed","ping_status":"closed","template":"","meta":{"inline_featured_image":false,"footnotes":""},"categories":[17,15],"tags":[],"class_list":{"0":"post-2492","1":"page","2":"type-page","3":"status-publish","5":"category-conseils","6":"category-insertion-professionnelle"},"yoast_head":"<!-- This site is optimized with the Yoast SEO plugin v27.4 - https:\/\/yoast.com\/product\/yoast-seo-wordpress\/ -->\n<title>EXEMPLES DE PHRASES D&#039;ACCROCHE - Orientation et insertion professionnelle<\/title>\n<meta name=\"robots\" content=\"index, follow, max-snippet:-1, max-image-preview:large, max-video-preview:-1\" \/>\n<link rel=\"canonical\" href=\"https:\/\/www.univ-lorraine.fr\/orientation-insertion-professionnelle\/ressources\/stage-emploi-et-alternance\/lettre-de-motivation\/exemples-de-phrases-daccroche\/\" \/>\n<meta property=\"og:locale\" content=\"fr_FR\" \/>\n<meta property=\"og:type\" content=\"article\" \/>\n<meta property=\"og:title\" content=\"EXEMPLES DE PHRASES D&#039;ACCROCHE - Orientation et insertion professionnelle\" \/>\n<meta property=\"og:description\" content=\"Lors du forum XX, j&rsquo;ai rencontr\u00e9 Madame X qui, apr\u00e8s avoir r\u00e9pondu \u00e0 mes questions concernant votre entreprise, m&rsquo;a recommand\u00e9 de vous contacter&#8230; En suivant votre actualit\u00e9 sur les r\u00e9seaux sociaux pendant toute la dur\u00e9e de mes \u00e9tudes, j&rsquo;ai pu appr\u00e9cier&#8230; En consultant votre site web, j\u2019ai appris que votre entreprise a pour objectif de ... Lire plus\" \/>\n<meta property=\"og:url\" content=\"https:\/\/www.univ-lorraine.fr\/orientation-insertion-professionnelle\/ressources\/stage-emploi-et-alternance\/lettre-de-motivation\/exemples-de-phrases-daccroche\/\" \/>\n<meta property=\"og:site_name\" content=\"Orientation et insertion professionnelle\" \/>\n<meta property=\"article:modified_time\" content=\"2023-09-06T08:13:38+00:00\" \/>\n<meta name=\"twitter:card\" content=\"summary_large_image\" \/>\n<meta name=\"twitter:label1\" content=\"Dur\u00e9e de lecture estim\u00e9e\" \/>\n\t<meta name=\"twitter:data1\" content=\"1 minute\" \/>\n<script type=\"application\/ld+json\" class=\"yoast-schema-graph\">{\"@context\":\"https:\\\/\\\/schema.org\",\"@graph\":[{\"@type\":\"WebPage\",\"@id\":\"https:\\\/\\\/www.univ-lorraine.fr\\\/orientation-insertion-professionnelle\\\/ressources\\\/stage-emploi-et-alternance\\\/lettre-de-motivation\\\/exemples-de-phrases-daccroche\\\/\",\"url\":\"https:\\\/\\\/www.univ-lorraine.fr\\\/orientation-insertion-professionnelle\\\/ressources\\\/stage-emploi-et-alternance\\\/lettre-de-motivation\\\/exemples-de-phrases-daccroche\\\/\",\"name\":\"EXEMPLES DE PHRASES D'ACCROCHE - Orientation et insertion professionnelle\",\"isPartOf\":{\"@id\":\"https:\\\/\\\/www.univ-lorraine.fr\\\/orientation-insertion-professionnelle\\\/#website\"},\"datePublished\":\"2021-10-28T09:07:33+00:00\",\"dateModified\":\"2023-09-06T08:13:38+00:00\",\"breadcrumb\":{\"@id\":\"https:\\\/\\\/www.univ-lorraine.fr\\\/orientation-insertion-professionnelle\\\/ressources\\\/stage-emploi-et-alternance\\\/lettre-de-motivation\\\/exemples-de-phrases-daccroche\\\/#breadcrumb\"},\"inLanguage\":\"fr-FR\",\"potentialAction\":[{\"@type\":\"ReadAction\",\"target\":[\"https:\\\/\\\/www.univ-lorraine.fr\\\/orientation-insertion-professionnelle\\\/ressources\\\/stage-emploi-et-alternance\\\/lettre-de-motivation\\\/exemples-de-phrases-daccroche\\\/\"]}]},{\"@type\":\"BreadcrumbList\",\"@id\":\"https:\\\/\\\/www.univ-lorraine.fr\\\/orientation-insertion-professionnelle\\\/ressources\\\/stage-emploi-et-alternance\\\/lettre-de-motivation\\\/exemples-de-phrases-daccroche\\\/#breadcrumb\",\"itemListElement\":[{\"@type\":\"ListItem\",\"position\":1,\"name\":\"Accueil\",\"item\":\"https:\\\/\\\/www.univ-lorraine.fr\\\/orientation-insertion-professionnelle\\\/\"},{\"@type\":\"ListItem\",\"position\":2,\"name\":\"Ressources\",\"item\":\"https:\\\/\\\/www.univ-lorraine.fr\\\/orientation-insertion-professionnelle\\\/ressources\\\/\"},{\"@type\":\"ListItem\",\"position\":3,\"name\":\"Stage, emploi et alternance\",\"item\":\"https:\\\/\\\/www.univ-lorraine.fr\\\/orientation-insertion-professionnelle\\\/ressources\\\/stage-emploi-et-alternance\\\/\"},{\"@type\":\"ListItem\",\"position\":4,\"name\":\"Lettre de motivation\",\"item\":\"https:\\\/\\\/www.univ-lorraine.fr\\\/orientation-insertion-professionnelle\\\/ressources\\\/stage-emploi-et-alternance\\\/lettre-de-motivation\\\/\"},{\"@type\":\"ListItem\",\"position\":5,\"name\":\"EXEMPLES DE PHRASES D&rsquo;ACCROCHE\"}]},{\"@type\":\"WebSite\",\"@id\":\"https:\\\/\\\/www.univ-lorraine.fr\\\/orientation-insertion-professionnelle\\\/#website\",\"url\":\"https:\\\/\\\/www.univ-lorraine.fr\\\/orientation-insertion-professionnelle\\\/\",\"name\":\"Orientation et insertion professionnelle\",\"description\":\"\",\"publisher\":{\"@id\":\"https:\\\/\\\/www.univ-lorraine.fr\\\/orientation-insertion-professionnelle\\\/#organization\"},\"potentialAction\":[{\"@type\":\"SearchAction\",\"target\":{\"@type\":\"EntryPoint\",\"urlTemplate\":\"https:\\\/\\\/www.univ-lorraine.fr\\\/orientation-insertion-professionnelle\\\/?s={search_term_string}\"},\"query-input\":{\"@type\":\"PropertyValueSpecification\",\"valueRequired\":true,\"valueName\":\"search_term_string\"}}],\"inLanguage\":\"fr-FR\"},{\"@type\":\"Organization\",\"@id\":\"https:\\\/\\\/www.univ-lorraine.fr\\\/orientation-insertion-professionnelle\\\/#organization\",\"name\":\"Universit\u00e9 de Lorraine\",\"url\":\"https:\\\/\\\/www.univ-lorraine.fr\\\/orientation-insertion-professionnelle\\\/\",\"logo\":{\"@type\":\"ImageObject\",\"inLanguage\":\"fr-FR\",\"@id\":\"https:\\\/\\\/www.univ-lorraine.fr\\\/orientation-insertion-professionnelle\\\/#\\\/schema\\\/logo\\\/image\\\/\",\"url\":\"https:\\\/\\\/www.univ-lorraine.fr\\\/orientation-insertion-professionnelle\\\/wp-content\\\/uploads\\\/sites\\\/7\\\/2023\\\/04\\\/logo_siteweb2_Plan-de-travail-1.png\",\"contentUrl\":\"https:\\\/\\\/www.univ-lorraine.fr\\\/orientation-insertion-professionnelle\\\/wp-content\\\/uploads\\\/sites\\\/7\\\/2023\\\/04\\\/logo_siteweb2_Plan-de-travail-1.png\",\"width\":852,\"height\":492,\"caption\":\"Universit\u00e9 de Lorraine\"},\"image\":{\"@id\":\"https:\\\/\\\/www.univ-lorraine.fr\\\/orientation-insertion-professionnelle\\\/#\\\/schema\\\/logo\\\/image\\\/\"}}]}<\/script>\n<!-- \/ Yoast SEO plugin. -->","yoast_head_json":{"title":"EXEMPLES DE PHRASES D'ACCROCHE - Orientation et insertion professionnelle","robots":{"index":"index","follow":"follow","max-snippet":"max-snippet:-1","max-image-preview":"max-image-preview:large","max-video-preview":"max-video-preview:-1"},"canonical":"https:\/\/www.univ-lorraine.fr\/orientation-insertion-professionnelle\/ressources\/stage-emploi-et-alternance\/lettre-de-motivation\/exemples-de-phrases-daccroche\/","og_locale":"fr_FR","og_type":"article","og_title":"EXEMPLES DE PHRASES D'ACCROCHE - Orientation et insertion professionnelle","og_description":"Lors du forum XX, j&rsquo;ai rencontr\u00e9 Madame X qui, apr\u00e8s avoir r\u00e9pondu \u00e0 mes questions concernant votre entreprise, m&rsquo;a recommand\u00e9 de vous contacter&#8230; En suivant votre actualit\u00e9 sur les r\u00e9seaux sociaux pendant toute la dur\u00e9e de mes \u00e9tudes, j&rsquo;ai pu appr\u00e9cier&#8230; En consultant votre site web, j\u2019ai appris que votre entreprise a pour objectif de ... Lire plus","og_url":"https:\/\/www.univ-lorraine.fr\/orientation-insertion-professionnelle\/ressources\/stage-emploi-et-alternance\/lettre-de-motivation\/exemples-de-phrases-daccroche\/","og_site_name":"Orientation et insertion professionnelle","article_modified_time":"2023-09-06T08:13:38+00:00","twitter_card":"summary_large_image","twitter_misc":{"Dur\u00e9e de lecture estim\u00e9e":"1 minute"},"schema":{"@context":"https:\/\/schema.org","@graph":[{"@type":"WebPage","@id":"https:\/\/www.univ-lorraine.fr\/orientation-insertion-professionnelle\/ressources\/stage-emploi-et-alternance\/lettre-de-motivation\/exemples-de-phrases-daccroche\/","url":"https:\/\/www.univ-lorraine.fr\/orientation-insertion-professionnelle\/ressources\/stage-emploi-et-alternance\/lettre-de-motivation\/exemples-de-phrases-daccroche\/","name":"EXEMPLES DE PHRASES D'ACCROCHE - Orientation et insertion professionnelle","isPartOf":{"@id":"https:\/\/www.univ-lorraine.fr\/orientation-insertion-professionnelle\/#website"},"datePublished":"2021-10-28T09:07:33+00:00","dateModified":"2023-09-06T08:13:38+00:00","breadcrumb":{"@id":"https:\/\/www.univ-lorraine.fr\/orientation-insertion-professionnelle\/ressources\/stage-emploi-et-alternance\/lettre-de-motivation\/exemples-de-phrases-daccroche\/#breadcrumb"},"inLanguage":"fr-FR","potentialAction":[{"@type":"ReadAction","target":["https:\/\/www.univ-lorraine.fr\/orientation-insertion-professionnelle\/ressources\/stage-emploi-et-alternance\/lettre-de-motivation\/exemples-de-phrases-daccroche\/"]}]},{"@type":"BreadcrumbList","@id":"https:\/\/www.univ-lorraine.fr\/orientation-insertion-professionnelle\/ressources\/stage-emploi-et-alternance\/lettre-de-motivation\/exemples-de-phrases-daccroche\/#breadcrumb","itemListElement":[{"@type":"ListItem","position":1,"name":"Accueil","item":"https:\/\/www.univ-lorraine.fr\/orientation-insertion-professionnelle\/"},{"@type":"ListItem","position":2,"name":"Ressources","item":"https:\/\/www.univ-lorraine.fr\/orientation-insertion-professionnelle\/ressources\/"},{"@type":"ListItem","position":3,"name":"Stage, emploi et alternance","item":"https:\/\/www.univ-lorraine.fr\/orientation-insertion-professionnelle\/ressources\/stage-emploi-et-alternance\/"},{"@type":"ListItem","position":4,"name":"Lettre de motivation","item":"https:\/\/www.univ-lorraine.fr\/orientation-insertion-professionnelle\/ressources\/stage-emploi-et-alternance\/lettre-de-motivation\/"},{"@type":"ListItem","position":5,"name":"EXEMPLES DE PHRASES D&rsquo;ACCROCHE"}]},{"@type":"WebSite","@id":"https:\/\/www.univ-lorraine.fr\/orientation-insertion-professionnelle\/#website","url":"https:\/\/www.univ-lorraine.fr\/orientation-insertion-professionnelle\/","name":"Orientation et insertion professionnelle","description":"","publisher":{"@id":"https:\/\/www.univ-lorraine.fr\/orientation-insertion-professionnelle\/#organization"},"potentialAction":[{"@type":"SearchAction","target":{"@type":"EntryPoint","urlTemplate":"https:\/\/www.univ-lorraine.fr\/orientation-insertion-professionnelle\/?s={search_term_string}"},"query-input":{"@type":"PropertyValueSpecification","valueRequired":true,"valueName":"search_term_string"}}],"inLanguage":"fr-FR"},{"@type":"Organization","@id":"https:\/\/www.univ-lorraine.fr\/orientation-insertion-professionnelle\/#organization","name":"Universit\u00e9 de Lorraine","url":"https:\/\/www.univ-lorraine.fr\/orientation-insertion-professionnelle\/","logo":{"@type":"ImageObject","inLanguage":"fr-FR","@id":"https:\/\/www.univ-lorraine.fr\/orientation-insertion-professionnelle\/#\/schema\/logo\/image\/","url":"https:\/\/www.univ-lorraine.fr\/orientation-insertion-professionnelle\/wp-content\/uploads\/sites\/7\/2023\/04\/logo_siteweb2_Plan-de-travail-1.png","contentUrl":"https:\/\/www.univ-lorraine.fr\/orientation-insertion-professionnelle\/wp-content\/uploads\/sites\/7\/2023\/04\/logo_siteweb2_Plan-de-travail-1.png","width":852,"height":492,"caption":"Universit\u00e9 de Lorraine"},"image":{"@id":"https:\/\/www.univ-lorraine.fr\/orientation-insertion-professionnelle\/#\/schema\/logo\/image\/"}}]}},"_links":{"self":[{"href":"https:\/\/www.univ-lorraine.fr\/orientation-insertion-professionnelle\/wp-json\/wp\/v2\/pages\/2492","targetHints":{"allow":["GET"]}}],"collection":[{"href":"https:\/\/www.univ-lorraine.fr\/orientation-insertion-professionnelle\/wp-json\/wp\/v2\/pages"}],"about":[{"href":"https:\/\/www.univ-lorraine.fr\/orientation-insertion-professionnelle\/wp-json\/wp\/v2\/types\/page"}],"author":[{"embeddable":true,"href":"https:\/\/www.univ-lorraine.fr\/orientation-insertion-professionnelle\/wp-json\/wp\/v2\/users\/72"}],"replies":[{"embeddable":true,"href":"https:\/\/www.univ-lorraine.fr\/orientation-insertion-professionnelle\/wp-json\/wp\/v2\/comments?post=2492"}],"version-history":[{"count":3,"href":"https:\/\/www.univ-lorraine.fr\/orientation-insertion-professionnelle\/wp-json\/wp\/v2\/pages\/2492\/revisions"}],"predecessor-version":[{"id":10411,"href":"https:\/\/www.univ-lorraine.fr\/orientation-insertion-professionnelle\/wp-json\/wp\/v2\/pages\/2492\/revisions\/10411"}],"up":[{"embeddable":true,"href":"https:\/\/www.univ-lorraine.fr\/orientation-insertion-professionnelle\/wp-json\/wp\/v2\/pages\/2182"}],"wp:attachment":[{"href":"https:\/\/www.univ-lorraine.fr\/orientation-insertion-professionnelle\/wp-json\/wp\/v2\/media?parent=2492"}],"wp:term":[{"taxonomy":"category","embeddable":true,"href":"https:\/\/www.univ-lorraine.fr\/orientation-insertion-professionnelle\/wp-json\/wp\/v2\/categories?post=2492"},{"taxonomy":"post_tag","embeddable":true,"href":"https:\/\/www.univ-lorraine.fr\/orientation-insertion-professionnelle\/wp-json\/wp\/v2\/tags?post=2492"}],"curies":[{"name":"wp","href":"https:\/\/api.w.org\/{rel}","templated":true}]}}