{"id":2494,"date":"2021-10-28T11:08:19","date_gmt":"2021-10-28T09:08:19","guid":{"rendered":"https:\/\/www.univ-lorraine.fr\/orientation-insertion-professionnelle\/?page_id=2494"},"modified":"2023-09-06T10:20:54","modified_gmt":"2023-09-06T08:20:54","slug":"exemples-de-phrases-dargumentaire","status":"publish","type":"page","link":"https:\/\/www.univ-lorraine.fr\/orientation-insertion-professionnelle\/ressources\/stage-emploi-et-alternance\/lettre-de-motivation\/exemples-de-phrases-dargumentaire\/","title":{"rendered":"EXEMPLES DE PHRASES D&rsquo;ARGUMENTAIRE"},"content":{"rendered":"\n<p>Au cours d\u2019un job d\u2019\u00e9t\u00e9 en vente, j\u2019ai pu d\u00e9montrer ma polyvalence et mon adaptabilit\u00e9 en rempla\u00e7ant une h\u00f4tesse de caisse<\/p>\n\n\n\n<p>Charg\u00e9 d\u2019accueil \u00e0 l&rsquo;Office de Tourisme de XX pendant les vacances d&rsquo;\u00e9t\u00e9, j&rsquo;ai orient\u00e9 quotidiennement une cinquantaine de personnes de diff\u00e9rentes nationalit\u00e9s (allemands, anglais, n\u00e9erlandais\u2026), pendant deux mois.<\/p>\n\n\n\n<p>Je participe depuis trois ans \u00e0 l&rsquo;organisation du congr\u00e8s Copernic de mon \u00e9cole. Avec une \u00e9quipe de 5 personnes, nous recherchons les sponsors et assurons la communication de cet \u00e9v\u00e9nement.<\/p>\n\n\n\n<p>J&rsquo;ai acquis une bonne ma\u00eetrise des techniques d\u2019enqu\u00eates dans le cadre de mes \u00e9tudes de sociologie\u2026<\/p>\n\n\n\n<p>Au cours d&rsquo;une mission pour l&rsquo;association humanitaire Y, j&rsquo;ai effectu\u00e9 plusieurs d\u00e9placements sur le terrain pour recenser les besoins des populations dans diff\u00e9rents domaines : m\u00e9dical, \u00e9ducatif\u2026<\/p>\n\n\n\n<p>Au cours d&rsquo;un stage de 2 mois chez X, j\u2019ai communiqu\u00e9 en anglais des affaires et j&rsquo;ai particip\u00e9 \u00e0 l\u2019am\u00e9lioration des relations de l&rsquo;entreprise avec ses partenaires \u00e9cossais.<\/p>\n\n\n\n<p>Mon exp\u00e9rience de l&rsquo;animation dans deux associations m&rsquo;a permis de progresser dans ma relation aux autres et de m\u2019ouvrir aux diverses probl\u00e9matiques rencontr\u00e9es par les publics.<\/p>\n\n\n\n<p>Responsable du bureau des \u00e9l\u00e8ves, j\u2019organise depuis deux ans les journ\u00e9es portes ouvertes de mon \u00e9cole.<\/p>\n\n\n\n<p>Le poste de responsable de rayon propos\u00e9 me permettra d&rsquo; allier mon exp\u00e9rience des sports de glisse et mon go\u00fbt pour les contacts avec la client\u00e8le.<\/p>\n\n\n\n<p>Au cours d\u2019un stage \u00e0 la biblioth\u00e8que d\u2019Epinal, je serai en mesure de prendre en charge le travail de recherche de votre service de documentation.<\/p>\n\n\n\n<p>Au cours d&rsquo;un stage en efficacit\u00e9 \u00e9nerg\u00e9tique du b\u00e2timent, j&rsquo;ai r\u00e9alis\u00e9 des missions d\u2019audit \u00e9nerg\u00e9tique : analyse de l\u2019existant et identification de pistes d\u2019am\u00e9lioration.<\/p>\n\n\n\n<p>Je poss\u00e8de un profil international : je suis bilingue franco-allemande et parle couramment l\u2019anglais.<\/p>\n","protected":false},"excerpt":{"rendered":"<p>Au cours d\u2019un job d\u2019\u00e9t\u00e9 en vente, j\u2019ai pu d\u00e9montrer ma polyvalence et mon adaptabilit\u00e9 en rempla\u00e7ant une h\u00f4tesse de caisse Charg\u00e9 d\u2019accueil \u00e0 l&rsquo;Office de Tourisme de XX pendant les vacances d&rsquo;\u00e9t\u00e9, j&rsquo;ai orient\u00e9 quotidiennement une cinquantaine de personnes de diff\u00e9rentes nationalit\u00e9s (allemands, anglais, n\u00e9erlandais\u2026), pendant deux mois. Je participe depuis trois ans \u00e0 &#8230; <a title=\"EXEMPLES DE PHRASES D&rsquo;ARGUMENTAIRE\" class=\"read-more\" href=\"https:\/\/www.univ-lorraine.fr\/orientation-insertion-professionnelle\/ressources\/stage-emploi-et-alternance\/lettre-de-motivation\/exemples-de-phrases-dargumentaire\/\" aria-label=\"En savoir plus sur EXEMPLES DE PHRASES D&rsquo;ARGUMENTAIRE\">Lire plus<\/a><\/p>\n","protected":false},"author":72,"featured_media":0,"parent":2182,"menu_order":0,"comment_status":"closed","ping_status":"closed","template":"","meta":{"inline_featured_image":false,"footnotes":""},"categories":[17,15],"tags":[],"class_list":{"0":"post-2494","1":"page","2":"type-page","3":"status-publish","5":"category-conseils","6":"category-insertion-professionnelle"},"yoast_head":"<!-- This site is optimized with the Yoast SEO plugin v27.4 - https:\/\/yoast.com\/product\/yoast-seo-wordpress\/ -->\n<title>EXEMPLES DE PHRASES D&#039;ARGUMENTAIRE - Orientation et insertion professionnelle<\/title>\n<meta name=\"robots\" content=\"index, follow, max-snippet:-1, max-image-preview:large, max-video-preview:-1\" \/>\n<link rel=\"canonical\" href=\"https:\/\/www.univ-lorraine.fr\/orientation-insertion-professionnelle\/ressources\/stage-emploi-et-alternance\/lettre-de-motivation\/exemples-de-phrases-dargumentaire\/\" \/>\n<meta property=\"og:locale\" content=\"fr_FR\" \/>\n<meta property=\"og:type\" content=\"article\" \/>\n<meta property=\"og:title\" content=\"EXEMPLES DE PHRASES D&#039;ARGUMENTAIRE - Orientation et insertion professionnelle\" \/>\n<meta property=\"og:description\" content=\"Au cours d\u2019un job d\u2019\u00e9t\u00e9 en vente, j\u2019ai pu d\u00e9montrer ma polyvalence et mon adaptabilit\u00e9 en rempla\u00e7ant une h\u00f4tesse de caisse Charg\u00e9 d\u2019accueil \u00e0 l&rsquo;Office de Tourisme de XX pendant les vacances d&rsquo;\u00e9t\u00e9, j&rsquo;ai orient\u00e9 quotidiennement une cinquantaine de personnes de diff\u00e9rentes nationalit\u00e9s (allemands, anglais, n\u00e9erlandais\u2026), pendant deux mois. Je participe depuis trois ans \u00e0 ... Lire plus\" \/>\n<meta property=\"og:url\" content=\"https:\/\/www.univ-lorraine.fr\/orientation-insertion-professionnelle\/ressources\/stage-emploi-et-alternance\/lettre-de-motivation\/exemples-de-phrases-dargumentaire\/\" \/>\n<meta property=\"og:site_name\" content=\"Orientation et insertion professionnelle\" \/>\n<meta property=\"article:modified_time\" content=\"2023-09-06T08:20:54+00:00\" \/>\n<meta name=\"twitter:card\" content=\"summary_large_image\" \/>\n<meta name=\"twitter:label1\" content=\"Dur\u00e9e de lecture estim\u00e9e\" \/>\n\t<meta name=\"twitter:data1\" content=\"2 minutes\" \/>\n<script type=\"application\/ld+json\" class=\"yoast-schema-graph\">{\"@context\":\"https:\\\/\\\/schema.org\",\"@graph\":[{\"@type\":\"WebPage\",\"@id\":\"https:\\\/\\\/www.univ-lorraine.fr\\\/orientation-insertion-professionnelle\\\/ressources\\\/stage-emploi-et-alternance\\\/lettre-de-motivation\\\/exemples-de-phrases-dargumentaire\\\/\",\"url\":\"https:\\\/\\\/www.univ-lorraine.fr\\\/orientation-insertion-professionnelle\\\/ressources\\\/stage-emploi-et-alternance\\\/lettre-de-motivation\\\/exemples-de-phrases-dargumentaire\\\/\",\"name\":\"EXEMPLES DE PHRASES D'ARGUMENTAIRE - Orientation et insertion professionnelle\",\"isPartOf\":{\"@id\":\"https:\\\/\\\/www.univ-lorraine.fr\\\/orientation-insertion-professionnelle\\\/#website\"},\"datePublished\":\"2021-10-28T09:08:19+00:00\",\"dateModified\":\"2023-09-06T08:20:54+00:00\",\"breadcrumb\":{\"@id\":\"https:\\\/\\\/www.univ-lorraine.fr\\\/orientation-insertion-professionnelle\\\/ressources\\\/stage-emploi-et-alternance\\\/lettre-de-motivation\\\/exemples-de-phrases-dargumentaire\\\/#breadcrumb\"},\"inLanguage\":\"fr-FR\",\"potentialAction\":[{\"@type\":\"ReadAction\",\"target\":[\"https:\\\/\\\/www.univ-lorraine.fr\\\/orientation-insertion-professionnelle\\\/ressources\\\/stage-emploi-et-alternance\\\/lettre-de-motivation\\\/exemples-de-phrases-dargumentaire\\\/\"]}]},{\"@type\":\"BreadcrumbList\",\"@id\":\"https:\\\/\\\/www.univ-lorraine.fr\\\/orientation-insertion-professionnelle\\\/ressources\\\/stage-emploi-et-alternance\\\/lettre-de-motivation\\\/exemples-de-phrases-dargumentaire\\\/#breadcrumb\",\"itemListElement\":[{\"@type\":\"ListItem\",\"position\":1,\"name\":\"Accueil\",\"item\":\"https:\\\/\\\/www.univ-lorraine.fr\\\/orientation-insertion-professionnelle\\\/\"},{\"@type\":\"ListItem\",\"position\":2,\"name\":\"Ressources\",\"item\":\"https:\\\/\\\/www.univ-lorraine.fr\\\/orientation-insertion-professionnelle\\\/ressources\\\/\"},{\"@type\":\"ListItem\",\"position\":3,\"name\":\"Stage, emploi et alternance\",\"item\":\"https:\\\/\\\/www.univ-lorraine.fr\\\/orientation-insertion-professionnelle\\\/ressources\\\/stage-emploi-et-alternance\\\/\"},{\"@type\":\"ListItem\",\"position\":4,\"name\":\"Lettre de motivation\",\"item\":\"https:\\\/\\\/www.univ-lorraine.fr\\\/orientation-insertion-professionnelle\\\/ressources\\\/stage-emploi-et-alternance\\\/lettre-de-motivation\\\/\"},{\"@type\":\"ListItem\",\"position\":5,\"name\":\"EXEMPLES DE PHRASES D&rsquo;ARGUMENTAIRE\"}]},{\"@type\":\"WebSite\",\"@id\":\"https:\\\/\\\/www.univ-lorraine.fr\\\/orientation-insertion-professionnelle\\\/#website\",\"url\":\"https:\\\/\\\/www.univ-lorraine.fr\\\/orientation-insertion-professionnelle\\\/\",\"name\":\"Orientation et insertion professionnelle\",\"description\":\"\",\"publisher\":{\"@id\":\"https:\\\/\\\/www.univ-lorraine.fr\\\/orientation-insertion-professionnelle\\\/#organization\"},\"potentialAction\":[{\"@type\":\"SearchAction\",\"target\":{\"@type\":\"EntryPoint\",\"urlTemplate\":\"https:\\\/\\\/www.univ-lorraine.fr\\\/orientation-insertion-professionnelle\\\/?s={search_term_string}\"},\"query-input\":{\"@type\":\"PropertyValueSpecification\",\"valueRequired\":true,\"valueName\":\"search_term_string\"}}],\"inLanguage\":\"fr-FR\"},{\"@type\":\"Organization\",\"@id\":\"https:\\\/\\\/www.univ-lorraine.fr\\\/orientation-insertion-professionnelle\\\/#organization\",\"name\":\"Universit\u00e9 de Lorraine\",\"url\":\"https:\\\/\\\/www.univ-lorraine.fr\\\/orientation-insertion-professionnelle\\\/\",\"logo\":{\"@type\":\"ImageObject\",\"inLanguage\":\"fr-FR\",\"@id\":\"https:\\\/\\\/www.univ-lorraine.fr\\\/orientation-insertion-professionnelle\\\/#\\\/schema\\\/logo\\\/image\\\/\",\"url\":\"https:\\\/\\\/www.univ-lorraine.fr\\\/orientation-insertion-professionnelle\\\/wp-content\\\/uploads\\\/sites\\\/7\\\/2023\\\/04\\\/logo_siteweb2_Plan-de-travail-1.png\",\"contentUrl\":\"https:\\\/\\\/www.univ-lorraine.fr\\\/orientation-insertion-professionnelle\\\/wp-content\\\/uploads\\\/sites\\\/7\\\/2023\\\/04\\\/logo_siteweb2_Plan-de-travail-1.png\",\"width\":852,\"height\":492,\"caption\":\"Universit\u00e9 de Lorraine\"},\"image\":{\"@id\":\"https:\\\/\\\/www.univ-lorraine.fr\\\/orientation-insertion-professionnelle\\\/#\\\/schema\\\/logo\\\/image\\\/\"}}]}<\/script>\n<!-- \/ Yoast SEO plugin. -->","yoast_head_json":{"title":"EXEMPLES DE PHRASES D'ARGUMENTAIRE - Orientation et insertion professionnelle","robots":{"index":"index","follow":"follow","max-snippet":"max-snippet:-1","max-image-preview":"max-image-preview:large","max-video-preview":"max-video-preview:-1"},"canonical":"https:\/\/www.univ-lorraine.fr\/orientation-insertion-professionnelle\/ressources\/stage-emploi-et-alternance\/lettre-de-motivation\/exemples-de-phrases-dargumentaire\/","og_locale":"fr_FR","og_type":"article","og_title":"EXEMPLES DE PHRASES D'ARGUMENTAIRE - Orientation et insertion professionnelle","og_description":"Au cours d\u2019un job d\u2019\u00e9t\u00e9 en vente, j\u2019ai pu d\u00e9montrer ma polyvalence et mon adaptabilit\u00e9 en rempla\u00e7ant une h\u00f4tesse de caisse Charg\u00e9 d\u2019accueil \u00e0 l&rsquo;Office de Tourisme de XX pendant les vacances d&rsquo;\u00e9t\u00e9, j&rsquo;ai orient\u00e9 quotidiennement une cinquantaine de personnes de diff\u00e9rentes nationalit\u00e9s (allemands, anglais, n\u00e9erlandais\u2026), pendant deux mois. Je participe depuis trois ans \u00e0 ... Lire plus","og_url":"https:\/\/www.univ-lorraine.fr\/orientation-insertion-professionnelle\/ressources\/stage-emploi-et-alternance\/lettre-de-motivation\/exemples-de-phrases-dargumentaire\/","og_site_name":"Orientation et insertion professionnelle","article_modified_time":"2023-09-06T08:20:54+00:00","twitter_card":"summary_large_image","twitter_misc":{"Dur\u00e9e de lecture estim\u00e9e":"2 minutes"},"schema":{"@context":"https:\/\/schema.org","@graph":[{"@type":"WebPage","@id":"https:\/\/www.univ-lorraine.fr\/orientation-insertion-professionnelle\/ressources\/stage-emploi-et-alternance\/lettre-de-motivation\/exemples-de-phrases-dargumentaire\/","url":"https:\/\/www.univ-lorraine.fr\/orientation-insertion-professionnelle\/ressources\/stage-emploi-et-alternance\/lettre-de-motivation\/exemples-de-phrases-dargumentaire\/","name":"EXEMPLES DE PHRASES D'ARGUMENTAIRE - Orientation et insertion professionnelle","isPartOf":{"@id":"https:\/\/www.univ-lorraine.fr\/orientation-insertion-professionnelle\/#website"},"datePublished":"2021-10-28T09:08:19+00:00","dateModified":"2023-09-06T08:20:54+00:00","breadcrumb":{"@id":"https:\/\/www.univ-lorraine.fr\/orientation-insertion-professionnelle\/ressources\/stage-emploi-et-alternance\/lettre-de-motivation\/exemples-de-phrases-dargumentaire\/#breadcrumb"},"inLanguage":"fr-FR","potentialAction":[{"@type":"ReadAction","target":["https:\/\/www.univ-lorraine.fr\/orientation-insertion-professionnelle\/ressources\/stage-emploi-et-alternance\/lettre-de-motivation\/exemples-de-phrases-dargumentaire\/"]}]},{"@type":"BreadcrumbList","@id":"https:\/\/www.univ-lorraine.fr\/orientation-insertion-professionnelle\/ressources\/stage-emploi-et-alternance\/lettre-de-motivation\/exemples-de-phrases-dargumentaire\/#breadcrumb","itemListElement":[{"@type":"ListItem","position":1,"name":"Accueil","item":"https:\/\/www.univ-lorraine.fr\/orientation-insertion-professionnelle\/"},{"@type":"ListItem","position":2,"name":"Ressources","item":"https:\/\/www.univ-lorraine.fr\/orientation-insertion-professionnelle\/ressources\/"},{"@type":"ListItem","position":3,"name":"Stage, emploi et alternance","item":"https:\/\/www.univ-lorraine.fr\/orientation-insertion-professionnelle\/ressources\/stage-emploi-et-alternance\/"},{"@type":"ListItem","position":4,"name":"Lettre de motivation","item":"https:\/\/www.univ-lorraine.fr\/orientation-insertion-professionnelle\/ressources\/stage-emploi-et-alternance\/lettre-de-motivation\/"},{"@type":"ListItem","position":5,"name":"EXEMPLES DE PHRASES D&rsquo;ARGUMENTAIRE"}]},{"@type":"WebSite","@id":"https:\/\/www.univ-lorraine.fr\/orientation-insertion-professionnelle\/#website","url":"https:\/\/www.univ-lorraine.fr\/orientation-insertion-professionnelle\/","name":"Orientation et insertion professionnelle","description":"","publisher":{"@id":"https:\/\/www.univ-lorraine.fr\/orientation-insertion-professionnelle\/#organization"},"potentialAction":[{"@type":"SearchAction","target":{"@type":"EntryPoint","urlTemplate":"https:\/\/www.univ-lorraine.fr\/orientation-insertion-professionnelle\/?s={search_term_string}"},"query-input":{"@type":"PropertyValueSpecification","valueRequired":true,"valueName":"search_term_string"}}],"inLanguage":"fr-FR"},{"@type":"Organization","@id":"https:\/\/www.univ-lorraine.fr\/orientation-insertion-professionnelle\/#organization","name":"Universit\u00e9 de Lorraine","url":"https:\/\/www.univ-lorraine.fr\/orientation-insertion-professionnelle\/","logo":{"@type":"ImageObject","inLanguage":"fr-FR","@id":"https:\/\/www.univ-lorraine.fr\/orientation-insertion-professionnelle\/#\/schema\/logo\/image\/","url":"https:\/\/www.univ-lorraine.fr\/orientation-insertion-professionnelle\/wp-content\/uploads\/sites\/7\/2023\/04\/logo_siteweb2_Plan-de-travail-1.png","contentUrl":"https:\/\/www.univ-lorraine.fr\/orientation-insertion-professionnelle\/wp-content\/uploads\/sites\/7\/2023\/04\/logo_siteweb2_Plan-de-travail-1.png","width":852,"height":492,"caption":"Universit\u00e9 de Lorraine"},"image":{"@id":"https:\/\/www.univ-lorraine.fr\/orientation-insertion-professionnelle\/#\/schema\/logo\/image\/"}}]}},"_links":{"self":[{"href":"https:\/\/www.univ-lorraine.fr\/orientation-insertion-professionnelle\/wp-json\/wp\/v2\/pages\/2494","targetHints":{"allow":["GET"]}}],"collection":[{"href":"https:\/\/www.univ-lorraine.fr\/orientation-insertion-professionnelle\/wp-json\/wp\/v2\/pages"}],"about":[{"href":"https:\/\/www.univ-lorraine.fr\/orientation-insertion-professionnelle\/wp-json\/wp\/v2\/types\/page"}],"author":[{"embeddable":true,"href":"https:\/\/www.univ-lorraine.fr\/orientation-insertion-professionnelle\/wp-json\/wp\/v2\/users\/72"}],"replies":[{"embeddable":true,"href":"https:\/\/www.univ-lorraine.fr\/orientation-insertion-professionnelle\/wp-json\/wp\/v2\/comments?post=2494"}],"version-history":[{"count":2,"href":"https:\/\/www.univ-lorraine.fr\/orientation-insertion-professionnelle\/wp-json\/wp\/v2\/pages\/2494\/revisions"}],"predecessor-version":[{"id":10413,"href":"https:\/\/www.univ-lorraine.fr\/orientation-insertion-professionnelle\/wp-json\/wp\/v2\/pages\/2494\/revisions\/10413"}],"up":[{"embeddable":true,"href":"https:\/\/www.univ-lorraine.fr\/orientation-insertion-professionnelle\/wp-json\/wp\/v2\/pages\/2182"}],"wp:attachment":[{"href":"https:\/\/www.univ-lorraine.fr\/orientation-insertion-professionnelle\/wp-json\/wp\/v2\/media?parent=2494"}],"wp:term":[{"taxonomy":"category","embeddable":true,"href":"https:\/\/www.univ-lorraine.fr\/orientation-insertion-professionnelle\/wp-json\/wp\/v2\/categories?post=2494"},{"taxonomy":"post_tag","embeddable":true,"href":"https:\/\/www.univ-lorraine.fr\/orientation-insertion-professionnelle\/wp-json\/wp\/v2\/tags?post=2494"}],"curies":[{"name":"wp","href":"https:\/\/api.w.org\/{rel}","templated":true}]}}