{"id":2543,"date":"2021-10-28T11:15:26","date_gmt":"2021-10-28T09:15:26","guid":{"rendered":"https:\/\/www.univ-lorraine.fr\/orientation-insertion-professionnelle\/?page_id=2543"},"modified":"2022-09-20T09:50:14","modified_gmt":"2022-09-20T07:50:14","slug":"bilan-des-experiences-extra-professionnelles-disabelle","status":"publish","type":"page","link":"https:\/\/www.univ-lorraine.fr\/orientation-insertion-professionnelle\/ressources\/stage-emploi-et-alternance\/bilan-projet\/bilan-des-experiences-extra-professionnelles-disabelle\/","title":{"rendered":"Bilan des exp\u00e9riences extra-professionnelles d\u2019Isabelle"},"content":{"rendered":"\n<p>Tableaux-bilan<\/p>\n\n\n\n<div class=\"wp-block-pb-accordion-item c-accordion__item js-accordion-item no-js\" data-initially-open=\"false\" data-click-to-close=\"true\" data-auto-close=\"true\" data-scroll=\"false\" data-scroll-offset=\"0\"><h2 id=\"at-25430\" class=\"c-accordion__title js-accordion-controller\" role=\"button\"><a href=\"http:\/\/platine.univ-lorraine.fr\/#panel-968-0\">TABLEAU-BILAN DE LA PRATIQUE DU DELTAPLANE<\/a><\/h2><div id=\"ac-25430\" class=\"c-accordion__content\"><div class=\"gb-container gb-container-3e87e371\"><div class=\"gb-inside-container\">\n\n<figure class=\"wp-block-table\"><table><tbody><tr><td><strong>Activit\u00e9*<\/strong><\/td><td><strong>Degr\u00e9 de responsabilit\u00e9<\/strong><\/td><td><strong>Dur\u00e9e de pratique<\/strong><\/td><\/tr><tr><td>Sportive<\/td><td>Autonome<\/td><td>3 ans<br>(50h de vol)<\/td><\/tr><\/tbody><\/table><\/figure>\n\n\n\n<p><strong>*<\/strong>&nbsp;<em>Associative &#8211; Sportive &#8211; Artistique &#8211; Culturelle &#8211; Voyages &#8211; Autres<\/em><\/p>\n\n\n\n<p><br><strong>Mes motivations pour cette activit\u00e9<br><br><\/strong>Pratique r\u00e9guli\u00e8re pour le plaisir du vol en solitaire et la convivialit\u00e9 avec les amis au sol.<br><br><strong>Bilan &#8211; Mes acquisitions<\/strong><\/p>\n\n\n\n<figure class=\"wp-block-table\"><table><tbody><tr><td><strong>Ma pratique<\/strong><\/td><td><strong>Ce que j&rsquo;ai appris : Connaissances, comp\u00e9tences<\/strong><\/td><\/tr><tr><td>&#8211; 3 semaines de stage \u00e0 temps plein pour arriver au \u00ab\u00a0L\u00e2cher grand vol\u00a0\u00bb<br>&#8211; Acquisition du&nbsp;<em>Brevet de Pilote Delta<\/em>&nbsp;pour voler seul (th\u00e9orie et pratique)<br>&#8211; 50 h de vol s r\u00e9guliers en ind\u00e9pendant<\/td><td><strong>Connaissances<\/strong><strong><br><\/strong>&#8211; r\u00e9glementation a\u00e9ronautique<br>&#8211; techniques de vol<br>&#8211; m\u00e9t\u00e9orologie<\/td><\/tr><tr><td><strong>Comp\u00e9tences<\/strong><strong><br><\/strong>&#8211; Respecter les consignes (check-list avant le vol)<br>&#8211; Organiser les vols (logistique, m\u00e9t\u00e9o\u2026)<br>&#8211; Assumer la responsabilit\u00e9 du vol<br>&#8211; Anticiper<br>&#8211; Se contr\u00f4ler, r\u00e9agir avec calme<\/td><\/tr><\/tbody><\/table><\/figure>\n\n\n\n<p><strong>Mes satisfactions<br><br><\/strong>L&rsquo;activit\u00e9 en elle-m\u00eame, la vie en collectivit\u00e9.<br><br><strong>Mes insatisfactions<br><br><\/strong>Manque de temps pour la pratiquer; le co\u00fbt.<\/p>\n\n<\/div><\/div><\/div><\/div>\n\n\n\n<p><\/p>\n\n\n\n<div class=\"wp-block-pb-accordion-item c-accordion__item js-accordion-item no-js\" data-initially-open=\"false\" data-click-to-close=\"true\" data-auto-close=\"true\" data-scroll=\"false\" data-scroll-offset=\"0\"><h2 id=\"at-25431\" class=\"c-accordion__title js-accordion-controller\" role=\"button\"><a href=\"http:\/\/platine.univ-lorraine.fr\/#panel-968-1\">TABLEAU-BILAN DE DEUX POSTES DE GUIDES BENEVOLES<\/a><\/h2><div id=\"ac-25431\" class=\"c-accordion__content\"><div class=\"gb-container gb-container-8c36e8ae\"><div class=\"gb-inside-container\">\n\n<p><strong>Visites touristiques du vieux Toulouse et de Albi<\/strong><\/p>\n\n\n\n<figure class=\"wp-block-table\"><table><tbody><tr><td><strong>Activit\u00e9*<\/strong><\/td><td><strong>Degr\u00e9 de responsabilit\u00e9<\/strong><\/td><td><strong>Dur\u00e9e de pratique<\/strong><\/td><\/tr><tr><td>Culturelle<\/td><td>Autonome<\/td><td>Les week-ends pendant 3 ans<\/td><\/tr><\/tbody><\/table><\/figure>\n\n\n\n<p><strong>*<\/strong>&nbsp;<em>Associative &#8211; Sportive &#8211; Artistique &#8211; Culturelle &#8211; Voyages &#8211; Autres<\/em><\/p>\n\n\n\n<p><br><strong>Mes motivations pour cette activit\u00e9<br><br><\/strong>Mon int\u00e9r\u00eat pour Toulouse-Lautrec et pour l&rsquo;architecture des villes occitanes.<br><br><strong>Bilan &#8211; Mes acquisitions<\/strong><\/p>\n\n\n\n<figure class=\"wp-block-table\"><table><tbody><tr><td><strong>Ma pratique<\/strong><\/td><td><strong>Ce que j&rsquo;ai appris : Connaissances, comp\u00e9tences<\/strong><\/td><\/tr><tr><td>Pour le syndicat d&rsquo;initiative d&rsquo;Albi :<br><br>&#8211; visite du Mus\u00e9e Toulouse-Lautrec (Palais de la Berbie), de la maison natale de Toulouse-Lautrec, de l&rsquo;H\u00f4tel du Bosc, des tours et maisons en briques de la vieille ville, de la coll\u00e9giale Saint-Salvi, de la Maison La P\u00e9rouse\u2026<br>&#8211; visites hors-saison, groupes restreints.<\/td><td><strong>Connaissances<\/strong><strong><br><\/strong>&#8211; Historique de Toulouse et d&rsquo;Albi (ma ville natale)<br>&#8211; Architecture des villes occitanes<br>&#8211; Patrimoine artistique des deux villes<br>&#8211; Gastronomie occitane<br>&#8211; Endroits in\u00e9dits des deux villes : parcours jacquaire dans Toulouse, rives albigeoises et promenades en gabarre, par exemple<br>&#8211; Normes d&rsquo;accessibilit\u00e9 aux personnes handicap\u00e9es.<\/td><\/tr><tr><td>Pour le syndicat d&rsquo;initiative de Toulouse :<br><br>&#8211; visite vieille ville et maisons m\u00e9di\u00e9vales, couvent des Jacobins, Basilique Saint-Sernin, \u00e9glise Notre-Dame du Taur, Pont-Neuf, Mus\u00e9e des Augustins, H\u00f4tel d&rsquo;Ass\u00e9zat\u2026<br>&#8211; visites pour des groupes d&rsquo;enfants.<\/td><td><strong>Comp\u00e9tences<\/strong><strong><br><\/strong>&#8211; Mobiliser mes connaissances pour r\u00e9pondre aux questions tr\u00e8s diverses<br>&#8211; Rechercher de l&rsquo;information et la classer<br>&#8211; Exploiter des documents photographiques<br>&#8211; Interviews d&rsquo;historiens<br>&#8211; M&rsquo;exprimer oralement<br>&#8211; Anticiper les questions<br>&#8211; Actualiser mes connaissances<br>&#8211; Capter l&rsquo;attention (anecdotes\u2026)<br>&#8211; G\u00e9rer le temps de la visite<br>&#8211; Pratiquer l&rsquo;anglais.<\/td><\/tr><\/tbody><\/table><\/figure>\n\n\n\n<p><br><strong>Mes satisfactions<br><br><\/strong>Accroissement de mon assurance au fur et \u00e0 mesure des visites<br>R\u00e9ussir \u00e0 int\u00e9resser des groupes d&rsquo;enfants.<br><br><strong>Mes insatisfactions<br><br><\/strong>Difficult\u00e9s de gestion du temps pendant les visites<br>Manque de rigueur pour l&rsquo;organisation des visites.<\/p>\n\n<\/div><\/div><\/div><\/div>\n\n\n\n<p><\/p>\n\n\n\n<div class=\"wp-block-pb-accordion-item c-accordion__item js-accordion-item no-js\" data-initially-open=\"false\" data-click-to-close=\"true\" data-auto-close=\"true\" data-scroll=\"false\" data-scroll-offset=\"0\"><h2 id=\"at-25432\" class=\"c-accordion__title js-accordion-controller\" role=\"button\"><a href=\"http:\/\/platine.univ-lorraine.fr\/#panel-968-2\">TABLEAU-BILAN DE VOYAGES DANS DES PAYS ANGLOPHONES<\/a><\/h2><div id=\"ac-25432\" class=\"c-accordion__content\"><div class=\"gb-container gb-container-212a49a6\"><div class=\"gb-inside-container\">\n\n<figure class=\"wp-block-table\"><table><tbody><tr><td><strong>Activit\u00e9*<\/strong><\/td><td><strong>Degr\u00e9 de responsabilit\u00e9<\/strong><\/td><td><strong>Dur\u00e9e de pratique<\/strong><\/td><\/tr><tr><td>Voyages :<br>Etats-Unis, Irlande, Finlande, Norv\u00e8ge, Afrique du Sud<\/td><td>La \u00ab\u00a0d\u00e9brouille\u00a0\u00bb<\/td><td>1 semaine \u00e0 1 mois par s\u00e9jour<\/td><\/tr><\/tbody><\/table><\/figure>\n\n\n\n<p><strong>*<\/strong>&nbsp;<em>Associative &#8211; Sportive &#8211; Artistique &#8211; Culturelle &#8211; Voyages &#8211; Autres<\/em><\/p>\n\n\n\n<p><br><strong>Mes motivations pour cette activit\u00e9<br><br><\/strong>Mon int\u00e9r\u00eat pour les pays et les cultures \u00e9trangers<br>Ma volont\u00e9 de maintenir mon niveau en anglais.<br><br><strong>Bilan &#8211; Mes acquisitions<\/strong><\/p>\n\n\n\n<figure class=\"wp-block-table\"><table><tbody><tr><td><strong>Ma pratique<\/strong><\/td><td><strong>Ce que j&rsquo;ai appris : Connaissances, comp\u00e9tences<\/strong><\/td><\/tr><tr><td>&#8211; Voyages sur vols d\u00e9griff\u00e9s et syst\u00e8me D sur place (logement, circuits\u2026)<br>&#8211; La plupart du temps avec deux amis<br>&#8211; Un voyage par an depuis l&rsquo;obtention de mon bac<\/td><td><strong>Connaissances<\/strong><strong><br><\/strong>&#8211; Anglais courant<br>&#8211; Meilleure connaissances d la g\u00e9ographie et de l&rsquo;histoire des pays visit\u00e9s<\/td><\/tr><tr><td>&#8211; S\u00e9jour d&rsquo;\u00e9tudes d&rsquo;un an aux USA dans un \u00e9tablissement fran\u00e7ais en 2003 (rapprochement familial)<\/td><td><strong>Comp\u00e9tences<br><\/strong>&#8211; S&rsquo;adapter \u00e0 des cultures et des populations diff\u00e9rentes<br>&#8211; Echanger des infos<br>&#8211; Cohabiter pendant un mois avec d&rsquo;autres personnes<br>&#8211; Saisir les opportunit\u00e9s, r\u00e9agir vite<br>&#8211; Etablir des priorit\u00e9s<br>&#8211; Pratiquer l&rsquo;anglais<br>&#8211; S&rsquo;organiser<\/td><\/tr><tr><td>Dernier voyage<br>&#8211; 1 mois en Afrique du Sud<br>&#8211; Circuit Johannesbourg, Le Cap, Pretoria, Durban, Maseru\u2026<br>&#8211; Diversit\u00e9 des paysages et des climats<br>&#8211; Int\u00e9r\u00eat pour les minerais<br>&#8211; Etude du climat social du pays<\/td><\/tr><\/tbody><\/table><\/figure>\n\n\n\n<p><br><strong>Mes satisfactions<br><br><\/strong>Accro\u00eetre mon organisation au fur et \u00e0 mesure des voyages (pas gagn\u00e9 au d\u00e9marrage !)<br>Parfaire mes connaissances.<br><br><br><strong>Mes insatisfactions<br><br><\/strong>Pas assez de temps ni de moyens financiers \u00e0 consacrer \u00e0 cette passion.<\/p>\n\n<\/div><\/div><\/div><\/div>\n","protected":false},"excerpt":{"rendered":"<p>Tableaux-bilan<\/p>\n","protected":false},"author":72,"featured_media":0,"parent":2118,"menu_order":0,"comment_status":"closed","ping_status":"closed","template":"","meta":{"inline_featured_image":false,"footnotes":""},"categories":[17,15],"tags":[],"class_list":{"0":"post-2543","1":"page","2":"type-page","3":"status-publish","5":"category-conseils","6":"category-insertion-professionnelle"},"yoast_head":"<!-- This site is optimized with the Yoast SEO plugin v27.4 - https:\/\/yoast.com\/product\/yoast-seo-wordpress\/ -->\n<title>Bilan des exp\u00e9riences extra-professionnelles d\u2019Isabelle - Orientation et insertion professionnelle<\/title>\n<meta name=\"robots\" content=\"index, follow, max-snippet:-1, max-image-preview:large, max-video-preview:-1\" \/>\n<link rel=\"canonical\" href=\"https:\/\/www.univ-lorraine.fr\/orientation-insertion-professionnelle\/ressources\/stage-emploi-et-alternance\/bilan-projet\/bilan-des-experiences-extra-professionnelles-disabelle\/\" \/>\n<meta property=\"og:locale\" content=\"fr_FR\" \/>\n<meta property=\"og:type\" content=\"article\" \/>\n<meta property=\"og:title\" content=\"Bilan des exp\u00e9riences extra-professionnelles d\u2019Isabelle - Orientation et insertion professionnelle\" \/>\n<meta property=\"og:description\" content=\"Tableaux-bilan\" \/>\n<meta property=\"og:url\" content=\"https:\/\/www.univ-lorraine.fr\/orientation-insertion-professionnelle\/ressources\/stage-emploi-et-alternance\/bilan-projet\/bilan-des-experiences-extra-professionnelles-disabelle\/\" \/>\n<meta property=\"og:site_name\" content=\"Orientation et insertion professionnelle\" \/>\n<meta property=\"article:modified_time\" content=\"2022-09-20T07:50:14+00:00\" \/>\n<meta name=\"twitter:card\" content=\"summary_large_image\" \/>\n<script type=\"application\/ld+json\" class=\"yoast-schema-graph\">{\"@context\":\"https:\\\/\\\/schema.org\",\"@graph\":[{\"@type\":\"WebPage\",\"@id\":\"https:\\\/\\\/www.univ-lorraine.fr\\\/orientation-insertion-professionnelle\\\/ressources\\\/stage-emploi-et-alternance\\\/bilan-projet\\\/bilan-des-experiences-extra-professionnelles-disabelle\\\/\",\"url\":\"https:\\\/\\\/www.univ-lorraine.fr\\\/orientation-insertion-professionnelle\\\/ressources\\\/stage-emploi-et-alternance\\\/bilan-projet\\\/bilan-des-experiences-extra-professionnelles-disabelle\\\/\",\"name\":\"Bilan des exp\u00e9riences extra-professionnelles d\u2019Isabelle - Orientation et insertion professionnelle\",\"isPartOf\":{\"@id\":\"https:\\\/\\\/www.univ-lorraine.fr\\\/orientation-insertion-professionnelle\\\/#website\"},\"datePublished\":\"2021-10-28T09:15:26+00:00\",\"dateModified\":\"2022-09-20T07:50:14+00:00\",\"breadcrumb\":{\"@id\":\"https:\\\/\\\/www.univ-lorraine.fr\\\/orientation-insertion-professionnelle\\\/ressources\\\/stage-emploi-et-alternance\\\/bilan-projet\\\/bilan-des-experiences-extra-professionnelles-disabelle\\\/#breadcrumb\"},\"inLanguage\":\"fr-FR\",\"potentialAction\":[{\"@type\":\"ReadAction\",\"target\":[\"https:\\\/\\\/www.univ-lorraine.fr\\\/orientation-insertion-professionnelle\\\/ressources\\\/stage-emploi-et-alternance\\\/bilan-projet\\\/bilan-des-experiences-extra-professionnelles-disabelle\\\/\"]}]},{\"@type\":\"BreadcrumbList\",\"@id\":\"https:\\\/\\\/www.univ-lorraine.fr\\\/orientation-insertion-professionnelle\\\/ressources\\\/stage-emploi-et-alternance\\\/bilan-projet\\\/bilan-des-experiences-extra-professionnelles-disabelle\\\/#breadcrumb\",\"itemListElement\":[{\"@type\":\"ListItem\",\"position\":1,\"name\":\"Accueil\",\"item\":\"https:\\\/\\\/www.univ-lorraine.fr\\\/orientation-insertion-professionnelle\\\/\"},{\"@type\":\"ListItem\",\"position\":2,\"name\":\"Ressources\",\"item\":\"https:\\\/\\\/www.univ-lorraine.fr\\\/orientation-insertion-professionnelle\\\/ressources\\\/\"},{\"@type\":\"ListItem\",\"position\":3,\"name\":\"Stage, emploi et alternance\",\"item\":\"https:\\\/\\\/www.univ-lorraine.fr\\\/orientation-insertion-professionnelle\\\/ressources\\\/stage-emploi-et-alternance\\\/\"},{\"@type\":\"ListItem\",\"position\":4,\"name\":\"Bilan \\\/ projet\",\"item\":\"https:\\\/\\\/www.univ-lorraine.fr\\\/orientation-insertion-professionnelle\\\/ressources\\\/stage-emploi-et-alternance\\\/bilan-projet\\\/\"},{\"@type\":\"ListItem\",\"position\":5,\"name\":\"Bilan des exp\u00e9riences extra-professionnelles d\u2019Isabelle\"}]},{\"@type\":\"WebSite\",\"@id\":\"https:\\\/\\\/www.univ-lorraine.fr\\\/orientation-insertion-professionnelle\\\/#website\",\"url\":\"https:\\\/\\\/www.univ-lorraine.fr\\\/orientation-insertion-professionnelle\\\/\",\"name\":\"Orientation et insertion professionnelle\",\"description\":\"\",\"publisher\":{\"@id\":\"https:\\\/\\\/www.univ-lorraine.fr\\\/orientation-insertion-professionnelle\\\/#organization\"},\"potentialAction\":[{\"@type\":\"SearchAction\",\"target\":{\"@type\":\"EntryPoint\",\"urlTemplate\":\"https:\\\/\\\/www.univ-lorraine.fr\\\/orientation-insertion-professionnelle\\\/?s={search_term_string}\"},\"query-input\":{\"@type\":\"PropertyValueSpecification\",\"valueRequired\":true,\"valueName\":\"search_term_string\"}}],\"inLanguage\":\"fr-FR\"},{\"@type\":\"Organization\",\"@id\":\"https:\\\/\\\/www.univ-lorraine.fr\\\/orientation-insertion-professionnelle\\\/#organization\",\"name\":\"Universit\u00e9 de Lorraine\",\"url\":\"https:\\\/\\\/www.univ-lorraine.fr\\\/orientation-insertion-professionnelle\\\/\",\"logo\":{\"@type\":\"ImageObject\",\"inLanguage\":\"fr-FR\",\"@id\":\"https:\\\/\\\/www.univ-lorraine.fr\\\/orientation-insertion-professionnelle\\\/#\\\/schema\\\/logo\\\/image\\\/\",\"url\":\"https:\\\/\\\/www.univ-lorraine.fr\\\/orientation-insertion-professionnelle\\\/wp-content\\\/uploads\\\/sites\\\/7\\\/2023\\\/04\\\/logo_siteweb2_Plan-de-travail-1.png\",\"contentUrl\":\"https:\\\/\\\/www.univ-lorraine.fr\\\/orientation-insertion-professionnelle\\\/wp-content\\\/uploads\\\/sites\\\/7\\\/2023\\\/04\\\/logo_siteweb2_Plan-de-travail-1.png\",\"width\":852,\"height\":492,\"caption\":\"Universit\u00e9 de Lorraine\"},\"image\":{\"@id\":\"https:\\\/\\\/www.univ-lorraine.fr\\\/orientation-insertion-professionnelle\\\/#\\\/schema\\\/logo\\\/image\\\/\"}}]}<\/script>\n<!-- \/ Yoast SEO plugin. -->","yoast_head_json":{"title":"Bilan des exp\u00e9riences extra-professionnelles d\u2019Isabelle - Orientation et insertion professionnelle","robots":{"index":"index","follow":"follow","max-snippet":"max-snippet:-1","max-image-preview":"max-image-preview:large","max-video-preview":"max-video-preview:-1"},"canonical":"https:\/\/www.univ-lorraine.fr\/orientation-insertion-professionnelle\/ressources\/stage-emploi-et-alternance\/bilan-projet\/bilan-des-experiences-extra-professionnelles-disabelle\/","og_locale":"fr_FR","og_type":"article","og_title":"Bilan des exp\u00e9riences extra-professionnelles d\u2019Isabelle - Orientation et insertion professionnelle","og_description":"Tableaux-bilan","og_url":"https:\/\/www.univ-lorraine.fr\/orientation-insertion-professionnelle\/ressources\/stage-emploi-et-alternance\/bilan-projet\/bilan-des-experiences-extra-professionnelles-disabelle\/","og_site_name":"Orientation et insertion professionnelle","article_modified_time":"2022-09-20T07:50:14+00:00","twitter_card":"summary_large_image","schema":{"@context":"https:\/\/schema.org","@graph":[{"@type":"WebPage","@id":"https:\/\/www.univ-lorraine.fr\/orientation-insertion-professionnelle\/ressources\/stage-emploi-et-alternance\/bilan-projet\/bilan-des-experiences-extra-professionnelles-disabelle\/","url":"https:\/\/www.univ-lorraine.fr\/orientation-insertion-professionnelle\/ressources\/stage-emploi-et-alternance\/bilan-projet\/bilan-des-experiences-extra-professionnelles-disabelle\/","name":"Bilan des exp\u00e9riences extra-professionnelles d\u2019Isabelle - Orientation et insertion professionnelle","isPartOf":{"@id":"https:\/\/www.univ-lorraine.fr\/orientation-insertion-professionnelle\/#website"},"datePublished":"2021-10-28T09:15:26+00:00","dateModified":"2022-09-20T07:50:14+00:00","breadcrumb":{"@id":"https:\/\/www.univ-lorraine.fr\/orientation-insertion-professionnelle\/ressources\/stage-emploi-et-alternance\/bilan-projet\/bilan-des-experiences-extra-professionnelles-disabelle\/#breadcrumb"},"inLanguage":"fr-FR","potentialAction":[{"@type":"ReadAction","target":["https:\/\/www.univ-lorraine.fr\/orientation-insertion-professionnelle\/ressources\/stage-emploi-et-alternance\/bilan-projet\/bilan-des-experiences-extra-professionnelles-disabelle\/"]}]},{"@type":"BreadcrumbList","@id":"https:\/\/www.univ-lorraine.fr\/orientation-insertion-professionnelle\/ressources\/stage-emploi-et-alternance\/bilan-projet\/bilan-des-experiences-extra-professionnelles-disabelle\/#breadcrumb","itemListElement":[{"@type":"ListItem","position":1,"name":"Accueil","item":"https:\/\/www.univ-lorraine.fr\/orientation-insertion-professionnelle\/"},{"@type":"ListItem","position":2,"name":"Ressources","item":"https:\/\/www.univ-lorraine.fr\/orientation-insertion-professionnelle\/ressources\/"},{"@type":"ListItem","position":3,"name":"Stage, emploi et alternance","item":"https:\/\/www.univ-lorraine.fr\/orientation-insertion-professionnelle\/ressources\/stage-emploi-et-alternance\/"},{"@type":"ListItem","position":4,"name":"Bilan \/ projet","item":"https:\/\/www.univ-lorraine.fr\/orientation-insertion-professionnelle\/ressources\/stage-emploi-et-alternance\/bilan-projet\/"},{"@type":"ListItem","position":5,"name":"Bilan des exp\u00e9riences extra-professionnelles d\u2019Isabelle"}]},{"@type":"WebSite","@id":"https:\/\/www.univ-lorraine.fr\/orientation-insertion-professionnelle\/#website","url":"https:\/\/www.univ-lorraine.fr\/orientation-insertion-professionnelle\/","name":"Orientation et insertion professionnelle","description":"","publisher":{"@id":"https:\/\/www.univ-lorraine.fr\/orientation-insertion-professionnelle\/#organization"},"potentialAction":[{"@type":"SearchAction","target":{"@type":"EntryPoint","urlTemplate":"https:\/\/www.univ-lorraine.fr\/orientation-insertion-professionnelle\/?s={search_term_string}"},"query-input":{"@type":"PropertyValueSpecification","valueRequired":true,"valueName":"search_term_string"}}],"inLanguage":"fr-FR"},{"@type":"Organization","@id":"https:\/\/www.univ-lorraine.fr\/orientation-insertion-professionnelle\/#organization","name":"Universit\u00e9 de Lorraine","url":"https:\/\/www.univ-lorraine.fr\/orientation-insertion-professionnelle\/","logo":{"@type":"ImageObject","inLanguage":"fr-FR","@id":"https:\/\/www.univ-lorraine.fr\/orientation-insertion-professionnelle\/#\/schema\/logo\/image\/","url":"https:\/\/www.univ-lorraine.fr\/orientation-insertion-professionnelle\/wp-content\/uploads\/sites\/7\/2023\/04\/logo_siteweb2_Plan-de-travail-1.png","contentUrl":"https:\/\/www.univ-lorraine.fr\/orientation-insertion-professionnelle\/wp-content\/uploads\/sites\/7\/2023\/04\/logo_siteweb2_Plan-de-travail-1.png","width":852,"height":492,"caption":"Universit\u00e9 de Lorraine"},"image":{"@id":"https:\/\/www.univ-lorraine.fr\/orientation-insertion-professionnelle\/#\/schema\/logo\/image\/"}}]}},"_links":{"self":[{"href":"https:\/\/www.univ-lorraine.fr\/orientation-insertion-professionnelle\/wp-json\/wp\/v2\/pages\/2543","targetHints":{"allow":["GET"]}}],"collection":[{"href":"https:\/\/www.univ-lorraine.fr\/orientation-insertion-professionnelle\/wp-json\/wp\/v2\/pages"}],"about":[{"href":"https:\/\/www.univ-lorraine.fr\/orientation-insertion-professionnelle\/wp-json\/wp\/v2\/types\/page"}],"author":[{"embeddable":true,"href":"https:\/\/www.univ-lorraine.fr\/orientation-insertion-professionnelle\/wp-json\/wp\/v2\/users\/72"}],"replies":[{"embeddable":true,"href":"https:\/\/www.univ-lorraine.fr\/orientation-insertion-professionnelle\/wp-json\/wp\/v2\/comments?post=2543"}],"version-history":[{"count":4,"href":"https:\/\/www.univ-lorraine.fr\/orientation-insertion-professionnelle\/wp-json\/wp\/v2\/pages\/2543\/revisions"}],"predecessor-version":[{"id":5024,"href":"https:\/\/www.univ-lorraine.fr\/orientation-insertion-professionnelle\/wp-json\/wp\/v2\/pages\/2543\/revisions\/5024"}],"up":[{"embeddable":true,"href":"https:\/\/www.univ-lorraine.fr\/orientation-insertion-professionnelle\/wp-json\/wp\/v2\/pages\/2118"}],"wp:attachment":[{"href":"https:\/\/www.univ-lorraine.fr\/orientation-insertion-professionnelle\/wp-json\/wp\/v2\/media?parent=2543"}],"wp:term":[{"taxonomy":"category","embeddable":true,"href":"https:\/\/www.univ-lorraine.fr\/orientation-insertion-professionnelle\/wp-json\/wp\/v2\/categories?post=2543"},{"taxonomy":"post_tag","embeddable":true,"href":"https:\/\/www.univ-lorraine.fr\/orientation-insertion-professionnelle\/wp-json\/wp\/v2\/tags?post=2543"}],"curies":[{"name":"wp","href":"https:\/\/api.w.org\/{rel}","templated":true}]}}