{"id":2549,"date":"2021-10-28T11:11:48","date_gmt":"2021-10-28T09:11:48","guid":{"rendered":"https:\/\/www.univ-lorraine.fr\/orientation-insertion-professionnelle\/?page_id=2549"},"modified":"2022-09-20T09:51:00","modified_gmt":"2022-09-20T07:51:00","slug":"bilan-des-experiences-extra-professionnelles-de-xavier","status":"publish","type":"page","link":"https:\/\/www.univ-lorraine.fr\/orientation-insertion-professionnelle\/ressources\/stage-emploi-et-alternance\/bilan-projet\/bilan-des-experiences-extra-professionnelles-de-xavier\/","title":{"rendered":"Bilan des exp\u00e9riences extra-professionnelles de Xavier"},"content":{"rendered":"\n<p>Tableaux-bilan<\/p>\n\n\n\n<div class=\"wp-block-pb-accordion-item c-accordion__item js-accordion-item no-js\" data-initially-open=\"false\" data-click-to-close=\"true\" data-auto-close=\"true\" data-scroll=\"false\" data-scroll-offset=\"0\"><h2 id=\"at-25490\" class=\"c-accordion__title js-accordion-controller\" role=\"button\"><a href=\"http:\/\/platine.univ-lorraine.fr\/#panel-982-0\">Activit\u00e9 sportive : judo<\/a><\/h2><div id=\"ac-25490\" class=\"c-accordion__content\"><div class=\"gb-container gb-container-38694f82\"><div class=\"gb-inside-container\">\n\n<figure class=\"wp-block-table\"><table><tbody><tr><td><strong>Activit\u00e9*<\/strong><\/td><td><strong>Degr\u00e9 de responsabilit\u00e9<\/strong><\/td><td><strong>Dur\u00e9e de pratique<\/strong><\/td><\/tr><tr><td>Pratique du judo<\/td><td>&nbsp;Membre d\u2019un club&nbsp;<\/td><td>10 ans, dont 6 ans de comp\u00e9tition r\u00e9gionale<\/td><\/tr><\/tbody><\/table><\/figure>\n\n\n\n<p><strong>*<\/strong>&nbsp;<em>Associative &#8211; Sportive &#8211; Artistique &#8211; Culturelle &#8211; Voyages &#8211; Autres<\/em><br><strong><br>Mes motivations pour cette activit\u00e9<br><br><\/strong><em>Enfant tr\u00e8s timide et pas tr\u00e8s \u00e0 l\u2019aise, j\u2019ai choisi ce sport qui aide \u00e0 d\u00e9velopper la confiance en soi, et tr\u00e8s rapidement, j\u2019ai pris go\u00fbt aux comp\u00e9titions.<\/em><\/p>\n\n\n\n<p><br><strong>Bilan \u2013 Mes acquisitions<\/strong><\/p>\n\n\n\n<figure class=\"wp-block-table\"><table><tbody><tr><td><strong>Ma pratique<\/strong><\/td><td><strong>Ce que j&rsquo;ai appris : Connaissances, comp\u00e9tences, traits de caract\u00e8re<\/strong><\/td><\/tr><tr><td>&#8211; 4 ans d\u2019initiation en club de 10 \u00e0 14 ans(2 h par semaine)&nbsp;&#8211; 6 ans de comp\u00e9tition de 15 \u00e0 20 ans(4 heures par semaine + comp\u00e9titions)<br><\/td><td><strong>Connaissances<\/strong><strong><br><\/strong><strong><br><\/strong>&#8211; R\u00e9glementation et \u00e9thique du sport- R\u00e9glementation des combats<br>&#8211; Echauffement, musculation, gestes techniques<br>&#8211; Niveau&nbsp;obtenu&nbsp;: ceinture noire&nbsp;<br><\/td><\/tr><tr><td><strong>Comp\u00e9tences<\/strong>&#8211; Se d\u00e9passer- Elaborer une strat\u00e9gie et l\u2019adapter- D\u00e9tecter et se servir des points faibles de l\u2019adversaire<strong><br><\/strong><strong>Traits de caract\u00e8re<\/strong>&nbsp;&#8211; Esprit de comp\u00e9tition- Confiance en soi- Ma\u00eetrise de soi<br>&#8211; Esprit d\u2019\u00e9quipe<br><\/td><\/tr><\/tbody><\/table><\/figure>\n\n\n\n<p><br><strong>Mes satisfactions<\/strong><strong><br><br><\/strong>&#8211; avoir touch\u00e9 du doigt que rien n\u2019est jou\u00e9 d\u2019avance, jusqu\u2019au coup de sifflet final de l\u2019arbitre<br>&#8211; participer \u00e0 une activit\u00e9 ludique et conviviale<br>&#8211; avoir vaincu ma timidit\u00e9<br>&#8211; ce sport m\u2019a permis d\u2019acqu\u00e9rir une bonne condition physique et de d\u00e9velopper mon \u00e9quilibre<br><\/p>\n\n\n\n<p><br><strong>Mes insatisfactions<\/strong><strong><br><br><\/strong>&#8211; certains gestes, pas tr\u00e8s nobles, lors de combats<br>&#8211; ne pas avoir le niveau suffisant pour acc\u00e9der au niveau national<\/p>\n\n<\/div><\/div><\/div><\/div>\n\n\n\n<p><\/p>\n\n\n\n<div class=\"wp-block-pb-accordion-item c-accordion__item js-accordion-item no-js\" data-initially-open=\"false\" data-click-to-close=\"true\" data-auto-close=\"true\" data-scroll=\"false\" data-scroll-offset=\"0\"><h2 id=\"at-25491\" class=\"c-accordion__title js-accordion-controller\" role=\"button\"><a href=\"http:\/\/platine.univ-lorraine.fr\/#panel-982-1\">Activit\u00e9 Jeu d\u2019Echecs<\/a><\/h2><div id=\"ac-25491\" class=\"c-accordion__content\"><div class=\"gb-container gb-container-652f88dc\"><div class=\"gb-inside-container\">\n\n<figure class=\"wp-block-table\"><table><tbody><tr><td><strong>Activit\u00e9*<\/strong><\/td><td><strong>Degr\u00e9 de responsabilit\u00e9<\/strong><\/td><td><strong>Dur\u00e9e de pratique<\/strong><\/td><\/tr><tr><td>Sport c\u00e9r\u00e9bral<\/td><td>&nbsp;Rencontres amicaleset en ligne&nbsp;<\/td><td>10 ans par intermittence<\/td><\/tr><\/tbody><\/table><\/figure>\n\n\n\n<p><strong>*<\/strong>&nbsp;<em>Associative &#8211; Sportive &#8211; Artistique &#8211; Culturelle &#8211; Voyages &#8211; Autres<\/em><br><br><strong><br>Mes motivations pour cette activit\u00e9<br><br><\/strong>&#8211; Premi\u00e8re approche ludique au lyc\u00e9e, puis pratique par go\u00fbt des d\u00e9fis<br><br><br><strong>Bilan \u2013 Mes acquisitions<\/strong><\/p>\n\n\n\n<figure class=\"wp-block-table\"><table><tbody><tr><td><strong>Ma pratique<\/strong><\/td><td><strong>Ce que j&rsquo;ai appris : Connaissances, comp\u00e9tences, traits de caract\u00e8re<\/strong><\/td><\/tr><tr><td>&nbsp;&#8211; Hobby depuis l\u2019\u00e2ge de 15 ans<br>&#8211; puis pratique du Blitz, par go\u00fbt du d\u00e9fi et de la rapidit\u00e9<br><\/td><td><strong>Connaissances<\/strong><strong><br><br><\/strong>&#8211; connaissances des r\u00e8gles<br><\/td><\/tr><tr><td><strong>Comp\u00e9tences<\/strong>&nbsp;&#8211; respect des r\u00e8gles- avoir de la m\u00e9thode- bonnes capacit\u00e9 de concentration, d\u2019attention et de m\u00e9moire- d\u00e9velopper une pens\u00e9e strat\u00e9gique&nbsp;<br>&#8211; esprit d\u2019analyse et de synth\u00e8se<br>&#8211; esprit de comp\u00e9tition- savoir accepter la d\u00e9faite- r\u00e9sister en stress- reconna\u00eetre et analyser ses erreurs- esprit de d\u00e9cision<br><strong>Traits de caract\u00e8re<\/strong>&nbsp;:&nbsp;&#8211; ma\u00eetrise de soi- vivacit\u00e9 d\u2019esprit-esprit logique- r\u00e9activit\u00e9&nbsp;<\/td><\/tr><\/tbody><\/table><\/figure>\n\n\n\n<p><br><strong>Mes satisfactions<\/strong><strong><br><\/strong>&#8211; l\u2019intensit\u00e9 des parties et les coups d\u2019adr\u00e9naline&nbsp;<br><br><br><strong>Mes insatisfactions<\/strong><strong><br><\/strong>&#8211; tout me plait dans ce sport&nbsp;!<\/p>\n\n<\/div><\/div><\/div><\/div>\n\n\n\n<p><\/p>\n\n\n\n<div class=\"wp-block-pb-accordion-item c-accordion__item js-accordion-item no-js\" data-initially-open=\"false\" data-click-to-close=\"true\" data-auto-close=\"true\" data-scroll=\"false\" data-scroll-offset=\"0\"><h2 id=\"at-25492\" class=\"c-accordion__title js-accordion-controller\" role=\"button\"><a href=\"http:\/\/platine.univ-lorraine.fr\/#panel-982-2\">Activit\u00e9 Oenologie<\/a><\/h2><div id=\"ac-25492\" class=\"c-accordion__content\"><div class=\"gb-container gb-container-beeb6f7e\"><div class=\"gb-inside-container\">\n\n<figure class=\"wp-block-table\"><table><tbody><tr><td><strong>Activit\u00e9*<\/strong><\/td><td><strong>Degr\u00e9 de responsabilit\u00e9<\/strong><\/td><td><strong>Dur\u00e9e de pratique<\/strong><\/td><\/tr><tr><td>Culturelle<\/td><td>&nbsp;Autonome&nbsp;<\/td><td>3 ans<\/td><\/tr><\/tbody><\/table><\/figure>\n\n\n\n<p><strong>*<\/strong>&nbsp;<em>Associative &#8211; Sportive &#8211; Artistique &#8211; Culturelle &#8211; Voyages &#8211; Autres<\/em><br><br><strong><br>Mes motivations pour cette activit\u00e9<br><br><\/strong>&#8211; j\u2019ai fait une fois les vendanges chez les parents d\u2019un ami, et j\u2019ai commenc\u00e9 \u00e0 m\u2019int\u00e9resser au vin<\/p>\n\n\n\n<p>&#8211; aspect convivial de l\u2019activit\u00e9<br>&#8211; d\u00e9couverte du vin<\/p>\n\n\n\n<p>&#8211; d\u00e9fi repr\u00e9sent\u00e9 par les d\u00e9gustations \u00e0 l\u2019aveugle<\/p>\n\n\n\n<p>&#8211; j\u2019aime manger et associer les mets et les vins&nbsp;<br><br><strong>Bilan \u2013 Mes acquisitions<\/strong><\/p>\n\n\n\n<figure class=\"wp-block-table\"><table><tbody><tr><td><strong>Ma pratique<\/strong><\/td><td><strong>Ce que j&rsquo;ai appris : Connaissances, comp\u00e9tences, traits de caract\u00e8re<\/strong><\/td><\/tr><tr><td>&#8211; pratiques occasionnelles lors de rencontres amicales&nbsp;&#8211; participation \u00e0 des stages et des foires aux vins&nbsp;&#8211; visites de producteurs&nbsp;&nbsp;<\/td><td><strong>Connaissances<\/strong><strong><br><br><\/strong>&#8211; connaissances des terroirs, des c\u00e9pages, des crus, des mill\u00e9simes- connaissances sur la biologie de la vigne, sur les techniques de vinification<br><\/td><\/tr><tr><td><strong>Comp\u00e9tences<\/strong>&nbsp;&#8211; capacit\u00e9 d\u2019analyse sensorielle- capacit\u00e9 de concentration- ma\u00eetrise du vocabulaire du vin- bonne m\u00e9moire- \u00e9ducation des sens<br><strong>Traits de caract\u00e8re<\/strong>&nbsp;:&nbsp;&#8211; curieux- m\u00e9thodique et rigoureux&nbsp;&nbsp;<\/td><\/tr><\/tbody><\/table><\/figure>\n\n\n\n<p><strong>Mes satisfactions<\/strong><strong><br><br><\/strong>&#8211; c\u2019est vraiment une activit\u00e9 plaisir des sens&nbsp;et de l\u2019intellect&nbsp;!<br><br><strong>Mes insatisfactions<\/strong><strong><br><br><\/strong>&#8211; ne pas avoir encore pu constituer ma cave personnelle.<\/p>\n\n\n\n<p>&#8211; certains vins me seront inaccessibles (pas assez de sous&nbsp;!)<\/p>\n\n<\/div><\/div><\/div><\/div>\n","protected":false},"excerpt":{"rendered":"<p>Tableaux-bilan<\/p>\n","protected":false},"author":72,"featured_media":0,"parent":2118,"menu_order":0,"comment_status":"closed","ping_status":"closed","template":"","meta":{"inline_featured_image":false,"footnotes":""},"categories":[17,15],"tags":[],"class_list":{"0":"post-2549","1":"page","2":"type-page","3":"status-publish","5":"category-conseils","6":"category-insertion-professionnelle"},"yoast_head":"<!-- This site is optimized with the Yoast SEO plugin v27.4 - https:\/\/yoast.com\/product\/yoast-seo-wordpress\/ -->\n<title>Bilan des exp\u00e9riences extra-professionnelles de Xavier - Orientation et insertion professionnelle<\/title>\n<meta name=\"robots\" content=\"index, follow, max-snippet:-1, max-image-preview:large, max-video-preview:-1\" \/>\n<link rel=\"canonical\" href=\"https:\/\/www.univ-lorraine.fr\/orientation-insertion-professionnelle\/ressources\/stage-emploi-et-alternance\/bilan-projet\/bilan-des-experiences-extra-professionnelles-de-xavier\/\" \/>\n<meta property=\"og:locale\" content=\"fr_FR\" \/>\n<meta property=\"og:type\" content=\"article\" \/>\n<meta property=\"og:title\" content=\"Bilan des exp\u00e9riences extra-professionnelles de Xavier - Orientation et insertion professionnelle\" \/>\n<meta property=\"og:description\" content=\"Tableaux-bilan\" \/>\n<meta property=\"og:url\" content=\"https:\/\/www.univ-lorraine.fr\/orientation-insertion-professionnelle\/ressources\/stage-emploi-et-alternance\/bilan-projet\/bilan-des-experiences-extra-professionnelles-de-xavier\/\" \/>\n<meta property=\"og:site_name\" content=\"Orientation et insertion professionnelle\" \/>\n<meta property=\"article:modified_time\" content=\"2022-09-20T07:51:00+00:00\" \/>\n<meta name=\"twitter:card\" content=\"summary_large_image\" \/>\n<meta name=\"twitter:label1\" content=\"Dur\u00e9e de lecture estim\u00e9e\" \/>\n\t<meta name=\"twitter:data1\" content=\"3 minutes\" \/>\n<script type=\"application\/ld+json\" class=\"yoast-schema-graph\">{\"@context\":\"https:\\\/\\\/schema.org\",\"@graph\":[{\"@type\":\"WebPage\",\"@id\":\"https:\\\/\\\/www.univ-lorraine.fr\\\/orientation-insertion-professionnelle\\\/ressources\\\/stage-emploi-et-alternance\\\/bilan-projet\\\/bilan-des-experiences-extra-professionnelles-de-xavier\\\/\",\"url\":\"https:\\\/\\\/www.univ-lorraine.fr\\\/orientation-insertion-professionnelle\\\/ressources\\\/stage-emploi-et-alternance\\\/bilan-projet\\\/bilan-des-experiences-extra-professionnelles-de-xavier\\\/\",\"name\":\"Bilan des exp\u00e9riences extra-professionnelles de Xavier - Orientation et insertion professionnelle\",\"isPartOf\":{\"@id\":\"https:\\\/\\\/www.univ-lorraine.fr\\\/orientation-insertion-professionnelle\\\/#website\"},\"datePublished\":\"2021-10-28T09:11:48+00:00\",\"dateModified\":\"2022-09-20T07:51:00+00:00\",\"breadcrumb\":{\"@id\":\"https:\\\/\\\/www.univ-lorraine.fr\\\/orientation-insertion-professionnelle\\\/ressources\\\/stage-emploi-et-alternance\\\/bilan-projet\\\/bilan-des-experiences-extra-professionnelles-de-xavier\\\/#breadcrumb\"},\"inLanguage\":\"fr-FR\",\"potentialAction\":[{\"@type\":\"ReadAction\",\"target\":[\"https:\\\/\\\/www.univ-lorraine.fr\\\/orientation-insertion-professionnelle\\\/ressources\\\/stage-emploi-et-alternance\\\/bilan-projet\\\/bilan-des-experiences-extra-professionnelles-de-xavier\\\/\"]}]},{\"@type\":\"BreadcrumbList\",\"@id\":\"https:\\\/\\\/www.univ-lorraine.fr\\\/orientation-insertion-professionnelle\\\/ressources\\\/stage-emploi-et-alternance\\\/bilan-projet\\\/bilan-des-experiences-extra-professionnelles-de-xavier\\\/#breadcrumb\",\"itemListElement\":[{\"@type\":\"ListItem\",\"position\":1,\"name\":\"Accueil\",\"item\":\"https:\\\/\\\/www.univ-lorraine.fr\\\/orientation-insertion-professionnelle\\\/\"},{\"@type\":\"ListItem\",\"position\":2,\"name\":\"Ressources\",\"item\":\"https:\\\/\\\/www.univ-lorraine.fr\\\/orientation-insertion-professionnelle\\\/ressources\\\/\"},{\"@type\":\"ListItem\",\"position\":3,\"name\":\"Stage, emploi et alternance\",\"item\":\"https:\\\/\\\/www.univ-lorraine.fr\\\/orientation-insertion-professionnelle\\\/ressources\\\/stage-emploi-et-alternance\\\/\"},{\"@type\":\"ListItem\",\"position\":4,\"name\":\"Bilan \\\/ projet\",\"item\":\"https:\\\/\\\/www.univ-lorraine.fr\\\/orientation-insertion-professionnelle\\\/ressources\\\/stage-emploi-et-alternance\\\/bilan-projet\\\/\"},{\"@type\":\"ListItem\",\"position\":5,\"name\":\"Bilan des exp\u00e9riences extra-professionnelles de Xavier\"}]},{\"@type\":\"WebSite\",\"@id\":\"https:\\\/\\\/www.univ-lorraine.fr\\\/orientation-insertion-professionnelle\\\/#website\",\"url\":\"https:\\\/\\\/www.univ-lorraine.fr\\\/orientation-insertion-professionnelle\\\/\",\"name\":\"Orientation et insertion professionnelle\",\"description\":\"\",\"publisher\":{\"@id\":\"https:\\\/\\\/www.univ-lorraine.fr\\\/orientation-insertion-professionnelle\\\/#organization\"},\"potentialAction\":[{\"@type\":\"SearchAction\",\"target\":{\"@type\":\"EntryPoint\",\"urlTemplate\":\"https:\\\/\\\/www.univ-lorraine.fr\\\/orientation-insertion-professionnelle\\\/?s={search_term_string}\"},\"query-input\":{\"@type\":\"PropertyValueSpecification\",\"valueRequired\":true,\"valueName\":\"search_term_string\"}}],\"inLanguage\":\"fr-FR\"},{\"@type\":\"Organization\",\"@id\":\"https:\\\/\\\/www.univ-lorraine.fr\\\/orientation-insertion-professionnelle\\\/#organization\",\"name\":\"Universit\u00e9 de Lorraine\",\"url\":\"https:\\\/\\\/www.univ-lorraine.fr\\\/orientation-insertion-professionnelle\\\/\",\"logo\":{\"@type\":\"ImageObject\",\"inLanguage\":\"fr-FR\",\"@id\":\"https:\\\/\\\/www.univ-lorraine.fr\\\/orientation-insertion-professionnelle\\\/#\\\/schema\\\/logo\\\/image\\\/\",\"url\":\"https:\\\/\\\/www.univ-lorraine.fr\\\/orientation-insertion-professionnelle\\\/wp-content\\\/uploads\\\/sites\\\/7\\\/2023\\\/04\\\/logo_siteweb2_Plan-de-travail-1.png\",\"contentUrl\":\"https:\\\/\\\/www.univ-lorraine.fr\\\/orientation-insertion-professionnelle\\\/wp-content\\\/uploads\\\/sites\\\/7\\\/2023\\\/04\\\/logo_siteweb2_Plan-de-travail-1.png\",\"width\":852,\"height\":492,\"caption\":\"Universit\u00e9 de Lorraine\"},\"image\":{\"@id\":\"https:\\\/\\\/www.univ-lorraine.fr\\\/orientation-insertion-professionnelle\\\/#\\\/schema\\\/logo\\\/image\\\/\"}}]}<\/script>\n<!-- \/ Yoast SEO plugin. -->","yoast_head_json":{"title":"Bilan des exp\u00e9riences extra-professionnelles de Xavier - Orientation et insertion professionnelle","robots":{"index":"index","follow":"follow","max-snippet":"max-snippet:-1","max-image-preview":"max-image-preview:large","max-video-preview":"max-video-preview:-1"},"canonical":"https:\/\/www.univ-lorraine.fr\/orientation-insertion-professionnelle\/ressources\/stage-emploi-et-alternance\/bilan-projet\/bilan-des-experiences-extra-professionnelles-de-xavier\/","og_locale":"fr_FR","og_type":"article","og_title":"Bilan des exp\u00e9riences extra-professionnelles de Xavier - Orientation et insertion professionnelle","og_description":"Tableaux-bilan","og_url":"https:\/\/www.univ-lorraine.fr\/orientation-insertion-professionnelle\/ressources\/stage-emploi-et-alternance\/bilan-projet\/bilan-des-experiences-extra-professionnelles-de-xavier\/","og_site_name":"Orientation et insertion professionnelle","article_modified_time":"2022-09-20T07:51:00+00:00","twitter_card":"summary_large_image","twitter_misc":{"Dur\u00e9e de lecture estim\u00e9e":"3 minutes"},"schema":{"@context":"https:\/\/schema.org","@graph":[{"@type":"WebPage","@id":"https:\/\/www.univ-lorraine.fr\/orientation-insertion-professionnelle\/ressources\/stage-emploi-et-alternance\/bilan-projet\/bilan-des-experiences-extra-professionnelles-de-xavier\/","url":"https:\/\/www.univ-lorraine.fr\/orientation-insertion-professionnelle\/ressources\/stage-emploi-et-alternance\/bilan-projet\/bilan-des-experiences-extra-professionnelles-de-xavier\/","name":"Bilan des exp\u00e9riences extra-professionnelles de Xavier - Orientation et insertion professionnelle","isPartOf":{"@id":"https:\/\/www.univ-lorraine.fr\/orientation-insertion-professionnelle\/#website"},"datePublished":"2021-10-28T09:11:48+00:00","dateModified":"2022-09-20T07:51:00+00:00","breadcrumb":{"@id":"https:\/\/www.univ-lorraine.fr\/orientation-insertion-professionnelle\/ressources\/stage-emploi-et-alternance\/bilan-projet\/bilan-des-experiences-extra-professionnelles-de-xavier\/#breadcrumb"},"inLanguage":"fr-FR","potentialAction":[{"@type":"ReadAction","target":["https:\/\/www.univ-lorraine.fr\/orientation-insertion-professionnelle\/ressources\/stage-emploi-et-alternance\/bilan-projet\/bilan-des-experiences-extra-professionnelles-de-xavier\/"]}]},{"@type":"BreadcrumbList","@id":"https:\/\/www.univ-lorraine.fr\/orientation-insertion-professionnelle\/ressources\/stage-emploi-et-alternance\/bilan-projet\/bilan-des-experiences-extra-professionnelles-de-xavier\/#breadcrumb","itemListElement":[{"@type":"ListItem","position":1,"name":"Accueil","item":"https:\/\/www.univ-lorraine.fr\/orientation-insertion-professionnelle\/"},{"@type":"ListItem","position":2,"name":"Ressources","item":"https:\/\/www.univ-lorraine.fr\/orientation-insertion-professionnelle\/ressources\/"},{"@type":"ListItem","position":3,"name":"Stage, emploi et alternance","item":"https:\/\/www.univ-lorraine.fr\/orientation-insertion-professionnelle\/ressources\/stage-emploi-et-alternance\/"},{"@type":"ListItem","position":4,"name":"Bilan \/ projet","item":"https:\/\/www.univ-lorraine.fr\/orientation-insertion-professionnelle\/ressources\/stage-emploi-et-alternance\/bilan-projet\/"},{"@type":"ListItem","position":5,"name":"Bilan des exp\u00e9riences extra-professionnelles de Xavier"}]},{"@type":"WebSite","@id":"https:\/\/www.univ-lorraine.fr\/orientation-insertion-professionnelle\/#website","url":"https:\/\/www.univ-lorraine.fr\/orientation-insertion-professionnelle\/","name":"Orientation et insertion professionnelle","description":"","publisher":{"@id":"https:\/\/www.univ-lorraine.fr\/orientation-insertion-professionnelle\/#organization"},"potentialAction":[{"@type":"SearchAction","target":{"@type":"EntryPoint","urlTemplate":"https:\/\/www.univ-lorraine.fr\/orientation-insertion-professionnelle\/?s={search_term_string}"},"query-input":{"@type":"PropertyValueSpecification","valueRequired":true,"valueName":"search_term_string"}}],"inLanguage":"fr-FR"},{"@type":"Organization","@id":"https:\/\/www.univ-lorraine.fr\/orientation-insertion-professionnelle\/#organization","name":"Universit\u00e9 de Lorraine","url":"https:\/\/www.univ-lorraine.fr\/orientation-insertion-professionnelle\/","logo":{"@type":"ImageObject","inLanguage":"fr-FR","@id":"https:\/\/www.univ-lorraine.fr\/orientation-insertion-professionnelle\/#\/schema\/logo\/image\/","url":"https:\/\/www.univ-lorraine.fr\/orientation-insertion-professionnelle\/wp-content\/uploads\/sites\/7\/2023\/04\/logo_siteweb2_Plan-de-travail-1.png","contentUrl":"https:\/\/www.univ-lorraine.fr\/orientation-insertion-professionnelle\/wp-content\/uploads\/sites\/7\/2023\/04\/logo_siteweb2_Plan-de-travail-1.png","width":852,"height":492,"caption":"Universit\u00e9 de Lorraine"},"image":{"@id":"https:\/\/www.univ-lorraine.fr\/orientation-insertion-professionnelle\/#\/schema\/logo\/image\/"}}]}},"_links":{"self":[{"href":"https:\/\/www.univ-lorraine.fr\/orientation-insertion-professionnelle\/wp-json\/wp\/v2\/pages\/2549","targetHints":{"allow":["GET"]}}],"collection":[{"href":"https:\/\/www.univ-lorraine.fr\/orientation-insertion-professionnelle\/wp-json\/wp\/v2\/pages"}],"about":[{"href":"https:\/\/www.univ-lorraine.fr\/orientation-insertion-professionnelle\/wp-json\/wp\/v2\/types\/page"}],"author":[{"embeddable":true,"href":"https:\/\/www.univ-lorraine.fr\/orientation-insertion-professionnelle\/wp-json\/wp\/v2\/users\/72"}],"replies":[{"embeddable":true,"href":"https:\/\/www.univ-lorraine.fr\/orientation-insertion-professionnelle\/wp-json\/wp\/v2\/comments?post=2549"}],"version-history":[{"count":3,"href":"https:\/\/www.univ-lorraine.fr\/orientation-insertion-professionnelle\/wp-json\/wp\/v2\/pages\/2549\/revisions"}],"predecessor-version":[{"id":5026,"href":"https:\/\/www.univ-lorraine.fr\/orientation-insertion-professionnelle\/wp-json\/wp\/v2\/pages\/2549\/revisions\/5026"}],"up":[{"embeddable":true,"href":"https:\/\/www.univ-lorraine.fr\/orientation-insertion-professionnelle\/wp-json\/wp\/v2\/pages\/2118"}],"wp:attachment":[{"href":"https:\/\/www.univ-lorraine.fr\/orientation-insertion-professionnelle\/wp-json\/wp\/v2\/media?parent=2549"}],"wp:term":[{"taxonomy":"category","embeddable":true,"href":"https:\/\/www.univ-lorraine.fr\/orientation-insertion-professionnelle\/wp-json\/wp\/v2\/categories?post=2549"},{"taxonomy":"post_tag","embeddable":true,"href":"https:\/\/www.univ-lorraine.fr\/orientation-insertion-professionnelle\/wp-json\/wp\/v2\/tags?post=2549"}],"curies":[{"name":"wp","href":"https:\/\/api.w.org\/{rel}","templated":true}]}}