{"id":2571,"date":"2021-10-28T11:14:10","date_gmt":"2021-10-28T09:14:10","guid":{"rendered":"https:\/\/www.univ-lorraine.fr\/orientation-insertion-professionnelle\/?page_id=2571"},"modified":"2022-09-19T17:31:18","modified_gmt":"2022-09-19T15:31:18","slug":"les-priorites-de-xavier","status":"publish","type":"page","link":"https:\/\/www.univ-lorraine.fr\/orientation-insertion-professionnelle\/ressources\/stage-emploi-et-alternance\/bilan-projet\/les-priorites-de-xavier\/","title":{"rendered":"Les priorit\u00e9s de Xavier"},"content":{"rendered":"\n<p><strong>Mes priorit\u00e9s dans la vie<\/strong><\/p>\n\n\n\n<figure class=\"wp-block-table\"><table><tbody><tr><td><strong>N\u00b0<\/strong><\/td><td><strong>Motivation<\/strong><\/td><td><strong>Parce que<\/strong><\/td><\/tr><tr><td>1<\/td><td>La r\u00e9alisation de soi<\/td><td>Inclut l\u2019\u00e9panouissement personnel et professionnel<\/td><\/tr><tr><td>2<\/td><td>L&rsquo;ind\u00e9pendance<\/td><td>J\u2019aime bien l\u2019id\u00e9e d\u2019\u00eatre libre de mes choix<\/td><\/tr><tr><td>3<\/td><td>L&rsquo;h\u00e9donisme<\/td><td>Se faire plaisir permet de gagner en efficience<\/td><\/tr><tr><td>4<\/td><td>La vie sociale<\/td><td>&nbsp;Parce que j\u2019aime les contacts humains&nbsp;<\/td><\/tr><tr><td>4 bis<\/td><td>La vie professionnelle<\/td><\/tr><tr><td>6<\/td><td>L&rsquo;argent<\/td><td>Pour ce que cela procure<\/td><\/tr><tr><td>7<\/td><td>L&rsquo;ambition<\/td><td>Pour la \u00ab&nbsp;gagne&nbsp;\u00bb&nbsp;!<\/td><\/tr><\/tbody><\/table><\/figure>\n\n\n\n<p><strong>Mes priorit\u00e9s dans le travail<\/strong><\/p>\n\n\n\n<figure class=\"wp-block-table\"><table><tbody><tr><td><strong>N\u00b0<\/strong><\/td><td><strong>Motivation<\/strong><\/td><td><strong>Parce que<\/strong><\/td><\/tr><tr><td>1<\/td><td>Le travail en solo<br>L\u2019autonomie<br>L\u2019initiative personnelle<\/td><td>Je suis ind\u00e9pendant et j\u2019aime \u00eatre responsable dans mes r\u00e9ussites comme dans mes \u00e9checs<\/td><\/tr><tr><td>2<\/td><td>Les d\u00e9placements<br>Les contacts<\/td><td>J\u2019aime quand \u00e7a bouge&nbsp;!<\/td><\/tr><tr><td>3<\/td><td>Les responsabilit\u00e9s<\/td><td>Il faut qu\u2019il y ait des enjeux, c\u2019est moteur\u2026<\/td><\/tr><tr><td>4<\/td><td>La mission<\/td><td>Conqu\u00e9rir, convaincre, n\u00e9gocier&nbsp;!<\/td><\/tr><tr><td>5<\/td><td>Le salaire<\/td><td>Pour l\u2019instant<\/td><\/tr><tr><td>6<\/td><td>L\u2019\u00e9volution de carri\u00e8re<\/td><td>On verra apr\u00e8s<\/td><\/tr><\/tbody><\/table><\/figure>\n","protected":false},"excerpt":{"rendered":"<p>Mes priorit\u00e9s dans la vie N\u00b0 Motivation Parce que 1 La r\u00e9alisation de soi Inclut l\u2019\u00e9panouissement personnel et professionnel 2 L&rsquo;ind\u00e9pendance J\u2019aime bien l\u2019id\u00e9e d\u2019\u00eatre libre de mes choix 3 L&rsquo;h\u00e9donisme Se faire plaisir permet de gagner en efficience 4 La vie sociale &nbsp;Parce que j\u2019aime les contacts humains&nbsp; 4 bis La vie professionnelle 6 &#8230; <a title=\"Les priorit\u00e9s de Xavier\" class=\"read-more\" href=\"https:\/\/www.univ-lorraine.fr\/orientation-insertion-professionnelle\/ressources\/stage-emploi-et-alternance\/bilan-projet\/les-priorites-de-xavier\/\" aria-label=\"En savoir plus sur Les priorit\u00e9s de Xavier\">Lire plus<\/a><\/p>\n","protected":false},"author":72,"featured_media":0,"parent":2118,"menu_order":0,"comment_status":"closed","ping_status":"closed","template":"","meta":{"inline_featured_image":false,"footnotes":""},"categories":[17,15],"tags":[],"class_list":{"0":"post-2571","1":"page","2":"type-page","3":"status-publish","5":"category-conseils","6":"category-insertion-professionnelle"},"yoast_head":"<!-- This site is optimized with the Yoast SEO plugin v27.4 - https:\/\/yoast.com\/product\/yoast-seo-wordpress\/ -->\n<title>Les priorit\u00e9s de Xavier - Orientation et insertion professionnelle<\/title>\n<meta name=\"robots\" content=\"index, follow, max-snippet:-1, max-image-preview:large, max-video-preview:-1\" \/>\n<link rel=\"canonical\" href=\"https:\/\/www.univ-lorraine.fr\/orientation-insertion-professionnelle\/ressources\/stage-emploi-et-alternance\/bilan-projet\/les-priorites-de-xavier\/\" \/>\n<meta property=\"og:locale\" content=\"fr_FR\" \/>\n<meta property=\"og:type\" content=\"article\" \/>\n<meta property=\"og:title\" content=\"Les priorit\u00e9s de Xavier - Orientation et insertion professionnelle\" \/>\n<meta property=\"og:description\" content=\"Mes priorit\u00e9s dans la vie N\u00b0 Motivation Parce que 1 La r\u00e9alisation de soi Inclut l\u2019\u00e9panouissement personnel et professionnel 2 L&rsquo;ind\u00e9pendance J\u2019aime bien l\u2019id\u00e9e d\u2019\u00eatre libre de mes choix 3 L&rsquo;h\u00e9donisme Se faire plaisir permet de gagner en efficience 4 La vie sociale &nbsp;Parce que j\u2019aime les contacts humains&nbsp; 4 bis La vie professionnelle 6 ... Lire plus\" \/>\n<meta property=\"og:url\" content=\"https:\/\/www.univ-lorraine.fr\/orientation-insertion-professionnelle\/ressources\/stage-emploi-et-alternance\/bilan-projet\/les-priorites-de-xavier\/\" \/>\n<meta property=\"og:site_name\" content=\"Orientation et insertion professionnelle\" \/>\n<meta property=\"article:modified_time\" content=\"2022-09-19T15:31:18+00:00\" \/>\n<meta name=\"twitter:card\" content=\"summary_large_image\" \/>\n<meta name=\"twitter:label1\" content=\"Dur\u00e9e de lecture estim\u00e9e\" \/>\n\t<meta name=\"twitter:data1\" content=\"1 minute\" \/>\n<script type=\"application\/ld+json\" class=\"yoast-schema-graph\">{\"@context\":\"https:\\\/\\\/schema.org\",\"@graph\":[{\"@type\":\"WebPage\",\"@id\":\"https:\\\/\\\/www.univ-lorraine.fr\\\/orientation-insertion-professionnelle\\\/ressources\\\/stage-emploi-et-alternance\\\/bilan-projet\\\/les-priorites-de-xavier\\\/\",\"url\":\"https:\\\/\\\/www.univ-lorraine.fr\\\/orientation-insertion-professionnelle\\\/ressources\\\/stage-emploi-et-alternance\\\/bilan-projet\\\/les-priorites-de-xavier\\\/\",\"name\":\"Les priorit\u00e9s de Xavier - Orientation et insertion professionnelle\",\"isPartOf\":{\"@id\":\"https:\\\/\\\/www.univ-lorraine.fr\\\/orientation-insertion-professionnelle\\\/#website\"},\"datePublished\":\"2021-10-28T09:14:10+00:00\",\"dateModified\":\"2022-09-19T15:31:18+00:00\",\"breadcrumb\":{\"@id\":\"https:\\\/\\\/www.univ-lorraine.fr\\\/orientation-insertion-professionnelle\\\/ressources\\\/stage-emploi-et-alternance\\\/bilan-projet\\\/les-priorites-de-xavier\\\/#breadcrumb\"},\"inLanguage\":\"fr-FR\",\"potentialAction\":[{\"@type\":\"ReadAction\",\"target\":[\"https:\\\/\\\/www.univ-lorraine.fr\\\/orientation-insertion-professionnelle\\\/ressources\\\/stage-emploi-et-alternance\\\/bilan-projet\\\/les-priorites-de-xavier\\\/\"]}]},{\"@type\":\"BreadcrumbList\",\"@id\":\"https:\\\/\\\/www.univ-lorraine.fr\\\/orientation-insertion-professionnelle\\\/ressources\\\/stage-emploi-et-alternance\\\/bilan-projet\\\/les-priorites-de-xavier\\\/#breadcrumb\",\"itemListElement\":[{\"@type\":\"ListItem\",\"position\":1,\"name\":\"Accueil\",\"item\":\"https:\\\/\\\/www.univ-lorraine.fr\\\/orientation-insertion-professionnelle\\\/\"},{\"@type\":\"ListItem\",\"position\":2,\"name\":\"Ressources\",\"item\":\"https:\\\/\\\/www.univ-lorraine.fr\\\/orientation-insertion-professionnelle\\\/ressources\\\/\"},{\"@type\":\"ListItem\",\"position\":3,\"name\":\"Stage, emploi et alternance\",\"item\":\"https:\\\/\\\/www.univ-lorraine.fr\\\/orientation-insertion-professionnelle\\\/ressources\\\/stage-emploi-et-alternance\\\/\"},{\"@type\":\"ListItem\",\"position\":4,\"name\":\"Bilan \\\/ projet\",\"item\":\"https:\\\/\\\/www.univ-lorraine.fr\\\/orientation-insertion-professionnelle\\\/ressources\\\/stage-emploi-et-alternance\\\/bilan-projet\\\/\"},{\"@type\":\"ListItem\",\"position\":5,\"name\":\"Les priorit\u00e9s de Xavier\"}]},{\"@type\":\"WebSite\",\"@id\":\"https:\\\/\\\/www.univ-lorraine.fr\\\/orientation-insertion-professionnelle\\\/#website\",\"url\":\"https:\\\/\\\/www.univ-lorraine.fr\\\/orientation-insertion-professionnelle\\\/\",\"name\":\"Orientation et insertion professionnelle\",\"description\":\"\",\"publisher\":{\"@id\":\"https:\\\/\\\/www.univ-lorraine.fr\\\/orientation-insertion-professionnelle\\\/#organization\"},\"potentialAction\":[{\"@type\":\"SearchAction\",\"target\":{\"@type\":\"EntryPoint\",\"urlTemplate\":\"https:\\\/\\\/www.univ-lorraine.fr\\\/orientation-insertion-professionnelle\\\/?s={search_term_string}\"},\"query-input\":{\"@type\":\"PropertyValueSpecification\",\"valueRequired\":true,\"valueName\":\"search_term_string\"}}],\"inLanguage\":\"fr-FR\"},{\"@type\":\"Organization\",\"@id\":\"https:\\\/\\\/www.univ-lorraine.fr\\\/orientation-insertion-professionnelle\\\/#organization\",\"name\":\"Universit\u00e9 de Lorraine\",\"url\":\"https:\\\/\\\/www.univ-lorraine.fr\\\/orientation-insertion-professionnelle\\\/\",\"logo\":{\"@type\":\"ImageObject\",\"inLanguage\":\"fr-FR\",\"@id\":\"https:\\\/\\\/www.univ-lorraine.fr\\\/orientation-insertion-professionnelle\\\/#\\\/schema\\\/logo\\\/image\\\/\",\"url\":\"https:\\\/\\\/www.univ-lorraine.fr\\\/orientation-insertion-professionnelle\\\/wp-content\\\/uploads\\\/sites\\\/7\\\/2023\\\/04\\\/logo_siteweb2_Plan-de-travail-1.png\",\"contentUrl\":\"https:\\\/\\\/www.univ-lorraine.fr\\\/orientation-insertion-professionnelle\\\/wp-content\\\/uploads\\\/sites\\\/7\\\/2023\\\/04\\\/logo_siteweb2_Plan-de-travail-1.png\",\"width\":852,\"height\":492,\"caption\":\"Universit\u00e9 de Lorraine\"},\"image\":{\"@id\":\"https:\\\/\\\/www.univ-lorraine.fr\\\/orientation-insertion-professionnelle\\\/#\\\/schema\\\/logo\\\/image\\\/\"}}]}<\/script>\n<!-- \/ Yoast SEO plugin. -->","yoast_head_json":{"title":"Les priorit\u00e9s de Xavier - Orientation et insertion professionnelle","robots":{"index":"index","follow":"follow","max-snippet":"max-snippet:-1","max-image-preview":"max-image-preview:large","max-video-preview":"max-video-preview:-1"},"canonical":"https:\/\/www.univ-lorraine.fr\/orientation-insertion-professionnelle\/ressources\/stage-emploi-et-alternance\/bilan-projet\/les-priorites-de-xavier\/","og_locale":"fr_FR","og_type":"article","og_title":"Les priorit\u00e9s de Xavier - Orientation et insertion professionnelle","og_description":"Mes priorit\u00e9s dans la vie N\u00b0 Motivation Parce que 1 La r\u00e9alisation de soi Inclut l\u2019\u00e9panouissement personnel et professionnel 2 L&rsquo;ind\u00e9pendance J\u2019aime bien l\u2019id\u00e9e d\u2019\u00eatre libre de mes choix 3 L&rsquo;h\u00e9donisme Se faire plaisir permet de gagner en efficience 4 La vie sociale &nbsp;Parce que j\u2019aime les contacts humains&nbsp; 4 bis La vie professionnelle 6 ... Lire plus","og_url":"https:\/\/www.univ-lorraine.fr\/orientation-insertion-professionnelle\/ressources\/stage-emploi-et-alternance\/bilan-projet\/les-priorites-de-xavier\/","og_site_name":"Orientation et insertion professionnelle","article_modified_time":"2022-09-19T15:31:18+00:00","twitter_card":"summary_large_image","twitter_misc":{"Dur\u00e9e de lecture estim\u00e9e":"1 minute"},"schema":{"@context":"https:\/\/schema.org","@graph":[{"@type":"WebPage","@id":"https:\/\/www.univ-lorraine.fr\/orientation-insertion-professionnelle\/ressources\/stage-emploi-et-alternance\/bilan-projet\/les-priorites-de-xavier\/","url":"https:\/\/www.univ-lorraine.fr\/orientation-insertion-professionnelle\/ressources\/stage-emploi-et-alternance\/bilan-projet\/les-priorites-de-xavier\/","name":"Les priorit\u00e9s de Xavier - Orientation et insertion professionnelle","isPartOf":{"@id":"https:\/\/www.univ-lorraine.fr\/orientation-insertion-professionnelle\/#website"},"datePublished":"2021-10-28T09:14:10+00:00","dateModified":"2022-09-19T15:31:18+00:00","breadcrumb":{"@id":"https:\/\/www.univ-lorraine.fr\/orientation-insertion-professionnelle\/ressources\/stage-emploi-et-alternance\/bilan-projet\/les-priorites-de-xavier\/#breadcrumb"},"inLanguage":"fr-FR","potentialAction":[{"@type":"ReadAction","target":["https:\/\/www.univ-lorraine.fr\/orientation-insertion-professionnelle\/ressources\/stage-emploi-et-alternance\/bilan-projet\/les-priorites-de-xavier\/"]}]},{"@type":"BreadcrumbList","@id":"https:\/\/www.univ-lorraine.fr\/orientation-insertion-professionnelle\/ressources\/stage-emploi-et-alternance\/bilan-projet\/les-priorites-de-xavier\/#breadcrumb","itemListElement":[{"@type":"ListItem","position":1,"name":"Accueil","item":"https:\/\/www.univ-lorraine.fr\/orientation-insertion-professionnelle\/"},{"@type":"ListItem","position":2,"name":"Ressources","item":"https:\/\/www.univ-lorraine.fr\/orientation-insertion-professionnelle\/ressources\/"},{"@type":"ListItem","position":3,"name":"Stage, emploi et alternance","item":"https:\/\/www.univ-lorraine.fr\/orientation-insertion-professionnelle\/ressources\/stage-emploi-et-alternance\/"},{"@type":"ListItem","position":4,"name":"Bilan \/ projet","item":"https:\/\/www.univ-lorraine.fr\/orientation-insertion-professionnelle\/ressources\/stage-emploi-et-alternance\/bilan-projet\/"},{"@type":"ListItem","position":5,"name":"Les priorit\u00e9s de Xavier"}]},{"@type":"WebSite","@id":"https:\/\/www.univ-lorraine.fr\/orientation-insertion-professionnelle\/#website","url":"https:\/\/www.univ-lorraine.fr\/orientation-insertion-professionnelle\/","name":"Orientation et insertion professionnelle","description":"","publisher":{"@id":"https:\/\/www.univ-lorraine.fr\/orientation-insertion-professionnelle\/#organization"},"potentialAction":[{"@type":"SearchAction","target":{"@type":"EntryPoint","urlTemplate":"https:\/\/www.univ-lorraine.fr\/orientation-insertion-professionnelle\/?s={search_term_string}"},"query-input":{"@type":"PropertyValueSpecification","valueRequired":true,"valueName":"search_term_string"}}],"inLanguage":"fr-FR"},{"@type":"Organization","@id":"https:\/\/www.univ-lorraine.fr\/orientation-insertion-professionnelle\/#organization","name":"Universit\u00e9 de Lorraine","url":"https:\/\/www.univ-lorraine.fr\/orientation-insertion-professionnelle\/","logo":{"@type":"ImageObject","inLanguage":"fr-FR","@id":"https:\/\/www.univ-lorraine.fr\/orientation-insertion-professionnelle\/#\/schema\/logo\/image\/","url":"https:\/\/www.univ-lorraine.fr\/orientation-insertion-professionnelle\/wp-content\/uploads\/sites\/7\/2023\/04\/logo_siteweb2_Plan-de-travail-1.png","contentUrl":"https:\/\/www.univ-lorraine.fr\/orientation-insertion-professionnelle\/wp-content\/uploads\/sites\/7\/2023\/04\/logo_siteweb2_Plan-de-travail-1.png","width":852,"height":492,"caption":"Universit\u00e9 de Lorraine"},"image":{"@id":"https:\/\/www.univ-lorraine.fr\/orientation-insertion-professionnelle\/#\/schema\/logo\/image\/"}}]}},"_links":{"self":[{"href":"https:\/\/www.univ-lorraine.fr\/orientation-insertion-professionnelle\/wp-json\/wp\/v2\/pages\/2571","targetHints":{"allow":["GET"]}}],"collection":[{"href":"https:\/\/www.univ-lorraine.fr\/orientation-insertion-professionnelle\/wp-json\/wp\/v2\/pages"}],"about":[{"href":"https:\/\/www.univ-lorraine.fr\/orientation-insertion-professionnelle\/wp-json\/wp\/v2\/types\/page"}],"author":[{"embeddable":true,"href":"https:\/\/www.univ-lorraine.fr\/orientation-insertion-professionnelle\/wp-json\/wp\/v2\/users\/72"}],"replies":[{"embeddable":true,"href":"https:\/\/www.univ-lorraine.fr\/orientation-insertion-professionnelle\/wp-json\/wp\/v2\/comments?post=2571"}],"version-history":[{"count":1,"href":"https:\/\/www.univ-lorraine.fr\/orientation-insertion-professionnelle\/wp-json\/wp\/v2\/pages\/2571\/revisions"}],"predecessor-version":[{"id":2572,"href":"https:\/\/www.univ-lorraine.fr\/orientation-insertion-professionnelle\/wp-json\/wp\/v2\/pages\/2571\/revisions\/2572"}],"up":[{"embeddable":true,"href":"https:\/\/www.univ-lorraine.fr\/orientation-insertion-professionnelle\/wp-json\/wp\/v2\/pages\/2118"}],"wp:attachment":[{"href":"https:\/\/www.univ-lorraine.fr\/orientation-insertion-professionnelle\/wp-json\/wp\/v2\/media?parent=2571"}],"wp:term":[{"taxonomy":"category","embeddable":true,"href":"https:\/\/www.univ-lorraine.fr\/orientation-insertion-professionnelle\/wp-json\/wp\/v2\/categories?post=2571"},{"taxonomy":"post_tag","embeddable":true,"href":"https:\/\/www.univ-lorraine.fr\/orientation-insertion-professionnelle\/wp-json\/wp\/v2\/tags?post=2571"}],"curies":[{"name":"wp","href":"https:\/\/api.w.org\/{rel}","templated":true}]}}