{"id":2576,"date":"2021-10-28T11:14:39","date_gmt":"2021-10-28T09:14:39","guid":{"rendered":"https:\/\/www.univ-lorraine.fr\/orientation-insertion-professionnelle\/?page_id=2576"},"modified":"2022-09-19T13:45:37","modified_gmt":"2022-09-19T11:45:37","slug":"synthese-disabelle","status":"publish","type":"page","link":"https:\/\/www.univ-lorraine.fr\/orientation-insertion-professionnelle\/ressources\/stage-emploi-et-alternance\/bilan-projet\/synthese-disabelle\/","title":{"rendered":"Synth\u00e8se d&rsquo;Isabelle"},"content":{"rendered":"<div class=\"gb-container gb-container-c0dee638\"><div class=\"gb-inside-container\">\n\n<figure class=\"wp-block-table\"><table><tbody><tr><td><strong>Mes qualit\u00e9s<\/strong><\/td><td><strong>Argumentaire \u00e0 valoriser<\/strong><\/td><td><strong>Pour le poste de<\/strong><\/td><\/tr><tr><td><strong>&nbsp;1<\/strong>&nbsp;&#8211; Ecoute<\/td><td>Dans mes stages en entreprise, j&rsquo;ai prouv\u00e9 que je sais \u00e9couter, notamment le personnel, pour comprendre les probl\u00e9matiques et les besoins<\/td><td>&nbsp;Assistante RH<\/td><\/tr><tr><td><strong>&nbsp;2<\/strong>&nbsp;&#8211; Adaptabilit\u00e9, ouverture d&rsquo;esprit<\/td><td>Cette qualit\u00e9 revient dans tous mes tableaux-bilan (stages, emplois associatifs ou \u00e9tudiants). Je sais m&rsquo;adapter aux diff\u00e9rents publics que je c\u00f4toie, \u00e0 mes coll\u00e8gues et \u00e0 des environnements tr\u00e8s diff\u00e9rents (entreprises, associations, populations de diff\u00e9rents pays\u2026)<\/td><td>&nbsp;Assistante RH<br>&nbsp;Assistante Com<\/td><\/tr><tr><td><strong>&nbsp;3<\/strong>&nbsp;&#8211; Aptitudes en communication<\/td><td>J&rsquo;ai de bonnes aptitudes r\u00e9dactionnelles (synth\u00e8ses, livrets, communiqu\u00e9s de presse) et une expression orale de qualit\u00e9 (pr\u00e9sentations orales, interviews)<\/td><td>&nbsp;Assistante RH<br>&nbsp;Assistante Com<\/td><\/tr><tr><td><strong>&nbsp;4<\/strong>&nbsp;&#8211; Cr\u00e9ativit\u00e9<\/td><td>Je sais \u00eatre force de proposition (concevoir des documents, imaginer une Journ\u00e9e Portes Ouvertes pour ma promotion d&rsquo;AES, imaginer des activit\u00e9s pour des groupes de centres de loisirs\u2026)<\/td><td>&nbsp;Assistante Com<\/td><\/tr><tr><td><strong>&nbsp;5<\/strong>&nbsp;&#8211; Curiosit\u00e9<\/td><td>Je sais me procurer les infos dont j&rsquo;ai besoin, les analyser et y faire appel en cas de besoin : enqu\u00eates, revue de presse, pr\u00e9paration de ses visites guid\u00e9es\u2026<\/td><td>&nbsp;Assistante Com<\/td><\/tr><tr><td><strong>&nbsp;6<\/strong>&nbsp;&#8211; Polyvalence<\/td><td>Je n&rsquo;ai pas les deux pieds dans le m\u00eame sabot ! J&rsquo;ai d\u00e9j\u00e0 une exp\u00e9rience professionnelle diversifi\u00e9e. Et dans la plupart des emplois occup\u00e9s, j&rsquo;ai men\u00e9 \u00e0 bien les missions qui m&rsquo;\u00e9taient confi\u00e9es.<\/td><td>&nbsp;Assistante RH<br>&nbsp;Assistante Com<\/td><\/tr><\/tbody><\/table><\/figure>\n\n\n\n<figure class=\"wp-block-table\"><table><tbody><tr><td><strong>Mes d\u00e9fauts<\/strong><\/td><td><strong>Parade \u00e0 opposer<\/strong><\/td><td><strong>Pour le poste de<\/strong><\/td><\/tr><tr><td><strong>&nbsp;1<\/strong>&nbsp;&#8211; Peu logique<\/td><td>Mais je compense avec beaucoup d&rsquo;intuition<\/td><td>&nbsp;Assistante RH<br>&nbsp;Assistante Com<\/td><\/tr><tr><td><strong>&nbsp;2<\/strong>&nbsp;&#8211; D\u00e9sordonn\u00e9e<\/td><td>Mais cela ne m&#8217;emp\u00eache pas de r\u00e9agir vite et bien<\/td><td>&nbsp;Assistante&nbsp;Com<\/td><\/tr><tr><td><strong>&nbsp;3<\/strong>&nbsp;&#8211; Id\u00e9aliste<\/td><td>Mais cela me permet d&rsquo;\u00eatre tr\u00e8s cr\u00e9ative et d&rsquo;oser pas mal de choses<\/td><td>&nbsp;Assistante&nbsp;Com<\/td><\/tr><tr><td><strong>&nbsp;4<\/strong>&nbsp;&#8211; Impatiente<\/td><td>Mais le fait d&rsquo;\u00eatre sociable et \u00e0 l&rsquo;\u00e9coute me permet de contenir mon impatience et de prendre le temps de convaincre de la pertinence d&rsquo;une action<\/td><td>&nbsp;Assistante RH&nbsp;Assistante Com<\/td><\/tr><\/tbody><\/table><\/figure>\n\n\n\n<figure class=\"wp-block-table\"><table><tbody><tr><td><strong>Mes motivations<\/strong><\/td><td><strong>Mes freins<\/strong><\/td><td><strong>Compatibilit\u00e9 avec le m\u00e9tier de<\/strong><\/td><\/tr><tr><td><strong>&nbsp;1<\/strong>&nbsp;&#8211; Int\u00e9r\u00eat du travail<\/td><td>&nbsp;Rigueur<br>&nbsp;Rigueur<\/td><td>&nbsp;Assistante RH<br>&nbsp;Assistante de communication<\/td><\/tr><tr><td><strong>&nbsp;2<\/strong>&nbsp;&#8211; Vie familiale et sociale<\/td><td><br>&nbsp;Disponibilit\u00e9<\/td><td>&nbsp;Assistante RH<br>&nbsp;Assistante de communication<\/td><\/tr><tr><td><strong>&nbsp;3<\/strong>&nbsp;&#8211; Loisirs<\/td><td><br>&nbsp;Disponibilit\u00e9<\/td><td>&nbsp;Assistante RH<br>&nbsp;Assistante de communication<\/td><\/tr><tr><td><strong>&nbsp;4<\/strong>&nbsp;&#8211; Ind\u00e9pendance, autonomie et initiative<\/td><td>&nbsp;<\/td><td>&nbsp;Plus d&rsquo;autonomie dans le m\u00e9tier d&rsquo;assistante de communication ?<br>&nbsp;Pas s\u00fbr\u2026<\/td><\/tr><tr><td><strong>&nbsp;5<\/strong>&nbsp;&#8211; D\u00e9placements<\/td><td>&nbsp;<\/td><td>&nbsp;Assistante de communication<\/td><\/tr><tr><td><strong>&nbsp;6<\/strong>&nbsp;&#8211; Contacts<\/td><td>&nbsp;Discr\u00e9tion<br>&nbsp;Discr\u00e9tion<\/td><td>&nbsp;Assistante RH<br>&nbsp;Assistante de communication<\/td><\/tr><\/tbody><\/table><\/figure>\n\n<\/div><\/div>","protected":false},"excerpt":{"rendered":"<p>Mes qualit\u00e9s Argumentaire \u00e0 valoriser Pour le poste de &nbsp;1&nbsp;&#8211; Ecoute Dans mes stages en entreprise, j&rsquo;ai prouv\u00e9 que je sais \u00e9couter, notamment le personnel, pour comprendre les probl\u00e9matiques et les besoins &nbsp;Assistante RH &nbsp;2&nbsp;&#8211; Adaptabilit\u00e9, ouverture d&rsquo;esprit Cette qualit\u00e9 revient dans tous mes tableaux-bilan (stages, emplois associatifs ou \u00e9tudiants). Je sais m&rsquo;adapter aux diff\u00e9rents &#8230; <a title=\"Synth\u00e8se d&rsquo;Isabelle\" class=\"read-more\" href=\"https:\/\/www.univ-lorraine.fr\/orientation-insertion-professionnelle\/ressources\/stage-emploi-et-alternance\/bilan-projet\/synthese-disabelle\/\" aria-label=\"En savoir plus sur Synth\u00e8se d&rsquo;Isabelle\">Lire plus<\/a><\/p>\n","protected":false},"author":72,"featured_media":0,"parent":2118,"menu_order":0,"comment_status":"closed","ping_status":"closed","template":"","meta":{"inline_featured_image":false,"footnotes":""},"categories":[17,15],"tags":[],"class_list":{"0":"post-2576","1":"page","2":"type-page","3":"status-publish","5":"category-conseils","6":"category-insertion-professionnelle"},"yoast_head":"<!-- This site is optimized with the Yoast SEO plugin v27.4 - https:\/\/yoast.com\/product\/yoast-seo-wordpress\/ -->\n<title>Synth\u00e8se d&#039;Isabelle - Orientation et insertion professionnelle<\/title>\n<meta name=\"robots\" content=\"index, follow, max-snippet:-1, max-image-preview:large, max-video-preview:-1\" \/>\n<link rel=\"canonical\" href=\"https:\/\/www.univ-lorraine.fr\/orientation-insertion-professionnelle\/ressources\/stage-emploi-et-alternance\/bilan-projet\/synthese-disabelle\/\" \/>\n<meta property=\"og:locale\" content=\"fr_FR\" \/>\n<meta property=\"og:type\" content=\"article\" \/>\n<meta property=\"og:title\" content=\"Synth\u00e8se d&#039;Isabelle - Orientation et insertion professionnelle\" \/>\n<meta property=\"og:description\" content=\"Mes qualit\u00e9s Argumentaire \u00e0 valoriser Pour le poste de &nbsp;1&nbsp;&#8211; Ecoute Dans mes stages en entreprise, j&rsquo;ai prouv\u00e9 que je sais \u00e9couter, notamment le personnel, pour comprendre les probl\u00e9matiques et les besoins &nbsp;Assistante RH &nbsp;2&nbsp;&#8211; Adaptabilit\u00e9, ouverture d&rsquo;esprit Cette qualit\u00e9 revient dans tous mes tableaux-bilan (stages, emplois associatifs ou \u00e9tudiants). Je sais m&rsquo;adapter aux diff\u00e9rents ... Lire plus\" \/>\n<meta property=\"og:url\" content=\"https:\/\/www.univ-lorraine.fr\/orientation-insertion-professionnelle\/ressources\/stage-emploi-et-alternance\/bilan-projet\/synthese-disabelle\/\" \/>\n<meta property=\"og:site_name\" content=\"Orientation et insertion professionnelle\" \/>\n<meta property=\"article:modified_time\" content=\"2022-09-19T11:45:37+00:00\" \/>\n<meta name=\"twitter:card\" content=\"summary_large_image\" \/>\n<meta name=\"twitter:label1\" content=\"Dur\u00e9e de lecture estim\u00e9e\" \/>\n\t<meta name=\"twitter:data1\" content=\"2 minutes\" \/>\n<script type=\"application\/ld+json\" class=\"yoast-schema-graph\">{\"@context\":\"https:\\\/\\\/schema.org\",\"@graph\":[{\"@type\":\"WebPage\",\"@id\":\"https:\\\/\\\/www.univ-lorraine.fr\\\/orientation-insertion-professionnelle\\\/ressources\\\/stage-emploi-et-alternance\\\/bilan-projet\\\/synthese-disabelle\\\/\",\"url\":\"https:\\\/\\\/www.univ-lorraine.fr\\\/orientation-insertion-professionnelle\\\/ressources\\\/stage-emploi-et-alternance\\\/bilan-projet\\\/synthese-disabelle\\\/\",\"name\":\"Synth\u00e8se d'Isabelle - Orientation et insertion professionnelle\",\"isPartOf\":{\"@id\":\"https:\\\/\\\/www.univ-lorraine.fr\\\/orientation-insertion-professionnelle\\\/#website\"},\"datePublished\":\"2021-10-28T09:14:39+00:00\",\"dateModified\":\"2022-09-19T11:45:37+00:00\",\"breadcrumb\":{\"@id\":\"https:\\\/\\\/www.univ-lorraine.fr\\\/orientation-insertion-professionnelle\\\/ressources\\\/stage-emploi-et-alternance\\\/bilan-projet\\\/synthese-disabelle\\\/#breadcrumb\"},\"inLanguage\":\"fr-FR\",\"potentialAction\":[{\"@type\":\"ReadAction\",\"target\":[\"https:\\\/\\\/www.univ-lorraine.fr\\\/orientation-insertion-professionnelle\\\/ressources\\\/stage-emploi-et-alternance\\\/bilan-projet\\\/synthese-disabelle\\\/\"]}]},{\"@type\":\"BreadcrumbList\",\"@id\":\"https:\\\/\\\/www.univ-lorraine.fr\\\/orientation-insertion-professionnelle\\\/ressources\\\/stage-emploi-et-alternance\\\/bilan-projet\\\/synthese-disabelle\\\/#breadcrumb\",\"itemListElement\":[{\"@type\":\"ListItem\",\"position\":1,\"name\":\"Accueil\",\"item\":\"https:\\\/\\\/www.univ-lorraine.fr\\\/orientation-insertion-professionnelle\\\/\"},{\"@type\":\"ListItem\",\"position\":2,\"name\":\"Ressources\",\"item\":\"https:\\\/\\\/www.univ-lorraine.fr\\\/orientation-insertion-professionnelle\\\/ressources\\\/\"},{\"@type\":\"ListItem\",\"position\":3,\"name\":\"Stage, emploi et alternance\",\"item\":\"https:\\\/\\\/www.univ-lorraine.fr\\\/orientation-insertion-professionnelle\\\/ressources\\\/stage-emploi-et-alternance\\\/\"},{\"@type\":\"ListItem\",\"position\":4,\"name\":\"Bilan \\\/ projet\",\"item\":\"https:\\\/\\\/www.univ-lorraine.fr\\\/orientation-insertion-professionnelle\\\/ressources\\\/stage-emploi-et-alternance\\\/bilan-projet\\\/\"},{\"@type\":\"ListItem\",\"position\":5,\"name\":\"Synth\u00e8se d&#8217;Isabelle\"}]},{\"@type\":\"WebSite\",\"@id\":\"https:\\\/\\\/www.univ-lorraine.fr\\\/orientation-insertion-professionnelle\\\/#website\",\"url\":\"https:\\\/\\\/www.univ-lorraine.fr\\\/orientation-insertion-professionnelle\\\/\",\"name\":\"Orientation et insertion professionnelle\",\"description\":\"\",\"publisher\":{\"@id\":\"https:\\\/\\\/www.univ-lorraine.fr\\\/orientation-insertion-professionnelle\\\/#organization\"},\"potentialAction\":[{\"@type\":\"SearchAction\",\"target\":{\"@type\":\"EntryPoint\",\"urlTemplate\":\"https:\\\/\\\/www.univ-lorraine.fr\\\/orientation-insertion-professionnelle\\\/?s={search_term_string}\"},\"query-input\":{\"@type\":\"PropertyValueSpecification\",\"valueRequired\":true,\"valueName\":\"search_term_string\"}}],\"inLanguage\":\"fr-FR\"},{\"@type\":\"Organization\",\"@id\":\"https:\\\/\\\/www.univ-lorraine.fr\\\/orientation-insertion-professionnelle\\\/#organization\",\"name\":\"Universit\u00e9 de Lorraine\",\"url\":\"https:\\\/\\\/www.univ-lorraine.fr\\\/orientation-insertion-professionnelle\\\/\",\"logo\":{\"@type\":\"ImageObject\",\"inLanguage\":\"fr-FR\",\"@id\":\"https:\\\/\\\/www.univ-lorraine.fr\\\/orientation-insertion-professionnelle\\\/#\\\/schema\\\/logo\\\/image\\\/\",\"url\":\"https:\\\/\\\/www.univ-lorraine.fr\\\/orientation-insertion-professionnelle\\\/wp-content\\\/uploads\\\/sites\\\/7\\\/2023\\\/04\\\/logo_siteweb2_Plan-de-travail-1.png\",\"contentUrl\":\"https:\\\/\\\/www.univ-lorraine.fr\\\/orientation-insertion-professionnelle\\\/wp-content\\\/uploads\\\/sites\\\/7\\\/2023\\\/04\\\/logo_siteweb2_Plan-de-travail-1.png\",\"width\":852,\"height\":492,\"caption\":\"Universit\u00e9 de Lorraine\"},\"image\":{\"@id\":\"https:\\\/\\\/www.univ-lorraine.fr\\\/orientation-insertion-professionnelle\\\/#\\\/schema\\\/logo\\\/image\\\/\"}}]}<\/script>\n<!-- \/ Yoast SEO plugin. -->","yoast_head_json":{"title":"Synth\u00e8se d'Isabelle - Orientation et insertion professionnelle","robots":{"index":"index","follow":"follow","max-snippet":"max-snippet:-1","max-image-preview":"max-image-preview:large","max-video-preview":"max-video-preview:-1"},"canonical":"https:\/\/www.univ-lorraine.fr\/orientation-insertion-professionnelle\/ressources\/stage-emploi-et-alternance\/bilan-projet\/synthese-disabelle\/","og_locale":"fr_FR","og_type":"article","og_title":"Synth\u00e8se d'Isabelle - Orientation et insertion professionnelle","og_description":"Mes qualit\u00e9s Argumentaire \u00e0 valoriser Pour le poste de &nbsp;1&nbsp;&#8211; Ecoute Dans mes stages en entreprise, j&rsquo;ai prouv\u00e9 que je sais \u00e9couter, notamment le personnel, pour comprendre les probl\u00e9matiques et les besoins &nbsp;Assistante RH &nbsp;2&nbsp;&#8211; Adaptabilit\u00e9, ouverture d&rsquo;esprit Cette qualit\u00e9 revient dans tous mes tableaux-bilan (stages, emplois associatifs ou \u00e9tudiants). Je sais m&rsquo;adapter aux diff\u00e9rents ... Lire plus","og_url":"https:\/\/www.univ-lorraine.fr\/orientation-insertion-professionnelle\/ressources\/stage-emploi-et-alternance\/bilan-projet\/synthese-disabelle\/","og_site_name":"Orientation et insertion professionnelle","article_modified_time":"2022-09-19T11:45:37+00:00","twitter_card":"summary_large_image","twitter_misc":{"Dur\u00e9e de lecture estim\u00e9e":"2 minutes"},"schema":{"@context":"https:\/\/schema.org","@graph":[{"@type":"WebPage","@id":"https:\/\/www.univ-lorraine.fr\/orientation-insertion-professionnelle\/ressources\/stage-emploi-et-alternance\/bilan-projet\/synthese-disabelle\/","url":"https:\/\/www.univ-lorraine.fr\/orientation-insertion-professionnelle\/ressources\/stage-emploi-et-alternance\/bilan-projet\/synthese-disabelle\/","name":"Synth\u00e8se d'Isabelle - Orientation et insertion professionnelle","isPartOf":{"@id":"https:\/\/www.univ-lorraine.fr\/orientation-insertion-professionnelle\/#website"},"datePublished":"2021-10-28T09:14:39+00:00","dateModified":"2022-09-19T11:45:37+00:00","breadcrumb":{"@id":"https:\/\/www.univ-lorraine.fr\/orientation-insertion-professionnelle\/ressources\/stage-emploi-et-alternance\/bilan-projet\/synthese-disabelle\/#breadcrumb"},"inLanguage":"fr-FR","potentialAction":[{"@type":"ReadAction","target":["https:\/\/www.univ-lorraine.fr\/orientation-insertion-professionnelle\/ressources\/stage-emploi-et-alternance\/bilan-projet\/synthese-disabelle\/"]}]},{"@type":"BreadcrumbList","@id":"https:\/\/www.univ-lorraine.fr\/orientation-insertion-professionnelle\/ressources\/stage-emploi-et-alternance\/bilan-projet\/synthese-disabelle\/#breadcrumb","itemListElement":[{"@type":"ListItem","position":1,"name":"Accueil","item":"https:\/\/www.univ-lorraine.fr\/orientation-insertion-professionnelle\/"},{"@type":"ListItem","position":2,"name":"Ressources","item":"https:\/\/www.univ-lorraine.fr\/orientation-insertion-professionnelle\/ressources\/"},{"@type":"ListItem","position":3,"name":"Stage, emploi et alternance","item":"https:\/\/www.univ-lorraine.fr\/orientation-insertion-professionnelle\/ressources\/stage-emploi-et-alternance\/"},{"@type":"ListItem","position":4,"name":"Bilan \/ projet","item":"https:\/\/www.univ-lorraine.fr\/orientation-insertion-professionnelle\/ressources\/stage-emploi-et-alternance\/bilan-projet\/"},{"@type":"ListItem","position":5,"name":"Synth\u00e8se d&#8217;Isabelle"}]},{"@type":"WebSite","@id":"https:\/\/www.univ-lorraine.fr\/orientation-insertion-professionnelle\/#website","url":"https:\/\/www.univ-lorraine.fr\/orientation-insertion-professionnelle\/","name":"Orientation et insertion professionnelle","description":"","publisher":{"@id":"https:\/\/www.univ-lorraine.fr\/orientation-insertion-professionnelle\/#organization"},"potentialAction":[{"@type":"SearchAction","target":{"@type":"EntryPoint","urlTemplate":"https:\/\/www.univ-lorraine.fr\/orientation-insertion-professionnelle\/?s={search_term_string}"},"query-input":{"@type":"PropertyValueSpecification","valueRequired":true,"valueName":"search_term_string"}}],"inLanguage":"fr-FR"},{"@type":"Organization","@id":"https:\/\/www.univ-lorraine.fr\/orientation-insertion-professionnelle\/#organization","name":"Universit\u00e9 de Lorraine","url":"https:\/\/www.univ-lorraine.fr\/orientation-insertion-professionnelle\/","logo":{"@type":"ImageObject","inLanguage":"fr-FR","@id":"https:\/\/www.univ-lorraine.fr\/orientation-insertion-professionnelle\/#\/schema\/logo\/image\/","url":"https:\/\/www.univ-lorraine.fr\/orientation-insertion-professionnelle\/wp-content\/uploads\/sites\/7\/2023\/04\/logo_siteweb2_Plan-de-travail-1.png","contentUrl":"https:\/\/www.univ-lorraine.fr\/orientation-insertion-professionnelle\/wp-content\/uploads\/sites\/7\/2023\/04\/logo_siteweb2_Plan-de-travail-1.png","width":852,"height":492,"caption":"Universit\u00e9 de Lorraine"},"image":{"@id":"https:\/\/www.univ-lorraine.fr\/orientation-insertion-professionnelle\/#\/schema\/logo\/image\/"}}]}},"_links":{"self":[{"href":"https:\/\/www.univ-lorraine.fr\/orientation-insertion-professionnelle\/wp-json\/wp\/v2\/pages\/2576","targetHints":{"allow":["GET"]}}],"collection":[{"href":"https:\/\/www.univ-lorraine.fr\/orientation-insertion-professionnelle\/wp-json\/wp\/v2\/pages"}],"about":[{"href":"https:\/\/www.univ-lorraine.fr\/orientation-insertion-professionnelle\/wp-json\/wp\/v2\/types\/page"}],"author":[{"embeddable":true,"href":"https:\/\/www.univ-lorraine.fr\/orientation-insertion-professionnelle\/wp-json\/wp\/v2\/users\/72"}],"replies":[{"embeddable":true,"href":"https:\/\/www.univ-lorraine.fr\/orientation-insertion-professionnelle\/wp-json\/wp\/v2\/comments?post=2576"}],"version-history":[{"count":1,"href":"https:\/\/www.univ-lorraine.fr\/orientation-insertion-professionnelle\/wp-json\/wp\/v2\/pages\/2576\/revisions"}],"predecessor-version":[{"id":2577,"href":"https:\/\/www.univ-lorraine.fr\/orientation-insertion-professionnelle\/wp-json\/wp\/v2\/pages\/2576\/revisions\/2577"}],"up":[{"embeddable":true,"href":"https:\/\/www.univ-lorraine.fr\/orientation-insertion-professionnelle\/wp-json\/wp\/v2\/pages\/2118"}],"wp:attachment":[{"href":"https:\/\/www.univ-lorraine.fr\/orientation-insertion-professionnelle\/wp-json\/wp\/v2\/media?parent=2576"}],"wp:term":[{"taxonomy":"category","embeddable":true,"href":"https:\/\/www.univ-lorraine.fr\/orientation-insertion-professionnelle\/wp-json\/wp\/v2\/categories?post=2576"},{"taxonomy":"post_tag","embeddable":true,"href":"https:\/\/www.univ-lorraine.fr\/orientation-insertion-professionnelle\/wp-json\/wp\/v2\/tags?post=2576"}],"curies":[{"name":"wp","href":"https:\/\/api.w.org\/{rel}","templated":true}]}}