{"id":2578,"date":"2021-10-28T11:16:11","date_gmt":"2021-10-28T09:16:11","guid":{"rendered":"https:\/\/www.univ-lorraine.fr\/orientation-insertion-professionnelle\/?page_id=2578"},"modified":"2022-09-19T13:45:37","modified_gmt":"2022-09-19T11:45:37","slug":"synthese-de-xavier","status":"publish","type":"page","link":"https:\/\/www.univ-lorraine.fr\/orientation-insertion-professionnelle\/ressources\/stage-emploi-et-alternance\/bilan-projet\/synthese-de-xavier\/","title":{"rendered":"Synth\u00e8se de Xavier"},"content":{"rendered":"<div class=\"gb-container gb-container-7556dbd3\"><div class=\"gb-inside-container\">\n\n<figure class=\"wp-block-table\"><table><tbody><tr><td><strong>Mes qualit\u00e9s<\/strong><\/td><td><strong>Argumentaire \u00e0 valoriser<\/strong><\/td><td><strong>Pour le poste de<\/strong><\/td><\/tr><tr><td>&nbsp;<strong>1. D\u00e9termination<\/strong>&nbsp;<\/td><td>Pendant mes \u00e9tudes, chaotiques, j\u2019ai toujours su que je m\u2019en sortirais et j\u2019ai puis\u00e9 en moi l\u2019\u00e9nergie n\u00e9cessaire pour avancer&nbsp;; ma pratique sportive m\u2019y a aid\u00e9.<\/td><td>Commercial<br>ou charg\u00e9 d\u2019\u00e9tudes<br>ou charg\u00e9 de projet<\/td><\/tr><tr><td>&nbsp;<strong>2<\/strong>.&nbsp;<strong>Autonomie<\/strong><\/td><td>Je sais avancer \u00e0 partir du moment o\u00f9 les objectifs ont \u00e9t\u00e9 d\u00e9finis. Je n\u2019ai pas besoin d\u2019\u00eatre encadr\u00e9.<\/td><td>Commercial<br>ou charg\u00e9 d\u2019\u00e9tudes<br>ou charg\u00e9 de projet<\/td><\/tr><tr><td>&nbsp;<strong>3. Dynamique et pugnace<\/strong><\/td><td>Atteindre un objectif comme obtenir une qualification, vaincre un adversaire, convaincre un interlocuteur me mobilisent. Je ne l\u00e2che pas prise, cela me donne de l\u2019\u00e9nergie, le challenge la renforce.<\/td><td>Commercial<br>ou charg\u00e9 d\u2019\u00e9tudes<br>ou charg\u00e9 de projet<\/td><\/tr><tr><td>&nbsp;<strong>4. Sociable<\/strong>&nbsp;<\/td><td>Dans mes activit\u00e9s de loisirs, dans mes jobs, j\u2019ai toujours recherch\u00e9 le contact<\/td><td>Commercial<br>ou<br>charg\u00e9 de projet<\/td><\/tr><tr><td>&nbsp;<strong>5.S\u00e9rieux et logique<\/strong><\/td><td>J\u2019ai toujours construit mes strat\u00e9gies \u00e0 partir de l\u2019analyse des situations, ce qui m\u2019a permis de m\u2019engager avec s\u00e9rieux, que ce soit dans mes jobs, mes loisirs, et mes \u00e9tudes (\u00e0 partir du moment o\u00f9 j\u2019ai identifi\u00e9 mes objectifs).<\/td><td>Commercial<br>ou<br>charg\u00e9 d\u2019\u00e9tudes<\/td><\/tr><\/tbody><\/table><\/figure>\n\n\n\n<figure class=\"wp-block-table\"><table><tbody><tr><td><strong>Mes d\u00e9fauts<\/strong><\/td><td><strong>Parade \u00e0 opposer<\/strong><\/td><td><strong>Pour le poste de<\/strong><\/td><\/tr><tr><td><strong>1.&nbsp;<\/strong><strong>Impatient<\/strong>&nbsp;<\/td><td>Cette impatience constitue en m\u00eame temps un r\u00e9servoir d\u2019\u00e9nergie&nbsp;!J\u2019aime que les choses et les gens avancent au rythme que je souhaite, donc cela me donne de l\u2019\u00e9nergie pour faire en sorte que \u00e7a avance<\/td><td>Commercialou charg\u00e9 d\u2019\u00e9tudesou charg\u00e9 de projet&nbsp;<\/td><\/tr><tr><td><strong>2.&nbsp;<\/strong><strong>Ne supporte pas la routine&nbsp;!<\/strong>&nbsp;<\/td><td>La routine m\u2019ennuie, je n\u2019aime pas m\u2019ennuyer, donc je fais en sorte qu\u2019il n\u2019y en ait pas<\/td><td>Commercial<br>ou charg\u00e9 d\u2019\u00e9tudes<br>ou charg\u00e9 de projet<\/td><\/tr><tr><td><strong>3. Intol\u00e9rance<\/strong><\/td><td>Je n\u2019aime pas ceux qui ne jouent pas le jeu ou qui s\u2019abritent derri\u00e8re des excuses&nbsp;: je choisis donc les gens avec lesquels je collabore et je privil\u00e9gie les postes o\u00f9 l\u2019on doit \u00eatre ind\u00e9pendant et autonome.<\/td><td>Tout poste o\u00f9 il faut \u00eatre autonome et ind\u00e9pendant<\/td><\/tr><tr><td>&nbsp;<strong>Mes motivations<\/strong><strong><\/strong><\/td><td><strong>Mes freins<\/strong><\/td><td><strong>Compatibilit\u00e9 avec le m\u00e9tier de<\/strong><\/td><\/tr><tr><td><strong>1.&nbsp;<\/strong><strong>R\u00e9alisation de soi<\/strong>&nbsp;<\/td><td>le refus de la routine, alors que la routine est inh\u00e9rente \u00e0 la vie de chacun<\/td><td>Tout poste qui demande de se d\u00e9passer pour atteindre ses objectifs<\/td><\/tr><tr><td><strong>2. &nbsp;L\u2019ind\u00e9pendance, l\u2019autonomie<\/strong><\/td><td>Attention \u00e0 ne pas devenir un \u00e9lectron libre&nbsp;!<\/td><td>Tout poste pour lequel les contacts avec la hi\u00e9rarchie sont relativement l\u00e2ches.<\/td><\/tr><tr><td><strong>3. Les d\u00e9placements, les contacts<\/strong><\/td><td>&nbsp;<\/td><td>Tout poste commercial avec une zone g\u00e9ographique d\u00e9finie<\/td><\/tr><tr><td><strong>4. La vie sociale<\/strong><\/td><td>Mon go\u00fbt des d\u00e9placements qui peut rendre difficile la mise en place et le maintien de liens non superficiels&nbsp;<\/td><td>Peu de m\u00e9tiers en fait&nbsp;sont incompatibles avec l\u2019existence d\u2019une vie sociale, du moins je l\u2019esp\u00e8re&nbsp;!<\/td><\/tr><\/tbody><\/table><\/figure>\n\n<\/div><\/div>","protected":false},"excerpt":{"rendered":"<p>Mes qualit\u00e9s Argumentaire \u00e0 valoriser Pour le poste de &nbsp;1. D\u00e9termination&nbsp; Pendant mes \u00e9tudes, chaotiques, j\u2019ai toujours su que je m\u2019en sortirais et j\u2019ai puis\u00e9 en moi l\u2019\u00e9nergie n\u00e9cessaire pour avancer&nbsp;; ma pratique sportive m\u2019y a aid\u00e9. Commercialou charg\u00e9 d\u2019\u00e9tudesou charg\u00e9 de projet &nbsp;2.&nbsp;Autonomie Je sais avancer \u00e0 partir du moment o\u00f9 les objectifs ont &#8230; <a title=\"Synth\u00e8se de Xavier\" class=\"read-more\" href=\"https:\/\/www.univ-lorraine.fr\/orientation-insertion-professionnelle\/ressources\/stage-emploi-et-alternance\/bilan-projet\/synthese-de-xavier\/\" aria-label=\"En savoir plus sur Synth\u00e8se de Xavier\">Lire plus<\/a><\/p>\n","protected":false},"author":72,"featured_media":0,"parent":2118,"menu_order":0,"comment_status":"closed","ping_status":"closed","template":"","meta":{"inline_featured_image":false,"footnotes":""},"categories":[17,15],"tags":[],"class_list":{"0":"post-2578","1":"page","2":"type-page","3":"status-publish","5":"category-conseils","6":"category-insertion-professionnelle"},"yoast_head":"<!-- This site is optimized with the Yoast SEO plugin v27.4 - https:\/\/yoast.com\/product\/yoast-seo-wordpress\/ -->\n<title>Synth\u00e8se de Xavier - Orientation et insertion professionnelle<\/title>\n<meta name=\"robots\" content=\"index, follow, max-snippet:-1, max-image-preview:large, max-video-preview:-1\" \/>\n<link rel=\"canonical\" href=\"https:\/\/www.univ-lorraine.fr\/orientation-insertion-professionnelle\/ressources\/stage-emploi-et-alternance\/bilan-projet\/synthese-de-xavier\/\" \/>\n<meta property=\"og:locale\" content=\"fr_FR\" \/>\n<meta property=\"og:type\" content=\"article\" \/>\n<meta property=\"og:title\" content=\"Synth\u00e8se de Xavier - Orientation et insertion professionnelle\" \/>\n<meta property=\"og:description\" content=\"Mes qualit\u00e9s Argumentaire \u00e0 valoriser Pour le poste de &nbsp;1. D\u00e9termination&nbsp; Pendant mes \u00e9tudes, chaotiques, j\u2019ai toujours su que je m\u2019en sortirais et j\u2019ai puis\u00e9 en moi l\u2019\u00e9nergie n\u00e9cessaire pour avancer&nbsp;; ma pratique sportive m\u2019y a aid\u00e9. Commercialou charg\u00e9 d\u2019\u00e9tudesou charg\u00e9 de projet &nbsp;2.&nbsp;Autonomie Je sais avancer \u00e0 partir du moment o\u00f9 les objectifs ont ... Lire plus\" \/>\n<meta property=\"og:url\" content=\"https:\/\/www.univ-lorraine.fr\/orientation-insertion-professionnelle\/ressources\/stage-emploi-et-alternance\/bilan-projet\/synthese-de-xavier\/\" \/>\n<meta property=\"og:site_name\" content=\"Orientation et insertion professionnelle\" \/>\n<meta property=\"article:modified_time\" content=\"2022-09-19T11:45:37+00:00\" \/>\n<meta name=\"twitter:card\" content=\"summary_large_image\" \/>\n<meta name=\"twitter:label1\" content=\"Dur\u00e9e de lecture estim\u00e9e\" \/>\n\t<meta name=\"twitter:data1\" content=\"2 minutes\" \/>\n<script type=\"application\/ld+json\" class=\"yoast-schema-graph\">{\"@context\":\"https:\\\/\\\/schema.org\",\"@graph\":[{\"@type\":\"WebPage\",\"@id\":\"https:\\\/\\\/www.univ-lorraine.fr\\\/orientation-insertion-professionnelle\\\/ressources\\\/stage-emploi-et-alternance\\\/bilan-projet\\\/synthese-de-xavier\\\/\",\"url\":\"https:\\\/\\\/www.univ-lorraine.fr\\\/orientation-insertion-professionnelle\\\/ressources\\\/stage-emploi-et-alternance\\\/bilan-projet\\\/synthese-de-xavier\\\/\",\"name\":\"Synth\u00e8se de Xavier - Orientation et insertion professionnelle\",\"isPartOf\":{\"@id\":\"https:\\\/\\\/www.univ-lorraine.fr\\\/orientation-insertion-professionnelle\\\/#website\"},\"datePublished\":\"2021-10-28T09:16:11+00:00\",\"dateModified\":\"2022-09-19T11:45:37+00:00\",\"breadcrumb\":{\"@id\":\"https:\\\/\\\/www.univ-lorraine.fr\\\/orientation-insertion-professionnelle\\\/ressources\\\/stage-emploi-et-alternance\\\/bilan-projet\\\/synthese-de-xavier\\\/#breadcrumb\"},\"inLanguage\":\"fr-FR\",\"potentialAction\":[{\"@type\":\"ReadAction\",\"target\":[\"https:\\\/\\\/www.univ-lorraine.fr\\\/orientation-insertion-professionnelle\\\/ressources\\\/stage-emploi-et-alternance\\\/bilan-projet\\\/synthese-de-xavier\\\/\"]}]},{\"@type\":\"BreadcrumbList\",\"@id\":\"https:\\\/\\\/www.univ-lorraine.fr\\\/orientation-insertion-professionnelle\\\/ressources\\\/stage-emploi-et-alternance\\\/bilan-projet\\\/synthese-de-xavier\\\/#breadcrumb\",\"itemListElement\":[{\"@type\":\"ListItem\",\"position\":1,\"name\":\"Accueil\",\"item\":\"https:\\\/\\\/www.univ-lorraine.fr\\\/orientation-insertion-professionnelle\\\/\"},{\"@type\":\"ListItem\",\"position\":2,\"name\":\"Ressources\",\"item\":\"https:\\\/\\\/www.univ-lorraine.fr\\\/orientation-insertion-professionnelle\\\/ressources\\\/\"},{\"@type\":\"ListItem\",\"position\":3,\"name\":\"Stage, emploi et alternance\",\"item\":\"https:\\\/\\\/www.univ-lorraine.fr\\\/orientation-insertion-professionnelle\\\/ressources\\\/stage-emploi-et-alternance\\\/\"},{\"@type\":\"ListItem\",\"position\":4,\"name\":\"Bilan \\\/ projet\",\"item\":\"https:\\\/\\\/www.univ-lorraine.fr\\\/orientation-insertion-professionnelle\\\/ressources\\\/stage-emploi-et-alternance\\\/bilan-projet\\\/\"},{\"@type\":\"ListItem\",\"position\":5,\"name\":\"Synth\u00e8se de Xavier\"}]},{\"@type\":\"WebSite\",\"@id\":\"https:\\\/\\\/www.univ-lorraine.fr\\\/orientation-insertion-professionnelle\\\/#website\",\"url\":\"https:\\\/\\\/www.univ-lorraine.fr\\\/orientation-insertion-professionnelle\\\/\",\"name\":\"Orientation et insertion professionnelle\",\"description\":\"\",\"publisher\":{\"@id\":\"https:\\\/\\\/www.univ-lorraine.fr\\\/orientation-insertion-professionnelle\\\/#organization\"},\"potentialAction\":[{\"@type\":\"SearchAction\",\"target\":{\"@type\":\"EntryPoint\",\"urlTemplate\":\"https:\\\/\\\/www.univ-lorraine.fr\\\/orientation-insertion-professionnelle\\\/?s={search_term_string}\"},\"query-input\":{\"@type\":\"PropertyValueSpecification\",\"valueRequired\":true,\"valueName\":\"search_term_string\"}}],\"inLanguage\":\"fr-FR\"},{\"@type\":\"Organization\",\"@id\":\"https:\\\/\\\/www.univ-lorraine.fr\\\/orientation-insertion-professionnelle\\\/#organization\",\"name\":\"Universit\u00e9 de Lorraine\",\"url\":\"https:\\\/\\\/www.univ-lorraine.fr\\\/orientation-insertion-professionnelle\\\/\",\"logo\":{\"@type\":\"ImageObject\",\"inLanguage\":\"fr-FR\",\"@id\":\"https:\\\/\\\/www.univ-lorraine.fr\\\/orientation-insertion-professionnelle\\\/#\\\/schema\\\/logo\\\/image\\\/\",\"url\":\"https:\\\/\\\/www.univ-lorraine.fr\\\/orientation-insertion-professionnelle\\\/wp-content\\\/uploads\\\/sites\\\/7\\\/2023\\\/04\\\/logo_siteweb2_Plan-de-travail-1.png\",\"contentUrl\":\"https:\\\/\\\/www.univ-lorraine.fr\\\/orientation-insertion-professionnelle\\\/wp-content\\\/uploads\\\/sites\\\/7\\\/2023\\\/04\\\/logo_siteweb2_Plan-de-travail-1.png\",\"width\":852,\"height\":492,\"caption\":\"Universit\u00e9 de Lorraine\"},\"image\":{\"@id\":\"https:\\\/\\\/www.univ-lorraine.fr\\\/orientation-insertion-professionnelle\\\/#\\\/schema\\\/logo\\\/image\\\/\"}}]}<\/script>\n<!-- \/ Yoast SEO plugin. -->","yoast_head_json":{"title":"Synth\u00e8se de Xavier - Orientation et insertion professionnelle","robots":{"index":"index","follow":"follow","max-snippet":"max-snippet:-1","max-image-preview":"max-image-preview:large","max-video-preview":"max-video-preview:-1"},"canonical":"https:\/\/www.univ-lorraine.fr\/orientation-insertion-professionnelle\/ressources\/stage-emploi-et-alternance\/bilan-projet\/synthese-de-xavier\/","og_locale":"fr_FR","og_type":"article","og_title":"Synth\u00e8se de Xavier - Orientation et insertion professionnelle","og_description":"Mes qualit\u00e9s Argumentaire \u00e0 valoriser Pour le poste de &nbsp;1. D\u00e9termination&nbsp; Pendant mes \u00e9tudes, chaotiques, j\u2019ai toujours su que je m\u2019en sortirais et j\u2019ai puis\u00e9 en moi l\u2019\u00e9nergie n\u00e9cessaire pour avancer&nbsp;; ma pratique sportive m\u2019y a aid\u00e9. Commercialou charg\u00e9 d\u2019\u00e9tudesou charg\u00e9 de projet &nbsp;2.&nbsp;Autonomie Je sais avancer \u00e0 partir du moment o\u00f9 les objectifs ont ... Lire plus","og_url":"https:\/\/www.univ-lorraine.fr\/orientation-insertion-professionnelle\/ressources\/stage-emploi-et-alternance\/bilan-projet\/synthese-de-xavier\/","og_site_name":"Orientation et insertion professionnelle","article_modified_time":"2022-09-19T11:45:37+00:00","twitter_card":"summary_large_image","twitter_misc":{"Dur\u00e9e de lecture estim\u00e9e":"2 minutes"},"schema":{"@context":"https:\/\/schema.org","@graph":[{"@type":"WebPage","@id":"https:\/\/www.univ-lorraine.fr\/orientation-insertion-professionnelle\/ressources\/stage-emploi-et-alternance\/bilan-projet\/synthese-de-xavier\/","url":"https:\/\/www.univ-lorraine.fr\/orientation-insertion-professionnelle\/ressources\/stage-emploi-et-alternance\/bilan-projet\/synthese-de-xavier\/","name":"Synth\u00e8se de Xavier - Orientation et insertion professionnelle","isPartOf":{"@id":"https:\/\/www.univ-lorraine.fr\/orientation-insertion-professionnelle\/#website"},"datePublished":"2021-10-28T09:16:11+00:00","dateModified":"2022-09-19T11:45:37+00:00","breadcrumb":{"@id":"https:\/\/www.univ-lorraine.fr\/orientation-insertion-professionnelle\/ressources\/stage-emploi-et-alternance\/bilan-projet\/synthese-de-xavier\/#breadcrumb"},"inLanguage":"fr-FR","potentialAction":[{"@type":"ReadAction","target":["https:\/\/www.univ-lorraine.fr\/orientation-insertion-professionnelle\/ressources\/stage-emploi-et-alternance\/bilan-projet\/synthese-de-xavier\/"]}]},{"@type":"BreadcrumbList","@id":"https:\/\/www.univ-lorraine.fr\/orientation-insertion-professionnelle\/ressources\/stage-emploi-et-alternance\/bilan-projet\/synthese-de-xavier\/#breadcrumb","itemListElement":[{"@type":"ListItem","position":1,"name":"Accueil","item":"https:\/\/www.univ-lorraine.fr\/orientation-insertion-professionnelle\/"},{"@type":"ListItem","position":2,"name":"Ressources","item":"https:\/\/www.univ-lorraine.fr\/orientation-insertion-professionnelle\/ressources\/"},{"@type":"ListItem","position":3,"name":"Stage, emploi et alternance","item":"https:\/\/www.univ-lorraine.fr\/orientation-insertion-professionnelle\/ressources\/stage-emploi-et-alternance\/"},{"@type":"ListItem","position":4,"name":"Bilan \/ projet","item":"https:\/\/www.univ-lorraine.fr\/orientation-insertion-professionnelle\/ressources\/stage-emploi-et-alternance\/bilan-projet\/"},{"@type":"ListItem","position":5,"name":"Synth\u00e8se de Xavier"}]},{"@type":"WebSite","@id":"https:\/\/www.univ-lorraine.fr\/orientation-insertion-professionnelle\/#website","url":"https:\/\/www.univ-lorraine.fr\/orientation-insertion-professionnelle\/","name":"Orientation et insertion professionnelle","description":"","publisher":{"@id":"https:\/\/www.univ-lorraine.fr\/orientation-insertion-professionnelle\/#organization"},"potentialAction":[{"@type":"SearchAction","target":{"@type":"EntryPoint","urlTemplate":"https:\/\/www.univ-lorraine.fr\/orientation-insertion-professionnelle\/?s={search_term_string}"},"query-input":{"@type":"PropertyValueSpecification","valueRequired":true,"valueName":"search_term_string"}}],"inLanguage":"fr-FR"},{"@type":"Organization","@id":"https:\/\/www.univ-lorraine.fr\/orientation-insertion-professionnelle\/#organization","name":"Universit\u00e9 de Lorraine","url":"https:\/\/www.univ-lorraine.fr\/orientation-insertion-professionnelle\/","logo":{"@type":"ImageObject","inLanguage":"fr-FR","@id":"https:\/\/www.univ-lorraine.fr\/orientation-insertion-professionnelle\/#\/schema\/logo\/image\/","url":"https:\/\/www.univ-lorraine.fr\/orientation-insertion-professionnelle\/wp-content\/uploads\/sites\/7\/2023\/04\/logo_siteweb2_Plan-de-travail-1.png","contentUrl":"https:\/\/www.univ-lorraine.fr\/orientation-insertion-professionnelle\/wp-content\/uploads\/sites\/7\/2023\/04\/logo_siteweb2_Plan-de-travail-1.png","width":852,"height":492,"caption":"Universit\u00e9 de Lorraine"},"image":{"@id":"https:\/\/www.univ-lorraine.fr\/orientation-insertion-professionnelle\/#\/schema\/logo\/image\/"}}]}},"_links":{"self":[{"href":"https:\/\/www.univ-lorraine.fr\/orientation-insertion-professionnelle\/wp-json\/wp\/v2\/pages\/2578","targetHints":{"allow":["GET"]}}],"collection":[{"href":"https:\/\/www.univ-lorraine.fr\/orientation-insertion-professionnelle\/wp-json\/wp\/v2\/pages"}],"about":[{"href":"https:\/\/www.univ-lorraine.fr\/orientation-insertion-professionnelle\/wp-json\/wp\/v2\/types\/page"}],"author":[{"embeddable":true,"href":"https:\/\/www.univ-lorraine.fr\/orientation-insertion-professionnelle\/wp-json\/wp\/v2\/users\/72"}],"replies":[{"embeddable":true,"href":"https:\/\/www.univ-lorraine.fr\/orientation-insertion-professionnelle\/wp-json\/wp\/v2\/comments?post=2578"}],"version-history":[{"count":2,"href":"https:\/\/www.univ-lorraine.fr\/orientation-insertion-professionnelle\/wp-json\/wp\/v2\/pages\/2578\/revisions"}],"predecessor-version":[{"id":2580,"href":"https:\/\/www.univ-lorraine.fr\/orientation-insertion-professionnelle\/wp-json\/wp\/v2\/pages\/2578\/revisions\/2580"}],"up":[{"embeddable":true,"href":"https:\/\/www.univ-lorraine.fr\/orientation-insertion-professionnelle\/wp-json\/wp\/v2\/pages\/2118"}],"wp:attachment":[{"href":"https:\/\/www.univ-lorraine.fr\/orientation-insertion-professionnelle\/wp-json\/wp\/v2\/media?parent=2578"}],"wp:term":[{"taxonomy":"category","embeddable":true,"href":"https:\/\/www.univ-lorraine.fr\/orientation-insertion-professionnelle\/wp-json\/wp\/v2\/categories?post=2578"},{"taxonomy":"post_tag","embeddable":true,"href":"https:\/\/www.univ-lorraine.fr\/orientation-insertion-professionnelle\/wp-json\/wp\/v2\/tags?post=2578"}],"curies":[{"name":"wp","href":"https:\/\/api.w.org\/{rel}","templated":true}]}}