{"id":2607,"date":"2021-10-28T11:17:22","date_gmt":"2021-10-28T09:17:22","guid":{"rendered":"https:\/\/www.univ-lorraine.fr\/orientation-insertion-professionnelle\/?page_id=2607"},"modified":"2022-09-19T13:48:52","modified_gmt":"2022-09-19T11:48:52","slug":"les-3-realisations-dont-je-suis-le-plus-fier-exemple-de-emma","status":"publish","type":"page","link":"https:\/\/www.univ-lorraine.fr\/orientation-insertion-professionnelle\/ressources\/stage-emploi-et-alternance\/bilan-projet\/les-3-realisations-dont-je-suis-le-plus-fier-exemple-de-emma\/","title":{"rendered":"Les 3 r\u00e9alisations dont je suis le plus fier : exemple de Emma"},"content":{"rendered":"<div class=\"gb-container gb-container-6a9170bc\"><div class=\"gb-inside-container\">\n\n<p>Emma S. 25 ans, \u00e9l\u00e8ve ing\u00e9nieur, native de Bretagne. J&rsquo;ai obtenu ma licence \u00e0 Lorient, puis j&rsquo;ai choisi la Fac d\u2019Orsay pour mon master. Je ne parviens pas \u00e0 d\u00e9cider de mon avenir professionnel, ou dans la recherche ou dans l\u2019entreprise. Je choisis de pr\u00e9parer un dipl\u00f4me d\u2019ing\u00e9nieur \u00e0 l\u2019Universit\u00e9 de Lorraine. Toutefois, je me pose toujours ces questions : que faire ensuite, et o\u00f9 ?<br><br><strong>Mes r\u00e9alisations<\/strong><strong><br><br>1. A 24 ans, tenir un camping en plein boom estival<\/strong><br><br><strong>2. Assimiler en 1 mois le cours d\u2019oc\u00e9anographie th\u00e9orique et r\u00e9diger un rapport<\/strong>&nbsp;sur les ph\u00e9nom\u00e8nes turbulents en Mer Noire<br><strong><br>3. Apprendre les finesses de la p\u00eache avec mon p\u00e8re<\/strong><br><br><strong>Analyse<\/strong><br><br>Emma, tiraill\u00e9e par plusieurs orientations, ne sait pas prendre une d\u00e9cision : elle voudrait tout : \u00eatre chercheur et ne pas faire fortune ou travailler en entreprise et gagner beaucoup d\u2019argent;<br><br>Elle craint de faire le mauvais choix en optant pour une voie, quelle qu&rsquo;elle soit.<\/p>\n\n\n\n<p>Emma, fatigu\u00e9e par ses \u00e9tudes brillantes, \u00e0 la poursuite de quelque chose d\u2019impossible, s\u2019\u00e9puise \u00e0 aller toujours plus loin, \u00e0 vouloir tout et tout concilier. A la crois\u00e9e des chemins, elle doit se confronter au monde professionnel : elle ne se sent pas pr\u00eate et cela lui fait peur. Cette angoisse l\u2019emp\u00eache de prendre du recul et de faire \u00ab\u00a0le bon choix\u00a0\u00bb alors qu\u2019ant\u00e9rieurement elle avait su d\u00e9cider de sa voie pour ses \u00e9tudes. Que faire dans cette p\u00e9riode de stress, incapable de prendre une d\u00e9cision ? Partir se ressourcer en Bretagne, retrouver son calme, prendre le temps, quitte \u00e0 en perdre, d&rsquo;identifier ses forces et ses faiblesses et de d\u00e9finir ses priorit\u00e9s. Rencontrer des professionnels pour la conseiller et lui donner des avis objectifs.<\/p>\n\n<\/div><\/div>","protected":false},"excerpt":{"rendered":"<p>Emma S. 25 ans, \u00e9l\u00e8ve ing\u00e9nieur, native de Bretagne. J&rsquo;ai obtenu ma licence \u00e0 Lorient, puis j&rsquo;ai choisi la Fac d\u2019Orsay pour mon master. Je ne parviens pas \u00e0 d\u00e9cider de mon avenir professionnel, ou dans la recherche ou dans l\u2019entreprise. Je choisis de pr\u00e9parer un dipl\u00f4me d\u2019ing\u00e9nieur \u00e0 l\u2019Universit\u00e9 de Lorraine. Toutefois, je me &#8230; <a title=\"Les 3 r\u00e9alisations dont je suis le plus fier : exemple de Emma\" class=\"read-more\" href=\"https:\/\/www.univ-lorraine.fr\/orientation-insertion-professionnelle\/ressources\/stage-emploi-et-alternance\/bilan-projet\/les-3-realisations-dont-je-suis-le-plus-fier-exemple-de-emma\/\" aria-label=\"En savoir plus sur Les 3 r\u00e9alisations dont je suis le plus fier : exemple de Emma\">Lire plus<\/a><\/p>\n","protected":false},"author":72,"featured_media":0,"parent":2118,"menu_order":0,"comment_status":"closed","ping_status":"closed","template":"","meta":{"inline_featured_image":false,"footnotes":""},"categories":[17,15],"tags":[],"class_list":{"0":"post-2607","1":"page","2":"type-page","3":"status-publish","5":"category-conseils","6":"category-insertion-professionnelle"},"yoast_head":"<!-- This site is optimized with the Yoast SEO plugin v27.4 - https:\/\/yoast.com\/product\/yoast-seo-wordpress\/ -->\n<title>Les 3 r\u00e9alisations dont je suis le plus fier : exemple de Emma - Orientation et insertion professionnelle<\/title>\n<meta name=\"robots\" content=\"index, follow, max-snippet:-1, max-image-preview:large, max-video-preview:-1\" \/>\n<link rel=\"canonical\" href=\"https:\/\/www.univ-lorraine.fr\/orientation-insertion-professionnelle\/ressources\/stage-emploi-et-alternance\/bilan-projet\/les-3-realisations-dont-je-suis-le-plus-fier-exemple-de-emma\/\" \/>\n<meta property=\"og:locale\" content=\"fr_FR\" \/>\n<meta property=\"og:type\" content=\"article\" \/>\n<meta property=\"og:title\" content=\"Les 3 r\u00e9alisations dont je suis le plus fier : exemple de Emma - Orientation et insertion professionnelle\" \/>\n<meta property=\"og:description\" content=\"Emma S. 25 ans, \u00e9l\u00e8ve ing\u00e9nieur, native de Bretagne. J&rsquo;ai obtenu ma licence \u00e0 Lorient, puis j&rsquo;ai choisi la Fac d\u2019Orsay pour mon master. Je ne parviens pas \u00e0 d\u00e9cider de mon avenir professionnel, ou dans la recherche ou dans l\u2019entreprise. Je choisis de pr\u00e9parer un dipl\u00f4me d\u2019ing\u00e9nieur \u00e0 l\u2019Universit\u00e9 de Lorraine. Toutefois, je me ... Lire plus\" \/>\n<meta property=\"og:url\" content=\"https:\/\/www.univ-lorraine.fr\/orientation-insertion-professionnelle\/ressources\/stage-emploi-et-alternance\/bilan-projet\/les-3-realisations-dont-je-suis-le-plus-fier-exemple-de-emma\/\" \/>\n<meta property=\"og:site_name\" content=\"Orientation et insertion professionnelle\" \/>\n<meta property=\"article:modified_time\" content=\"2022-09-19T11:48:52+00:00\" \/>\n<meta name=\"twitter:card\" content=\"summary_large_image\" \/>\n<meta name=\"twitter:label1\" content=\"Dur\u00e9e de lecture estim\u00e9e\" \/>\n\t<meta name=\"twitter:data1\" content=\"2 minutes\" \/>\n<script type=\"application\/ld+json\" class=\"yoast-schema-graph\">{\"@context\":\"https:\\\/\\\/schema.org\",\"@graph\":[{\"@type\":\"WebPage\",\"@id\":\"https:\\\/\\\/www.univ-lorraine.fr\\\/orientation-insertion-professionnelle\\\/ressources\\\/stage-emploi-et-alternance\\\/bilan-projet\\\/les-3-realisations-dont-je-suis-le-plus-fier-exemple-de-emma\\\/\",\"url\":\"https:\\\/\\\/www.univ-lorraine.fr\\\/orientation-insertion-professionnelle\\\/ressources\\\/stage-emploi-et-alternance\\\/bilan-projet\\\/les-3-realisations-dont-je-suis-le-plus-fier-exemple-de-emma\\\/\",\"name\":\"Les 3 r\u00e9alisations dont je suis le plus fier : exemple de Emma - Orientation et insertion professionnelle\",\"isPartOf\":{\"@id\":\"https:\\\/\\\/www.univ-lorraine.fr\\\/orientation-insertion-professionnelle\\\/#website\"},\"datePublished\":\"2021-10-28T09:17:22+00:00\",\"dateModified\":\"2022-09-19T11:48:52+00:00\",\"breadcrumb\":{\"@id\":\"https:\\\/\\\/www.univ-lorraine.fr\\\/orientation-insertion-professionnelle\\\/ressources\\\/stage-emploi-et-alternance\\\/bilan-projet\\\/les-3-realisations-dont-je-suis-le-plus-fier-exemple-de-emma\\\/#breadcrumb\"},\"inLanguage\":\"fr-FR\",\"potentialAction\":[{\"@type\":\"ReadAction\",\"target\":[\"https:\\\/\\\/www.univ-lorraine.fr\\\/orientation-insertion-professionnelle\\\/ressources\\\/stage-emploi-et-alternance\\\/bilan-projet\\\/les-3-realisations-dont-je-suis-le-plus-fier-exemple-de-emma\\\/\"]}]},{\"@type\":\"BreadcrumbList\",\"@id\":\"https:\\\/\\\/www.univ-lorraine.fr\\\/orientation-insertion-professionnelle\\\/ressources\\\/stage-emploi-et-alternance\\\/bilan-projet\\\/les-3-realisations-dont-je-suis-le-plus-fier-exemple-de-emma\\\/#breadcrumb\",\"itemListElement\":[{\"@type\":\"ListItem\",\"position\":1,\"name\":\"Accueil\",\"item\":\"https:\\\/\\\/www.univ-lorraine.fr\\\/orientation-insertion-professionnelle\\\/\"},{\"@type\":\"ListItem\",\"position\":2,\"name\":\"Ressources\",\"item\":\"https:\\\/\\\/www.univ-lorraine.fr\\\/orientation-insertion-professionnelle\\\/ressources\\\/\"},{\"@type\":\"ListItem\",\"position\":3,\"name\":\"Stage, emploi et alternance\",\"item\":\"https:\\\/\\\/www.univ-lorraine.fr\\\/orientation-insertion-professionnelle\\\/ressources\\\/stage-emploi-et-alternance\\\/\"},{\"@type\":\"ListItem\",\"position\":4,\"name\":\"Bilan \\\/ projet\",\"item\":\"https:\\\/\\\/www.univ-lorraine.fr\\\/orientation-insertion-professionnelle\\\/ressources\\\/stage-emploi-et-alternance\\\/bilan-projet\\\/\"},{\"@type\":\"ListItem\",\"position\":5,\"name\":\"Les 3 r\u00e9alisations dont je suis le plus fier : exemple de Emma\"}]},{\"@type\":\"WebSite\",\"@id\":\"https:\\\/\\\/www.univ-lorraine.fr\\\/orientation-insertion-professionnelle\\\/#website\",\"url\":\"https:\\\/\\\/www.univ-lorraine.fr\\\/orientation-insertion-professionnelle\\\/\",\"name\":\"Orientation et insertion professionnelle\",\"description\":\"\",\"publisher\":{\"@id\":\"https:\\\/\\\/www.univ-lorraine.fr\\\/orientation-insertion-professionnelle\\\/#organization\"},\"potentialAction\":[{\"@type\":\"SearchAction\",\"target\":{\"@type\":\"EntryPoint\",\"urlTemplate\":\"https:\\\/\\\/www.univ-lorraine.fr\\\/orientation-insertion-professionnelle\\\/?s={search_term_string}\"},\"query-input\":{\"@type\":\"PropertyValueSpecification\",\"valueRequired\":true,\"valueName\":\"search_term_string\"}}],\"inLanguage\":\"fr-FR\"},{\"@type\":\"Organization\",\"@id\":\"https:\\\/\\\/www.univ-lorraine.fr\\\/orientation-insertion-professionnelle\\\/#organization\",\"name\":\"Universit\u00e9 de Lorraine\",\"url\":\"https:\\\/\\\/www.univ-lorraine.fr\\\/orientation-insertion-professionnelle\\\/\",\"logo\":{\"@type\":\"ImageObject\",\"inLanguage\":\"fr-FR\",\"@id\":\"https:\\\/\\\/www.univ-lorraine.fr\\\/orientation-insertion-professionnelle\\\/#\\\/schema\\\/logo\\\/image\\\/\",\"url\":\"https:\\\/\\\/www.univ-lorraine.fr\\\/orientation-insertion-professionnelle\\\/wp-content\\\/uploads\\\/sites\\\/7\\\/2023\\\/04\\\/logo_siteweb2_Plan-de-travail-1.png\",\"contentUrl\":\"https:\\\/\\\/www.univ-lorraine.fr\\\/orientation-insertion-professionnelle\\\/wp-content\\\/uploads\\\/sites\\\/7\\\/2023\\\/04\\\/logo_siteweb2_Plan-de-travail-1.png\",\"width\":852,\"height\":492,\"caption\":\"Universit\u00e9 de Lorraine\"},\"image\":{\"@id\":\"https:\\\/\\\/www.univ-lorraine.fr\\\/orientation-insertion-professionnelle\\\/#\\\/schema\\\/logo\\\/image\\\/\"}}]}<\/script>\n<!-- \/ Yoast SEO plugin. -->","yoast_head_json":{"title":"Les 3 r\u00e9alisations dont je suis le plus fier : exemple de Emma - Orientation et insertion professionnelle","robots":{"index":"index","follow":"follow","max-snippet":"max-snippet:-1","max-image-preview":"max-image-preview:large","max-video-preview":"max-video-preview:-1"},"canonical":"https:\/\/www.univ-lorraine.fr\/orientation-insertion-professionnelle\/ressources\/stage-emploi-et-alternance\/bilan-projet\/les-3-realisations-dont-je-suis-le-plus-fier-exemple-de-emma\/","og_locale":"fr_FR","og_type":"article","og_title":"Les 3 r\u00e9alisations dont je suis le plus fier : exemple de Emma - Orientation et insertion professionnelle","og_description":"Emma S. 25 ans, \u00e9l\u00e8ve ing\u00e9nieur, native de Bretagne. J&rsquo;ai obtenu ma licence \u00e0 Lorient, puis j&rsquo;ai choisi la Fac d\u2019Orsay pour mon master. Je ne parviens pas \u00e0 d\u00e9cider de mon avenir professionnel, ou dans la recherche ou dans l\u2019entreprise. Je choisis de pr\u00e9parer un dipl\u00f4me d\u2019ing\u00e9nieur \u00e0 l\u2019Universit\u00e9 de Lorraine. Toutefois, je me ... Lire plus","og_url":"https:\/\/www.univ-lorraine.fr\/orientation-insertion-professionnelle\/ressources\/stage-emploi-et-alternance\/bilan-projet\/les-3-realisations-dont-je-suis-le-plus-fier-exemple-de-emma\/","og_site_name":"Orientation et insertion professionnelle","article_modified_time":"2022-09-19T11:48:52+00:00","twitter_card":"summary_large_image","twitter_misc":{"Dur\u00e9e de lecture estim\u00e9e":"2 minutes"},"schema":{"@context":"https:\/\/schema.org","@graph":[{"@type":"WebPage","@id":"https:\/\/www.univ-lorraine.fr\/orientation-insertion-professionnelle\/ressources\/stage-emploi-et-alternance\/bilan-projet\/les-3-realisations-dont-je-suis-le-plus-fier-exemple-de-emma\/","url":"https:\/\/www.univ-lorraine.fr\/orientation-insertion-professionnelle\/ressources\/stage-emploi-et-alternance\/bilan-projet\/les-3-realisations-dont-je-suis-le-plus-fier-exemple-de-emma\/","name":"Les 3 r\u00e9alisations dont je suis le plus fier : exemple de Emma - Orientation et insertion professionnelle","isPartOf":{"@id":"https:\/\/www.univ-lorraine.fr\/orientation-insertion-professionnelle\/#website"},"datePublished":"2021-10-28T09:17:22+00:00","dateModified":"2022-09-19T11:48:52+00:00","breadcrumb":{"@id":"https:\/\/www.univ-lorraine.fr\/orientation-insertion-professionnelle\/ressources\/stage-emploi-et-alternance\/bilan-projet\/les-3-realisations-dont-je-suis-le-plus-fier-exemple-de-emma\/#breadcrumb"},"inLanguage":"fr-FR","potentialAction":[{"@type":"ReadAction","target":["https:\/\/www.univ-lorraine.fr\/orientation-insertion-professionnelle\/ressources\/stage-emploi-et-alternance\/bilan-projet\/les-3-realisations-dont-je-suis-le-plus-fier-exemple-de-emma\/"]}]},{"@type":"BreadcrumbList","@id":"https:\/\/www.univ-lorraine.fr\/orientation-insertion-professionnelle\/ressources\/stage-emploi-et-alternance\/bilan-projet\/les-3-realisations-dont-je-suis-le-plus-fier-exemple-de-emma\/#breadcrumb","itemListElement":[{"@type":"ListItem","position":1,"name":"Accueil","item":"https:\/\/www.univ-lorraine.fr\/orientation-insertion-professionnelle\/"},{"@type":"ListItem","position":2,"name":"Ressources","item":"https:\/\/www.univ-lorraine.fr\/orientation-insertion-professionnelle\/ressources\/"},{"@type":"ListItem","position":3,"name":"Stage, emploi et alternance","item":"https:\/\/www.univ-lorraine.fr\/orientation-insertion-professionnelle\/ressources\/stage-emploi-et-alternance\/"},{"@type":"ListItem","position":4,"name":"Bilan \/ projet","item":"https:\/\/www.univ-lorraine.fr\/orientation-insertion-professionnelle\/ressources\/stage-emploi-et-alternance\/bilan-projet\/"},{"@type":"ListItem","position":5,"name":"Les 3 r\u00e9alisations dont je suis le plus fier : exemple de Emma"}]},{"@type":"WebSite","@id":"https:\/\/www.univ-lorraine.fr\/orientation-insertion-professionnelle\/#website","url":"https:\/\/www.univ-lorraine.fr\/orientation-insertion-professionnelle\/","name":"Orientation et insertion professionnelle","description":"","publisher":{"@id":"https:\/\/www.univ-lorraine.fr\/orientation-insertion-professionnelle\/#organization"},"potentialAction":[{"@type":"SearchAction","target":{"@type":"EntryPoint","urlTemplate":"https:\/\/www.univ-lorraine.fr\/orientation-insertion-professionnelle\/?s={search_term_string}"},"query-input":{"@type":"PropertyValueSpecification","valueRequired":true,"valueName":"search_term_string"}}],"inLanguage":"fr-FR"},{"@type":"Organization","@id":"https:\/\/www.univ-lorraine.fr\/orientation-insertion-professionnelle\/#organization","name":"Universit\u00e9 de Lorraine","url":"https:\/\/www.univ-lorraine.fr\/orientation-insertion-professionnelle\/","logo":{"@type":"ImageObject","inLanguage":"fr-FR","@id":"https:\/\/www.univ-lorraine.fr\/orientation-insertion-professionnelle\/#\/schema\/logo\/image\/","url":"https:\/\/www.univ-lorraine.fr\/orientation-insertion-professionnelle\/wp-content\/uploads\/sites\/7\/2023\/04\/logo_siteweb2_Plan-de-travail-1.png","contentUrl":"https:\/\/www.univ-lorraine.fr\/orientation-insertion-professionnelle\/wp-content\/uploads\/sites\/7\/2023\/04\/logo_siteweb2_Plan-de-travail-1.png","width":852,"height":492,"caption":"Universit\u00e9 de Lorraine"},"image":{"@id":"https:\/\/www.univ-lorraine.fr\/orientation-insertion-professionnelle\/#\/schema\/logo\/image\/"}}]}},"_links":{"self":[{"href":"https:\/\/www.univ-lorraine.fr\/orientation-insertion-professionnelle\/wp-json\/wp\/v2\/pages\/2607","targetHints":{"allow":["GET"]}}],"collection":[{"href":"https:\/\/www.univ-lorraine.fr\/orientation-insertion-professionnelle\/wp-json\/wp\/v2\/pages"}],"about":[{"href":"https:\/\/www.univ-lorraine.fr\/orientation-insertion-professionnelle\/wp-json\/wp\/v2\/types\/page"}],"author":[{"embeddable":true,"href":"https:\/\/www.univ-lorraine.fr\/orientation-insertion-professionnelle\/wp-json\/wp\/v2\/users\/72"}],"replies":[{"embeddable":true,"href":"https:\/\/www.univ-lorraine.fr\/orientation-insertion-professionnelle\/wp-json\/wp\/v2\/comments?post=2607"}],"version-history":[{"count":1,"href":"https:\/\/www.univ-lorraine.fr\/orientation-insertion-professionnelle\/wp-json\/wp\/v2\/pages\/2607\/revisions"}],"predecessor-version":[{"id":2608,"href":"https:\/\/www.univ-lorraine.fr\/orientation-insertion-professionnelle\/wp-json\/wp\/v2\/pages\/2607\/revisions\/2608"}],"up":[{"embeddable":true,"href":"https:\/\/www.univ-lorraine.fr\/orientation-insertion-professionnelle\/wp-json\/wp\/v2\/pages\/2118"}],"wp:attachment":[{"href":"https:\/\/www.univ-lorraine.fr\/orientation-insertion-professionnelle\/wp-json\/wp\/v2\/media?parent=2607"}],"wp:term":[{"taxonomy":"category","embeddable":true,"href":"https:\/\/www.univ-lorraine.fr\/orientation-insertion-professionnelle\/wp-json\/wp\/v2\/categories?post=2607"},{"taxonomy":"post_tag","embeddable":true,"href":"https:\/\/www.univ-lorraine.fr\/orientation-insertion-professionnelle\/wp-json\/wp\/v2\/tags?post=2607"}],"curies":[{"name":"wp","href":"https:\/\/api.w.org\/{rel}","templated":true}]}}