{"id":2609,"date":"2021-10-28T11:17:49","date_gmt":"2021-10-28T09:17:49","guid":{"rendered":"https:\/\/www.univ-lorraine.fr\/orientation-insertion-professionnelle\/?page_id=2609"},"modified":"2022-09-19T13:48:52","modified_gmt":"2022-09-19T11:48:52","slug":"les-3-realisations-dont-je-suis-le-plus-fier-exemple-de-hugo","status":"publish","type":"page","link":"https:\/\/www.univ-lorraine.fr\/orientation-insertion-professionnelle\/ressources\/stage-emploi-et-alternance\/bilan-projet\/les-3-realisations-dont-je-suis-le-plus-fier-exemple-de-hugo\/","title":{"rendered":"Les 3 r\u00e9alisations dont je suis le plus fier : exemple de Hugo"},"content":{"rendered":"\n<p>Hugo M., 30 ans, originaire du territoire de Belfort.<\/p>\n\n\n\n<p>Apr\u00e8s un baccalaur\u00e9at de&nbsp;<em>Technicien en construction m\u00e9canique<\/em>, je travaille en int\u00e9rim \u00e0 GEC Alsthom \u00e0 Belfort, puis je suis embauch\u00e9. Je me vois confier des responsabilit\u00e9s croissantes dans les diff\u00e9rents postes que j&rsquo;occupe.<\/p>\n\n\n\n<p>En parall\u00e8le, je suis une formation en&nbsp;<em>R\u00e9sistance des mat\u00e9riaux<\/em>, je m\u2019inscris en cours du soir pour pr\u00e9parer un DUT en&nbsp;<em>G\u00e9nie m\u00e9canique et productique<\/em>&nbsp;et je suis des formations internes \u00e0 l\u2019entreprise.<\/p>\n\n\n\n<p>A 26 ans, j&rsquo;obtiens un cong\u00e9 individuel de formation de 3 ans et j&rsquo;int\u00e8gre la 2\u00e8me ann\u00e9e d\u2019une \u00e9cole d\u2019ing\u00e9nieurs \u00e0 Nancy.<\/p>\n\n\n\n<p><strong>Mes r\u00e9alisations<\/strong><strong><br><\/strong><br><strong>1. A 24 ans,<\/strong>&nbsp;dans le laboratoire d\u2019essais o\u00f9 je travaillais,&nbsp;<strong>mon chef m\u2019a confi\u00e9 pour mission d&rsquo;optimiser la fiabilit\u00e9 d&rsquo;une cuve de simulation d\u2019airbag<\/strong>&nbsp;pour laquelle l\u2019entreprise avait d\u00e9pos\u00e9 un brevet. Personne auparavant, m\u00eame parmi les ing\u00e9nieurs, ne s&rsquo;\u00e9tait pench\u00e9 sur le probl\u00e8me.<\/p>\n\n\n\n<p>J\u2019ai \u00e9tabli une corr\u00e9lation entre les essais r\u00e9els et la simulation pour identifier les nouveaux param\u00e8tres, recalculer d&rsquo;apr\u00e8s les nouvelles donn\u00e9es et aboutir \u00e0 un meilleur r\u00e9sultat.<\/p>\n\n\n\n<p><strong>5. Apr\u00e8s avoir eu mon bac p\u00e9niblement et sans aucune motivation \u00e0 21 ans, j\u2019ai entrepris des cours du soir pour obtenir un DUT.<\/strong><strong><br><br><\/strong>Mon entourage me donnait 3 mois mais je m\u2019\u00e9tais fait le pari de r\u00e9ussir en 3 ans alors qu&rsquo;il en faut normalement 4. R\u00e9sultat : j\u2019ai obtenu mon DUT en 3 ans et j\u2019ai poursuivi mes \u00e9tudes.<\/p>\n\n\n\n<p><strong>6. J\u2019ai commenc\u00e9 le judo \u00e0 l\u2019\u00e2ge de 8 ans<\/strong>&nbsp;sans beaucoup de conviction car mon p\u00e8re m\u2019y avait inscrit sans me demander mon avis. Apr\u00e8s 6 ans d\u2019efforts, j&rsquo;ai pourtant atteint le niveau national. J&rsquo;ai battu le n\u00b0 5 fran\u00e7ais en comp\u00e9tition officielle par \u00e9quipe, offrant ainsi \u00e0 mon \u00e9quipe la qualification aux championnats de France.<\/p>\n\n\n\n<p><strong>Analyse<\/strong><strong><br><br><\/strong>Hugoest quelqu\u2019un de d\u00e9termin\u00e9 et veut, sans \u00eatre d\u00e9mesur\u00e9ment ambitieux, r\u00e9ussir sa vie personnelle aussi bien que professionnelle.<\/p>\n\n\n\n<p>Il a une grande puissance de travail et a appris tr\u00e8s jeune \u00e0 se lancer des d\u00e9fis. Des ennuis de sant\u00e9 lui ont plusieurs fois mis des b\u00e2tons dans les roues mais il a toujours pers\u00e9v\u00e9r\u00e9.<\/p>\n\n\n\n<p>Son dipl\u00f4me d\u2019ing\u00e9nieur en poche, son entreprise l&rsquo;a r\u00e9int\u00e9gr\u00e9 en tant qu\u2019\u00a0\u00bbing\u00e9nieur-maison\u00a0\u00bb et non pas avec son titre d\u2019ing\u00e9nieur.<\/p>\n\n\n\n<p>Sa question a alors \u00e9t\u00e9 : est-ce que je cherche ailleurs ?<\/p>\n\n\n\n<p>Il a envoy\u00e9 quelques CV sans conviction car il aimait cette entreprise et ne souhaitait pas la quitter.<\/p>\n\n\n\n<p>Il a appris \u00e0 n\u00e9gocier avec sa hi\u00e9rarchie et abouti apr\u00e8s plusieurs mois \u00e0 une reconnaissance de son dipl\u00f4me.<\/p>\n","protected":false},"excerpt":{"rendered":"<p>Hugo M., 30 ans, originaire du territoire de Belfort. Apr\u00e8s un baccalaur\u00e9at de&nbsp;Technicien en construction m\u00e9canique, je travaille en int\u00e9rim \u00e0 GEC Alsthom \u00e0 Belfort, puis je suis embauch\u00e9. Je me vois confier des responsabilit\u00e9s croissantes dans les diff\u00e9rents postes que j&rsquo;occupe. En parall\u00e8le, je suis une formation en&nbsp;R\u00e9sistance des mat\u00e9riaux, je m\u2019inscris en cours &#8230; <a title=\"Les 3 r\u00e9alisations dont je suis le plus fier : exemple de Hugo\" class=\"read-more\" href=\"https:\/\/www.univ-lorraine.fr\/orientation-insertion-professionnelle\/ressources\/stage-emploi-et-alternance\/bilan-projet\/les-3-realisations-dont-je-suis-le-plus-fier-exemple-de-hugo\/\" aria-label=\"En savoir plus sur Les 3 r\u00e9alisations dont je suis le plus fier : exemple de Hugo\">Lire plus<\/a><\/p>\n","protected":false},"author":72,"featured_media":0,"parent":2118,"menu_order":0,"comment_status":"closed","ping_status":"closed","template":"","meta":{"inline_featured_image":false,"footnotes":""},"categories":[17,15],"tags":[],"class_list":{"0":"post-2609","1":"page","2":"type-page","3":"status-publish","5":"category-conseils","6":"category-insertion-professionnelle"},"yoast_head":"<!-- This site is optimized with the Yoast SEO plugin v27.4 - https:\/\/yoast.com\/product\/yoast-seo-wordpress\/ -->\n<title>Les 3 r\u00e9alisations dont je suis le plus fier : exemple de Hugo - Orientation et insertion professionnelle<\/title>\n<meta name=\"robots\" content=\"index, follow, max-snippet:-1, max-image-preview:large, max-video-preview:-1\" \/>\n<link rel=\"canonical\" href=\"https:\/\/www.univ-lorraine.fr\/orientation-insertion-professionnelle\/ressources\/stage-emploi-et-alternance\/bilan-projet\/les-3-realisations-dont-je-suis-le-plus-fier-exemple-de-hugo\/\" \/>\n<meta property=\"og:locale\" content=\"fr_FR\" \/>\n<meta property=\"og:type\" content=\"article\" \/>\n<meta property=\"og:title\" content=\"Les 3 r\u00e9alisations dont je suis le plus fier : exemple de Hugo - Orientation et insertion professionnelle\" \/>\n<meta property=\"og:description\" content=\"Hugo M., 30 ans, originaire du territoire de Belfort. Apr\u00e8s un baccalaur\u00e9at de&nbsp;Technicien en construction m\u00e9canique, je travaille en int\u00e9rim \u00e0 GEC Alsthom \u00e0 Belfort, puis je suis embauch\u00e9. Je me vois confier des responsabilit\u00e9s croissantes dans les diff\u00e9rents postes que j&rsquo;occupe. En parall\u00e8le, je suis une formation en&nbsp;R\u00e9sistance des mat\u00e9riaux, je m\u2019inscris en cours ... Lire plus\" \/>\n<meta property=\"og:url\" content=\"https:\/\/www.univ-lorraine.fr\/orientation-insertion-professionnelle\/ressources\/stage-emploi-et-alternance\/bilan-projet\/les-3-realisations-dont-je-suis-le-plus-fier-exemple-de-hugo\/\" \/>\n<meta property=\"og:site_name\" content=\"Orientation et insertion professionnelle\" \/>\n<meta property=\"article:modified_time\" content=\"2022-09-19T11:48:52+00:00\" \/>\n<meta name=\"twitter:card\" content=\"summary_large_image\" \/>\n<meta name=\"twitter:label1\" content=\"Dur\u00e9e de lecture estim\u00e9e\" \/>\n\t<meta name=\"twitter:data1\" content=\"2 minutes\" \/>\n<script type=\"application\/ld+json\" class=\"yoast-schema-graph\">{\"@context\":\"https:\\\/\\\/schema.org\",\"@graph\":[{\"@type\":\"WebPage\",\"@id\":\"https:\\\/\\\/www.univ-lorraine.fr\\\/orientation-insertion-professionnelle\\\/ressources\\\/stage-emploi-et-alternance\\\/bilan-projet\\\/les-3-realisations-dont-je-suis-le-plus-fier-exemple-de-hugo\\\/\",\"url\":\"https:\\\/\\\/www.univ-lorraine.fr\\\/orientation-insertion-professionnelle\\\/ressources\\\/stage-emploi-et-alternance\\\/bilan-projet\\\/les-3-realisations-dont-je-suis-le-plus-fier-exemple-de-hugo\\\/\",\"name\":\"Les 3 r\u00e9alisations dont je suis le plus fier : exemple de Hugo - Orientation et insertion professionnelle\",\"isPartOf\":{\"@id\":\"https:\\\/\\\/www.univ-lorraine.fr\\\/orientation-insertion-professionnelle\\\/#website\"},\"datePublished\":\"2021-10-28T09:17:49+00:00\",\"dateModified\":\"2022-09-19T11:48:52+00:00\",\"breadcrumb\":{\"@id\":\"https:\\\/\\\/www.univ-lorraine.fr\\\/orientation-insertion-professionnelle\\\/ressources\\\/stage-emploi-et-alternance\\\/bilan-projet\\\/les-3-realisations-dont-je-suis-le-plus-fier-exemple-de-hugo\\\/#breadcrumb\"},\"inLanguage\":\"fr-FR\",\"potentialAction\":[{\"@type\":\"ReadAction\",\"target\":[\"https:\\\/\\\/www.univ-lorraine.fr\\\/orientation-insertion-professionnelle\\\/ressources\\\/stage-emploi-et-alternance\\\/bilan-projet\\\/les-3-realisations-dont-je-suis-le-plus-fier-exemple-de-hugo\\\/\"]}]},{\"@type\":\"BreadcrumbList\",\"@id\":\"https:\\\/\\\/www.univ-lorraine.fr\\\/orientation-insertion-professionnelle\\\/ressources\\\/stage-emploi-et-alternance\\\/bilan-projet\\\/les-3-realisations-dont-je-suis-le-plus-fier-exemple-de-hugo\\\/#breadcrumb\",\"itemListElement\":[{\"@type\":\"ListItem\",\"position\":1,\"name\":\"Accueil\",\"item\":\"https:\\\/\\\/www.univ-lorraine.fr\\\/orientation-insertion-professionnelle\\\/\"},{\"@type\":\"ListItem\",\"position\":2,\"name\":\"Ressources\",\"item\":\"https:\\\/\\\/www.univ-lorraine.fr\\\/orientation-insertion-professionnelle\\\/ressources\\\/\"},{\"@type\":\"ListItem\",\"position\":3,\"name\":\"Stage, emploi et alternance\",\"item\":\"https:\\\/\\\/www.univ-lorraine.fr\\\/orientation-insertion-professionnelle\\\/ressources\\\/stage-emploi-et-alternance\\\/\"},{\"@type\":\"ListItem\",\"position\":4,\"name\":\"Bilan \\\/ projet\",\"item\":\"https:\\\/\\\/www.univ-lorraine.fr\\\/orientation-insertion-professionnelle\\\/ressources\\\/stage-emploi-et-alternance\\\/bilan-projet\\\/\"},{\"@type\":\"ListItem\",\"position\":5,\"name\":\"Les 3 r\u00e9alisations dont je suis le plus fier : exemple de Hugo\"}]},{\"@type\":\"WebSite\",\"@id\":\"https:\\\/\\\/www.univ-lorraine.fr\\\/orientation-insertion-professionnelle\\\/#website\",\"url\":\"https:\\\/\\\/www.univ-lorraine.fr\\\/orientation-insertion-professionnelle\\\/\",\"name\":\"Orientation et insertion professionnelle\",\"description\":\"\",\"publisher\":{\"@id\":\"https:\\\/\\\/www.univ-lorraine.fr\\\/orientation-insertion-professionnelle\\\/#organization\"},\"potentialAction\":[{\"@type\":\"SearchAction\",\"target\":{\"@type\":\"EntryPoint\",\"urlTemplate\":\"https:\\\/\\\/www.univ-lorraine.fr\\\/orientation-insertion-professionnelle\\\/?s={search_term_string}\"},\"query-input\":{\"@type\":\"PropertyValueSpecification\",\"valueRequired\":true,\"valueName\":\"search_term_string\"}}],\"inLanguage\":\"fr-FR\"},{\"@type\":\"Organization\",\"@id\":\"https:\\\/\\\/www.univ-lorraine.fr\\\/orientation-insertion-professionnelle\\\/#organization\",\"name\":\"Universit\u00e9 de Lorraine\",\"url\":\"https:\\\/\\\/www.univ-lorraine.fr\\\/orientation-insertion-professionnelle\\\/\",\"logo\":{\"@type\":\"ImageObject\",\"inLanguage\":\"fr-FR\",\"@id\":\"https:\\\/\\\/www.univ-lorraine.fr\\\/orientation-insertion-professionnelle\\\/#\\\/schema\\\/logo\\\/image\\\/\",\"url\":\"https:\\\/\\\/www.univ-lorraine.fr\\\/orientation-insertion-professionnelle\\\/wp-content\\\/uploads\\\/sites\\\/7\\\/2023\\\/04\\\/logo_siteweb2_Plan-de-travail-1.png\",\"contentUrl\":\"https:\\\/\\\/www.univ-lorraine.fr\\\/orientation-insertion-professionnelle\\\/wp-content\\\/uploads\\\/sites\\\/7\\\/2023\\\/04\\\/logo_siteweb2_Plan-de-travail-1.png\",\"width\":852,\"height\":492,\"caption\":\"Universit\u00e9 de Lorraine\"},\"image\":{\"@id\":\"https:\\\/\\\/www.univ-lorraine.fr\\\/orientation-insertion-professionnelle\\\/#\\\/schema\\\/logo\\\/image\\\/\"}}]}<\/script>\n<!-- \/ Yoast SEO plugin. -->","yoast_head_json":{"title":"Les 3 r\u00e9alisations dont je suis le plus fier : exemple de Hugo - Orientation et insertion professionnelle","robots":{"index":"index","follow":"follow","max-snippet":"max-snippet:-1","max-image-preview":"max-image-preview:large","max-video-preview":"max-video-preview:-1"},"canonical":"https:\/\/www.univ-lorraine.fr\/orientation-insertion-professionnelle\/ressources\/stage-emploi-et-alternance\/bilan-projet\/les-3-realisations-dont-je-suis-le-plus-fier-exemple-de-hugo\/","og_locale":"fr_FR","og_type":"article","og_title":"Les 3 r\u00e9alisations dont je suis le plus fier : exemple de Hugo - Orientation et insertion professionnelle","og_description":"Hugo M., 30 ans, originaire du territoire de Belfort. Apr\u00e8s un baccalaur\u00e9at de&nbsp;Technicien en construction m\u00e9canique, je travaille en int\u00e9rim \u00e0 GEC Alsthom \u00e0 Belfort, puis je suis embauch\u00e9. Je me vois confier des responsabilit\u00e9s croissantes dans les diff\u00e9rents postes que j&rsquo;occupe. En parall\u00e8le, je suis une formation en&nbsp;R\u00e9sistance des mat\u00e9riaux, je m\u2019inscris en cours ... Lire plus","og_url":"https:\/\/www.univ-lorraine.fr\/orientation-insertion-professionnelle\/ressources\/stage-emploi-et-alternance\/bilan-projet\/les-3-realisations-dont-je-suis-le-plus-fier-exemple-de-hugo\/","og_site_name":"Orientation et insertion professionnelle","article_modified_time":"2022-09-19T11:48:52+00:00","twitter_card":"summary_large_image","twitter_misc":{"Dur\u00e9e de lecture estim\u00e9e":"2 minutes"},"schema":{"@context":"https:\/\/schema.org","@graph":[{"@type":"WebPage","@id":"https:\/\/www.univ-lorraine.fr\/orientation-insertion-professionnelle\/ressources\/stage-emploi-et-alternance\/bilan-projet\/les-3-realisations-dont-je-suis-le-plus-fier-exemple-de-hugo\/","url":"https:\/\/www.univ-lorraine.fr\/orientation-insertion-professionnelle\/ressources\/stage-emploi-et-alternance\/bilan-projet\/les-3-realisations-dont-je-suis-le-plus-fier-exemple-de-hugo\/","name":"Les 3 r\u00e9alisations dont je suis le plus fier : exemple de Hugo - Orientation et insertion professionnelle","isPartOf":{"@id":"https:\/\/www.univ-lorraine.fr\/orientation-insertion-professionnelle\/#website"},"datePublished":"2021-10-28T09:17:49+00:00","dateModified":"2022-09-19T11:48:52+00:00","breadcrumb":{"@id":"https:\/\/www.univ-lorraine.fr\/orientation-insertion-professionnelle\/ressources\/stage-emploi-et-alternance\/bilan-projet\/les-3-realisations-dont-je-suis-le-plus-fier-exemple-de-hugo\/#breadcrumb"},"inLanguage":"fr-FR","potentialAction":[{"@type":"ReadAction","target":["https:\/\/www.univ-lorraine.fr\/orientation-insertion-professionnelle\/ressources\/stage-emploi-et-alternance\/bilan-projet\/les-3-realisations-dont-je-suis-le-plus-fier-exemple-de-hugo\/"]}]},{"@type":"BreadcrumbList","@id":"https:\/\/www.univ-lorraine.fr\/orientation-insertion-professionnelle\/ressources\/stage-emploi-et-alternance\/bilan-projet\/les-3-realisations-dont-je-suis-le-plus-fier-exemple-de-hugo\/#breadcrumb","itemListElement":[{"@type":"ListItem","position":1,"name":"Accueil","item":"https:\/\/www.univ-lorraine.fr\/orientation-insertion-professionnelle\/"},{"@type":"ListItem","position":2,"name":"Ressources","item":"https:\/\/www.univ-lorraine.fr\/orientation-insertion-professionnelle\/ressources\/"},{"@type":"ListItem","position":3,"name":"Stage, emploi et alternance","item":"https:\/\/www.univ-lorraine.fr\/orientation-insertion-professionnelle\/ressources\/stage-emploi-et-alternance\/"},{"@type":"ListItem","position":4,"name":"Bilan \/ projet","item":"https:\/\/www.univ-lorraine.fr\/orientation-insertion-professionnelle\/ressources\/stage-emploi-et-alternance\/bilan-projet\/"},{"@type":"ListItem","position":5,"name":"Les 3 r\u00e9alisations dont je suis le plus fier : exemple de Hugo"}]},{"@type":"WebSite","@id":"https:\/\/www.univ-lorraine.fr\/orientation-insertion-professionnelle\/#website","url":"https:\/\/www.univ-lorraine.fr\/orientation-insertion-professionnelle\/","name":"Orientation et insertion professionnelle","description":"","publisher":{"@id":"https:\/\/www.univ-lorraine.fr\/orientation-insertion-professionnelle\/#organization"},"potentialAction":[{"@type":"SearchAction","target":{"@type":"EntryPoint","urlTemplate":"https:\/\/www.univ-lorraine.fr\/orientation-insertion-professionnelle\/?s={search_term_string}"},"query-input":{"@type":"PropertyValueSpecification","valueRequired":true,"valueName":"search_term_string"}}],"inLanguage":"fr-FR"},{"@type":"Organization","@id":"https:\/\/www.univ-lorraine.fr\/orientation-insertion-professionnelle\/#organization","name":"Universit\u00e9 de Lorraine","url":"https:\/\/www.univ-lorraine.fr\/orientation-insertion-professionnelle\/","logo":{"@type":"ImageObject","inLanguage":"fr-FR","@id":"https:\/\/www.univ-lorraine.fr\/orientation-insertion-professionnelle\/#\/schema\/logo\/image\/","url":"https:\/\/www.univ-lorraine.fr\/orientation-insertion-professionnelle\/wp-content\/uploads\/sites\/7\/2023\/04\/logo_siteweb2_Plan-de-travail-1.png","contentUrl":"https:\/\/www.univ-lorraine.fr\/orientation-insertion-professionnelle\/wp-content\/uploads\/sites\/7\/2023\/04\/logo_siteweb2_Plan-de-travail-1.png","width":852,"height":492,"caption":"Universit\u00e9 de Lorraine"},"image":{"@id":"https:\/\/www.univ-lorraine.fr\/orientation-insertion-professionnelle\/#\/schema\/logo\/image\/"}}]}},"_links":{"self":[{"href":"https:\/\/www.univ-lorraine.fr\/orientation-insertion-professionnelle\/wp-json\/wp\/v2\/pages\/2609","targetHints":{"allow":["GET"]}}],"collection":[{"href":"https:\/\/www.univ-lorraine.fr\/orientation-insertion-professionnelle\/wp-json\/wp\/v2\/pages"}],"about":[{"href":"https:\/\/www.univ-lorraine.fr\/orientation-insertion-professionnelle\/wp-json\/wp\/v2\/types\/page"}],"author":[{"embeddable":true,"href":"https:\/\/www.univ-lorraine.fr\/orientation-insertion-professionnelle\/wp-json\/wp\/v2\/users\/72"}],"replies":[{"embeddable":true,"href":"https:\/\/www.univ-lorraine.fr\/orientation-insertion-professionnelle\/wp-json\/wp\/v2\/comments?post=2609"}],"version-history":[{"count":1,"href":"https:\/\/www.univ-lorraine.fr\/orientation-insertion-professionnelle\/wp-json\/wp\/v2\/pages\/2609\/revisions"}],"predecessor-version":[{"id":2610,"href":"https:\/\/www.univ-lorraine.fr\/orientation-insertion-professionnelle\/wp-json\/wp\/v2\/pages\/2609\/revisions\/2610"}],"up":[{"embeddable":true,"href":"https:\/\/www.univ-lorraine.fr\/orientation-insertion-professionnelle\/wp-json\/wp\/v2\/pages\/2118"}],"wp:attachment":[{"href":"https:\/\/www.univ-lorraine.fr\/orientation-insertion-professionnelle\/wp-json\/wp\/v2\/media?parent=2609"}],"wp:term":[{"taxonomy":"category","embeddable":true,"href":"https:\/\/www.univ-lorraine.fr\/orientation-insertion-professionnelle\/wp-json\/wp\/v2\/categories?post=2609"},{"taxonomy":"post_tag","embeddable":true,"href":"https:\/\/www.univ-lorraine.fr\/orientation-insertion-professionnelle\/wp-json\/wp\/v2\/tags?post=2609"}],"curies":[{"name":"wp","href":"https:\/\/api.w.org\/{rel}","templated":true}]}}