{"id":2612,"date":"2021-10-28T11:18:13","date_gmt":"2021-10-28T09:18:13","guid":{"rendered":"https:\/\/www.univ-lorraine.fr\/orientation-insertion-professionnelle\/?page_id=2612"},"modified":"2022-09-19T13:51:43","modified_gmt":"2022-09-19T11:51:43","slug":"le-progres-par-lechec-le-temoignage-de-manon","status":"publish","type":"page","link":"https:\/\/www.univ-lorraine.fr\/orientation-insertion-professionnelle\/ressources\/stage-emploi-et-alternance\/bilan-projet\/le-progres-par-lechec-le-temoignage-de-manon\/","title":{"rendered":"Le progr\u00e8s par l&rsquo;\u00e9chec : Le t\u00e9moignage de Manon"},"content":{"rendered":"<div class=\"gb-container gb-container-1ae3649e\"><div class=\"gb-inside-container\">\n\n<p>Manon D, 27 ans, doctorant en neurobiologie.<\/p>\n\n\n\n<p><strong>Parcours de Manon<\/strong><br><br>2 exemples qui m\u2019ont permis de progresser :<br><\/p>\n\n\n\n<ul class=\"wp-block-list\"><li>Mon \u00e9chec en Paces 2 ann\u00e9es de suite.<\/li><\/ul>\n\n\n\n<p>Pourquoi ?<br><br>Par manque de travail et de m\u00e9thodologie.<br>Mais surtout par manque d\u2019int\u00e9r\u00eat parce que ce n\u2019\u00e9tait pas mon choix, mais celui de mes parents et je ne voulais pas les d\u00e9cevoir.<br><br>Finalement, je suis ravi d\u2019avoir \u00e9chou\u00e9 en Paces car cela m\u2019a permis de m\u2019orienter vers la formation qui me plaisait.<br><br><\/p>\n\n\n\n<ul class=\"wp-block-list\"><li>Dois-je arr\u00eater ma th\u00e8se maintenant, avant qu\u2019elle ne soit termin\u00e9e ?<\/li><\/ul>\n\n\n\n<p><br>Est-ce que je le vivrai comme un \u00e9chec ? Que diront les autres ?<br><br>En faisant le bilan de mon parcours, je m\u2019aper\u00e7ois que je suis plus un homme d\u2019action qu\u2019un chercheur.<br>Je pr\u00e9f\u00e8re des objectifs \u00e0 court terme (1 \u00e0 2 mois) ou moyen terme (6 mois) plut\u00f4t qu\u2019\u00e0 long terme (3 \u00e0 4 ans, comme une th\u00e8se).<br><br>Apr\u00e8s analyse, je ne peux pas arr\u00eater ma th\u00e8se sans avoir trouv\u00e9 un job qui me corresponde.<br><br><strong>Le\u00e7on tir\u00e9e de ces exp\u00e9riences<\/strong><br><br>Je dois prendre les d\u00e9cisions sans penser au regard des autres. Etre plus s\u00fbre de moi<\/p>\n\n<\/div><\/div>","protected":false},"excerpt":{"rendered":"<p>Manon D, 27 ans, doctorant en neurobiologie. Parcours de Manon 2 exemples qui m\u2019ont permis de progresser : Mon \u00e9chec en Paces 2 ann\u00e9es de suite. Pourquoi ? Par manque de travail et de m\u00e9thodologie.Mais surtout par manque d\u2019int\u00e9r\u00eat parce que ce n\u2019\u00e9tait pas mon choix, mais celui de mes parents et je ne voulais &#8230; <a title=\"Le progr\u00e8s par l&rsquo;\u00e9chec : Le t\u00e9moignage de Manon\" class=\"read-more\" href=\"https:\/\/www.univ-lorraine.fr\/orientation-insertion-professionnelle\/ressources\/stage-emploi-et-alternance\/bilan-projet\/le-progres-par-lechec-le-temoignage-de-manon\/\" aria-label=\"En savoir plus sur Le progr\u00e8s par l&rsquo;\u00e9chec : Le t\u00e9moignage de Manon\">Lire plus<\/a><\/p>\n","protected":false},"author":72,"featured_media":0,"parent":2118,"menu_order":0,"comment_status":"closed","ping_status":"closed","template":"","meta":{"inline_featured_image":false,"footnotes":""},"categories":[17,15],"tags":[],"class_list":{"0":"post-2612","1":"page","2":"type-page","3":"status-publish","5":"category-conseils","6":"category-insertion-professionnelle"},"yoast_head":"<!-- This site is optimized with the Yoast SEO plugin v27.4 - https:\/\/yoast.com\/product\/yoast-seo-wordpress\/ -->\n<title>Le progr\u00e8s par l&#039;\u00e9chec : Le t\u00e9moignage de Manon - Orientation et insertion professionnelle<\/title>\n<meta name=\"robots\" content=\"index, follow, max-snippet:-1, max-image-preview:large, max-video-preview:-1\" \/>\n<link rel=\"canonical\" href=\"https:\/\/www.univ-lorraine.fr\/orientation-insertion-professionnelle\/ressources\/stage-emploi-et-alternance\/bilan-projet\/le-progres-par-lechec-le-temoignage-de-manon\/\" \/>\n<meta property=\"og:locale\" content=\"fr_FR\" \/>\n<meta property=\"og:type\" content=\"article\" \/>\n<meta property=\"og:title\" content=\"Le progr\u00e8s par l&#039;\u00e9chec : Le t\u00e9moignage de Manon - Orientation et insertion professionnelle\" \/>\n<meta property=\"og:description\" content=\"Manon D, 27 ans, doctorant en neurobiologie. Parcours de Manon 2 exemples qui m\u2019ont permis de progresser : Mon \u00e9chec en Paces 2 ann\u00e9es de suite. Pourquoi ? Par manque de travail et de m\u00e9thodologie.Mais surtout par manque d\u2019int\u00e9r\u00eat parce que ce n\u2019\u00e9tait pas mon choix, mais celui de mes parents et je ne voulais ... Lire plus\" \/>\n<meta property=\"og:url\" content=\"https:\/\/www.univ-lorraine.fr\/orientation-insertion-professionnelle\/ressources\/stage-emploi-et-alternance\/bilan-projet\/le-progres-par-lechec-le-temoignage-de-manon\/\" \/>\n<meta property=\"og:site_name\" content=\"Orientation et insertion professionnelle\" \/>\n<meta property=\"article:modified_time\" content=\"2022-09-19T11:51:43+00:00\" \/>\n<meta name=\"twitter:card\" content=\"summary_large_image\" \/>\n<meta name=\"twitter:label1\" content=\"Dur\u00e9e de lecture estim\u00e9e\" \/>\n\t<meta name=\"twitter:data1\" content=\"1 minute\" \/>\n<script type=\"application\/ld+json\" class=\"yoast-schema-graph\">{\"@context\":\"https:\\\/\\\/schema.org\",\"@graph\":[{\"@type\":\"WebPage\",\"@id\":\"https:\\\/\\\/www.univ-lorraine.fr\\\/orientation-insertion-professionnelle\\\/ressources\\\/stage-emploi-et-alternance\\\/bilan-projet\\\/le-progres-par-lechec-le-temoignage-de-manon\\\/\",\"url\":\"https:\\\/\\\/www.univ-lorraine.fr\\\/orientation-insertion-professionnelle\\\/ressources\\\/stage-emploi-et-alternance\\\/bilan-projet\\\/le-progres-par-lechec-le-temoignage-de-manon\\\/\",\"name\":\"Le progr\u00e8s par l'\u00e9chec : Le t\u00e9moignage de Manon - Orientation et insertion professionnelle\",\"isPartOf\":{\"@id\":\"https:\\\/\\\/www.univ-lorraine.fr\\\/orientation-insertion-professionnelle\\\/#website\"},\"datePublished\":\"2021-10-28T09:18:13+00:00\",\"dateModified\":\"2022-09-19T11:51:43+00:00\",\"breadcrumb\":{\"@id\":\"https:\\\/\\\/www.univ-lorraine.fr\\\/orientation-insertion-professionnelle\\\/ressources\\\/stage-emploi-et-alternance\\\/bilan-projet\\\/le-progres-par-lechec-le-temoignage-de-manon\\\/#breadcrumb\"},\"inLanguage\":\"fr-FR\",\"potentialAction\":[{\"@type\":\"ReadAction\",\"target\":[\"https:\\\/\\\/www.univ-lorraine.fr\\\/orientation-insertion-professionnelle\\\/ressources\\\/stage-emploi-et-alternance\\\/bilan-projet\\\/le-progres-par-lechec-le-temoignage-de-manon\\\/\"]}]},{\"@type\":\"BreadcrumbList\",\"@id\":\"https:\\\/\\\/www.univ-lorraine.fr\\\/orientation-insertion-professionnelle\\\/ressources\\\/stage-emploi-et-alternance\\\/bilan-projet\\\/le-progres-par-lechec-le-temoignage-de-manon\\\/#breadcrumb\",\"itemListElement\":[{\"@type\":\"ListItem\",\"position\":1,\"name\":\"Accueil\",\"item\":\"https:\\\/\\\/www.univ-lorraine.fr\\\/orientation-insertion-professionnelle\\\/\"},{\"@type\":\"ListItem\",\"position\":2,\"name\":\"Ressources\",\"item\":\"https:\\\/\\\/www.univ-lorraine.fr\\\/orientation-insertion-professionnelle\\\/ressources\\\/\"},{\"@type\":\"ListItem\",\"position\":3,\"name\":\"Stage, emploi et alternance\",\"item\":\"https:\\\/\\\/www.univ-lorraine.fr\\\/orientation-insertion-professionnelle\\\/ressources\\\/stage-emploi-et-alternance\\\/\"},{\"@type\":\"ListItem\",\"position\":4,\"name\":\"Bilan \\\/ projet\",\"item\":\"https:\\\/\\\/www.univ-lorraine.fr\\\/orientation-insertion-professionnelle\\\/ressources\\\/stage-emploi-et-alternance\\\/bilan-projet\\\/\"},{\"@type\":\"ListItem\",\"position\":5,\"name\":\"Le progr\u00e8s par l&#8217;\u00e9chec : Le t\u00e9moignage de Manon\"}]},{\"@type\":\"WebSite\",\"@id\":\"https:\\\/\\\/www.univ-lorraine.fr\\\/orientation-insertion-professionnelle\\\/#website\",\"url\":\"https:\\\/\\\/www.univ-lorraine.fr\\\/orientation-insertion-professionnelle\\\/\",\"name\":\"Orientation et insertion professionnelle\",\"description\":\"\",\"publisher\":{\"@id\":\"https:\\\/\\\/www.univ-lorraine.fr\\\/orientation-insertion-professionnelle\\\/#organization\"},\"potentialAction\":[{\"@type\":\"SearchAction\",\"target\":{\"@type\":\"EntryPoint\",\"urlTemplate\":\"https:\\\/\\\/www.univ-lorraine.fr\\\/orientation-insertion-professionnelle\\\/?s={search_term_string}\"},\"query-input\":{\"@type\":\"PropertyValueSpecification\",\"valueRequired\":true,\"valueName\":\"search_term_string\"}}],\"inLanguage\":\"fr-FR\"},{\"@type\":\"Organization\",\"@id\":\"https:\\\/\\\/www.univ-lorraine.fr\\\/orientation-insertion-professionnelle\\\/#organization\",\"name\":\"Universit\u00e9 de Lorraine\",\"url\":\"https:\\\/\\\/www.univ-lorraine.fr\\\/orientation-insertion-professionnelle\\\/\",\"logo\":{\"@type\":\"ImageObject\",\"inLanguage\":\"fr-FR\",\"@id\":\"https:\\\/\\\/www.univ-lorraine.fr\\\/orientation-insertion-professionnelle\\\/#\\\/schema\\\/logo\\\/image\\\/\",\"url\":\"https:\\\/\\\/www.univ-lorraine.fr\\\/orientation-insertion-professionnelle\\\/wp-content\\\/uploads\\\/sites\\\/7\\\/2023\\\/04\\\/logo_siteweb2_Plan-de-travail-1.png\",\"contentUrl\":\"https:\\\/\\\/www.univ-lorraine.fr\\\/orientation-insertion-professionnelle\\\/wp-content\\\/uploads\\\/sites\\\/7\\\/2023\\\/04\\\/logo_siteweb2_Plan-de-travail-1.png\",\"width\":852,\"height\":492,\"caption\":\"Universit\u00e9 de Lorraine\"},\"image\":{\"@id\":\"https:\\\/\\\/www.univ-lorraine.fr\\\/orientation-insertion-professionnelle\\\/#\\\/schema\\\/logo\\\/image\\\/\"}}]}<\/script>\n<!-- \/ Yoast SEO plugin. -->","yoast_head_json":{"title":"Le progr\u00e8s par l'\u00e9chec : Le t\u00e9moignage de Manon - Orientation et insertion professionnelle","robots":{"index":"index","follow":"follow","max-snippet":"max-snippet:-1","max-image-preview":"max-image-preview:large","max-video-preview":"max-video-preview:-1"},"canonical":"https:\/\/www.univ-lorraine.fr\/orientation-insertion-professionnelle\/ressources\/stage-emploi-et-alternance\/bilan-projet\/le-progres-par-lechec-le-temoignage-de-manon\/","og_locale":"fr_FR","og_type":"article","og_title":"Le progr\u00e8s par l'\u00e9chec : Le t\u00e9moignage de Manon - Orientation et insertion professionnelle","og_description":"Manon D, 27 ans, doctorant en neurobiologie. Parcours de Manon 2 exemples qui m\u2019ont permis de progresser : Mon \u00e9chec en Paces 2 ann\u00e9es de suite. Pourquoi ? Par manque de travail et de m\u00e9thodologie.Mais surtout par manque d\u2019int\u00e9r\u00eat parce que ce n\u2019\u00e9tait pas mon choix, mais celui de mes parents et je ne voulais ... Lire plus","og_url":"https:\/\/www.univ-lorraine.fr\/orientation-insertion-professionnelle\/ressources\/stage-emploi-et-alternance\/bilan-projet\/le-progres-par-lechec-le-temoignage-de-manon\/","og_site_name":"Orientation et insertion professionnelle","article_modified_time":"2022-09-19T11:51:43+00:00","twitter_card":"summary_large_image","twitter_misc":{"Dur\u00e9e de lecture estim\u00e9e":"1 minute"},"schema":{"@context":"https:\/\/schema.org","@graph":[{"@type":"WebPage","@id":"https:\/\/www.univ-lorraine.fr\/orientation-insertion-professionnelle\/ressources\/stage-emploi-et-alternance\/bilan-projet\/le-progres-par-lechec-le-temoignage-de-manon\/","url":"https:\/\/www.univ-lorraine.fr\/orientation-insertion-professionnelle\/ressources\/stage-emploi-et-alternance\/bilan-projet\/le-progres-par-lechec-le-temoignage-de-manon\/","name":"Le progr\u00e8s par l'\u00e9chec : Le t\u00e9moignage de Manon - Orientation et insertion professionnelle","isPartOf":{"@id":"https:\/\/www.univ-lorraine.fr\/orientation-insertion-professionnelle\/#website"},"datePublished":"2021-10-28T09:18:13+00:00","dateModified":"2022-09-19T11:51:43+00:00","breadcrumb":{"@id":"https:\/\/www.univ-lorraine.fr\/orientation-insertion-professionnelle\/ressources\/stage-emploi-et-alternance\/bilan-projet\/le-progres-par-lechec-le-temoignage-de-manon\/#breadcrumb"},"inLanguage":"fr-FR","potentialAction":[{"@type":"ReadAction","target":["https:\/\/www.univ-lorraine.fr\/orientation-insertion-professionnelle\/ressources\/stage-emploi-et-alternance\/bilan-projet\/le-progres-par-lechec-le-temoignage-de-manon\/"]}]},{"@type":"BreadcrumbList","@id":"https:\/\/www.univ-lorraine.fr\/orientation-insertion-professionnelle\/ressources\/stage-emploi-et-alternance\/bilan-projet\/le-progres-par-lechec-le-temoignage-de-manon\/#breadcrumb","itemListElement":[{"@type":"ListItem","position":1,"name":"Accueil","item":"https:\/\/www.univ-lorraine.fr\/orientation-insertion-professionnelle\/"},{"@type":"ListItem","position":2,"name":"Ressources","item":"https:\/\/www.univ-lorraine.fr\/orientation-insertion-professionnelle\/ressources\/"},{"@type":"ListItem","position":3,"name":"Stage, emploi et alternance","item":"https:\/\/www.univ-lorraine.fr\/orientation-insertion-professionnelle\/ressources\/stage-emploi-et-alternance\/"},{"@type":"ListItem","position":4,"name":"Bilan \/ projet","item":"https:\/\/www.univ-lorraine.fr\/orientation-insertion-professionnelle\/ressources\/stage-emploi-et-alternance\/bilan-projet\/"},{"@type":"ListItem","position":5,"name":"Le progr\u00e8s par l&#8217;\u00e9chec : Le t\u00e9moignage de Manon"}]},{"@type":"WebSite","@id":"https:\/\/www.univ-lorraine.fr\/orientation-insertion-professionnelle\/#website","url":"https:\/\/www.univ-lorraine.fr\/orientation-insertion-professionnelle\/","name":"Orientation et insertion professionnelle","description":"","publisher":{"@id":"https:\/\/www.univ-lorraine.fr\/orientation-insertion-professionnelle\/#organization"},"potentialAction":[{"@type":"SearchAction","target":{"@type":"EntryPoint","urlTemplate":"https:\/\/www.univ-lorraine.fr\/orientation-insertion-professionnelle\/?s={search_term_string}"},"query-input":{"@type":"PropertyValueSpecification","valueRequired":true,"valueName":"search_term_string"}}],"inLanguage":"fr-FR"},{"@type":"Organization","@id":"https:\/\/www.univ-lorraine.fr\/orientation-insertion-professionnelle\/#organization","name":"Universit\u00e9 de Lorraine","url":"https:\/\/www.univ-lorraine.fr\/orientation-insertion-professionnelle\/","logo":{"@type":"ImageObject","inLanguage":"fr-FR","@id":"https:\/\/www.univ-lorraine.fr\/orientation-insertion-professionnelle\/#\/schema\/logo\/image\/","url":"https:\/\/www.univ-lorraine.fr\/orientation-insertion-professionnelle\/wp-content\/uploads\/sites\/7\/2023\/04\/logo_siteweb2_Plan-de-travail-1.png","contentUrl":"https:\/\/www.univ-lorraine.fr\/orientation-insertion-professionnelle\/wp-content\/uploads\/sites\/7\/2023\/04\/logo_siteweb2_Plan-de-travail-1.png","width":852,"height":492,"caption":"Universit\u00e9 de Lorraine"},"image":{"@id":"https:\/\/www.univ-lorraine.fr\/orientation-insertion-professionnelle\/#\/schema\/logo\/image\/"}}]}},"_links":{"self":[{"href":"https:\/\/www.univ-lorraine.fr\/orientation-insertion-professionnelle\/wp-json\/wp\/v2\/pages\/2612","targetHints":{"allow":["GET"]}}],"collection":[{"href":"https:\/\/www.univ-lorraine.fr\/orientation-insertion-professionnelle\/wp-json\/wp\/v2\/pages"}],"about":[{"href":"https:\/\/www.univ-lorraine.fr\/orientation-insertion-professionnelle\/wp-json\/wp\/v2\/types\/page"}],"author":[{"embeddable":true,"href":"https:\/\/www.univ-lorraine.fr\/orientation-insertion-professionnelle\/wp-json\/wp\/v2\/users\/72"}],"replies":[{"embeddable":true,"href":"https:\/\/www.univ-lorraine.fr\/orientation-insertion-professionnelle\/wp-json\/wp\/v2\/comments?post=2612"}],"version-history":[{"count":1,"href":"https:\/\/www.univ-lorraine.fr\/orientation-insertion-professionnelle\/wp-json\/wp\/v2\/pages\/2612\/revisions"}],"predecessor-version":[{"id":2613,"href":"https:\/\/www.univ-lorraine.fr\/orientation-insertion-professionnelle\/wp-json\/wp\/v2\/pages\/2612\/revisions\/2613"}],"up":[{"embeddable":true,"href":"https:\/\/www.univ-lorraine.fr\/orientation-insertion-professionnelle\/wp-json\/wp\/v2\/pages\/2118"}],"wp:attachment":[{"href":"https:\/\/www.univ-lorraine.fr\/orientation-insertion-professionnelle\/wp-json\/wp\/v2\/media?parent=2612"}],"wp:term":[{"taxonomy":"category","embeddable":true,"href":"https:\/\/www.univ-lorraine.fr\/orientation-insertion-professionnelle\/wp-json\/wp\/v2\/categories?post=2612"},{"taxonomy":"post_tag","embeddable":true,"href":"https:\/\/www.univ-lorraine.fr\/orientation-insertion-professionnelle\/wp-json\/wp\/v2\/tags?post=2612"}],"curies":[{"name":"wp","href":"https:\/\/api.w.org\/{rel}","templated":true}]}}