{"id":2614,"date":"2021-10-28T11:18:41","date_gmt":"2021-10-28T09:18:41","guid":{"rendered":"https:\/\/www.univ-lorraine.fr\/orientation-insertion-professionnelle\/?page_id=2614"},"modified":"2022-09-19T13:51:56","modified_gmt":"2022-09-19T11:51:56","slug":"le-progres-par-lechec-le-temoignage-daurelien","status":"publish","type":"page","link":"https:\/\/www.univ-lorraine.fr\/orientation-insertion-professionnelle\/ressources\/stage-emploi-et-alternance\/bilan-projet\/le-progres-par-lechec-le-temoignage-daurelien\/","title":{"rendered":"Le progr\u00e8s par l&rsquo;\u00e9chec : Le t\u00e9moignage d&rsquo;Aur\u00e9lien"},"content":{"rendered":"<div class=\"gb-container gb-container-54697ef6\"><div class=\"gb-inside-container\">\n\n<p>Aur\u00e9lien M., ing\u00e9nieur, en activit\u00e9 professionnelle depuis un peu plus d\u2019un an. A eu un parcours scolaire brillant mais a rencontr\u00e9 de nombreuses difficult\u00e9s \u00e0 la fin de ses \u00e9tudes.<br><br><strong>Parcours d\u2019Aur\u00e9lien<\/strong><br><\/p>\n\n\n\n<ul class=\"wp-block-list\"><li>Mon premier \u00ab\u00a0\u00e9chec\u00a0\u00bb a eu lieu \u00e0 la fin de mes \u00e9tudes d\u2019ing\u00e9nieur.<\/li><\/ul>\n\n\n\n<p><br>Apr\u00e8s 8 mois de stage en entreprise, je devais pr\u00e9senter oralement mon rapport de stage devant un jury de professeurs, d\u2019industriels et ma promotion.<br><br>Quelques semaines avant l\u2019\u00e9ch\u00e9ance, j&rsquo;\u00e9tais incapable d\u2019aligner deux phrases : blocage total. Et plus l\u2019\u00e9ch\u00e9ance approchait, plus j\u2019angoissais.<br><br>J\u2019en ai parl\u00e9 \u00e0 un ami qui m\u2019a aid\u00e9 \u00e0 pr\u00e9parer la pr\u00e9sentation orale du rapport en me filmant. Apr\u00e8s un travail important, de nombreuses r\u00e9p\u00e9titions devant ma glace, j\u2019ai pu surmonter mon stress.<br><br><\/p>\n\n\n\n<ul class=\"wp-block-list\"><li>Le deuxi\u00e8me \u00ab\u00a0\u00e9chec\u00a0\u00bb se situe lors de ma recherche d\u2019emploi apr\u00e8s le dipl\u00f4me.<\/li><\/ul>\n\n\n\n<p><br>Apr\u00e8s de nombreuses candidatures envoy\u00e9es,&nbsp; j&rsquo;ai n\u2019ai obtenu que peu d\u2019entretiens.<br>Et l\u00e0 encore, blocage complet.<br><br>J\u2019ai donc d\u00e9cid\u00e9 de m\u2019attaquer \u00e0 mon probl\u00e8me de timidit\u00e9 en m\u2019inscrivant dans un cours de th\u00e9\u00e2tre. Apr\u00e8s quelques mois, j\u2019\u00e9tais beaucoup plus sur de moi et j\u2019ai d\u00e9croch\u00e9 un entretien qui a \u00e9t\u00e9 concluant.<br>A pr\u00e9sent, \u00e0 25 ans, je suis directeur d\u2019un hypermarch\u00e9 avec soixante salari\u00e9s \u00e0 g\u00e9rer.<br><br><strong>Le\u00e7on tir\u00e9e de ces exp\u00e9riences<\/strong><br><br>Ces \u00e9checs m\u2019ont permis de progresser sur mon savoir-\u00eatre, travailler sur ma timidit\u00e9 et reprendre confiance en moi.<\/p>\n\n<\/div><\/div>","protected":false},"excerpt":{"rendered":"<p>Aur\u00e9lien M., ing\u00e9nieur, en activit\u00e9 professionnelle depuis un peu plus d\u2019un an. A eu un parcours scolaire brillant mais a rencontr\u00e9 de nombreuses difficult\u00e9s \u00e0 la fin de ses \u00e9tudes. Parcours d\u2019Aur\u00e9lien Mon premier \u00ab\u00a0\u00e9chec\u00a0\u00bb a eu lieu \u00e0 la fin de mes \u00e9tudes d\u2019ing\u00e9nieur. Apr\u00e8s 8 mois de stage en entreprise, je devais pr\u00e9senter &#8230; <a title=\"Le progr\u00e8s par l&rsquo;\u00e9chec : Le t\u00e9moignage d&rsquo;Aur\u00e9lien\" class=\"read-more\" href=\"https:\/\/www.univ-lorraine.fr\/orientation-insertion-professionnelle\/ressources\/stage-emploi-et-alternance\/bilan-projet\/le-progres-par-lechec-le-temoignage-daurelien\/\" aria-label=\"En savoir plus sur Le progr\u00e8s par l&rsquo;\u00e9chec : Le t\u00e9moignage d&rsquo;Aur\u00e9lien\">Lire plus<\/a><\/p>\n","protected":false},"author":72,"featured_media":0,"parent":2118,"menu_order":0,"comment_status":"closed","ping_status":"closed","template":"","meta":{"inline_featured_image":false,"footnotes":""},"categories":[17,15],"tags":[],"class_list":{"0":"post-2614","1":"page","2":"type-page","3":"status-publish","5":"category-conseils","6":"category-insertion-professionnelle"},"yoast_head":"<!-- This site is optimized with the Yoast SEO plugin v27.4 - https:\/\/yoast.com\/product\/yoast-seo-wordpress\/ -->\n<title>Le progr\u00e8s par l&#039;\u00e9chec : Le t\u00e9moignage d&#039;Aur\u00e9lien - Orientation et insertion professionnelle<\/title>\n<meta name=\"robots\" content=\"index, follow, max-snippet:-1, max-image-preview:large, max-video-preview:-1\" \/>\n<link rel=\"canonical\" href=\"https:\/\/www.univ-lorraine.fr\/orientation-insertion-professionnelle\/ressources\/stage-emploi-et-alternance\/bilan-projet\/le-progres-par-lechec-le-temoignage-daurelien\/\" \/>\n<meta property=\"og:locale\" content=\"fr_FR\" \/>\n<meta property=\"og:type\" content=\"article\" \/>\n<meta property=\"og:title\" content=\"Le progr\u00e8s par l&#039;\u00e9chec : Le t\u00e9moignage d&#039;Aur\u00e9lien - Orientation et insertion professionnelle\" \/>\n<meta property=\"og:description\" content=\"Aur\u00e9lien M., ing\u00e9nieur, en activit\u00e9 professionnelle depuis un peu plus d\u2019un an. A eu un parcours scolaire brillant mais a rencontr\u00e9 de nombreuses difficult\u00e9s \u00e0 la fin de ses \u00e9tudes. Parcours d\u2019Aur\u00e9lien Mon premier \u00ab\u00a0\u00e9chec\u00a0\u00bb a eu lieu \u00e0 la fin de mes \u00e9tudes d\u2019ing\u00e9nieur. Apr\u00e8s 8 mois de stage en entreprise, je devais pr\u00e9senter ... Lire plus\" \/>\n<meta property=\"og:url\" content=\"https:\/\/www.univ-lorraine.fr\/orientation-insertion-professionnelle\/ressources\/stage-emploi-et-alternance\/bilan-projet\/le-progres-par-lechec-le-temoignage-daurelien\/\" \/>\n<meta property=\"og:site_name\" content=\"Orientation et insertion professionnelle\" \/>\n<meta property=\"article:modified_time\" content=\"2022-09-19T11:51:56+00:00\" \/>\n<meta name=\"twitter:card\" content=\"summary_large_image\" \/>\n<meta name=\"twitter:label1\" content=\"Dur\u00e9e de lecture estim\u00e9e\" \/>\n\t<meta name=\"twitter:data1\" content=\"1 minute\" \/>\n<script type=\"application\/ld+json\" class=\"yoast-schema-graph\">{\"@context\":\"https:\\\/\\\/schema.org\",\"@graph\":[{\"@type\":\"WebPage\",\"@id\":\"https:\\\/\\\/www.univ-lorraine.fr\\\/orientation-insertion-professionnelle\\\/ressources\\\/stage-emploi-et-alternance\\\/bilan-projet\\\/le-progres-par-lechec-le-temoignage-daurelien\\\/\",\"url\":\"https:\\\/\\\/www.univ-lorraine.fr\\\/orientation-insertion-professionnelle\\\/ressources\\\/stage-emploi-et-alternance\\\/bilan-projet\\\/le-progres-par-lechec-le-temoignage-daurelien\\\/\",\"name\":\"Le progr\u00e8s par l'\u00e9chec : Le t\u00e9moignage d'Aur\u00e9lien - Orientation et insertion professionnelle\",\"isPartOf\":{\"@id\":\"https:\\\/\\\/www.univ-lorraine.fr\\\/orientation-insertion-professionnelle\\\/#website\"},\"datePublished\":\"2021-10-28T09:18:41+00:00\",\"dateModified\":\"2022-09-19T11:51:56+00:00\",\"breadcrumb\":{\"@id\":\"https:\\\/\\\/www.univ-lorraine.fr\\\/orientation-insertion-professionnelle\\\/ressources\\\/stage-emploi-et-alternance\\\/bilan-projet\\\/le-progres-par-lechec-le-temoignage-daurelien\\\/#breadcrumb\"},\"inLanguage\":\"fr-FR\",\"potentialAction\":[{\"@type\":\"ReadAction\",\"target\":[\"https:\\\/\\\/www.univ-lorraine.fr\\\/orientation-insertion-professionnelle\\\/ressources\\\/stage-emploi-et-alternance\\\/bilan-projet\\\/le-progres-par-lechec-le-temoignage-daurelien\\\/\"]}]},{\"@type\":\"BreadcrumbList\",\"@id\":\"https:\\\/\\\/www.univ-lorraine.fr\\\/orientation-insertion-professionnelle\\\/ressources\\\/stage-emploi-et-alternance\\\/bilan-projet\\\/le-progres-par-lechec-le-temoignage-daurelien\\\/#breadcrumb\",\"itemListElement\":[{\"@type\":\"ListItem\",\"position\":1,\"name\":\"Accueil\",\"item\":\"https:\\\/\\\/www.univ-lorraine.fr\\\/orientation-insertion-professionnelle\\\/\"},{\"@type\":\"ListItem\",\"position\":2,\"name\":\"Ressources\",\"item\":\"https:\\\/\\\/www.univ-lorraine.fr\\\/orientation-insertion-professionnelle\\\/ressources\\\/\"},{\"@type\":\"ListItem\",\"position\":3,\"name\":\"Stage, emploi et alternance\",\"item\":\"https:\\\/\\\/www.univ-lorraine.fr\\\/orientation-insertion-professionnelle\\\/ressources\\\/stage-emploi-et-alternance\\\/\"},{\"@type\":\"ListItem\",\"position\":4,\"name\":\"Bilan \\\/ projet\",\"item\":\"https:\\\/\\\/www.univ-lorraine.fr\\\/orientation-insertion-professionnelle\\\/ressources\\\/stage-emploi-et-alternance\\\/bilan-projet\\\/\"},{\"@type\":\"ListItem\",\"position\":5,\"name\":\"Le progr\u00e8s par l&#8217;\u00e9chec : Le t\u00e9moignage d&#8217;Aur\u00e9lien\"}]},{\"@type\":\"WebSite\",\"@id\":\"https:\\\/\\\/www.univ-lorraine.fr\\\/orientation-insertion-professionnelle\\\/#website\",\"url\":\"https:\\\/\\\/www.univ-lorraine.fr\\\/orientation-insertion-professionnelle\\\/\",\"name\":\"Orientation et insertion professionnelle\",\"description\":\"\",\"publisher\":{\"@id\":\"https:\\\/\\\/www.univ-lorraine.fr\\\/orientation-insertion-professionnelle\\\/#organization\"},\"potentialAction\":[{\"@type\":\"SearchAction\",\"target\":{\"@type\":\"EntryPoint\",\"urlTemplate\":\"https:\\\/\\\/www.univ-lorraine.fr\\\/orientation-insertion-professionnelle\\\/?s={search_term_string}\"},\"query-input\":{\"@type\":\"PropertyValueSpecification\",\"valueRequired\":true,\"valueName\":\"search_term_string\"}}],\"inLanguage\":\"fr-FR\"},{\"@type\":\"Organization\",\"@id\":\"https:\\\/\\\/www.univ-lorraine.fr\\\/orientation-insertion-professionnelle\\\/#organization\",\"name\":\"Universit\u00e9 de Lorraine\",\"url\":\"https:\\\/\\\/www.univ-lorraine.fr\\\/orientation-insertion-professionnelle\\\/\",\"logo\":{\"@type\":\"ImageObject\",\"inLanguage\":\"fr-FR\",\"@id\":\"https:\\\/\\\/www.univ-lorraine.fr\\\/orientation-insertion-professionnelle\\\/#\\\/schema\\\/logo\\\/image\\\/\",\"url\":\"https:\\\/\\\/www.univ-lorraine.fr\\\/orientation-insertion-professionnelle\\\/wp-content\\\/uploads\\\/sites\\\/7\\\/2023\\\/04\\\/logo_siteweb2_Plan-de-travail-1.png\",\"contentUrl\":\"https:\\\/\\\/www.univ-lorraine.fr\\\/orientation-insertion-professionnelle\\\/wp-content\\\/uploads\\\/sites\\\/7\\\/2023\\\/04\\\/logo_siteweb2_Plan-de-travail-1.png\",\"width\":852,\"height\":492,\"caption\":\"Universit\u00e9 de Lorraine\"},\"image\":{\"@id\":\"https:\\\/\\\/www.univ-lorraine.fr\\\/orientation-insertion-professionnelle\\\/#\\\/schema\\\/logo\\\/image\\\/\"}}]}<\/script>\n<!-- \/ Yoast SEO plugin. -->","yoast_head_json":{"title":"Le progr\u00e8s par l'\u00e9chec : Le t\u00e9moignage d'Aur\u00e9lien - Orientation et insertion professionnelle","robots":{"index":"index","follow":"follow","max-snippet":"max-snippet:-1","max-image-preview":"max-image-preview:large","max-video-preview":"max-video-preview:-1"},"canonical":"https:\/\/www.univ-lorraine.fr\/orientation-insertion-professionnelle\/ressources\/stage-emploi-et-alternance\/bilan-projet\/le-progres-par-lechec-le-temoignage-daurelien\/","og_locale":"fr_FR","og_type":"article","og_title":"Le progr\u00e8s par l'\u00e9chec : Le t\u00e9moignage d'Aur\u00e9lien - Orientation et insertion professionnelle","og_description":"Aur\u00e9lien M., ing\u00e9nieur, en activit\u00e9 professionnelle depuis un peu plus d\u2019un an. A eu un parcours scolaire brillant mais a rencontr\u00e9 de nombreuses difficult\u00e9s \u00e0 la fin de ses \u00e9tudes. Parcours d\u2019Aur\u00e9lien Mon premier \u00ab\u00a0\u00e9chec\u00a0\u00bb a eu lieu \u00e0 la fin de mes \u00e9tudes d\u2019ing\u00e9nieur. Apr\u00e8s 8 mois de stage en entreprise, je devais pr\u00e9senter ... Lire plus","og_url":"https:\/\/www.univ-lorraine.fr\/orientation-insertion-professionnelle\/ressources\/stage-emploi-et-alternance\/bilan-projet\/le-progres-par-lechec-le-temoignage-daurelien\/","og_site_name":"Orientation et insertion professionnelle","article_modified_time":"2022-09-19T11:51:56+00:00","twitter_card":"summary_large_image","twitter_misc":{"Dur\u00e9e de lecture estim\u00e9e":"1 minute"},"schema":{"@context":"https:\/\/schema.org","@graph":[{"@type":"WebPage","@id":"https:\/\/www.univ-lorraine.fr\/orientation-insertion-professionnelle\/ressources\/stage-emploi-et-alternance\/bilan-projet\/le-progres-par-lechec-le-temoignage-daurelien\/","url":"https:\/\/www.univ-lorraine.fr\/orientation-insertion-professionnelle\/ressources\/stage-emploi-et-alternance\/bilan-projet\/le-progres-par-lechec-le-temoignage-daurelien\/","name":"Le progr\u00e8s par l'\u00e9chec : Le t\u00e9moignage d'Aur\u00e9lien - Orientation et insertion professionnelle","isPartOf":{"@id":"https:\/\/www.univ-lorraine.fr\/orientation-insertion-professionnelle\/#website"},"datePublished":"2021-10-28T09:18:41+00:00","dateModified":"2022-09-19T11:51:56+00:00","breadcrumb":{"@id":"https:\/\/www.univ-lorraine.fr\/orientation-insertion-professionnelle\/ressources\/stage-emploi-et-alternance\/bilan-projet\/le-progres-par-lechec-le-temoignage-daurelien\/#breadcrumb"},"inLanguage":"fr-FR","potentialAction":[{"@type":"ReadAction","target":["https:\/\/www.univ-lorraine.fr\/orientation-insertion-professionnelle\/ressources\/stage-emploi-et-alternance\/bilan-projet\/le-progres-par-lechec-le-temoignage-daurelien\/"]}]},{"@type":"BreadcrumbList","@id":"https:\/\/www.univ-lorraine.fr\/orientation-insertion-professionnelle\/ressources\/stage-emploi-et-alternance\/bilan-projet\/le-progres-par-lechec-le-temoignage-daurelien\/#breadcrumb","itemListElement":[{"@type":"ListItem","position":1,"name":"Accueil","item":"https:\/\/www.univ-lorraine.fr\/orientation-insertion-professionnelle\/"},{"@type":"ListItem","position":2,"name":"Ressources","item":"https:\/\/www.univ-lorraine.fr\/orientation-insertion-professionnelle\/ressources\/"},{"@type":"ListItem","position":3,"name":"Stage, emploi et alternance","item":"https:\/\/www.univ-lorraine.fr\/orientation-insertion-professionnelle\/ressources\/stage-emploi-et-alternance\/"},{"@type":"ListItem","position":4,"name":"Bilan \/ projet","item":"https:\/\/www.univ-lorraine.fr\/orientation-insertion-professionnelle\/ressources\/stage-emploi-et-alternance\/bilan-projet\/"},{"@type":"ListItem","position":5,"name":"Le progr\u00e8s par l&#8217;\u00e9chec : Le t\u00e9moignage d&#8217;Aur\u00e9lien"}]},{"@type":"WebSite","@id":"https:\/\/www.univ-lorraine.fr\/orientation-insertion-professionnelle\/#website","url":"https:\/\/www.univ-lorraine.fr\/orientation-insertion-professionnelle\/","name":"Orientation et insertion professionnelle","description":"","publisher":{"@id":"https:\/\/www.univ-lorraine.fr\/orientation-insertion-professionnelle\/#organization"},"potentialAction":[{"@type":"SearchAction","target":{"@type":"EntryPoint","urlTemplate":"https:\/\/www.univ-lorraine.fr\/orientation-insertion-professionnelle\/?s={search_term_string}"},"query-input":{"@type":"PropertyValueSpecification","valueRequired":true,"valueName":"search_term_string"}}],"inLanguage":"fr-FR"},{"@type":"Organization","@id":"https:\/\/www.univ-lorraine.fr\/orientation-insertion-professionnelle\/#organization","name":"Universit\u00e9 de Lorraine","url":"https:\/\/www.univ-lorraine.fr\/orientation-insertion-professionnelle\/","logo":{"@type":"ImageObject","inLanguage":"fr-FR","@id":"https:\/\/www.univ-lorraine.fr\/orientation-insertion-professionnelle\/#\/schema\/logo\/image\/","url":"https:\/\/www.univ-lorraine.fr\/orientation-insertion-professionnelle\/wp-content\/uploads\/sites\/7\/2023\/04\/logo_siteweb2_Plan-de-travail-1.png","contentUrl":"https:\/\/www.univ-lorraine.fr\/orientation-insertion-professionnelle\/wp-content\/uploads\/sites\/7\/2023\/04\/logo_siteweb2_Plan-de-travail-1.png","width":852,"height":492,"caption":"Universit\u00e9 de Lorraine"},"image":{"@id":"https:\/\/www.univ-lorraine.fr\/orientation-insertion-professionnelle\/#\/schema\/logo\/image\/"}}]}},"_links":{"self":[{"href":"https:\/\/www.univ-lorraine.fr\/orientation-insertion-professionnelle\/wp-json\/wp\/v2\/pages\/2614","targetHints":{"allow":["GET"]}}],"collection":[{"href":"https:\/\/www.univ-lorraine.fr\/orientation-insertion-professionnelle\/wp-json\/wp\/v2\/pages"}],"about":[{"href":"https:\/\/www.univ-lorraine.fr\/orientation-insertion-professionnelle\/wp-json\/wp\/v2\/types\/page"}],"author":[{"embeddable":true,"href":"https:\/\/www.univ-lorraine.fr\/orientation-insertion-professionnelle\/wp-json\/wp\/v2\/users\/72"}],"replies":[{"embeddable":true,"href":"https:\/\/www.univ-lorraine.fr\/orientation-insertion-professionnelle\/wp-json\/wp\/v2\/comments?post=2614"}],"version-history":[{"count":2,"href":"https:\/\/www.univ-lorraine.fr\/orientation-insertion-professionnelle\/wp-json\/wp\/v2\/pages\/2614\/revisions"}],"predecessor-version":[{"id":2617,"href":"https:\/\/www.univ-lorraine.fr\/orientation-insertion-professionnelle\/wp-json\/wp\/v2\/pages\/2614\/revisions\/2617"}],"up":[{"embeddable":true,"href":"https:\/\/www.univ-lorraine.fr\/orientation-insertion-professionnelle\/wp-json\/wp\/v2\/pages\/2118"}],"wp:attachment":[{"href":"https:\/\/www.univ-lorraine.fr\/orientation-insertion-professionnelle\/wp-json\/wp\/v2\/media?parent=2614"}],"wp:term":[{"taxonomy":"category","embeddable":true,"href":"https:\/\/www.univ-lorraine.fr\/orientation-insertion-professionnelle\/wp-json\/wp\/v2\/categories?post=2614"},{"taxonomy":"post_tag","embeddable":true,"href":"https:\/\/www.univ-lorraine.fr\/orientation-insertion-professionnelle\/wp-json\/wp\/v2\/tags?post=2614"}],"curies":[{"name":"wp","href":"https:\/\/api.w.org\/{rel}","templated":true}]}}