{"id":2636,"date":"2021-10-28T11:26:41","date_gmt":"2021-10-28T09:26:41","guid":{"rendered":"https:\/\/www.univ-lorraine.fr\/orientation-insertion-professionnelle\/?page_id=2636"},"modified":"2022-09-19T19:06:31","modified_gmt":"2022-09-19T17:06:31","slug":"participation-a-un-job-dating","status":"publish","type":"page","link":"https:\/\/www.univ-lorraine.fr\/orientation-insertion-professionnelle\/ressources\/stage-emploi-et-alternance\/lentretien-de-recrutement\/participation-a-un-job-dating\/","title":{"rendered":"PARTICIPATION A UN JOB-DATING"},"content":{"rendered":"\n<div class=\"wp-block-pb-accordion-item c-accordion__item js-accordion-item no-js\" data-initially-open=\"false\" data-click-to-close=\"true\" data-auto-close=\"true\" data-scroll=\"false\" data-scroll-offset=\"0\"><h2 id=\"at-26360\" class=\"c-accordion__title js-accordion-controller\" role=\"button\">Pr\u00e9sentation d&rsquo;un Job-dating<\/h2><div id=\"ac-26360\" class=\"c-accordion__content\"><div class=\"gb-container gb-container-ceaa40b6\"><div class=\"gb-inside-container\">\n\n<p><em>Vous connaissez le principe : les candidats disposent d&rsquo;environ 5 minutes pour se vendre&#8230;<\/em><\/p>\n\n\n\n<figure class=\"wp-block-video\"><video height=\"300\" style=\"aspect-ratio: 400 \/ 300;\" width=\"400\" controls poster=\"https:\/\/www.univ-lorraine.fr\/orientation-insertion-professionnelle\/wp-content\/uploads\/sites\/7\/2021\/10\/presentation.jpg\" src=\"https:\/\/www.univ-lorraine.fr\/orientation-insertion-professionnelle\/wp-content\/uploads\/sites\/7\/2021\/10\/JOB-DATING_PRESENTATION.mp4\"><\/video><\/figure>\n\n<\/div><\/div><\/div><\/div>\n\n\n\n<div class=\"wp-block-pb-accordion-item c-accordion__item js-accordion-item no-js\" data-initially-open=\"false\" data-click-to-close=\"true\" data-auto-close=\"true\" data-scroll=\"false\" data-scroll-offset=\"0\"><h2 id=\"at-26361\" class=\"c-accordion__title js-accordion-controller\" role=\"button\">Attente des candidats<\/h2><div id=\"ac-26361\" class=\"c-accordion__content\">\n<p><em>Votre attitude traduit votre \u00e9tat d&rsquo;esprit&#8230;<\/em><\/p>\n\n\n\n<figure class=\"wp-block-video\"><video height=\"300\" style=\"aspect-ratio: 400 \/ 300;\" width=\"400\" controls poster=\"https:\/\/www.univ-lorraine.fr\/orientation-insertion-professionnelle\/wp-content\/uploads\/sites\/7\/2021\/10\/attente.jpg\" src=\"https:\/\/www.univ-lorraine.fr\/orientation-insertion-professionnelle\/wp-content\/uploads\/sites\/7\/2021\/10\/Attente-Des-Candidats-1.mp4\"><\/video><\/figure>\n\n\n\n<ul class=\"wp-block-list\"><li><em>On part \u00e0 quelle heure ce week-end,&nbsp; d\u00e9j\u00e0 ?<\/em><\/li><li><em>Bon, elle a encore coup\u00e9 son portable !<\/em><\/li><li><em>Encore une coupure, je change de MP3 !<\/em><\/li><li><em>Cinq pas en avant, je souffle et je recommence !<\/em><\/li><li><em>Houl\u00e0, j&rsquo;arriverai jamais \u00e0 faire comme eux !<\/em><\/li><\/ul>\n<\/div><\/div>\n\n\n\n<div class=\"wp-block-pb-accordion-item c-accordion__item js-accordion-item no-js\" data-initially-open=\"false\" data-click-to-close=\"true\" data-auto-close=\"true\" data-scroll=\"false\" data-scroll-offset=\"0\"><h2 id=\"at-26362\" class=\"c-accordion__title js-accordion-controller\" role=\"button\">Comportement pendant les entretiens<\/h2><div id=\"ac-26362\" class=\"c-accordion__content\"><div class=\"gb-container gb-container-187d56be\"><div class=\"gb-inside-container\">\n\n<p><em>Expressions et mimiques r\u00e9v\u00e9latrices&#8230;<\/em><\/p>\n\n\n<div class=\"gb-grid-wrapper gb-grid-wrapper-9b50a4e2\">\n<div class=\"gb-grid-column gb-grid-column-a3a8aa2c\"><div class=\"gb-container gb-container-a3a8aa2c\"><div class=\"gb-inside-container\">\n\n<figure class=\"wp-block-video\"><video height=\"300\" style=\"aspect-ratio: 400 \/ 300;\" width=\"400\" controls poster=\"https:\/\/www.univ-lorraine.fr\/orientation-insertion-professionnelle\/wp-content\/uploads\/sites\/7\/2021\/10\/sit1.jpg\" src=\"https:\/\/www.univ-lorraine.fr\/orientation-insertion-professionnelle\/wp-content\/uploads\/sites\/7\/2021\/10\/Entretien1.mp4\"><\/video><\/figure>\n\n\n\n<p class=\"has-text-align-center\"><em>Int\u00e9ressant comme boulot !<\/em><\/p>\n\n<\/div><\/div><\/div>\n\n<div class=\"gb-grid-column gb-grid-column-2f95dbaa\"><div class=\"gb-container gb-container-2f95dbaa\"><div class=\"gb-inside-container\">\n\n<figure class=\"wp-block-video\"><video height=\"300\" style=\"aspect-ratio: 400 \/ 300;\" width=\"400\" controls poster=\"https:\/\/www.univ-lorraine.fr\/orientation-insertion-professionnelle\/wp-content\/uploads\/sites\/7\/2021\/10\/sit2.jpg\" src=\"https:\/\/www.univ-lorraine.fr\/orientation-insertion-professionnelle\/wp-content\/uploads\/sites\/7\/2021\/10\/Entretien2.mp4\"><\/video><\/figure>\n\n\n\n<p class=\"has-text-align-center\"><em>Vais-je assumer ces responsabilit\u00e9s ?<\/em><\/p>\n\n<\/div><\/div><\/div>\n\n<div class=\"gb-grid-column gb-grid-column-fe2cf1a4\"><div class=\"gb-container gb-container-fe2cf1a4\"><div class=\"gb-inside-container\">\n\n<figure class=\"wp-block-video\"><video height=\"300\" style=\"aspect-ratio: 400 \/ 300;\" width=\"400\" controls poster=\"https:\/\/www.univ-lorraine.fr\/orientation-insertion-professionnelle\/wp-content\/uploads\/sites\/7\/2021\/10\/sit3.jpg\" src=\"https:\/\/www.univ-lorraine.fr\/orientation-insertion-professionnelle\/wp-content\/uploads\/sites\/7\/2021\/10\/Entretien3.mp4\"><\/video><\/figure>\n\n\n\n<p class=\"has-text-align-center\"><em>Je sais comment tenir ce poste !<\/em><\/p>\n\n<\/div><\/div><\/div>\n\n<div class=\"gb-grid-column gb-grid-column-453486f1\"><div class=\"gb-container gb-container-453486f1\"><div class=\"gb-inside-container\">\n\n<figure class=\"wp-block-video\"><video height=\"300\" style=\"aspect-ratio: 400 \/ 300;\" width=\"400\" controls poster=\"https:\/\/www.univ-lorraine.fr\/orientation-insertion-professionnelle\/wp-content\/uploads\/sites\/7\/2021\/10\/sit4.jpg\" src=\"https:\/\/www.univ-lorraine.fr\/orientation-insertion-professionnelle\/wp-content\/uploads\/sites\/7\/2021\/10\/Entretien4.mp4\"><\/video><\/figure>\n\n\n\n<p class=\"has-text-align-center\"><em>Que va-t elle penser de moi ?<\/em><\/p>\n\n<\/div><\/div><\/div>\n\n<div class=\"gb-grid-column gb-grid-column-d40bc31f\"><div class=\"gb-container gb-container-d40bc31f\"><div class=\"gb-inside-container\">\n\n<figure class=\"wp-block-video\"><video height=\"300\" style=\"aspect-ratio: 400 \/ 300;\" width=\"400\" controls poster=\"https:\/\/www.univ-lorraine.fr\/orientation-insertion-professionnelle\/wp-content\/uploads\/sites\/7\/2021\/10\/sit5.jpg\" src=\"https:\/\/www.univ-lorraine.fr\/orientation-insertion-professionnelle\/wp-content\/uploads\/sites\/7\/2021\/10\/Entretien5.mp4\"><\/video><\/figure>\n\n\n\n<p class=\"has-text-align-center\"><em>Je suis curieux de conna\u00eetre les projets de l&rsquo;entreprise !<\/em><\/p>\n\n<\/div><\/div><\/div>\n\n<div class=\"gb-grid-column gb-grid-column-24ea546c\"><div class=\"gb-container gb-container-24ea546c\"><div class=\"gb-inside-container\">\n\n<figure class=\"wp-block-video\"><video height=\"300\" style=\"aspect-ratio: 400 \/ 300;\" width=\"400\" controls poster=\"https:\/\/www.univ-lorraine.fr\/orientation-insertion-professionnelle\/wp-content\/uploads\/sites\/7\/2021\/10\/gest1.jpg\" src=\"https:\/\/www.univ-lorraine.fr\/orientation-insertion-professionnelle\/wp-content\/uploads\/sites\/7\/2021\/10\/Gestuelle1.mp4\"><\/video><\/figure>\n\n\n\n<p class=\"has-text-align-center\"><em>\u00c7a n&rsquo;en finit pas !<\/em><\/p>\n\n<\/div><\/div><\/div>\n<\/div>\n<\/div><\/div><\/div><\/div>\n\n\n\n<div class=\"wp-block-pb-accordion-item c-accordion__item js-accordion-item no-js\" data-initially-open=\"false\" data-click-to-close=\"true\" data-auto-close=\"true\" data-scroll=\"false\" data-scroll-offset=\"0\"><h2 id=\"at-26363\" class=\"c-accordion__title js-accordion-controller\" role=\"button\">Gestuelle pendant l&rsquo;entretien<\/h2><div id=\"ac-26363\" class=\"c-accordion__content\"><div class=\"gb-container gb-container-5f500e70\"><div class=\"gb-inside-container\">\n\n<p><em>Attitudes et postures s\u00e9duisent, agacent, provoquent la m\u00e9fiance&#8230;<\/em><\/p>\n\n\n<div class=\"gb-grid-wrapper gb-grid-wrapper-795f6e07\">\n<div class=\"gb-grid-column gb-grid-column-87321167\"><div class=\"gb-container gb-container-87321167\"><div class=\"gb-inside-container\">\n\n<figure class=\"wp-block-video\"><video height=\"300\" style=\"aspect-ratio: 400 \/ 300;\" width=\"400\" controls poster=\"https:\/\/www.univ-lorraine.fr\/orientation-insertion-professionnelle\/wp-content\/uploads\/sites\/7\/2021\/10\/gest2.jpg\" src=\"https:\/\/www.univ-lorraine.fr\/orientation-insertion-professionnelle\/wp-content\/uploads\/sites\/7\/2021\/10\/Gestuelle2.mp4\"><\/video><\/figure>\n\n\n\n<p class=\"has-text-align-center\"><em>Quel dynamisme !<\/em><\/p>\n\n<\/div><\/div><\/div>\n\n<div class=\"gb-grid-column gb-grid-column-a141aed5\"><div class=\"gb-container gb-container-a141aed5\"><div class=\"gb-inside-container\">\n\n<figure class=\"wp-block-video\"><video height=\"300\" style=\"aspect-ratio: 400 \/ 300;\" width=\"400\" controls poster=\"https:\/\/www.univ-lorraine.fr\/orientation-insertion-professionnelle\/wp-content\/uploads\/sites\/7\/2021\/10\/gest3.jpg\" src=\"https:\/\/www.univ-lorraine.fr\/orientation-insertion-professionnelle\/wp-content\/uploads\/sites\/7\/2021\/10\/Gestuelle3.mp4\"><\/video><\/figure>\n\n\n\n<p class=\"has-text-align-center\"><em>Qu&rsquo;elle est agit\u00e9e<\/em><\/p>\n\n<\/div><\/div><\/div>\n\n<div class=\"gb-grid-column gb-grid-column-eb796ea4\"><div class=\"gb-container gb-container-eb796ea4\"><div class=\"gb-inside-container\">\n\n<figure class=\"wp-block-video\"><video height=\"300\" style=\"aspect-ratio: 400 \/ 300;\" width=\"400\" controls poster=\"https:\/\/www.univ-lorraine.fr\/orientation-insertion-professionnelle\/wp-content\/uploads\/sites\/7\/2021\/10\/gest4.jpg\" src=\"https:\/\/www.univ-lorraine.fr\/orientation-insertion-professionnelle\/wp-content\/uploads\/sites\/7\/2021\/10\/Gestuelle4.mp4\"><\/video><\/figure>\n\n\n\n<p class=\"has-text-align-center\"><em>Le stylo&#8230;<\/em><\/p>\n\n<\/div><\/div><\/div>\n\n<div class=\"gb-grid-column gb-grid-column-55a1314e\"><div class=\"gb-container gb-container-55a1314e\"><div class=\"gb-inside-container\">\n\n<figure class=\"wp-block-video\"><video height=\"300\" style=\"aspect-ratio: 400 \/ 300;\" width=\"400\" controls poster=\"https:\/\/www.univ-lorraine.fr\/orientation-insertion-professionnelle\/wp-content\/uploads\/sites\/7\/2021\/10\/sit7.jpg\" src=\"https:\/\/www.univ-lorraine.fr\/orientation-insertion-professionnelle\/wp-content\/uploads\/sites\/7\/2021\/10\/Entretien7.mp4\"><\/video><\/figure>\n\n\n\n<p class=\"has-text-align-center\"><em>Elle va finir par me draguer !<\/em><\/p>\n\n<\/div><\/div><\/div>\n<\/div>\n<\/div><\/div><\/div><\/div>\n\n\n\n<p><\/p>\n","protected":false},"excerpt":{"rendered":"","protected":false},"author":72,"featured_media":0,"parent":2202,"menu_order":0,"comment_status":"closed","ping_status":"closed","template":"","meta":{"inline_featured_image":false,"footnotes":""},"categories":[17,15],"tags":[],"class_list":{"0":"post-2636","1":"page","2":"type-page","3":"status-publish","5":"category-conseils","6":"category-insertion-professionnelle"},"yoast_head":"<!-- This site is optimized with the Yoast SEO plugin v27.4 - https:\/\/yoast.com\/product\/yoast-seo-wordpress\/ -->\n<title>PARTICIPATION A UN JOB-DATING - Orientation et insertion professionnelle<\/title>\n<meta name=\"robots\" content=\"index, follow, max-snippet:-1, max-image-preview:large, max-video-preview:-1\" \/>\n<link rel=\"canonical\" href=\"https:\/\/www.univ-lorraine.fr\/orientation-insertion-professionnelle\/ressources\/stage-emploi-et-alternance\/lentretien-de-recrutement\/participation-a-un-job-dating\/\" \/>\n<meta property=\"og:locale\" content=\"fr_FR\" \/>\n<meta property=\"og:type\" content=\"article\" \/>\n<meta property=\"og:title\" content=\"PARTICIPATION A UN JOB-DATING - Orientation et insertion professionnelle\" \/>\n<meta property=\"og:url\" content=\"https:\/\/www.univ-lorraine.fr\/orientation-insertion-professionnelle\/ressources\/stage-emploi-et-alternance\/lentretien-de-recrutement\/participation-a-un-job-dating\/\" \/>\n<meta property=\"og:site_name\" content=\"Orientation et insertion professionnelle\" \/>\n<meta property=\"article:modified_time\" content=\"2022-09-19T17:06:31+00:00\" \/>\n<meta name=\"twitter:card\" content=\"summary_large_image\" \/>\n<meta name=\"twitter:label1\" content=\"Dur\u00e9e de lecture estim\u00e9e\" \/>\n\t<meta name=\"twitter:data1\" content=\"1 minute\" \/>\n<script type=\"application\/ld+json\" class=\"yoast-schema-graph\">{\"@context\":\"https:\\\/\\\/schema.org\",\"@graph\":[{\"@type\":\"WebPage\",\"@id\":\"https:\\\/\\\/www.univ-lorraine.fr\\\/orientation-insertion-professionnelle\\\/ressources\\\/stage-emploi-et-alternance\\\/lentretien-de-recrutement\\\/participation-a-un-job-dating\\\/\",\"url\":\"https:\\\/\\\/www.univ-lorraine.fr\\\/orientation-insertion-professionnelle\\\/ressources\\\/stage-emploi-et-alternance\\\/lentretien-de-recrutement\\\/participation-a-un-job-dating\\\/\",\"name\":\"PARTICIPATION A UN JOB-DATING - Orientation et insertion professionnelle\",\"isPartOf\":{\"@id\":\"https:\\\/\\\/www.univ-lorraine.fr\\\/orientation-insertion-professionnelle\\\/#website\"},\"datePublished\":\"2021-10-28T09:26:41+00:00\",\"dateModified\":\"2022-09-19T17:06:31+00:00\",\"breadcrumb\":{\"@id\":\"https:\\\/\\\/www.univ-lorraine.fr\\\/orientation-insertion-professionnelle\\\/ressources\\\/stage-emploi-et-alternance\\\/lentretien-de-recrutement\\\/participation-a-un-job-dating\\\/#breadcrumb\"},\"inLanguage\":\"fr-FR\",\"potentialAction\":[{\"@type\":\"ReadAction\",\"target\":[\"https:\\\/\\\/www.univ-lorraine.fr\\\/orientation-insertion-professionnelle\\\/ressources\\\/stage-emploi-et-alternance\\\/lentretien-de-recrutement\\\/participation-a-un-job-dating\\\/\"]}]},{\"@type\":\"BreadcrumbList\",\"@id\":\"https:\\\/\\\/www.univ-lorraine.fr\\\/orientation-insertion-professionnelle\\\/ressources\\\/stage-emploi-et-alternance\\\/lentretien-de-recrutement\\\/participation-a-un-job-dating\\\/#breadcrumb\",\"itemListElement\":[{\"@type\":\"ListItem\",\"position\":1,\"name\":\"Accueil\",\"item\":\"https:\\\/\\\/www.univ-lorraine.fr\\\/orientation-insertion-professionnelle\\\/\"},{\"@type\":\"ListItem\",\"position\":2,\"name\":\"Ressources\",\"item\":\"https:\\\/\\\/www.univ-lorraine.fr\\\/orientation-insertion-professionnelle\\\/ressources\\\/\"},{\"@type\":\"ListItem\",\"position\":3,\"name\":\"Stage, emploi et alternance\",\"item\":\"https:\\\/\\\/www.univ-lorraine.fr\\\/orientation-insertion-professionnelle\\\/ressources\\\/stage-emploi-et-alternance\\\/\"},{\"@type\":\"ListItem\",\"position\":4,\"name\":\"L&rsquo;entretien de recrutement\",\"item\":\"https:\\\/\\\/www.univ-lorraine.fr\\\/orientation-insertion-professionnelle\\\/ressources\\\/stage-emploi-et-alternance\\\/lentretien-de-recrutement\\\/\"},{\"@type\":\"ListItem\",\"position\":5,\"name\":\"PARTICIPATION A UN JOB-DATING\"}]},{\"@type\":\"WebSite\",\"@id\":\"https:\\\/\\\/www.univ-lorraine.fr\\\/orientation-insertion-professionnelle\\\/#website\",\"url\":\"https:\\\/\\\/www.univ-lorraine.fr\\\/orientation-insertion-professionnelle\\\/\",\"name\":\"Orientation et insertion professionnelle\",\"description\":\"\",\"publisher\":{\"@id\":\"https:\\\/\\\/www.univ-lorraine.fr\\\/orientation-insertion-professionnelle\\\/#organization\"},\"potentialAction\":[{\"@type\":\"SearchAction\",\"target\":{\"@type\":\"EntryPoint\",\"urlTemplate\":\"https:\\\/\\\/www.univ-lorraine.fr\\\/orientation-insertion-professionnelle\\\/?s={search_term_string}\"},\"query-input\":{\"@type\":\"PropertyValueSpecification\",\"valueRequired\":true,\"valueName\":\"search_term_string\"}}],\"inLanguage\":\"fr-FR\"},{\"@type\":\"Organization\",\"@id\":\"https:\\\/\\\/www.univ-lorraine.fr\\\/orientation-insertion-professionnelle\\\/#organization\",\"name\":\"Universit\u00e9 de Lorraine\",\"url\":\"https:\\\/\\\/www.univ-lorraine.fr\\\/orientation-insertion-professionnelle\\\/\",\"logo\":{\"@type\":\"ImageObject\",\"inLanguage\":\"fr-FR\",\"@id\":\"https:\\\/\\\/www.univ-lorraine.fr\\\/orientation-insertion-professionnelle\\\/#\\\/schema\\\/logo\\\/image\\\/\",\"url\":\"https:\\\/\\\/www.univ-lorraine.fr\\\/orientation-insertion-professionnelle\\\/wp-content\\\/uploads\\\/sites\\\/7\\\/2023\\\/04\\\/logo_siteweb2_Plan-de-travail-1.png\",\"contentUrl\":\"https:\\\/\\\/www.univ-lorraine.fr\\\/orientation-insertion-professionnelle\\\/wp-content\\\/uploads\\\/sites\\\/7\\\/2023\\\/04\\\/logo_siteweb2_Plan-de-travail-1.png\",\"width\":852,\"height\":492,\"caption\":\"Universit\u00e9 de Lorraine\"},\"image\":{\"@id\":\"https:\\\/\\\/www.univ-lorraine.fr\\\/orientation-insertion-professionnelle\\\/#\\\/schema\\\/logo\\\/image\\\/\"}}]}<\/script>\n<!-- \/ Yoast SEO plugin. -->","yoast_head_json":{"title":"PARTICIPATION A UN JOB-DATING - Orientation et insertion professionnelle","robots":{"index":"index","follow":"follow","max-snippet":"max-snippet:-1","max-image-preview":"max-image-preview:large","max-video-preview":"max-video-preview:-1"},"canonical":"https:\/\/www.univ-lorraine.fr\/orientation-insertion-professionnelle\/ressources\/stage-emploi-et-alternance\/lentretien-de-recrutement\/participation-a-un-job-dating\/","og_locale":"fr_FR","og_type":"article","og_title":"PARTICIPATION A UN JOB-DATING - Orientation et insertion professionnelle","og_url":"https:\/\/www.univ-lorraine.fr\/orientation-insertion-professionnelle\/ressources\/stage-emploi-et-alternance\/lentretien-de-recrutement\/participation-a-un-job-dating\/","og_site_name":"Orientation et insertion professionnelle","article_modified_time":"2022-09-19T17:06:31+00:00","twitter_card":"summary_large_image","twitter_misc":{"Dur\u00e9e de lecture estim\u00e9e":"1 minute"},"schema":{"@context":"https:\/\/schema.org","@graph":[{"@type":"WebPage","@id":"https:\/\/www.univ-lorraine.fr\/orientation-insertion-professionnelle\/ressources\/stage-emploi-et-alternance\/lentretien-de-recrutement\/participation-a-un-job-dating\/","url":"https:\/\/www.univ-lorraine.fr\/orientation-insertion-professionnelle\/ressources\/stage-emploi-et-alternance\/lentretien-de-recrutement\/participation-a-un-job-dating\/","name":"PARTICIPATION A UN JOB-DATING - Orientation et insertion professionnelle","isPartOf":{"@id":"https:\/\/www.univ-lorraine.fr\/orientation-insertion-professionnelle\/#website"},"datePublished":"2021-10-28T09:26:41+00:00","dateModified":"2022-09-19T17:06:31+00:00","breadcrumb":{"@id":"https:\/\/www.univ-lorraine.fr\/orientation-insertion-professionnelle\/ressources\/stage-emploi-et-alternance\/lentretien-de-recrutement\/participation-a-un-job-dating\/#breadcrumb"},"inLanguage":"fr-FR","potentialAction":[{"@type":"ReadAction","target":["https:\/\/www.univ-lorraine.fr\/orientation-insertion-professionnelle\/ressources\/stage-emploi-et-alternance\/lentretien-de-recrutement\/participation-a-un-job-dating\/"]}]},{"@type":"BreadcrumbList","@id":"https:\/\/www.univ-lorraine.fr\/orientation-insertion-professionnelle\/ressources\/stage-emploi-et-alternance\/lentretien-de-recrutement\/participation-a-un-job-dating\/#breadcrumb","itemListElement":[{"@type":"ListItem","position":1,"name":"Accueil","item":"https:\/\/www.univ-lorraine.fr\/orientation-insertion-professionnelle\/"},{"@type":"ListItem","position":2,"name":"Ressources","item":"https:\/\/www.univ-lorraine.fr\/orientation-insertion-professionnelle\/ressources\/"},{"@type":"ListItem","position":3,"name":"Stage, emploi et alternance","item":"https:\/\/www.univ-lorraine.fr\/orientation-insertion-professionnelle\/ressources\/stage-emploi-et-alternance\/"},{"@type":"ListItem","position":4,"name":"L&rsquo;entretien de recrutement","item":"https:\/\/www.univ-lorraine.fr\/orientation-insertion-professionnelle\/ressources\/stage-emploi-et-alternance\/lentretien-de-recrutement\/"},{"@type":"ListItem","position":5,"name":"PARTICIPATION A UN JOB-DATING"}]},{"@type":"WebSite","@id":"https:\/\/www.univ-lorraine.fr\/orientation-insertion-professionnelle\/#website","url":"https:\/\/www.univ-lorraine.fr\/orientation-insertion-professionnelle\/","name":"Orientation et insertion professionnelle","description":"","publisher":{"@id":"https:\/\/www.univ-lorraine.fr\/orientation-insertion-professionnelle\/#organization"},"potentialAction":[{"@type":"SearchAction","target":{"@type":"EntryPoint","urlTemplate":"https:\/\/www.univ-lorraine.fr\/orientation-insertion-professionnelle\/?s={search_term_string}"},"query-input":{"@type":"PropertyValueSpecification","valueRequired":true,"valueName":"search_term_string"}}],"inLanguage":"fr-FR"},{"@type":"Organization","@id":"https:\/\/www.univ-lorraine.fr\/orientation-insertion-professionnelle\/#organization","name":"Universit\u00e9 de Lorraine","url":"https:\/\/www.univ-lorraine.fr\/orientation-insertion-professionnelle\/","logo":{"@type":"ImageObject","inLanguage":"fr-FR","@id":"https:\/\/www.univ-lorraine.fr\/orientation-insertion-professionnelle\/#\/schema\/logo\/image\/","url":"https:\/\/www.univ-lorraine.fr\/orientation-insertion-professionnelle\/wp-content\/uploads\/sites\/7\/2023\/04\/logo_siteweb2_Plan-de-travail-1.png","contentUrl":"https:\/\/www.univ-lorraine.fr\/orientation-insertion-professionnelle\/wp-content\/uploads\/sites\/7\/2023\/04\/logo_siteweb2_Plan-de-travail-1.png","width":852,"height":492,"caption":"Universit\u00e9 de Lorraine"},"image":{"@id":"https:\/\/www.univ-lorraine.fr\/orientation-insertion-professionnelle\/#\/schema\/logo\/image\/"}}]}},"_links":{"self":[{"href":"https:\/\/www.univ-lorraine.fr\/orientation-insertion-professionnelle\/wp-json\/wp\/v2\/pages\/2636","targetHints":{"allow":["GET"]}}],"collection":[{"href":"https:\/\/www.univ-lorraine.fr\/orientation-insertion-professionnelle\/wp-json\/wp\/v2\/pages"}],"about":[{"href":"https:\/\/www.univ-lorraine.fr\/orientation-insertion-professionnelle\/wp-json\/wp\/v2\/types\/page"}],"author":[{"embeddable":true,"href":"https:\/\/www.univ-lorraine.fr\/orientation-insertion-professionnelle\/wp-json\/wp\/v2\/users\/72"}],"replies":[{"embeddable":true,"href":"https:\/\/www.univ-lorraine.fr\/orientation-insertion-professionnelle\/wp-json\/wp\/v2\/comments?post=2636"}],"version-history":[{"count":10,"href":"https:\/\/www.univ-lorraine.fr\/orientation-insertion-professionnelle\/wp-json\/wp\/v2\/pages\/2636\/revisions"}],"predecessor-version":[{"id":2764,"href":"https:\/\/www.univ-lorraine.fr\/orientation-insertion-professionnelle\/wp-json\/wp\/v2\/pages\/2636\/revisions\/2764"}],"up":[{"embeddable":true,"href":"https:\/\/www.univ-lorraine.fr\/orientation-insertion-professionnelle\/wp-json\/wp\/v2\/pages\/2202"}],"wp:attachment":[{"href":"https:\/\/www.univ-lorraine.fr\/orientation-insertion-professionnelle\/wp-json\/wp\/v2\/media?parent=2636"}],"wp:term":[{"taxonomy":"category","embeddable":true,"href":"https:\/\/www.univ-lorraine.fr\/orientation-insertion-professionnelle\/wp-json\/wp\/v2\/categories?post=2636"},{"taxonomy":"post_tag","embeddable":true,"href":"https:\/\/www.univ-lorraine.fr\/orientation-insertion-professionnelle\/wp-json\/wp\/v2\/tags?post=2636"}],"curies":[{"name":"wp","href":"https:\/\/api.w.org\/{rel}","templated":true}]}}