{"id":2675,"date":"2021-10-28T11:20:45","date_gmt":"2021-10-28T09:20:45","guid":{"rendered":"https:\/\/www.univ-lorraine.fr\/orientation-insertion-professionnelle\/?page_id=2675"},"modified":"2022-09-19T18:21:04","modified_gmt":"2022-09-19T16:21:04","slug":"les-questions-a-poser-par-le-candidat","status":"publish","type":"page","link":"https:\/\/www.univ-lorraine.fr\/orientation-insertion-professionnelle\/ressources\/stage-emploi-et-alternance\/lentretien-de-recrutement\/les-questions-a-poser-par-le-candidat\/","title":{"rendered":"LES QUESTIONS \u00c0 POSER PAR LE CANDIDAT"},"content":{"rendered":"\n<p>L&rsquo;entretien est un \u00e9change, pas un monologue. Le recruteur v\u00e9rifie ainsi votre int\u00e9r\u00eat et votre motivation pour le travail qu&rsquo;il vous propose.<\/p>\n\n\n\n<p>Il n&rsquo;est pas n\u00e9cessaire d&rsquo;intervenir trop souvent, mais il faut r\u00e9agir aux paroles de votre interlocuteur avec \u00e0 propos et par les bonnes questions.<\/p>\n\n\n\n<p><strong>Quelques exemples de questions<\/strong><\/p>\n\n\n\n<div class=\"wp-block-pb-accordion-item c-accordion__item js-accordion-item no-js\" data-initially-open=\"false\" data-click-to-close=\"true\" data-auto-close=\"true\" data-scroll=\"false\" data-scroll-offset=\"0\"><h2 id=\"at-26750\" class=\"c-accordion__title js-accordion-controller\" role=\"button\"><a href=\"http:\/\/platine.univ-lorraine.fr\/#panel-666-0\">Pr\u00e9cisions sur l&rsquo;entreprise<\/a><\/h2><div id=\"ac-26750\" class=\"c-accordion__content\"><div class=\"gb-container gb-container-445c8b93\"><div class=\"gb-inside-container\">\n\n<p>&nbsp; Quelle est la croissance de l&rsquo;entreprise&nbsp;?<br>&nbsp; Quels sont ses plans de d\u00e9veloppement&nbsp;?<br>&nbsp; Quel est le r\u00f4le du service pour lequel vous recrutez ?<br>&nbsp; A-t-il des objectifs prioritaires \u00e0 respecter cette ann\u00e9e ?<br>&nbsp; Allez-vous r\u00e9aliser des investissements pour ce d\u00e9partement ?<\/p>\n\n<\/div><\/div><\/div><\/div>\n\n\n\n<div class=\"wp-block-pb-accordion-item c-accordion__item js-accordion-item no-js\" data-initially-open=\"false\" data-click-to-close=\"true\" data-auto-close=\"true\" data-scroll=\"false\" data-scroll-offset=\"0\"><h2 id=\"at-26751\" class=\"c-accordion__title js-accordion-controller\" role=\"button\"><a href=\"http:\/\/platine.univ-lorraine.fr\/#panel-666-1\">Pr\u00e9cisions sur le poste<\/a><\/h2><div id=\"ac-26751\" class=\"c-accordion__content\"><div class=\"gb-container gb-container-2ade1988\"><div class=\"gb-inside-container\">\n\n<p>&nbsp; S\u2019agit-il d\u2019une cr\u00e9ation de poste ou d\u2019un remplacement de personne ?<br>&nbsp; Pour quelle raison le collaborateur pr\u00e9c\u00e9dent n\u2019est-il plus l\u00e0&nbsp;?<br>&nbsp; Le poste est-il vacant depuis longtemps et pourquoi&nbsp;?<br>&nbsp; Avec qui travaillerai-je ? Puis-je rencontrer cette personne ?<br>&nbsp; Y-a-t-il une personne qui occupe le m\u00eame poste ? Puis-je la rencontrer ?<br>&nbsp; Quelles sont les responsabilit\u00e9s inh\u00e9rentes \u00e0 la fonction ?<br>&nbsp; Quelles sont les principales difficult\u00e9s du poste&nbsp;?<br>&nbsp; Quelles modifications souhaitez-vous me voir apporter au poste&nbsp;?<br>&nbsp; Le poste est-il \u00e9volutif&nbsp;?<br>&nbsp; Qui sera mon sup\u00e9rieur hi\u00e9rarchique&nbsp;? A qui dois-je rendre compte&nbsp;?<br>&nbsp; A quel niveau de l\u2019organigramme se situe le poste&nbsp;?<\/p>\n\n<\/div><\/div><\/div><\/div>\n\n\n\n<div class=\"wp-block-pb-accordion-item c-accordion__item js-accordion-item no-js\" data-initially-open=\"false\" data-click-to-close=\"true\" data-auto-close=\"true\" data-scroll=\"false\" data-scroll-offset=\"0\"><h2 id=\"at-26752\" class=\"c-accordion__title js-accordion-controller\" role=\"button\"><a href=\"http:\/\/platine.univ-lorraine.fr\/#panel-666-2\">Pr\u00e9cisions sur le candidat<\/a><\/h2><div id=\"ac-26752\" class=\"c-accordion__content\"><div class=\"gb-container gb-container-3fabe9a9\"><div class=\"gb-inside-container\">\n\n<p>&nbsp; Qu\u2019attendez-vous de moi si vous m\u2019embauchez&nbsp;?<br>&nbsp; Quel \u00abplus\u00bb esp\u00e9rez-vous me voir apporter \u00e0 ce poste&nbsp;?<br>&nbsp; Un temps de formation est-il pr\u00e9vu&nbsp;?<br>&nbsp; Dans quel d\u00e9lai souhaitez-vous me voir op\u00e9rationnel&nbsp;?<br>&nbsp; Comment la performance des collaborateurs est-elle \u00e9valu\u00e9e&nbsp;?<\/p>\n\n<\/div><\/div><\/div><\/div>\n\n\n\n<div class=\"wp-block-pb-accordion-item c-accordion__item js-accordion-item no-js\" data-initially-open=\"false\" data-click-to-close=\"true\" data-auto-close=\"true\" data-scroll=\"false\" data-scroll-offset=\"0\"><h2 id=\"at-26753\" class=\"c-accordion__title js-accordion-controller\" role=\"button\"><a href=\"http:\/\/platine.univ-lorraine.fr\/#panel-666-3\">Pr\u00e9cisions sur la r\u00e9mun\u00e9ration<\/a><\/h2><div id=\"ac-26753\" class=\"c-accordion__content\">\n<p>Si le sujet n\u2019a pas \u00e9t\u00e9 abord\u00e9 auparavant, vous ne devez pas quitter le recruteur sans en avoir parl\u00e9 clairement.<\/p>\n\n\n\n<p>Quelle fourchette de salaire a-t-elle \u00e9t\u00e9 budg\u00e9tis\u00e9e ?<br>Existe-t-il des primes, int\u00e9ressements, avantages sociaux\u2026&nbsp;?<\/p>\n<\/div><\/div>\n\n\n\n<div class=\"wp-block-pb-accordion-item c-accordion__item js-accordion-item no-js\" data-initially-open=\"false\" data-click-to-close=\"true\" data-auto-close=\"true\" data-scroll=\"false\" data-scroll-offset=\"0\"><h2 id=\"at-26754\" class=\"c-accordion__title js-accordion-controller\" role=\"button\"><a href=\"http:\/\/platine.univ-lorraine.fr\/#panel-666-4\">Pr\u00e9cisions sur la suite de l&rsquo;entretien<\/a><\/h2><div id=\"ac-26754\" class=\"c-accordion__content\"><div class=\"gb-container gb-container-27061a2f\"><div class=\"gb-inside-container\">\n\n<p>&nbsp; Quand aurai-je les r\u00e9sultats de cet entretien ?<br>&nbsp; Si ma candidature retient votre attention, quelles fonctions occupent les personnes que je rencontrerai aux prochains entretiens ?<\/p>\n\n<\/div><\/div><\/div><\/div>\n\n\n<div class=\"gb-container gb-container-b61b9dcc\"><div class=\"gb-inside-container\"><\/div><\/div>\n\n\n<p>Cette liste de questions \u00e0 pr\u00e9parer est un exemple. Inspirez-vous en pour personnaliser votre questionnaire et l\u2019adapter \u00e0 chaque situation.<\/p>\n","protected":false},"excerpt":{"rendered":"<p>L&rsquo;entretien est un \u00e9change, pas un monologue. Le recruteur v\u00e9rifie ainsi votre int\u00e9r\u00eat et votre motivation pour le travail qu&rsquo;il vous propose. Il n&rsquo;est pas n\u00e9cessaire d&rsquo;intervenir trop souvent, mais il faut r\u00e9agir aux paroles de votre interlocuteur avec \u00e0 propos et par les bonnes questions. Quelques exemples de questions Cette liste de questions \u00e0 &#8230; <a title=\"LES QUESTIONS \u00c0 POSER PAR LE CANDIDAT\" class=\"read-more\" href=\"https:\/\/www.univ-lorraine.fr\/orientation-insertion-professionnelle\/ressources\/stage-emploi-et-alternance\/lentretien-de-recrutement\/les-questions-a-poser-par-le-candidat\/\" aria-label=\"En savoir plus sur LES QUESTIONS \u00c0 POSER PAR LE CANDIDAT\">Lire plus<\/a><\/p>\n","protected":false},"author":72,"featured_media":0,"parent":2202,"menu_order":0,"comment_status":"closed","ping_status":"closed","template":"","meta":{"inline_featured_image":false,"footnotes":""},"categories":[17,15],"tags":[],"class_list":{"0":"post-2675","1":"page","2":"type-page","3":"status-publish","5":"category-conseils","6":"category-insertion-professionnelle"},"yoast_head":"<!-- This site is optimized with the Yoast SEO plugin v27.4 - https:\/\/yoast.com\/product\/yoast-seo-wordpress\/ -->\n<title>LES QUESTIONS \u00c0 POSER PAR LE CANDIDAT - Orientation et insertion professionnelle<\/title>\n<meta name=\"robots\" content=\"index, follow, max-snippet:-1, max-image-preview:large, max-video-preview:-1\" \/>\n<link rel=\"canonical\" href=\"https:\/\/www.univ-lorraine.fr\/orientation-insertion-professionnelle\/ressources\/stage-emploi-et-alternance\/lentretien-de-recrutement\/les-questions-a-poser-par-le-candidat\/\" \/>\n<meta property=\"og:locale\" content=\"fr_FR\" \/>\n<meta property=\"og:type\" content=\"article\" \/>\n<meta property=\"og:title\" content=\"LES QUESTIONS \u00c0 POSER PAR LE CANDIDAT - Orientation et insertion professionnelle\" \/>\n<meta property=\"og:description\" content=\"L&rsquo;entretien est un \u00e9change, pas un monologue. Le recruteur v\u00e9rifie ainsi votre int\u00e9r\u00eat et votre motivation pour le travail qu&rsquo;il vous propose. Il n&rsquo;est pas n\u00e9cessaire d&rsquo;intervenir trop souvent, mais il faut r\u00e9agir aux paroles de votre interlocuteur avec \u00e0 propos et par les bonnes questions. Quelques exemples de questions Cette liste de questions \u00e0 ... Lire plus\" \/>\n<meta property=\"og:url\" content=\"https:\/\/www.univ-lorraine.fr\/orientation-insertion-professionnelle\/ressources\/stage-emploi-et-alternance\/lentretien-de-recrutement\/les-questions-a-poser-par-le-candidat\/\" \/>\n<meta property=\"og:site_name\" content=\"Orientation et insertion professionnelle\" \/>\n<meta property=\"article:modified_time\" content=\"2022-09-19T16:21:04+00:00\" \/>\n<meta name=\"twitter:card\" content=\"summary_large_image\" \/>\n<meta name=\"twitter:label1\" content=\"Dur\u00e9e de lecture estim\u00e9e\" \/>\n\t<meta name=\"twitter:data1\" content=\"2 minutes\" \/>\n<script type=\"application\/ld+json\" class=\"yoast-schema-graph\">{\"@context\":\"https:\\\/\\\/schema.org\",\"@graph\":[{\"@type\":\"WebPage\",\"@id\":\"https:\\\/\\\/www.univ-lorraine.fr\\\/orientation-insertion-professionnelle\\\/ressources\\\/stage-emploi-et-alternance\\\/lentretien-de-recrutement\\\/les-questions-a-poser-par-le-candidat\\\/\",\"url\":\"https:\\\/\\\/www.univ-lorraine.fr\\\/orientation-insertion-professionnelle\\\/ressources\\\/stage-emploi-et-alternance\\\/lentretien-de-recrutement\\\/les-questions-a-poser-par-le-candidat\\\/\",\"name\":\"LES QUESTIONS \u00c0 POSER PAR LE CANDIDAT - Orientation et insertion professionnelle\",\"isPartOf\":{\"@id\":\"https:\\\/\\\/www.univ-lorraine.fr\\\/orientation-insertion-professionnelle\\\/#website\"},\"datePublished\":\"2021-10-28T09:20:45+00:00\",\"dateModified\":\"2022-09-19T16:21:04+00:00\",\"breadcrumb\":{\"@id\":\"https:\\\/\\\/www.univ-lorraine.fr\\\/orientation-insertion-professionnelle\\\/ressources\\\/stage-emploi-et-alternance\\\/lentretien-de-recrutement\\\/les-questions-a-poser-par-le-candidat\\\/#breadcrumb\"},\"inLanguage\":\"fr-FR\",\"potentialAction\":[{\"@type\":\"ReadAction\",\"target\":[\"https:\\\/\\\/www.univ-lorraine.fr\\\/orientation-insertion-professionnelle\\\/ressources\\\/stage-emploi-et-alternance\\\/lentretien-de-recrutement\\\/les-questions-a-poser-par-le-candidat\\\/\"]}]},{\"@type\":\"BreadcrumbList\",\"@id\":\"https:\\\/\\\/www.univ-lorraine.fr\\\/orientation-insertion-professionnelle\\\/ressources\\\/stage-emploi-et-alternance\\\/lentretien-de-recrutement\\\/les-questions-a-poser-par-le-candidat\\\/#breadcrumb\",\"itemListElement\":[{\"@type\":\"ListItem\",\"position\":1,\"name\":\"Accueil\",\"item\":\"https:\\\/\\\/www.univ-lorraine.fr\\\/orientation-insertion-professionnelle\\\/\"},{\"@type\":\"ListItem\",\"position\":2,\"name\":\"Ressources\",\"item\":\"https:\\\/\\\/www.univ-lorraine.fr\\\/orientation-insertion-professionnelle\\\/ressources\\\/\"},{\"@type\":\"ListItem\",\"position\":3,\"name\":\"Stage, emploi et alternance\",\"item\":\"https:\\\/\\\/www.univ-lorraine.fr\\\/orientation-insertion-professionnelle\\\/ressources\\\/stage-emploi-et-alternance\\\/\"},{\"@type\":\"ListItem\",\"position\":4,\"name\":\"L&rsquo;entretien de recrutement\",\"item\":\"https:\\\/\\\/www.univ-lorraine.fr\\\/orientation-insertion-professionnelle\\\/ressources\\\/stage-emploi-et-alternance\\\/lentretien-de-recrutement\\\/\"},{\"@type\":\"ListItem\",\"position\":5,\"name\":\"LES QUESTIONS \u00c0 POSER PAR LE CANDIDAT\"}]},{\"@type\":\"WebSite\",\"@id\":\"https:\\\/\\\/www.univ-lorraine.fr\\\/orientation-insertion-professionnelle\\\/#website\",\"url\":\"https:\\\/\\\/www.univ-lorraine.fr\\\/orientation-insertion-professionnelle\\\/\",\"name\":\"Orientation et insertion professionnelle\",\"description\":\"\",\"publisher\":{\"@id\":\"https:\\\/\\\/www.univ-lorraine.fr\\\/orientation-insertion-professionnelle\\\/#organization\"},\"potentialAction\":[{\"@type\":\"SearchAction\",\"target\":{\"@type\":\"EntryPoint\",\"urlTemplate\":\"https:\\\/\\\/www.univ-lorraine.fr\\\/orientation-insertion-professionnelle\\\/?s={search_term_string}\"},\"query-input\":{\"@type\":\"PropertyValueSpecification\",\"valueRequired\":true,\"valueName\":\"search_term_string\"}}],\"inLanguage\":\"fr-FR\"},{\"@type\":\"Organization\",\"@id\":\"https:\\\/\\\/www.univ-lorraine.fr\\\/orientation-insertion-professionnelle\\\/#organization\",\"name\":\"Universit\u00e9 de Lorraine\",\"url\":\"https:\\\/\\\/www.univ-lorraine.fr\\\/orientation-insertion-professionnelle\\\/\",\"logo\":{\"@type\":\"ImageObject\",\"inLanguage\":\"fr-FR\",\"@id\":\"https:\\\/\\\/www.univ-lorraine.fr\\\/orientation-insertion-professionnelle\\\/#\\\/schema\\\/logo\\\/image\\\/\",\"url\":\"https:\\\/\\\/www.univ-lorraine.fr\\\/orientation-insertion-professionnelle\\\/wp-content\\\/uploads\\\/sites\\\/7\\\/2023\\\/04\\\/logo_siteweb2_Plan-de-travail-1.png\",\"contentUrl\":\"https:\\\/\\\/www.univ-lorraine.fr\\\/orientation-insertion-professionnelle\\\/wp-content\\\/uploads\\\/sites\\\/7\\\/2023\\\/04\\\/logo_siteweb2_Plan-de-travail-1.png\",\"width\":852,\"height\":492,\"caption\":\"Universit\u00e9 de Lorraine\"},\"image\":{\"@id\":\"https:\\\/\\\/www.univ-lorraine.fr\\\/orientation-insertion-professionnelle\\\/#\\\/schema\\\/logo\\\/image\\\/\"}}]}<\/script>\n<!-- \/ Yoast SEO plugin. -->","yoast_head_json":{"title":"LES QUESTIONS \u00c0 POSER PAR LE CANDIDAT - Orientation et insertion professionnelle","robots":{"index":"index","follow":"follow","max-snippet":"max-snippet:-1","max-image-preview":"max-image-preview:large","max-video-preview":"max-video-preview:-1"},"canonical":"https:\/\/www.univ-lorraine.fr\/orientation-insertion-professionnelle\/ressources\/stage-emploi-et-alternance\/lentretien-de-recrutement\/les-questions-a-poser-par-le-candidat\/","og_locale":"fr_FR","og_type":"article","og_title":"LES QUESTIONS \u00c0 POSER PAR LE CANDIDAT - Orientation et insertion professionnelle","og_description":"L&rsquo;entretien est un \u00e9change, pas un monologue. Le recruteur v\u00e9rifie ainsi votre int\u00e9r\u00eat et votre motivation pour le travail qu&rsquo;il vous propose. Il n&rsquo;est pas n\u00e9cessaire d&rsquo;intervenir trop souvent, mais il faut r\u00e9agir aux paroles de votre interlocuteur avec \u00e0 propos et par les bonnes questions. Quelques exemples de questions Cette liste de questions \u00e0 ... Lire plus","og_url":"https:\/\/www.univ-lorraine.fr\/orientation-insertion-professionnelle\/ressources\/stage-emploi-et-alternance\/lentretien-de-recrutement\/les-questions-a-poser-par-le-candidat\/","og_site_name":"Orientation et insertion professionnelle","article_modified_time":"2022-09-19T16:21:04+00:00","twitter_card":"summary_large_image","twitter_misc":{"Dur\u00e9e de lecture estim\u00e9e":"2 minutes"},"schema":{"@context":"https:\/\/schema.org","@graph":[{"@type":"WebPage","@id":"https:\/\/www.univ-lorraine.fr\/orientation-insertion-professionnelle\/ressources\/stage-emploi-et-alternance\/lentretien-de-recrutement\/les-questions-a-poser-par-le-candidat\/","url":"https:\/\/www.univ-lorraine.fr\/orientation-insertion-professionnelle\/ressources\/stage-emploi-et-alternance\/lentretien-de-recrutement\/les-questions-a-poser-par-le-candidat\/","name":"LES QUESTIONS \u00c0 POSER PAR LE CANDIDAT - Orientation et insertion professionnelle","isPartOf":{"@id":"https:\/\/www.univ-lorraine.fr\/orientation-insertion-professionnelle\/#website"},"datePublished":"2021-10-28T09:20:45+00:00","dateModified":"2022-09-19T16:21:04+00:00","breadcrumb":{"@id":"https:\/\/www.univ-lorraine.fr\/orientation-insertion-professionnelle\/ressources\/stage-emploi-et-alternance\/lentretien-de-recrutement\/les-questions-a-poser-par-le-candidat\/#breadcrumb"},"inLanguage":"fr-FR","potentialAction":[{"@type":"ReadAction","target":["https:\/\/www.univ-lorraine.fr\/orientation-insertion-professionnelle\/ressources\/stage-emploi-et-alternance\/lentretien-de-recrutement\/les-questions-a-poser-par-le-candidat\/"]}]},{"@type":"BreadcrumbList","@id":"https:\/\/www.univ-lorraine.fr\/orientation-insertion-professionnelle\/ressources\/stage-emploi-et-alternance\/lentretien-de-recrutement\/les-questions-a-poser-par-le-candidat\/#breadcrumb","itemListElement":[{"@type":"ListItem","position":1,"name":"Accueil","item":"https:\/\/www.univ-lorraine.fr\/orientation-insertion-professionnelle\/"},{"@type":"ListItem","position":2,"name":"Ressources","item":"https:\/\/www.univ-lorraine.fr\/orientation-insertion-professionnelle\/ressources\/"},{"@type":"ListItem","position":3,"name":"Stage, emploi et alternance","item":"https:\/\/www.univ-lorraine.fr\/orientation-insertion-professionnelle\/ressources\/stage-emploi-et-alternance\/"},{"@type":"ListItem","position":4,"name":"L&rsquo;entretien de recrutement","item":"https:\/\/www.univ-lorraine.fr\/orientation-insertion-professionnelle\/ressources\/stage-emploi-et-alternance\/lentretien-de-recrutement\/"},{"@type":"ListItem","position":5,"name":"LES QUESTIONS \u00c0 POSER PAR LE CANDIDAT"}]},{"@type":"WebSite","@id":"https:\/\/www.univ-lorraine.fr\/orientation-insertion-professionnelle\/#website","url":"https:\/\/www.univ-lorraine.fr\/orientation-insertion-professionnelle\/","name":"Orientation et insertion professionnelle","description":"","publisher":{"@id":"https:\/\/www.univ-lorraine.fr\/orientation-insertion-professionnelle\/#organization"},"potentialAction":[{"@type":"SearchAction","target":{"@type":"EntryPoint","urlTemplate":"https:\/\/www.univ-lorraine.fr\/orientation-insertion-professionnelle\/?s={search_term_string}"},"query-input":{"@type":"PropertyValueSpecification","valueRequired":true,"valueName":"search_term_string"}}],"inLanguage":"fr-FR"},{"@type":"Organization","@id":"https:\/\/www.univ-lorraine.fr\/orientation-insertion-professionnelle\/#organization","name":"Universit\u00e9 de Lorraine","url":"https:\/\/www.univ-lorraine.fr\/orientation-insertion-professionnelle\/","logo":{"@type":"ImageObject","inLanguage":"fr-FR","@id":"https:\/\/www.univ-lorraine.fr\/orientation-insertion-professionnelle\/#\/schema\/logo\/image\/","url":"https:\/\/www.univ-lorraine.fr\/orientation-insertion-professionnelle\/wp-content\/uploads\/sites\/7\/2023\/04\/logo_siteweb2_Plan-de-travail-1.png","contentUrl":"https:\/\/www.univ-lorraine.fr\/orientation-insertion-professionnelle\/wp-content\/uploads\/sites\/7\/2023\/04\/logo_siteweb2_Plan-de-travail-1.png","width":852,"height":492,"caption":"Universit\u00e9 de Lorraine"},"image":{"@id":"https:\/\/www.univ-lorraine.fr\/orientation-insertion-professionnelle\/#\/schema\/logo\/image\/"}}]}},"_links":{"self":[{"href":"https:\/\/www.univ-lorraine.fr\/orientation-insertion-professionnelle\/wp-json\/wp\/v2\/pages\/2675","targetHints":{"allow":["GET"]}}],"collection":[{"href":"https:\/\/www.univ-lorraine.fr\/orientation-insertion-professionnelle\/wp-json\/wp\/v2\/pages"}],"about":[{"href":"https:\/\/www.univ-lorraine.fr\/orientation-insertion-professionnelle\/wp-json\/wp\/v2\/types\/page"}],"author":[{"embeddable":true,"href":"https:\/\/www.univ-lorraine.fr\/orientation-insertion-professionnelle\/wp-json\/wp\/v2\/users\/72"}],"replies":[{"embeddable":true,"href":"https:\/\/www.univ-lorraine.fr\/orientation-insertion-professionnelle\/wp-json\/wp\/v2\/comments?post=2675"}],"version-history":[{"count":2,"href":"https:\/\/www.univ-lorraine.fr\/orientation-insertion-professionnelle\/wp-json\/wp\/v2\/pages\/2675\/revisions"}],"predecessor-version":[{"id":2958,"href":"https:\/\/www.univ-lorraine.fr\/orientation-insertion-professionnelle\/wp-json\/wp\/v2\/pages\/2675\/revisions\/2958"}],"up":[{"embeddable":true,"href":"https:\/\/www.univ-lorraine.fr\/orientation-insertion-professionnelle\/wp-json\/wp\/v2\/pages\/2202"}],"wp:attachment":[{"href":"https:\/\/www.univ-lorraine.fr\/orientation-insertion-professionnelle\/wp-json\/wp\/v2\/media?parent=2675"}],"wp:term":[{"taxonomy":"category","embeddable":true,"href":"https:\/\/www.univ-lorraine.fr\/orientation-insertion-professionnelle\/wp-json\/wp\/v2\/categories?post=2675"},{"taxonomy":"post_tag","embeddable":true,"href":"https:\/\/www.univ-lorraine.fr\/orientation-insertion-professionnelle\/wp-json\/wp\/v2\/tags?post=2675"}],"curies":[{"name":"wp","href":"https:\/\/api.w.org\/{rel}","templated":true}]}}