{"id":2694,"date":"2021-10-28T11:22:01","date_gmt":"2021-10-28T09:22:01","guid":{"rendered":"https:\/\/www.univ-lorraine.fr\/orientation-insertion-professionnelle\/?page_id=2694"},"modified":"2022-09-19T17:12:53","modified_gmt":"2022-09-19T15:12:53","slug":"pourquoi-avez-vous-choisi-cette-formation","status":"publish","type":"page","link":"https:\/\/www.univ-lorraine.fr\/orientation-insertion-professionnelle\/ressources\/stage-emploi-et-alternance\/lentretien-de-recrutement\/sentrainer-a-repondre-aux-questions\/pourquoi-avez-vous-choisi-cette-formation\/","title":{"rendered":"POURQUOI AVEZ-VOUS CHOISI CETTE FORMATION ?"},"content":{"rendered":"\n<p><strong>Vous seul pouvez justifier des raisons de votre choix.<\/strong><\/p>\n\n\n\n<p>Mettez en relation votre formation avec vos r\u00eaves d\u2019enfant, vos go\u00fbts, vos passions, vos ambitions.Dites comment vous vous imaginez dans votre vie d\u2019adulte. Parlez du m\u00e9tier qui vous attire, des professionnels que vous souhaitez c\u00f4toyer, des projets que vous ambitionnez de r\u00e9aliser. Vous vous \u00eates donc orient\u00e9 vers la fili\u00e8re qui vous permettait d\u2019acqu\u00e9rir les connaissances n\u00e9cessaires.<\/p>\n\n\n\n<p><strong>Des regrets&nbsp;?<\/strong><\/p>\n\n\n\n<p>R\u00e9pondez \u00ab\u00a0non\u00a0\u00bb sans h\u00e9siter. On peut comprendre une erreur d&rsquo;orientation, mais on peut aussi vous reprocher de n\u2019avoir rien fait pour la rectifier \u00e0 temps. Vous risquez de passer pour quelqu&rsquo;un de mou qui subit les \u00e9v\u00e9nements, cat\u00e9gorie de personne que l\u2019on n\u2019a pas envie d&#8217;embaucher !Parlez des points forts de vos \u00e9tudes, et pr\u00e9cisez ce qu&rsquo;elles vous ont apport\u00e9.Citez les connaissances utiles que vous avez acquises pour occuper le poste.N&rsquo;oubliez pas non plus vos formations compl\u00e9mentaires qui peuvent de fa\u00e7on \u00e9vidente \u00ab\u00a0corriger\u00a0\u00bb un cursus pas vraiment adapt\u00e9 au poste pour lequel vous postulez.<\/p>\n\n\n\n<p>&nbsp;<strong>Attention !<\/strong>&nbsp;Les jeunes dipl\u00f4m\u00e9s ont souvent tendance \u00e0 d\u00e9crier la formation dont ils sont issus. Manque de recul ? Car apr\u00e8s quelques ann\u00e9es, leur avis devient beaucoup plus nuanc\u00e9 et ils lui reconnaissent un certain nombre de vertus.<br><br>En toute objectivit\u00e9, il y a du pour et du contre dans chaque formation. Evitez les critiques syst\u00e9matiques \u00e0 l\u2019encontre de l&rsquo;organisation des enseignements, de l&rsquo;incomp\u00e9tence de tel enseignant, etc&#8230; Cela donne une impression n\u00e9gative qui risque de vous faire passer pour quelqu&rsquo;un d&rsquo;amer et de mal dans sa peau. Passez sous silence les mauvais c\u00f4t\u00e9s, du moins pour l&rsquo;instant !<br><br><strong>Exemples<br><br><\/strong><em>Mes \u00e9tudes m&rsquo;ont apport\u00e9 une bonne culture g\u00e9n\u00e9rale, une facilit\u00e9 de recherche et de r\u00e9daction, et une grande rigueur dans mon travail. Ce qui est tr\u00e8s utile dans les m\u00e9tiers de &#8230;&nbsp;<\/em>(appartenant au secteur de celui pour lequel vous postulez, bien s\u00fbr !).<\/p>\n","protected":false},"excerpt":{"rendered":"<p>Vous seul pouvez justifier des raisons de votre choix. Mettez en relation votre formation avec vos r\u00eaves d\u2019enfant, vos go\u00fbts, vos passions, vos ambitions.Dites comment vous vous imaginez dans votre vie d\u2019adulte. Parlez du m\u00e9tier qui vous attire, des professionnels que vous souhaitez c\u00f4toyer, des projets que vous ambitionnez de r\u00e9aliser. Vous vous \u00eates donc &#8230; <a title=\"POURQUOI AVEZ-VOUS CHOISI CETTE FORMATION ?\" class=\"read-more\" href=\"https:\/\/www.univ-lorraine.fr\/orientation-insertion-professionnelle\/ressources\/stage-emploi-et-alternance\/lentretien-de-recrutement\/sentrainer-a-repondre-aux-questions\/pourquoi-avez-vous-choisi-cette-formation\/\" aria-label=\"En savoir plus sur POURQUOI AVEZ-VOUS CHOISI CETTE FORMATION ?\">Lire plus<\/a><\/p>\n","protected":false},"author":72,"featured_media":0,"parent":2688,"menu_order":0,"comment_status":"closed","ping_status":"closed","template":"","meta":{"inline_featured_image":false,"footnotes":""},"categories":[17,15],"tags":[],"class_list":{"0":"post-2694","1":"page","2":"type-page","3":"status-publish","5":"category-conseils","6":"category-insertion-professionnelle"},"yoast_head":"<!-- This site is optimized with the Yoast SEO plugin v27.4 - https:\/\/yoast.com\/product\/yoast-seo-wordpress\/ -->\n<title>POURQUOI AVEZ-VOUS CHOISI CETTE FORMATION ? - Orientation et insertion professionnelle<\/title>\n<meta name=\"robots\" content=\"index, follow, max-snippet:-1, max-image-preview:large, max-video-preview:-1\" \/>\n<link rel=\"canonical\" href=\"https:\/\/www.univ-lorraine.fr\/orientation-insertion-professionnelle\/ressources\/stage-emploi-et-alternance\/lentretien-de-recrutement\/sentrainer-a-repondre-aux-questions\/pourquoi-avez-vous-choisi-cette-formation\/\" \/>\n<meta property=\"og:locale\" content=\"fr_FR\" \/>\n<meta property=\"og:type\" content=\"article\" \/>\n<meta property=\"og:title\" content=\"POURQUOI AVEZ-VOUS CHOISI CETTE FORMATION ? - Orientation et insertion professionnelle\" \/>\n<meta property=\"og:description\" content=\"Vous seul pouvez justifier des raisons de votre choix. Mettez en relation votre formation avec vos r\u00eaves d\u2019enfant, vos go\u00fbts, vos passions, vos ambitions.Dites comment vous vous imaginez dans votre vie d\u2019adulte. Parlez du m\u00e9tier qui vous attire, des professionnels que vous souhaitez c\u00f4toyer, des projets que vous ambitionnez de r\u00e9aliser. Vous vous \u00eates donc ... Lire plus\" \/>\n<meta property=\"og:url\" content=\"https:\/\/www.univ-lorraine.fr\/orientation-insertion-professionnelle\/ressources\/stage-emploi-et-alternance\/lentretien-de-recrutement\/sentrainer-a-repondre-aux-questions\/pourquoi-avez-vous-choisi-cette-formation\/\" \/>\n<meta property=\"og:site_name\" content=\"Orientation et insertion professionnelle\" \/>\n<meta property=\"article:modified_time\" content=\"2022-09-19T15:12:53+00:00\" \/>\n<meta name=\"twitter:card\" content=\"summary_large_image\" \/>\n<meta name=\"twitter:label1\" content=\"Dur\u00e9e de lecture estim\u00e9e\" \/>\n\t<meta name=\"twitter:data1\" content=\"2 minutes\" \/>\n<script type=\"application\/ld+json\" class=\"yoast-schema-graph\">{\"@context\":\"https:\\\/\\\/schema.org\",\"@graph\":[{\"@type\":\"WebPage\",\"@id\":\"https:\\\/\\\/www.univ-lorraine.fr\\\/orientation-insertion-professionnelle\\\/ressources\\\/stage-emploi-et-alternance\\\/lentretien-de-recrutement\\\/sentrainer-a-repondre-aux-questions\\\/pourquoi-avez-vous-choisi-cette-formation\\\/\",\"url\":\"https:\\\/\\\/www.univ-lorraine.fr\\\/orientation-insertion-professionnelle\\\/ressources\\\/stage-emploi-et-alternance\\\/lentretien-de-recrutement\\\/sentrainer-a-repondre-aux-questions\\\/pourquoi-avez-vous-choisi-cette-formation\\\/\",\"name\":\"POURQUOI AVEZ-VOUS CHOISI CETTE FORMATION ? - Orientation et insertion professionnelle\",\"isPartOf\":{\"@id\":\"https:\\\/\\\/www.univ-lorraine.fr\\\/orientation-insertion-professionnelle\\\/#website\"},\"datePublished\":\"2021-10-28T09:22:01+00:00\",\"dateModified\":\"2022-09-19T15:12:53+00:00\",\"breadcrumb\":{\"@id\":\"https:\\\/\\\/www.univ-lorraine.fr\\\/orientation-insertion-professionnelle\\\/ressources\\\/stage-emploi-et-alternance\\\/lentretien-de-recrutement\\\/sentrainer-a-repondre-aux-questions\\\/pourquoi-avez-vous-choisi-cette-formation\\\/#breadcrumb\"},\"inLanguage\":\"fr-FR\",\"potentialAction\":[{\"@type\":\"ReadAction\",\"target\":[\"https:\\\/\\\/www.univ-lorraine.fr\\\/orientation-insertion-professionnelle\\\/ressources\\\/stage-emploi-et-alternance\\\/lentretien-de-recrutement\\\/sentrainer-a-repondre-aux-questions\\\/pourquoi-avez-vous-choisi-cette-formation\\\/\"]}]},{\"@type\":\"BreadcrumbList\",\"@id\":\"https:\\\/\\\/www.univ-lorraine.fr\\\/orientation-insertion-professionnelle\\\/ressources\\\/stage-emploi-et-alternance\\\/lentretien-de-recrutement\\\/sentrainer-a-repondre-aux-questions\\\/pourquoi-avez-vous-choisi-cette-formation\\\/#breadcrumb\",\"itemListElement\":[{\"@type\":\"ListItem\",\"position\":1,\"name\":\"Accueil\",\"item\":\"https:\\\/\\\/www.univ-lorraine.fr\\\/orientation-insertion-professionnelle\\\/\"},{\"@type\":\"ListItem\",\"position\":2,\"name\":\"Ressources\",\"item\":\"https:\\\/\\\/www.univ-lorraine.fr\\\/orientation-insertion-professionnelle\\\/ressources\\\/\"},{\"@type\":\"ListItem\",\"position\":3,\"name\":\"Stage, emploi et alternance\",\"item\":\"https:\\\/\\\/www.univ-lorraine.fr\\\/orientation-insertion-professionnelle\\\/ressources\\\/stage-emploi-et-alternance\\\/\"},{\"@type\":\"ListItem\",\"position\":4,\"name\":\"L&rsquo;entretien de recrutement\",\"item\":\"https:\\\/\\\/www.univ-lorraine.fr\\\/orientation-insertion-professionnelle\\\/ressources\\\/stage-emploi-et-alternance\\\/lentretien-de-recrutement\\\/\"},{\"@type\":\"ListItem\",\"position\":5,\"name\":\"S&#8217;ENTRAINER \u00c0 R\u00c9PONDRE AUX QUESTIONS\",\"item\":\"https:\\\/\\\/www.univ-lorraine.fr\\\/orientation-insertion-professionnelle\\\/ressources\\\/stage-emploi-et-alternance\\\/lentretien-de-recrutement\\\/sentrainer-a-repondre-aux-questions\\\/\"},{\"@type\":\"ListItem\",\"position\":6,\"name\":\"POURQUOI AVEZ-VOUS CHOISI CETTE FORMATION ?\"}]},{\"@type\":\"WebSite\",\"@id\":\"https:\\\/\\\/www.univ-lorraine.fr\\\/orientation-insertion-professionnelle\\\/#website\",\"url\":\"https:\\\/\\\/www.univ-lorraine.fr\\\/orientation-insertion-professionnelle\\\/\",\"name\":\"Orientation et insertion professionnelle\",\"description\":\"\",\"publisher\":{\"@id\":\"https:\\\/\\\/www.univ-lorraine.fr\\\/orientation-insertion-professionnelle\\\/#organization\"},\"potentialAction\":[{\"@type\":\"SearchAction\",\"target\":{\"@type\":\"EntryPoint\",\"urlTemplate\":\"https:\\\/\\\/www.univ-lorraine.fr\\\/orientation-insertion-professionnelle\\\/?s={search_term_string}\"},\"query-input\":{\"@type\":\"PropertyValueSpecification\",\"valueRequired\":true,\"valueName\":\"search_term_string\"}}],\"inLanguage\":\"fr-FR\"},{\"@type\":\"Organization\",\"@id\":\"https:\\\/\\\/www.univ-lorraine.fr\\\/orientation-insertion-professionnelle\\\/#organization\",\"name\":\"Universit\u00e9 de Lorraine\",\"url\":\"https:\\\/\\\/www.univ-lorraine.fr\\\/orientation-insertion-professionnelle\\\/\",\"logo\":{\"@type\":\"ImageObject\",\"inLanguage\":\"fr-FR\",\"@id\":\"https:\\\/\\\/www.univ-lorraine.fr\\\/orientation-insertion-professionnelle\\\/#\\\/schema\\\/logo\\\/image\\\/\",\"url\":\"https:\\\/\\\/www.univ-lorraine.fr\\\/orientation-insertion-professionnelle\\\/wp-content\\\/uploads\\\/sites\\\/7\\\/2023\\\/04\\\/logo_siteweb2_Plan-de-travail-1.png\",\"contentUrl\":\"https:\\\/\\\/www.univ-lorraine.fr\\\/orientation-insertion-professionnelle\\\/wp-content\\\/uploads\\\/sites\\\/7\\\/2023\\\/04\\\/logo_siteweb2_Plan-de-travail-1.png\",\"width\":852,\"height\":492,\"caption\":\"Universit\u00e9 de Lorraine\"},\"image\":{\"@id\":\"https:\\\/\\\/www.univ-lorraine.fr\\\/orientation-insertion-professionnelle\\\/#\\\/schema\\\/logo\\\/image\\\/\"}}]}<\/script>\n<!-- \/ Yoast SEO plugin. -->","yoast_head_json":{"title":"POURQUOI AVEZ-VOUS CHOISI CETTE FORMATION ? - Orientation et insertion professionnelle","robots":{"index":"index","follow":"follow","max-snippet":"max-snippet:-1","max-image-preview":"max-image-preview:large","max-video-preview":"max-video-preview:-1"},"canonical":"https:\/\/www.univ-lorraine.fr\/orientation-insertion-professionnelle\/ressources\/stage-emploi-et-alternance\/lentretien-de-recrutement\/sentrainer-a-repondre-aux-questions\/pourquoi-avez-vous-choisi-cette-formation\/","og_locale":"fr_FR","og_type":"article","og_title":"POURQUOI AVEZ-VOUS CHOISI CETTE FORMATION ? - Orientation et insertion professionnelle","og_description":"Vous seul pouvez justifier des raisons de votre choix. Mettez en relation votre formation avec vos r\u00eaves d\u2019enfant, vos go\u00fbts, vos passions, vos ambitions.Dites comment vous vous imaginez dans votre vie d\u2019adulte. Parlez du m\u00e9tier qui vous attire, des professionnels que vous souhaitez c\u00f4toyer, des projets que vous ambitionnez de r\u00e9aliser. Vous vous \u00eates donc ... Lire plus","og_url":"https:\/\/www.univ-lorraine.fr\/orientation-insertion-professionnelle\/ressources\/stage-emploi-et-alternance\/lentretien-de-recrutement\/sentrainer-a-repondre-aux-questions\/pourquoi-avez-vous-choisi-cette-formation\/","og_site_name":"Orientation et insertion professionnelle","article_modified_time":"2022-09-19T15:12:53+00:00","twitter_card":"summary_large_image","twitter_misc":{"Dur\u00e9e de lecture estim\u00e9e":"2 minutes"},"schema":{"@context":"https:\/\/schema.org","@graph":[{"@type":"WebPage","@id":"https:\/\/www.univ-lorraine.fr\/orientation-insertion-professionnelle\/ressources\/stage-emploi-et-alternance\/lentretien-de-recrutement\/sentrainer-a-repondre-aux-questions\/pourquoi-avez-vous-choisi-cette-formation\/","url":"https:\/\/www.univ-lorraine.fr\/orientation-insertion-professionnelle\/ressources\/stage-emploi-et-alternance\/lentretien-de-recrutement\/sentrainer-a-repondre-aux-questions\/pourquoi-avez-vous-choisi-cette-formation\/","name":"POURQUOI AVEZ-VOUS CHOISI CETTE FORMATION ? - Orientation et insertion professionnelle","isPartOf":{"@id":"https:\/\/www.univ-lorraine.fr\/orientation-insertion-professionnelle\/#website"},"datePublished":"2021-10-28T09:22:01+00:00","dateModified":"2022-09-19T15:12:53+00:00","breadcrumb":{"@id":"https:\/\/www.univ-lorraine.fr\/orientation-insertion-professionnelle\/ressources\/stage-emploi-et-alternance\/lentretien-de-recrutement\/sentrainer-a-repondre-aux-questions\/pourquoi-avez-vous-choisi-cette-formation\/#breadcrumb"},"inLanguage":"fr-FR","potentialAction":[{"@type":"ReadAction","target":["https:\/\/www.univ-lorraine.fr\/orientation-insertion-professionnelle\/ressources\/stage-emploi-et-alternance\/lentretien-de-recrutement\/sentrainer-a-repondre-aux-questions\/pourquoi-avez-vous-choisi-cette-formation\/"]}]},{"@type":"BreadcrumbList","@id":"https:\/\/www.univ-lorraine.fr\/orientation-insertion-professionnelle\/ressources\/stage-emploi-et-alternance\/lentretien-de-recrutement\/sentrainer-a-repondre-aux-questions\/pourquoi-avez-vous-choisi-cette-formation\/#breadcrumb","itemListElement":[{"@type":"ListItem","position":1,"name":"Accueil","item":"https:\/\/www.univ-lorraine.fr\/orientation-insertion-professionnelle\/"},{"@type":"ListItem","position":2,"name":"Ressources","item":"https:\/\/www.univ-lorraine.fr\/orientation-insertion-professionnelle\/ressources\/"},{"@type":"ListItem","position":3,"name":"Stage, emploi et alternance","item":"https:\/\/www.univ-lorraine.fr\/orientation-insertion-professionnelle\/ressources\/stage-emploi-et-alternance\/"},{"@type":"ListItem","position":4,"name":"L&rsquo;entretien de recrutement","item":"https:\/\/www.univ-lorraine.fr\/orientation-insertion-professionnelle\/ressources\/stage-emploi-et-alternance\/lentretien-de-recrutement\/"},{"@type":"ListItem","position":5,"name":"S&#8217;ENTRAINER \u00c0 R\u00c9PONDRE AUX QUESTIONS","item":"https:\/\/www.univ-lorraine.fr\/orientation-insertion-professionnelle\/ressources\/stage-emploi-et-alternance\/lentretien-de-recrutement\/sentrainer-a-repondre-aux-questions\/"},{"@type":"ListItem","position":6,"name":"POURQUOI AVEZ-VOUS CHOISI CETTE FORMATION ?"}]},{"@type":"WebSite","@id":"https:\/\/www.univ-lorraine.fr\/orientation-insertion-professionnelle\/#website","url":"https:\/\/www.univ-lorraine.fr\/orientation-insertion-professionnelle\/","name":"Orientation et insertion professionnelle","description":"","publisher":{"@id":"https:\/\/www.univ-lorraine.fr\/orientation-insertion-professionnelle\/#organization"},"potentialAction":[{"@type":"SearchAction","target":{"@type":"EntryPoint","urlTemplate":"https:\/\/www.univ-lorraine.fr\/orientation-insertion-professionnelle\/?s={search_term_string}"},"query-input":{"@type":"PropertyValueSpecification","valueRequired":true,"valueName":"search_term_string"}}],"inLanguage":"fr-FR"},{"@type":"Organization","@id":"https:\/\/www.univ-lorraine.fr\/orientation-insertion-professionnelle\/#organization","name":"Universit\u00e9 de Lorraine","url":"https:\/\/www.univ-lorraine.fr\/orientation-insertion-professionnelle\/","logo":{"@type":"ImageObject","inLanguage":"fr-FR","@id":"https:\/\/www.univ-lorraine.fr\/orientation-insertion-professionnelle\/#\/schema\/logo\/image\/","url":"https:\/\/www.univ-lorraine.fr\/orientation-insertion-professionnelle\/wp-content\/uploads\/sites\/7\/2023\/04\/logo_siteweb2_Plan-de-travail-1.png","contentUrl":"https:\/\/www.univ-lorraine.fr\/orientation-insertion-professionnelle\/wp-content\/uploads\/sites\/7\/2023\/04\/logo_siteweb2_Plan-de-travail-1.png","width":852,"height":492,"caption":"Universit\u00e9 de Lorraine"},"image":{"@id":"https:\/\/www.univ-lorraine.fr\/orientation-insertion-professionnelle\/#\/schema\/logo\/image\/"}}]}},"_links":{"self":[{"href":"https:\/\/www.univ-lorraine.fr\/orientation-insertion-professionnelle\/wp-json\/wp\/v2\/pages\/2694","targetHints":{"allow":["GET"]}}],"collection":[{"href":"https:\/\/www.univ-lorraine.fr\/orientation-insertion-professionnelle\/wp-json\/wp\/v2\/pages"}],"about":[{"href":"https:\/\/www.univ-lorraine.fr\/orientation-insertion-professionnelle\/wp-json\/wp\/v2\/types\/page"}],"author":[{"embeddable":true,"href":"https:\/\/www.univ-lorraine.fr\/orientation-insertion-professionnelle\/wp-json\/wp\/v2\/users\/72"}],"replies":[{"embeddable":true,"href":"https:\/\/www.univ-lorraine.fr\/orientation-insertion-professionnelle\/wp-json\/wp\/v2\/comments?post=2694"}],"version-history":[{"count":1,"href":"https:\/\/www.univ-lorraine.fr\/orientation-insertion-professionnelle\/wp-json\/wp\/v2\/pages\/2694\/revisions"}],"predecessor-version":[{"id":2695,"href":"https:\/\/www.univ-lorraine.fr\/orientation-insertion-professionnelle\/wp-json\/wp\/v2\/pages\/2694\/revisions\/2695"}],"up":[{"embeddable":true,"href":"https:\/\/www.univ-lorraine.fr\/orientation-insertion-professionnelle\/wp-json\/wp\/v2\/pages\/2688"}],"wp:attachment":[{"href":"https:\/\/www.univ-lorraine.fr\/orientation-insertion-professionnelle\/wp-json\/wp\/v2\/media?parent=2694"}],"wp:term":[{"taxonomy":"category","embeddable":true,"href":"https:\/\/www.univ-lorraine.fr\/orientation-insertion-professionnelle\/wp-json\/wp\/v2\/categories?post=2694"},{"taxonomy":"post_tag","embeddable":true,"href":"https:\/\/www.univ-lorraine.fr\/orientation-insertion-professionnelle\/wp-json\/wp\/v2\/tags?post=2694"}],"curies":[{"name":"wp","href":"https:\/\/api.w.org\/{rel}","templated":true}]}}