{"id":2700,"date":"2021-10-28T11:23:16","date_gmt":"2021-10-28T09:23:16","guid":{"rendered":"https:\/\/www.univ-lorraine.fr\/orientation-insertion-professionnelle\/?page_id=2700"},"modified":"2022-09-19T17:12:54","modified_gmt":"2022-09-19T15:12:54","slug":"quest-ce-qui-vous-a-interesse-dans-notre-offre","status":"publish","type":"page","link":"https:\/\/www.univ-lorraine.fr\/orientation-insertion-professionnelle\/ressources\/stage-emploi-et-alternance\/lentretien-de-recrutement\/sentrainer-a-repondre-aux-questions\/quest-ce-qui-vous-a-interesse-dans-notre-offre\/","title":{"rendered":"QU&rsquo;EST CE QUI VOUS A INT\u00c9RESS\u00c9 DANS NOTRE OFFRE ?"},"content":{"rendered":"\n<p>Si vous avez suivi nos conseils de pr\u00e9paration, vous avez analys\u00e9 l&rsquo;annonce \u00e0 laquelle vous avez r\u00e9pondu, et vous savez donc ce qui lui correspond dans votre profil.<\/p>\n\n\n\n<p>Mais la convocation \u00e0 l&rsquo;entretien peut arriver plusieurs semaines apr\u00e8s votre candidature. Vous risquez de ne plus tr\u00e8s bien vous souvenir de l\u2019annonce. D&rsquo;o\u00f9 l&rsquo;importance d&rsquo;\u00eatre bien organis\u00e9 et d&rsquo;avoir agraf\u00e9 ladite annonce \u00e0 la copie de votre lettre. Relisez l\u2019annonce et votre lettre de motivation avant l&rsquo;entretien, pour bien vous impr\u00e9gner de leur contenu.<\/p>\n\n\n\n<p>Une annonce est toujours construite selon la m\u00eame structure :<\/p>\n\n\n\n<p>&nbsp; Pr\u00e9sentation de l\u2019entreprise et de son secteur d\u2019activit\u00e9<br>&nbsp; Raison du recrutement<br>&nbsp; Intitul\u00e9 et descriptif du poste, situation g\u00e9ographique (\u00e9ventuellement)<br>&nbsp; Formation et comp\u00e9tences requises<br>&nbsp; Fourchette de r\u00e9mun\u00e9ration<br>&nbsp; Coordonn\u00e9es et type de candidature<\/p>\n\n\n\n<p>Ne cherchez pas une r\u00e9ponse obligatoire \u00e0 chacune de ces parties, mais ne vous contentez pas non plus d\u2019une seule raison (\u00ab\u00a0<em>\u00e7a paie bien\u2026<\/em>\u00ab\u00a0) !<br><br>Choisissez 2 ou 3 points que vous relierez \u00e0 une sp\u00e9cificit\u00e9 de votre formation, \u00e0 une de vos passions, \u00e0 une de vos ambitions professionnelles\u2026<br><br><br><strong>R\u00e9ponse-type&nbsp;:<\/strong><\/p>\n\n\n\n<p><em>XYZ fabrique les meilleurs outillages du march\u00e9. Ce sont toujours ceux que j\u2019ach\u00e8te. Ce serait g\u00e9nial de participer au d\u00e9veloppement de la gamme&nbsp;!<\/em><\/p>\n","protected":false},"excerpt":{"rendered":"<p>Si vous avez suivi nos conseils de pr\u00e9paration, vous avez analys\u00e9 l&rsquo;annonce \u00e0 laquelle vous avez r\u00e9pondu, et vous savez donc ce qui lui correspond dans votre profil. Mais la convocation \u00e0 l&rsquo;entretien peut arriver plusieurs semaines apr\u00e8s votre candidature. Vous risquez de ne plus tr\u00e8s bien vous souvenir de l\u2019annonce. D&rsquo;o\u00f9 l&rsquo;importance d&rsquo;\u00eatre bien &#8230; <a title=\"QU&rsquo;EST CE QUI VOUS A INT\u00c9RESS\u00c9 DANS NOTRE OFFRE ?\" class=\"read-more\" href=\"https:\/\/www.univ-lorraine.fr\/orientation-insertion-professionnelle\/ressources\/stage-emploi-et-alternance\/lentretien-de-recrutement\/sentrainer-a-repondre-aux-questions\/quest-ce-qui-vous-a-interesse-dans-notre-offre\/\" aria-label=\"En savoir plus sur QU&rsquo;EST CE QUI VOUS A INT\u00c9RESS\u00c9 DANS NOTRE OFFRE ?\">Lire plus<\/a><\/p>\n","protected":false},"author":72,"featured_media":0,"parent":2688,"menu_order":0,"comment_status":"closed","ping_status":"closed","template":"","meta":{"inline_featured_image":false,"footnotes":""},"categories":[17,15],"tags":[],"class_list":{"0":"post-2700","1":"page","2":"type-page","3":"status-publish","5":"category-conseils","6":"category-insertion-professionnelle"},"yoast_head":"<!-- This site is optimized with the Yoast SEO plugin v27.4 - https:\/\/yoast.com\/product\/yoast-seo-wordpress\/ -->\n<title>QU&#039;EST CE QUI VOUS A INT\u00c9RESS\u00c9 DANS NOTRE OFFRE ? - Orientation et insertion professionnelle<\/title>\n<meta name=\"robots\" content=\"index, follow, max-snippet:-1, max-image-preview:large, max-video-preview:-1\" \/>\n<link rel=\"canonical\" href=\"https:\/\/www.univ-lorraine.fr\/orientation-insertion-professionnelle\/ressources\/stage-emploi-et-alternance\/lentretien-de-recrutement\/sentrainer-a-repondre-aux-questions\/quest-ce-qui-vous-a-interesse-dans-notre-offre\/\" \/>\n<meta property=\"og:locale\" content=\"fr_FR\" \/>\n<meta property=\"og:type\" content=\"article\" \/>\n<meta property=\"og:title\" content=\"QU&#039;EST CE QUI VOUS A INT\u00c9RESS\u00c9 DANS NOTRE OFFRE ? - Orientation et insertion professionnelle\" \/>\n<meta property=\"og:description\" content=\"Si vous avez suivi nos conseils de pr\u00e9paration, vous avez analys\u00e9 l&rsquo;annonce \u00e0 laquelle vous avez r\u00e9pondu, et vous savez donc ce qui lui correspond dans votre profil. Mais la convocation \u00e0 l&rsquo;entretien peut arriver plusieurs semaines apr\u00e8s votre candidature. Vous risquez de ne plus tr\u00e8s bien vous souvenir de l\u2019annonce. D&rsquo;o\u00f9 l&rsquo;importance d&rsquo;\u00eatre bien ... Lire plus\" \/>\n<meta property=\"og:url\" content=\"https:\/\/www.univ-lorraine.fr\/orientation-insertion-professionnelle\/ressources\/stage-emploi-et-alternance\/lentretien-de-recrutement\/sentrainer-a-repondre-aux-questions\/quest-ce-qui-vous-a-interesse-dans-notre-offre\/\" \/>\n<meta property=\"og:site_name\" content=\"Orientation et insertion professionnelle\" \/>\n<meta property=\"article:modified_time\" content=\"2022-09-19T15:12:54+00:00\" \/>\n<meta name=\"twitter:card\" content=\"summary_large_image\" \/>\n<meta name=\"twitter:label1\" content=\"Dur\u00e9e de lecture estim\u00e9e\" \/>\n\t<meta name=\"twitter:data1\" content=\"1 minute\" \/>\n<script type=\"application\/ld+json\" class=\"yoast-schema-graph\">{\"@context\":\"https:\\\/\\\/schema.org\",\"@graph\":[{\"@type\":\"WebPage\",\"@id\":\"https:\\\/\\\/www.univ-lorraine.fr\\\/orientation-insertion-professionnelle\\\/ressources\\\/stage-emploi-et-alternance\\\/lentretien-de-recrutement\\\/sentrainer-a-repondre-aux-questions\\\/quest-ce-qui-vous-a-interesse-dans-notre-offre\\\/\",\"url\":\"https:\\\/\\\/www.univ-lorraine.fr\\\/orientation-insertion-professionnelle\\\/ressources\\\/stage-emploi-et-alternance\\\/lentretien-de-recrutement\\\/sentrainer-a-repondre-aux-questions\\\/quest-ce-qui-vous-a-interesse-dans-notre-offre\\\/\",\"name\":\"QU'EST CE QUI VOUS A INT\u00c9RESS\u00c9 DANS NOTRE OFFRE ? - Orientation et insertion professionnelle\",\"isPartOf\":{\"@id\":\"https:\\\/\\\/www.univ-lorraine.fr\\\/orientation-insertion-professionnelle\\\/#website\"},\"datePublished\":\"2021-10-28T09:23:16+00:00\",\"dateModified\":\"2022-09-19T15:12:54+00:00\",\"breadcrumb\":{\"@id\":\"https:\\\/\\\/www.univ-lorraine.fr\\\/orientation-insertion-professionnelle\\\/ressources\\\/stage-emploi-et-alternance\\\/lentretien-de-recrutement\\\/sentrainer-a-repondre-aux-questions\\\/quest-ce-qui-vous-a-interesse-dans-notre-offre\\\/#breadcrumb\"},\"inLanguage\":\"fr-FR\",\"potentialAction\":[{\"@type\":\"ReadAction\",\"target\":[\"https:\\\/\\\/www.univ-lorraine.fr\\\/orientation-insertion-professionnelle\\\/ressources\\\/stage-emploi-et-alternance\\\/lentretien-de-recrutement\\\/sentrainer-a-repondre-aux-questions\\\/quest-ce-qui-vous-a-interesse-dans-notre-offre\\\/\"]}]},{\"@type\":\"BreadcrumbList\",\"@id\":\"https:\\\/\\\/www.univ-lorraine.fr\\\/orientation-insertion-professionnelle\\\/ressources\\\/stage-emploi-et-alternance\\\/lentretien-de-recrutement\\\/sentrainer-a-repondre-aux-questions\\\/quest-ce-qui-vous-a-interesse-dans-notre-offre\\\/#breadcrumb\",\"itemListElement\":[{\"@type\":\"ListItem\",\"position\":1,\"name\":\"Accueil\",\"item\":\"https:\\\/\\\/www.univ-lorraine.fr\\\/orientation-insertion-professionnelle\\\/\"},{\"@type\":\"ListItem\",\"position\":2,\"name\":\"Ressources\",\"item\":\"https:\\\/\\\/www.univ-lorraine.fr\\\/orientation-insertion-professionnelle\\\/ressources\\\/\"},{\"@type\":\"ListItem\",\"position\":3,\"name\":\"Stage, emploi et alternance\",\"item\":\"https:\\\/\\\/www.univ-lorraine.fr\\\/orientation-insertion-professionnelle\\\/ressources\\\/stage-emploi-et-alternance\\\/\"},{\"@type\":\"ListItem\",\"position\":4,\"name\":\"L&rsquo;entretien de recrutement\",\"item\":\"https:\\\/\\\/www.univ-lorraine.fr\\\/orientation-insertion-professionnelle\\\/ressources\\\/stage-emploi-et-alternance\\\/lentretien-de-recrutement\\\/\"},{\"@type\":\"ListItem\",\"position\":5,\"name\":\"S&#8217;ENTRAINER \u00c0 R\u00c9PONDRE AUX QUESTIONS\",\"item\":\"https:\\\/\\\/www.univ-lorraine.fr\\\/orientation-insertion-professionnelle\\\/ressources\\\/stage-emploi-et-alternance\\\/lentretien-de-recrutement\\\/sentrainer-a-repondre-aux-questions\\\/\"},{\"@type\":\"ListItem\",\"position\":6,\"name\":\"QU&#8217;EST CE QUI VOUS A INT\u00c9RESS\u00c9 DANS NOTRE OFFRE ?\"}]},{\"@type\":\"WebSite\",\"@id\":\"https:\\\/\\\/www.univ-lorraine.fr\\\/orientation-insertion-professionnelle\\\/#website\",\"url\":\"https:\\\/\\\/www.univ-lorraine.fr\\\/orientation-insertion-professionnelle\\\/\",\"name\":\"Orientation et insertion professionnelle\",\"description\":\"\",\"publisher\":{\"@id\":\"https:\\\/\\\/www.univ-lorraine.fr\\\/orientation-insertion-professionnelle\\\/#organization\"},\"potentialAction\":[{\"@type\":\"SearchAction\",\"target\":{\"@type\":\"EntryPoint\",\"urlTemplate\":\"https:\\\/\\\/www.univ-lorraine.fr\\\/orientation-insertion-professionnelle\\\/?s={search_term_string}\"},\"query-input\":{\"@type\":\"PropertyValueSpecification\",\"valueRequired\":true,\"valueName\":\"search_term_string\"}}],\"inLanguage\":\"fr-FR\"},{\"@type\":\"Organization\",\"@id\":\"https:\\\/\\\/www.univ-lorraine.fr\\\/orientation-insertion-professionnelle\\\/#organization\",\"name\":\"Universit\u00e9 de Lorraine\",\"url\":\"https:\\\/\\\/www.univ-lorraine.fr\\\/orientation-insertion-professionnelle\\\/\",\"logo\":{\"@type\":\"ImageObject\",\"inLanguage\":\"fr-FR\",\"@id\":\"https:\\\/\\\/www.univ-lorraine.fr\\\/orientation-insertion-professionnelle\\\/#\\\/schema\\\/logo\\\/image\\\/\",\"url\":\"https:\\\/\\\/www.univ-lorraine.fr\\\/orientation-insertion-professionnelle\\\/wp-content\\\/uploads\\\/sites\\\/7\\\/2023\\\/04\\\/logo_siteweb2_Plan-de-travail-1.png\",\"contentUrl\":\"https:\\\/\\\/www.univ-lorraine.fr\\\/orientation-insertion-professionnelle\\\/wp-content\\\/uploads\\\/sites\\\/7\\\/2023\\\/04\\\/logo_siteweb2_Plan-de-travail-1.png\",\"width\":852,\"height\":492,\"caption\":\"Universit\u00e9 de Lorraine\"},\"image\":{\"@id\":\"https:\\\/\\\/www.univ-lorraine.fr\\\/orientation-insertion-professionnelle\\\/#\\\/schema\\\/logo\\\/image\\\/\"}}]}<\/script>\n<!-- \/ Yoast SEO plugin. -->","yoast_head_json":{"title":"QU'EST CE QUI VOUS A INT\u00c9RESS\u00c9 DANS NOTRE OFFRE ? - Orientation et insertion professionnelle","robots":{"index":"index","follow":"follow","max-snippet":"max-snippet:-1","max-image-preview":"max-image-preview:large","max-video-preview":"max-video-preview:-1"},"canonical":"https:\/\/www.univ-lorraine.fr\/orientation-insertion-professionnelle\/ressources\/stage-emploi-et-alternance\/lentretien-de-recrutement\/sentrainer-a-repondre-aux-questions\/quest-ce-qui-vous-a-interesse-dans-notre-offre\/","og_locale":"fr_FR","og_type":"article","og_title":"QU'EST CE QUI VOUS A INT\u00c9RESS\u00c9 DANS NOTRE OFFRE ? - Orientation et insertion professionnelle","og_description":"Si vous avez suivi nos conseils de pr\u00e9paration, vous avez analys\u00e9 l&rsquo;annonce \u00e0 laquelle vous avez r\u00e9pondu, et vous savez donc ce qui lui correspond dans votre profil. Mais la convocation \u00e0 l&rsquo;entretien peut arriver plusieurs semaines apr\u00e8s votre candidature. Vous risquez de ne plus tr\u00e8s bien vous souvenir de l\u2019annonce. D&rsquo;o\u00f9 l&rsquo;importance d&rsquo;\u00eatre bien ... Lire plus","og_url":"https:\/\/www.univ-lorraine.fr\/orientation-insertion-professionnelle\/ressources\/stage-emploi-et-alternance\/lentretien-de-recrutement\/sentrainer-a-repondre-aux-questions\/quest-ce-qui-vous-a-interesse-dans-notre-offre\/","og_site_name":"Orientation et insertion professionnelle","article_modified_time":"2022-09-19T15:12:54+00:00","twitter_card":"summary_large_image","twitter_misc":{"Dur\u00e9e de lecture estim\u00e9e":"1 minute"},"schema":{"@context":"https:\/\/schema.org","@graph":[{"@type":"WebPage","@id":"https:\/\/www.univ-lorraine.fr\/orientation-insertion-professionnelle\/ressources\/stage-emploi-et-alternance\/lentretien-de-recrutement\/sentrainer-a-repondre-aux-questions\/quest-ce-qui-vous-a-interesse-dans-notre-offre\/","url":"https:\/\/www.univ-lorraine.fr\/orientation-insertion-professionnelle\/ressources\/stage-emploi-et-alternance\/lentretien-de-recrutement\/sentrainer-a-repondre-aux-questions\/quest-ce-qui-vous-a-interesse-dans-notre-offre\/","name":"QU'EST CE QUI VOUS A INT\u00c9RESS\u00c9 DANS NOTRE OFFRE ? - Orientation et insertion professionnelle","isPartOf":{"@id":"https:\/\/www.univ-lorraine.fr\/orientation-insertion-professionnelle\/#website"},"datePublished":"2021-10-28T09:23:16+00:00","dateModified":"2022-09-19T15:12:54+00:00","breadcrumb":{"@id":"https:\/\/www.univ-lorraine.fr\/orientation-insertion-professionnelle\/ressources\/stage-emploi-et-alternance\/lentretien-de-recrutement\/sentrainer-a-repondre-aux-questions\/quest-ce-qui-vous-a-interesse-dans-notre-offre\/#breadcrumb"},"inLanguage":"fr-FR","potentialAction":[{"@type":"ReadAction","target":["https:\/\/www.univ-lorraine.fr\/orientation-insertion-professionnelle\/ressources\/stage-emploi-et-alternance\/lentretien-de-recrutement\/sentrainer-a-repondre-aux-questions\/quest-ce-qui-vous-a-interesse-dans-notre-offre\/"]}]},{"@type":"BreadcrumbList","@id":"https:\/\/www.univ-lorraine.fr\/orientation-insertion-professionnelle\/ressources\/stage-emploi-et-alternance\/lentretien-de-recrutement\/sentrainer-a-repondre-aux-questions\/quest-ce-qui-vous-a-interesse-dans-notre-offre\/#breadcrumb","itemListElement":[{"@type":"ListItem","position":1,"name":"Accueil","item":"https:\/\/www.univ-lorraine.fr\/orientation-insertion-professionnelle\/"},{"@type":"ListItem","position":2,"name":"Ressources","item":"https:\/\/www.univ-lorraine.fr\/orientation-insertion-professionnelle\/ressources\/"},{"@type":"ListItem","position":3,"name":"Stage, emploi et alternance","item":"https:\/\/www.univ-lorraine.fr\/orientation-insertion-professionnelle\/ressources\/stage-emploi-et-alternance\/"},{"@type":"ListItem","position":4,"name":"L&rsquo;entretien de recrutement","item":"https:\/\/www.univ-lorraine.fr\/orientation-insertion-professionnelle\/ressources\/stage-emploi-et-alternance\/lentretien-de-recrutement\/"},{"@type":"ListItem","position":5,"name":"S&#8217;ENTRAINER \u00c0 R\u00c9PONDRE AUX QUESTIONS","item":"https:\/\/www.univ-lorraine.fr\/orientation-insertion-professionnelle\/ressources\/stage-emploi-et-alternance\/lentretien-de-recrutement\/sentrainer-a-repondre-aux-questions\/"},{"@type":"ListItem","position":6,"name":"QU&#8217;EST CE QUI VOUS A INT\u00c9RESS\u00c9 DANS NOTRE OFFRE ?"}]},{"@type":"WebSite","@id":"https:\/\/www.univ-lorraine.fr\/orientation-insertion-professionnelle\/#website","url":"https:\/\/www.univ-lorraine.fr\/orientation-insertion-professionnelle\/","name":"Orientation et insertion professionnelle","description":"","publisher":{"@id":"https:\/\/www.univ-lorraine.fr\/orientation-insertion-professionnelle\/#organization"},"potentialAction":[{"@type":"SearchAction","target":{"@type":"EntryPoint","urlTemplate":"https:\/\/www.univ-lorraine.fr\/orientation-insertion-professionnelle\/?s={search_term_string}"},"query-input":{"@type":"PropertyValueSpecification","valueRequired":true,"valueName":"search_term_string"}}],"inLanguage":"fr-FR"},{"@type":"Organization","@id":"https:\/\/www.univ-lorraine.fr\/orientation-insertion-professionnelle\/#organization","name":"Universit\u00e9 de Lorraine","url":"https:\/\/www.univ-lorraine.fr\/orientation-insertion-professionnelle\/","logo":{"@type":"ImageObject","inLanguage":"fr-FR","@id":"https:\/\/www.univ-lorraine.fr\/orientation-insertion-professionnelle\/#\/schema\/logo\/image\/","url":"https:\/\/www.univ-lorraine.fr\/orientation-insertion-professionnelle\/wp-content\/uploads\/sites\/7\/2023\/04\/logo_siteweb2_Plan-de-travail-1.png","contentUrl":"https:\/\/www.univ-lorraine.fr\/orientation-insertion-professionnelle\/wp-content\/uploads\/sites\/7\/2023\/04\/logo_siteweb2_Plan-de-travail-1.png","width":852,"height":492,"caption":"Universit\u00e9 de Lorraine"},"image":{"@id":"https:\/\/www.univ-lorraine.fr\/orientation-insertion-professionnelle\/#\/schema\/logo\/image\/"}}]}},"_links":{"self":[{"href":"https:\/\/www.univ-lorraine.fr\/orientation-insertion-professionnelle\/wp-json\/wp\/v2\/pages\/2700","targetHints":{"allow":["GET"]}}],"collection":[{"href":"https:\/\/www.univ-lorraine.fr\/orientation-insertion-professionnelle\/wp-json\/wp\/v2\/pages"}],"about":[{"href":"https:\/\/www.univ-lorraine.fr\/orientation-insertion-professionnelle\/wp-json\/wp\/v2\/types\/page"}],"author":[{"embeddable":true,"href":"https:\/\/www.univ-lorraine.fr\/orientation-insertion-professionnelle\/wp-json\/wp\/v2\/users\/72"}],"replies":[{"embeddable":true,"href":"https:\/\/www.univ-lorraine.fr\/orientation-insertion-professionnelle\/wp-json\/wp\/v2\/comments?post=2700"}],"version-history":[{"count":1,"href":"https:\/\/www.univ-lorraine.fr\/orientation-insertion-professionnelle\/wp-json\/wp\/v2\/pages\/2700\/revisions"}],"predecessor-version":[{"id":2701,"href":"https:\/\/www.univ-lorraine.fr\/orientation-insertion-professionnelle\/wp-json\/wp\/v2\/pages\/2700\/revisions\/2701"}],"up":[{"embeddable":true,"href":"https:\/\/www.univ-lorraine.fr\/orientation-insertion-professionnelle\/wp-json\/wp\/v2\/pages\/2688"}],"wp:attachment":[{"href":"https:\/\/www.univ-lorraine.fr\/orientation-insertion-professionnelle\/wp-json\/wp\/v2\/media?parent=2700"}],"wp:term":[{"taxonomy":"category","embeddable":true,"href":"https:\/\/www.univ-lorraine.fr\/orientation-insertion-professionnelle\/wp-json\/wp\/v2\/categories?post=2700"},{"taxonomy":"post_tag","embeddable":true,"href":"https:\/\/www.univ-lorraine.fr\/orientation-insertion-professionnelle\/wp-json\/wp\/v2\/tags?post=2700"}],"curies":[{"name":"wp","href":"https:\/\/api.w.org\/{rel}","templated":true}]}}