{"id":2702,"date":"2021-10-28T11:23:41","date_gmt":"2021-10-28T09:23:41","guid":{"rendered":"https:\/\/www.univ-lorraine.fr\/orientation-insertion-professionnelle\/?page_id=2702"},"modified":"2022-09-19T17:17:05","modified_gmt":"2022-09-19T15:17:05","slug":"aimez-vous-le-travail-en-equipe","status":"publish","type":"page","link":"https:\/\/www.univ-lorraine.fr\/orientation-insertion-professionnelle\/ressources\/stage-emploi-et-alternance\/lentretien-de-recrutement\/sentrainer-a-repondre-aux-questions\/aimez-vous-le-travail-en-equipe\/","title":{"rendered":"AIMEZ-VOUS LE TRAVAIL EN \u00c9QUIPE ?"},"content":{"rendered":"\n<p>Ne vous contentez pas de r\u00e9pondre par oui ou par non.<\/p>\n\n\n\n<p>Expliquez vos raisons, et donnez l&rsquo;exemple d&rsquo;une r\u00e9alisation d&rsquo;\u00e9quipe que vous avez v\u00e9cue. Dites ce que vous avez appr\u00e9ci\u00e9 et ce qui vous a incommod\u00e9.Dans tous les cas, soyez honn\u00eate! Si vous ne supportez pas le groupe, on s&rsquo;en apercevra t\u00f4t ou tard. Vous ne serez pas \u00e0 l&rsquo;aise dans la fonction et mentir peut avoir des cons\u00e9quences f\u00e2cheuses pour votre emploi.De m\u00eame, au cours d&rsquo;un entretien, une question anodine sert souvent \u00e0 v\u00e9rifier certaines de vos affirmations. Le recruteur peut, par exemple, s&rsquo;\u00e9tonner \u00e0 juste titre qu&rsquo;un amateur de sports individuels se d\u00e9clare fervent du travail en \u00e9quipe&#8230;R\u00e9ponse-type<\/p>\n\n\n\n<p><em>J\u2019aime l\u2019\u00e9mulation provoqu\u00e9e par un groupe de travail, cela permet d\u2019avancer rapidement. Et puis, il y a plus de choses dans plusieurs t\u00eates que dans une seule.<\/em><\/p>\n\n\n\n<p><em>Lorsque l\u2019on travaille en solo, on ne sait pas toujours bien ce que font les autres. Travailler ensemble permet une bonne homog\u00e9n\u00e9it\u00e9 et une meilleure coordination des t\u00e2ches.<\/em><\/p>\n\n\n\n<p><em>Et c\u2019est super de f\u00eater ensemble le succ\u00e8s d\u2019une mission !<\/em><\/p>\n","protected":false},"excerpt":{"rendered":"<p>Ne vous contentez pas de r\u00e9pondre par oui ou par non. Expliquez vos raisons, et donnez l&rsquo;exemple d&rsquo;une r\u00e9alisation d&rsquo;\u00e9quipe que vous avez v\u00e9cue. Dites ce que vous avez appr\u00e9ci\u00e9 et ce qui vous a incommod\u00e9.Dans tous les cas, soyez honn\u00eate! Si vous ne supportez pas le groupe, on s&rsquo;en apercevra t\u00f4t ou tard. Vous &#8230; <a title=\"AIMEZ-VOUS LE TRAVAIL EN \u00c9QUIPE ?\" class=\"read-more\" href=\"https:\/\/www.univ-lorraine.fr\/orientation-insertion-professionnelle\/ressources\/stage-emploi-et-alternance\/lentretien-de-recrutement\/sentrainer-a-repondre-aux-questions\/aimez-vous-le-travail-en-equipe\/\" aria-label=\"En savoir plus sur AIMEZ-VOUS LE TRAVAIL EN \u00c9QUIPE ?\">Lire plus<\/a><\/p>\n","protected":false},"author":72,"featured_media":0,"parent":2688,"menu_order":0,"comment_status":"closed","ping_status":"closed","template":"","meta":{"inline_featured_image":false,"footnotes":""},"categories":[17,15],"tags":[],"class_list":{"0":"post-2702","1":"page","2":"type-page","3":"status-publish","5":"category-conseils","6":"category-insertion-professionnelle"},"yoast_head":"<!-- This site is optimized with the Yoast SEO plugin v27.4 - https:\/\/yoast.com\/product\/yoast-seo-wordpress\/ -->\n<title>AIMEZ-VOUS LE TRAVAIL EN \u00c9QUIPE ? - Orientation et insertion professionnelle<\/title>\n<meta name=\"robots\" content=\"index, follow, max-snippet:-1, max-image-preview:large, max-video-preview:-1\" \/>\n<link rel=\"canonical\" href=\"https:\/\/www.univ-lorraine.fr\/orientation-insertion-professionnelle\/ressources\/stage-emploi-et-alternance\/lentretien-de-recrutement\/sentrainer-a-repondre-aux-questions\/aimez-vous-le-travail-en-equipe\/\" \/>\n<meta property=\"og:locale\" content=\"fr_FR\" \/>\n<meta property=\"og:type\" content=\"article\" \/>\n<meta property=\"og:title\" content=\"AIMEZ-VOUS LE TRAVAIL EN \u00c9QUIPE ? - Orientation et insertion professionnelle\" \/>\n<meta property=\"og:description\" content=\"Ne vous contentez pas de r\u00e9pondre par oui ou par non. Expliquez vos raisons, et donnez l&rsquo;exemple d&rsquo;une r\u00e9alisation d&rsquo;\u00e9quipe que vous avez v\u00e9cue. Dites ce que vous avez appr\u00e9ci\u00e9 et ce qui vous a incommod\u00e9.Dans tous les cas, soyez honn\u00eate! Si vous ne supportez pas le groupe, on s&rsquo;en apercevra t\u00f4t ou tard. Vous ... Lire plus\" \/>\n<meta property=\"og:url\" content=\"https:\/\/www.univ-lorraine.fr\/orientation-insertion-professionnelle\/ressources\/stage-emploi-et-alternance\/lentretien-de-recrutement\/sentrainer-a-repondre-aux-questions\/aimez-vous-le-travail-en-equipe\/\" \/>\n<meta property=\"og:site_name\" content=\"Orientation et insertion professionnelle\" \/>\n<meta property=\"article:modified_time\" content=\"2022-09-19T15:17:05+00:00\" \/>\n<meta name=\"twitter:card\" content=\"summary_large_image\" \/>\n<meta name=\"twitter:label1\" content=\"Dur\u00e9e de lecture estim\u00e9e\" \/>\n\t<meta name=\"twitter:data1\" content=\"1 minute\" \/>\n<script type=\"application\/ld+json\" class=\"yoast-schema-graph\">{\"@context\":\"https:\\\/\\\/schema.org\",\"@graph\":[{\"@type\":\"WebPage\",\"@id\":\"https:\\\/\\\/www.univ-lorraine.fr\\\/orientation-insertion-professionnelle\\\/ressources\\\/stage-emploi-et-alternance\\\/lentretien-de-recrutement\\\/sentrainer-a-repondre-aux-questions\\\/aimez-vous-le-travail-en-equipe\\\/\",\"url\":\"https:\\\/\\\/www.univ-lorraine.fr\\\/orientation-insertion-professionnelle\\\/ressources\\\/stage-emploi-et-alternance\\\/lentretien-de-recrutement\\\/sentrainer-a-repondre-aux-questions\\\/aimez-vous-le-travail-en-equipe\\\/\",\"name\":\"AIMEZ-VOUS LE TRAVAIL EN \u00c9QUIPE ? - Orientation et insertion professionnelle\",\"isPartOf\":{\"@id\":\"https:\\\/\\\/www.univ-lorraine.fr\\\/orientation-insertion-professionnelle\\\/#website\"},\"datePublished\":\"2021-10-28T09:23:41+00:00\",\"dateModified\":\"2022-09-19T15:17:05+00:00\",\"breadcrumb\":{\"@id\":\"https:\\\/\\\/www.univ-lorraine.fr\\\/orientation-insertion-professionnelle\\\/ressources\\\/stage-emploi-et-alternance\\\/lentretien-de-recrutement\\\/sentrainer-a-repondre-aux-questions\\\/aimez-vous-le-travail-en-equipe\\\/#breadcrumb\"},\"inLanguage\":\"fr-FR\",\"potentialAction\":[{\"@type\":\"ReadAction\",\"target\":[\"https:\\\/\\\/www.univ-lorraine.fr\\\/orientation-insertion-professionnelle\\\/ressources\\\/stage-emploi-et-alternance\\\/lentretien-de-recrutement\\\/sentrainer-a-repondre-aux-questions\\\/aimez-vous-le-travail-en-equipe\\\/\"]}]},{\"@type\":\"BreadcrumbList\",\"@id\":\"https:\\\/\\\/www.univ-lorraine.fr\\\/orientation-insertion-professionnelle\\\/ressources\\\/stage-emploi-et-alternance\\\/lentretien-de-recrutement\\\/sentrainer-a-repondre-aux-questions\\\/aimez-vous-le-travail-en-equipe\\\/#breadcrumb\",\"itemListElement\":[{\"@type\":\"ListItem\",\"position\":1,\"name\":\"Accueil\",\"item\":\"https:\\\/\\\/www.univ-lorraine.fr\\\/orientation-insertion-professionnelle\\\/\"},{\"@type\":\"ListItem\",\"position\":2,\"name\":\"Ressources\",\"item\":\"https:\\\/\\\/www.univ-lorraine.fr\\\/orientation-insertion-professionnelle\\\/ressources\\\/\"},{\"@type\":\"ListItem\",\"position\":3,\"name\":\"Stage, emploi et alternance\",\"item\":\"https:\\\/\\\/www.univ-lorraine.fr\\\/orientation-insertion-professionnelle\\\/ressources\\\/stage-emploi-et-alternance\\\/\"},{\"@type\":\"ListItem\",\"position\":4,\"name\":\"L&rsquo;entretien de recrutement\",\"item\":\"https:\\\/\\\/www.univ-lorraine.fr\\\/orientation-insertion-professionnelle\\\/ressources\\\/stage-emploi-et-alternance\\\/lentretien-de-recrutement\\\/\"},{\"@type\":\"ListItem\",\"position\":5,\"name\":\"S&#8217;ENTRAINER \u00c0 R\u00c9PONDRE AUX QUESTIONS\",\"item\":\"https:\\\/\\\/www.univ-lorraine.fr\\\/orientation-insertion-professionnelle\\\/ressources\\\/stage-emploi-et-alternance\\\/lentretien-de-recrutement\\\/sentrainer-a-repondre-aux-questions\\\/\"},{\"@type\":\"ListItem\",\"position\":6,\"name\":\"AIMEZ-VOUS LE TRAVAIL EN \u00c9QUIPE ?\"}]},{\"@type\":\"WebSite\",\"@id\":\"https:\\\/\\\/www.univ-lorraine.fr\\\/orientation-insertion-professionnelle\\\/#website\",\"url\":\"https:\\\/\\\/www.univ-lorraine.fr\\\/orientation-insertion-professionnelle\\\/\",\"name\":\"Orientation et insertion professionnelle\",\"description\":\"\",\"publisher\":{\"@id\":\"https:\\\/\\\/www.univ-lorraine.fr\\\/orientation-insertion-professionnelle\\\/#organization\"},\"potentialAction\":[{\"@type\":\"SearchAction\",\"target\":{\"@type\":\"EntryPoint\",\"urlTemplate\":\"https:\\\/\\\/www.univ-lorraine.fr\\\/orientation-insertion-professionnelle\\\/?s={search_term_string}\"},\"query-input\":{\"@type\":\"PropertyValueSpecification\",\"valueRequired\":true,\"valueName\":\"search_term_string\"}}],\"inLanguage\":\"fr-FR\"},{\"@type\":\"Organization\",\"@id\":\"https:\\\/\\\/www.univ-lorraine.fr\\\/orientation-insertion-professionnelle\\\/#organization\",\"name\":\"Universit\u00e9 de Lorraine\",\"url\":\"https:\\\/\\\/www.univ-lorraine.fr\\\/orientation-insertion-professionnelle\\\/\",\"logo\":{\"@type\":\"ImageObject\",\"inLanguage\":\"fr-FR\",\"@id\":\"https:\\\/\\\/www.univ-lorraine.fr\\\/orientation-insertion-professionnelle\\\/#\\\/schema\\\/logo\\\/image\\\/\",\"url\":\"https:\\\/\\\/www.univ-lorraine.fr\\\/orientation-insertion-professionnelle\\\/wp-content\\\/uploads\\\/sites\\\/7\\\/2023\\\/04\\\/logo_siteweb2_Plan-de-travail-1.png\",\"contentUrl\":\"https:\\\/\\\/www.univ-lorraine.fr\\\/orientation-insertion-professionnelle\\\/wp-content\\\/uploads\\\/sites\\\/7\\\/2023\\\/04\\\/logo_siteweb2_Plan-de-travail-1.png\",\"width\":852,\"height\":492,\"caption\":\"Universit\u00e9 de Lorraine\"},\"image\":{\"@id\":\"https:\\\/\\\/www.univ-lorraine.fr\\\/orientation-insertion-professionnelle\\\/#\\\/schema\\\/logo\\\/image\\\/\"}}]}<\/script>\n<!-- \/ Yoast SEO plugin. -->","yoast_head_json":{"title":"AIMEZ-VOUS LE TRAVAIL EN \u00c9QUIPE ? - Orientation et insertion professionnelle","robots":{"index":"index","follow":"follow","max-snippet":"max-snippet:-1","max-image-preview":"max-image-preview:large","max-video-preview":"max-video-preview:-1"},"canonical":"https:\/\/www.univ-lorraine.fr\/orientation-insertion-professionnelle\/ressources\/stage-emploi-et-alternance\/lentretien-de-recrutement\/sentrainer-a-repondre-aux-questions\/aimez-vous-le-travail-en-equipe\/","og_locale":"fr_FR","og_type":"article","og_title":"AIMEZ-VOUS LE TRAVAIL EN \u00c9QUIPE ? - Orientation et insertion professionnelle","og_description":"Ne vous contentez pas de r\u00e9pondre par oui ou par non. Expliquez vos raisons, et donnez l&rsquo;exemple d&rsquo;une r\u00e9alisation d&rsquo;\u00e9quipe que vous avez v\u00e9cue. Dites ce que vous avez appr\u00e9ci\u00e9 et ce qui vous a incommod\u00e9.Dans tous les cas, soyez honn\u00eate! Si vous ne supportez pas le groupe, on s&rsquo;en apercevra t\u00f4t ou tard. Vous ... Lire plus","og_url":"https:\/\/www.univ-lorraine.fr\/orientation-insertion-professionnelle\/ressources\/stage-emploi-et-alternance\/lentretien-de-recrutement\/sentrainer-a-repondre-aux-questions\/aimez-vous-le-travail-en-equipe\/","og_site_name":"Orientation et insertion professionnelle","article_modified_time":"2022-09-19T15:17:05+00:00","twitter_card":"summary_large_image","twitter_misc":{"Dur\u00e9e de lecture estim\u00e9e":"1 minute"},"schema":{"@context":"https:\/\/schema.org","@graph":[{"@type":"WebPage","@id":"https:\/\/www.univ-lorraine.fr\/orientation-insertion-professionnelle\/ressources\/stage-emploi-et-alternance\/lentretien-de-recrutement\/sentrainer-a-repondre-aux-questions\/aimez-vous-le-travail-en-equipe\/","url":"https:\/\/www.univ-lorraine.fr\/orientation-insertion-professionnelle\/ressources\/stage-emploi-et-alternance\/lentretien-de-recrutement\/sentrainer-a-repondre-aux-questions\/aimez-vous-le-travail-en-equipe\/","name":"AIMEZ-VOUS LE TRAVAIL EN \u00c9QUIPE ? - Orientation et insertion professionnelle","isPartOf":{"@id":"https:\/\/www.univ-lorraine.fr\/orientation-insertion-professionnelle\/#website"},"datePublished":"2021-10-28T09:23:41+00:00","dateModified":"2022-09-19T15:17:05+00:00","breadcrumb":{"@id":"https:\/\/www.univ-lorraine.fr\/orientation-insertion-professionnelle\/ressources\/stage-emploi-et-alternance\/lentretien-de-recrutement\/sentrainer-a-repondre-aux-questions\/aimez-vous-le-travail-en-equipe\/#breadcrumb"},"inLanguage":"fr-FR","potentialAction":[{"@type":"ReadAction","target":["https:\/\/www.univ-lorraine.fr\/orientation-insertion-professionnelle\/ressources\/stage-emploi-et-alternance\/lentretien-de-recrutement\/sentrainer-a-repondre-aux-questions\/aimez-vous-le-travail-en-equipe\/"]}]},{"@type":"BreadcrumbList","@id":"https:\/\/www.univ-lorraine.fr\/orientation-insertion-professionnelle\/ressources\/stage-emploi-et-alternance\/lentretien-de-recrutement\/sentrainer-a-repondre-aux-questions\/aimez-vous-le-travail-en-equipe\/#breadcrumb","itemListElement":[{"@type":"ListItem","position":1,"name":"Accueil","item":"https:\/\/www.univ-lorraine.fr\/orientation-insertion-professionnelle\/"},{"@type":"ListItem","position":2,"name":"Ressources","item":"https:\/\/www.univ-lorraine.fr\/orientation-insertion-professionnelle\/ressources\/"},{"@type":"ListItem","position":3,"name":"Stage, emploi et alternance","item":"https:\/\/www.univ-lorraine.fr\/orientation-insertion-professionnelle\/ressources\/stage-emploi-et-alternance\/"},{"@type":"ListItem","position":4,"name":"L&rsquo;entretien de recrutement","item":"https:\/\/www.univ-lorraine.fr\/orientation-insertion-professionnelle\/ressources\/stage-emploi-et-alternance\/lentretien-de-recrutement\/"},{"@type":"ListItem","position":5,"name":"S&#8217;ENTRAINER \u00c0 R\u00c9PONDRE AUX QUESTIONS","item":"https:\/\/www.univ-lorraine.fr\/orientation-insertion-professionnelle\/ressources\/stage-emploi-et-alternance\/lentretien-de-recrutement\/sentrainer-a-repondre-aux-questions\/"},{"@type":"ListItem","position":6,"name":"AIMEZ-VOUS LE TRAVAIL EN \u00c9QUIPE ?"}]},{"@type":"WebSite","@id":"https:\/\/www.univ-lorraine.fr\/orientation-insertion-professionnelle\/#website","url":"https:\/\/www.univ-lorraine.fr\/orientation-insertion-professionnelle\/","name":"Orientation et insertion professionnelle","description":"","publisher":{"@id":"https:\/\/www.univ-lorraine.fr\/orientation-insertion-professionnelle\/#organization"},"potentialAction":[{"@type":"SearchAction","target":{"@type":"EntryPoint","urlTemplate":"https:\/\/www.univ-lorraine.fr\/orientation-insertion-professionnelle\/?s={search_term_string}"},"query-input":{"@type":"PropertyValueSpecification","valueRequired":true,"valueName":"search_term_string"}}],"inLanguage":"fr-FR"},{"@type":"Organization","@id":"https:\/\/www.univ-lorraine.fr\/orientation-insertion-professionnelle\/#organization","name":"Universit\u00e9 de Lorraine","url":"https:\/\/www.univ-lorraine.fr\/orientation-insertion-professionnelle\/","logo":{"@type":"ImageObject","inLanguage":"fr-FR","@id":"https:\/\/www.univ-lorraine.fr\/orientation-insertion-professionnelle\/#\/schema\/logo\/image\/","url":"https:\/\/www.univ-lorraine.fr\/orientation-insertion-professionnelle\/wp-content\/uploads\/sites\/7\/2023\/04\/logo_siteweb2_Plan-de-travail-1.png","contentUrl":"https:\/\/www.univ-lorraine.fr\/orientation-insertion-professionnelle\/wp-content\/uploads\/sites\/7\/2023\/04\/logo_siteweb2_Plan-de-travail-1.png","width":852,"height":492,"caption":"Universit\u00e9 de Lorraine"},"image":{"@id":"https:\/\/www.univ-lorraine.fr\/orientation-insertion-professionnelle\/#\/schema\/logo\/image\/"}}]}},"_links":{"self":[{"href":"https:\/\/www.univ-lorraine.fr\/orientation-insertion-professionnelle\/wp-json\/wp\/v2\/pages\/2702","targetHints":{"allow":["GET"]}}],"collection":[{"href":"https:\/\/www.univ-lorraine.fr\/orientation-insertion-professionnelle\/wp-json\/wp\/v2\/pages"}],"about":[{"href":"https:\/\/www.univ-lorraine.fr\/orientation-insertion-professionnelle\/wp-json\/wp\/v2\/types\/page"}],"author":[{"embeddable":true,"href":"https:\/\/www.univ-lorraine.fr\/orientation-insertion-professionnelle\/wp-json\/wp\/v2\/users\/72"}],"replies":[{"embeddable":true,"href":"https:\/\/www.univ-lorraine.fr\/orientation-insertion-professionnelle\/wp-json\/wp\/v2\/comments?post=2702"}],"version-history":[{"count":1,"href":"https:\/\/www.univ-lorraine.fr\/orientation-insertion-professionnelle\/wp-json\/wp\/v2\/pages\/2702\/revisions"}],"predecessor-version":[{"id":2703,"href":"https:\/\/www.univ-lorraine.fr\/orientation-insertion-professionnelle\/wp-json\/wp\/v2\/pages\/2702\/revisions\/2703"}],"up":[{"embeddable":true,"href":"https:\/\/www.univ-lorraine.fr\/orientation-insertion-professionnelle\/wp-json\/wp\/v2\/pages\/2688"}],"wp:attachment":[{"href":"https:\/\/www.univ-lorraine.fr\/orientation-insertion-professionnelle\/wp-json\/wp\/v2\/media?parent=2702"}],"wp:term":[{"taxonomy":"category","embeddable":true,"href":"https:\/\/www.univ-lorraine.fr\/orientation-insertion-professionnelle\/wp-json\/wp\/v2\/categories?post=2702"},{"taxonomy":"post_tag","embeddable":true,"href":"https:\/\/www.univ-lorraine.fr\/orientation-insertion-professionnelle\/wp-json\/wp\/v2\/tags?post=2702"}],"curies":[{"name":"wp","href":"https:\/\/api.w.org\/{rel}","templated":true}]}}