{"id":2705,"date":"2021-10-28T11:24:12","date_gmt":"2021-10-28T09:24:12","guid":{"rendered":"https:\/\/www.univ-lorraine.fr\/orientation-insertion-professionnelle\/?page_id=2705"},"modified":"2022-09-19T17:12:54","modified_gmt":"2022-09-19T15:12:54","slug":"quels-sont-vos-points-forts-vos-points-faibles","status":"publish","type":"page","link":"https:\/\/www.univ-lorraine.fr\/orientation-insertion-professionnelle\/ressources\/stage-emploi-et-alternance\/lentretien-de-recrutement\/sentrainer-a-repondre-aux-questions\/quels-sont-vos-points-forts-vos-points-faibles\/","title":{"rendered":"QUELS SONT VOS POINTS FORTS, VOS POINTS FAIBLES ?"},"content":{"rendered":"\n<p>Question incontournable sur vos qualit\u00e9s &#8230;et vos d\u00e9fauts !<\/p>\n\n\n<div class=\"gb-container gb-container-679cf046\"><div class=\"gb-inside-container\">\n<div class=\"gb-grid-wrapper gb-grid-wrapper-29b87bd6\">\n<div class=\"gb-grid-column gb-grid-column-df6339ee\"><div class=\"gb-container gb-container-df6339ee\"><div class=\"gb-inside-container\">\n\n<p>Vous l\u2019avez pr\u00e9par\u00e9e gr\u00e2ce aux conseils de notre chapitre\u00a0<a href=\"https:\/\/www.univ-lorraine.fr\/orientation-insertion-professionnelle\/?page_id=2118\"><em>Bilan<\/em><\/a>.<br><br><strong>Les points forts<\/strong>\u00a0vont vous permettre de mettre en exergue les atouts qui contribueront \u00e0 s\u00e9duire le recruteur.<br><br>Soyez objectif, choisissez 3 ou 4 aspects de votre profil (sp\u00e9cialit\u00e9, originalit\u00e9, culture, temp\u00e9rament\u2026) qui vous d\u00e9marqueront de vos concurrents.<br><br>Tout le monde peut dire\u00a0:<\/p>\n\n\n\n<ul class=\"wp-block-list\"><li>Je suis organis\u00e9, m\u00e9thodique, rigoureux.<\/li><li>J\u2019ai une grande capacit\u00e9 de travail, je suis opini\u00e2tre et pers\u00e9v\u00e9rant.<\/li><li>J\u2019ai l\u2019esprit d\u2019\u00e9quipe et un bon contact avec les autres.<\/li><\/ul>\n\n\n\n<p><strong>Mais pouvez-vous le d\u00e9montrer&nbsp;?<\/strong><br><br>Si vous \u00eates organis\u00e9 ou si vous avez l&rsquo;esprit d&rsquo;\u00e9quipe, vous savez pourquoi, vous connaissez votre mode de fonctionnement, et vous avez des exemples \u00e0 citer. Argumentez \u00e0 chacune de vos affirmations et \u00e9tayez-les de cas v\u00e9cus.<br><br>Sinon, vous aurez convaincu votre interlocuteur que vous ne savez pas\u2026convaincre&nbsp;!<\/p>\n\n<\/div><\/div><\/div>\n\n<div class=\"gb-grid-column gb-grid-column-d45598cc\"><div class=\"gb-container gb-container-d45598cc\"><div class=\"gb-inside-container\">\n\n<p><strong>R\u00e9ponse-type&nbsp;:<\/strong><\/p>\n\n\n\n<p><em>J\u2019ai une passion&nbsp;: la sp\u00e9l\u00e9ologie. C\u2019est un sport rude qui permet de se d\u00e9passer.<br><\/em><em>On peut compter sur une \u00e9quipe, mais il faut aussi se d\u00e9brouiller tout seul.<\/em><br><em>C\u2019est parfois dangereux, mais moins que le ski si vous respectez les consignes de s\u00e9curit\u00e9.<\/em><br><em>Chaque sortie est une aventure, vous partez vers l\u2019inconnu avec l\u2019espoir d\u2019inventer le nouveau Lascaux.<\/em><br><em>Et puis, se d\u00e9passer un bon coup&nbsp;pour admirer de si belles choses, quel plaisir !.<br><br><\/em>En 20 secondes, vous faites comprendre que :<br><br>&nbsp;&nbsp;&nbsp; vous pouvez vous enthousiasmer pour quelque-chose<br>&nbsp;&nbsp;&nbsp; vous pratiquez un sport difficile et qui n\u2019est pas celui de tout le monde<br>&nbsp;&nbsp;&nbsp; vous \u00eates sportif, donc en bonne sant\u00e9, donc pas d\u2019arr\u00eat maladie<br>&nbsp;&nbsp;&nbsp; vous \u00eates capable d\u2019efforts et ne reculez pas devant la difficult\u00e9<br>&nbsp;&nbsp;&nbsp; vous vous int\u00e9grez \u00e0 une \u00e9quipe<br>&nbsp;&nbsp;&nbsp; vous \u00eates autonome<br>&nbsp;&nbsp;&nbsp; vous \u00eates disciplin\u00e9<br>&nbsp;&nbsp;&nbsp; vous assurez vos arri\u00e8res<br>&nbsp;&nbsp;&nbsp; vous osez prendre des risques et vous les mesurez<br>&nbsp;&nbsp;&nbsp; vous \u00eates curieux et vous aimez la nouveaut\u00e9<br>&nbsp;&nbsp;&nbsp; vous ambitionnez \u00ab\u00a0le gros coup\u00a0\u00bb<br>&nbsp;&nbsp;&nbsp; vous vous donnez du mal<br>&nbsp;&nbsp;&nbsp; vous allez au bout des choses.<br><br>Voil\u00e0 ce que traduira le recruteur. Ou comment pr\u00e9senter une quinzaine de facettes de votre personnalit\u00e9 \u00e0 travers un seul exemple&nbsp;!<\/p>\n\n<\/div><\/div><\/div>\n<\/div>\n<\/div><\/div>","protected":false},"excerpt":{"rendered":"<p>Question incontournable sur vos qualit\u00e9s &#8230;et vos d\u00e9fauts !<\/p>\n","protected":false},"author":72,"featured_media":0,"parent":2688,"menu_order":0,"comment_status":"closed","ping_status":"closed","template":"","meta":{"inline_featured_image":false,"footnotes":""},"categories":[17,15],"tags":[],"class_list":{"0":"post-2705","1":"page","2":"type-page","3":"status-publish","5":"category-conseils","6":"category-insertion-professionnelle"},"yoast_head":"<!-- This site is optimized with the Yoast SEO plugin v27.4 - https:\/\/yoast.com\/product\/yoast-seo-wordpress\/ -->\n<title>QUELS SONT VOS POINTS FORTS, VOS POINTS FAIBLES ? - Orientation et insertion professionnelle<\/title>\n<meta name=\"robots\" content=\"index, follow, max-snippet:-1, max-image-preview:large, max-video-preview:-1\" \/>\n<link rel=\"canonical\" href=\"https:\/\/www.univ-lorraine.fr\/orientation-insertion-professionnelle\/ressources\/stage-emploi-et-alternance\/lentretien-de-recrutement\/sentrainer-a-repondre-aux-questions\/quels-sont-vos-points-forts-vos-points-faibles\/\" \/>\n<meta property=\"og:locale\" content=\"fr_FR\" \/>\n<meta property=\"og:type\" content=\"article\" \/>\n<meta property=\"og:title\" content=\"QUELS SONT VOS POINTS FORTS, VOS POINTS FAIBLES ? - Orientation et insertion professionnelle\" \/>\n<meta property=\"og:description\" content=\"Question incontournable sur vos qualit\u00e9s &#8230;et vos d\u00e9fauts !\" \/>\n<meta property=\"og:url\" content=\"https:\/\/www.univ-lorraine.fr\/orientation-insertion-professionnelle\/ressources\/stage-emploi-et-alternance\/lentretien-de-recrutement\/sentrainer-a-repondre-aux-questions\/quels-sont-vos-points-forts-vos-points-faibles\/\" \/>\n<meta property=\"og:site_name\" content=\"Orientation et insertion professionnelle\" \/>\n<meta property=\"article:modified_time\" content=\"2022-09-19T15:12:54+00:00\" \/>\n<meta name=\"twitter:card\" content=\"summary_large_image\" \/>\n<meta name=\"twitter:label1\" content=\"Dur\u00e9e de lecture estim\u00e9e\" \/>\n\t<meta name=\"twitter:data1\" content=\"2 minutes\" \/>\n<script type=\"application\/ld+json\" class=\"yoast-schema-graph\">{\"@context\":\"https:\\\/\\\/schema.org\",\"@graph\":[{\"@type\":\"WebPage\",\"@id\":\"https:\\\/\\\/www.univ-lorraine.fr\\\/orientation-insertion-professionnelle\\\/ressources\\\/stage-emploi-et-alternance\\\/lentretien-de-recrutement\\\/sentrainer-a-repondre-aux-questions\\\/quels-sont-vos-points-forts-vos-points-faibles\\\/\",\"url\":\"https:\\\/\\\/www.univ-lorraine.fr\\\/orientation-insertion-professionnelle\\\/ressources\\\/stage-emploi-et-alternance\\\/lentretien-de-recrutement\\\/sentrainer-a-repondre-aux-questions\\\/quels-sont-vos-points-forts-vos-points-faibles\\\/\",\"name\":\"QUELS SONT VOS POINTS FORTS, VOS POINTS FAIBLES ? - Orientation et insertion professionnelle\",\"isPartOf\":{\"@id\":\"https:\\\/\\\/www.univ-lorraine.fr\\\/orientation-insertion-professionnelle\\\/#website\"},\"datePublished\":\"2021-10-28T09:24:12+00:00\",\"dateModified\":\"2022-09-19T15:12:54+00:00\",\"breadcrumb\":{\"@id\":\"https:\\\/\\\/www.univ-lorraine.fr\\\/orientation-insertion-professionnelle\\\/ressources\\\/stage-emploi-et-alternance\\\/lentretien-de-recrutement\\\/sentrainer-a-repondre-aux-questions\\\/quels-sont-vos-points-forts-vos-points-faibles\\\/#breadcrumb\"},\"inLanguage\":\"fr-FR\",\"potentialAction\":[{\"@type\":\"ReadAction\",\"target\":[\"https:\\\/\\\/www.univ-lorraine.fr\\\/orientation-insertion-professionnelle\\\/ressources\\\/stage-emploi-et-alternance\\\/lentretien-de-recrutement\\\/sentrainer-a-repondre-aux-questions\\\/quels-sont-vos-points-forts-vos-points-faibles\\\/\"]}]},{\"@type\":\"BreadcrumbList\",\"@id\":\"https:\\\/\\\/www.univ-lorraine.fr\\\/orientation-insertion-professionnelle\\\/ressources\\\/stage-emploi-et-alternance\\\/lentretien-de-recrutement\\\/sentrainer-a-repondre-aux-questions\\\/quels-sont-vos-points-forts-vos-points-faibles\\\/#breadcrumb\",\"itemListElement\":[{\"@type\":\"ListItem\",\"position\":1,\"name\":\"Accueil\",\"item\":\"https:\\\/\\\/www.univ-lorraine.fr\\\/orientation-insertion-professionnelle\\\/\"},{\"@type\":\"ListItem\",\"position\":2,\"name\":\"Ressources\",\"item\":\"https:\\\/\\\/www.univ-lorraine.fr\\\/orientation-insertion-professionnelle\\\/ressources\\\/\"},{\"@type\":\"ListItem\",\"position\":3,\"name\":\"Stage, emploi et alternance\",\"item\":\"https:\\\/\\\/www.univ-lorraine.fr\\\/orientation-insertion-professionnelle\\\/ressources\\\/stage-emploi-et-alternance\\\/\"},{\"@type\":\"ListItem\",\"position\":4,\"name\":\"L&rsquo;entretien de recrutement\",\"item\":\"https:\\\/\\\/www.univ-lorraine.fr\\\/orientation-insertion-professionnelle\\\/ressources\\\/stage-emploi-et-alternance\\\/lentretien-de-recrutement\\\/\"},{\"@type\":\"ListItem\",\"position\":5,\"name\":\"S&#8217;ENTRAINER \u00c0 R\u00c9PONDRE AUX QUESTIONS\",\"item\":\"https:\\\/\\\/www.univ-lorraine.fr\\\/orientation-insertion-professionnelle\\\/ressources\\\/stage-emploi-et-alternance\\\/lentretien-de-recrutement\\\/sentrainer-a-repondre-aux-questions\\\/\"},{\"@type\":\"ListItem\",\"position\":6,\"name\":\"QUELS SONT VOS POINTS FORTS, VOS POINTS FAIBLES ?\"}]},{\"@type\":\"WebSite\",\"@id\":\"https:\\\/\\\/www.univ-lorraine.fr\\\/orientation-insertion-professionnelle\\\/#website\",\"url\":\"https:\\\/\\\/www.univ-lorraine.fr\\\/orientation-insertion-professionnelle\\\/\",\"name\":\"Orientation et insertion professionnelle\",\"description\":\"\",\"publisher\":{\"@id\":\"https:\\\/\\\/www.univ-lorraine.fr\\\/orientation-insertion-professionnelle\\\/#organization\"},\"potentialAction\":[{\"@type\":\"SearchAction\",\"target\":{\"@type\":\"EntryPoint\",\"urlTemplate\":\"https:\\\/\\\/www.univ-lorraine.fr\\\/orientation-insertion-professionnelle\\\/?s={search_term_string}\"},\"query-input\":{\"@type\":\"PropertyValueSpecification\",\"valueRequired\":true,\"valueName\":\"search_term_string\"}}],\"inLanguage\":\"fr-FR\"},{\"@type\":\"Organization\",\"@id\":\"https:\\\/\\\/www.univ-lorraine.fr\\\/orientation-insertion-professionnelle\\\/#organization\",\"name\":\"Universit\u00e9 de Lorraine\",\"url\":\"https:\\\/\\\/www.univ-lorraine.fr\\\/orientation-insertion-professionnelle\\\/\",\"logo\":{\"@type\":\"ImageObject\",\"inLanguage\":\"fr-FR\",\"@id\":\"https:\\\/\\\/www.univ-lorraine.fr\\\/orientation-insertion-professionnelle\\\/#\\\/schema\\\/logo\\\/image\\\/\",\"url\":\"https:\\\/\\\/www.univ-lorraine.fr\\\/orientation-insertion-professionnelle\\\/wp-content\\\/uploads\\\/sites\\\/7\\\/2023\\\/04\\\/logo_siteweb2_Plan-de-travail-1.png\",\"contentUrl\":\"https:\\\/\\\/www.univ-lorraine.fr\\\/orientation-insertion-professionnelle\\\/wp-content\\\/uploads\\\/sites\\\/7\\\/2023\\\/04\\\/logo_siteweb2_Plan-de-travail-1.png\",\"width\":852,\"height\":492,\"caption\":\"Universit\u00e9 de Lorraine\"},\"image\":{\"@id\":\"https:\\\/\\\/www.univ-lorraine.fr\\\/orientation-insertion-professionnelle\\\/#\\\/schema\\\/logo\\\/image\\\/\"}}]}<\/script>\n<!-- \/ Yoast SEO plugin. -->","yoast_head_json":{"title":"QUELS SONT VOS POINTS FORTS, VOS POINTS FAIBLES ? - Orientation et insertion professionnelle","robots":{"index":"index","follow":"follow","max-snippet":"max-snippet:-1","max-image-preview":"max-image-preview:large","max-video-preview":"max-video-preview:-1"},"canonical":"https:\/\/www.univ-lorraine.fr\/orientation-insertion-professionnelle\/ressources\/stage-emploi-et-alternance\/lentretien-de-recrutement\/sentrainer-a-repondre-aux-questions\/quels-sont-vos-points-forts-vos-points-faibles\/","og_locale":"fr_FR","og_type":"article","og_title":"QUELS SONT VOS POINTS FORTS, VOS POINTS FAIBLES ? - Orientation et insertion professionnelle","og_description":"Question incontournable sur vos qualit\u00e9s &#8230;et vos d\u00e9fauts !","og_url":"https:\/\/www.univ-lorraine.fr\/orientation-insertion-professionnelle\/ressources\/stage-emploi-et-alternance\/lentretien-de-recrutement\/sentrainer-a-repondre-aux-questions\/quels-sont-vos-points-forts-vos-points-faibles\/","og_site_name":"Orientation et insertion professionnelle","article_modified_time":"2022-09-19T15:12:54+00:00","twitter_card":"summary_large_image","twitter_misc":{"Dur\u00e9e de lecture estim\u00e9e":"2 minutes"},"schema":{"@context":"https:\/\/schema.org","@graph":[{"@type":"WebPage","@id":"https:\/\/www.univ-lorraine.fr\/orientation-insertion-professionnelle\/ressources\/stage-emploi-et-alternance\/lentretien-de-recrutement\/sentrainer-a-repondre-aux-questions\/quels-sont-vos-points-forts-vos-points-faibles\/","url":"https:\/\/www.univ-lorraine.fr\/orientation-insertion-professionnelle\/ressources\/stage-emploi-et-alternance\/lentretien-de-recrutement\/sentrainer-a-repondre-aux-questions\/quels-sont-vos-points-forts-vos-points-faibles\/","name":"QUELS SONT VOS POINTS FORTS, VOS POINTS FAIBLES ? - Orientation et insertion professionnelle","isPartOf":{"@id":"https:\/\/www.univ-lorraine.fr\/orientation-insertion-professionnelle\/#website"},"datePublished":"2021-10-28T09:24:12+00:00","dateModified":"2022-09-19T15:12:54+00:00","breadcrumb":{"@id":"https:\/\/www.univ-lorraine.fr\/orientation-insertion-professionnelle\/ressources\/stage-emploi-et-alternance\/lentretien-de-recrutement\/sentrainer-a-repondre-aux-questions\/quels-sont-vos-points-forts-vos-points-faibles\/#breadcrumb"},"inLanguage":"fr-FR","potentialAction":[{"@type":"ReadAction","target":["https:\/\/www.univ-lorraine.fr\/orientation-insertion-professionnelle\/ressources\/stage-emploi-et-alternance\/lentretien-de-recrutement\/sentrainer-a-repondre-aux-questions\/quels-sont-vos-points-forts-vos-points-faibles\/"]}]},{"@type":"BreadcrumbList","@id":"https:\/\/www.univ-lorraine.fr\/orientation-insertion-professionnelle\/ressources\/stage-emploi-et-alternance\/lentretien-de-recrutement\/sentrainer-a-repondre-aux-questions\/quels-sont-vos-points-forts-vos-points-faibles\/#breadcrumb","itemListElement":[{"@type":"ListItem","position":1,"name":"Accueil","item":"https:\/\/www.univ-lorraine.fr\/orientation-insertion-professionnelle\/"},{"@type":"ListItem","position":2,"name":"Ressources","item":"https:\/\/www.univ-lorraine.fr\/orientation-insertion-professionnelle\/ressources\/"},{"@type":"ListItem","position":3,"name":"Stage, emploi et alternance","item":"https:\/\/www.univ-lorraine.fr\/orientation-insertion-professionnelle\/ressources\/stage-emploi-et-alternance\/"},{"@type":"ListItem","position":4,"name":"L&rsquo;entretien de recrutement","item":"https:\/\/www.univ-lorraine.fr\/orientation-insertion-professionnelle\/ressources\/stage-emploi-et-alternance\/lentretien-de-recrutement\/"},{"@type":"ListItem","position":5,"name":"S&#8217;ENTRAINER \u00c0 R\u00c9PONDRE AUX QUESTIONS","item":"https:\/\/www.univ-lorraine.fr\/orientation-insertion-professionnelle\/ressources\/stage-emploi-et-alternance\/lentretien-de-recrutement\/sentrainer-a-repondre-aux-questions\/"},{"@type":"ListItem","position":6,"name":"QUELS SONT VOS POINTS FORTS, VOS POINTS FAIBLES ?"}]},{"@type":"WebSite","@id":"https:\/\/www.univ-lorraine.fr\/orientation-insertion-professionnelle\/#website","url":"https:\/\/www.univ-lorraine.fr\/orientation-insertion-professionnelle\/","name":"Orientation et insertion professionnelle","description":"","publisher":{"@id":"https:\/\/www.univ-lorraine.fr\/orientation-insertion-professionnelle\/#organization"},"potentialAction":[{"@type":"SearchAction","target":{"@type":"EntryPoint","urlTemplate":"https:\/\/www.univ-lorraine.fr\/orientation-insertion-professionnelle\/?s={search_term_string}"},"query-input":{"@type":"PropertyValueSpecification","valueRequired":true,"valueName":"search_term_string"}}],"inLanguage":"fr-FR"},{"@type":"Organization","@id":"https:\/\/www.univ-lorraine.fr\/orientation-insertion-professionnelle\/#organization","name":"Universit\u00e9 de Lorraine","url":"https:\/\/www.univ-lorraine.fr\/orientation-insertion-professionnelle\/","logo":{"@type":"ImageObject","inLanguage":"fr-FR","@id":"https:\/\/www.univ-lorraine.fr\/orientation-insertion-professionnelle\/#\/schema\/logo\/image\/","url":"https:\/\/www.univ-lorraine.fr\/orientation-insertion-professionnelle\/wp-content\/uploads\/sites\/7\/2023\/04\/logo_siteweb2_Plan-de-travail-1.png","contentUrl":"https:\/\/www.univ-lorraine.fr\/orientation-insertion-professionnelle\/wp-content\/uploads\/sites\/7\/2023\/04\/logo_siteweb2_Plan-de-travail-1.png","width":852,"height":492,"caption":"Universit\u00e9 de Lorraine"},"image":{"@id":"https:\/\/www.univ-lorraine.fr\/orientation-insertion-professionnelle\/#\/schema\/logo\/image\/"}}]}},"_links":{"self":[{"href":"https:\/\/www.univ-lorraine.fr\/orientation-insertion-professionnelle\/wp-json\/wp\/v2\/pages\/2705","targetHints":{"allow":["GET"]}}],"collection":[{"href":"https:\/\/www.univ-lorraine.fr\/orientation-insertion-professionnelle\/wp-json\/wp\/v2\/pages"}],"about":[{"href":"https:\/\/www.univ-lorraine.fr\/orientation-insertion-professionnelle\/wp-json\/wp\/v2\/types\/page"}],"author":[{"embeddable":true,"href":"https:\/\/www.univ-lorraine.fr\/orientation-insertion-professionnelle\/wp-json\/wp\/v2\/users\/72"}],"replies":[{"embeddable":true,"href":"https:\/\/www.univ-lorraine.fr\/orientation-insertion-professionnelle\/wp-json\/wp\/v2\/comments?post=2705"}],"version-history":[{"count":3,"href":"https:\/\/www.univ-lorraine.fr\/orientation-insertion-professionnelle\/wp-json\/wp\/v2\/pages\/2705\/revisions"}],"predecessor-version":[{"id":2972,"href":"https:\/\/www.univ-lorraine.fr\/orientation-insertion-professionnelle\/wp-json\/wp\/v2\/pages\/2705\/revisions\/2972"}],"up":[{"embeddable":true,"href":"https:\/\/www.univ-lorraine.fr\/orientation-insertion-professionnelle\/wp-json\/wp\/v2\/pages\/2688"}],"wp:attachment":[{"href":"https:\/\/www.univ-lorraine.fr\/orientation-insertion-professionnelle\/wp-json\/wp\/v2\/media?parent=2705"}],"wp:term":[{"taxonomy":"category","embeddable":true,"href":"https:\/\/www.univ-lorraine.fr\/orientation-insertion-professionnelle\/wp-json\/wp\/v2\/categories?post=2705"},{"taxonomy":"post_tag","embeddable":true,"href":"https:\/\/www.univ-lorraine.fr\/orientation-insertion-professionnelle\/wp-json\/wp\/v2\/tags?post=2705"}],"curies":[{"name":"wp","href":"https:\/\/api.w.org\/{rel}","templated":true}]}}