{"id":2714,"date":"2021-10-28T11:25:02","date_gmt":"2021-10-28T09:25:02","guid":{"rendered":"https:\/\/www.univ-lorraine.fr\/orientation-insertion-professionnelle\/?page_id=2714"},"modified":"2022-09-19T17:44:35","modified_gmt":"2022-09-19T15:44:35","slug":"repondre-aux-questions-delicates","status":"publish","type":"page","link":"https:\/\/www.univ-lorraine.fr\/orientation-insertion-professionnelle\/ressources\/stage-emploi-et-alternance\/lentretien-de-recrutement\/sentrainer-a-repondre-aux-questions\/repondre-aux-questions-delicates\/","title":{"rendered":"R\u00c9PONDRE AUX QUESTIONS D\u00c9LICATES"},"content":{"rendered":"\n<p>Le recruteur vous pose une question d\u00e9stabilisante ?<\/p>\n\n\n\n<p>Il cherche vraisemblablement \u00e0 mesurer votre capacit\u00e9 \u00e0 g\u00e9rer des situations difficiles et \u00e0 \u00e9valuer votre r\u00e9activit\u00e9. Il contr\u00f4le votre sinc\u00e9rit\u00e9 ou il observe votre capacit\u00e9 \u00e0 conserver votre sang-froid\u2026<\/p>\n\n\n\n<p>C&rsquo;est bien moins le contenu de votre r\u00e9ponse que la fa\u00e7on dont vous vous comportez qui l&rsquo;int\u00e9resse.<\/p>\n\n\n\n<p>Dans tous les cas, vous n&rsquo;avez pas \u00e0 vous justifier, mais \u00e0 vous expliquer.<\/p>\n\n\n\n<p>Une constante&nbsp;: rester calme !<\/p>\n\n\n\n<p>Alors,&nbsp; souriez et &#8230;r\u00e9pondez de mani\u00e8re d\u00e9vi\u00e9e ou humoristique, ou refusez poliment de r\u00e9pondre selon les cas.<\/p>\n\n\n\n<div class=\"wp-block-pb-accordion-item c-accordion__item js-accordion-item no-js\" data-initially-open=\"false\" data-click-to-close=\"true\" data-auto-close=\"true\" data-scroll=\"false\" data-scroll-offset=\"0\"><h2 id=\"at-27140\" class=\"c-accordion__title js-accordion-controller\" role=\"button\"><a href=\"http:\/\/platine.univ-lorraine.fr\/#panel-726-0\">La question embarrassante<\/a><\/h2><div id=\"ac-27140\" class=\"c-accordion__content\"><div class=\"gb-container gb-container-1722d294\"><div class=\"gb-inside-container\">\n\n<p>Elle vous g\u00eane parce qu&rsquo;elle \u00e9voque un \u00e9l\u00e9ment ennuyeux de votre pass\u00e9 ou une caract\u00e9ristique peu flatteuse de votre personnalit\u00e9. Ne cherchez surtout pas \u00e0 nier et ne vous f\u00e2chez pas. R\u00e9pondez qu\u2019en effet nul n\u2019est parfait, que vous faites les efforts n\u00e9cessaires pour y rem\u00e9dier et que, ma foi, vous progressez vite.<\/p>\n\n<\/div><\/div><\/div><\/div>\n\n\n\n<div class=\"wp-block-pb-accordion-item c-accordion__item js-accordion-item no-js\" data-initially-open=\"false\" data-click-to-close=\"true\" data-auto-close=\"true\" data-scroll=\"false\" data-scroll-offset=\"0\"><h2 id=\"at-27141\" class=\"c-accordion__title js-accordion-controller\" role=\"button\"><a href=\"http:\/\/platine.univ-lorraine.fr\/#panel-726-1\">La question indiscr\u00e8te<\/a><\/h2><div id=\"ac-27141\" class=\"c-accordion__content\"><div class=\"gb-container gb-container-24e3a0fe\"><div class=\"gb-inside-container\">\n\n<p>Elle n&rsquo;a pas pour but de d\u00e9couvrir un secret mais de tester vos limites. Le qualificatif d&rsquo;indiscret est tr\u00e8s relatif. Ce qui va vous sembler terriblement indiscret peut \u00eatre per\u00e7u comme anodin par une autre personne et vice-versa.<br>Soit vous jugez la question r\u00e9ellement indiscr\u00e8te et vous le dites fermement. Soit vous pensez \u00abapr\u00e8s tout, quelle importance&nbsp;?\u00bb et vous r\u00e9pondez avec un sourire entendu.<\/p>\n\n<\/div><\/div><\/div><\/div>\n\n\n\n<div class=\"wp-block-pb-accordion-item c-accordion__item js-accordion-item no-js\" data-initially-open=\"false\" data-click-to-close=\"true\" data-auto-close=\"true\" data-scroll=\"false\" data-scroll-offset=\"0\"><h2 id=\"at-27142\" class=\"c-accordion__title js-accordion-controller\" role=\"button\"><a href=\"http:\/\/platine.univ-lorraine.fr\/#panel-726-2\">La question-pi\u00e8ge<\/a><\/h2><div id=\"ac-27142\" class=\"c-accordion__content\"><div class=\"gb-container gb-container-c96ee3f6\"><div class=\"gb-inside-container\">\n\n<p>Elle sert \u00e0 recouper une information qui a \u00e9t\u00e9 donn\u00e9e pr\u00e9c\u00e9demment, et revient sur le sujet sous un angle diff\u00e9rent. Vous en prenez conscience ou pas. Pas de souci si vous ma\u00eetrisez votre sujet. Gare en revanche si vous vous \u00eates surestim\u00e9 ou si vous avez racont\u00e9 des bobards&nbsp;! Soyez coh\u00e9rent et constant.<\/p>\n\n<\/div><\/div><\/div><\/div>\n\n\n\n<div class=\"wp-block-pb-accordion-item c-accordion__item js-accordion-item no-js\" data-initially-open=\"false\" data-click-to-close=\"true\" data-auto-close=\"true\" data-scroll=\"false\" data-scroll-offset=\"0\"><h2 id=\"at-27143\" class=\"c-accordion__title js-accordion-controller\" role=\"button\"><a href=\"http:\/\/platine.univ-lorraine.fr\/#panel-726-3\">La question inattendue<\/a><\/h2><div id=\"ac-27143\" class=\"c-accordion__content\"><div class=\"gb-container gb-container-583506f5\"><div class=\"gb-inside-container\">\n\n<p>Pos\u00e9e pour d\u00e9sar\u00e7onner le candidat et mesurer le contr\u00f4le de soi, elle porte sur un fait de soci\u00e9t\u00e9, sur la culture\u2026ou sur la d\u00e9coration de son bureau. Sans aucun lien avec le sujet, elle vous d\u00e9concerte. C\u2019est moins le contenu de votre r\u00e9ponse que la fa\u00e7on de vous comporter qui int\u00e9resse le recruteur.<br>Restez le plus naturel possible et donnez calmement votre avis, c&rsquo;est tout.<\/p>\n\n<\/div><\/div><\/div><\/div>\n\n\n\n<p><strong>Un truc<\/strong>&nbsp;bien connu des politiciens pour vous donner le temps de reprendre vos esprits :<strong>&nbsp;la reformulation<\/strong>, qui vous offre&nbsp;deux avantages&nbsp;:<\/p>\n\n\n\n<p>cela vous donne du temps pour r\u00e9fl\u00e9chir<br>la question reformul\u00e9e est parfois moins embarrassante sous sa deuxi\u00e8me forme.<\/p>\n\n\n\n<p><em>Par exemple :<\/em>&nbsp;&nbsp;<\/p>\n\n\n\n<ul class=\"wp-block-list\"><li>Le recruteur :&nbsp;<em>\u00ab\u00a0Et que sugg\u00e9reriez-vous comme mesure ?\u00a0\u00bb<\/em><\/li><li>Le candidat&nbsp; : \u00ab\u00a0Comme mesure ?\u00a0\u00bb<\/li><li>Le recruteur :&nbsp;<em>\u00ab\u00a0Oui, auriez-vous quelques id\u00e9es pour am\u00e9liorer cet \u00e9tat de choses ?\u00a0\u00bb<\/em><\/li><\/ul>\n\n\n\n<p>Alors, soyez cool ! Restez calme et&nbsp;ma\u00eetrisez vos \u00e9motions face \u00e0 votre interlocuteur.<br><br>Ne vous mordez-pas les l\u00e8vres, ne gigotez pas soudain sur votre si\u00e8ge, n&rsquo;enroulez pas vos jambes autour des pattes de la chaise, ne toussez pas &#8230;<br><br>Regardez le recruteur en face, souriez et r\u00e9pondez directement. Une pointe d\u2019humour n\u2019est pas interdite, au contraire. Ou refusez poliment de r\u00e9pondre, selon votre appr\u00e9ciation.<br><br>Dans tous les cas, restez&nbsp;<strong>courtois<\/strong>.<br><br><a href=\"http:\/\/platine.univ-lorraine.fr\/index.php?id=107\">Exemples de questions d\u00e9licates et de r\u00e9ponses adapt\u00e9es<\/a><\/p>\n","protected":false},"excerpt":{"rendered":"<p>Le recruteur vous pose une question d\u00e9stabilisante ? Il cherche vraisemblablement \u00e0 mesurer votre capacit\u00e9 \u00e0 g\u00e9rer des situations difficiles et \u00e0 \u00e9valuer votre r\u00e9activit\u00e9. Il contr\u00f4le votre sinc\u00e9rit\u00e9 ou il observe votre capacit\u00e9 \u00e0 conserver votre sang-froid\u2026 C&rsquo;est bien moins le contenu de votre r\u00e9ponse que la fa\u00e7on dont vous vous comportez qui l&rsquo;int\u00e9resse. &#8230; <a title=\"R\u00c9PONDRE AUX QUESTIONS D\u00c9LICATES\" class=\"read-more\" href=\"https:\/\/www.univ-lorraine.fr\/orientation-insertion-professionnelle\/ressources\/stage-emploi-et-alternance\/lentretien-de-recrutement\/sentrainer-a-repondre-aux-questions\/repondre-aux-questions-delicates\/\" aria-label=\"En savoir plus sur R\u00c9PONDRE AUX QUESTIONS D\u00c9LICATES\">Lire plus<\/a><\/p>\n","protected":false},"author":72,"featured_media":0,"parent":2688,"menu_order":0,"comment_status":"closed","ping_status":"closed","template":"","meta":{"inline_featured_image":false,"footnotes":""},"categories":[17,15],"tags":[],"class_list":{"0":"post-2714","1":"page","2":"type-page","3":"status-publish","5":"category-conseils","6":"category-insertion-professionnelle"},"yoast_head":"<!-- This site is optimized with the Yoast SEO plugin v27.4 - https:\/\/yoast.com\/product\/yoast-seo-wordpress\/ -->\n<title>R\u00c9PONDRE AUX QUESTIONS D\u00c9LICATES - Orientation et insertion professionnelle<\/title>\n<meta name=\"robots\" content=\"index, follow, max-snippet:-1, max-image-preview:large, max-video-preview:-1\" \/>\n<link rel=\"canonical\" href=\"https:\/\/www.univ-lorraine.fr\/orientation-insertion-professionnelle\/ressources\/stage-emploi-et-alternance\/lentretien-de-recrutement\/sentrainer-a-repondre-aux-questions\/repondre-aux-questions-delicates\/\" \/>\n<meta property=\"og:locale\" content=\"fr_FR\" \/>\n<meta property=\"og:type\" content=\"article\" \/>\n<meta property=\"og:title\" content=\"R\u00c9PONDRE AUX QUESTIONS D\u00c9LICATES - Orientation et insertion professionnelle\" \/>\n<meta property=\"og:description\" content=\"Le recruteur vous pose une question d\u00e9stabilisante ? Il cherche vraisemblablement \u00e0 mesurer votre capacit\u00e9 \u00e0 g\u00e9rer des situations difficiles et \u00e0 \u00e9valuer votre r\u00e9activit\u00e9. Il contr\u00f4le votre sinc\u00e9rit\u00e9 ou il observe votre capacit\u00e9 \u00e0 conserver votre sang-froid\u2026 C&rsquo;est bien moins le contenu de votre r\u00e9ponse que la fa\u00e7on dont vous vous comportez qui l&rsquo;int\u00e9resse. ... Lire plus\" \/>\n<meta property=\"og:url\" content=\"https:\/\/www.univ-lorraine.fr\/orientation-insertion-professionnelle\/ressources\/stage-emploi-et-alternance\/lentretien-de-recrutement\/sentrainer-a-repondre-aux-questions\/repondre-aux-questions-delicates\/\" \/>\n<meta property=\"og:site_name\" content=\"Orientation et insertion professionnelle\" \/>\n<meta property=\"article:modified_time\" content=\"2022-09-19T15:44:35+00:00\" \/>\n<meta name=\"twitter:card\" content=\"summary_large_image\" \/>\n<meta name=\"twitter:label1\" content=\"Dur\u00e9e de lecture estim\u00e9e\" \/>\n\t<meta name=\"twitter:data1\" content=\"3 minutes\" \/>\n<script type=\"application\/ld+json\" class=\"yoast-schema-graph\">{\"@context\":\"https:\\\/\\\/schema.org\",\"@graph\":[{\"@type\":\"WebPage\",\"@id\":\"https:\\\/\\\/www.univ-lorraine.fr\\\/orientation-insertion-professionnelle\\\/ressources\\\/stage-emploi-et-alternance\\\/lentretien-de-recrutement\\\/sentrainer-a-repondre-aux-questions\\\/repondre-aux-questions-delicates\\\/\",\"url\":\"https:\\\/\\\/www.univ-lorraine.fr\\\/orientation-insertion-professionnelle\\\/ressources\\\/stage-emploi-et-alternance\\\/lentretien-de-recrutement\\\/sentrainer-a-repondre-aux-questions\\\/repondre-aux-questions-delicates\\\/\",\"name\":\"R\u00c9PONDRE AUX QUESTIONS D\u00c9LICATES - Orientation et insertion professionnelle\",\"isPartOf\":{\"@id\":\"https:\\\/\\\/www.univ-lorraine.fr\\\/orientation-insertion-professionnelle\\\/#website\"},\"datePublished\":\"2021-10-28T09:25:02+00:00\",\"dateModified\":\"2022-09-19T15:44:35+00:00\",\"breadcrumb\":{\"@id\":\"https:\\\/\\\/www.univ-lorraine.fr\\\/orientation-insertion-professionnelle\\\/ressources\\\/stage-emploi-et-alternance\\\/lentretien-de-recrutement\\\/sentrainer-a-repondre-aux-questions\\\/repondre-aux-questions-delicates\\\/#breadcrumb\"},\"inLanguage\":\"fr-FR\",\"potentialAction\":[{\"@type\":\"ReadAction\",\"target\":[\"https:\\\/\\\/www.univ-lorraine.fr\\\/orientation-insertion-professionnelle\\\/ressources\\\/stage-emploi-et-alternance\\\/lentretien-de-recrutement\\\/sentrainer-a-repondre-aux-questions\\\/repondre-aux-questions-delicates\\\/\"]}]},{\"@type\":\"BreadcrumbList\",\"@id\":\"https:\\\/\\\/www.univ-lorraine.fr\\\/orientation-insertion-professionnelle\\\/ressources\\\/stage-emploi-et-alternance\\\/lentretien-de-recrutement\\\/sentrainer-a-repondre-aux-questions\\\/repondre-aux-questions-delicates\\\/#breadcrumb\",\"itemListElement\":[{\"@type\":\"ListItem\",\"position\":1,\"name\":\"Accueil\",\"item\":\"https:\\\/\\\/www.univ-lorraine.fr\\\/orientation-insertion-professionnelle\\\/\"},{\"@type\":\"ListItem\",\"position\":2,\"name\":\"Ressources\",\"item\":\"https:\\\/\\\/www.univ-lorraine.fr\\\/orientation-insertion-professionnelle\\\/ressources\\\/\"},{\"@type\":\"ListItem\",\"position\":3,\"name\":\"Stage, emploi et alternance\",\"item\":\"https:\\\/\\\/www.univ-lorraine.fr\\\/orientation-insertion-professionnelle\\\/ressources\\\/stage-emploi-et-alternance\\\/\"},{\"@type\":\"ListItem\",\"position\":4,\"name\":\"L&rsquo;entretien de recrutement\",\"item\":\"https:\\\/\\\/www.univ-lorraine.fr\\\/orientation-insertion-professionnelle\\\/ressources\\\/stage-emploi-et-alternance\\\/lentretien-de-recrutement\\\/\"},{\"@type\":\"ListItem\",\"position\":5,\"name\":\"S&#8217;ENTRAINER \u00c0 R\u00c9PONDRE AUX QUESTIONS\",\"item\":\"https:\\\/\\\/www.univ-lorraine.fr\\\/orientation-insertion-professionnelle\\\/ressources\\\/stage-emploi-et-alternance\\\/lentretien-de-recrutement\\\/sentrainer-a-repondre-aux-questions\\\/\"},{\"@type\":\"ListItem\",\"position\":6,\"name\":\"R\u00c9PONDRE AUX QUESTIONS D\u00c9LICATES\"}]},{\"@type\":\"WebSite\",\"@id\":\"https:\\\/\\\/www.univ-lorraine.fr\\\/orientation-insertion-professionnelle\\\/#website\",\"url\":\"https:\\\/\\\/www.univ-lorraine.fr\\\/orientation-insertion-professionnelle\\\/\",\"name\":\"Orientation et insertion professionnelle\",\"description\":\"\",\"publisher\":{\"@id\":\"https:\\\/\\\/www.univ-lorraine.fr\\\/orientation-insertion-professionnelle\\\/#organization\"},\"potentialAction\":[{\"@type\":\"SearchAction\",\"target\":{\"@type\":\"EntryPoint\",\"urlTemplate\":\"https:\\\/\\\/www.univ-lorraine.fr\\\/orientation-insertion-professionnelle\\\/?s={search_term_string}\"},\"query-input\":{\"@type\":\"PropertyValueSpecification\",\"valueRequired\":true,\"valueName\":\"search_term_string\"}}],\"inLanguage\":\"fr-FR\"},{\"@type\":\"Organization\",\"@id\":\"https:\\\/\\\/www.univ-lorraine.fr\\\/orientation-insertion-professionnelle\\\/#organization\",\"name\":\"Universit\u00e9 de Lorraine\",\"url\":\"https:\\\/\\\/www.univ-lorraine.fr\\\/orientation-insertion-professionnelle\\\/\",\"logo\":{\"@type\":\"ImageObject\",\"inLanguage\":\"fr-FR\",\"@id\":\"https:\\\/\\\/www.univ-lorraine.fr\\\/orientation-insertion-professionnelle\\\/#\\\/schema\\\/logo\\\/image\\\/\",\"url\":\"https:\\\/\\\/www.univ-lorraine.fr\\\/orientation-insertion-professionnelle\\\/wp-content\\\/uploads\\\/sites\\\/7\\\/2023\\\/04\\\/logo_siteweb2_Plan-de-travail-1.png\",\"contentUrl\":\"https:\\\/\\\/www.univ-lorraine.fr\\\/orientation-insertion-professionnelle\\\/wp-content\\\/uploads\\\/sites\\\/7\\\/2023\\\/04\\\/logo_siteweb2_Plan-de-travail-1.png\",\"width\":852,\"height\":492,\"caption\":\"Universit\u00e9 de Lorraine\"},\"image\":{\"@id\":\"https:\\\/\\\/www.univ-lorraine.fr\\\/orientation-insertion-professionnelle\\\/#\\\/schema\\\/logo\\\/image\\\/\"}}]}<\/script>\n<!-- \/ Yoast SEO plugin. -->","yoast_head_json":{"title":"R\u00c9PONDRE AUX QUESTIONS D\u00c9LICATES - Orientation et insertion professionnelle","robots":{"index":"index","follow":"follow","max-snippet":"max-snippet:-1","max-image-preview":"max-image-preview:large","max-video-preview":"max-video-preview:-1"},"canonical":"https:\/\/www.univ-lorraine.fr\/orientation-insertion-professionnelle\/ressources\/stage-emploi-et-alternance\/lentretien-de-recrutement\/sentrainer-a-repondre-aux-questions\/repondre-aux-questions-delicates\/","og_locale":"fr_FR","og_type":"article","og_title":"R\u00c9PONDRE AUX QUESTIONS D\u00c9LICATES - Orientation et insertion professionnelle","og_description":"Le recruteur vous pose une question d\u00e9stabilisante ? Il cherche vraisemblablement \u00e0 mesurer votre capacit\u00e9 \u00e0 g\u00e9rer des situations difficiles et \u00e0 \u00e9valuer votre r\u00e9activit\u00e9. Il contr\u00f4le votre sinc\u00e9rit\u00e9 ou il observe votre capacit\u00e9 \u00e0 conserver votre sang-froid\u2026 C&rsquo;est bien moins le contenu de votre r\u00e9ponse que la fa\u00e7on dont vous vous comportez qui l&rsquo;int\u00e9resse. ... Lire plus","og_url":"https:\/\/www.univ-lorraine.fr\/orientation-insertion-professionnelle\/ressources\/stage-emploi-et-alternance\/lentretien-de-recrutement\/sentrainer-a-repondre-aux-questions\/repondre-aux-questions-delicates\/","og_site_name":"Orientation et insertion professionnelle","article_modified_time":"2022-09-19T15:44:35+00:00","twitter_card":"summary_large_image","twitter_misc":{"Dur\u00e9e de lecture estim\u00e9e":"3 minutes"},"schema":{"@context":"https:\/\/schema.org","@graph":[{"@type":"WebPage","@id":"https:\/\/www.univ-lorraine.fr\/orientation-insertion-professionnelle\/ressources\/stage-emploi-et-alternance\/lentretien-de-recrutement\/sentrainer-a-repondre-aux-questions\/repondre-aux-questions-delicates\/","url":"https:\/\/www.univ-lorraine.fr\/orientation-insertion-professionnelle\/ressources\/stage-emploi-et-alternance\/lentretien-de-recrutement\/sentrainer-a-repondre-aux-questions\/repondre-aux-questions-delicates\/","name":"R\u00c9PONDRE AUX QUESTIONS D\u00c9LICATES - Orientation et insertion professionnelle","isPartOf":{"@id":"https:\/\/www.univ-lorraine.fr\/orientation-insertion-professionnelle\/#website"},"datePublished":"2021-10-28T09:25:02+00:00","dateModified":"2022-09-19T15:44:35+00:00","breadcrumb":{"@id":"https:\/\/www.univ-lorraine.fr\/orientation-insertion-professionnelle\/ressources\/stage-emploi-et-alternance\/lentretien-de-recrutement\/sentrainer-a-repondre-aux-questions\/repondre-aux-questions-delicates\/#breadcrumb"},"inLanguage":"fr-FR","potentialAction":[{"@type":"ReadAction","target":["https:\/\/www.univ-lorraine.fr\/orientation-insertion-professionnelle\/ressources\/stage-emploi-et-alternance\/lentretien-de-recrutement\/sentrainer-a-repondre-aux-questions\/repondre-aux-questions-delicates\/"]}]},{"@type":"BreadcrumbList","@id":"https:\/\/www.univ-lorraine.fr\/orientation-insertion-professionnelle\/ressources\/stage-emploi-et-alternance\/lentretien-de-recrutement\/sentrainer-a-repondre-aux-questions\/repondre-aux-questions-delicates\/#breadcrumb","itemListElement":[{"@type":"ListItem","position":1,"name":"Accueil","item":"https:\/\/www.univ-lorraine.fr\/orientation-insertion-professionnelle\/"},{"@type":"ListItem","position":2,"name":"Ressources","item":"https:\/\/www.univ-lorraine.fr\/orientation-insertion-professionnelle\/ressources\/"},{"@type":"ListItem","position":3,"name":"Stage, emploi et alternance","item":"https:\/\/www.univ-lorraine.fr\/orientation-insertion-professionnelle\/ressources\/stage-emploi-et-alternance\/"},{"@type":"ListItem","position":4,"name":"L&rsquo;entretien de recrutement","item":"https:\/\/www.univ-lorraine.fr\/orientation-insertion-professionnelle\/ressources\/stage-emploi-et-alternance\/lentretien-de-recrutement\/"},{"@type":"ListItem","position":5,"name":"S&#8217;ENTRAINER \u00c0 R\u00c9PONDRE AUX QUESTIONS","item":"https:\/\/www.univ-lorraine.fr\/orientation-insertion-professionnelle\/ressources\/stage-emploi-et-alternance\/lentretien-de-recrutement\/sentrainer-a-repondre-aux-questions\/"},{"@type":"ListItem","position":6,"name":"R\u00c9PONDRE AUX QUESTIONS D\u00c9LICATES"}]},{"@type":"WebSite","@id":"https:\/\/www.univ-lorraine.fr\/orientation-insertion-professionnelle\/#website","url":"https:\/\/www.univ-lorraine.fr\/orientation-insertion-professionnelle\/","name":"Orientation et insertion professionnelle","description":"","publisher":{"@id":"https:\/\/www.univ-lorraine.fr\/orientation-insertion-professionnelle\/#organization"},"potentialAction":[{"@type":"SearchAction","target":{"@type":"EntryPoint","urlTemplate":"https:\/\/www.univ-lorraine.fr\/orientation-insertion-professionnelle\/?s={search_term_string}"},"query-input":{"@type":"PropertyValueSpecification","valueRequired":true,"valueName":"search_term_string"}}],"inLanguage":"fr-FR"},{"@type":"Organization","@id":"https:\/\/www.univ-lorraine.fr\/orientation-insertion-professionnelle\/#organization","name":"Universit\u00e9 de Lorraine","url":"https:\/\/www.univ-lorraine.fr\/orientation-insertion-professionnelle\/","logo":{"@type":"ImageObject","inLanguage":"fr-FR","@id":"https:\/\/www.univ-lorraine.fr\/orientation-insertion-professionnelle\/#\/schema\/logo\/image\/","url":"https:\/\/www.univ-lorraine.fr\/orientation-insertion-professionnelle\/wp-content\/uploads\/sites\/7\/2023\/04\/logo_siteweb2_Plan-de-travail-1.png","contentUrl":"https:\/\/www.univ-lorraine.fr\/orientation-insertion-professionnelle\/wp-content\/uploads\/sites\/7\/2023\/04\/logo_siteweb2_Plan-de-travail-1.png","width":852,"height":492,"caption":"Universit\u00e9 de Lorraine"},"image":{"@id":"https:\/\/www.univ-lorraine.fr\/orientation-insertion-professionnelle\/#\/schema\/logo\/image\/"}}]}},"_links":{"self":[{"href":"https:\/\/www.univ-lorraine.fr\/orientation-insertion-professionnelle\/wp-json\/wp\/v2\/pages\/2714","targetHints":{"allow":["GET"]}}],"collection":[{"href":"https:\/\/www.univ-lorraine.fr\/orientation-insertion-professionnelle\/wp-json\/wp\/v2\/pages"}],"about":[{"href":"https:\/\/www.univ-lorraine.fr\/orientation-insertion-professionnelle\/wp-json\/wp\/v2\/types\/page"}],"author":[{"embeddable":true,"href":"https:\/\/www.univ-lorraine.fr\/orientation-insertion-professionnelle\/wp-json\/wp\/v2\/users\/72"}],"replies":[{"embeddable":true,"href":"https:\/\/www.univ-lorraine.fr\/orientation-insertion-professionnelle\/wp-json\/wp\/v2\/comments?post=2714"}],"version-history":[{"count":3,"href":"https:\/\/www.univ-lorraine.fr\/orientation-insertion-professionnelle\/wp-json\/wp\/v2\/pages\/2714\/revisions"}],"predecessor-version":[{"id":2961,"href":"https:\/\/www.univ-lorraine.fr\/orientation-insertion-professionnelle\/wp-json\/wp\/v2\/pages\/2714\/revisions\/2961"}],"up":[{"embeddable":true,"href":"https:\/\/www.univ-lorraine.fr\/orientation-insertion-professionnelle\/wp-json\/wp\/v2\/pages\/2688"}],"wp:attachment":[{"href":"https:\/\/www.univ-lorraine.fr\/orientation-insertion-professionnelle\/wp-json\/wp\/v2\/media?parent=2714"}],"wp:term":[{"taxonomy":"category","embeddable":true,"href":"https:\/\/www.univ-lorraine.fr\/orientation-insertion-professionnelle\/wp-json\/wp\/v2\/categories?post=2714"},{"taxonomy":"post_tag","embeddable":true,"href":"https:\/\/www.univ-lorraine.fr\/orientation-insertion-professionnelle\/wp-json\/wp\/v2\/tags?post=2714"}],"curies":[{"name":"wp","href":"https:\/\/api.w.org\/{rel}","templated":true}]}}