{"id":2719,"date":"2021-10-28T11:25:33","date_gmt":"2021-10-28T09:25:33","guid":{"rendered":"https:\/\/www.univ-lorraine.fr\/orientation-insertion-professionnelle\/?page_id=2719"},"modified":"2024-11-18T16:14:02","modified_gmt":"2024-11-18T15:14:02","slug":"exemples-de-questions-delicates","status":"publish","type":"page","link":"https:\/\/www.univ-lorraine.fr\/orientation-insertion-professionnelle\/ressources\/stage-emploi-et-alternance\/lentretien-de-recrutement\/sentrainer-a-repondre-aux-questions\/exemples-de-questions-delicates\/","title":{"rendered":"EXEMPLES DE QUESTIONS D\u00c9LICATES"},"content":{"rendered":"\n<p><strong>&lt;objectifs&gt;<\/strong><br>Vous d\u00e9stabiliser<\/p>\n\n\n\n<p><strong><em>Ne pensez-vous pas \u00eatre un peu jeune pour ce poste<\/em><\/strong><\/p>\n\n\n\n<p><em>&lt;reponses&gt;<\/em><br>\u00ab\u00a0La valeur n&rsquo;attend pas le nombre des ann\u00e9es\u00a0\u00bb !<\/p>\n\n\n\n<p>Demandez-lui s&rsquo;il pense qu&rsquo;\u00e0 25 ans on ne peut pas avoir un poste \u00e0 responsabilit\u00e9.<br>Et r\u00e9capitulez tous vos points forts par rapport au poste propos\u00e9<\/p>\n\n\n\n<p><strong><em>Avez-vous pass\u00e9 d&rsquo;autres entretiens ?<\/em><\/strong><br><br><em>&lt;reponses&gt;<\/em><br>Le recruteur cherche simplement \u00e0 savoir si vous avez d&rsquo;autres pistes.<br>R\u00e9pondez sinc\u00e8rement.<br>Si vous avez effectivement d&rsquo;autres ouvertures, ne mentionnez pas le nom de l&rsquo;entreprise concern\u00e9e, mais \u00e9voquez plut\u00f4t le poste pour lequel vous avez pass\u00e9 l&rsquo;entretien<\/p>\n\n\n\n<p><strong><em>Comment vivez-vous votre recherche d&#8217;emploi ?<\/em><\/strong><\/p>\n\n\n\n<p><em>&lt;reponses&gt;<\/em><br>Dans toute recherche d&#8217;emploi, il y a des c\u00f4t\u00e9s positifs et n\u00e9gatifs.<br>Ne taisez pas le c\u00f4t\u00e9 n\u00e9gatif, mais essayez de positiver en disant par exemple que cette p\u00e9riode vous a donn\u00e9 l&rsquo;occasion de d\u00e9couvrir des personnes et des choses nouvelles.<br>Donnez un ou deux exemples<\/p>\n\n\n\n<p><strong><em>Qu&rsquo;avez-vous fait entre\u2026 et \u2026 ? (p\u00e9riode d&rsquo;inactivit\u00e9 pendant vos \u00e9tudes, ou \u00e0 la fin de vos \u00e9tudes)<\/em><\/strong><\/p>\n\n\n\n<p><em>&lt;reponses&gt;<\/em><br>Expliquez sans vous justifier ce que vous avez fait pendant cette p\u00e9riode : r\u00e9flexion, voyage, vie familiale\u2026<br>L&rsquo;essentiel est de montrer que vous n&rsquo;\u00eates pas rest\u00e9 inactif et que cette p\u00e9riode a \u00e9t\u00e9 b\u00e9n\u00e9fique pour vous pour telle ou telle raison<\/p>\n","protected":false},"excerpt":{"rendered":"<p>&lt;objectifs&gt;Vous d\u00e9stabiliser Ne pensez-vous pas \u00eatre un peu jeune pour ce poste &lt;reponses&gt;\u00ab\u00a0La valeur n&rsquo;attend pas le nombre des ann\u00e9es\u00a0\u00bb ! Demandez-lui s&rsquo;il pense qu&rsquo;\u00e0 25 ans on ne peut pas avoir un poste \u00e0 responsabilit\u00e9.Et r\u00e9capitulez tous vos points forts par rapport au poste propos\u00e9 Avez-vous pass\u00e9 d&rsquo;autres entretiens ? &lt;reponses&gt;Le recruteur cherche simplement &#8230; <a title=\"EXEMPLES DE QUESTIONS D\u00c9LICATES\" class=\"read-more\" href=\"https:\/\/www.univ-lorraine.fr\/orientation-insertion-professionnelle\/ressources\/stage-emploi-et-alternance\/lentretien-de-recrutement\/sentrainer-a-repondre-aux-questions\/exemples-de-questions-delicates\/\" aria-label=\"En savoir plus sur EXEMPLES DE QUESTIONS D\u00c9LICATES\">Lire plus<\/a><\/p>\n","protected":false},"author":72,"featured_media":0,"parent":2688,"menu_order":0,"comment_status":"closed","ping_status":"closed","template":"","meta":{"inline_featured_image":false,"footnotes":""},"categories":[17,15],"tags":[],"class_list":{"0":"post-2719","1":"page","2":"type-page","3":"status-publish","5":"category-conseils","6":"category-insertion-professionnelle"},"yoast_head":"<!-- This site is optimized with the Yoast SEO plugin v27.4 - https:\/\/yoast.com\/product\/yoast-seo-wordpress\/ -->\n<title>EXEMPLES DE QUESTIONS D\u00c9LICATES - Orientation et insertion professionnelle<\/title>\n<meta name=\"robots\" content=\"index, follow, max-snippet:-1, max-image-preview:large, max-video-preview:-1\" \/>\n<link rel=\"canonical\" href=\"https:\/\/www.univ-lorraine.fr\/orientation-insertion-professionnelle\/ressources\/stage-emploi-et-alternance\/lentretien-de-recrutement\/sentrainer-a-repondre-aux-questions\/exemples-de-questions-delicates\/\" \/>\n<meta property=\"og:locale\" content=\"fr_FR\" \/>\n<meta property=\"og:type\" content=\"article\" \/>\n<meta property=\"og:title\" content=\"EXEMPLES DE QUESTIONS D\u00c9LICATES - Orientation et insertion professionnelle\" \/>\n<meta property=\"og:description\" content=\"&lt;objectifs&gt;Vous d\u00e9stabiliser Ne pensez-vous pas \u00eatre un peu jeune pour ce poste &lt;reponses&gt;\u00ab\u00a0La valeur n&rsquo;attend pas le nombre des ann\u00e9es\u00a0\u00bb ! Demandez-lui s&rsquo;il pense qu&rsquo;\u00e0 25 ans on ne peut pas avoir un poste \u00e0 responsabilit\u00e9.Et r\u00e9capitulez tous vos points forts par rapport au poste propos\u00e9 Avez-vous pass\u00e9 d&rsquo;autres entretiens ? &lt;reponses&gt;Le recruteur cherche simplement ... Lire plus\" \/>\n<meta property=\"og:url\" content=\"https:\/\/www.univ-lorraine.fr\/orientation-insertion-professionnelle\/ressources\/stage-emploi-et-alternance\/lentretien-de-recrutement\/sentrainer-a-repondre-aux-questions\/exemples-de-questions-delicates\/\" \/>\n<meta property=\"og:site_name\" content=\"Orientation et insertion professionnelle\" \/>\n<meta property=\"article:modified_time\" content=\"2024-11-18T15:14:02+00:00\" \/>\n<meta name=\"twitter:card\" content=\"summary_large_image\" \/>\n<meta name=\"twitter:label1\" content=\"Dur\u00e9e de lecture estim\u00e9e\" \/>\n\t<meta name=\"twitter:data1\" content=\"1 minute\" \/>\n<script type=\"application\/ld+json\" class=\"yoast-schema-graph\">{\"@context\":\"https:\\\/\\\/schema.org\",\"@graph\":[{\"@type\":\"WebPage\",\"@id\":\"https:\\\/\\\/www.univ-lorraine.fr\\\/orientation-insertion-professionnelle\\\/ressources\\\/stage-emploi-et-alternance\\\/lentretien-de-recrutement\\\/sentrainer-a-repondre-aux-questions\\\/exemples-de-questions-delicates\\\/\",\"url\":\"https:\\\/\\\/www.univ-lorraine.fr\\\/orientation-insertion-professionnelle\\\/ressources\\\/stage-emploi-et-alternance\\\/lentretien-de-recrutement\\\/sentrainer-a-repondre-aux-questions\\\/exemples-de-questions-delicates\\\/\",\"name\":\"EXEMPLES DE QUESTIONS D\u00c9LICATES - Orientation et insertion professionnelle\",\"isPartOf\":{\"@id\":\"https:\\\/\\\/www.univ-lorraine.fr\\\/orientation-insertion-professionnelle\\\/#website\"},\"datePublished\":\"2021-10-28T09:25:33+00:00\",\"dateModified\":\"2024-11-18T15:14:02+00:00\",\"breadcrumb\":{\"@id\":\"https:\\\/\\\/www.univ-lorraine.fr\\\/orientation-insertion-professionnelle\\\/ressources\\\/stage-emploi-et-alternance\\\/lentretien-de-recrutement\\\/sentrainer-a-repondre-aux-questions\\\/exemples-de-questions-delicates\\\/#breadcrumb\"},\"inLanguage\":\"fr-FR\",\"potentialAction\":[{\"@type\":\"ReadAction\",\"target\":[\"https:\\\/\\\/www.univ-lorraine.fr\\\/orientation-insertion-professionnelle\\\/ressources\\\/stage-emploi-et-alternance\\\/lentretien-de-recrutement\\\/sentrainer-a-repondre-aux-questions\\\/exemples-de-questions-delicates\\\/\"]}]},{\"@type\":\"BreadcrumbList\",\"@id\":\"https:\\\/\\\/www.univ-lorraine.fr\\\/orientation-insertion-professionnelle\\\/ressources\\\/stage-emploi-et-alternance\\\/lentretien-de-recrutement\\\/sentrainer-a-repondre-aux-questions\\\/exemples-de-questions-delicates\\\/#breadcrumb\",\"itemListElement\":[{\"@type\":\"ListItem\",\"position\":1,\"name\":\"Accueil\",\"item\":\"https:\\\/\\\/www.univ-lorraine.fr\\\/orientation-insertion-professionnelle\\\/\"},{\"@type\":\"ListItem\",\"position\":2,\"name\":\"Ressources\",\"item\":\"https:\\\/\\\/www.univ-lorraine.fr\\\/orientation-insertion-professionnelle\\\/ressources\\\/\"},{\"@type\":\"ListItem\",\"position\":3,\"name\":\"Stage, emploi et alternance\",\"item\":\"https:\\\/\\\/www.univ-lorraine.fr\\\/orientation-insertion-professionnelle\\\/ressources\\\/stage-emploi-et-alternance\\\/\"},{\"@type\":\"ListItem\",\"position\":4,\"name\":\"L&rsquo;entretien de recrutement\",\"item\":\"https:\\\/\\\/www.univ-lorraine.fr\\\/orientation-insertion-professionnelle\\\/ressources\\\/stage-emploi-et-alternance\\\/lentretien-de-recrutement\\\/\"},{\"@type\":\"ListItem\",\"position\":5,\"name\":\"S&#8217;ENTRAINER \u00c0 R\u00c9PONDRE AUX QUESTIONS\",\"item\":\"https:\\\/\\\/www.univ-lorraine.fr\\\/orientation-insertion-professionnelle\\\/ressources\\\/stage-emploi-et-alternance\\\/lentretien-de-recrutement\\\/sentrainer-a-repondre-aux-questions\\\/\"},{\"@type\":\"ListItem\",\"position\":6,\"name\":\"EXEMPLES DE QUESTIONS D\u00c9LICATES\"}]},{\"@type\":\"WebSite\",\"@id\":\"https:\\\/\\\/www.univ-lorraine.fr\\\/orientation-insertion-professionnelle\\\/#website\",\"url\":\"https:\\\/\\\/www.univ-lorraine.fr\\\/orientation-insertion-professionnelle\\\/\",\"name\":\"Orientation et insertion professionnelle\",\"description\":\"\",\"publisher\":{\"@id\":\"https:\\\/\\\/www.univ-lorraine.fr\\\/orientation-insertion-professionnelle\\\/#organization\"},\"potentialAction\":[{\"@type\":\"SearchAction\",\"target\":{\"@type\":\"EntryPoint\",\"urlTemplate\":\"https:\\\/\\\/www.univ-lorraine.fr\\\/orientation-insertion-professionnelle\\\/?s={search_term_string}\"},\"query-input\":{\"@type\":\"PropertyValueSpecification\",\"valueRequired\":true,\"valueName\":\"search_term_string\"}}],\"inLanguage\":\"fr-FR\"},{\"@type\":\"Organization\",\"@id\":\"https:\\\/\\\/www.univ-lorraine.fr\\\/orientation-insertion-professionnelle\\\/#organization\",\"name\":\"Universit\u00e9 de Lorraine\",\"url\":\"https:\\\/\\\/www.univ-lorraine.fr\\\/orientation-insertion-professionnelle\\\/\",\"logo\":{\"@type\":\"ImageObject\",\"inLanguage\":\"fr-FR\",\"@id\":\"https:\\\/\\\/www.univ-lorraine.fr\\\/orientation-insertion-professionnelle\\\/#\\\/schema\\\/logo\\\/image\\\/\",\"url\":\"https:\\\/\\\/www.univ-lorraine.fr\\\/orientation-insertion-professionnelle\\\/wp-content\\\/uploads\\\/sites\\\/7\\\/2023\\\/04\\\/logo_siteweb2_Plan-de-travail-1.png\",\"contentUrl\":\"https:\\\/\\\/www.univ-lorraine.fr\\\/orientation-insertion-professionnelle\\\/wp-content\\\/uploads\\\/sites\\\/7\\\/2023\\\/04\\\/logo_siteweb2_Plan-de-travail-1.png\",\"width\":852,\"height\":492,\"caption\":\"Universit\u00e9 de Lorraine\"},\"image\":{\"@id\":\"https:\\\/\\\/www.univ-lorraine.fr\\\/orientation-insertion-professionnelle\\\/#\\\/schema\\\/logo\\\/image\\\/\"}}]}<\/script>\n<!-- \/ Yoast SEO plugin. -->","yoast_head_json":{"title":"EXEMPLES DE QUESTIONS D\u00c9LICATES - Orientation et insertion professionnelle","robots":{"index":"index","follow":"follow","max-snippet":"max-snippet:-1","max-image-preview":"max-image-preview:large","max-video-preview":"max-video-preview:-1"},"canonical":"https:\/\/www.univ-lorraine.fr\/orientation-insertion-professionnelle\/ressources\/stage-emploi-et-alternance\/lentretien-de-recrutement\/sentrainer-a-repondre-aux-questions\/exemples-de-questions-delicates\/","og_locale":"fr_FR","og_type":"article","og_title":"EXEMPLES DE QUESTIONS D\u00c9LICATES - Orientation et insertion professionnelle","og_description":"&lt;objectifs&gt;Vous d\u00e9stabiliser Ne pensez-vous pas \u00eatre un peu jeune pour ce poste &lt;reponses&gt;\u00ab\u00a0La valeur n&rsquo;attend pas le nombre des ann\u00e9es\u00a0\u00bb ! Demandez-lui s&rsquo;il pense qu&rsquo;\u00e0 25 ans on ne peut pas avoir un poste \u00e0 responsabilit\u00e9.Et r\u00e9capitulez tous vos points forts par rapport au poste propos\u00e9 Avez-vous pass\u00e9 d&rsquo;autres entretiens ? &lt;reponses&gt;Le recruteur cherche simplement ... Lire plus","og_url":"https:\/\/www.univ-lorraine.fr\/orientation-insertion-professionnelle\/ressources\/stage-emploi-et-alternance\/lentretien-de-recrutement\/sentrainer-a-repondre-aux-questions\/exemples-de-questions-delicates\/","og_site_name":"Orientation et insertion professionnelle","article_modified_time":"2024-11-18T15:14:02+00:00","twitter_card":"summary_large_image","twitter_misc":{"Dur\u00e9e de lecture estim\u00e9e":"1 minute"},"schema":{"@context":"https:\/\/schema.org","@graph":[{"@type":"WebPage","@id":"https:\/\/www.univ-lorraine.fr\/orientation-insertion-professionnelle\/ressources\/stage-emploi-et-alternance\/lentretien-de-recrutement\/sentrainer-a-repondre-aux-questions\/exemples-de-questions-delicates\/","url":"https:\/\/www.univ-lorraine.fr\/orientation-insertion-professionnelle\/ressources\/stage-emploi-et-alternance\/lentretien-de-recrutement\/sentrainer-a-repondre-aux-questions\/exemples-de-questions-delicates\/","name":"EXEMPLES DE QUESTIONS D\u00c9LICATES - Orientation et insertion professionnelle","isPartOf":{"@id":"https:\/\/www.univ-lorraine.fr\/orientation-insertion-professionnelle\/#website"},"datePublished":"2021-10-28T09:25:33+00:00","dateModified":"2024-11-18T15:14:02+00:00","breadcrumb":{"@id":"https:\/\/www.univ-lorraine.fr\/orientation-insertion-professionnelle\/ressources\/stage-emploi-et-alternance\/lentretien-de-recrutement\/sentrainer-a-repondre-aux-questions\/exemples-de-questions-delicates\/#breadcrumb"},"inLanguage":"fr-FR","potentialAction":[{"@type":"ReadAction","target":["https:\/\/www.univ-lorraine.fr\/orientation-insertion-professionnelle\/ressources\/stage-emploi-et-alternance\/lentretien-de-recrutement\/sentrainer-a-repondre-aux-questions\/exemples-de-questions-delicates\/"]}]},{"@type":"BreadcrumbList","@id":"https:\/\/www.univ-lorraine.fr\/orientation-insertion-professionnelle\/ressources\/stage-emploi-et-alternance\/lentretien-de-recrutement\/sentrainer-a-repondre-aux-questions\/exemples-de-questions-delicates\/#breadcrumb","itemListElement":[{"@type":"ListItem","position":1,"name":"Accueil","item":"https:\/\/www.univ-lorraine.fr\/orientation-insertion-professionnelle\/"},{"@type":"ListItem","position":2,"name":"Ressources","item":"https:\/\/www.univ-lorraine.fr\/orientation-insertion-professionnelle\/ressources\/"},{"@type":"ListItem","position":3,"name":"Stage, emploi et alternance","item":"https:\/\/www.univ-lorraine.fr\/orientation-insertion-professionnelle\/ressources\/stage-emploi-et-alternance\/"},{"@type":"ListItem","position":4,"name":"L&rsquo;entretien de recrutement","item":"https:\/\/www.univ-lorraine.fr\/orientation-insertion-professionnelle\/ressources\/stage-emploi-et-alternance\/lentretien-de-recrutement\/"},{"@type":"ListItem","position":5,"name":"S&#8217;ENTRAINER \u00c0 R\u00c9PONDRE AUX QUESTIONS","item":"https:\/\/www.univ-lorraine.fr\/orientation-insertion-professionnelle\/ressources\/stage-emploi-et-alternance\/lentretien-de-recrutement\/sentrainer-a-repondre-aux-questions\/"},{"@type":"ListItem","position":6,"name":"EXEMPLES DE QUESTIONS D\u00c9LICATES"}]},{"@type":"WebSite","@id":"https:\/\/www.univ-lorraine.fr\/orientation-insertion-professionnelle\/#website","url":"https:\/\/www.univ-lorraine.fr\/orientation-insertion-professionnelle\/","name":"Orientation et insertion professionnelle","description":"","publisher":{"@id":"https:\/\/www.univ-lorraine.fr\/orientation-insertion-professionnelle\/#organization"},"potentialAction":[{"@type":"SearchAction","target":{"@type":"EntryPoint","urlTemplate":"https:\/\/www.univ-lorraine.fr\/orientation-insertion-professionnelle\/?s={search_term_string}"},"query-input":{"@type":"PropertyValueSpecification","valueRequired":true,"valueName":"search_term_string"}}],"inLanguage":"fr-FR"},{"@type":"Organization","@id":"https:\/\/www.univ-lorraine.fr\/orientation-insertion-professionnelle\/#organization","name":"Universit\u00e9 de Lorraine","url":"https:\/\/www.univ-lorraine.fr\/orientation-insertion-professionnelle\/","logo":{"@type":"ImageObject","inLanguage":"fr-FR","@id":"https:\/\/www.univ-lorraine.fr\/orientation-insertion-professionnelle\/#\/schema\/logo\/image\/","url":"https:\/\/www.univ-lorraine.fr\/orientation-insertion-professionnelle\/wp-content\/uploads\/sites\/7\/2023\/04\/logo_siteweb2_Plan-de-travail-1.png","contentUrl":"https:\/\/www.univ-lorraine.fr\/orientation-insertion-professionnelle\/wp-content\/uploads\/sites\/7\/2023\/04\/logo_siteweb2_Plan-de-travail-1.png","width":852,"height":492,"caption":"Universit\u00e9 de Lorraine"},"image":{"@id":"https:\/\/www.univ-lorraine.fr\/orientation-insertion-professionnelle\/#\/schema\/logo\/image\/"}}]}},"_links":{"self":[{"href":"https:\/\/www.univ-lorraine.fr\/orientation-insertion-professionnelle\/wp-json\/wp\/v2\/pages\/2719","targetHints":{"allow":["GET"]}}],"collection":[{"href":"https:\/\/www.univ-lorraine.fr\/orientation-insertion-professionnelle\/wp-json\/wp\/v2\/pages"}],"about":[{"href":"https:\/\/www.univ-lorraine.fr\/orientation-insertion-professionnelle\/wp-json\/wp\/v2\/types\/page"}],"author":[{"embeddable":true,"href":"https:\/\/www.univ-lorraine.fr\/orientation-insertion-professionnelle\/wp-json\/wp\/v2\/users\/72"}],"replies":[{"embeddable":true,"href":"https:\/\/www.univ-lorraine.fr\/orientation-insertion-professionnelle\/wp-json\/wp\/v2\/comments?post=2719"}],"version-history":[{"count":2,"href":"https:\/\/www.univ-lorraine.fr\/orientation-insertion-professionnelle\/wp-json\/wp\/v2\/pages\/2719\/revisions"}],"predecessor-version":[{"id":12943,"href":"https:\/\/www.univ-lorraine.fr\/orientation-insertion-professionnelle\/wp-json\/wp\/v2\/pages\/2719\/revisions\/12943"}],"up":[{"embeddable":true,"href":"https:\/\/www.univ-lorraine.fr\/orientation-insertion-professionnelle\/wp-json\/wp\/v2\/pages\/2688"}],"wp:attachment":[{"href":"https:\/\/www.univ-lorraine.fr\/orientation-insertion-professionnelle\/wp-json\/wp\/v2\/media?parent=2719"}],"wp:term":[{"taxonomy":"category","embeddable":true,"href":"https:\/\/www.univ-lorraine.fr\/orientation-insertion-professionnelle\/wp-json\/wp\/v2\/categories?post=2719"},{"taxonomy":"post_tag","embeddable":true,"href":"https:\/\/www.univ-lorraine.fr\/orientation-insertion-professionnelle\/wp-json\/wp\/v2\/tags?post=2719"}],"curies":[{"name":"wp","href":"https:\/\/api.w.org\/{rel}","templated":true}]}}