{"id":2734,"date":"2021-10-28T09:55:36","date_gmt":"2021-10-28T07:55:36","guid":{"rendered":"https:\/\/www.univ-lorraine.fr\/orientation-insertion-professionnelle\/?page_id=2734"},"modified":"2022-09-19T17:29:10","modified_gmt":"2022-09-19T15:29:10","slug":"votre-comportement-videos","status":"publish","type":"page","link":"https:\/\/www.univ-lorraine.fr\/orientation-insertion-professionnelle\/ressources\/stage-emploi-et-alternance\/lentretien-de-recrutement\/votre-comportement-videos\/","title":{"rendered":"Votre comportement (vid\u00e9os)"},"content":{"rendered":"<div class=\"gb-container gb-container-bde086f2\"><div class=\"gb-inside-container\">\n\n<div class=\"wp-block-pb-accordion-item c-accordion__item js-accordion-item no-js\" data-initially-open=\"false\" data-click-to-close=\"true\" data-auto-close=\"true\" data-scroll=\"false\" data-scroll-offset=\"0\"><h2 id=\"at-27340\" class=\"c-accordion__title js-accordion-controller\" role=\"button\"><a href=\"http:\/\/platine.univ-lorraine.fr\/#panel-4657-0\">Arriv\u00e9e dans l&rsquo;entreprise<\/a><\/h2><div id=\"ac-27340\" class=\"c-accordion__content\"><div class=\"gb-container gb-container-2df4036a\"><div class=\"gb-inside-container\">\n\n<p>Vous arrivez \u00e0 votre rendez-vous pour un entretien. Comment vous comportez-vous ?<\/p>\n\n\n\n<p>Quatre situations en image&#8230;<\/p>\n\n\n<div class=\"gb-container gb-container-1a92c2a6\"><div class=\"gb-inside-container\">\n<div class=\"gb-grid-wrapper gb-grid-wrapper-38d02af8\">\n<div class=\"gb-grid-column gb-grid-column-d9c42351\"><div class=\"gb-container gb-container-d9c42351\"><div class=\"gb-inside-container\">\n\n<h4 class=\"has-text-align-center wp-block-heading\">\u00ab\u00a0Le sceptique\u00a0\u00bb<\/h4>\n\n\n\n<p class=\"has-text-align-center\">Quentin doute du bien-fond\u00e9 de sa candidature<\/p>\n\n\n\n<figure class=\"wp-block-video\"><video height=\"300\" style=\"aspect-ratio: 400 \/ 300;\" width=\"400\" controls poster=\"https:\/\/www.univ-lorraine.fr\/orientation-insertion-professionnelle\/wp-content\/uploads\/sites\/7\/2021\/10\/arr1.jpg\" src=\"https:\/\/www.univ-lorraine.fr\/orientation-insertion-professionnelle\/wp-content\/uploads\/sites\/7\/2021\/10\/Arrivee1.mp4\"><\/video><\/figure>\n\n\n\n<p><em>Le pas est lent, peu assur\u00e9. Le buste est pench\u00e9 vers l&rsquo;avant. Les bras sont ballants. Il s&rsquo;arr\u00eate, h\u00e9sitant.<\/em><\/p>\n\n\n\n<p><em>Oh l\u00e0 l\u00e0, mais pourquoi est-ce que j&rsquo;ai pos\u00e9 ma candidature pour ce poste ? Ca ne me convient pas du tout\u2026\u00a0\u00bb<\/em><\/p>\n\n\n\n<p><em>Il dit merci du bout des l\u00e8vres.<\/em><\/p>\n\n\n\n<p><em>Il frappe sans conviction \u00e0 la porte.<\/em><\/p>\n\n\n\n<p><em>Visiblement, il doute toujours de sa candidature.<\/em><\/p>\n\n<\/div><\/div><\/div>\n\n<div class=\"gb-grid-column gb-grid-column-008fe5a2\"><div class=\"gb-container gb-container-008fe5a2\"><div class=\"gb-inside-container\">\n\n<h4 class=\"has-text-align-center wp-block-heading\">\u00ab\u00a0Le r\u00e9solu\u00a0\u00bb<\/h4>\n\n\n\n<p class=\"has-text-align-center\">Quentin est positif. Cela se traduit par une allure dynamique<\/p>\n\n\n\n<figure class=\"wp-block-video\"><video height=\"300\" style=\"aspect-ratio: 400 \/ 300;\" width=\"400\" controls poster=\"https:\/\/www.univ-lorraine.fr\/orientation-insertion-professionnelle\/wp-content\/uploads\/sites\/7\/2021\/10\/arr2.jpg\" src=\"https:\/\/www.univ-lorraine.fr\/orientation-insertion-professionnelle\/wp-content\/uploads\/sites\/7\/2021\/10\/Arrivee2.mp4\"><\/video><\/figure>\n\n\n\n<p><em>Il se tient droit, les bras rythment la d\u00e9marche. Il a la t\u00eate haute. Il a l&rsquo;air bien dans sa peau.<\/em><\/p>\n\n\n\n<p><em>\u00ab\u00a0Quelle chance cet entretien ! C&rsquo;est vraiment le job que je cherchais\u2026\u00a0\u00bb<\/em><\/p>\n\n\n\n<p><em>Il se dirige vers la secr\u00e9taire d&rsquo;un pas volontaire.<\/em><\/p>\n\n\n\n<p><em>Il frappe de fa\u00e7on \u00e9nergique \u00e0 la porte.<\/em><\/p>\n\n<\/div><\/div><\/div>\n\n<div class=\"gb-grid-column gb-grid-column-fdcdeb2f\"><div class=\"gb-container gb-container-fdcdeb2f\"><div class=\"gb-inside-container\">\n\n<h4 class=\"has-text-align-center wp-block-heading\">\u00ab\u00a0Le fonceur\u00a0\u00bb<\/h4>\n\n\n\n<p class=\"has-text-align-center\">Enfin un entretien ! Depuis le temps que je cherche\u2026 Je ne suis pas s\u00fbr que \u00e7a me convienne vraiment mais j&rsquo;y vais. On verra bien !<\/p>\n\n\n\n<figure class=\"wp-block-video\"><video height=\"300\" style=\"aspect-ratio: 400 \/ 300;\" width=\"400\" controls poster=\"https:\/\/www.univ-lorraine.fr\/orientation-insertion-professionnelle\/wp-content\/uploads\/sites\/7\/2021\/10\/arr3.jpg\" src=\"https:\/\/www.univ-lorraine.fr\/orientation-insertion-professionnelle\/wp-content\/uploads\/sites\/7\/2021\/10\/Arrivee3.mp4\"><\/video><\/figure>\n\n\n\n<p><em>L&rsquo;allure de Quentin est trop speed et trop cr\u00e2neuse pour la circonstance. Du coup, il donne l&rsquo;impression de se h\u00e2ter et d&rsquo;\u00eatre en retard. Il en fait trop !<\/em><\/p>\n\n\n\n<p><em>Il fonce vers la secr\u00e9taire. Son attitude est agressive, particuli\u00e8rement dans sa fa\u00e7on de s&rsquo;\u00e9chouer sur la banque d&rsquo;accueil. La distance de r\u00e9serve n&rsquo;est pas observ\u00e9e. Il ne s&rsquo;adresse pas \u00e0 un bureau des r\u00e9clamations !<\/em><\/p>\n\n<\/div><\/div><\/div>\n\n<div class=\"gb-grid-column gb-grid-column-adf81dbd\"><div class=\"gb-container gb-container-adf81dbd\"><div class=\"gb-inside-container\">\n\n<h4 class=\"has-text-align-center wp-block-heading\">\u00ab\u00a0L&rsquo;anxieux\u00a0\u00bb<\/h4>\n\n\n\n<p class=\"has-text-align-center\">Quentin h\u00e9site \u00e0 entrer. Il s&rsquo;assure \u00e0 2 reprises d&rsquo;\u00eatre \u00e0 la bonne adresse. Son manque d&rsquo;assurance saute aux yeux<\/p>\n\n\n\n<figure class=\"wp-block-video\"><video height=\"300\" style=\"aspect-ratio: 400 \/ 300;\" width=\"400\" controls poster=\"https:\/\/www.univ-lorraine.fr\/orientation-insertion-professionnelle\/wp-content\/uploads\/sites\/7\/2021\/10\/arr4.jpg\" src=\"https:\/\/www.univ-lorraine.fr\/orientation-insertion-professionnelle\/wp-content\/uploads\/sites\/7\/2021\/10\/Arrivee4.mp4\"><\/video><\/figure>\n\n\n\n<p><em>J&rsquo;y vais mais c&rsquo;est perdu d&rsquo;avance. Il n&rsquo;y aura pas de suite, comme d&rsquo;hab\u2026\u00a0\u00bb<\/em><\/p>\n\n\n\n<p><em>Il tr\u00e9buche dans l&rsquo;escalier puis rencontre des difficult\u00e9s avec la porte, ce qui renforce encore son embarras.<\/em><\/p>\n\n\n\n<p><em>Du coup, il se dirige sans aucun \u00e9lan vers la secr\u00e9taire.<\/em><\/p>\n\n\n\n<p><em>Derni\u00e8re&nbsp; maladresse : il n&rsquo; a pas m\u00e9moris\u00e9 le nom du recruteur et doit consulter sa convocation.<\/em><\/p>\n\n<\/div><\/div><\/div>\n<\/div>\n<\/div><\/div>\n<\/div><\/div><\/div><\/div>\n\n\n\n<div class=\"wp-block-pb-accordion-item c-accordion__item js-accordion-item no-js\" data-initially-open=\"false\" data-click-to-close=\"true\" data-auto-close=\"true\" data-scroll=\"false\" data-scroll-offset=\"0\"><h2 id=\"at-27341\" class=\"c-accordion__title js-accordion-controller\" role=\"button\"><a href=\"http:\/\/platine.univ-lorraine.fr\/#panel-4654-0\">Comportement \u00e0 la prise de contact<\/a><\/h2><div id=\"ac-27341\" class=\"c-accordion__content\"><div class=\"gb-container gb-container-f185acea\"><div class=\"gb-inside-container\">\n\n<h4 class=\"wp-block-heading\">\u00ab\u00a0Un exemple \u00e0 ne pas suivre&#8230;\u00a0\u00bb<\/h4>\n\n\n\n<p>Quentin tourne les pages de sa revue beaucoup trop vite pour qu&rsquo;il ait vraiment l&rsquo;air de s&rsquo;y int\u00e9resser. Stress\u00e9 ?<\/p>\n\n\n\n<figure class=\"wp-block-video\"><video height=\"300\" style=\"aspect-ratio: 400 \/ 300;\" width=\"400\" controls poster=\"https:\/\/www.univ-lorraine.fr\/orientation-insertion-professionnelle\/wp-content\/uploads\/sites\/7\/2021\/10\/salledattente.jpg\" src=\"https:\/\/www.univ-lorraine.fr\/orientation-insertion-professionnelle\/wp-content\/uploads\/sites\/7\/2021\/10\/Salle-Attente-1.mp4\"><\/video><\/figure>\n\n\n\n<p><em>L\u00e0, il en fait vraiment trop : il se l\u00e8ve d&rsquo;un bond, tend le premier la main, serre trop longuement celle du recruteur qui se d\u00e9gage, interloqu\u00e9.<\/em><\/p>\n\n\n\n<p><em>Ce n&rsquo;est pas la meilleure fa\u00e7on de cacher son anxi\u00e9t\u00e9\u2026<\/em><\/p>\n\n\n\n<p><em>Sans g\u00eane, il passe devant le recruteur stup\u00e9fait pour se diriger vers le bureau, sans que celui-ci l&rsquo;y ait invit\u00e9. C&rsquo;est un comportement impoli.<\/em><\/p>\n\n<\/div><\/div><\/div><\/div>\n\n\n\n<div class=\"wp-block-pb-accordion-item c-accordion__item js-accordion-item no-js\" data-initially-open=\"false\" data-click-to-close=\"true\" data-auto-close=\"true\" data-scroll=\"false\" data-scroll-offset=\"0\"><h2 id=\"at-27342\" class=\"c-accordion__title js-accordion-controller\" role=\"button\"><a href=\"http:\/\/platine.univ-lorraine.fr\/#panel-4658-0\">D\u00e9but de l&rsquo;entretien<\/a><\/h2><div id=\"ac-27342\" class=\"c-accordion__content\"><div class=\"gb-container gb-container-f956448b\"><div class=\"gb-inside-container\">\n\n<p>Quel comportement adoptez-vous si le recruteur ne s&rsquo;interrompt pas pour vous recevoir ?<\/p>\n\n\n\n<ul class=\"wp-block-list\"><li>Attitude 1 Vous attendez patiemment qu&rsquo;il vous invite \u00e0 vous asseoir sans oser l&rsquo;interrompre<\/li><li>Attitude 2 Vous vous asseyez en douce<\/li><li>Attitude 3 Vous lui demandez poliment la permission de vous asseoir<\/li><\/ul>\n\n\n\n<p>Quelle attitude choisissez-vous parmi nos sayn\u00e8tes ?<\/p>\n\n\n<div class=\"gb-container gb-container-2a2fa514\"><div class=\"gb-inside-container\">\n<div class=\"gb-grid-wrapper gb-grid-wrapper-6e6ff3fb\">\n<div class=\"gb-grid-column gb-grid-column-cde4559c\"><div class=\"gb-container gb-container-cde4559c\"><div class=\"gb-inside-container\">\n\n<figure class=\"wp-block-video\"><video height=\"300\" style=\"aspect-ratio: 400 \/ 300;\" width=\"400\" controls poster=\"https:\/\/www.univ-lorraine.fr\/orientation-insertion-professionnelle\/wp-content\/uploads\/sites\/7\/2021\/10\/restedebout.jpg\" src=\"https:\/\/www.univ-lorraine.fr\/orientation-insertion-professionnelle\/wp-content\/uploads\/sites\/7\/2021\/10\/Restedebout-2.mp4\"><\/video><\/figure>\n\n\n\n<p class=\"has-text-align-center\"><em>Quentin n&rsquo;ose pas interrompre Madame X et reste debout<\/em><\/p>\n\n<\/div><\/div><\/div>\n\n<div class=\"gb-grid-column gb-grid-column-45a9d0c1\"><div class=\"gb-container gb-container-45a9d0c1\"><div class=\"gb-inside-container\">\n\n<figure class=\"wp-block-video\"><video height=\"300\" style=\"aspect-ratio: 400 \/ 300;\" width=\"400\" controls poster=\"https:\/\/www.univ-lorraine.fr\/orientation-insertion-professionnelle\/wp-content\/uploads\/sites\/7\/2021\/10\/sasseoit.jpg\" src=\"https:\/\/www.univ-lorraine.fr\/orientation-insertion-professionnelle\/wp-content\/uploads\/sites\/7\/2021\/10\/Sasseoit-3.mp4\"><\/video><\/figure>\n\n\n\n<p class=\"has-text-align-center\"><em>Isabelle, lasse d&rsquo;attendre, s&rsquo;assoit sans rien dire<\/em><\/p>\n\n<\/div><\/div><\/div>\n\n<div class=\"gb-grid-column gb-grid-column-3cb8c70b\"><div class=\"gb-container gb-container-3cb8c70b\"><div class=\"gb-inside-container\">\n\n<figure class=\"wp-block-video\"><video height=\"300\" style=\"aspect-ratio: 400 \/ 300;\" width=\"400\" controls poster=\"https:\/\/www.univ-lorraine.fr\/orientation-insertion-professionnelle\/wp-content\/uploads\/sites\/7\/2021\/10\/interrompt.jpg\" src=\"https:\/\/www.univ-lorraine.fr\/orientation-insertion-professionnelle\/wp-content\/uploads\/sites\/7\/2021\/10\/Interrompt-1-1.mp4\"><\/video><\/figure>\n\n\n\n<p class=\"has-text-align-center\"><em>Isabelle demande poliment si elle peut s&rsquo;asseoir<\/em><\/p>\n\n<\/div><\/div><\/div>\n<\/div>\n<\/div><\/div>\n<\/div><\/div><\/div><\/div>\n\n\n\n<div class=\"wp-block-pb-accordion-item c-accordion__item js-accordion-item no-js\" data-initially-open=\"false\" data-click-to-close=\"true\" data-auto-close=\"true\" data-scroll=\"false\" data-scroll-offset=\"0\"><h2 id=\"at-27343\" class=\"c-accordion__title js-accordion-controller\" role=\"button\"><strong>Fin de l&rsquo;entretien<\/strong><\/h2><div id=\"ac-27343\" class=\"c-accordion__content\">\n<p>Vous \u00eates observ\u00e9 jusqu&rsquo;\u00e0 la fin de l&rsquo;entretien et m\u00eame lorsque vous prenez cong\u00e9.<\/p>\n\n\n\n<p>Alors ne suivez pas l&rsquo;exemple de Quentin !<\/p>\n\n\n\n<figure class=\"wp-block-video\"><video height=\"300\" style=\"aspect-ratio: 400 \/ 300;\" width=\"400\" controls poster=\"https:\/\/www.univ-lorraine.fr\/orientation-insertion-professionnelle\/wp-content\/uploads\/sites\/7\/2021\/10\/fin_entretien.jpg\" src=\"https:\/\/www.univ-lorraine.fr\/orientation-insertion-professionnelle\/wp-content\/uploads\/sites\/7\/2021\/10\/Fin-Entretien-Quentin-1.mp4\"><\/video><\/figure>\n<\/div><\/div>\n\n<\/div><\/div>","protected":false},"excerpt":{"rendered":"","protected":false},"author":72,"featured_media":0,"parent":2202,"menu_order":0,"comment_status":"closed","ping_status":"closed","template":"","meta":{"inline_featured_image":false,"footnotes":""},"categories":[17,15],"tags":[],"class_list":{"0":"post-2734","1":"page","2":"type-page","3":"status-publish","5":"category-conseils","6":"category-insertion-professionnelle"},"yoast_head":"<!-- This site is optimized with the Yoast SEO plugin v27.4 - https:\/\/yoast.com\/product\/yoast-seo-wordpress\/ -->\n<title>Votre comportement (vid\u00e9os) - Orientation et insertion professionnelle<\/title>\n<meta name=\"robots\" content=\"index, follow, max-snippet:-1, max-image-preview:large, max-video-preview:-1\" \/>\n<link rel=\"canonical\" href=\"https:\/\/www.univ-lorraine.fr\/orientation-insertion-professionnelle\/ressources\/stage-emploi-et-alternance\/lentretien-de-recrutement\/votre-comportement-videos\/\" \/>\n<meta property=\"og:locale\" content=\"fr_FR\" \/>\n<meta property=\"og:type\" content=\"article\" \/>\n<meta property=\"og:title\" content=\"Votre comportement (vid\u00e9os) - Orientation et insertion professionnelle\" \/>\n<meta property=\"og:url\" content=\"https:\/\/www.univ-lorraine.fr\/orientation-insertion-professionnelle\/ressources\/stage-emploi-et-alternance\/lentretien-de-recrutement\/votre-comportement-videos\/\" \/>\n<meta property=\"og:site_name\" content=\"Orientation et insertion professionnelle\" \/>\n<meta property=\"article:modified_time\" content=\"2022-09-19T15:29:10+00:00\" \/>\n<meta name=\"twitter:card\" content=\"summary_large_image\" \/>\n<meta name=\"twitter:label1\" content=\"Dur\u00e9e de lecture estim\u00e9e\" \/>\n\t<meta name=\"twitter:data1\" content=\"3 minutes\" \/>\n<script type=\"application\/ld+json\" class=\"yoast-schema-graph\">{\"@context\":\"https:\\\/\\\/schema.org\",\"@graph\":[{\"@type\":\"WebPage\",\"@id\":\"https:\\\/\\\/www.univ-lorraine.fr\\\/orientation-insertion-professionnelle\\\/ressources\\\/stage-emploi-et-alternance\\\/lentretien-de-recrutement\\\/votre-comportement-videos\\\/\",\"url\":\"https:\\\/\\\/www.univ-lorraine.fr\\\/orientation-insertion-professionnelle\\\/ressources\\\/stage-emploi-et-alternance\\\/lentretien-de-recrutement\\\/votre-comportement-videos\\\/\",\"name\":\"Votre comportement (vid\u00e9os) - Orientation et insertion professionnelle\",\"isPartOf\":{\"@id\":\"https:\\\/\\\/www.univ-lorraine.fr\\\/orientation-insertion-professionnelle\\\/#website\"},\"datePublished\":\"2021-10-28T07:55:36+00:00\",\"dateModified\":\"2022-09-19T15:29:10+00:00\",\"breadcrumb\":{\"@id\":\"https:\\\/\\\/www.univ-lorraine.fr\\\/orientation-insertion-professionnelle\\\/ressources\\\/stage-emploi-et-alternance\\\/lentretien-de-recrutement\\\/votre-comportement-videos\\\/#breadcrumb\"},\"inLanguage\":\"fr-FR\",\"potentialAction\":[{\"@type\":\"ReadAction\",\"target\":[\"https:\\\/\\\/www.univ-lorraine.fr\\\/orientation-insertion-professionnelle\\\/ressources\\\/stage-emploi-et-alternance\\\/lentretien-de-recrutement\\\/votre-comportement-videos\\\/\"]}]},{\"@type\":\"BreadcrumbList\",\"@id\":\"https:\\\/\\\/www.univ-lorraine.fr\\\/orientation-insertion-professionnelle\\\/ressources\\\/stage-emploi-et-alternance\\\/lentretien-de-recrutement\\\/votre-comportement-videos\\\/#breadcrumb\",\"itemListElement\":[{\"@type\":\"ListItem\",\"position\":1,\"name\":\"Accueil\",\"item\":\"https:\\\/\\\/www.univ-lorraine.fr\\\/orientation-insertion-professionnelle\\\/\"},{\"@type\":\"ListItem\",\"position\":2,\"name\":\"Ressources\",\"item\":\"https:\\\/\\\/www.univ-lorraine.fr\\\/orientation-insertion-professionnelle\\\/ressources\\\/\"},{\"@type\":\"ListItem\",\"position\":3,\"name\":\"Stage, emploi et alternance\",\"item\":\"https:\\\/\\\/www.univ-lorraine.fr\\\/orientation-insertion-professionnelle\\\/ressources\\\/stage-emploi-et-alternance\\\/\"},{\"@type\":\"ListItem\",\"position\":4,\"name\":\"L&rsquo;entretien de recrutement\",\"item\":\"https:\\\/\\\/www.univ-lorraine.fr\\\/orientation-insertion-professionnelle\\\/ressources\\\/stage-emploi-et-alternance\\\/lentretien-de-recrutement\\\/\"},{\"@type\":\"ListItem\",\"position\":5,\"name\":\"Votre comportement (vid\u00e9os)\"}]},{\"@type\":\"WebSite\",\"@id\":\"https:\\\/\\\/www.univ-lorraine.fr\\\/orientation-insertion-professionnelle\\\/#website\",\"url\":\"https:\\\/\\\/www.univ-lorraine.fr\\\/orientation-insertion-professionnelle\\\/\",\"name\":\"Orientation et insertion professionnelle\",\"description\":\"\",\"publisher\":{\"@id\":\"https:\\\/\\\/www.univ-lorraine.fr\\\/orientation-insertion-professionnelle\\\/#organization\"},\"potentialAction\":[{\"@type\":\"SearchAction\",\"target\":{\"@type\":\"EntryPoint\",\"urlTemplate\":\"https:\\\/\\\/www.univ-lorraine.fr\\\/orientation-insertion-professionnelle\\\/?s={search_term_string}\"},\"query-input\":{\"@type\":\"PropertyValueSpecification\",\"valueRequired\":true,\"valueName\":\"search_term_string\"}}],\"inLanguage\":\"fr-FR\"},{\"@type\":\"Organization\",\"@id\":\"https:\\\/\\\/www.univ-lorraine.fr\\\/orientation-insertion-professionnelle\\\/#organization\",\"name\":\"Universit\u00e9 de Lorraine\",\"url\":\"https:\\\/\\\/www.univ-lorraine.fr\\\/orientation-insertion-professionnelle\\\/\",\"logo\":{\"@type\":\"ImageObject\",\"inLanguage\":\"fr-FR\",\"@id\":\"https:\\\/\\\/www.univ-lorraine.fr\\\/orientation-insertion-professionnelle\\\/#\\\/schema\\\/logo\\\/image\\\/\",\"url\":\"https:\\\/\\\/www.univ-lorraine.fr\\\/orientation-insertion-professionnelle\\\/wp-content\\\/uploads\\\/sites\\\/7\\\/2023\\\/04\\\/logo_siteweb2_Plan-de-travail-1.png\",\"contentUrl\":\"https:\\\/\\\/www.univ-lorraine.fr\\\/orientation-insertion-professionnelle\\\/wp-content\\\/uploads\\\/sites\\\/7\\\/2023\\\/04\\\/logo_siteweb2_Plan-de-travail-1.png\",\"width\":852,\"height\":492,\"caption\":\"Universit\u00e9 de Lorraine\"},\"image\":{\"@id\":\"https:\\\/\\\/www.univ-lorraine.fr\\\/orientation-insertion-professionnelle\\\/#\\\/schema\\\/logo\\\/image\\\/\"}}]}<\/script>\n<!-- \/ Yoast SEO plugin. -->","yoast_head_json":{"title":"Votre comportement (vid\u00e9os) - Orientation et insertion professionnelle","robots":{"index":"index","follow":"follow","max-snippet":"max-snippet:-1","max-image-preview":"max-image-preview:large","max-video-preview":"max-video-preview:-1"},"canonical":"https:\/\/www.univ-lorraine.fr\/orientation-insertion-professionnelle\/ressources\/stage-emploi-et-alternance\/lentretien-de-recrutement\/votre-comportement-videos\/","og_locale":"fr_FR","og_type":"article","og_title":"Votre comportement (vid\u00e9os) - Orientation et insertion professionnelle","og_url":"https:\/\/www.univ-lorraine.fr\/orientation-insertion-professionnelle\/ressources\/stage-emploi-et-alternance\/lentretien-de-recrutement\/votre-comportement-videos\/","og_site_name":"Orientation et insertion professionnelle","article_modified_time":"2022-09-19T15:29:10+00:00","twitter_card":"summary_large_image","twitter_misc":{"Dur\u00e9e de lecture estim\u00e9e":"3 minutes"},"schema":{"@context":"https:\/\/schema.org","@graph":[{"@type":"WebPage","@id":"https:\/\/www.univ-lorraine.fr\/orientation-insertion-professionnelle\/ressources\/stage-emploi-et-alternance\/lentretien-de-recrutement\/votre-comportement-videos\/","url":"https:\/\/www.univ-lorraine.fr\/orientation-insertion-professionnelle\/ressources\/stage-emploi-et-alternance\/lentretien-de-recrutement\/votre-comportement-videos\/","name":"Votre comportement (vid\u00e9os) - Orientation et insertion professionnelle","isPartOf":{"@id":"https:\/\/www.univ-lorraine.fr\/orientation-insertion-professionnelle\/#website"},"datePublished":"2021-10-28T07:55:36+00:00","dateModified":"2022-09-19T15:29:10+00:00","breadcrumb":{"@id":"https:\/\/www.univ-lorraine.fr\/orientation-insertion-professionnelle\/ressources\/stage-emploi-et-alternance\/lentretien-de-recrutement\/votre-comportement-videos\/#breadcrumb"},"inLanguage":"fr-FR","potentialAction":[{"@type":"ReadAction","target":["https:\/\/www.univ-lorraine.fr\/orientation-insertion-professionnelle\/ressources\/stage-emploi-et-alternance\/lentretien-de-recrutement\/votre-comportement-videos\/"]}]},{"@type":"BreadcrumbList","@id":"https:\/\/www.univ-lorraine.fr\/orientation-insertion-professionnelle\/ressources\/stage-emploi-et-alternance\/lentretien-de-recrutement\/votre-comportement-videos\/#breadcrumb","itemListElement":[{"@type":"ListItem","position":1,"name":"Accueil","item":"https:\/\/www.univ-lorraine.fr\/orientation-insertion-professionnelle\/"},{"@type":"ListItem","position":2,"name":"Ressources","item":"https:\/\/www.univ-lorraine.fr\/orientation-insertion-professionnelle\/ressources\/"},{"@type":"ListItem","position":3,"name":"Stage, emploi et alternance","item":"https:\/\/www.univ-lorraine.fr\/orientation-insertion-professionnelle\/ressources\/stage-emploi-et-alternance\/"},{"@type":"ListItem","position":4,"name":"L&rsquo;entretien de recrutement","item":"https:\/\/www.univ-lorraine.fr\/orientation-insertion-professionnelle\/ressources\/stage-emploi-et-alternance\/lentretien-de-recrutement\/"},{"@type":"ListItem","position":5,"name":"Votre comportement (vid\u00e9os)"}]},{"@type":"WebSite","@id":"https:\/\/www.univ-lorraine.fr\/orientation-insertion-professionnelle\/#website","url":"https:\/\/www.univ-lorraine.fr\/orientation-insertion-professionnelle\/","name":"Orientation et insertion professionnelle","description":"","publisher":{"@id":"https:\/\/www.univ-lorraine.fr\/orientation-insertion-professionnelle\/#organization"},"potentialAction":[{"@type":"SearchAction","target":{"@type":"EntryPoint","urlTemplate":"https:\/\/www.univ-lorraine.fr\/orientation-insertion-professionnelle\/?s={search_term_string}"},"query-input":{"@type":"PropertyValueSpecification","valueRequired":true,"valueName":"search_term_string"}}],"inLanguage":"fr-FR"},{"@type":"Organization","@id":"https:\/\/www.univ-lorraine.fr\/orientation-insertion-professionnelle\/#organization","name":"Universit\u00e9 de Lorraine","url":"https:\/\/www.univ-lorraine.fr\/orientation-insertion-professionnelle\/","logo":{"@type":"ImageObject","inLanguage":"fr-FR","@id":"https:\/\/www.univ-lorraine.fr\/orientation-insertion-professionnelle\/#\/schema\/logo\/image\/","url":"https:\/\/www.univ-lorraine.fr\/orientation-insertion-professionnelle\/wp-content\/uploads\/sites\/7\/2023\/04\/logo_siteweb2_Plan-de-travail-1.png","contentUrl":"https:\/\/www.univ-lorraine.fr\/orientation-insertion-professionnelle\/wp-content\/uploads\/sites\/7\/2023\/04\/logo_siteweb2_Plan-de-travail-1.png","width":852,"height":492,"caption":"Universit\u00e9 de Lorraine"},"image":{"@id":"https:\/\/www.univ-lorraine.fr\/orientation-insertion-professionnelle\/#\/schema\/logo\/image\/"}}]}},"_links":{"self":[{"href":"https:\/\/www.univ-lorraine.fr\/orientation-insertion-professionnelle\/wp-json\/wp\/v2\/pages\/2734","targetHints":{"allow":["GET"]}}],"collection":[{"href":"https:\/\/www.univ-lorraine.fr\/orientation-insertion-professionnelle\/wp-json\/wp\/v2\/pages"}],"about":[{"href":"https:\/\/www.univ-lorraine.fr\/orientation-insertion-professionnelle\/wp-json\/wp\/v2\/types\/page"}],"author":[{"embeddable":true,"href":"https:\/\/www.univ-lorraine.fr\/orientation-insertion-professionnelle\/wp-json\/wp\/v2\/users\/72"}],"replies":[{"embeddable":true,"href":"https:\/\/www.univ-lorraine.fr\/orientation-insertion-professionnelle\/wp-json\/wp\/v2\/comments?post=2734"}],"version-history":[{"count":8,"href":"https:\/\/www.univ-lorraine.fr\/orientation-insertion-professionnelle\/wp-json\/wp\/v2\/pages\/2734\/revisions"}],"predecessor-version":[{"id":2922,"href":"https:\/\/www.univ-lorraine.fr\/orientation-insertion-professionnelle\/wp-json\/wp\/v2\/pages\/2734\/revisions\/2922"}],"up":[{"embeddable":true,"href":"https:\/\/www.univ-lorraine.fr\/orientation-insertion-professionnelle\/wp-json\/wp\/v2\/pages\/2202"}],"wp:attachment":[{"href":"https:\/\/www.univ-lorraine.fr\/orientation-insertion-professionnelle\/wp-json\/wp\/v2\/media?parent=2734"}],"wp:term":[{"taxonomy":"category","embeddable":true,"href":"https:\/\/www.univ-lorraine.fr\/orientation-insertion-professionnelle\/wp-json\/wp\/v2\/categories?post=2734"},{"taxonomy":"post_tag","embeddable":true,"href":"https:\/\/www.univ-lorraine.fr\/orientation-insertion-professionnelle\/wp-json\/wp\/v2\/tags?post=2734"}],"curies":[{"name":"wp","href":"https:\/\/api.w.org\/{rel}","templated":true}]}}