{"id":463,"date":"2021-03-23T09:37:32","date_gmt":"2021-03-23T08:37:32","guid":{"rendered":"https:\/\/www.univ-lorraine.fr\/orientation-insertion-professionnelle\/?page_id=463"},"modified":"2026-03-04T17:17:05","modified_gmt":"2026-03-04T16:17:05","slug":"salarie-demandeur-demploi","status":"publish","type":"page","link":"https:\/\/www.univ-lorraine.fr\/orientation-insertion-professionnelle\/salarie-demandeur-demploi\/","title":{"rendered":"Vous \u00eates un\u00b7e salari\u00e9\u00b7e en activit\u00e9, ind\u00e9pendant\u00b7e ou en recherche d&#8217;emploi"},"content":{"rendered":"<div class=\"gb-grid-wrapper gb-grid-wrapper-0345e15a\">\n<div class=\"gb-grid-column gb-grid-column-91874b32\"><div class=\"gb-container gb-container-91874b32\"><div class=\"gb-inside-container\">\n\n<figure class=\"wp-block-image size-full is-resized\"><img loading=\"lazy\" decoding=\"async\" width=\"500\" height=\"500\" src=\"https:\/\/www.univ-lorraine.fr\/orientation-insertion-professionnelle\/wp-content\/uploads\/sites\/7\/2023\/07\/salarie.png\" alt=\"\" class=\"wp-image-10131\" style=\"width:341px;height:auto\" srcset=\"https:\/\/www.univ-lorraine.fr\/orientation-insertion-professionnelle\/wp-content\/uploads\/sites\/7\/2023\/07\/salarie.png 500w, https:\/\/www.univ-lorraine.fr\/orientation-insertion-professionnelle\/wp-content\/uploads\/sites\/7\/2023\/07\/salarie-300x300.png 300w, https:\/\/www.univ-lorraine.fr\/orientation-insertion-professionnelle\/wp-content\/uploads\/sites\/7\/2023\/07\/salarie-150x150.png 150w\" sizes=\"auto, (max-width: 500px) 100vw, 500px\" \/><\/figure>\n\n<\/div><\/div><\/div>\n\n<div class=\"gb-grid-column gb-grid-column-99078bc6\"><div class=\"gb-container gb-container-99078bc6\"><div class=\"gb-inside-container\">\n\n<p style=\"font-size:25px\">Vous souhaitez&nbsp;:<\/p>\n\n\n\n<ul class=\"wp-block-list\">\n<li style=\"font-size:25px\">reprendre des \u00e9tudes,<\/li>\n\n\n\n<li style=\"font-size:25px\">approfondir vos connaissances,<\/li>\n\n\n\n<li style=\"font-size:25px\">d\u00e9velopper vos comp\u00e9tences, ou en acqu\u00e9rir de nouvelles,<\/li>\n\n\n\n<li style=\"font-size:25px\">faire reconna\u00eetre vos acquis.<\/li>\n<\/ul>\n\n<\/div><\/div><\/div>\n<\/div>\n\n\n<h2 class=\"wp-block-heading\" id=\"le-soip-vous-propose\">Le SOIP vous propose :<\/h2>\n\n\n<div class=\"gb-grid-wrapper gb-grid-wrapper-69888757\">\n<div class=\"gb-grid-column gb-grid-column-dad86128\"><div class=\"gb-container gb-container-dad86128\">\n\n<h3 class=\"gb-headline gb-headline-9e7be4ae\"><span class=\"gb-icon\"><svg id=\"Calque_2\" data-name=\"Calque 2\" xmlns=\"http:\/\/www.w3.org\/2000\/svg\" viewBox=\"0 0 164.79 350.35\">   <defs>     <style>       .cls-1 {         fill: #fff;       }     <\/style>   <\/defs>   <g id=\"Calque_1-2\" data-name=\"Calque 1\">     <path class=\"cls-1\" d=\"m0,294.37c0-30.11,24.17-56.81,55.12-56.81,28.41,0,55.55,23.74,55.55,56.39,0,28.84-22.48,56.39-55.12,56.39-28.41,0-55.55-23.32-55.55-55.97Zm97.95-3.82c0-27.14-22.48-47.06-46.22-47.06-25.86,0-45.79,22.47-45.79,47.49,0,27.14,22.47,46.64,46.22,46.64,27.14,0,45.8-22.9,45.8-47.07ZM26.29,224.84c-4.24-.85-8.06-5.51-7.63-9.75L30.95,9.01C31.38,3.5,36.04-.74,41.55.11l115.33,17.81c5.51.85,8.91,5.94,7.63,11.45l-49.19,203.95c-1.27,4.67-5.94,8.06-10.6,7.21l-78.44-15.69ZM152.23,23.85L36.89,6.04l-12.3,206.07,78.44,15.69L152.23,23.85Z\"><\/path>   <\/g> <\/svg><\/span><span class=\"gb-headline-text\">DES Entretiens et conseils personnalis\u00e9s pour :<\/span><\/h3>\n\n\n\n<ul class=\"wp-block-list\">\n<li>vous informer sur l&rsquo;offre de formation de l&rsquo;Universit\u00e9 de Lorraine&nbsp;: dipl\u00f4mes nationaux, formations courtes, etc., du niveau bac au niveau bac+5&nbsp;;<\/li>\n\n\n\n<li>\u00e9tudier le parcours de formation le plus adapt\u00e9 \u00e0 votre demande et \u00e0 votre situation professionnelle et personnelle&nbsp;;<\/li>\n\n\n\n<li>examiner avec vous la possibilit\u00e9 de faire reconna\u00eetre vos acquis (\u00e9tudes, exp\u00e9rience)&nbsp;: VAPP, VAE, VES, etc. &nbsp;;<\/li>\n\n\n\n<li>vous guider dans les d\u00e9marches n\u00e9cessaires pour obtenir une allocation, une r\u00e9mun\u00e9ration ou un financement de formation.<\/li>\n<\/ul>\n\n\n\n<div class=\"wp-block-buttons is-content-justification-center is-layout-flex wp-container-core-buttons-is-layout-16018d1d wp-block-buttons-is-layout-flex\">\n<div class=\"wp-block-button\"><a class=\"wp-block-button__link has-small-font-size has-custom-font-size wp-element-button\" href=\"https:\/\/www.univ-lorraine.fr\/enseignements-et-formations\/formation-professionnelle-continue\/\" target=\"_blank\" rel=\"noreferrer noopener\">En savoir plus sur la formation professionnelle<br> \u00e0 l&rsquo;Universit\u00e9 de Lorraine<\/a><\/div>\n<\/div>\n\n<\/div><\/div>\n\n<div class=\"gb-grid-column gb-grid-column-5c641e87\"><div class=\"gb-container gb-container-5c641e87\">\n\n<h3 class=\"gb-headline gb-headline-826206f5 gb-headline-text\">Prendre RDV<\/h3>\n\n\n<div class=\"gb-container gb-container-f9473415\">\n\n<div class=\"wp-block-buttons is-content-justification-center is-layout-flex wp-container-core-buttons-is-layout-16018d1d wp-block-buttons-is-layout-flex\">\n<div class=\"wp-block-button\"><a class=\"wp-block-button__link has-text-align-center wp-element-button\" href=\"&#x6d;&#x61;&#105;&#108;t&#x6f;&#x3a;&#x66;&#111;&#114;m&#x61;&#x74;&#x69;&#111;&#110;p&#x72;&#x6f;&#x66;&#101;&#115;s&#x69;&#x6f;&#x6e;&#110;el&#x6c;&#x65;&#x2d;&#99;on&#x74;&#x61;&#99;&#116;&#64;u&#x6e;&#x69;&#118;&#45;lo&#x72;&#x72;&#97;&#105;n&#x65;&#x2e;&#x66;&#114;\" target=\"_blank\" rel=\"noreferrer noopener\">Par mail<\/a><\/div>\n<\/div>\n\n<\/div>\n\n\n<p class=\"has-text-align-center has-medium-font-size\"><strong>OU en t\u00e9l\u00e9phonant <\/strong>:<br><strong>\u00e0 Metz&nbsp;<\/strong><br><a href=\"tel:03 72 74 03 62\">03 72 74 03 62<\/a> <br><strong>\u00e0 Nancy<\/strong><br><strong> <\/strong><a href=\"tel:03 72 74 03 61\">03 72 74 03 61<\/a> <br><strong>\u00e0<\/strong> <strong>Vand\u0153uvre<\/strong><br><strong> <\/strong><a href=\"tel:03 72 74 03 69\">03 72 74 03 69<\/a><\/p>\n\n\n\n<div class=\"wp-block-buttons is-content-justification-center is-layout-flex wp-container-core-buttons-is-layout-16018d1d wp-block-buttons-is-layout-flex\">\n<div class=\"wp-block-button\"><a class=\"wp-block-button__link has-text-align-center wp-element-button\" href=\"https:\/\/www.univ-lorraine.fr\/orientation-insertion-professionnelle\/infos-pratiques\/\" style=\"border-radius:15px\" target=\"_blank\" rel=\"noreferrer noopener\">Coordonn\u00e9es et \u00e9quipe du SOIP<\/a><\/div>\n<\/div>\n\n<\/div><\/div>\n\n<div class=\"gb-grid-column gb-grid-column-33f89d21\"><div class=\"gb-container gb-container-33f89d21\">\n\n<h3 class=\"gb-headline gb-headline-a140c0d4 gb-headline-text\">Zoom sur &#8230;<\/h3>\n\n\n\n<p class=\"has-text-align-center\"><strong>Le Guide du candidat en formation professionnelle &#8211; \u00c9dition 2026<\/strong><\/p>\n\n\n\n<div data-wp-interactive=\"core\/file\" class=\"wp-block-file\"><object data-wp-bind--hidden=\"!state.hasPdfPreview\" hidden class=\"wp-block-file__embed\" data=\"https:\/\/www.univ-lorraine.fr\/orientation-insertion-professionnelle\/wp-content\/uploads\/sites\/7\/2026\/03\/guide-candidat-fc-ul-fevrier-2026.pdf\" type=\"application\/pdf\" style=\"width:100%;height:490px\" aria-label=\"Contenu embarqu\u00e9 Guide candidat FC UL f\u00e9vrier 2026.\"><\/object><a id=\"wp-block-file--media-ac56439b-7279-4de7-84e8-7d7453c4ed5c\" href=\"https:\/\/www.univ-lorraine.fr\/orientation-insertion-professionnelle\/wp-content\/uploads\/sites\/7\/2026\/03\/guide-candidat-fc-ul-fevrier-2026.pdf\">Guide candidat FC UL f\u00e9vrier 2026<\/a><\/div>\n\n\n\n<div class=\"wp-block-buttons is-content-justification-center is-layout-flex wp-container-core-buttons-is-layout-16018d1d wp-block-buttons-is-layout-flex\">\n<div class=\"wp-block-button\"><a class=\"wp-block-button__link wp-element-button\" href=\"https:\/\/www.univ-lorraine.fr\/orientation-insertion-professionnelle\/wp-content\/uploads\/sites\/7\/2025\/02\/guide-candidat-fc-ul-fevrier-2025.pdf\" target=\"_blank\" rel=\"noreferrer noopener\">T\u00e9l\u00e9charger le guide<\/a><\/div>\n<\/div>\n\n<\/div><\/div>\n<\/div>","protected":false},"excerpt":{"rendered":"<p>Le SOIP vous propose :<\/p>\n","protected":false},"author":30,"featured_media":0,"parent":0,"menu_order":0,"comment_status":"closed","ping_status":"closed","template":"","meta":{"inline_featured_image":false,"footnotes":""},"categories":[],"tags":[],"class_list":["post-463","page","type-page","status-publish"],"yoast_head":"<!-- This site is optimized with the Yoast SEO plugin v27.4 - https:\/\/yoast.com\/product\/yoast-seo-wordpress\/ -->\n<title>Vous \u00eates un\u00b7e salari\u00e9\u00b7e en activit\u00e9, ind\u00e9pendant\u00b7e ou en recherche d&#039;emploi - Orientation et insertion professionnelle<\/title>\n<meta name=\"robots\" content=\"index, follow, max-snippet:-1, max-image-preview:large, max-video-preview:-1\" \/>\n<link rel=\"canonical\" href=\"https:\/\/www.univ-lorraine.fr\/orientation-insertion-professionnelle\/salarie-demandeur-demploi\/\" \/>\n<meta property=\"og:locale\" content=\"fr_FR\" \/>\n<meta property=\"og:type\" content=\"article\" \/>\n<meta property=\"og:title\" content=\"Vous \u00eates un\u00b7e salari\u00e9\u00b7e en activit\u00e9, ind\u00e9pendant\u00b7e ou en recherche d&#039;emploi - Orientation et insertion professionnelle\" \/>\n<meta property=\"og:description\" content=\"Le SOIP vous propose :\" \/>\n<meta property=\"og:url\" content=\"https:\/\/www.univ-lorraine.fr\/orientation-insertion-professionnelle\/salarie-demandeur-demploi\/\" \/>\n<meta property=\"og:site_name\" content=\"Orientation et insertion professionnelle\" \/>\n<meta property=\"article:modified_time\" content=\"2026-03-04T16:17:05+00:00\" \/>\n<meta property=\"og:image\" content=\"https:\/\/www.univ-lorraine.fr\/orientation-insertion-professionnelle\/wp-content\/uploads\/sites\/7\/2023\/07\/salarie.png\" \/>\n\t<meta property=\"og:image:width\" content=\"500\" \/>\n\t<meta property=\"og:image:height\" content=\"500\" \/>\n\t<meta property=\"og:image:type\" content=\"image\/png\" \/>\n<meta name=\"twitter:card\" content=\"summary_large_image\" \/>\n<meta name=\"twitter:label1\" content=\"Dur\u00e9e de lecture estim\u00e9e\" \/>\n\t<meta name=\"twitter:data1\" content=\"2 minutes\" \/>\n<script type=\"application\/ld+json\" class=\"yoast-schema-graph\">{\"@context\":\"https:\\\/\\\/schema.org\",\"@graph\":[{\"@type\":\"WebPage\",\"@id\":\"https:\\\/\\\/www.univ-lorraine.fr\\\/orientation-insertion-professionnelle\\\/salarie-demandeur-demploi\\\/\",\"url\":\"https:\\\/\\\/www.univ-lorraine.fr\\\/orientation-insertion-professionnelle\\\/salarie-demandeur-demploi\\\/\",\"name\":\"Vous \u00eates un\u00b7e salari\u00e9\u00b7e en activit\u00e9, ind\u00e9pendant\u00b7e ou en recherche d'emploi - Orientation et insertion professionnelle\",\"isPartOf\":{\"@id\":\"https:\\\/\\\/www.univ-lorraine.fr\\\/orientation-insertion-professionnelle\\\/#website\"},\"primaryImageOfPage\":{\"@id\":\"https:\\\/\\\/www.univ-lorraine.fr\\\/orientation-insertion-professionnelle\\\/salarie-demandeur-demploi\\\/#primaryimage\"},\"image\":{\"@id\":\"https:\\\/\\\/www.univ-lorraine.fr\\\/orientation-insertion-professionnelle\\\/salarie-demandeur-demploi\\\/#primaryimage\"},\"thumbnailUrl\":\"https:\\\/\\\/www.univ-lorraine.fr\\\/orientation-insertion-professionnelle\\\/wp-content\\\/uploads\\\/sites\\\/7\\\/2023\\\/07\\\/salarie.png\",\"datePublished\":\"2021-03-23T08:37:32+00:00\",\"dateModified\":\"2026-03-04T16:17:05+00:00\",\"breadcrumb\":{\"@id\":\"https:\\\/\\\/www.univ-lorraine.fr\\\/orientation-insertion-professionnelle\\\/salarie-demandeur-demploi\\\/#breadcrumb\"},\"inLanguage\":\"fr-FR\",\"potentialAction\":[{\"@type\":\"ReadAction\",\"target\":[\"https:\\\/\\\/www.univ-lorraine.fr\\\/orientation-insertion-professionnelle\\\/salarie-demandeur-demploi\\\/\"]}]},{\"@type\":\"ImageObject\",\"inLanguage\":\"fr-FR\",\"@id\":\"https:\\\/\\\/www.univ-lorraine.fr\\\/orientation-insertion-professionnelle\\\/salarie-demandeur-demploi\\\/#primaryimage\",\"url\":\"https:\\\/\\\/www.univ-lorraine.fr\\\/orientation-insertion-professionnelle\\\/wp-content\\\/uploads\\\/sites\\\/7\\\/2023\\\/07\\\/salarie.png\",\"contentUrl\":\"https:\\\/\\\/www.univ-lorraine.fr\\\/orientation-insertion-professionnelle\\\/wp-content\\\/uploads\\\/sites\\\/7\\\/2023\\\/07\\\/salarie.png\",\"width\":500,\"height\":500},{\"@type\":\"BreadcrumbList\",\"@id\":\"https:\\\/\\\/www.univ-lorraine.fr\\\/orientation-insertion-professionnelle\\\/salarie-demandeur-demploi\\\/#breadcrumb\",\"itemListElement\":[{\"@type\":\"ListItem\",\"position\":1,\"name\":\"Accueil\",\"item\":\"https:\\\/\\\/www.univ-lorraine.fr\\\/orientation-insertion-professionnelle\\\/\"},{\"@type\":\"ListItem\",\"position\":2,\"name\":\"Vous \u00eates un\u00b7e salari\u00e9\u00b7e en activit\u00e9, ind\u00e9pendant\u00b7e ou en recherche d&#8217;emploi\"}]},{\"@type\":\"WebSite\",\"@id\":\"https:\\\/\\\/www.univ-lorraine.fr\\\/orientation-insertion-professionnelle\\\/#website\",\"url\":\"https:\\\/\\\/www.univ-lorraine.fr\\\/orientation-insertion-professionnelle\\\/\",\"name\":\"Orientation et insertion professionnelle\",\"description\":\"\",\"publisher\":{\"@id\":\"https:\\\/\\\/www.univ-lorraine.fr\\\/orientation-insertion-professionnelle\\\/#organization\"},\"potentialAction\":[{\"@type\":\"SearchAction\",\"target\":{\"@type\":\"EntryPoint\",\"urlTemplate\":\"https:\\\/\\\/www.univ-lorraine.fr\\\/orientation-insertion-professionnelle\\\/?s={search_term_string}\"},\"query-input\":{\"@type\":\"PropertyValueSpecification\",\"valueRequired\":true,\"valueName\":\"search_term_string\"}}],\"inLanguage\":\"fr-FR\"},{\"@type\":\"Organization\",\"@id\":\"https:\\\/\\\/www.univ-lorraine.fr\\\/orientation-insertion-professionnelle\\\/#organization\",\"name\":\"Universit\u00e9 de Lorraine\",\"url\":\"https:\\\/\\\/www.univ-lorraine.fr\\\/orientation-insertion-professionnelle\\\/\",\"logo\":{\"@type\":\"ImageObject\",\"inLanguage\":\"fr-FR\",\"@id\":\"https:\\\/\\\/www.univ-lorraine.fr\\\/orientation-insertion-professionnelle\\\/#\\\/schema\\\/logo\\\/image\\\/\",\"url\":\"https:\\\/\\\/www.univ-lorraine.fr\\\/orientation-insertion-professionnelle\\\/wp-content\\\/uploads\\\/sites\\\/7\\\/2023\\\/04\\\/logo_siteweb2_Plan-de-travail-1.png\",\"contentUrl\":\"https:\\\/\\\/www.univ-lorraine.fr\\\/orientation-insertion-professionnelle\\\/wp-content\\\/uploads\\\/sites\\\/7\\\/2023\\\/04\\\/logo_siteweb2_Plan-de-travail-1.png\",\"width\":852,\"height\":492,\"caption\":\"Universit\u00e9 de Lorraine\"},\"image\":{\"@id\":\"https:\\\/\\\/www.univ-lorraine.fr\\\/orientation-insertion-professionnelle\\\/#\\\/schema\\\/logo\\\/image\\\/\"}}]}<\/script>\n<!-- \/ Yoast SEO plugin. -->","yoast_head_json":{"title":"Vous \u00eates un\u00b7e salari\u00e9\u00b7e en activit\u00e9, ind\u00e9pendant\u00b7e ou en recherche d'emploi - Orientation et insertion professionnelle","robots":{"index":"index","follow":"follow","max-snippet":"max-snippet:-1","max-image-preview":"max-image-preview:large","max-video-preview":"max-video-preview:-1"},"canonical":"https:\/\/www.univ-lorraine.fr\/orientation-insertion-professionnelle\/salarie-demandeur-demploi\/","og_locale":"fr_FR","og_type":"article","og_title":"Vous \u00eates un\u00b7e salari\u00e9\u00b7e en activit\u00e9, ind\u00e9pendant\u00b7e ou en recherche d'emploi - Orientation et insertion professionnelle","og_description":"Le SOIP vous propose :","og_url":"https:\/\/www.univ-lorraine.fr\/orientation-insertion-professionnelle\/salarie-demandeur-demploi\/","og_site_name":"Orientation et insertion professionnelle","article_modified_time":"2026-03-04T16:17:05+00:00","og_image":[{"width":500,"height":500,"url":"https:\/\/www.univ-lorraine.fr\/orientation-insertion-professionnelle\/wp-content\/uploads\/sites\/7\/2023\/07\/salarie.png","type":"image\/png"}],"twitter_card":"summary_large_image","twitter_misc":{"Dur\u00e9e de lecture estim\u00e9e":"2 minutes"},"schema":{"@context":"https:\/\/schema.org","@graph":[{"@type":"WebPage","@id":"https:\/\/www.univ-lorraine.fr\/orientation-insertion-professionnelle\/salarie-demandeur-demploi\/","url":"https:\/\/www.univ-lorraine.fr\/orientation-insertion-professionnelle\/salarie-demandeur-demploi\/","name":"Vous \u00eates un\u00b7e salari\u00e9\u00b7e en activit\u00e9, ind\u00e9pendant\u00b7e ou en recherche d'emploi - Orientation et insertion professionnelle","isPartOf":{"@id":"https:\/\/www.univ-lorraine.fr\/orientation-insertion-professionnelle\/#website"},"primaryImageOfPage":{"@id":"https:\/\/www.univ-lorraine.fr\/orientation-insertion-professionnelle\/salarie-demandeur-demploi\/#primaryimage"},"image":{"@id":"https:\/\/www.univ-lorraine.fr\/orientation-insertion-professionnelle\/salarie-demandeur-demploi\/#primaryimage"},"thumbnailUrl":"https:\/\/www.univ-lorraine.fr\/orientation-insertion-professionnelle\/wp-content\/uploads\/sites\/7\/2023\/07\/salarie.png","datePublished":"2021-03-23T08:37:32+00:00","dateModified":"2026-03-04T16:17:05+00:00","breadcrumb":{"@id":"https:\/\/www.univ-lorraine.fr\/orientation-insertion-professionnelle\/salarie-demandeur-demploi\/#breadcrumb"},"inLanguage":"fr-FR","potentialAction":[{"@type":"ReadAction","target":["https:\/\/www.univ-lorraine.fr\/orientation-insertion-professionnelle\/salarie-demandeur-demploi\/"]}]},{"@type":"ImageObject","inLanguage":"fr-FR","@id":"https:\/\/www.univ-lorraine.fr\/orientation-insertion-professionnelle\/salarie-demandeur-demploi\/#primaryimage","url":"https:\/\/www.univ-lorraine.fr\/orientation-insertion-professionnelle\/wp-content\/uploads\/sites\/7\/2023\/07\/salarie.png","contentUrl":"https:\/\/www.univ-lorraine.fr\/orientation-insertion-professionnelle\/wp-content\/uploads\/sites\/7\/2023\/07\/salarie.png","width":500,"height":500},{"@type":"BreadcrumbList","@id":"https:\/\/www.univ-lorraine.fr\/orientation-insertion-professionnelle\/salarie-demandeur-demploi\/#breadcrumb","itemListElement":[{"@type":"ListItem","position":1,"name":"Accueil","item":"https:\/\/www.univ-lorraine.fr\/orientation-insertion-professionnelle\/"},{"@type":"ListItem","position":2,"name":"Vous \u00eates un\u00b7e salari\u00e9\u00b7e en activit\u00e9, ind\u00e9pendant\u00b7e ou en recherche d&#8217;emploi"}]},{"@type":"WebSite","@id":"https:\/\/www.univ-lorraine.fr\/orientation-insertion-professionnelle\/#website","url":"https:\/\/www.univ-lorraine.fr\/orientation-insertion-professionnelle\/","name":"Orientation et insertion professionnelle","description":"","publisher":{"@id":"https:\/\/www.univ-lorraine.fr\/orientation-insertion-professionnelle\/#organization"},"potentialAction":[{"@type":"SearchAction","target":{"@type":"EntryPoint","urlTemplate":"https:\/\/www.univ-lorraine.fr\/orientation-insertion-professionnelle\/?s={search_term_string}"},"query-input":{"@type":"PropertyValueSpecification","valueRequired":true,"valueName":"search_term_string"}}],"inLanguage":"fr-FR"},{"@type":"Organization","@id":"https:\/\/www.univ-lorraine.fr\/orientation-insertion-professionnelle\/#organization","name":"Universit\u00e9 de Lorraine","url":"https:\/\/www.univ-lorraine.fr\/orientation-insertion-professionnelle\/","logo":{"@type":"ImageObject","inLanguage":"fr-FR","@id":"https:\/\/www.univ-lorraine.fr\/orientation-insertion-professionnelle\/#\/schema\/logo\/image\/","url":"https:\/\/www.univ-lorraine.fr\/orientation-insertion-professionnelle\/wp-content\/uploads\/sites\/7\/2023\/04\/logo_siteweb2_Plan-de-travail-1.png","contentUrl":"https:\/\/www.univ-lorraine.fr\/orientation-insertion-professionnelle\/wp-content\/uploads\/sites\/7\/2023\/04\/logo_siteweb2_Plan-de-travail-1.png","width":852,"height":492,"caption":"Universit\u00e9 de Lorraine"},"image":{"@id":"https:\/\/www.univ-lorraine.fr\/orientation-insertion-professionnelle\/#\/schema\/logo\/image\/"}}]}},"_links":{"self":[{"href":"https:\/\/www.univ-lorraine.fr\/orientation-insertion-professionnelle\/wp-json\/wp\/v2\/pages\/463","targetHints":{"allow":["GET"]}}],"collection":[{"href":"https:\/\/www.univ-lorraine.fr\/orientation-insertion-professionnelle\/wp-json\/wp\/v2\/pages"}],"about":[{"href":"https:\/\/www.univ-lorraine.fr\/orientation-insertion-professionnelle\/wp-json\/wp\/v2\/types\/page"}],"author":[{"embeddable":true,"href":"https:\/\/www.univ-lorraine.fr\/orientation-insertion-professionnelle\/wp-json\/wp\/v2\/users\/30"}],"replies":[{"embeddable":true,"href":"https:\/\/www.univ-lorraine.fr\/orientation-insertion-professionnelle\/wp-json\/wp\/v2\/comments?post=463"}],"version-history":[{"count":70,"href":"https:\/\/www.univ-lorraine.fr\/orientation-insertion-professionnelle\/wp-json\/wp\/v2\/pages\/463\/revisions"}],"predecessor-version":[{"id":15633,"href":"https:\/\/www.univ-lorraine.fr\/orientation-insertion-professionnelle\/wp-json\/wp\/v2\/pages\/463\/revisions\/15633"}],"wp:attachment":[{"href":"https:\/\/www.univ-lorraine.fr\/orientation-insertion-professionnelle\/wp-json\/wp\/v2\/media?parent=463"}],"wp:term":[{"taxonomy":"category","embeddable":true,"href":"https:\/\/www.univ-lorraine.fr\/orientation-insertion-professionnelle\/wp-json\/wp\/v2\/categories?post=463"},{"taxonomy":"post_tag","embeddable":true,"href":"https:\/\/www.univ-lorraine.fr\/orientation-insertion-professionnelle\/wp-json\/wp\/v2\/tags?post=463"}],"curies":[{"name":"wp","href":"https:\/\/api.w.org\/{rel}","templated":true}]}}