{"id":4903,"date":"2022-09-16T17:11:35","date_gmt":"2022-09-16T15:11:35","guid":{"rendered":"https:\/\/www.univ-lorraine.fr\/orientation-insertion-professionnelle\/?page_id=4903"},"modified":"2025-06-02T10:03:04","modified_gmt":"2025-06-02T08:03:04","slug":"stage-emploi-et-alternance","status":"publish","type":"page","link":"https:\/\/www.univ-lorraine.fr\/orientation-insertion-professionnelle\/ressources\/stage-emploi-et-alternance\/","title":{"rendered":"Stage, emploi et alternance"},"content":{"rendered":"<div class=\"gb-container gb-container-f764ae26\"><div class=\"gb-inside-container\">\n\n<h2 class=\"gb-headline gb-headline-353519db gb-headline-text\">Informations et conseils sur les strat\u00e9gies <br>de recherche de stage, d&#8217;emploi et d&rsquo;alternance<\/h2>\n\n\n\n<p>Bilan, CV, lettre de motivation, entretien de recrutement, r\u00e9seaux sociaux, stage, emploi &#8230; : Le SOIP vous donne acc\u00e8s, en ligne, \u00e0 de nombreux conseils et ressources, afin de mettre toute les chances de votre c\u00f4t\u00e9. <\/p>\n\n\n\n<ul class=\"wp-block-list\">\n<li><strong>Conseils <\/strong>: <a href=\"https:\/\/www.univ-lorraine.fr\/orientation-insertion-professionnelle\/stage-emploi\/insertion-professionnelle\/bilan-projet\/\" target=\"_blank\" rel=\"noreferrer noopener\">Bilan \/ projet<\/a>, <a href=\"https:\/\/www.univ-lorraine.fr\/orientation-insertion-professionnelle\/stage-emploi\/insertion-professionnelle\/curriculum-vitae\/\" target=\"_blank\" rel=\"noreferrer noopener\">Curriculum vitae<\/a>, <a href=\"https:\/\/www.univ-lorraine.fr\/orientation-insertion-professionnelle\/stage-emploi\/insertion-professionnelle\/lettre-de-motivation\/\" target=\"_blank\" rel=\"noreferrer noopener\">Lettre de motivation<\/a>, <a href=\"https:\/\/www.univ-lorraine.fr\/orientation-insertion-professionnelle\/stage-emploi\/insertion-professionnelle\/lentretien-de-recrutement\/\" target=\"_blank\" rel=\"noreferrer noopener\">Entretien de recrutement<\/a>, <a href=\"https:\/\/www.univ-lorraine.fr\/orientation-insertion-professionnelle\/stage-emploi\/insertion-professionnelle\/la-demarche-reseau\/\" target=\"_blank\" rel=\"noreferrer noopener\">D\u00e9marche r\u00e9seau<\/a><\/li>\n\n\n\n<li><strong>Stage <\/strong>: <a href=\"https:\/\/www.univ-lorraine.fr\/orientation-insertion-professionnelle\/stage-emploi\/insertion-professionnelle\/la-reglementation\/\" target=\"_blank\" rel=\"noreferrer noopener\">R\u00e9glementation<\/a>, <a href=\"https:\/\/www.univ-lorraine.fr\/orientation-insertion-professionnelle\/stage-emploi\/insertion-professionnelle\/convention-de-stage\/\" target=\"_blank\" rel=\"noreferrer noopener\">Convention de stage<\/a>, <a href=\"https:\/\/www.univ-lorraine.fr\/orientation-insertion-professionnelle\/stage-emploi\/insertion-professionnelle\/organiser-sa-recherche-de-stage\/\" target=\"_blank\" rel=\"noreferrer noopener\">Organisation de la recherche de stage<\/a>, <a href=\"https:\/\/www.univ-lorraine.fr\/orientation-insertion-professionnelle\/stage-emploi\/insertion-professionnelle\/stage-a-letranger-4-types-de-bourses-et-aides\/\" target=\"_blank\" rel=\"noreferrer noopener\">Stage \u00e0 l\u2019\u00e9tranger : bourses et aides<\/a><\/li>\n\n\n\n<li><strong>March\u00e9 de l&#8217;emploi<\/strong> : <a href=\"https:\/\/www.univ-lorraine.fr\/orientation-insertion-professionnelle\/stage-emploi\/insertion-professionnelle\/definir-vos-cibles-demploi\/\" target=\"_blank\" rel=\"noreferrer noopener\">D\u00e9finition des cibles<\/a>, <a href=\"https:\/\/www.univ-lorraine.fr\/orientation-insertion-professionnelle\/stage-emploi\/insertion-professionnelle\/explorer-les-pistes-demploi\/\" target=\"_blank\" rel=\"noreferrer noopener\">Exploration des pistes<\/a><\/li>\n\n\n\n<li><strong>Premier emploi<\/strong> : <a href=\"https:\/\/www.univ-lorraine.fr\/orientation-insertion-professionnelle\/ressources\/stage-emploi-et-alternance\/premier-emploi\/\" target=\"_blank\" rel=\"noreferrer noopener\">Premi\u00e8res d\u00e9marches, accompagnement, entrepreneuriat, international<\/a><\/li>\n<\/ul>\n\n<\/div><\/div>\n\n<div class=\"gb-container gb-container-1aaa355a\"><div class=\"gb-inside-container\">\n\n<h2 class=\"wp-block-heading has-text-align-center\">Career Center de l&rsquo;universit\u00e9<\/h2>\n\n\n<div class=\"gb-grid-wrapper gb-grid-wrapper-03b8caaa\">\n<div class=\"gb-grid-column gb-grid-column-c1bc3549\"><div class=\"gb-container gb-container-c1bc3549\"><div class=\"gb-inside-container\">\n\n<ul class=\"wp-block-list\">\n<li>Pour qu&rsquo;ils puissent recevoir ou diffuser des <strong>offres de stages, d\u2019emplois, d\u2019alternances<\/strong>, le <strong>Career Center <\/strong>de l&rsquo;universit\u00e9 de Lorraine est accessible <strong>gratuitement<\/strong> aux \u00e9tudiant.e.s et aux recruteurs.euses<\/li>\n\n\n\n<li>Il donne aussi acc\u00e8s \u00e0 une aide m\u00e9thodologique \u00e0 la recherche d\u2019emploi et de stage, \u00e0 l\u2019aide d\u2019\u00e9tudes de cas et d\u2019exercices en auto-apprentissage<\/li>\n\n\n\n<li>Il propose une s\u00e9lection de sites web de r\u00e9f\u00e9rence sur les stages et l\u2019emploi, en France et \u00e0 l\u2019\u00e9tranger<\/li>\n<\/ul>\n\n\n\n<div class=\"wp-block-buttons is-content-justification-center is-layout-flex wp-container-core-buttons-is-layout-16018d1d wp-block-buttons-is-layout-flex\">\n<div class=\"wp-block-button\"><a class=\"wp-block-button__link wp-element-button\" href=\"http:\/\/univ-lorraine.jobteaser.com\/\" target=\"_blank\" rel=\"noreferrer noopener\">Acc\u00e8s \u00e9tudiant<\/a><\/div>\n\n\n\n<div class=\"wp-block-button\"><a class=\"wp-block-button__link wp-element-button\" href=\"http:\/\/univ-lorraine.jobteaser.com\/fr\/recruiter_account\/sign_in\" target=\"_blank\" rel=\"noreferrer noopener\">Acc\u00e8s recruteur<\/a><\/div>\n<\/div>\n\n<\/div><\/div><\/div>\n\n<div class=\"gb-grid-column gb-grid-column-f8aa9403\"><div class=\"gb-container gb-container-f8aa9403\"><div class=\"gb-inside-container\">\n<div class=\"gb-container gb-container-ad3dcb18\"><div class=\"gb-inside-container\">\n\n<figure class=\"wp-block-video\"><video height=\"1080\" style=\"aspect-ratio: 1920 \/ 1080;\" width=\"1920\" controls poster=\"https:\/\/www.univ-lorraine.fr\/orientation-insertion-professionnelle\/wp-content\/uploads\/sites\/7\/2022\/09\/career.png\" src=\"https:\/\/www.univ-lorraine.fr\/orientation-insertion-professionnelle\/wp-content\/uploads\/sites\/7\/2022\/09\/Tuto-Career-Center-4.mp4\"><\/video><\/figure>\n\n<\/div><\/div>\n\n\n<h3 class=\"gb-headline gb-headline-2d548e28 gb-headline-text\"><strong>\u00c9tudiantes et \u00e9tudiants :<\/strong> vos premiers pas dans le Career Center !<\/h3>\n\n<\/div><\/div><\/div>\n<\/div>\n<\/div><\/div>\n\n<div class=\"gb-grid-wrapper gb-grid-wrapper-c1a4d6d8\">\n<div class=\"gb-grid-column gb-grid-column-157bdf89\"><div class=\"gb-container gb-container-157bdf89\"><div class=\"gb-inside-container\">\n<div class=\"gb-container gb-container-0deb78ec\"><div class=\"gb-inside-container\">\n\n<h2 class=\"gb-headline gb-headline-4c052234 gb-headline-text\">Mon exp\u00e9rience pro Grand Est<\/h2>\n\n\n\n<p class=\"has-text-align-center\">Pour vous accompagner, la R\u00e9gion Grand Est et ses partenaires s\u2019est dot\u00e9e d\u2019une plateforme qui permet de rassembler sur un espace unique, des offres d\u2019apprentissage, de stages, de jobs saisonniers ou encore de service civique dans tout le Grand Est.<\/p>\n\n\n\n<div class=\"wp-block-buttons alignwide is-content-justification-center is-layout-flex wp-container-core-buttons-is-layout-16018d1d wp-block-buttons-is-layout-flex\">\n<div class=\"wp-block-button\"><a class=\"wp-block-button__link wp-element-button\" href=\"https:\/\/experiencespro.grandest.fr\/\" target=\"_blank\" rel=\"noreferrer noopener\">Mon exp\u00e9rience pro Grand Est<\/a><\/div>\n<\/div>\n\n<\/div><\/div>\n<\/div><\/div><\/div>\n<\/div>","protected":false},"excerpt":{"rendered":"<p>Informations et conseils sur les strat\u00e9gies de recherche de stage, d&#8217;emploi et d&rsquo;alternance Bilan, CV, lettre de motivation, entretien de recrutement, r\u00e9seaux sociaux, stage, emploi &#8230; : Le SOIP vous donne acc\u00e8s, en ligne, \u00e0 de nombreux conseils et ressources, afin de mettre toute les chances de votre c\u00f4t\u00e9. Career Center de l&rsquo;universit\u00e9<\/p>\n","protected":false},"author":7,"featured_media":0,"parent":195,"menu_order":0,"comment_status":"closed","ping_status":"closed","template":"","meta":{"inline_featured_image":false,"footnotes":""},"categories":[28],"tags":[],"class_list":{"0":"post-4903","1":"page","2":"type-page","3":"status-publish","5":"category-ressources"},"yoast_head":"<!-- This site is optimized with the Yoast SEO plugin v27.4 - https:\/\/yoast.com\/product\/yoast-seo-wordpress\/ -->\n<title>Stage, emploi et alternance - Orientation et insertion professionnelle<\/title>\n<meta name=\"robots\" content=\"index, follow, max-snippet:-1, max-image-preview:large, max-video-preview:-1\" \/>\n<link rel=\"canonical\" href=\"https:\/\/www.univ-lorraine.fr\/orientation-insertion-professionnelle\/ressources\/stage-emploi-et-alternance\/\" \/>\n<meta property=\"og:locale\" content=\"fr_FR\" \/>\n<meta property=\"og:type\" content=\"article\" \/>\n<meta property=\"og:title\" content=\"Stage, emploi et alternance - Orientation et insertion professionnelle\" \/>\n<meta property=\"og:description\" content=\"Informations et conseils sur les strat\u00e9gies de recherche de stage, d&#8217;emploi et d&rsquo;alternance Bilan, CV, lettre de motivation, entretien de recrutement, r\u00e9seaux sociaux, stage, emploi &#8230; : Le SOIP vous donne acc\u00e8s, en ligne, \u00e0 de nombreux conseils et ressources, afin de mettre toute les chances de votre c\u00f4t\u00e9. Career Center de l&rsquo;universit\u00e9\" \/>\n<meta property=\"og:url\" content=\"https:\/\/www.univ-lorraine.fr\/orientation-insertion-professionnelle\/ressources\/stage-emploi-et-alternance\/\" \/>\n<meta property=\"og:site_name\" content=\"Orientation et insertion professionnelle\" \/>\n<meta property=\"article:modified_time\" content=\"2025-06-02T08:03:04+00:00\" \/>\n<meta name=\"twitter:card\" content=\"summary_large_image\" \/>\n<meta name=\"twitter:label1\" content=\"Dur\u00e9e de lecture estim\u00e9e\" \/>\n\t<meta name=\"twitter:data1\" content=\"2 minutes\" \/>\n<script type=\"application\/ld+json\" class=\"yoast-schema-graph\">{\"@context\":\"https:\\\/\\\/schema.org\",\"@graph\":[{\"@type\":\"WebPage\",\"@id\":\"https:\\\/\\\/www.univ-lorraine.fr\\\/orientation-insertion-professionnelle\\\/ressources\\\/stage-emploi-et-alternance\\\/\",\"url\":\"https:\\\/\\\/www.univ-lorraine.fr\\\/orientation-insertion-professionnelle\\\/ressources\\\/stage-emploi-et-alternance\\\/\",\"name\":\"Stage, emploi et alternance - Orientation et insertion professionnelle\",\"isPartOf\":{\"@id\":\"https:\\\/\\\/www.univ-lorraine.fr\\\/orientation-insertion-professionnelle\\\/#website\"},\"datePublished\":\"2022-09-16T15:11:35+00:00\",\"dateModified\":\"2025-06-02T08:03:04+00:00\",\"breadcrumb\":{\"@id\":\"https:\\\/\\\/www.univ-lorraine.fr\\\/orientation-insertion-professionnelle\\\/ressources\\\/stage-emploi-et-alternance\\\/#breadcrumb\"},\"inLanguage\":\"fr-FR\",\"potentialAction\":[{\"@type\":\"ReadAction\",\"target\":[\"https:\\\/\\\/www.univ-lorraine.fr\\\/orientation-insertion-professionnelle\\\/ressources\\\/stage-emploi-et-alternance\\\/\"]}]},{\"@type\":\"BreadcrumbList\",\"@id\":\"https:\\\/\\\/www.univ-lorraine.fr\\\/orientation-insertion-professionnelle\\\/ressources\\\/stage-emploi-et-alternance\\\/#breadcrumb\",\"itemListElement\":[{\"@type\":\"ListItem\",\"position\":1,\"name\":\"Accueil\",\"item\":\"https:\\\/\\\/www.univ-lorraine.fr\\\/orientation-insertion-professionnelle\\\/\"},{\"@type\":\"ListItem\",\"position\":2,\"name\":\"Ressources\",\"item\":\"https:\\\/\\\/www.univ-lorraine.fr\\\/orientation-insertion-professionnelle\\\/ressources\\\/\"},{\"@type\":\"ListItem\",\"position\":3,\"name\":\"Stage, emploi et alternance\"}]},{\"@type\":\"WebSite\",\"@id\":\"https:\\\/\\\/www.univ-lorraine.fr\\\/orientation-insertion-professionnelle\\\/#website\",\"url\":\"https:\\\/\\\/www.univ-lorraine.fr\\\/orientation-insertion-professionnelle\\\/\",\"name\":\"Orientation et insertion professionnelle\",\"description\":\"\",\"publisher\":{\"@id\":\"https:\\\/\\\/www.univ-lorraine.fr\\\/orientation-insertion-professionnelle\\\/#organization\"},\"potentialAction\":[{\"@type\":\"SearchAction\",\"target\":{\"@type\":\"EntryPoint\",\"urlTemplate\":\"https:\\\/\\\/www.univ-lorraine.fr\\\/orientation-insertion-professionnelle\\\/?s={search_term_string}\"},\"query-input\":{\"@type\":\"PropertyValueSpecification\",\"valueRequired\":true,\"valueName\":\"search_term_string\"}}],\"inLanguage\":\"fr-FR\"},{\"@type\":\"Organization\",\"@id\":\"https:\\\/\\\/www.univ-lorraine.fr\\\/orientation-insertion-professionnelle\\\/#organization\",\"name\":\"Universit\u00e9 de Lorraine\",\"url\":\"https:\\\/\\\/www.univ-lorraine.fr\\\/orientation-insertion-professionnelle\\\/\",\"logo\":{\"@type\":\"ImageObject\",\"inLanguage\":\"fr-FR\",\"@id\":\"https:\\\/\\\/www.univ-lorraine.fr\\\/orientation-insertion-professionnelle\\\/#\\\/schema\\\/logo\\\/image\\\/\",\"url\":\"https:\\\/\\\/www.univ-lorraine.fr\\\/orientation-insertion-professionnelle\\\/wp-content\\\/uploads\\\/sites\\\/7\\\/2023\\\/04\\\/logo_siteweb2_Plan-de-travail-1.png\",\"contentUrl\":\"https:\\\/\\\/www.univ-lorraine.fr\\\/orientation-insertion-professionnelle\\\/wp-content\\\/uploads\\\/sites\\\/7\\\/2023\\\/04\\\/logo_siteweb2_Plan-de-travail-1.png\",\"width\":852,\"height\":492,\"caption\":\"Universit\u00e9 de Lorraine\"},\"image\":{\"@id\":\"https:\\\/\\\/www.univ-lorraine.fr\\\/orientation-insertion-professionnelle\\\/#\\\/schema\\\/logo\\\/image\\\/\"}}]}<\/script>\n<!-- \/ Yoast SEO plugin. -->","yoast_head_json":{"title":"Stage, emploi et alternance - Orientation et insertion professionnelle","robots":{"index":"index","follow":"follow","max-snippet":"max-snippet:-1","max-image-preview":"max-image-preview:large","max-video-preview":"max-video-preview:-1"},"canonical":"https:\/\/www.univ-lorraine.fr\/orientation-insertion-professionnelle\/ressources\/stage-emploi-et-alternance\/","og_locale":"fr_FR","og_type":"article","og_title":"Stage, emploi et alternance - Orientation et insertion professionnelle","og_description":"Informations et conseils sur les strat\u00e9gies de recherche de stage, d&#8217;emploi et d&rsquo;alternance Bilan, CV, lettre de motivation, entretien de recrutement, r\u00e9seaux sociaux, stage, emploi &#8230; : Le SOIP vous donne acc\u00e8s, en ligne, \u00e0 de nombreux conseils et ressources, afin de mettre toute les chances de votre c\u00f4t\u00e9. Career Center de l&rsquo;universit\u00e9","og_url":"https:\/\/www.univ-lorraine.fr\/orientation-insertion-professionnelle\/ressources\/stage-emploi-et-alternance\/","og_site_name":"Orientation et insertion professionnelle","article_modified_time":"2025-06-02T08:03:04+00:00","twitter_card":"summary_large_image","twitter_misc":{"Dur\u00e9e de lecture estim\u00e9e":"2 minutes"},"schema":{"@context":"https:\/\/schema.org","@graph":[{"@type":"WebPage","@id":"https:\/\/www.univ-lorraine.fr\/orientation-insertion-professionnelle\/ressources\/stage-emploi-et-alternance\/","url":"https:\/\/www.univ-lorraine.fr\/orientation-insertion-professionnelle\/ressources\/stage-emploi-et-alternance\/","name":"Stage, emploi et alternance - Orientation et insertion professionnelle","isPartOf":{"@id":"https:\/\/www.univ-lorraine.fr\/orientation-insertion-professionnelle\/#website"},"datePublished":"2022-09-16T15:11:35+00:00","dateModified":"2025-06-02T08:03:04+00:00","breadcrumb":{"@id":"https:\/\/www.univ-lorraine.fr\/orientation-insertion-professionnelle\/ressources\/stage-emploi-et-alternance\/#breadcrumb"},"inLanguage":"fr-FR","potentialAction":[{"@type":"ReadAction","target":["https:\/\/www.univ-lorraine.fr\/orientation-insertion-professionnelle\/ressources\/stage-emploi-et-alternance\/"]}]},{"@type":"BreadcrumbList","@id":"https:\/\/www.univ-lorraine.fr\/orientation-insertion-professionnelle\/ressources\/stage-emploi-et-alternance\/#breadcrumb","itemListElement":[{"@type":"ListItem","position":1,"name":"Accueil","item":"https:\/\/www.univ-lorraine.fr\/orientation-insertion-professionnelle\/"},{"@type":"ListItem","position":2,"name":"Ressources","item":"https:\/\/www.univ-lorraine.fr\/orientation-insertion-professionnelle\/ressources\/"},{"@type":"ListItem","position":3,"name":"Stage, emploi et alternance"}]},{"@type":"WebSite","@id":"https:\/\/www.univ-lorraine.fr\/orientation-insertion-professionnelle\/#website","url":"https:\/\/www.univ-lorraine.fr\/orientation-insertion-professionnelle\/","name":"Orientation et insertion professionnelle","description":"","publisher":{"@id":"https:\/\/www.univ-lorraine.fr\/orientation-insertion-professionnelle\/#organization"},"potentialAction":[{"@type":"SearchAction","target":{"@type":"EntryPoint","urlTemplate":"https:\/\/www.univ-lorraine.fr\/orientation-insertion-professionnelle\/?s={search_term_string}"},"query-input":{"@type":"PropertyValueSpecification","valueRequired":true,"valueName":"search_term_string"}}],"inLanguage":"fr-FR"},{"@type":"Organization","@id":"https:\/\/www.univ-lorraine.fr\/orientation-insertion-professionnelle\/#organization","name":"Universit\u00e9 de Lorraine","url":"https:\/\/www.univ-lorraine.fr\/orientation-insertion-professionnelle\/","logo":{"@type":"ImageObject","inLanguage":"fr-FR","@id":"https:\/\/www.univ-lorraine.fr\/orientation-insertion-professionnelle\/#\/schema\/logo\/image\/","url":"https:\/\/www.univ-lorraine.fr\/orientation-insertion-professionnelle\/wp-content\/uploads\/sites\/7\/2023\/04\/logo_siteweb2_Plan-de-travail-1.png","contentUrl":"https:\/\/www.univ-lorraine.fr\/orientation-insertion-professionnelle\/wp-content\/uploads\/sites\/7\/2023\/04\/logo_siteweb2_Plan-de-travail-1.png","width":852,"height":492,"caption":"Universit\u00e9 de Lorraine"},"image":{"@id":"https:\/\/www.univ-lorraine.fr\/orientation-insertion-professionnelle\/#\/schema\/logo\/image\/"}}]}},"_links":{"self":[{"href":"https:\/\/www.univ-lorraine.fr\/orientation-insertion-professionnelle\/wp-json\/wp\/v2\/pages\/4903","targetHints":{"allow":["GET"]}}],"collection":[{"href":"https:\/\/www.univ-lorraine.fr\/orientation-insertion-professionnelle\/wp-json\/wp\/v2\/pages"}],"about":[{"href":"https:\/\/www.univ-lorraine.fr\/orientation-insertion-professionnelle\/wp-json\/wp\/v2\/types\/page"}],"author":[{"embeddable":true,"href":"https:\/\/www.univ-lorraine.fr\/orientation-insertion-professionnelle\/wp-json\/wp\/v2\/users\/7"}],"replies":[{"embeddable":true,"href":"https:\/\/www.univ-lorraine.fr\/orientation-insertion-professionnelle\/wp-json\/wp\/v2\/comments?post=4903"}],"version-history":[{"count":28,"href":"https:\/\/www.univ-lorraine.fr\/orientation-insertion-professionnelle\/wp-json\/wp\/v2\/pages\/4903\/revisions"}],"predecessor-version":[{"id":13890,"href":"https:\/\/www.univ-lorraine.fr\/orientation-insertion-professionnelle\/wp-json\/wp\/v2\/pages\/4903\/revisions\/13890"}],"up":[{"embeddable":true,"href":"https:\/\/www.univ-lorraine.fr\/orientation-insertion-professionnelle\/wp-json\/wp\/v2\/pages\/195"}],"wp:attachment":[{"href":"https:\/\/www.univ-lorraine.fr\/orientation-insertion-professionnelle\/wp-json\/wp\/v2\/media?parent=4903"}],"wp:term":[{"taxonomy":"category","embeddable":true,"href":"https:\/\/www.univ-lorraine.fr\/orientation-insertion-professionnelle\/wp-json\/wp\/v2\/categories?post=4903"},{"taxonomy":"post_tag","embeddable":true,"href":"https:\/\/www.univ-lorraine.fr\/orientation-insertion-professionnelle\/wp-json\/wp\/v2\/tags?post=4903"}],"curies":[{"name":"wp","href":"https:\/\/api.w.org\/{rel}","templated":true}]}}