{"id":4910,"date":"2022-09-16T17:11:33","date_gmt":"2022-09-16T15:11:33","guid":{"rendered":"https:\/\/www.univ-lorraine.fr\/orientation-insertion-professionnelle\/?page_id=4910"},"modified":"2025-10-27T11:01:08","modified_gmt":"2025-10-27T10:01:08","slug":"ressources-pour-les-etudiant-e-s-envisageant-de-se-reorienter","status":"publish","type":"page","link":"https:\/\/www.univ-lorraine.fr\/orientation-insertion-professionnelle\/ressources\/ressources-pour-les-etudiant-e-s-envisageant-de-se-reorienter\/","title":{"rendered":"Ressources pour les \u00e9tudiant\u00b7es envisageant de se r\u00e9orienter"},"content":{"rendered":"<!DOCTYPE html PUBLIC \"-\/\/W3C\/\/DTD HTML 4.0 Transitional\/\/EN\" \"http:\/\/www.w3.org\/TR\/REC-html40\/loose.dtd\">\n<?xml encoding=\"utf-8\" ?><html><body><div class=\"gb-grid-wrapper gb-grid-wrapper-c62714ee\">\n<div class=\"gb-grid-column gb-grid-column-01d83cd4\"><div class=\"gb-container gb-container-01d83cd4\"><div class=\"gb-inside-container\">\n\n<h2 class=\"gb-headline gb-headline-7a4fb9e2 gb-headline-text\">Fiches d&rsquo;info pour les &eacute;tudiant&middot;es de premi&egrave;re ann&eacute;e de licence ou de BUT<\/h2>\n\n\n\n<p class=\"has-text-align-center\">Rentr&eacute;es d&eacute;cal&eacute;es en BUT ou BTS, r&eacute;orientation en S2 de licence, r&eacute;orientation &agrave; la rentr&eacute;e suivante, &laquo;&nbsp;semestre Rebond&nbsp;&raquo;, dispositif &laquo;&nbsp;Ricocher&nbsp;&raquo;, etc. : retrouvez toutes les infos sur les possibilit&eacute;s qui s&rsquo;offrent &agrave; vous !<\/p>\n\n\n\n<div class=\"wp-block-buttons is-content-justification-center is-layout-flex wp-container-core-buttons-is-layout-16018d1d wp-block-buttons-is-layout-flex\">\n<div class=\"wp-block-button\"><a class=\"wp-block-button__link wp-element-button\" href=\"https:\/\/www.univ-lorraine.fr\/orientation-insertion-professionnelle\/conferences-se-reorienter-ou-pas\/#reo\" target=\"_blank\" rel=\"noreferrer noopener\">Fiches d&rsquo;informations sur les r&eacute;orientations <\/a><\/div>\n<\/div>\n\n<\/div><\/div><\/div>\n\n<div class=\"gb-grid-column gb-grid-column-677dca29\"><div class=\"gb-container gb-container-677dca29\"><div class=\"gb-inside-container\">\n\n<h2 class=\"gb-headline gb-headline-81cdef67 gb-headline-text\">Fiches d&rsquo;info pour les &eacute;tudiant&middot;es de PASS<\/h2>\n\n\n\n<p class=\"has-text-align-center\">Pistes pour se r&eacute;orienter au S2 ou &agrave; la rentr&eacute;e prochaine, possibilit&eacute; de pers&eacute;v&eacute;rer en sant&eacute;, besoin de se donner le temps de r&eacute;fl&eacute;chir&hellip; : retrouvez toutes les infos sur les solutions qui s&rsquo;offrent &agrave; vous !<\/p>\n\n\n\n<div class=\"wp-block-buttons is-content-justification-center is-layout-flex wp-container-core-buttons-is-layout-16018d1d wp-block-buttons-is-layout-flex\">\n<div class=\"wp-block-button\"><a class=\"wp-block-button__link wp-element-button\" href=\"https:\/\/www.univ-lorraine.fr\/orientation-insertion-professionnelle\/e-conference-rebondir-en-pass\/#reorientationPASS\" target=\"_blank\" rel=\"noreferrer noopener\">Fiches d&rsquo;informations sur les r&eacute;orientations <\/a><\/div>\n<\/div>\n\n<\/div><\/div><\/div>\n<\/div>\n\n\n<p><\/p>\n\n\n<div class=\"gb-grid-wrapper gb-grid-wrapper-b5c22868\">\n<div class=\"gb-grid-column gb-grid-column-ad11b621\"><div class=\"gb-container gb-container-ad11b621\">\n\n<h2 class=\"wp-block-heading has-text-align-center has-medium-font-size\">Faire une pause avec la c&eacute;sure<\/h2>\n\n\n\n<p class=\"has-text-align-center\"><strong>La c&eacute;sure est un dispositif facultatif, qui vous permet de suspendre votre formation pendant une ann&eacute;e universitaire au maximum.<\/strong><\/p>\n\n\n\n<ul class=\"wp-block-list\">\n<li>Son objectif&nbsp;? Vous permettre d&rsquo;enrichir votre parcours<\/li>\n\n\n\n<li>Comment&nbsp;? En effectuant une demande de c&eacute;sure &agrave; votre &eacute;tablissement<\/li>\n\n\n\n<li>Pourquoi&nbsp;? Pour acqu&eacute;rir d&rsquo;autres comp&eacute;tences, vivre une autre exp&eacute;rience, tout en restant &eacute;tudiant.<\/li>\n<\/ul>\n\n\n\n<div class=\"wp-block-buttons is-content-justification-center is-layout-flex wp-container-core-buttons-is-layout-16018d1d wp-block-buttons-is-layout-flex\">\n<div class=\"wp-block-button\"><a class=\"wp-block-button__link wp-element-button\" href=\"https:\/\/www.etudiant.gouv.fr\/fr\/faq-la-cesure-comment-ca-marche-1453\" target=\"_blank\" rel=\"noreferrer noopener\">En savoir plus sur la c&eacute;sure<\/a><\/div>\n<\/div>\n\n<\/div><\/div>\n\n<div class=\"gb-grid-column gb-grid-column-8f52df12\"><div class=\"gb-container gb-container-8f52df12\">\n\n<h2 class=\"wp-block-heading has-text-align-center has-medium-font-size\">Mettre &agrave; profit sa c&eacute;sure<\/h2>\n\n\n\n<p>Trois exemples de dispositifs.<\/p>\n\n\n\n<ul class=\"wp-block-list\">\n<li><strong>Service civique :<\/strong> une mission pour chacun au service de tous<\/li>\n<\/ul>\n\n\n<div class=\"gb-container gb-container-b00d2e4c\">\n\n<div class=\"wp-block-buttons is-content-justification-center is-layout-flex wp-container-core-buttons-is-layout-16018d1d wp-block-buttons-is-layout-flex\">\n<div class=\"wp-block-button\"><a class=\"wp-block-button__link wp-element-button\" href=\"https:\/\/www.service-civique.gouv.fr\" target=\"_blank\" rel=\"noreferrer noopener\">En savoir plus<\/a><\/div>\n<\/div>\n\n<\/div>\n\n\n<ul class=\"wp-block-list\">\n<li><strong>Volontariat international en entreprise (VIE) : <\/strong>pour exercer une mission (scientifique, technique, commerciale, humanitaire&hellip;) &agrave; l&rsquo;&eacute;tranger<\/li>\n<\/ul>\n\n\n<div class=\"gb-container gb-container-5e85ed1f\">\n\n<div class=\"wp-block-buttons is-content-justification-center is-layout-flex wp-container-core-buttons-is-layout-16018d1d wp-block-buttons-is-layout-flex\">\n<div class=\"wp-block-button\"><a class=\"wp-block-button__link wp-element-button\" href=\"https:\/\/www.service-public.fr\/particuliers\/vosdroits\/F10040\" target=\"_blank\" rel=\"noreferrer noopener\">En savoir plus<\/a><\/div>\n<\/div>\n\n<\/div>\n\n\n<ul class=\"wp-block-list\">\n<li><strong>Volontariat international en administration (VIA) :<\/strong> pour effectuer une mission pour l&rsquo;&Eacute;tat fran&ccedil;ais &agrave; l&rsquo;&eacute;tranger <\/li>\n<\/ul>\n\n\n<div class=\"gb-container gb-container-4d6ca125\">\n\n<div class=\"wp-block-buttons is-content-justification-center is-layout-flex wp-container-core-buttons-is-layout-16018d1d wp-block-buttons-is-layout-flex\">\n<div class=\"wp-block-button\"><a class=\"wp-block-button__link wp-element-button\" href=\"https:\/\/www.service-public.fr\/particuliers\/vosdroits\/F13279\" target=\"_blank\" rel=\"noreferrer noopener\">En savoir plus<\/a><\/div>\n<\/div>\n\n<\/div>\n<\/div><\/div>\n<\/div>\n\n<div class=\"gb-container gb-container-7e10ad76\">\n\n<h2 class=\"wp-block-heading has-text-align-center has-soip-color-1-background-color has-background\">R&eacute;orientation : des &eacute;tudiant&middot;es t&eacute;moignent de leurs parcours !<\/h2>\n\n\n<div class=\"gb-grid-wrapper gb-grid-wrapper-3f9738a0\">\n<div class=\"gb-grid-column gb-grid-column-6223f49b\"><div class=\"gb-container gb-container-6223f49b\"><\/div><\/div>\n\n<div class=\"gb-grid-column gb-grid-column-47ef6639\"><div class=\"gb-container gb-container-47ef6639\">\n\n<h3 class=\"wp-block-heading has-text-align-center has-medium-font-size\" style=\"text-transform:uppercase\">ARTHUR, ACTUELLEMENT EN &Eacute;COLE D&rsquo;ARCHITECTE<\/h3>\n\n\n\n<figure class=\"wp-block-embed wp-embed-aspect-16-9 wp-has-aspect-ratio\"><div class=\"wp-block-embed__wrapper\"><iframe src=\"https:\/\/ultv.univ-lorraine.fr\/video\/16497-explore-ton-potentiel-temoignage-darthu-arthur-testelin\/?is_iframe=true\" style=\"padding: 0;  border:0\" allowfullscreen=\"\" title=\"Explore ton potentiel - T&eacute;moignage d'Arthu Arthur Testelin\" loading=\"lazy\" class=\"wp-embedded-content\"><\/iframe><\/div><\/figure>\n\n<\/div><\/div>\n\n<div class=\"gb-grid-column gb-grid-column-5c145ac0\"><div class=\"gb-container gb-container-5c145ac0\"><\/div><\/div>\n<\/div>\n\n<div class=\"gb-grid-wrapper gb-grid-wrapper-f1cd25d9\">\n<div class=\"gb-grid-column gb-grid-column-565fbf1e\"><div class=\"gb-container gb-container-565fbf1e\">\n\n<h3 class=\"wp-block-heading has-text-align-center has-medium-font-size\" style=\"text-transform:uppercase\">Oc&eacute;ane, actuellement en master 1 sciences cognitives<\/h3>\n\n\n\n<figure class=\"wp-block-embed wp-embed-aspect-16-9 wp-has-aspect-ratio\"><div class=\"wp-block-embed__wrapper\"><iframe src=\"https:\/\/ultv.univ-lorraine.fr\/video\/16352-explore-ton-potentiel-temoignage-doceane-muller\/?is_iframe=true\" style=\"padding: 0;  border:0\" allowfullscreen=\"\" title=\"Explore ton potentiel  - T&eacute;moignage d'Oc&eacute;ane Muller\" loading=\"lazy\" class=\"wp-embedded-content\"><\/iframe><\/div><\/figure>\n\n<\/div><\/div>\n\n<div class=\"gb-grid-column gb-grid-column-e27d00e3\"><div class=\"gb-container gb-container-e27d00e3\">\n\n<h3 class=\"wp-block-heading has-text-align-center has-medium-font-size\" style=\"text-transform:uppercase\">Marylou, actuellement en Licence 3 PSYchologie<\/h3>\n\n\n\n<figure class=\"wp-block-embed wp-embed-aspect-16-9 wp-has-aspect-ratio\"><div class=\"wp-block-embed__wrapper\"><iframe src=\"https:\/\/ultv.univ-lorraine.fr\/video\/16353-explore-ton-potentiel-temoignage-de-marylou-mesnil\/?is_iframe=true\" style=\"padding: 0;  border:0\" allowfullscreen=\"\" title=\"Explore ton potentiel - T&eacute;moignage de Marylou Mesnil\" loading=\"lazy\" class=\"wp-embedded-content\"><\/iframe><\/div><\/figure>\n\n<\/div><\/div>\n\n<div class=\"gb-grid-column gb-grid-column-a5c5b105\"><div class=\"gb-container gb-container-a5c5b105\">\n\n<h3 class=\"wp-block-heading has-text-align-center has-medium-font-size\" style=\"text-transform:uppercase\">Kylian, actuellement en licence 3 sciences de la vie<\/h3>\n\n\n\n<figure class=\"wp-block-embed wp-embed-aspect-16-9 wp-has-aspect-ratio\"><div class=\"wp-block-embed__wrapper\"><iframe src=\"https:\/\/ultv.univ-lorraine.fr\/video\/16831-explore-ton-potentiel-temoignage-de-kilian-peugeot\/?is_iframe=true\" style=\"padding: 0;  border:0\" allowfullscreen=\"\" title=\"Explore ton potentiel - T&eacute;moignage de Kilian Peugeot\" loading=\"lazy\" class=\"wp-embedded-content\"><\/iframe><\/div><\/figure>\n\n<\/div><\/div>\n<\/div>\n\n<div class=\"gb-grid-wrapper gb-grid-wrapper-cd32be6f\">\n<div class=\"gb-grid-column gb-grid-column-d8e71bea\"><div class=\"gb-container gb-container-d8e71bea\">\n\n<h3 class=\"wp-block-heading has-text-align-center has-medium-font-size\" style=\"text-transform:uppercase\">DAMIEN, actuellement LICENCE 3 sociologie<\/h3>\n\n\n\n<figure class=\"wp-block-embed wp-embed-aspect-16-9 wp-has-aspect-ratio\"><div class=\"wp-block-embed__wrapper\"><iframe src=\"https:\/\/ultv.univ-lorraine.fr\/video\/17866-explore-ton-potentiel-temoignage-de-damien\/?is_iframe=true\" style=\"padding: 0;  border:0\" allowfullscreen=\"\" title=\"Explore ton potentiel - T&eacute;moignage de&nbsp;Damien\" loading=\"lazy\" class=\"wp-embedded-content\"><\/iframe><\/div><\/figure>\n\n<\/div><\/div>\n\n<div class=\"gb-grid-column gb-grid-column-a6ed1b41\"><div class=\"gb-container gb-container-a6ed1b41\">\n\n<h3 class=\"wp-block-heading has-text-align-center has-medium-font-size\" style=\"text-transform:uppercase\">erwan, actuellement 2<sup>e<\/sup> ann&eacute;e &agrave; la facult&eacute; de m&eacute;decine<\/h3>\n\n\n\n<figure class=\"wp-block-embed wp-embed-aspect-16-9 wp-has-aspect-ratio\"><div class=\"wp-block-embed__wrapper\"><iframe src=\"https:\/\/ultv.univ-lorraine.fr\/video\/17781-explore-ton-potentiel-temoignage-de-erwan\/?is_iframe=true\" style=\"padding: 0;  border:0\" allowfullscreen=\"\" title=\"Explore ton potentiel - T&eacute;moignage de Erwan\" loading=\"lazy\" class=\"wp-embedded-content\"><\/iframe><\/div><\/figure>\n\n<\/div><\/div>\n\n<div class=\"gb-grid-column gb-grid-column-ed1e0961\"><div class=\"gb-container gb-container-ed1e0961\">\n\n<h3 class=\"wp-block-heading has-text-align-center has-medium-font-size\" style=\"text-transform:uppercase\">NICOLAS, actuellement en licence 3 sciences de l&rsquo;&eacute;ducation<\/h3>\n\n\n\n<figure class=\"wp-block-embed wp-embed-aspect-16-9 wp-has-aspect-ratio\"><div class=\"wp-block-embed__wrapper\"><iframe src=\"https:\/\/ultv.univ-lorraine.fr\/video\/16945-explore-ton-potentiel-temoignage-de-nicolas\/?is_iframe=true\" style=\"padding: 0;  border:0\" allowfullscreen=\"\" title=\"Explore ton potentiel - T&eacute;moignage de Nicolas\" loading=\"lazy\" class=\"wp-embedded-content\"><\/iframe><\/div><\/figure>\n\n<\/div><\/div>\n<\/div>\n<\/div><\/body><\/html>\n","protected":false},"excerpt":{"rendered":"<p>R\u00e9orientation : des \u00e9tudiant\u00b7es t\u00e9moignent de leurs parcours !<\/p>\n","protected":false},"author":7,"featured_media":0,"parent":195,"menu_order":0,"comment_status":"closed","ping_status":"closed","template":"","meta":{"inline_featured_image":false,"footnotes":""},"categories":[28],"tags":[],"class_list":{"0":"post-4910","1":"page","2":"type-page","3":"status-publish","5":"category-ressources"},"yoast_head":"<!-- This site is optimized with the Yoast SEO plugin v27.4 - https:\/\/yoast.com\/product\/yoast-seo-wordpress\/ -->\n<title>Ressources pour les \u00e9tudiant\u00b7es envisageant de se r\u00e9orienter - Orientation et insertion professionnelle<\/title>\n<meta name=\"robots\" content=\"index, follow, max-snippet:-1, max-image-preview:large, max-video-preview:-1\" \/>\n<link rel=\"canonical\" href=\"https:\/\/www.univ-lorraine.fr\/orientation-insertion-professionnelle\/ressources\/ressources-pour-les-etudiant-e-s-envisageant-de-se-reorienter\/\" \/>\n<meta property=\"og:locale\" content=\"fr_FR\" \/>\n<meta property=\"og:type\" content=\"article\" \/>\n<meta property=\"og:title\" content=\"Ressources pour les \u00e9tudiant\u00b7es envisageant de se r\u00e9orienter - Orientation et insertion professionnelle\" \/>\n<meta property=\"og:description\" content=\"R\u00e9orientation : des \u00e9tudiant\u00b7es t\u00e9moignent de leurs parcours !\" \/>\n<meta property=\"og:url\" content=\"https:\/\/www.univ-lorraine.fr\/orientation-insertion-professionnelle\/ressources\/ressources-pour-les-etudiant-e-s-envisageant-de-se-reorienter\/\" \/>\n<meta property=\"og:site_name\" content=\"Orientation et insertion professionnelle\" \/>\n<meta property=\"article:modified_time\" content=\"2025-10-27T10:01:08+00:00\" \/>\n<meta name=\"twitter:card\" content=\"summary_large_image\" \/>\n<meta name=\"twitter:label1\" content=\"Dur\u00e9e de lecture estim\u00e9e\" \/>\n\t<meta name=\"twitter:data1\" content=\"2 minutes\" \/>\n<script type=\"application\/ld+json\" class=\"yoast-schema-graph\">{\"@context\":\"https:\\\/\\\/schema.org\",\"@graph\":[{\"@type\":\"WebPage\",\"@id\":\"https:\\\/\\\/www.univ-lorraine.fr\\\/orientation-insertion-professionnelle\\\/ressources\\\/ressources-pour-les-etudiant-e-s-envisageant-de-se-reorienter\\\/\",\"url\":\"https:\\\/\\\/www.univ-lorraine.fr\\\/orientation-insertion-professionnelle\\\/ressources\\\/ressources-pour-les-etudiant-e-s-envisageant-de-se-reorienter\\\/\",\"name\":\"Ressources pour les \u00e9tudiant\u00b7es envisageant de se r\u00e9orienter - Orientation et insertion professionnelle\",\"isPartOf\":{\"@id\":\"https:\\\/\\\/www.univ-lorraine.fr\\\/orientation-insertion-professionnelle\\\/#website\"},\"datePublished\":\"2022-09-16T15:11:33+00:00\",\"dateModified\":\"2025-10-27T10:01:08+00:00\",\"breadcrumb\":{\"@id\":\"https:\\\/\\\/www.univ-lorraine.fr\\\/orientation-insertion-professionnelle\\\/ressources\\\/ressources-pour-les-etudiant-e-s-envisageant-de-se-reorienter\\\/#breadcrumb\"},\"inLanguage\":\"fr-FR\",\"potentialAction\":[{\"@type\":\"ReadAction\",\"target\":[\"https:\\\/\\\/www.univ-lorraine.fr\\\/orientation-insertion-professionnelle\\\/ressources\\\/ressources-pour-les-etudiant-e-s-envisageant-de-se-reorienter\\\/\"]}]},{\"@type\":\"BreadcrumbList\",\"@id\":\"https:\\\/\\\/www.univ-lorraine.fr\\\/orientation-insertion-professionnelle\\\/ressources\\\/ressources-pour-les-etudiant-e-s-envisageant-de-se-reorienter\\\/#breadcrumb\",\"itemListElement\":[{\"@type\":\"ListItem\",\"position\":1,\"name\":\"Accueil\",\"item\":\"https:\\\/\\\/www.univ-lorraine.fr\\\/orientation-insertion-professionnelle\\\/\"},{\"@type\":\"ListItem\",\"position\":2,\"name\":\"Ressources\",\"item\":\"https:\\\/\\\/www.univ-lorraine.fr\\\/orientation-insertion-professionnelle\\\/ressources\\\/\"},{\"@type\":\"ListItem\",\"position\":3,\"name\":\"Ressources pour les \u00e9tudiant\u00b7es envisageant de se r\u00e9orienter\"}]},{\"@type\":\"WebSite\",\"@id\":\"https:\\\/\\\/www.univ-lorraine.fr\\\/orientation-insertion-professionnelle\\\/#website\",\"url\":\"https:\\\/\\\/www.univ-lorraine.fr\\\/orientation-insertion-professionnelle\\\/\",\"name\":\"Orientation et insertion professionnelle\",\"description\":\"\",\"publisher\":{\"@id\":\"https:\\\/\\\/www.univ-lorraine.fr\\\/orientation-insertion-professionnelle\\\/#organization\"},\"potentialAction\":[{\"@type\":\"SearchAction\",\"target\":{\"@type\":\"EntryPoint\",\"urlTemplate\":\"https:\\\/\\\/www.univ-lorraine.fr\\\/orientation-insertion-professionnelle\\\/?s={search_term_string}\"},\"query-input\":{\"@type\":\"PropertyValueSpecification\",\"valueRequired\":true,\"valueName\":\"search_term_string\"}}],\"inLanguage\":\"fr-FR\"},{\"@type\":\"Organization\",\"@id\":\"https:\\\/\\\/www.univ-lorraine.fr\\\/orientation-insertion-professionnelle\\\/#organization\",\"name\":\"Universit\u00e9 de Lorraine\",\"url\":\"https:\\\/\\\/www.univ-lorraine.fr\\\/orientation-insertion-professionnelle\\\/\",\"logo\":{\"@type\":\"ImageObject\",\"inLanguage\":\"fr-FR\",\"@id\":\"https:\\\/\\\/www.univ-lorraine.fr\\\/orientation-insertion-professionnelle\\\/#\\\/schema\\\/logo\\\/image\\\/\",\"url\":\"https:\\\/\\\/www.univ-lorraine.fr\\\/orientation-insertion-professionnelle\\\/wp-content\\\/uploads\\\/sites\\\/7\\\/2023\\\/04\\\/logo_siteweb2_Plan-de-travail-1.png\",\"contentUrl\":\"https:\\\/\\\/www.univ-lorraine.fr\\\/orientation-insertion-professionnelle\\\/wp-content\\\/uploads\\\/sites\\\/7\\\/2023\\\/04\\\/logo_siteweb2_Plan-de-travail-1.png\",\"width\":852,\"height\":492,\"caption\":\"Universit\u00e9 de Lorraine\"},\"image\":{\"@id\":\"https:\\\/\\\/www.univ-lorraine.fr\\\/orientation-insertion-professionnelle\\\/#\\\/schema\\\/logo\\\/image\\\/\"}}]}<\/script>\n<!-- \/ Yoast SEO plugin. -->","yoast_head_json":{"title":"Ressources pour les \u00e9tudiant\u00b7es envisageant de se r\u00e9orienter - Orientation et insertion professionnelle","robots":{"index":"index","follow":"follow","max-snippet":"max-snippet:-1","max-image-preview":"max-image-preview:large","max-video-preview":"max-video-preview:-1"},"canonical":"https:\/\/www.univ-lorraine.fr\/orientation-insertion-professionnelle\/ressources\/ressources-pour-les-etudiant-e-s-envisageant-de-se-reorienter\/","og_locale":"fr_FR","og_type":"article","og_title":"Ressources pour les \u00e9tudiant\u00b7es envisageant de se r\u00e9orienter - Orientation et insertion professionnelle","og_description":"R\u00e9orientation : des \u00e9tudiant\u00b7es t\u00e9moignent de leurs parcours !","og_url":"https:\/\/www.univ-lorraine.fr\/orientation-insertion-professionnelle\/ressources\/ressources-pour-les-etudiant-e-s-envisageant-de-se-reorienter\/","og_site_name":"Orientation et insertion professionnelle","article_modified_time":"2025-10-27T10:01:08+00:00","twitter_card":"summary_large_image","twitter_misc":{"Dur\u00e9e de lecture estim\u00e9e":"2 minutes"},"schema":{"@context":"https:\/\/schema.org","@graph":[{"@type":"WebPage","@id":"https:\/\/www.univ-lorraine.fr\/orientation-insertion-professionnelle\/ressources\/ressources-pour-les-etudiant-e-s-envisageant-de-se-reorienter\/","url":"https:\/\/www.univ-lorraine.fr\/orientation-insertion-professionnelle\/ressources\/ressources-pour-les-etudiant-e-s-envisageant-de-se-reorienter\/","name":"Ressources pour les \u00e9tudiant\u00b7es envisageant de se r\u00e9orienter - Orientation et insertion professionnelle","isPartOf":{"@id":"https:\/\/www.univ-lorraine.fr\/orientation-insertion-professionnelle\/#website"},"datePublished":"2022-09-16T15:11:33+00:00","dateModified":"2025-10-27T10:01:08+00:00","breadcrumb":{"@id":"https:\/\/www.univ-lorraine.fr\/orientation-insertion-professionnelle\/ressources\/ressources-pour-les-etudiant-e-s-envisageant-de-se-reorienter\/#breadcrumb"},"inLanguage":"fr-FR","potentialAction":[{"@type":"ReadAction","target":["https:\/\/www.univ-lorraine.fr\/orientation-insertion-professionnelle\/ressources\/ressources-pour-les-etudiant-e-s-envisageant-de-se-reorienter\/"]}]},{"@type":"BreadcrumbList","@id":"https:\/\/www.univ-lorraine.fr\/orientation-insertion-professionnelle\/ressources\/ressources-pour-les-etudiant-e-s-envisageant-de-se-reorienter\/#breadcrumb","itemListElement":[{"@type":"ListItem","position":1,"name":"Accueil","item":"https:\/\/www.univ-lorraine.fr\/orientation-insertion-professionnelle\/"},{"@type":"ListItem","position":2,"name":"Ressources","item":"https:\/\/www.univ-lorraine.fr\/orientation-insertion-professionnelle\/ressources\/"},{"@type":"ListItem","position":3,"name":"Ressources pour les \u00e9tudiant\u00b7es envisageant de se r\u00e9orienter"}]},{"@type":"WebSite","@id":"https:\/\/www.univ-lorraine.fr\/orientation-insertion-professionnelle\/#website","url":"https:\/\/www.univ-lorraine.fr\/orientation-insertion-professionnelle\/","name":"Orientation et insertion professionnelle","description":"","publisher":{"@id":"https:\/\/www.univ-lorraine.fr\/orientation-insertion-professionnelle\/#organization"},"potentialAction":[{"@type":"SearchAction","target":{"@type":"EntryPoint","urlTemplate":"https:\/\/www.univ-lorraine.fr\/orientation-insertion-professionnelle\/?s={search_term_string}"},"query-input":{"@type":"PropertyValueSpecification","valueRequired":true,"valueName":"search_term_string"}}],"inLanguage":"fr-FR"},{"@type":"Organization","@id":"https:\/\/www.univ-lorraine.fr\/orientation-insertion-professionnelle\/#organization","name":"Universit\u00e9 de Lorraine","url":"https:\/\/www.univ-lorraine.fr\/orientation-insertion-professionnelle\/","logo":{"@type":"ImageObject","inLanguage":"fr-FR","@id":"https:\/\/www.univ-lorraine.fr\/orientation-insertion-professionnelle\/#\/schema\/logo\/image\/","url":"https:\/\/www.univ-lorraine.fr\/orientation-insertion-professionnelle\/wp-content\/uploads\/sites\/7\/2023\/04\/logo_siteweb2_Plan-de-travail-1.png","contentUrl":"https:\/\/www.univ-lorraine.fr\/orientation-insertion-professionnelle\/wp-content\/uploads\/sites\/7\/2023\/04\/logo_siteweb2_Plan-de-travail-1.png","width":852,"height":492,"caption":"Universit\u00e9 de Lorraine"},"image":{"@id":"https:\/\/www.univ-lorraine.fr\/orientation-insertion-professionnelle\/#\/schema\/logo\/image\/"}}]}},"_links":{"self":[{"href":"https:\/\/www.univ-lorraine.fr\/orientation-insertion-professionnelle\/wp-json\/wp\/v2\/pages\/4910","targetHints":{"allow":["GET"]}}],"collection":[{"href":"https:\/\/www.univ-lorraine.fr\/orientation-insertion-professionnelle\/wp-json\/wp\/v2\/pages"}],"about":[{"href":"https:\/\/www.univ-lorraine.fr\/orientation-insertion-professionnelle\/wp-json\/wp\/v2\/types\/page"}],"author":[{"embeddable":true,"href":"https:\/\/www.univ-lorraine.fr\/orientation-insertion-professionnelle\/wp-json\/wp\/v2\/users\/7"}],"replies":[{"embeddable":true,"href":"https:\/\/www.univ-lorraine.fr\/orientation-insertion-professionnelle\/wp-json\/wp\/v2\/comments?post=4910"}],"version-history":[{"count":39,"href":"https:\/\/www.univ-lorraine.fr\/orientation-insertion-professionnelle\/wp-json\/wp\/v2\/pages\/4910\/revisions"}],"predecessor-version":[{"id":14824,"href":"https:\/\/www.univ-lorraine.fr\/orientation-insertion-professionnelle\/wp-json\/wp\/v2\/pages\/4910\/revisions\/14824"}],"up":[{"embeddable":true,"href":"https:\/\/www.univ-lorraine.fr\/orientation-insertion-professionnelle\/wp-json\/wp\/v2\/pages\/195"}],"wp:attachment":[{"href":"https:\/\/www.univ-lorraine.fr\/orientation-insertion-professionnelle\/wp-json\/wp\/v2\/media?parent=4910"}],"wp:term":[{"taxonomy":"category","embeddable":true,"href":"https:\/\/www.univ-lorraine.fr\/orientation-insertion-professionnelle\/wp-json\/wp\/v2\/categories?post=4910"},{"taxonomy":"post_tag","embeddable":true,"href":"https:\/\/www.univ-lorraine.fr\/orientation-insertion-professionnelle\/wp-json\/wp\/v2\/tags?post=4910"}],"curies":[{"name":"wp","href":"https:\/\/api.w.org\/{rel}","templated":true}]}}