{"id":4915,"date":"2022-09-16T17:11:33","date_gmt":"2022-09-16T15:11:33","guid":{"rendered":"https:\/\/www.univ-lorraine.fr\/orientation-insertion-professionnelle\/?page_id=4915"},"modified":"2025-10-27T11:10:23","modified_gmt":"2025-10-27T10:10:23","slug":"ressources-pour-les-equipes-educatives-du-secondaire","status":"publish","type":"page","link":"https:\/\/www.univ-lorraine.fr\/orientation-insertion-professionnelle\/ressources\/ressources-pour-les-equipes-educatives-du-secondaire\/","title":{"rendered":"Ressources pour les \u00e9quipes \u00e9ducatives du secondaire"},"content":{"rendered":"<div class=\"gb-grid-wrapper gb-grid-wrapper-552374ca\">\n<div class=\"gb-grid-column gb-grid-column-71d4b594\"><div class=\"gb-container gb-container-71d4b594\"><div class=\"gb-inside-container\">\n\n<h3 class=\"gb-headline gb-headline-8668d7e1 gb-headline-text\">Accompagner les \u00e9l\u00e8ves dans leur orientation<\/h3>\n\n\n\n<ul class=\"wp-block-list\">\n<li><a href=\"https:\/\/eduscol.education.fr\/2236\/parcoursup-l-orientation-du-lycee-vers-l-enseignement-superieur\" target=\"_blank\" rel=\"noreferrer noopener\">Eduscol : ressources pour accompagner les \u00e9l\u00e8ves dans leur choix d&rsquo;orientation<\/a><\/li>\n\n\n\n<li><a href=\"https:\/\/avenirs.onisep.fr\/#pour-les-equipes-educatives\" target=\"_blank\" rel=\"noreferrer noopener\">Ressources de l&rsquo;Onisep d\u00e9di\u00e9es aux \u00e9quipes \u00e9ducatives<\/a><\/li>\n\n\n\n<li><a href=\"https:\/\/www.fun-mooc.fr\/fr\/cours\/accompagnez-vos-eleves-lorientation-grace-aux-mooc\/\" target=\"_blank\" rel=\"noreferrer noopener\">MOOC \u00ab\u00a0Accompagnez vos \u00e9l\u00e8ves \u00e0 l&rsquo;orientation gr\u00e2ce aux MOOC\u00a0\u00bb<\/a><\/li>\n\n\n\n<li><a href=\"https:\/\/www.univ-lorraine.fr\/orientation-insertion-professionnelle\/wp-admin\/post.php?post=195&amp;action=edit#MOOCorientation\" target=\"_blank\" rel=\"noreferrer noopener\">MOOC Orientation<\/a><\/li>\n\n\n\n<li><a href=\"https:\/\/www.enseignementsup-recherche.gouv.fr\/fr\/parcours-et-reussite-en-licence-les-resultats-de-la-session-2022-93570\" target=\"_blank\" rel=\"noreferrer noopener\">Parcours et r\u00e9ussite en licence : les r\u00e9sultats de la session 2022, Note d&rsquo;info du SIES, n\u00b026, novembre 2023<\/a><\/li>\n\n\n\n<li><a href=\"https:\/\/www.univ-lorraine.fr\/orientation-insertion-professionnelle\/wp-content\/uploads\/sites\/7\/2024\/03\/stop-aux-idees-recues-sur-luniversite-2024.pdf\" target=\"_blank\" rel=\"noreferrer noopener\">Diaporama Choisir l&rsquo;universit\u00e9 : aller au del\u00e0 des id\u00e9es re\u00e7ues<\/a> &#8211; 2024<\/li>\n<\/ul>\n\n<\/div><\/div><\/div>\n\n<div class=\"gb-grid-column gb-grid-column-ba1c7ac6\"><div class=\"gb-container gb-container-ba1c7ac6\"><div class=\"gb-inside-container\">\n\n<h3 class=\"gb-headline gb-headline-31b43bf7 gb-headline-text\">S&rsquo;informer sur l&rsquo;universit\u00e9 de Lorraine et ses formations<\/h3>\n\n\n\n<ul class=\"wp-block-list\">\n<li><a href=\"https:\/\/factuel.univ-lorraine.fr\/article\/decouvrez-les-chiffres-cles-2025-de-luniversite-de-lorraine\/\" target=\"_blank\" rel=\"noreferrer noopener\">Chiffres cl\u00e9 de l&rsquo;universit\u00e9 de Lorraine 2025<\/a><\/li>\n\n\n\n<li><a href=\"https:\/\/www.univ-lorraine.fr\/orientation-insertion-professionnelle\/wp-content\/uploads\/sites\/7\/2024\/03\/offre-de-formation-de-luniversite-de-lorraine-23-24.pdf\" target=\"_blank\" rel=\"noreferrer noopener\">Offre de formation de l\u2019universit\u00e9 de Lorraine &#8211; 2024<\/a><\/li>\n\n\n\n<li><a href=\"http:\/\/www.insertion.univ-lorraine.fr\/\" target=\"_blank\" rel=\"noreferrer noopener\">Enqu\u00eates de l&rsquo;Observatoire de la vie universitaire sur le devenir des dipl\u00f4m\u00e9s de l&rsquo;universit\u00e9 de Lorraine<\/a><\/li>\n<\/ul>\n\n<\/div><\/div><\/div>\n<\/div>","protected":false},"excerpt":{"rendered":"","protected":false},"author":7,"featured_media":0,"parent":195,"menu_order":0,"comment_status":"closed","ping_status":"closed","template":"","meta":{"inline_featured_image":false,"footnotes":""},"categories":[28],"tags":[],"class_list":{"0":"post-4915","1":"page","2":"type-page","3":"status-publish","5":"category-ressources"},"yoast_head":"<!-- This site is optimized with the Yoast SEO plugin v27.4 - https:\/\/yoast.com\/product\/yoast-seo-wordpress\/ -->\n<title>Ressources pour les \u00e9quipes \u00e9ducatives du secondaire - Orientation et insertion professionnelle<\/title>\n<meta name=\"robots\" content=\"index, follow, max-snippet:-1, max-image-preview:large, max-video-preview:-1\" \/>\n<link rel=\"canonical\" href=\"https:\/\/www.univ-lorraine.fr\/orientation-insertion-professionnelle\/ressources\/ressources-pour-les-equipes-educatives-du-secondaire\/\" \/>\n<meta property=\"og:locale\" content=\"fr_FR\" \/>\n<meta property=\"og:type\" content=\"article\" \/>\n<meta property=\"og:title\" content=\"Ressources pour les \u00e9quipes \u00e9ducatives du secondaire - Orientation et insertion professionnelle\" \/>\n<meta property=\"og:url\" content=\"https:\/\/www.univ-lorraine.fr\/orientation-insertion-professionnelle\/ressources\/ressources-pour-les-equipes-educatives-du-secondaire\/\" \/>\n<meta property=\"og:site_name\" content=\"Orientation et insertion professionnelle\" \/>\n<meta property=\"article:modified_time\" content=\"2025-10-27T10:10:23+00:00\" \/>\n<meta name=\"twitter:card\" content=\"summary_large_image\" \/>\n<meta name=\"twitter:label1\" content=\"Dur\u00e9e de lecture estim\u00e9e\" \/>\n\t<meta name=\"twitter:data1\" content=\"1 minute\" \/>\n<script type=\"application\/ld+json\" class=\"yoast-schema-graph\">{\"@context\":\"https:\\\/\\\/schema.org\",\"@graph\":[{\"@type\":\"WebPage\",\"@id\":\"https:\\\/\\\/www.univ-lorraine.fr\\\/orientation-insertion-professionnelle\\\/ressources\\\/ressources-pour-les-equipes-educatives-du-secondaire\\\/\",\"url\":\"https:\\\/\\\/www.univ-lorraine.fr\\\/orientation-insertion-professionnelle\\\/ressources\\\/ressources-pour-les-equipes-educatives-du-secondaire\\\/\",\"name\":\"Ressources pour les \u00e9quipes \u00e9ducatives du secondaire - Orientation et insertion professionnelle\",\"isPartOf\":{\"@id\":\"https:\\\/\\\/www.univ-lorraine.fr\\\/orientation-insertion-professionnelle\\\/#website\"},\"datePublished\":\"2022-09-16T15:11:33+00:00\",\"dateModified\":\"2025-10-27T10:10:23+00:00\",\"breadcrumb\":{\"@id\":\"https:\\\/\\\/www.univ-lorraine.fr\\\/orientation-insertion-professionnelle\\\/ressources\\\/ressources-pour-les-equipes-educatives-du-secondaire\\\/#breadcrumb\"},\"inLanguage\":\"fr-FR\",\"potentialAction\":[{\"@type\":\"ReadAction\",\"target\":[\"https:\\\/\\\/www.univ-lorraine.fr\\\/orientation-insertion-professionnelle\\\/ressources\\\/ressources-pour-les-equipes-educatives-du-secondaire\\\/\"]}]},{\"@type\":\"BreadcrumbList\",\"@id\":\"https:\\\/\\\/www.univ-lorraine.fr\\\/orientation-insertion-professionnelle\\\/ressources\\\/ressources-pour-les-equipes-educatives-du-secondaire\\\/#breadcrumb\",\"itemListElement\":[{\"@type\":\"ListItem\",\"position\":1,\"name\":\"Accueil\",\"item\":\"https:\\\/\\\/www.univ-lorraine.fr\\\/orientation-insertion-professionnelle\\\/\"},{\"@type\":\"ListItem\",\"position\":2,\"name\":\"Ressources\",\"item\":\"https:\\\/\\\/www.univ-lorraine.fr\\\/orientation-insertion-professionnelle\\\/ressources\\\/\"},{\"@type\":\"ListItem\",\"position\":3,\"name\":\"Ressources pour les \u00e9quipes \u00e9ducatives du secondaire\"}]},{\"@type\":\"WebSite\",\"@id\":\"https:\\\/\\\/www.univ-lorraine.fr\\\/orientation-insertion-professionnelle\\\/#website\",\"url\":\"https:\\\/\\\/www.univ-lorraine.fr\\\/orientation-insertion-professionnelle\\\/\",\"name\":\"Orientation et insertion professionnelle\",\"description\":\"\",\"publisher\":{\"@id\":\"https:\\\/\\\/www.univ-lorraine.fr\\\/orientation-insertion-professionnelle\\\/#organization\"},\"potentialAction\":[{\"@type\":\"SearchAction\",\"target\":{\"@type\":\"EntryPoint\",\"urlTemplate\":\"https:\\\/\\\/www.univ-lorraine.fr\\\/orientation-insertion-professionnelle\\\/?s={search_term_string}\"},\"query-input\":{\"@type\":\"PropertyValueSpecification\",\"valueRequired\":true,\"valueName\":\"search_term_string\"}}],\"inLanguage\":\"fr-FR\"},{\"@type\":\"Organization\",\"@id\":\"https:\\\/\\\/www.univ-lorraine.fr\\\/orientation-insertion-professionnelle\\\/#organization\",\"name\":\"Universit\u00e9 de Lorraine\",\"url\":\"https:\\\/\\\/www.univ-lorraine.fr\\\/orientation-insertion-professionnelle\\\/\",\"logo\":{\"@type\":\"ImageObject\",\"inLanguage\":\"fr-FR\",\"@id\":\"https:\\\/\\\/www.univ-lorraine.fr\\\/orientation-insertion-professionnelle\\\/#\\\/schema\\\/logo\\\/image\\\/\",\"url\":\"https:\\\/\\\/www.univ-lorraine.fr\\\/orientation-insertion-professionnelle\\\/wp-content\\\/uploads\\\/sites\\\/7\\\/2023\\\/04\\\/logo_siteweb2_Plan-de-travail-1.png\",\"contentUrl\":\"https:\\\/\\\/www.univ-lorraine.fr\\\/orientation-insertion-professionnelle\\\/wp-content\\\/uploads\\\/sites\\\/7\\\/2023\\\/04\\\/logo_siteweb2_Plan-de-travail-1.png\",\"width\":852,\"height\":492,\"caption\":\"Universit\u00e9 de Lorraine\"},\"image\":{\"@id\":\"https:\\\/\\\/www.univ-lorraine.fr\\\/orientation-insertion-professionnelle\\\/#\\\/schema\\\/logo\\\/image\\\/\"}}]}<\/script>\n<!-- \/ Yoast SEO plugin. -->","yoast_head_json":{"title":"Ressources pour les \u00e9quipes \u00e9ducatives du secondaire - Orientation et insertion professionnelle","robots":{"index":"index","follow":"follow","max-snippet":"max-snippet:-1","max-image-preview":"max-image-preview:large","max-video-preview":"max-video-preview:-1"},"canonical":"https:\/\/www.univ-lorraine.fr\/orientation-insertion-professionnelle\/ressources\/ressources-pour-les-equipes-educatives-du-secondaire\/","og_locale":"fr_FR","og_type":"article","og_title":"Ressources pour les \u00e9quipes \u00e9ducatives du secondaire - Orientation et insertion professionnelle","og_url":"https:\/\/www.univ-lorraine.fr\/orientation-insertion-professionnelle\/ressources\/ressources-pour-les-equipes-educatives-du-secondaire\/","og_site_name":"Orientation et insertion professionnelle","article_modified_time":"2025-10-27T10:10:23+00:00","twitter_card":"summary_large_image","twitter_misc":{"Dur\u00e9e de lecture estim\u00e9e":"1 minute"},"schema":{"@context":"https:\/\/schema.org","@graph":[{"@type":"WebPage","@id":"https:\/\/www.univ-lorraine.fr\/orientation-insertion-professionnelle\/ressources\/ressources-pour-les-equipes-educatives-du-secondaire\/","url":"https:\/\/www.univ-lorraine.fr\/orientation-insertion-professionnelle\/ressources\/ressources-pour-les-equipes-educatives-du-secondaire\/","name":"Ressources pour les \u00e9quipes \u00e9ducatives du secondaire - Orientation et insertion professionnelle","isPartOf":{"@id":"https:\/\/www.univ-lorraine.fr\/orientation-insertion-professionnelle\/#website"},"datePublished":"2022-09-16T15:11:33+00:00","dateModified":"2025-10-27T10:10:23+00:00","breadcrumb":{"@id":"https:\/\/www.univ-lorraine.fr\/orientation-insertion-professionnelle\/ressources\/ressources-pour-les-equipes-educatives-du-secondaire\/#breadcrumb"},"inLanguage":"fr-FR","potentialAction":[{"@type":"ReadAction","target":["https:\/\/www.univ-lorraine.fr\/orientation-insertion-professionnelle\/ressources\/ressources-pour-les-equipes-educatives-du-secondaire\/"]}]},{"@type":"BreadcrumbList","@id":"https:\/\/www.univ-lorraine.fr\/orientation-insertion-professionnelle\/ressources\/ressources-pour-les-equipes-educatives-du-secondaire\/#breadcrumb","itemListElement":[{"@type":"ListItem","position":1,"name":"Accueil","item":"https:\/\/www.univ-lorraine.fr\/orientation-insertion-professionnelle\/"},{"@type":"ListItem","position":2,"name":"Ressources","item":"https:\/\/www.univ-lorraine.fr\/orientation-insertion-professionnelle\/ressources\/"},{"@type":"ListItem","position":3,"name":"Ressources pour les \u00e9quipes \u00e9ducatives du secondaire"}]},{"@type":"WebSite","@id":"https:\/\/www.univ-lorraine.fr\/orientation-insertion-professionnelle\/#website","url":"https:\/\/www.univ-lorraine.fr\/orientation-insertion-professionnelle\/","name":"Orientation et insertion professionnelle","description":"","publisher":{"@id":"https:\/\/www.univ-lorraine.fr\/orientation-insertion-professionnelle\/#organization"},"potentialAction":[{"@type":"SearchAction","target":{"@type":"EntryPoint","urlTemplate":"https:\/\/www.univ-lorraine.fr\/orientation-insertion-professionnelle\/?s={search_term_string}"},"query-input":{"@type":"PropertyValueSpecification","valueRequired":true,"valueName":"search_term_string"}}],"inLanguage":"fr-FR"},{"@type":"Organization","@id":"https:\/\/www.univ-lorraine.fr\/orientation-insertion-professionnelle\/#organization","name":"Universit\u00e9 de Lorraine","url":"https:\/\/www.univ-lorraine.fr\/orientation-insertion-professionnelle\/","logo":{"@type":"ImageObject","inLanguage":"fr-FR","@id":"https:\/\/www.univ-lorraine.fr\/orientation-insertion-professionnelle\/#\/schema\/logo\/image\/","url":"https:\/\/www.univ-lorraine.fr\/orientation-insertion-professionnelle\/wp-content\/uploads\/sites\/7\/2023\/04\/logo_siteweb2_Plan-de-travail-1.png","contentUrl":"https:\/\/www.univ-lorraine.fr\/orientation-insertion-professionnelle\/wp-content\/uploads\/sites\/7\/2023\/04\/logo_siteweb2_Plan-de-travail-1.png","width":852,"height":492,"caption":"Universit\u00e9 de Lorraine"},"image":{"@id":"https:\/\/www.univ-lorraine.fr\/orientation-insertion-professionnelle\/#\/schema\/logo\/image\/"}}]}},"_links":{"self":[{"href":"https:\/\/www.univ-lorraine.fr\/orientation-insertion-professionnelle\/wp-json\/wp\/v2\/pages\/4915","targetHints":{"allow":["GET"]}}],"collection":[{"href":"https:\/\/www.univ-lorraine.fr\/orientation-insertion-professionnelle\/wp-json\/wp\/v2\/pages"}],"about":[{"href":"https:\/\/www.univ-lorraine.fr\/orientation-insertion-professionnelle\/wp-json\/wp\/v2\/types\/page"}],"author":[{"embeddable":true,"href":"https:\/\/www.univ-lorraine.fr\/orientation-insertion-professionnelle\/wp-json\/wp\/v2\/users\/7"}],"replies":[{"embeddable":true,"href":"https:\/\/www.univ-lorraine.fr\/orientation-insertion-professionnelle\/wp-json\/wp\/v2\/comments?post=4915"}],"version-history":[{"count":12,"href":"https:\/\/www.univ-lorraine.fr\/orientation-insertion-professionnelle\/wp-json\/wp\/v2\/pages\/4915\/revisions"}],"predecessor-version":[{"id":14825,"href":"https:\/\/www.univ-lorraine.fr\/orientation-insertion-professionnelle\/wp-json\/wp\/v2\/pages\/4915\/revisions\/14825"}],"up":[{"embeddable":true,"href":"https:\/\/www.univ-lorraine.fr\/orientation-insertion-professionnelle\/wp-json\/wp\/v2\/pages\/195"}],"wp:attachment":[{"href":"https:\/\/www.univ-lorraine.fr\/orientation-insertion-professionnelle\/wp-json\/wp\/v2\/media?parent=4915"}],"wp:term":[{"taxonomy":"category","embeddable":true,"href":"https:\/\/www.univ-lorraine.fr\/orientation-insertion-professionnelle\/wp-json\/wp\/v2\/categories?post=4915"},{"taxonomy":"post_tag","embeddable":true,"href":"https:\/\/www.univ-lorraine.fr\/orientation-insertion-professionnelle\/wp-json\/wp\/v2\/tags?post=4915"}],"curies":[{"name":"wp","href":"https:\/\/api.w.org\/{rel}","templated":true}]}}