{"id":6452,"date":"2023-04-24T15:22:52","date_gmt":"2023-04-24T13:22:52","guid":{"rendered":"https:\/\/www.univ-lorraine.fr\/orientation-insertion-professionnelle\/?page_id=6452"},"modified":"2026-01-15T14:02:48","modified_gmt":"2026-01-15T13:02:48","slug":"agenda","status":"publish","type":"page","link":"https:\/\/www.univ-lorraine.fr\/orientation-insertion-professionnelle\/agenda\/","title":{"rendered":"Agenda"},"content":{"rendered":"<div class=\"pod-offre-emplois pod-offre-emplois wp-block-pods-pods-block-list\"><form method=\"get\" class=\"pods-form-filters pods-form-filters-contenu_factuel\" action=\"\">\n\t\t\t<div class=\"pods-form-ui-field pods-dfv-field pods-dfv-field--unloaded\">\n\t\t\t\t\t\t\t<span class=\"pods-dfv-field__loading-indicator\" role=\"progressbar\"><\/span>\n\t\t\t\t\t\t\t\t\t<script type=\"application\/json\" class=\"pods-dfv-field-data\" data-pod=\"\" data-group=\"\" data-item-id=\"15647\" data-form-counter=\"0\">{\"htmlAttr\":{\"id\":\"pods-form-ui-filter-factuel-culture-genre\",\"class\":\"pods-form-ui-field pods-form-ui-field-type-pick pods-form-ui-field-name-filter-factuel-culture-genre\",\"name\":\"filter_factuel-culture-genre\",\"name_clean\":\"filter-factuel-culture-genre\"},\"fieldType\":\"pick\",\"fieldItemData\":[{\"id\":\"\",\"icon\":\"dashicons-category\",\"name\":\"-- Th\\u00e8mes --\",\"edit_link\":\"\",\"link\":\"\",\"selected\":true},{\"id\":\"378\",\"icon\":\"dashicons-category\",\"name\":\"Alternance\",\"edit_link\":\"\",\"link\":\"https:\\\/\\\/www.univ-lorraine.fr\\\/orientation-insertion-professionnelle\\\/factuel-culture-genre\\\/alternance\\\/\",\"selected\":false},{\"id\":\"379\",\"icon\":\"dashicons-category\",\"name\":\"Connaissance de soi\",\"edit_link\":\"\",\"link\":\"https:\\\/\\\/www.univ-lorraine.fr\\\/orientation-insertion-professionnelle\\\/factuel-culture-genre\\\/connaissance-de-soi\\\/\",\"selected\":false},{\"id\":\"380\",\"icon\":\"dashicons-category\",\"name\":\"D\\u00e9couverte de l\\u2019universit\\u00e9\",\"edit_link\":\"\",\"link\":\"https:\\\/\\\/www.univ-lorraine.fr\\\/orientation-insertion-professionnelle\\\/factuel-culture-genre\\\/decouverte-de-luniversite\\\/\",\"selected\":false},{\"id\":\"381\",\"icon\":\"dashicons-category\",\"name\":\"Emploi\",\"edit_link\":\"\",\"link\":\"https:\\\/\\\/www.univ-lorraine.fr\\\/orientation-insertion-professionnelle\\\/factuel-culture-genre\\\/emploi\\\/\",\"selected\":false},{\"id\":\"382\",\"icon\":\"dashicons-category\",\"name\":\"Insertion Professionnelle\",\"edit_link\":\"\",\"link\":\"https:\\\/\\\/www.univ-lorraine.fr\\\/orientation-insertion-professionnelle\\\/factuel-culture-genre\\\/insertion-professionnelle\\\/\",\"selected\":false},{\"id\":\"383\",\"icon\":\"dashicons-category\",\"name\":\"Orientation\",\"edit_link\":\"\",\"link\":\"https:\\\/\\\/www.univ-lorraine.fr\\\/orientation-insertion-professionnelle\\\/factuel-culture-genre\\\/orientation\\\/\",\"selected\":false},{\"id\":\"384\",\"icon\":\"dashicons-category\",\"name\":\"R\\u00e9orientation\",\"edit_link\":\"\",\"link\":\"https:\\\/\\\/www.univ-lorraine.fr\\\/orientation-insertion-professionnelle\\\/factuel-culture-genre\\\/reorientation\\\/\",\"selected\":false},{\"id\":\"385\",\"icon\":\"dashicons-category\",\"name\":\"Stage\",\"edit_link\":\"\",\"link\":\"https:\\\/\\\/www.univ-lorraine.fr\\\/orientation-insertion-professionnelle\\\/factuel-culture-genre\\\/stage\\\/\",\"selected\":false}],\"fieldConfig\":{\"object_type\":\"field\",\"object_storage_type\":\"collection\",\"name\":\"filter_factuel-culture-genre\",\"id\":15647,\"parent\":6568,\"group\":\"\",\"label\":\"Th\\u00e8mes\",\"description\":\"\",\"type\":\"pick\",\"pick_object\":\"taxonomy\",\"pick_val\":\"factuel-culture-genre\",\"taxonomy_object\":\"taxonomy\",\"taxonomy_val\":\"factuel-culture-genre\",\"alias\":[],\"hidden\":true,\"taxonomy_format_type\":\"multi\",\"pick_format_type\":\"single\",\"pick_format_single\":\"dropdown\",\"pick_select_text\":\"-- Th\\u00e8mes --\",\"pick_show_select_text\":1,\"pick_select_text_always_show\":1,\"help\":\"\",\"default\":null,\"attributes\":null,\"class\":\"\",\"grouped\":1,\"pick_format_single_help\":0,\"pick_format_multi\":\"list\",\"pick_format_multi_help\":0,\"pick_display_format_multi\":\"default\",\"pick_display_format_separator\":\", \",\"pick_allow_add_new\":false,\"pick_add_new_label\":\"Ajouter\",\"pick_taggable\":false,\"pick_show_icon\":1,\"pick_show_edit_link\":false,\"pick_show_view_link\":1,\"pick_limit\":1,\"pick_table_id\":\"\",\"pick_table_index\":\"\",\"pick_display\":\"\",\"pick_user_role\":\"\",\"pick_where\":\"\",\"pick_orderby\":\"\",\"pick_groupby\":\"\",\"pick_sync_taxonomy\":0,\"pick_sync_taxonomy_hide_taxonomy_ui\":0,\"pick_post_status\":\"publish\",\"pick_post_author\":0,\"pick_ajax\":0,\"view_name\":\"select\",\"ajax_data\":{\"ajax\":false,\"delay\":300,\"minimum_input_length\":1,\"pod_name\":\"\",\"field_name\":\"factuel-culture-genre\",\"id\":15647,\"uri_hash\":\"e4c517e578\",\"_wpnonce\":\"900134ee1b\"},\"select2_overrides\":null,\"supports_thumbnails\":null,\"groups\":[],\"fields\":[],\"repeatable\":false,\"repeatable_add_new_label\":\"Ajouter\",\"repeatable_reorder\":true,\"repeatable_limit\":1,\"repeatable_format\":\"default\",\"repeatable_format_separator\":\", \",\"item_id\":15647,\"placeholder\":\"\",\"data\":{\"\":\"-- Th\\u00e8mes --\",\"378\":\"Alternance\",\"379\":\"Connaissance de soi\",\"380\":\"D\\u00e9couverte de l\\u2019universit\\u00e9\",\"381\":\"Emploi\",\"382\":\"Insertion Professionnelle\",\"383\":\"Orientation\",\"384\":\"R\\u00e9orientation\",\"385\":\"Stage\"},\"optgroup\":false,\"iframe_src\":\"\",\"iframe_title_add\":\"Th\\u00e8mes\\u00a0: Ajouter\",\"iframe_title_edit\":\"Th\\u00e8mes\\u00a0: Modifier\"},\"fieldEmbed\":true,\"fieldValue\":\"\"}<\/script>\n\t\t<\/div>\n\t\t\t\t<div class=\"pods-form-ui-field pods-dfv-field pods-dfv-field--unloaded\">\n\t\t\t\t\t\t\t<span class=\"pods-dfv-field__loading-indicator\" role=\"progressbar\"><\/span>\n\t\t\t\t\t\t\t\t\t<script type=\"application\/json\" class=\"pods-dfv-field-data\" data-pod=\"\" data-group=\"\" data-item-id=\"15647\" data-form-counter=\"0\">{\"htmlAttr\":{\"id\":\"pods-form-ui-filter-factuel-ville\",\"class\":\"pods-form-ui-field pods-form-ui-field-type-pick pods-form-ui-field-name-filter-factuel-ville\",\"name\":\"filter_factuel-ville\",\"name_clean\":\"filter-factuel-ville\"},\"fieldType\":\"pick\",\"fieldItemData\":[{\"id\":\"\",\"icon\":\"dashicons-category\",\"name\":\"-- Factuel - interets geo. --\",\"edit_link\":\"\",\"link\":\"\",\"selected\":true},{\"id\":\"376\",\"icon\":\"dashicons-category\",\"name\":\"\\u00c0 distance\",\"edit_link\":\"\",\"link\":\"https:\\\/\\\/www.univ-lorraine.fr\\\/orientation-insertion-professionnelle\\\/factuel-ville\\\/a-distance\\\/\",\"selected\":false},{\"id\":\"386\",\"icon\":\"dashicons-category\",\"name\":\"Metz - M\\u00e9tropole\",\"edit_link\":\"\",\"link\":\"https:\\\/\\\/www.univ-lorraine.fr\\\/orientation-insertion-professionnelle\\\/factuel-ville\\\/metz-et-agglomeration\\\/\",\"selected\":false},{\"id\":\"377\",\"icon\":\"dashicons-category\",\"name\":\"Nancy - M\\u00e9tropole\",\"edit_link\":\"\",\"link\":\"https:\\\/\\\/www.univ-lorraine.fr\\\/orientation-insertion-professionnelle\\\/factuel-ville\\\/nancy-et-agglomeration\\\/\",\"selected\":false}],\"fieldConfig\":{\"object_type\":\"field\",\"object_storage_type\":\"collection\",\"name\":\"filter_factuel-ville\",\"id\":15647,\"parent\":6568,\"group\":\"\",\"label\":\"Factuel - interets geo.\",\"description\":\"\",\"type\":\"pick\",\"pick_object\":\"taxonomy\",\"pick_val\":\"factuel-ville\",\"taxonomy_object\":\"taxonomy\",\"taxonomy_val\":\"factuel-ville\",\"alias\":[],\"hidden\":true,\"taxonomy_format_type\":\"multi\",\"pick_format_type\":\"single\",\"pick_format_single\":\"dropdown\",\"pick_select_text\":\"-- Factuel - interets geo. --\",\"pick_show_select_text\":1,\"pick_select_text_always_show\":1,\"help\":\"\",\"default\":null,\"attributes\":null,\"class\":\"\",\"grouped\":1,\"pick_format_single_help\":0,\"pick_format_multi\":\"list\",\"pick_format_multi_help\":0,\"pick_display_format_multi\":\"default\",\"pick_display_format_separator\":\", \",\"pick_allow_add_new\":false,\"pick_add_new_label\":\"Ajouter\",\"pick_taggable\":false,\"pick_show_icon\":1,\"pick_show_edit_link\":false,\"pick_show_view_link\":1,\"pick_limit\":1,\"pick_table_id\":\"\",\"pick_table_index\":\"\",\"pick_display\":\"\",\"pick_user_role\":\"\",\"pick_where\":\"\",\"pick_orderby\":\"\",\"pick_groupby\":\"\",\"pick_sync_taxonomy\":0,\"pick_sync_taxonomy_hide_taxonomy_ui\":0,\"pick_post_status\":\"publish\",\"pick_post_author\":0,\"pick_ajax\":0,\"view_name\":\"select\",\"ajax_data\":{\"ajax\":false,\"delay\":300,\"minimum_input_length\":1,\"pod_name\":\"\",\"field_name\":\"factuel-ville\",\"id\":15647,\"uri_hash\":\"e4c517e578\",\"_wpnonce\":\"e9e58010f3\"},\"select2_overrides\":null,\"supports_thumbnails\":null,\"groups\":[],\"fields\":[],\"repeatable\":false,\"repeatable_add_new_label\":\"Ajouter\",\"repeatable_reorder\":true,\"repeatable_limit\":1,\"repeatable_format\":\"default\",\"repeatable_format_separator\":\", \",\"item_id\":15647,\"placeholder\":\"\",\"data\":{\"\":\"-- Factuel - interets geo. --\",\"376\":\"\\u00c0 distance\",\"386\":\"Metz - M\\u00e9tropole\",\"377\":\"Nancy - M\\u00e9tropole\"},\"optgroup\":false,\"iframe_src\":\"\",\"iframe_title_add\":\"Factuel - interets geo.\\u00a0: Ajouter\",\"iframe_title_edit\":\"Factuel - interets geo.\\u00a0: Modifier\"},\"fieldEmbed\":true,\"fieldValue\":\"\"}<\/script>\n\t\t<\/div>\n\t\t\n\t<input type=\"text\" class=\"pods-form-filters-search\" name=\"search\" value=\"\" \/>\n\n\t<input type=\"submit\" class=\"pods-form-filters-submit\" value=\"Recherche\" \/>\n<\/form>\n<ul id=\"contenus-factuel\" class=\"contenus-factuel jaces\">\r\n\t\t<li class=\"\">\r\n\t\t\t\r\n\t\t\t\t<div class=\"date\">\r\n\t\t\t\t\t<p>lundi 27 avril<\/p>\r\n\t\t\t\t\t\r\n\t\t\t\t<\/div>\r\n\t\t\t\r\n\t\t\t<h2>[Les ateliers du SOIP] Bien dans mes baskets\u00a0: Un atelier \u00ab\u00a0bien \u00eatre et mieux \u00eatre\u00a0sp\u00e9cial \u00e9tudiant\u00b7es\u00a0\u00e0 Metz<\/h2>\r\n\t\t\t<h3>Metz &#8211; M\u00e9tropole<\/h3>\r\n\t\t\t\t\t\t\t\r\n\t\t\t\t<div class=\"texte\">\r\n\n<p>Un moment de partage et d\u2019\u00e9changes (en toute confidentialit\u00e9) autour des th\u00e9matiques li\u00e9es aux \u00e9motions, \u00e0 la gestion du stress, \u00e0 la confiance en soi et aux relations avec l\u2019ext\u00e9rieur. Au programme&nbsp;: Ce sont les \u00e9tudiant\u00b7es qui en parlent le mieux&nbsp;:\u00ab&nbsp;Apr\u00e8s cet atelier, je me sens beaucoup moins coupable de ce que je ressens.&nbsp;\u00bb\u00ab&nbsp;Prendre du&#8230;<\/p>\n\r\n\t\t\t\t<\/div>\r\n\t\t\t\r\n\t\t\t\r\n\t\t\t\t<a href=\"https:\/\/factuel.univ-lorraine.fr\/evenement\/les-ateliers-du-soip-bien-dans-mes-baskets-un-atelier-bien-etre-et-mieux-etre-special-etudiant%c2%b7es-a-nancy-3\/\">Lire plus<\/a>\r\n\t\t\t\r\n\t\t<\/li>\r\n\r\n\t\t<li class=\"\">\r\n\t\t\t\r\n\t\t\t\t<div class=\"date\">\r\n\t\t\t\t\t<p>mardi 28 avril<\/p>\r\n\t\t\t\t\t\r\n\t\t\t\t<\/div>\r\n\t\t\t\r\n\t\t\t<h2>[Les Ateliers du SOIP] Pr\u00e9parer efficacement mon entretien devant jury pour une candidature en fili\u00e8re s\u00e9lective : master, BUT, licence pro<\/h2>\r\n\t\t\t<h3>Nancy &#8211; M\u00e9tropole<\/h3>\r\n\t\t\t\t\t\t\t\r\n\t\t\t\t<div class=\"texte\">\r\n\n<p>Votre dossier de candidature a \u00e9t\u00e9 retenu (via les plateformes \u00ab&nbsp;Mon Master&nbsp;\u00bb ou \u00ab&nbsp;E-candidat&nbsp;\u00bb)&nbsp;? Vous \u00eates convoqu\u00e9 \u00e0 un entretien de s\u00e9lection\u00a0? Alors, mettez toutes les chances de votre c\u00f4t\u00e9 et participez \u00e0 notre atelier ! Au programme&nbsp;: Intervenante\u00a0: G\u00e9raldine BAVI\u00c8RE-MARIE,charg\u00e9e d\u2019orientation et d\u2019insertion professionnelle, au SOIP (Service d\u2019orientation et d\u2019insertion professionnelle) Pratique&nbsp;: Contacts&nbsp;(informations et&#8230;<\/p>\n\r\n\t\t\t\t<\/div>\r\n\t\t\t\r\n\t\t\t\r\n\t\t\t\t<a href=\"https:\/\/factuel.univ-lorraine.fr\/evenement\/les-ateliers-du-soip-preparer-efficacement-mon-entretien-devant-jury-pour-une-candidature-en-filiere-selective-master-but-licence-pro-2\/\">Lire plus<\/a>\r\n\t\t\t\r\n\t\t<\/li>\r\n\r\n\t\t<li class=\"\">\r\n\t\t\t\r\n\t\t\t\t<div class=\"date\">\r\n\t\t\t\t\t\r\n\t\t\t\t\t<p>Du lundi 4 mai au jeudi 7 mai<\/p>\r\n\t\t\t\t\t\r\n\t\t\t\t<\/div>\r\n\t\t\t\r\n\t\t\t<h2>Journ\u00e9es (Techniques de recherche d&#8217;emploi) sp\u00e9cial doctorant\u00b7es<\/h2>\r\n\t\t\t<h3>\u00c0 distance<\/h3>\r\n\t\t\t\t\t\t\t\r\n\t\t\t\t<div class=\"texte\">\r\n\n<p>Pr\u00e9parez votre apr\u00e8s-th\u00e8se hors \u00ab\u00a0secteur acad\u00e9mique\u00a0\u00bb Vous \u00eates doctorant ou doctorante en 2e ou 3e ann\u00e9e, et vous souhaitez renforcer vos comp\u00e9tences en mati\u00e8re de techniques de recherche d&#8217;emploi ?Participez aux journ\u00e9es TRE (Techniques de recherche d&#8217;emploi) ! Au programme : Ateliers : Rendez-vous individuels (ou en petits groupes) : Quand ? Pratique :<\/p>\n\r\n\t\t\t\t<\/div>\r\n\t\t\t\r\n\t\t\t\r\n\t\t\t\t<a href=\"https:\/\/factuel.univ-lorraine.fr\/evenement\/journees-techniques-de-recherche-demploi-special-doctorant%c2%b7es\/\">Lire plus<\/a>\r\n\t\t\t\r\n\t\t<\/li>\r\n\r\n\t\t<li class=\"\">\r\n\t\t\t\r\n\t\t\t\t<div class=\"date\">\r\n\t\t\t\t\t<p>jeudi 17 septembre<\/p>\r\n\t\t\t\t\t\r\n\t\t\t\t<\/div>\r\n\t\t\t\r\n\t\t\t<h2>Le mois de l&#8217;emploi sp\u00e9cial Jeunes dipl\u00f4m\u00e9\u00b7es : Conf\u00e9rence \u00ab\u00a0Le march\u00e9 de l&#8217;emploi\u00a0\u00bb<\/h2>\r\n\t\t\t<h3>\u00c0 distance<\/h3>\r\n\t\t\t\t\t\t\t\r\n\t\t\t\t<div class=\"texte\">\r\n\n<p>Bient\u00f4t dipl\u00f4m\u00e9\u00b7e ou tout juste dipl\u00f4m\u00e9\u00b7e ?En septembre, avec \u00ab&nbsp;Le mois de l\u2019emploi \u2013 Sp\u00e9cial jeunes dipl\u00f4m\u00e9\u00b7es&nbsp;\u00bb, faites le plein d&rsquo;atouts pour r\u00e9ussir votre entr\u00e9e dans la vie professionnelle ! Le SOIP (Service d\u2019orientation et d\u2019insertion professionnelle) vous propose pour d\u00e9buter ce \u00ab&nbsp;Mois de l\u2019emploi&nbsp;\u00bb une conf\u00e9rence sur le march\u00e9 de l&#8217;emploi, anim\u00e9e par l&rsquo;APEC&#8230;.<\/p>\n\r\n\t\t\t\t<\/div>\r\n\t\t\t\r\n\t\t\t\r\n\t\t\t\t<a href=\"https:\/\/factuel.univ-lorraine.fr\/evenement\/le-mois-de-lemploi-special-jeunes-diplome%c2%b7es-conference-le-marche-de-lemploi\/\">Lire plus<\/a>\r\n\t\t\t\r\n\t\t<\/li>\r\n\r\n\t\t<li class=\"\">\r\n\t\t\t\r\n\t\t\t\t<div class=\"date\">\r\n\t\t\t\t\t<p>mardi 22 septembre<\/p>\r\n\t\t\t\t\t\r\n\t\t\t\t<\/div>\r\n\t\t\t\r\n\t\t\t<h2>Le mois de l\u2019emploi sp\u00e9cial Jeunes dipl\u00f4m\u00e9\u00b7es : Webinaire \u00ab\u00a0Aborder la r\u00e9mun\u00e9ration pour un 1er emploi\u00a0\u00bb<\/h2>\r\n\t\t\t<h3>\u00c0 distance<\/h3>\r\n\t\t\t\t\t\t\t\r\n\t\t\t\t<div class=\"texte\">\r\n\n<p>Bient\u00f4t dipl\u00f4m\u00e9\u00b7e ou tout juste dipl\u00f4m\u00e9\u00b7e ?En septembre, avec \u00ab&nbsp;Le mois de l\u2019emploi \u2013 Sp\u00e9cial jeunes dipl\u00f4m\u00e9\u00b7es&nbsp;\u00bb, faites le plein d&rsquo;atouts pour r\u00e9ussir votre entr\u00e9e dans la vie professionnelle, en particulier si la question \u00ab\u00a0Quelles sont vos pr\u00e9tentions salariales ?\u00a0\u00bb vous parait d\u00e9licate. Pour les jeunes dipl\u00f4m\u00e9s en qu\u00eate de leur premier emploi, aborder la&#8230;<\/p>\n\r\n\t\t\t\t<\/div>\r\n\t\t\t\r\n\t\t\t\r\n\t\t\t\t<a href=\"https:\/\/factuel.univ-lorraine.fr\/evenement\/le-mois-de-lemploi-special-jeunes-diplome%c2%b7es-webinaire-aborder-la-remuneration-pour-un-1er-emploi\/\">Lire plus<\/a>\r\n\t\t\t\r\n\t\t<\/li>\r\n\r\n\t\t<li class=\"\">\r\n\t\t\t\r\n\t\t\t\t<div class=\"date\">\r\n\t\t\t\t\t<p>jeudi 24 septembre<\/p>\r\n\t\t\t\t\t\r\n\t\t\t\t<\/div>\r\n\t\t\t\r\n\t\t\t<h2>Le mois de l&#8217;emploi sp\u00e9cial Jeunes dipl\u00f4m\u00e9\u00b7es : Web atelier \u00ab\u00a0Premiers pas en entreprise\u00a0\u00bb<\/h2>\r\n\t\t\t<h3>\u00c0 distance<\/h3>\r\n\t\t\t\t\t\t\t\r\n\t\t\t\t<div class=\"texte\">\r\n\n<p>Bient\u00f4t dipl\u00f4m\u00e9\u00b7e ou tout juste dipl\u00f4m\u00e9\u00b7e ?En septembre, avec \u00ab&nbsp;Le mois de l\u2019emploi \u2013 Sp\u00e9cial jeunes dipl\u00f4m\u00e9\u00b7es&nbsp;\u00bb, faites le plein d&rsquo;atouts pour r\u00e9ussir votre entr\u00e9e dans la vie professionnelle ! D\u00e9crocher un premier contrat, c\u2019est d\u00e9j\u00e0 une victoire. Mais comprendre comment fonctionne r\u00e9ellement l\u2019entreprise, ce que dit le droit du travail, comment lire sa fiche&#8230;<\/p>\n\r\n\t\t\t\t<\/div>\r\n\t\t\t\r\n\t\t\t\r\n\t\t\t\t<a href=\"https:\/\/factuel.univ-lorraine.fr\/evenement\/le-mois-de-lemploi-special-jeunes-diplome%c2%b7es-web-atelier-premiers-pas-en-entreprise\/\">Lire plus<\/a>\r\n\t\t\t\r\n\t\t<\/li>\r\n\r\n\t\t<li class=\"\">\r\n\t\t\t\r\n\t\t\t\t<div class=\"date\">\r\n\t\t\t\t\t<p>mardi 29 septembre<\/p>\r\n\t\t\t\t\t\r\n\t\t\t\t<\/div>\r\n\t\t\t\r\n\t\t\t<h2>Le mois de l&#8217;emploi sp\u00e9cial Jeunes dipl\u00f4m\u00e9\u00b7es : Web atelier \u00ab\u00a0Gagnez en confiance, m\u00eame sans exp\u00e9rience\u00a0\u00bb<\/h2>\r\n\t\t\t<h3>\u00c0 distance<\/h3>\r\n\t\t\t\t\t\t\t\r\n\t\t\t\t<div class=\"texte\">\r\n\n<p>Bient\u00f4t dipl\u00f4m\u00e9\u00b7e ou tout juste dipl\u00f4m\u00e9\u00b7e ?En septembre, avec \u00ab&nbsp;Le mois de l\u2019emploi \u2013 Sp\u00e9cial jeunes dipl\u00f4m\u00e9\u00b7es&nbsp;\u00bb, faites le plein d&rsquo;atouts pour r\u00e9ussir votre entr\u00e9e dans la vie professionnelle ! En particulier, pour gagner en confiance, m\u00eame si vous avez l\u2019impression de manquer d\u2019exp\u00e9rience. Gr\u00e2ce \u00e0 notre atelier, propos\u00e9 \u00e0 distance, vous apprendrez \u00e0 :&#8230;<\/p>\n\r\n\t\t\t\t<\/div>\r\n\t\t\t\r\n\t\t\t\r\n\t\t\t\t<a href=\"https:\/\/factuel.univ-lorraine.fr\/evenement\/le-mois-de-lemploi-special-jeunes-diplome%c2%b7es-web-atelier-gagnez-en-confiance-meme-sans-experience\/\">Lire plus<\/a>\r\n\t\t\t\r\n\t\t<\/li>\r\n<\/ul><\/div>\n\n\n<p><\/p>\n\n\n\n<p><\/p>\n","protected":false},"excerpt":{"rendered":"","protected":false},"author":88,"featured_media":0,"parent":0,"menu_order":0,"comment_status":"closed","ping_status":"closed","template":"","meta":{"inline_featured_image":false,"footnotes":""},"categories":[],"tags":[],"class_list":["post-6452","page","type-page","status-publish"],"yoast_head":"<!-- This site is optimized with the Yoast SEO plugin v27.4 - https:\/\/yoast.com\/product\/yoast-seo-wordpress\/ -->\n<title>Agenda - Orientation et insertion professionnelle<\/title>\n<meta name=\"robots\" content=\"index, follow, max-snippet:-1, max-image-preview:large, max-video-preview:-1\" \/>\n<link rel=\"canonical\" href=\"https:\/\/www.univ-lorraine.fr\/orientation-insertion-professionnelle\/agenda\/\" \/>\n<meta property=\"og:locale\" content=\"fr_FR\" \/>\n<meta property=\"og:type\" content=\"article\" \/>\n<meta property=\"og:title\" content=\"Agenda - Orientation et insertion professionnelle\" \/>\n<meta property=\"og:url\" content=\"https:\/\/www.univ-lorraine.fr\/orientation-insertion-professionnelle\/agenda\/\" \/>\n<meta property=\"og:site_name\" content=\"Orientation et insertion professionnelle\" \/>\n<meta property=\"article:modified_time\" content=\"2026-01-15T13:02:48+00:00\" \/>\n<meta name=\"twitter:card\" content=\"summary_large_image\" \/>\n<script type=\"application\/ld+json\" class=\"yoast-schema-graph\">{\"@context\":\"https:\\\/\\\/schema.org\",\"@graph\":[{\"@type\":\"WebPage\",\"@id\":\"https:\\\/\\\/www.univ-lorraine.fr\\\/orientation-insertion-professionnelle\\\/agenda\\\/\",\"url\":\"https:\\\/\\\/www.univ-lorraine.fr\\\/orientation-insertion-professionnelle\\\/agenda\\\/\",\"name\":\"Agenda - Orientation et insertion professionnelle\",\"isPartOf\":{\"@id\":\"https:\\\/\\\/www.univ-lorraine.fr\\\/orientation-insertion-professionnelle\\\/#website\"},\"datePublished\":\"2023-04-24T13:22:52+00:00\",\"dateModified\":\"2026-01-15T13:02:48+00:00\",\"breadcrumb\":{\"@id\":\"https:\\\/\\\/www.univ-lorraine.fr\\\/orientation-insertion-professionnelle\\\/agenda\\\/#breadcrumb\"},\"inLanguage\":\"fr-FR\",\"potentialAction\":[{\"@type\":\"ReadAction\",\"target\":[\"https:\\\/\\\/www.univ-lorraine.fr\\\/orientation-insertion-professionnelle\\\/agenda\\\/\"]}]},{\"@type\":\"BreadcrumbList\",\"@id\":\"https:\\\/\\\/www.univ-lorraine.fr\\\/orientation-insertion-professionnelle\\\/agenda\\\/#breadcrumb\",\"itemListElement\":[{\"@type\":\"ListItem\",\"position\":1,\"name\":\"Accueil\",\"item\":\"https:\\\/\\\/www.univ-lorraine.fr\\\/orientation-insertion-professionnelle\\\/\"},{\"@type\":\"ListItem\",\"position\":2,\"name\":\"Agenda\"}]},{\"@type\":\"WebSite\",\"@id\":\"https:\\\/\\\/www.univ-lorraine.fr\\\/orientation-insertion-professionnelle\\\/#website\",\"url\":\"https:\\\/\\\/www.univ-lorraine.fr\\\/orientation-insertion-professionnelle\\\/\",\"name\":\"Orientation et insertion professionnelle\",\"description\":\"\",\"publisher\":{\"@id\":\"https:\\\/\\\/www.univ-lorraine.fr\\\/orientation-insertion-professionnelle\\\/#organization\"},\"potentialAction\":[{\"@type\":\"SearchAction\",\"target\":{\"@type\":\"EntryPoint\",\"urlTemplate\":\"https:\\\/\\\/www.univ-lorraine.fr\\\/orientation-insertion-professionnelle\\\/?s={search_term_string}\"},\"query-input\":{\"@type\":\"PropertyValueSpecification\",\"valueRequired\":true,\"valueName\":\"search_term_string\"}}],\"inLanguage\":\"fr-FR\"},{\"@type\":\"Organization\",\"@id\":\"https:\\\/\\\/www.univ-lorraine.fr\\\/orientation-insertion-professionnelle\\\/#organization\",\"name\":\"Universit\u00e9 de Lorraine\",\"url\":\"https:\\\/\\\/www.univ-lorraine.fr\\\/orientation-insertion-professionnelle\\\/\",\"logo\":{\"@type\":\"ImageObject\",\"inLanguage\":\"fr-FR\",\"@id\":\"https:\\\/\\\/www.univ-lorraine.fr\\\/orientation-insertion-professionnelle\\\/#\\\/schema\\\/logo\\\/image\\\/\",\"url\":\"https:\\\/\\\/www.univ-lorraine.fr\\\/orientation-insertion-professionnelle\\\/wp-content\\\/uploads\\\/sites\\\/7\\\/2023\\\/04\\\/logo_siteweb2_Plan-de-travail-1.png\",\"contentUrl\":\"https:\\\/\\\/www.univ-lorraine.fr\\\/orientation-insertion-professionnelle\\\/wp-content\\\/uploads\\\/sites\\\/7\\\/2023\\\/04\\\/logo_siteweb2_Plan-de-travail-1.png\",\"width\":852,\"height\":492,\"caption\":\"Universit\u00e9 de Lorraine\"},\"image\":{\"@id\":\"https:\\\/\\\/www.univ-lorraine.fr\\\/orientation-insertion-professionnelle\\\/#\\\/schema\\\/logo\\\/image\\\/\"}}]}<\/script>\n<!-- \/ Yoast SEO plugin. -->","yoast_head_json":{"title":"Agenda - Orientation et insertion professionnelle","robots":{"index":"index","follow":"follow","max-snippet":"max-snippet:-1","max-image-preview":"max-image-preview:large","max-video-preview":"max-video-preview:-1"},"canonical":"https:\/\/www.univ-lorraine.fr\/orientation-insertion-professionnelle\/agenda\/","og_locale":"fr_FR","og_type":"article","og_title":"Agenda - Orientation et insertion professionnelle","og_url":"https:\/\/www.univ-lorraine.fr\/orientation-insertion-professionnelle\/agenda\/","og_site_name":"Orientation et insertion professionnelle","article_modified_time":"2026-01-15T13:02:48+00:00","twitter_card":"summary_large_image","schema":{"@context":"https:\/\/schema.org","@graph":[{"@type":"WebPage","@id":"https:\/\/www.univ-lorraine.fr\/orientation-insertion-professionnelle\/agenda\/","url":"https:\/\/www.univ-lorraine.fr\/orientation-insertion-professionnelle\/agenda\/","name":"Agenda - Orientation et insertion professionnelle","isPartOf":{"@id":"https:\/\/www.univ-lorraine.fr\/orientation-insertion-professionnelle\/#website"},"datePublished":"2023-04-24T13:22:52+00:00","dateModified":"2026-01-15T13:02:48+00:00","breadcrumb":{"@id":"https:\/\/www.univ-lorraine.fr\/orientation-insertion-professionnelle\/agenda\/#breadcrumb"},"inLanguage":"fr-FR","potentialAction":[{"@type":"ReadAction","target":["https:\/\/www.univ-lorraine.fr\/orientation-insertion-professionnelle\/agenda\/"]}]},{"@type":"BreadcrumbList","@id":"https:\/\/www.univ-lorraine.fr\/orientation-insertion-professionnelle\/agenda\/#breadcrumb","itemListElement":[{"@type":"ListItem","position":1,"name":"Accueil","item":"https:\/\/www.univ-lorraine.fr\/orientation-insertion-professionnelle\/"},{"@type":"ListItem","position":2,"name":"Agenda"}]},{"@type":"WebSite","@id":"https:\/\/www.univ-lorraine.fr\/orientation-insertion-professionnelle\/#website","url":"https:\/\/www.univ-lorraine.fr\/orientation-insertion-professionnelle\/","name":"Orientation et insertion professionnelle","description":"","publisher":{"@id":"https:\/\/www.univ-lorraine.fr\/orientation-insertion-professionnelle\/#organization"},"potentialAction":[{"@type":"SearchAction","target":{"@type":"EntryPoint","urlTemplate":"https:\/\/www.univ-lorraine.fr\/orientation-insertion-professionnelle\/?s={search_term_string}"},"query-input":{"@type":"PropertyValueSpecification","valueRequired":true,"valueName":"search_term_string"}}],"inLanguage":"fr-FR"},{"@type":"Organization","@id":"https:\/\/www.univ-lorraine.fr\/orientation-insertion-professionnelle\/#organization","name":"Universit\u00e9 de Lorraine","url":"https:\/\/www.univ-lorraine.fr\/orientation-insertion-professionnelle\/","logo":{"@type":"ImageObject","inLanguage":"fr-FR","@id":"https:\/\/www.univ-lorraine.fr\/orientation-insertion-professionnelle\/#\/schema\/logo\/image\/","url":"https:\/\/www.univ-lorraine.fr\/orientation-insertion-professionnelle\/wp-content\/uploads\/sites\/7\/2023\/04\/logo_siteweb2_Plan-de-travail-1.png","contentUrl":"https:\/\/www.univ-lorraine.fr\/orientation-insertion-professionnelle\/wp-content\/uploads\/sites\/7\/2023\/04\/logo_siteweb2_Plan-de-travail-1.png","width":852,"height":492,"caption":"Universit\u00e9 de Lorraine"},"image":{"@id":"https:\/\/www.univ-lorraine.fr\/orientation-insertion-professionnelle\/#\/schema\/logo\/image\/"}}]}},"_links":{"self":[{"href":"https:\/\/www.univ-lorraine.fr\/orientation-insertion-professionnelle\/wp-json\/wp\/v2\/pages\/6452","targetHints":{"allow":["GET"]}}],"collection":[{"href":"https:\/\/www.univ-lorraine.fr\/orientation-insertion-professionnelle\/wp-json\/wp\/v2\/pages"}],"about":[{"href":"https:\/\/www.univ-lorraine.fr\/orientation-insertion-professionnelle\/wp-json\/wp\/v2\/types\/page"}],"author":[{"embeddable":true,"href":"https:\/\/www.univ-lorraine.fr\/orientation-insertion-professionnelle\/wp-json\/wp\/v2\/users\/88"}],"replies":[{"embeddable":true,"href":"https:\/\/www.univ-lorraine.fr\/orientation-insertion-professionnelle\/wp-json\/wp\/v2\/comments?post=6452"}],"version-history":[{"count":17,"href":"https:\/\/www.univ-lorraine.fr\/orientation-insertion-professionnelle\/wp-json\/wp\/v2\/pages\/6452\/revisions"}],"predecessor-version":[{"id":15407,"href":"https:\/\/www.univ-lorraine.fr\/orientation-insertion-professionnelle\/wp-json\/wp\/v2\/pages\/6452\/revisions\/15407"}],"wp:attachment":[{"href":"https:\/\/www.univ-lorraine.fr\/orientation-insertion-professionnelle\/wp-json\/wp\/v2\/media?parent=6452"}],"wp:term":[{"taxonomy":"category","embeddable":true,"href":"https:\/\/www.univ-lorraine.fr\/orientation-insertion-professionnelle\/wp-json\/wp\/v2\/categories?post=6452"},{"taxonomy":"post_tag","embeddable":true,"href":"https:\/\/www.univ-lorraine.fr\/orientation-insertion-professionnelle\/wp-json\/wp\/v2\/tags?post=6452"}],"curies":[{"name":"wp","href":"https:\/\/api.w.org\/{rel}","templated":true}]}}