{"id":1578,"date":"2022-10-25T10:47:41","date_gmt":"2022-10-25T08:47:41","guid":{"rendered":"https:\/\/www.univ-lorraine.fr\/osezlarecherche\/?page_id=1578"},"modified":"2025-09-26T10:33:57","modified_gmt":"2025-09-26T08:33:57","slug":"appels-a-projets-a-candidatures","status":"publish","type":"page","link":"https:\/\/www.univ-lorraine.fr\/osezlarecherche\/appels-a-projets-a-candidatures\/","title":{"rendered":"Appels \u00e0 projets et \u00e0 candidatures"},"content":{"rendered":"\n<h2 class=\"gb-headline gb-headline-d41d2a77 gb-headline-text\">Appels en cours<\/h2>\n\n\n\n<div class=\"wp-block-query orionarticles is-layout-flow wp-block-query-is-layout-flow\"><ul class=\"wp-block-post-template is-layout-flow wp-block-post-template-is-layout-flow\"><li class=\"wp-block-post post-4033 post type-post status-publish format-standard hentry category-appel-a-candidatures category-appels tag-actuellement-ouvert\">\n<div class=\"gb-container gb-container-9ff0ddad conteneur\"><div class=\"gb-inside-container\">\n<h3 class=\"wp-block-post-title\">Appel \u00e0 candidatures pour les TP d\u2019excellence ORION 2026-2027<\/h3>\n\n<div class=\"wp-block-post-excerpt\"><p class=\"wp-block-post-excerpt__excerpt\">Le programme ORION \u00ab Oser la Recherche durant la formatION \u00bb est la r\u00e9ponse de l\u2019Universit\u00e9 de Lorraine (UL) et de ses partenaires : CNRS, INRAE, INRIA, INSERM, CHRU de Nancy, AgroParisTech et Georgia Tech Europe \u00e0 l\u2019appel \u00e0 projets \u00ab Structuration de la formation par la recherche dans les Initiatives d\u2019excellence \u00bb (SFRI) du <a class=\"wp-block-post-excerpt__more-link\" href=\"https:\/\/www.univ-lorraine.fr\/osezlarecherche\/2026\/04\/16\/appel-a-candidatures-pour-les-tp-dexcellence-orion-2\/\">Lire la suite<\/a><\/p><\/div>\n<\/div><\/div>\n<\/li><li class=\"wp-block-post post-3758 post type-post status-publish format-standard hentry category-appel-a-candidatures category-appels tag-actuellement-ouvert\">\n<div class=\"gb-container gb-container-9ff0ddad conteneur\"><div class=\"gb-inside-container\">\n<h3 class=\"wp-block-post-title\">Appel \u00e0 candidatures pour les bourses d\u2019excellence ORION \u2013 2026\/2027<\/h3>\n\n<div class=\"wp-block-post-excerpt\"><p class=\"wp-block-post-excerpt__excerpt\">Le programme ORION \u00ab Oser la Recherche durant la formatION \u00bb est la r\u00e9ponse de l\u2019Universit\u00e9 de Lorraine (UL) \u00e0 l\u2019appel \u00e0 projets \u00ab Structuration de la formation par la recherche dans les Initiatives d\u2019excellence \u00bb (SFRI) du Programme d\u2019Investissement d\u2019Avenir (PIA). Son objectif est double, le premier est d\u2019exposer \u00e0 la recherche des \u00e9tudiants <a class=\"wp-block-post-excerpt__more-link\" href=\"https:\/\/www.univ-lorraine.fr\/osezlarecherche\/2026\/04\/09\/aac-pour-les-bourses-dexcellence-orion\/\">Lire la suite<\/a><\/p><\/div>\n<\/div><\/div>\n<\/li><li class=\"wp-block-post post-1614 post type-post status-publish format-standard hentry category-appel-a-candidatures tag-actuellement-ouvert\">\n<div class=\"gb-container gb-container-9ff0ddad conteneur\"><div class=\"gb-inside-container\">\n<h3 class=\"wp-block-post-title\">Appel \u00e0 candidatures pour la mobilit\u00e9 entrante Master Grants ORION<\/h3>\n\n<div class=\"wp-block-post-excerpt\"><p class=\"wp-block-post-excerpt__excerpt\">Version anglaise sur ce lien &#8211; In english Le programme ORION \u00ab Oser la Recherche durant la formatION \u00bb est la r\u00e9ponse de l\u2019Universit\u00e9 de Lorraine (UL) et de ses partenaires : CNRS, INRAE, INRIA, INSERM, CHRU de Nancy, AgroParisTech et Georgia Tech Europe \u00e0 l\u2019appel \u00e0 projets \u00ab Structuration de la formation par la <a class=\"wp-block-post-excerpt__more-link\" href=\"https:\/\/www.univ-lorraine.fr\/osezlarecherche\/2026\/04\/01\/appel-a-candidatures-pour-les-master-grants-orion\/\">Lire la suite<\/a><\/p><\/div>\n<\/div><\/div>\n<\/li><li class=\"wp-block-post post-2522 post type-post status-publish format-standard hentry category-appel-a-candidatures category-appels tag-actuellement-ouvert\">\n<div class=\"gb-container gb-container-9ff0ddad conteneur\"><div class=\"gb-inside-container\">\n<h3 class=\"wp-block-post-title\">Appel \u00e0 candidatures Recherche \u00c9COLe Th\u00e9matique Excellence (RECOLTE)<\/h3>\n\n<div class=\"wp-block-post-excerpt\"><p class=\"wp-block-post-excerpt__excerpt\">Dans le cadre de la mise en \u0153uvre du programme ORION, l\u2019appel \u00e0 candidatures (AAC) pour le dispositif RECOLTE est ouvert pour le financement d\u2019\u00e9coles th\u00e9matiques de recherche. Ce dispositif s\u2019adresse aux enseignants-chercheurs et chercheurs des partenaires du site lorrain de recherche souhaitant organiser en Lorraine des \u00e9coles th\u00e9matiques de recherche \u00e0 dimension internationale,\u00e0 destination <a class=\"wp-block-post-excerpt__more-link\" href=\"https:\/\/www.univ-lorraine.fr\/osezlarecherche\/2025\/10\/21\/appel-a-candidatures-recolte\/\">Lire la suite<\/a><\/p><\/div>\n<\/div><\/div>\n<\/li><li class=\"wp-block-post post-2489 post type-post status-publish format-standard hentry category-appel-a-projets category-appels tag-actuellement-ouvert\">\n<div class=\"gb-container gb-container-9ff0ddad conteneur\"><div class=\"gb-inside-container\">\n<h3 class=\"wp-block-post-title\">Appel \u00e0 projets Clubs \u00e9tudiant\u00b7es-chercheur\u00b7es ORION<\/h3>\n\n<div class=\"wp-block-post-excerpt\"><p class=\"wp-block-post-excerpt__excerpt\">Dans le cadre du programme ORION, l\u2019Universit\u00e9 de Lorraine permet la mise en place des \u00abclubs Etudiant\u00b7es Chercheur\u00b7es\u00bb pilot\u00e9s par des chercheurs (communaut\u00e9 doctorante) et supervis\u00e9s par des scientifiques permanents (ma\u00eetre de conf\u00e9rences &#8211; professeurs et chercheurs des Etablissements partenaires). Ces clubs affilient des \u00e9tudiant\u00b7es motiv\u00e9\u00b7es (L2 \u00e0 M2 et ing\u00e9nieurs) pour d\u00e9couvrir et participer <a class=\"wp-block-post-excerpt__more-link\" href=\"https:\/\/www.univ-lorraine.fr\/osezlarecherche\/2025\/04\/30\/appel-a-projets-clubs-orion\/\">Lire la suite<\/a><\/p><\/div>\n<\/div><\/div>\n<\/li><li class=\"wp-block-post post-1725 post type-post status-publish format-standard hentry category-appel-a-projets tag-actuellement-ouvert\">\n<div class=\"gb-container gb-container-9ff0ddad conteneur\"><div class=\"gb-inside-container\">\n<h3 class=\"wp-block-post-title\">Appel \u00e0 manifestations scientifiques et\/ou ludiques<\/h3>\n\n<div class=\"wp-block-post-excerpt\"><p class=\"wp-block-post-excerpt__excerpt\">Les manifestations qui auront lieu pendant la semaine de la recherche seront soutenues prioritairement. Dans le cadre de la promotion du programme ORION, un appel \u00e0 manifestation est organis\u00e9. L\u2019objectif de cet appel est de faire d\u00e9couvrir la recherche au c\u0153ur des campus, dans le respect des formats, dates et horaires qui sont les plus <a class=\"wp-block-post-excerpt__more-link\" href=\"https:\/\/www.univ-lorraine.fr\/osezlarecherche\/2025\/04\/21\/appel-a-manifestations-scientifiques-et-ou-ludiques\/\">Lire la suite<\/a><\/p><\/div>\n<\/div><\/div>\n<\/li><\/ul>\n\n<\/div>\n\n\n<div class=\"gb-container gb-container-c015e7aa\"><div class=\"gb-inside-container\">\n\n<div class=\"wp-block-pb-accordion-item c-accordion__item js-accordion-item no-js\" data-initially-open=\"false\" data-click-to-close=\"true\" data-auto-close=\"true\" data-scroll=\"false\" data-scroll-offset=\"0\"><h2 id=\"at-15780\" class=\"c-accordion__title js-accordion-controller\" role=\"button\"><strong>Les appels \u00e0 projet et \u00e0 candidature cl\u00f4tur\u00e9s<\/strong><\/h2><div id=\"ac-15780\" class=\"c-accordion__content\">\n<div class=\"wp-block-query orionarticles is-layout-flow wp-block-query-is-layout-flow\"><ul class=\"wp-block-post-template is-layout-flow wp-block-post-template-is-layout-flow\"><li class=\"wp-block-post post-3392 post type-post status-publish format-standard hentry category-appel-a-candidatures category-appels tag-cloture\">\n<div class=\"gb-container gb-container-05cdb526 conteneur\"><div class=\"gb-inside-container\">\n<h3 class=\"wp-block-post-title\">Appel \u00e0 candidatures pour les gratifications de stages dans le cadre du dispositif Clubs \u00e9tudiants-chercheurs 2025\/2026<\/h3>\n\n<div class=\"wp-block-post-excerpt\"><p class=\"wp-block-post-excerpt__excerpt\">Le programme ORION \u00ab Oser la Recherche durant la formatION \u00bb est la r\u00e9ponse de l\u2019Universit\u00e9 de Lorraine (UL) \u00e0 l\u2019appel \u00e0 projets \u00ab Structuration de la formation par la recherche dans les Initiatives d\u2019excellence \u00bb (SFRI) du Programme d\u2019Investissement d\u2019Avenir (PIA). Son objectif est double, le premier est d\u2019exposer \u00e0 la recherche des \u00e9tudiants <a class=\"wp-block-post-excerpt__more-link\" href=\"https:\/\/www.univ-lorraine.fr\/osezlarecherche\/2025\/11\/03\/appel-a-candidatures-pour-les-gratifications-de-stages-dans-le-cadre-du-dispositif-clubs-orion\/\">Lire la suite<\/a><\/p><\/div>\n<\/div><\/div>\n<\/li><li class=\"wp-block-post post-3914 post type-post status-publish format-standard hentry category-appel-a-candidatures category-appels tag-cloture\">\n<div class=\"gb-container gb-container-05cdb526 conteneur\"><div class=\"gb-inside-container\">\n<h3 class=\"wp-block-post-title\">Appel \u00e0 candidatures Financement de contrats doctoraux Entrepreneuriat 2025<\/h3>\n\n<div class=\"wp-block-post-excerpt\"><p class=\"wp-block-post-excerpt__excerpt\">Dans le cadre du programme ORION, l&rsquo;Universit\u00e9 de Lorraine lance un appel \u00e0 candidatures pour le financement de contrats doctoraux d\u00e9di\u00e9s \u00e0 des projets de th\u00e8se \u00e0 vis\u00e9e entrepreneuriale. Ces contrats sont int\u00e9gralement financ\u00e9s par ORION et la campagne est g\u00e9r\u00e9e par la Maison du Doctorat.Les candidatures seront instruites par le CLED compos\u00e9 des 8 <a class=\"wp-block-post-excerpt__more-link\" href=\"https:\/\/www.univ-lorraine.fr\/osezlarecherche\/2025\/04\/04\/appel-a-candidatures-financement-de-contrats-doctoraux-entrepreneuriat-2025\/\">Lire la suite<\/a><\/p><\/div>\n<\/div><\/div>\n<\/li><li class=\"wp-block-post post-2842 post type-post status-publish format-standard hentry category-appel-a-candidatures category-appels tag-cloture\">\n<div class=\"gb-container gb-container-05cdb526 conteneur\"><div class=\"gb-inside-container\">\n<h3 class=\"wp-block-post-title\">Appel \u00e0 candidatures pour les bourses d\u2019excellence ORION \u2013 2024\/2025<\/h3>\n\n<div class=\"wp-block-post-excerpt\"><p class=\"wp-block-post-excerpt__excerpt\">Le programme ORION \u00ab Oser la Recherche durant la formatION \u00bb est la r\u00e9ponse de l\u2019Universit\u00e9 de Lorraine (UL) \u00e0 l\u2019appel \u00e0 projets \u00ab Structuration de la formation par la recherche dans les Initiatives d\u2019excellence \u00bb (SFRI) du Programme d\u2019Investissement d\u2019Avenir (PIA). Son objectif est double, le premier est d\u2019exposer \u00e0 la recherche des \u00e9tudiants <a class=\"wp-block-post-excerpt__more-link\" href=\"https:\/\/www.univ-lorraine.fr\/osezlarecherche\/2024\/04\/15\/aac-bourses-excellence-orion-24-25\/\">Lire la suite<\/a><\/p><\/div>\n<\/div><\/div>\n<\/li><li class=\"wp-block-post post-2608 post type-post status-publish format-standard hentry category-appel-a-candidatures category-appels tag-cloture\">\n<div class=\"gb-container gb-container-05cdb526 conteneur\"><div class=\"gb-inside-container\">\n<h3 class=\"wp-block-post-title\">Appel \u00e0 candidatures pour les TP d\u2019excellence ORION 2024<\/h3>\n\n<div class=\"wp-block-post-excerpt\"><p class=\"wp-block-post-excerpt__excerpt\">Le programme ORION \u00ab Oser la Recherche durant la formatION \u00bb est la r\u00e9ponse de l\u2019Universit\u00e9 de Lorraine (UL) et de ses partenaires : CNRS, INRAE, INRIA, INSERM, CHRU de Nancy, AgroParisTech et Georgia Tech Lorraine \u00e0 l\u2019appel \u00e0 projets \u00ab Structuration de la formation par la recherche dans les Initiatives d\u2019excellence \u00bb (SFRI) du <a class=\"wp-block-post-excerpt__more-link\" href=\"https:\/\/www.univ-lorraine.fr\/osezlarecherche\/2024\/03\/07\/appel-a-candidatures-tp24\/\">Lire la suite<\/a><\/p><\/div>\n<\/div><\/div>\n<\/li><li class=\"wp-block-post post-1639 post type-post status-publish format-standard hentry category-appel-a-candidatures tag-cloture\">\n<div class=\"gb-container gb-container-05cdb526 conteneur\"><div class=\"gb-inside-container\">\n<h3 class=\"wp-block-post-title\">Appel \u00e0 candidatures pour les TP d\u2019excellence ORION<\/h3>\n\n<div class=\"wp-block-post-excerpt\"><p class=\"wp-block-post-excerpt__excerpt\">Dans le cadre de la mise en \u0153uvre du programme ORION, un appel \u00e0 candidatures est ouvert pour le financement de TP d\u2019excellence. L\u2019objectif de ce dispositif est d\u2019ouvrir l\u2019acc\u00e8s \u00e0 des plateformes exp\u00e9rimentales de pointe aux \u00e9tudiants de Master de l\u2019UL (Master 1 et 2) et aux \u00e9l\u00e8ves ing\u00e9nieurs (2 derni\u00e8res ann\u00e9es). Modalit\u00e9s de <a class=\"wp-block-post-excerpt__more-link\" href=\"https:\/\/www.univ-lorraine.fr\/osezlarecherche\/2022\/11\/15\/appel-a-candidatures-pour-les-tp-dexcellence-orion\/\">Lire la suite<\/a><\/p><\/div>\n<\/div><\/div>\n<\/li><\/ul>\n\n<\/div>\n<\/div><\/div>\n\n<\/div><\/div>","protected":false},"excerpt":{"rendered":"<p>Appels en cours<\/p>\n","protected":false},"author":30,"featured_media":0,"parent":0,"menu_order":0,"comment_status":"closed","ping_status":"closed","template":"","meta":{"inline_featured_image":false,"footnotes":""},"class_list":["post-1578","page","type-page","status-publish"],"yoast_head":"<!-- This site is optimized with the Yoast SEO plugin v27.4 - https:\/\/yoast.com\/product\/yoast-seo-wordpress\/ -->\n<title>Appels \u00e0 projets et \u00e0 candidatures - Osez la recherche<\/title>\n<meta name=\"description\" content=\"Retrouvez l&#039;ensemble des appels \u00e0 projet et \u00e0 candidatures ORION Osez la recherche\" \/>\n<meta name=\"robots\" content=\"index, follow, max-snippet:-1, max-image-preview:large, max-video-preview:-1\" \/>\n<link rel=\"canonical\" href=\"https:\/\/www.univ-lorraine.fr\/osezlarecherche\/appels-a-projets-a-candidatures\/\" \/>\n<meta property=\"og:locale\" content=\"fr_FR\" \/>\n<meta property=\"og:type\" content=\"article\" \/>\n<meta property=\"og:title\" content=\"Appels \u00e0 projets et \u00e0 candidatures - Osez la recherche\" \/>\n<meta property=\"og:description\" content=\"Retrouvez l&#039;ensemble des appels \u00e0 projet et \u00e0 candidatures ORION Osez la recherche\" \/>\n<meta property=\"og:url\" content=\"https:\/\/www.univ-lorraine.fr\/osezlarecherche\/appels-a-projets-a-candidatures\/\" \/>\n<meta property=\"og:site_name\" content=\"Osez la recherche\" \/>\n<meta property=\"article:modified_time\" content=\"2025-09-26T08:33:57+00:00\" \/>\n<meta name=\"twitter:card\" content=\"summary_large_image\" \/>\n<meta name=\"twitter:label1\" content=\"Dur\u00e9e de lecture estim\u00e9e\" \/>\n\t<meta name=\"twitter:data1\" content=\"1 minute\" \/>\n<script type=\"application\/ld+json\" class=\"yoast-schema-graph\">{\"@context\":\"https:\\\/\\\/schema.org\",\"@graph\":[{\"@type\":\"WebPage\",\"@id\":\"https:\\\/\\\/www.univ-lorraine.fr\\\/osezlarecherche\\\/appels-a-projets-a-candidatures\\\/\",\"url\":\"https:\\\/\\\/www.univ-lorraine.fr\\\/osezlarecherche\\\/appels-a-projets-a-candidatures\\\/\",\"name\":\"Appels \u00e0 projets et \u00e0 candidatures - Osez la recherche\",\"isPartOf\":{\"@id\":\"https:\\\/\\\/www.univ-lorraine.fr\\\/osezlarecherche\\\/#website\"},\"datePublished\":\"2022-10-25T08:47:41+00:00\",\"dateModified\":\"2025-09-26T08:33:57+00:00\",\"description\":\"Retrouvez l'ensemble des appels \u00e0 projet et \u00e0 candidatures ORION Osez la recherche\",\"breadcrumb\":{\"@id\":\"https:\\\/\\\/www.univ-lorraine.fr\\\/osezlarecherche\\\/appels-a-projets-a-candidatures\\\/#breadcrumb\"},\"inLanguage\":\"fr-FR\",\"potentialAction\":[{\"@type\":\"ReadAction\",\"target\":[\"https:\\\/\\\/www.univ-lorraine.fr\\\/osezlarecherche\\\/appels-a-projets-a-candidatures\\\/\"]}]},{\"@type\":\"BreadcrumbList\",\"@id\":\"https:\\\/\\\/www.univ-lorraine.fr\\\/osezlarecherche\\\/appels-a-projets-a-candidatures\\\/#breadcrumb\",\"itemListElement\":[{\"@type\":\"ListItem\",\"position\":1,\"name\":\"Accueil\",\"item\":\"https:\\\/\\\/www.univ-lorraine.fr\\\/osezlarecherche\\\/\"},{\"@type\":\"ListItem\",\"position\":2,\"name\":\"Appels \u00e0 projets et \u00e0 candidatures\"}]},{\"@type\":\"WebSite\",\"@id\":\"https:\\\/\\\/www.univ-lorraine.fr\\\/osezlarecherche\\\/#website\",\"url\":\"https:\\\/\\\/www.univ-lorraine.fr\\\/osezlarecherche\\\/\",\"name\":\"Osez la recherche\",\"description\":\"\",\"publisher\":{\"@id\":\"https:\\\/\\\/www.univ-lorraine.fr\\\/osezlarecherche\\\/#organization\"},\"potentialAction\":[{\"@type\":\"SearchAction\",\"target\":{\"@type\":\"EntryPoint\",\"urlTemplate\":\"https:\\\/\\\/www.univ-lorraine.fr\\\/osezlarecherche\\\/?s={search_term_string}\"},\"query-input\":{\"@type\":\"PropertyValueSpecification\",\"valueRequired\":true,\"valueName\":\"search_term_string\"}}],\"inLanguage\":\"fr-FR\"},{\"@type\":\"Organization\",\"@id\":\"https:\\\/\\\/www.univ-lorraine.fr\\\/osezlarecherche\\\/#organization\",\"name\":\"Osez la recherche\",\"url\":\"https:\\\/\\\/www.univ-lorraine.fr\\\/osezlarecherche\\\/\",\"logo\":{\"@type\":\"ImageObject\",\"inLanguage\":\"fr-FR\",\"@id\":\"https:\\\/\\\/www.univ-lorraine.fr\\\/osezlarecherche\\\/#\\\/schema\\\/logo\\\/image\\\/\",\"url\":\"https:\\\/\\\/www.univ-lorraine.fr\\\/osezlarecherche\\\/wp-content\\\/uploads\\\/sites\\\/32\\\/2021\\\/12\\\/logo.png\",\"contentUrl\":\"https:\\\/\\\/www.univ-lorraine.fr\\\/osezlarecherche\\\/wp-content\\\/uploads\\\/sites\\\/32\\\/2021\\\/12\\\/logo.png\",\"width\":130,\"height\":65,\"caption\":\"Osez la recherche\"},\"image\":{\"@id\":\"https:\\\/\\\/www.univ-lorraine.fr\\\/osezlarecherche\\\/#\\\/schema\\\/logo\\\/image\\\/\"}}]}<\/script>\n<!-- \/ Yoast SEO plugin. -->","yoast_head_json":{"title":"Appels \u00e0 projets et \u00e0 candidatures - Osez la recherche","description":"Retrouvez l'ensemble des appels \u00e0 projet et \u00e0 candidatures ORION Osez la recherche","robots":{"index":"index","follow":"follow","max-snippet":"max-snippet:-1","max-image-preview":"max-image-preview:large","max-video-preview":"max-video-preview:-1"},"canonical":"https:\/\/www.univ-lorraine.fr\/osezlarecherche\/appels-a-projets-a-candidatures\/","og_locale":"fr_FR","og_type":"article","og_title":"Appels \u00e0 projets et \u00e0 candidatures - Osez la recherche","og_description":"Retrouvez l'ensemble des appels \u00e0 projet et \u00e0 candidatures ORION Osez la recherche","og_url":"https:\/\/www.univ-lorraine.fr\/osezlarecherche\/appels-a-projets-a-candidatures\/","og_site_name":"Osez la recherche","article_modified_time":"2025-09-26T08:33:57+00:00","twitter_card":"summary_large_image","twitter_misc":{"Dur\u00e9e de lecture estim\u00e9e":"1 minute"},"schema":{"@context":"https:\/\/schema.org","@graph":[{"@type":"WebPage","@id":"https:\/\/www.univ-lorraine.fr\/osezlarecherche\/appels-a-projets-a-candidatures\/","url":"https:\/\/www.univ-lorraine.fr\/osezlarecherche\/appels-a-projets-a-candidatures\/","name":"Appels \u00e0 projets et \u00e0 candidatures - Osez la recherche","isPartOf":{"@id":"https:\/\/www.univ-lorraine.fr\/osezlarecherche\/#website"},"datePublished":"2022-10-25T08:47:41+00:00","dateModified":"2025-09-26T08:33:57+00:00","description":"Retrouvez l'ensemble des appels \u00e0 projet et \u00e0 candidatures ORION Osez la recherche","breadcrumb":{"@id":"https:\/\/www.univ-lorraine.fr\/osezlarecherche\/appels-a-projets-a-candidatures\/#breadcrumb"},"inLanguage":"fr-FR","potentialAction":[{"@type":"ReadAction","target":["https:\/\/www.univ-lorraine.fr\/osezlarecherche\/appels-a-projets-a-candidatures\/"]}]},{"@type":"BreadcrumbList","@id":"https:\/\/www.univ-lorraine.fr\/osezlarecherche\/appels-a-projets-a-candidatures\/#breadcrumb","itemListElement":[{"@type":"ListItem","position":1,"name":"Accueil","item":"https:\/\/www.univ-lorraine.fr\/osezlarecherche\/"},{"@type":"ListItem","position":2,"name":"Appels \u00e0 projets et \u00e0 candidatures"}]},{"@type":"WebSite","@id":"https:\/\/www.univ-lorraine.fr\/osezlarecherche\/#website","url":"https:\/\/www.univ-lorraine.fr\/osezlarecherche\/","name":"Osez la recherche","description":"","publisher":{"@id":"https:\/\/www.univ-lorraine.fr\/osezlarecherche\/#organization"},"potentialAction":[{"@type":"SearchAction","target":{"@type":"EntryPoint","urlTemplate":"https:\/\/www.univ-lorraine.fr\/osezlarecherche\/?s={search_term_string}"},"query-input":{"@type":"PropertyValueSpecification","valueRequired":true,"valueName":"search_term_string"}}],"inLanguage":"fr-FR"},{"@type":"Organization","@id":"https:\/\/www.univ-lorraine.fr\/osezlarecherche\/#organization","name":"Osez la recherche","url":"https:\/\/www.univ-lorraine.fr\/osezlarecherche\/","logo":{"@type":"ImageObject","inLanguage":"fr-FR","@id":"https:\/\/www.univ-lorraine.fr\/osezlarecherche\/#\/schema\/logo\/image\/","url":"https:\/\/www.univ-lorraine.fr\/osezlarecherche\/wp-content\/uploads\/sites\/32\/2021\/12\/logo.png","contentUrl":"https:\/\/www.univ-lorraine.fr\/osezlarecherche\/wp-content\/uploads\/sites\/32\/2021\/12\/logo.png","width":130,"height":65,"caption":"Osez la recherche"},"image":{"@id":"https:\/\/www.univ-lorraine.fr\/osezlarecherche\/#\/schema\/logo\/image\/"}}]}},"_links":{"self":[{"href":"https:\/\/www.univ-lorraine.fr\/osezlarecherche\/wp-json\/wp\/v2\/pages\/1578","targetHints":{"allow":["GET"]}}],"collection":[{"href":"https:\/\/www.univ-lorraine.fr\/osezlarecherche\/wp-json\/wp\/v2\/pages"}],"about":[{"href":"https:\/\/www.univ-lorraine.fr\/osezlarecherche\/wp-json\/wp\/v2\/types\/page"}],"author":[{"embeddable":true,"href":"https:\/\/www.univ-lorraine.fr\/osezlarecherche\/wp-json\/wp\/v2\/users\/30"}],"replies":[{"embeddable":true,"href":"https:\/\/www.univ-lorraine.fr\/osezlarecherche\/wp-json\/wp\/v2\/comments?post=1578"}],"version-history":[{"count":16,"href":"https:\/\/www.univ-lorraine.fr\/osezlarecherche\/wp-json\/wp\/v2\/pages\/1578\/revisions"}],"predecessor-version":[{"id":2876,"href":"https:\/\/www.univ-lorraine.fr\/osezlarecherche\/wp-json\/wp\/v2\/pages\/1578\/revisions\/2876"}],"wp:attachment":[{"href":"https:\/\/www.univ-lorraine.fr\/osezlarecherche\/wp-json\/wp\/v2\/media?parent=1578"}],"curies":[{"name":"wp","href":"https:\/\/api.w.org\/{rel}","templated":true}]}}