{"id":211,"date":"2021-08-24T12:10:46","date_gmt":"2021-08-24T10:10:46","guid":{"rendered":"https:\/\/www.univ-lorraine.fr\/osezlarecherche\/?page_id=211"},"modified":"2026-04-09T10:50:35","modified_gmt":"2026-04-09T08:50:35","slug":"bourses-dexcellence","status":"publish","type":"page","link":"https:\/\/www.univ-lorraine.fr\/osezlarecherche\/les-dispositifs-orion\/bourses-dexcellence\/","title":{"rendered":"Bourses d&rsquo;excellence"},"content":{"rendered":"<div class=\"gb-container gb-container-96dd3120\">\n\n<h2 class=\"gb-headline gb-headline-56d181ca gb-headline-text\">Les bourses en bref<\/h2>\n\n\n<div class=\"gb-container gb-container-44351a75\">\n<div class=\"gb-container gb-container-eb830a15\">\n\n<h3 class=\"wp-block-heading\">Pour qui ?<\/h3>\n\n\n\n<p class=\"gb-headline gb-headline-1fba6ea5 gb-headline-text\">\u00c9tudiants en <strong>Master 2<\/strong> ou en <strong>3\u00e8me ann\u00e9e d\u2019\u00e9cole d\u2019ing\u00e9nieur<\/strong><\/p>\n\n<\/div>\n\n<div class=\"gb-container gb-container-b29d3b3a\">\n\n<h3 class=\"wp-block-heading\">Quel montant ?<\/h3>\n\n\n\n<p class=\"gb-headline gb-headline-f6f1494a gb-headline-text\"><strong>7 000 \u20ac<\/strong> <\/p>\n\n<\/div>\n\n<div class=\"gb-container gb-container-09d98136\">\n\n<h3 class=\"wp-block-heading\">Pour quoi ?<\/h3>\n\n\n\n<p class=\"gb-headline gb-headline-a1f76582 gb-headline-text\">Financer votre <strong>mobilit\u00e9<\/strong> (stages, congr\u00e8s, s\u00e9minaires), Acheter du <strong>mat\u00e9riel<\/strong> sp\u00e9cifique \u00e0 votre projet de recherche<\/p>\n\n<\/div>\n\n<div class=\"gb-container gb-container-aabaf15c\">\n\n<h3 class=\"wp-block-heading\">Crit\u00e8res cl\u00e9s ?<\/h3>\n\n\n\n<p class=\"gb-headline gb-headline-7453d5ad gb-headline-text\"><strong>Bons r\u00e9sultats acad\u00e9miques<\/strong> &amp; <strong>qualit\u00e9 du projet de recherche<\/strong><\/p>\n\n<\/div>\n<\/div>\n<\/div>\n\n<div class=\"gb-grid-wrapper gb-grid-wrapper-1973ed35\">\n<div class=\"gb-grid-column gb-grid-column-eba888a9\"><div class=\"gb-container gb-container-eba888a9\"><div class=\"gb-inside-container\">\n\n<p><strong>Vous souhaitez vous orienter vers la recherche&nbsp;? Financez votre M2 recherche avec nos bourses d\u2019excellence&nbsp;!<\/strong><\/p>\n\n\n\n<p>Vous \u00eates actuellement en M1 ou 2<sup>\u00e8me<\/sup> ann\u00e9e d\u2019ing\u00e9nieur et vous vous int\u00e9ressez \u00e0 la recherche&nbsp;? Candidatez aux bourses d\u2019excellence ORION !<\/p>\n\n\n\n<p>L\u2019Universit\u00e9 de Lorraine lance un appel \u00e0 candidatures pour financer des bourses d\u2019excellence \u00e0 destination de sa communaut\u00e9 \u00e9tudiante&nbsp;int\u00e9ress\u00e9e pour pratiquer la recherche. 50 bourses environ seront propos\u00e9es pour l\u2019ann\u00e9e universitaire 2026-2027.<\/p>\n\n<\/div><\/div><\/div>\n\n<div class=\"gb-grid-column gb-grid-column-cf01739f\"><div class=\"gb-container gb-container-cf01739f\"><div class=\"gb-inside-container\">\n\n<figure class=\"wp-block-image size-full\"><img loading=\"lazy\" decoding=\"async\" width=\"250\" height=\"303\" src=\"https:\/\/www.univ-lorraine.fr\/osezlarecherche\/wp-content\/uploads\/sites\/32\/2022\/01\/selancer-seul.png\" alt=\"personnage Orion se lancer\" class=\"wp-image-881\" srcset=\"https:\/\/www.univ-lorraine.fr\/osezlarecherche\/wp-content\/uploads\/sites\/32\/2022\/01\/selancer-seul.png 250w, https:\/\/www.univ-lorraine.fr\/osezlarecherche\/wp-content\/uploads\/sites\/32\/2022\/01\/selancer-seul-248x300.png 248w\" sizes=\"auto, (max-width: 250px) 100vw, 250px\" \/><\/figure>\n\n<\/div><\/div><\/div>\n<\/div>\n\n<div class=\"gb-grid-wrapper gb-grid-wrapper-500b58ee\">\n<div class=\"gb-grid-column gb-grid-column-acdeeddf\"><div class=\"gb-container gb-container-acdeeddf\"><div class=\"gb-inside-container\">\n\n<h2 class=\"gb-headline gb-headline-cd5ec512 gb-headline-text\">Montant<\/h2>\n\n\n\n<p>Les bourses d\u2019excellence financent une ann\u00e9e d\u2019\u00e9tudes de M2 correspondant au premier semestre d\u2019\u00e9tudes suivi du stage de recherche.<\/p>\n\n\n\n<p class=\"gb-headline gb-headline-a1973ab2 gb-headline-text\">L\u2019aide financi\u00e8re pour l\u2019ann\u00e9e universitaire s\u2019\u00e9l\u00e8ve \u00e0 <strong>7000\u20ac<\/strong>, \u00e0 laquelle est ajout\u00e9e une gratification pour le stage (de 5 ou 6 mois) d\u2019un montant d&rsquo;environ <strong>600 \u00e0 650\u20ac par mois<\/strong> (calcul\u00e9 \u00e0 partir du plafond de la S\u00e9curit\u00e9 sociale).<\/p>\n\n<\/div><\/div><\/div>\n\n<div class=\"gb-grid-column gb-grid-column-8a27f785\"><div class=\"gb-container gb-container-8a27f785\"><div class=\"gb-inside-container\">\n\n<h2 class=\"gb-headline gb-headline-2d473f3c gb-headline-text\">Conditions<\/h2>\n\n\n\n<ul class=\"wp-block-list\">\n<li>\u00catre admis\u00b7e en M2 \u2013 parcours orient\u00e9 recherche &#8211; \u00e0 l\u2019Universit\u00e9 de Lorraine \u00e0 la rentr\u00e9e 2025<\/li>\n\n\n\n<li>ou en 3<sup>\u00e8me<\/sup> ann\u00e9e d\u2019une des \u00e9coles d\u2019ing\u00e9nieur : EEIGM, ENIM, ENSAIA, ENSEM, ENSG, ENSGSI, ENSIC, ENSMN, POLYTECH NANCY, TELECOM NANCY, AgroParisTech, Georgia Tech Europe<\/li>\n\n\n\n<li>Vous engager \u00e0 faire un stage de fin d\u2019\u00e9tudes dans l\u2019un <a href=\"https:\/\/www.univ-lorraine.fr\/recherche-et-innovation\/laboratoires-et-infrastructures-de-recherche\/\">des laboratoires du site lorrain<\/a>.<\/li>\n<\/ul>\n\n\n\n<p><em>Les \u00e9tudiant\u00b7es inscrit\u00b7es en FC et les apprentis sont \u00e9ligibles \u00e0 la bourse d\u2019excellence mais ne sont pas \u00e9ligibles \u00e0 la gratification pour le stage qu\u2019ils devront accomplir.<\/em><\/p>\n\n<\/div><\/div><\/div>\n\n<div class=\"gb-grid-column gb-grid-column-365153b7\"><div class=\"gb-container gb-container-365153b7\"><div class=\"gb-inside-container\">\n\n<h2 class=\"gb-headline gb-headline-60126755 gb-headline-text\">Eligibilit\u00e9<\/h2>\n\n\n\n<p>Les candidatures seront \u00e9valu\u00e9es selon les crit\u00e8res suivants :<\/p>\n\n\n\n<ul class=\"wp-block-list\">\n<li>Qualit\u00e9 du dossier acad\u00e9mique<\/li>\n\n\n\n<li>Motivation de l\u2019\u00e9tudiant\u00b7e pour r\u00e9aliser un parcours recherche<\/li>\n\n\n\n<li>Recommandation du responsable de la formation en cours<\/li>\n<\/ul>\n\n\n\n<p>Une commission \u00e9valuera les candidatures et proposera un classement des \u00e9tudiant\u00b7es s\u00e9lectionn\u00e9s.<\/p>\n\n<\/div><\/div><\/div>\n<\/div>\n\n<div class=\"gb-container gb-container-56842675\"><div class=\"gb-inside-container\">\n\n<h2 class=\"gb-headline gb-headline-623dbc2b gb-headline-text\">Comment candidater<\/h2>\n\n\n\n<p>Pour candidater, vous devez constituer un dossier comprenant :<\/p>\n\n\n\n<ul class=\"wp-block-list\">\n<li>Un CV d\u00e9taill\u00e9<\/li>\n\n\n\n<li>Les relev\u00e9s de notes de L3 et de M1 (ou \u00e9quivalents)<\/li>\n\n\n\n<li>Une lettre de motivation du candidat appuyant son app\u00e9tence pour la recherche<\/li>\n\n\n\n<li>Une lettre d\u2019engagement sur l\u2019honneur \u00e0 r\u00e9aliser un stage recherche au sein d\u2019un laboratoire du site lorrain<\/li>\n\n\n\n<li>Une lettre de recommandation et un argumentaire du&nbsp;: responsable du parcours de master ; ou du responsable du parcours m\u00e9decine ; ou du responsable du parcours pharmacie ; ou du responsable de formation en \u00e9cole d\u2019ing\u00e9nieur.<\/li>\n<\/ul>\n\n\n\n<h3 class=\"gb-headline gb-headline-fa3a1994 gb-headline-text\">Aupr\u00e8s de qui&nbsp;?<\/h3>\n\n\n\n<p>Vous devez communiquer votre dossier \u00e0 votre responsable de formation. C\u2019est lui qui transmettra votre demande de bourse d\u2019excellence.<\/p>\n\n\n\n<p class=\"gb-headline gb-headline-96d708b4 gb-headline-text\">Attention, seul 1 dossier est admis par parcours de master, 1 par parcours de dipl\u00f4me de sant\u00e9 (m\u00e9decine &amp; pharmacie), et 1 par dipl\u00f4me d\u2019\u00e9cole d\u2019ing\u00e9nieur. Seuls les dossiers complets seront examin\u00e9s.<\/p>\n\n<\/div><\/div>\n\n<div class=\"gb-container gb-container-ea8d3008\"><div class=\"gb-inside-container\">\n\n<h2 class=\"gb-headline gb-headline-3c2819f3 gb-headline-text\">Calendrier<\/h2>\n\n\n\n<ul class=\"wp-block-list\">\n<li>Ouverture des candidatures : 09\/04\/2026<\/li>\n\n\n\n<li>Cl\u00f4ture des candidatures : <strong>09\/06\/2026 \u00e0 midi<\/strong><\/li>\n\n\n\n<li>S\u00e9lection des laur\u00e9ats par le comit\u00e9 Unys Projets : 03\/07\/2026<\/li>\n<\/ul>\n\n\n\n<p>Les r\u00e9sultats de l\u2019appel \u00e0 candidatures seront communiqu\u00e9s aux responsables de Master\/responsables de formation des Ecoles d\u2019Ing\u00e9nieurs et aux candidats par mail&nbsp;au plus tard le 10\/07\/2026.<\/p>\n\n<\/div><\/div>\n\n\n<p><\/p>\n\n\n\n<p><\/p>\n","protected":false},"excerpt":{"rendered":"<p>Les bourses en bref Pour qui ? \u00c9tudiants en Master 2 ou en 3\u00e8me ann\u00e9e d\u2019\u00e9cole d\u2019ing\u00e9nieur Quel montant ? 7 000 \u20ac Pour quoi ? Financer votre mobilit\u00e9 (stages, congr\u00e8s, s\u00e9minaires), Acheter du mat\u00e9riel sp\u00e9cifique \u00e0 votre projet de recherche Crit\u00e8res cl\u00e9s ? Bons r\u00e9sultats acad\u00e9miques &amp; qualit\u00e9 du projet de recherche Comment candidater &#8230; <a title=\"Bourses d&rsquo;excellence\" class=\"read-more\" href=\"https:\/\/www.univ-lorraine.fr\/osezlarecherche\/les-dispositifs-orion\/bourses-dexcellence\/\" aria-label=\"En savoir plus sur Bourses d&rsquo;excellence\">Lire plus<\/a><\/p>\n","protected":false},"author":30,"featured_media":0,"parent":41,"menu_order":0,"comment_status":"closed","ping_status":"closed","template":"","meta":{"inline_featured_image":false,"footnotes":""},"class_list":["post-211","page","type-page","status-publish"],"yoast_head":"<!-- This site is optimized with the Yoast SEO plugin v27.4 - https:\/\/yoast.com\/product\/yoast-seo-wordpress\/ -->\n<title>Bourses d&#039;excellence - ORION : Osez la recherche<\/title>\n<meta name=\"description\" content=\"Vous \u00eates actuellement en M1 ou 2\u00e8me ann\u00e9e d\u2019ing\u00e9nieur et vous vous int\u00e9ressez \u00e0 la recherche\u00a0? Candidatez aux bourses d\u2019excellence Orion\u00a0!\" \/>\n<meta name=\"robots\" content=\"index, follow, max-snippet:-1, max-image-preview:large, max-video-preview:-1\" \/>\n<link rel=\"canonical\" href=\"https:\/\/www.univ-lorraine.fr\/osezlarecherche\/les-dispositifs-orion\/bourses-dexcellence\/\" \/>\n<meta property=\"og:locale\" content=\"fr_FR\" \/>\n<meta property=\"og:type\" content=\"article\" \/>\n<meta property=\"og:title\" content=\"Bourses d&#039;excellence - ORION : Osez la recherche\" \/>\n<meta property=\"og:description\" content=\"Vous \u00eates actuellement en M1 ou 2\u00e8me ann\u00e9e d\u2019ing\u00e9nieur et vous vous int\u00e9ressez \u00e0 la recherche\u00a0? Candidatez aux bourses d\u2019excellence Orion\u00a0!\" \/>\n<meta property=\"og:url\" content=\"https:\/\/www.univ-lorraine.fr\/osezlarecherche\/les-dispositifs-orion\/bourses-dexcellence\/\" \/>\n<meta property=\"og:site_name\" content=\"Osez la recherche\" \/>\n<meta property=\"article:modified_time\" content=\"2026-04-09T08:50:35+00:00\" \/>\n<meta property=\"og:image\" content=\"https:\/\/www.univ-lorraine.fr\/osezlarecherche\/wp-content\/uploads\/sites\/32\/2022\/01\/selancer-seul.png\" \/>\n\t<meta property=\"og:image:width\" content=\"250\" \/>\n\t<meta property=\"og:image:height\" content=\"303\" \/>\n\t<meta property=\"og:image:type\" content=\"image\/png\" \/>\n<meta name=\"twitter:card\" content=\"summary_large_image\" \/>\n<meta name=\"twitter:label1\" content=\"Dur\u00e9e de lecture estim\u00e9e\" \/>\n\t<meta name=\"twitter:data1\" content=\"3 minutes\" \/>\n<script type=\"application\/ld+json\" class=\"yoast-schema-graph\">{\"@context\":\"https:\\\/\\\/schema.org\",\"@graph\":[{\"@type\":\"WebPage\",\"@id\":\"https:\\\/\\\/www.univ-lorraine.fr\\\/osezlarecherche\\\/les-dispositifs-orion\\\/bourses-dexcellence\\\/\",\"url\":\"https:\\\/\\\/www.univ-lorraine.fr\\\/osezlarecherche\\\/les-dispositifs-orion\\\/bourses-dexcellence\\\/\",\"name\":\"Bourses d'excellence - ORION : Osez la recherche\",\"isPartOf\":{\"@id\":\"https:\\\/\\\/www.univ-lorraine.fr\\\/osezlarecherche\\\/#website\"},\"primaryImageOfPage\":{\"@id\":\"https:\\\/\\\/www.univ-lorraine.fr\\\/osezlarecherche\\\/les-dispositifs-orion\\\/bourses-dexcellence\\\/#primaryimage\"},\"image\":{\"@id\":\"https:\\\/\\\/www.univ-lorraine.fr\\\/osezlarecherche\\\/les-dispositifs-orion\\\/bourses-dexcellence\\\/#primaryimage\"},\"thumbnailUrl\":\"https:\\\/\\\/www.univ-lorraine.fr\\\/osezlarecherche\\\/wp-content\\\/uploads\\\/sites\\\/32\\\/2022\\\/01\\\/selancer-seul.png\",\"datePublished\":\"2021-08-24T10:10:46+00:00\",\"dateModified\":\"2026-04-09T08:50:35+00:00\",\"description\":\"Vous \u00eates actuellement en M1 ou 2\u00e8me ann\u00e9e d\u2019ing\u00e9nieur et vous vous int\u00e9ressez \u00e0 la recherche\u00a0? Candidatez aux bourses d\u2019excellence Orion\u00a0!\",\"breadcrumb\":{\"@id\":\"https:\\\/\\\/www.univ-lorraine.fr\\\/osezlarecherche\\\/les-dispositifs-orion\\\/bourses-dexcellence\\\/#breadcrumb\"},\"inLanguage\":\"fr-FR\",\"potentialAction\":[{\"@type\":\"ReadAction\",\"target\":[\"https:\\\/\\\/www.univ-lorraine.fr\\\/osezlarecherche\\\/les-dispositifs-orion\\\/bourses-dexcellence\\\/\"]}]},{\"@type\":\"ImageObject\",\"inLanguage\":\"fr-FR\",\"@id\":\"https:\\\/\\\/www.univ-lorraine.fr\\\/osezlarecherche\\\/les-dispositifs-orion\\\/bourses-dexcellence\\\/#primaryimage\",\"url\":\"https:\\\/\\\/www.univ-lorraine.fr\\\/osezlarecherche\\\/wp-content\\\/uploads\\\/sites\\\/32\\\/2022\\\/01\\\/selancer-seul.png\",\"contentUrl\":\"https:\\\/\\\/www.univ-lorraine.fr\\\/osezlarecherche\\\/wp-content\\\/uploads\\\/sites\\\/32\\\/2022\\\/01\\\/selancer-seul.png\",\"width\":250,\"height\":303},{\"@type\":\"BreadcrumbList\",\"@id\":\"https:\\\/\\\/www.univ-lorraine.fr\\\/osezlarecherche\\\/les-dispositifs-orion\\\/bourses-dexcellence\\\/#breadcrumb\",\"itemListElement\":[{\"@type\":\"ListItem\",\"position\":1,\"name\":\"Accueil\",\"item\":\"https:\\\/\\\/www.univ-lorraine.fr\\\/osezlarecherche\\\/\"},{\"@type\":\"ListItem\",\"position\":2,\"name\":\"Tous les dispositifs ORION\",\"item\":\"https:\\\/\\\/www.univ-lorraine.fr\\\/osezlarecherche\\\/les-dispositifs-orion\\\/\"},{\"@type\":\"ListItem\",\"position\":3,\"name\":\"Bourses d&rsquo;excellence\"}]},{\"@type\":\"WebSite\",\"@id\":\"https:\\\/\\\/www.univ-lorraine.fr\\\/osezlarecherche\\\/#website\",\"url\":\"https:\\\/\\\/www.univ-lorraine.fr\\\/osezlarecherche\\\/\",\"name\":\"Osez la recherche\",\"description\":\"\",\"publisher\":{\"@id\":\"https:\\\/\\\/www.univ-lorraine.fr\\\/osezlarecherche\\\/#organization\"},\"potentialAction\":[{\"@type\":\"SearchAction\",\"target\":{\"@type\":\"EntryPoint\",\"urlTemplate\":\"https:\\\/\\\/www.univ-lorraine.fr\\\/osezlarecherche\\\/?s={search_term_string}\"},\"query-input\":{\"@type\":\"PropertyValueSpecification\",\"valueRequired\":true,\"valueName\":\"search_term_string\"}}],\"inLanguage\":\"fr-FR\"},{\"@type\":\"Organization\",\"@id\":\"https:\\\/\\\/www.univ-lorraine.fr\\\/osezlarecherche\\\/#organization\",\"name\":\"Osez la recherche\",\"url\":\"https:\\\/\\\/www.univ-lorraine.fr\\\/osezlarecherche\\\/\",\"logo\":{\"@type\":\"ImageObject\",\"inLanguage\":\"fr-FR\",\"@id\":\"https:\\\/\\\/www.univ-lorraine.fr\\\/osezlarecherche\\\/#\\\/schema\\\/logo\\\/image\\\/\",\"url\":\"https:\\\/\\\/www.univ-lorraine.fr\\\/osezlarecherche\\\/wp-content\\\/uploads\\\/sites\\\/32\\\/2021\\\/12\\\/logo.png\",\"contentUrl\":\"https:\\\/\\\/www.univ-lorraine.fr\\\/osezlarecherche\\\/wp-content\\\/uploads\\\/sites\\\/32\\\/2021\\\/12\\\/logo.png\",\"width\":130,\"height\":65,\"caption\":\"Osez la recherche\"},\"image\":{\"@id\":\"https:\\\/\\\/www.univ-lorraine.fr\\\/osezlarecherche\\\/#\\\/schema\\\/logo\\\/image\\\/\"}}]}<\/script>\n<!-- \/ Yoast SEO plugin. -->","yoast_head_json":{"title":"Bourses d'excellence - ORION : Osez la recherche","description":"Vous \u00eates actuellement en M1 ou 2\u00e8me ann\u00e9e d\u2019ing\u00e9nieur et vous vous int\u00e9ressez \u00e0 la recherche\u00a0? Candidatez aux bourses d\u2019excellence Orion\u00a0!","robots":{"index":"index","follow":"follow","max-snippet":"max-snippet:-1","max-image-preview":"max-image-preview:large","max-video-preview":"max-video-preview:-1"},"canonical":"https:\/\/www.univ-lorraine.fr\/osezlarecherche\/les-dispositifs-orion\/bourses-dexcellence\/","og_locale":"fr_FR","og_type":"article","og_title":"Bourses d'excellence - ORION : Osez la recherche","og_description":"Vous \u00eates actuellement en M1 ou 2\u00e8me ann\u00e9e d\u2019ing\u00e9nieur et vous vous int\u00e9ressez \u00e0 la recherche\u00a0? Candidatez aux bourses d\u2019excellence Orion\u00a0!","og_url":"https:\/\/www.univ-lorraine.fr\/osezlarecherche\/les-dispositifs-orion\/bourses-dexcellence\/","og_site_name":"Osez la recherche","article_modified_time":"2026-04-09T08:50:35+00:00","og_image":[{"width":250,"height":303,"url":"https:\/\/www.univ-lorraine.fr\/osezlarecherche\/wp-content\/uploads\/sites\/32\/2022\/01\/selancer-seul.png","type":"image\/png"}],"twitter_card":"summary_large_image","twitter_misc":{"Dur\u00e9e de lecture estim\u00e9e":"3 minutes"},"schema":{"@context":"https:\/\/schema.org","@graph":[{"@type":"WebPage","@id":"https:\/\/www.univ-lorraine.fr\/osezlarecherche\/les-dispositifs-orion\/bourses-dexcellence\/","url":"https:\/\/www.univ-lorraine.fr\/osezlarecherche\/les-dispositifs-orion\/bourses-dexcellence\/","name":"Bourses d'excellence - ORION : Osez la recherche","isPartOf":{"@id":"https:\/\/www.univ-lorraine.fr\/osezlarecherche\/#website"},"primaryImageOfPage":{"@id":"https:\/\/www.univ-lorraine.fr\/osezlarecherche\/les-dispositifs-orion\/bourses-dexcellence\/#primaryimage"},"image":{"@id":"https:\/\/www.univ-lorraine.fr\/osezlarecherche\/les-dispositifs-orion\/bourses-dexcellence\/#primaryimage"},"thumbnailUrl":"https:\/\/www.univ-lorraine.fr\/osezlarecherche\/wp-content\/uploads\/sites\/32\/2022\/01\/selancer-seul.png","datePublished":"2021-08-24T10:10:46+00:00","dateModified":"2026-04-09T08:50:35+00:00","description":"Vous \u00eates actuellement en M1 ou 2\u00e8me ann\u00e9e d\u2019ing\u00e9nieur et vous vous int\u00e9ressez \u00e0 la recherche\u00a0? Candidatez aux bourses d\u2019excellence Orion\u00a0!","breadcrumb":{"@id":"https:\/\/www.univ-lorraine.fr\/osezlarecherche\/les-dispositifs-orion\/bourses-dexcellence\/#breadcrumb"},"inLanguage":"fr-FR","potentialAction":[{"@type":"ReadAction","target":["https:\/\/www.univ-lorraine.fr\/osezlarecherche\/les-dispositifs-orion\/bourses-dexcellence\/"]}]},{"@type":"ImageObject","inLanguage":"fr-FR","@id":"https:\/\/www.univ-lorraine.fr\/osezlarecherche\/les-dispositifs-orion\/bourses-dexcellence\/#primaryimage","url":"https:\/\/www.univ-lorraine.fr\/osezlarecherche\/wp-content\/uploads\/sites\/32\/2022\/01\/selancer-seul.png","contentUrl":"https:\/\/www.univ-lorraine.fr\/osezlarecherche\/wp-content\/uploads\/sites\/32\/2022\/01\/selancer-seul.png","width":250,"height":303},{"@type":"BreadcrumbList","@id":"https:\/\/www.univ-lorraine.fr\/osezlarecherche\/les-dispositifs-orion\/bourses-dexcellence\/#breadcrumb","itemListElement":[{"@type":"ListItem","position":1,"name":"Accueil","item":"https:\/\/www.univ-lorraine.fr\/osezlarecherche\/"},{"@type":"ListItem","position":2,"name":"Tous les dispositifs ORION","item":"https:\/\/www.univ-lorraine.fr\/osezlarecherche\/les-dispositifs-orion\/"},{"@type":"ListItem","position":3,"name":"Bourses d&rsquo;excellence"}]},{"@type":"WebSite","@id":"https:\/\/www.univ-lorraine.fr\/osezlarecherche\/#website","url":"https:\/\/www.univ-lorraine.fr\/osezlarecherche\/","name":"Osez la recherche","description":"","publisher":{"@id":"https:\/\/www.univ-lorraine.fr\/osezlarecherche\/#organization"},"potentialAction":[{"@type":"SearchAction","target":{"@type":"EntryPoint","urlTemplate":"https:\/\/www.univ-lorraine.fr\/osezlarecherche\/?s={search_term_string}"},"query-input":{"@type":"PropertyValueSpecification","valueRequired":true,"valueName":"search_term_string"}}],"inLanguage":"fr-FR"},{"@type":"Organization","@id":"https:\/\/www.univ-lorraine.fr\/osezlarecherche\/#organization","name":"Osez la recherche","url":"https:\/\/www.univ-lorraine.fr\/osezlarecherche\/","logo":{"@type":"ImageObject","inLanguage":"fr-FR","@id":"https:\/\/www.univ-lorraine.fr\/osezlarecherche\/#\/schema\/logo\/image\/","url":"https:\/\/www.univ-lorraine.fr\/osezlarecherche\/wp-content\/uploads\/sites\/32\/2021\/12\/logo.png","contentUrl":"https:\/\/www.univ-lorraine.fr\/osezlarecherche\/wp-content\/uploads\/sites\/32\/2021\/12\/logo.png","width":130,"height":65,"caption":"Osez la recherche"},"image":{"@id":"https:\/\/www.univ-lorraine.fr\/osezlarecherche\/#\/schema\/logo\/image\/"}}]}},"_links":{"self":[{"href":"https:\/\/www.univ-lorraine.fr\/osezlarecherche\/wp-json\/wp\/v2\/pages\/211","targetHints":{"allow":["GET"]}}],"collection":[{"href":"https:\/\/www.univ-lorraine.fr\/osezlarecherche\/wp-json\/wp\/v2\/pages"}],"about":[{"href":"https:\/\/www.univ-lorraine.fr\/osezlarecherche\/wp-json\/wp\/v2\/types\/page"}],"author":[{"embeddable":true,"href":"https:\/\/www.univ-lorraine.fr\/osezlarecherche\/wp-json\/wp\/v2\/users\/30"}],"replies":[{"embeddable":true,"href":"https:\/\/www.univ-lorraine.fr\/osezlarecherche\/wp-json\/wp\/v2\/comments?post=211"}],"version-history":[{"count":63,"href":"https:\/\/www.univ-lorraine.fr\/osezlarecherche\/wp-json\/wp\/v2\/pages\/211\/revisions"}],"predecessor-version":[{"id":5494,"href":"https:\/\/www.univ-lorraine.fr\/osezlarecherche\/wp-json\/wp\/v2\/pages\/211\/revisions\/5494"}],"up":[{"embeddable":true,"href":"https:\/\/www.univ-lorraine.fr\/osezlarecherche\/wp-json\/wp\/v2\/pages\/41"}],"wp:attachment":[{"href":"https:\/\/www.univ-lorraine.fr\/osezlarecherche\/wp-json\/wp\/v2\/media?parent=211"}],"curies":[{"name":"wp","href":"https:\/\/api.w.org\/{rel}","templated":true}]}}