{"id":247,"date":"2021-09-28T10:45:39","date_gmt":"2021-09-28T08:45:39","guid":{"rendered":"https:\/\/www.univ-lorraine.fr\/osezlarecherche\/?page_id=247"},"modified":"2026-03-04T09:51:28","modified_gmt":"2026-03-04T08:51:28","slug":"boite-a-outils","status":"publish","type":"page","link":"https:\/\/www.univ-lorraine.fr\/osezlarecherche\/boite-a-outils\/","title":{"rendered":"Bo\u00eete \u00e0 outils"},"content":{"rendered":"<!DOCTYPE html PUBLIC \"-\/\/W3C\/\/DTD HTML 4.0 Transitional\/\/EN\" \"http:\/\/www.w3.org\/TR\/REC-html40\/loose.dtd\">\n<?xml encoding=\"utf-8\" ?><html><body><p><\/p>\n\n\n\n<h2 class=\"gb-headline gb-headline-cd53ebee gb-headline-text\">Tous les outils pour vous informer sur ORION !<\/h2>\n\n\n\n<p>Retrouvez sur cette page tous les outils pour vous informer sur la mise en place des diff&eacute;rents dispositifs.<\/p>\n\n\n<div class=\"gb-container gb-container-ba6c5d0b\"><div class=\"gb-inside-container\">\n<div class=\"gb-container gb-container-aca04160\"><div class=\"gb-inside-container\">\n\n<h2 class=\"gb-headline gb-headline-454040b7 gb-headline-text\">Vid&eacute;o de pr&eacute;sentation d&rsquo;ORION <\/h2>\n\n\n\n<p>Replay de la r&eacute;union de pr&eacute;sentation d&rsquo;ORION du 8 juillet 2022 &agrave; destination des responsables et enseignant&middot;es de licence.<\/p>\n\n\n\n<figure class=\"wp-block-embed alignwide is-type-wp-embed is-provider-vid-oth-que-de-lul wp-block-embed-vid-oth-que-de-lul wp-embed-aspect-16-9 wp-has-aspect-ratio\"><div class=\"wp-block-embed__wrapper\">\n<iframe class=\"wp-embedded-content\" title=\"R&eacute;union d'information ORION - Unit&eacute;s d'Enseignement 2022_23-20220708_120620-Enregistrement de la r&eacute;union.mp4\" src=\"https:\/\/ultv.univ-lorraine.fr\/video\/12409-reunion-dinformation-orion-unites-denseignement-2022_23-20220708_120620-enregistrement-de-la-reunionmp4\/?is_iframe=true#?secret=eYB2P1YBiS\" data-secret=\"eYB2P1YBiS\" loading=\"lazy\" allowfullscreen=\"\"><\/iframe>\n<\/div><\/figure>\n\n<\/div><\/div>\n<\/div><\/div>\n\n\n<h2 class=\"gb-headline gb-headline-ce51319c gb-headline-text\">Documents<\/h2>\n\n\n\n<div class=\"wp-block-file\"><a id=\"wp-block-file--media-1be0dcda-706c-4e31-9bc6-7e448bffe661\" href=\"https:\/\/www.univ-lorraine.fr\/osezlarecherche\/wp-content\/uploads\/sites\/32\/2025\/09\/296x148mm-juillet25.pdf\">Plaquette ORION &eacute;tudiant&middot;es 2025-26<\/a><a href=\"https:\/\/www.univ-lorraine.fr\/osezlarecherche\/wp-content\/uploads\/sites\/32\/2025\/09\/296x148mm-juillet25.pdf\" class=\"wp-block-file__button wp-element-button\" download aria-describedby=\"wp-block-file--media-1be0dcda-706c-4e31-9bc6-7e448bffe661\">T&eacute;l&eacute;charger<\/a><\/div>\n\n\n\n<div class=\"wp-block-file\"><a id=\"wp-block-file--media-aa991851-e1a2-4581-b4f7-ba5c2004f71f\" href=\"https:\/\/www.univ-lorraine.fr\/osezlarecherche\/wp-content\/uploads\/sites\/32\/2025\/09\/presentation_globale-orion.pptx\">Pr&eacute;sentation globale ORION<\/a><a href=\"https:\/\/www.univ-lorraine.fr\/osezlarecherche\/wp-content\/uploads\/sites\/32\/2025\/09\/presentation_globale-orion.pptx\" class=\"wp-block-file__button wp-element-button\" download aria-describedby=\"wp-block-file--media-aa991851-e1a2-4581-b4f7-ba5c2004f71f\">T&eacute;l&eacute;charger<\/a><\/div>\n\n\n\n<div class=\"wp-block-file\"><a id=\"wp-block-file--media-8691131b-5395-4a93-b933-7cb67f62c574\" href=\"https:\/\/www.univ-lorraine.fr\/osezlarecherche\/wp-content\/uploads\/sites\/32\/2025\/09\/presentation_globale-orion_en.pptx\">Pr&eacute;sentation globale ORION &ndash; EN<\/a><a href=\"https:\/\/www.univ-lorraine.fr\/osezlarecherche\/wp-content\/uploads\/sites\/32\/2025\/09\/presentation_globale-orion_en.pptx\" class=\"wp-block-file__button wp-element-button\" download aria-describedby=\"wp-block-file--media-8691131b-5395-4a93-b933-7cb67f62c574\">T&eacute;l&eacute;charger<\/a><\/div>\n\n\n\n<div class=\"wp-block-file\"><a id=\"wp-block-file--media-691f01ca-4c3b-409a-b1f2-67e4116e59ca\" href=\"https:\/\/www.univ-lorraine.fr\/osezlarecherche\/wp-content\/uploads\/sites\/32\/2023\/01\/Presentation_UE-ORION.pptx\">Pr&eacute;sentation des UE ORION<\/a><a href=\"https:\/\/www.univ-lorraine.fr\/osezlarecherche\/wp-content\/uploads\/sites\/32\/2023\/01\/Presentation_UE-ORION.pptx\" class=\"wp-block-file__button wp-element-button\" download aria-describedby=\"wp-block-file--media-691f01ca-4c3b-409a-b1f2-67e4116e59ca\">T&eacute;l&eacute;charger<\/a><\/div>\n\n\n<div class=\"gb-container gb-container-77298732\"><div class=\"gb-inside-container\">\n\n<h2 class=\"gb-headline gb-headline-0d3aa207 gb-headline-text\">Suivez notre actualit&eacute;<\/h2>\n\n\n\n<ul class=\"wp-block-list\">\n<li><a href=\"https:\/\/factuel.univ-lorraine.fr\/newsletter\/newsletter-lettre-orion-73693.html?mtm_kwd=#9%20-%20F%C3%A9vrier%202026\" type=\"link\" id=\"https:\/\/factuel.univ-lorraine.fr\/newsletter\/newsletter-lettre-orion-73693.html?mtm_kwd=#9%20-%20F%C3%A9vrier%202026\" target=\"_blank\" rel=\"noreferrer noopener\">Derni&egrave;re lettre d&rsquo;info<\/a><\/li>\n\n\n\n<li>Abonnez-vous &agrave; la newsletter &laquo; L&rsquo;actu d&rsquo;ORION &raquo; <a href=\"https:\/\/listes.univ-lorraine.fr\/sympa\/subscribe\/newsletter-orion-diffusion\" target=\"_blank\" rel=\"noreferrer noopener\">par ici<\/a><\/li>\n<\/ul>\n\n<\/div><\/div>\n\n<div class=\"gb-grid-wrapper gb-grid-wrapper-478ae140\">\n<div class=\"gb-grid-column gb-grid-column-3329d7f1\"><div class=\"gb-container gb-container-3329d7f1\"><div class=\"gb-inside-container\"><\/div><\/div><\/div>\n\n<div class=\"gb-grid-column gb-grid-column-0a00828d\"><div class=\"gb-container gb-container-0a00828d\"><div class=\"gb-inside-container\">\n\n<h2 class=\"wp-block-heading has-text-align-right\" id=\"l-info-orion-par\" style=\"font-size:30px\">L&rsquo;INFO ORION PAR <\/h2>\n\n<\/div><\/div><\/div>\n\n<div class=\"gb-grid-column gb-grid-column-949704bd\"><div class=\"gb-container gb-container-949704bd\"><div class=\"gb-inside-container\">\n<div class=\"wp-block-image is-resized factuel\">\n<figure class=\"alignleft size-full\"><img decoding=\"async\" src=\"https:\/\/dev-www.univ-lorraine.fr\/wp-content\/uploads\/2021\/01\/logo-factuel.png\" alt=\"Logo Factuel\" class=\"wp-image-21864\"><\/figure>\n<\/div>\n<\/div><\/div><\/div>\n\n<div class=\"gb-grid-column gb-grid-column-61f88d38\"><div class=\"gb-container gb-container-61f88d38\"><div class=\"gb-inside-container\"><\/div><\/div><\/div>\n<\/div>\n\n<div class=\"gb-grid-wrapper gb-grid-wrapper-f2d6eb52\">\n<div class=\"gb-grid-column gb-grid-column-4ee59e23\"><div class=\"gb-container gb-container-4ee59e23\"><div class=\"gb-inside-container\">\n\n<h3 class=\"gb-headline gb-headline-bd5fad81 gb-headline-text\"><strong>LES DERNI&Egrave;RES ACTUALIT&Eacute;S<\/strong><\/h3>\n\n\n\n<p><a href=\"https:\/\/factuel.univ-lorraine.fr\" target=\"_blank\" rel=\"noreferrer noopener\">Toute l&rsquo;Info de l&rsquo;Universit&eacute; de Lorraine<\/a><\/p>\n\n\n<div id=\"ul-factuel-actus-home\"><div class=\"factuel_first_col\"><div class=\"factuel_one_actu\"><a href=\"https:\/\/factuel.univ-lorraine.fr\/?p=82214\" target=\"blank\"><div class=\"factuel_one_actu_img\"><img decoding=\"async\" src=\"https:\/\/www.univ-lorraine.fr\/osezlarecherche\/wp-content\/uploads\/2026\/04\/tp_orion_4-300x135.jpg\" alt=\"Un TP d&amp;rsquo;excellence ORION &agrave; l&amp;rsquo;interface entre m&eacute;canique, mat&eacute;riaux et &eacute;cologie\"\/><\/div><div class=\"factuel_one_actu_rubrique\">Du cot\u00e9 des formations de l'universit\u00e9<\/div><div class=\"factuel_one_actu_title\">Un TP d&rsquo;excellence ORION \u00e0 l&rsquo;interface entre m\u00e9canique, mat\u00e9riaux et \u00e9cologie<\/div><\/a><\/div><\/div><div class=\"factuel_second_col\"><div class=\"factuel_one_actu\"><div class=\"factuel_one_actu_img\"><a href=\"https:\/\/factuel.univ-lorraine.fr\/?p=82039\" target=\"blank\"><img decoding=\"async\" src=\"https:\/\/www.univ-lorraine.fr\/osezlarecherche\/wp-content\/uploads\/2026\/04\/pxl_factuel_093019460-300x225.jpg\" alt=\"TP d&rsquo;Excellence ORION : faire dialoguer cerveau et psychanalyse\"\/><\/a><\/div><div class=\"factuel_actu_group\"><div class=\"factuel_one_actu_rubrique\">Du cot\u00e9 des formations de l'universit\u00e9<\/div><div class=\"factuel_one_actu_title\"><a href=\"https:\/\/factuel.univ-lorraine.fr\/?p=82039\" target=\"blank\" title=\"Acc\u00e9der \u00e0 : TP d&rsquo;Excellence ORION : faire dialoguer cerveau et psychanalyse\">TP d\u2019Excellence ORION : faire dialoguer cerveau et psychanalyse<\/a><\/div><\/div><\/div><div class=\"factuel_one_actu\"><div class=\"factuel_one_actu_img\"><a href=\"https:\/\/factuel.univ-lorraine.fr\/?p=81838\" target=\"blank\"><img decoding=\"async\" src=\"https:\/\/www.univ-lorraine.fr\/osezlarecherche\/wp-content\/uploads\/2026\/04\/aac-tp-300x300.jpg\" alt=\"TP d&rsquo;Excellence ORION : un appel &agrave; projets de financement pour renforcer l&rsquo;acc&egrave;s aux plateformes de pointe\"\/><\/a><\/div><div class=\"factuel_actu_group\"><div class=\"factuel_one_actu_rubrique\">Du cot\u00e9 des formations de l'universit\u00e9<\/div><div class=\"factuel_one_actu_title\"><a href=\"https:\/\/factuel.univ-lorraine.fr\/?p=81838\" target=\"blank\" title=\"Acc\u00e9der \u00e0 : TP d&rsquo;Excellence ORION : un appel &agrave; projets de financement pour renforcer l&rsquo;acc&egrave;s aux plateformes de pointe\">TP d\u2019Excellence ORION : un appel \u00e0 projets de financement pour renforcer l\u2019acc\u00e8s aux plateformes de pointe<\/a><\/div><\/div><\/div><div class=\"factuel_one_actu\"><div class=\"factuel_one_actu_img\"><a href=\"https:\/\/factuel.univ-lorraine.fr\/?p=81463\" target=\"blank\"><img decoding=\"async\" src=\"https:\/\/www.univ-lorraine.fr\/osezlarecherche\/wp-content\/uploads\/2026\/04\/bourses_excellence_26_27-300x300.png\" alt=\"Les candidatures pour les bourses d&amp;rsquo;excellence ORION 2026-2027 sont ouvertes !\"\/><\/a><\/div><div class=\"factuel_actu_group\"><div class=\"factuel_one_actu_rubrique\">L'institution Universit\u00e9 de Lorraine<\/div><div class=\"factuel_one_actu_title\"><a href=\"https:\/\/factuel.univ-lorraine.fr\/?p=81463\" target=\"blank\" title=\"Acc\u00e9der \u00e0 : Les candidatures pour les bourses d&amp;rsquo;excellence ORION 2026-2027 sont ouvertes !\">Les candidatures pour les bourses d&rsquo;excellence ORION 2026-2027 sont ouvertes !<\/a><\/div><\/div><\/div><\/div><\/div>\n\n<\/div><\/div><\/div>\n\n<div class=\"gb-grid-column gb-grid-column-81276394\"><div class=\"gb-container gb-container-81276394\"><div class=\"gb-inside-container\">\n\n<h3 class=\"gb-headline gb-headline-686a3424 gb-headline-text\"><strong>NOS PROCHAINS &Eacute;V&Egrave;NEMENTS<\/strong><\/h3>\n\n\n\n<p><a href=\"https:\/\/factuel.univ-lorraine.fr\/archives\/agenda\">L&rsquo;<\/a><a href=\"https:\/\/factuel.univ-lorraine.fr\/archives\/agenda\" target=\"_blank\" rel=\"noreferrer noopener\">agenda<\/a><\/p>\n\n\n<div id=\"ul-factuel-events-home\"><div class=\"factuel_one_event factuel_event_1\"><div class=\"factuel_one_event_up\"><a href=\"https:\/\/factuel.univ-lorraine.fr\/?p=80970\" target=\"blank\"><div class=\"factuel_one_event_img\"><img decoding=\"async\" src=\"https:\/\/www.univ-lorraine.fr\/osezlarecherche\/wp-content\/uploads\/2026\/04\/affiche-apero-adolescence-vf-212x300.jpg\" alt=\"Sex&amp;rsquo;pop #3 : Raconter les masculinit&eacute;s dans Adolescence\"\/><\/div><\/a><div class=\"factuel_one_event_dates\">28 avr.<\/div><\/div><div class=\"factuel_one_event_bottom\"><div class=\"factuel_one_event_title\"><a href=\"https:\/\/factuel.univ-lorraine.fr\/?p=80970\" target=\"blank\"  title=\"Acc\u00e9der \u00e0 : Sex&amp;rsquo;pop #3 : Raconter les masculinit&eacute;s dans Adolescence\">Sex&rsquo;pop #3 : Raconter les masculinit\u00e9s dans Adolescence<\/a><\/div><div class=\"factuel_one_event_bottom_right\"><div class=\"factuel_one_event_next\" data-page-next=\"2\" data-page-current=\"1\"><\/div><div class=\"factuel_one_event_prev disable\"><\/div><div class=\"factuel_one_event_count\">1\/3<\/div><\/div><\/div><\/div><div class=\"factuel_one_event factuel_event_2\"><div class=\"factuel_one_event_up\"><a href=\"https:\/\/factuel.univ-lorraine.fr\/?p=76891\" target=\"blank\"><div class=\"factuel_one_event_img\"><img decoding=\"async\" src=\"https:\/\/www.univ-lorraine.fr\/osezlarecherche\/wp-content\/uploads\/2026\/03\/bandeau-logos-copie.png\" alt=\"Appel &agrave; communications &amp;#8211; Journ&eacute;e de Recherche : &laquo;&nbsp;Famille et entreprise familiale face aux bouleversements soci&eacute;taux : entre famille moderne et d&eacute;fis socio-technologiques&nbsp;&raquo;\"\/><\/div><\/a><div class=\"factuel_one_event_dates\">7 mai<\/div><\/div><div class=\"factuel_one_event_bottom\"><div class=\"factuel_one_event_title\"><a href=\"https:\/\/factuel.univ-lorraine.fr\/?p=76891\" target=\"blank\"  title=\"Acc\u00e9der \u00e0 : Appel &agrave; communications &amp;#8211; Journ&eacute;e de Recherche : &laquo;&nbsp;Famille et entreprise familiale face aux bouleversements soci&eacute;taux : entre famille moderne et d&eacute;fis socio-technologiques&nbsp;&raquo;\">Appel \u00e0 communications &#8211; Journ\u00e9e de Recherche : \u00ab\u00a0Famille et entreprise familiale face aux bouleversements soci\u00e9taux : entre famille moderne et d\u00e9fis socio-technologiques\u00a0\u00bb<\/a><\/div><div class=\"factuel_one_event_bottom_right\"><div class=\"factuel_one_event_next\" data-page-next=\"3\" data-page-current=\"2\"><\/div><div class=\"factuel_one_event_prev\" data-page-prev=\"1\" data-page-current=\"2\"><\/div><div class=\"factuel_one_event_count\">2\/3<\/div><\/div><\/div><\/div><div class=\"factuel_one_event factuel_event_3\"><div class=\"factuel_one_event_up\"><a href=\"https:\/\/factuel.univ-lorraine.fr\/?p=81455\" target=\"blank\"><div class=\"factuel_one_event_img\"><img decoding=\"async\" src=\"https:\/\/www.univ-lorraine.fr\/osezlarecherche\/wp-content\/uploads\/2026\/04\/projet-droit-dapres-240x300.jpg\" alt=\"&laquo;&nbsp;Le droit d&amp;rsquo;apr&egrave;s&nbsp;&raquo; : Journ&eacute;e de restitution des travaux des &eacute;tudiants pour cette deuxi&egrave;me &eacute;dition\"\/><\/div><\/a><div class=\"factuel_one_event_dates\">22 mai<\/div><\/div><div class=\"factuel_one_event_bottom\"><div class=\"factuel_one_event_title\"><a href=\"https:\/\/factuel.univ-lorraine.fr\/?p=81455\" target=\"blank\"  title=\"Acc\u00e9der \u00e0 : &laquo;&nbsp;Le droit d&amp;rsquo;apr&egrave;s&nbsp;&raquo; : Journ&eacute;e de restitution des travaux des &eacute;tudiants pour cette deuxi&egrave;me &eacute;dition\">\u00ab\u00a0Le droit d&rsquo;apr\u00e8s\u00a0\u00bb : Journ\u00e9e de restitution des travaux des \u00e9tudiants pour cette deuxi\u00e8me \u00e9dition<\/a><\/div><div class=\"factuel_one_event_bottom_right\"><div class=\"factuel_one_event_next disable\"><\/div><div class=\"factuel_one_event_prev\" data-page-prev=\"2\" data-page-current=\"3\"><\/div><div class=\"factuel_one_event_count\">3\/3<\/div><\/div><\/div><\/div><\/div>\n\n<\/div><\/div><\/div>\n<\/div><\/body><\/html>\n","protected":false},"excerpt":{"rendered":"<p>Tous les outils pour vous informer sur ORION ! Retrouvez sur cette page tous les outils pour vous informer sur la mise en place des diff\u00e9rents dispositifs. Vid\u00e9o de pr\u00e9sentation d&rsquo;ORION Replay de la r\u00e9union de pr\u00e9sentation d&rsquo;ORION du 8 juillet 2022 \u00e0 destination des responsables et enseignant\u00b7es de licence. Documents Suivez notre actualit\u00e9<\/p>\n","protected":false},"author":7,"featured_media":0,"parent":0,"menu_order":0,"comment_status":"closed","ping_status":"closed","template":"","meta":{"inline_featured_image":false,"footnotes":""},"class_list":["post-247","page","type-page","status-publish"],"yoast_head":"<!-- This site is optimized with the Yoast SEO plugin v27.4 - https:\/\/yoast.com\/product\/yoast-seo-wordpress\/ -->\n<title>Bo\u00eete \u00e0 outils - Osez la recherche<\/title>\n<meta name=\"description\" content=\"Retrouvez sur cette page tous les outils pour vous informer sur la mise en place des diff\u00e9rents dispositifs.\" \/>\n<meta name=\"robots\" content=\"index, follow, max-snippet:-1, max-image-preview:large, max-video-preview:-1\" \/>\n<link rel=\"canonical\" href=\"https:\/\/www.univ-lorraine.fr\/osezlarecherche\/boite-a-outils\/\" \/>\n<meta property=\"og:locale\" content=\"fr_FR\" \/>\n<meta property=\"og:type\" content=\"article\" \/>\n<meta property=\"og:title\" content=\"Bo\u00eete \u00e0 outils - Osez la recherche\" \/>\n<meta property=\"og:description\" content=\"Retrouvez sur cette page tous les outils pour vous informer sur la mise en place des diff\u00e9rents dispositifs.\" \/>\n<meta property=\"og:url\" content=\"https:\/\/www.univ-lorraine.fr\/osezlarecherche\/boite-a-outils\/\" \/>\n<meta property=\"og:site_name\" content=\"Osez la recherche\" \/>\n<meta property=\"article:modified_time\" content=\"2026-03-04T08:51:28+00:00\" \/>\n<meta name=\"twitter:card\" content=\"summary_large_image\" \/>\n<meta name=\"twitter:label1\" content=\"Dur\u00e9e de lecture estim\u00e9e\" \/>\n\t<meta name=\"twitter:data1\" content=\"1 minute\" \/>\n<script type=\"application\/ld+json\" class=\"yoast-schema-graph\">{\"@context\":\"https:\\\/\\\/schema.org\",\"@graph\":[{\"@type\":\"WebPage\",\"@id\":\"https:\\\/\\\/www.univ-lorraine.fr\\\/osezlarecherche\\\/boite-a-outils\\\/\",\"url\":\"https:\\\/\\\/www.univ-lorraine.fr\\\/osezlarecherche\\\/boite-a-outils\\\/\",\"name\":\"Bo\u00eete \u00e0 outils - Osez la recherche\",\"isPartOf\":{\"@id\":\"https:\\\/\\\/www.univ-lorraine.fr\\\/osezlarecherche\\\/#website\"},\"primaryImageOfPage\":{\"@id\":\"https:\\\/\\\/www.univ-lorraine.fr\\\/osezlarecherche\\\/boite-a-outils\\\/#primaryimage\"},\"image\":{\"@id\":\"https:\\\/\\\/www.univ-lorraine.fr\\\/osezlarecherche\\\/boite-a-outils\\\/#primaryimage\"},\"thumbnailUrl\":\"https:\\\/\\\/dev-www.univ-lorraine.fr\\\/wp-content\\\/uploads\\\/2021\\\/01\\\/logo-factuel.png\",\"datePublished\":\"2021-09-28T08:45:39+00:00\",\"dateModified\":\"2026-03-04T08:51:28+00:00\",\"description\":\"Retrouvez sur cette page tous les outils pour vous informer sur la mise en place des diff\u00e9rents dispositifs.\",\"breadcrumb\":{\"@id\":\"https:\\\/\\\/www.univ-lorraine.fr\\\/osezlarecherche\\\/boite-a-outils\\\/#breadcrumb\"},\"inLanguage\":\"fr-FR\",\"potentialAction\":[{\"@type\":\"ReadAction\",\"target\":[\"https:\\\/\\\/www.univ-lorraine.fr\\\/osezlarecherche\\\/boite-a-outils\\\/\"]}]},{\"@type\":\"ImageObject\",\"inLanguage\":\"fr-FR\",\"@id\":\"https:\\\/\\\/www.univ-lorraine.fr\\\/osezlarecherche\\\/boite-a-outils\\\/#primaryimage\",\"url\":\"https:\\\/\\\/dev-www.univ-lorraine.fr\\\/wp-content\\\/uploads\\\/2021\\\/01\\\/logo-factuel.png\",\"contentUrl\":\"https:\\\/\\\/dev-www.univ-lorraine.fr\\\/wp-content\\\/uploads\\\/2021\\\/01\\\/logo-factuel.png\"},{\"@type\":\"BreadcrumbList\",\"@id\":\"https:\\\/\\\/www.univ-lorraine.fr\\\/osezlarecherche\\\/boite-a-outils\\\/#breadcrumb\",\"itemListElement\":[{\"@type\":\"ListItem\",\"position\":1,\"name\":\"Accueil\",\"item\":\"https:\\\/\\\/www.univ-lorraine.fr\\\/osezlarecherche\\\/\"},{\"@type\":\"ListItem\",\"position\":2,\"name\":\"Bo\u00eete \u00e0 outils\"}]},{\"@type\":\"WebSite\",\"@id\":\"https:\\\/\\\/www.univ-lorraine.fr\\\/osezlarecherche\\\/#website\",\"url\":\"https:\\\/\\\/www.univ-lorraine.fr\\\/osezlarecherche\\\/\",\"name\":\"Osez la recherche\",\"description\":\"\",\"publisher\":{\"@id\":\"https:\\\/\\\/www.univ-lorraine.fr\\\/osezlarecherche\\\/#organization\"},\"potentialAction\":[{\"@type\":\"SearchAction\",\"target\":{\"@type\":\"EntryPoint\",\"urlTemplate\":\"https:\\\/\\\/www.univ-lorraine.fr\\\/osezlarecherche\\\/?s={search_term_string}\"},\"query-input\":{\"@type\":\"PropertyValueSpecification\",\"valueRequired\":true,\"valueName\":\"search_term_string\"}}],\"inLanguage\":\"fr-FR\"},{\"@type\":\"Organization\",\"@id\":\"https:\\\/\\\/www.univ-lorraine.fr\\\/osezlarecherche\\\/#organization\",\"name\":\"Osez la recherche\",\"url\":\"https:\\\/\\\/www.univ-lorraine.fr\\\/osezlarecherche\\\/\",\"logo\":{\"@type\":\"ImageObject\",\"inLanguage\":\"fr-FR\",\"@id\":\"https:\\\/\\\/www.univ-lorraine.fr\\\/osezlarecherche\\\/#\\\/schema\\\/logo\\\/image\\\/\",\"url\":\"https:\\\/\\\/www.univ-lorraine.fr\\\/osezlarecherche\\\/wp-content\\\/uploads\\\/sites\\\/32\\\/2021\\\/12\\\/logo.png\",\"contentUrl\":\"https:\\\/\\\/www.univ-lorraine.fr\\\/osezlarecherche\\\/wp-content\\\/uploads\\\/sites\\\/32\\\/2021\\\/12\\\/logo.png\",\"width\":130,\"height\":65,\"caption\":\"Osez la recherche\"},\"image\":{\"@id\":\"https:\\\/\\\/www.univ-lorraine.fr\\\/osezlarecherche\\\/#\\\/schema\\\/logo\\\/image\\\/\"}}]}<\/script>\n<!-- \/ Yoast SEO plugin. -->","yoast_head_json":{"title":"Bo\u00eete \u00e0 outils - Osez la recherche","description":"Retrouvez sur cette page tous les outils pour vous informer sur la mise en place des diff\u00e9rents dispositifs.","robots":{"index":"index","follow":"follow","max-snippet":"max-snippet:-1","max-image-preview":"max-image-preview:large","max-video-preview":"max-video-preview:-1"},"canonical":"https:\/\/www.univ-lorraine.fr\/osezlarecherche\/boite-a-outils\/","og_locale":"fr_FR","og_type":"article","og_title":"Bo\u00eete \u00e0 outils - Osez la recherche","og_description":"Retrouvez sur cette page tous les outils pour vous informer sur la mise en place des diff\u00e9rents dispositifs.","og_url":"https:\/\/www.univ-lorraine.fr\/osezlarecherche\/boite-a-outils\/","og_site_name":"Osez la recherche","article_modified_time":"2026-03-04T08:51:28+00:00","twitter_card":"summary_large_image","twitter_misc":{"Dur\u00e9e de lecture estim\u00e9e":"1 minute"},"schema":{"@context":"https:\/\/schema.org","@graph":[{"@type":"WebPage","@id":"https:\/\/www.univ-lorraine.fr\/osezlarecherche\/boite-a-outils\/","url":"https:\/\/www.univ-lorraine.fr\/osezlarecherche\/boite-a-outils\/","name":"Bo\u00eete \u00e0 outils - Osez la recherche","isPartOf":{"@id":"https:\/\/www.univ-lorraine.fr\/osezlarecherche\/#website"},"primaryImageOfPage":{"@id":"https:\/\/www.univ-lorraine.fr\/osezlarecherche\/boite-a-outils\/#primaryimage"},"image":{"@id":"https:\/\/www.univ-lorraine.fr\/osezlarecherche\/boite-a-outils\/#primaryimage"},"thumbnailUrl":"https:\/\/dev-www.univ-lorraine.fr\/wp-content\/uploads\/2021\/01\/logo-factuel.png","datePublished":"2021-09-28T08:45:39+00:00","dateModified":"2026-03-04T08:51:28+00:00","description":"Retrouvez sur cette page tous les outils pour vous informer sur la mise en place des diff\u00e9rents dispositifs.","breadcrumb":{"@id":"https:\/\/www.univ-lorraine.fr\/osezlarecherche\/boite-a-outils\/#breadcrumb"},"inLanguage":"fr-FR","potentialAction":[{"@type":"ReadAction","target":["https:\/\/www.univ-lorraine.fr\/osezlarecherche\/boite-a-outils\/"]}]},{"@type":"ImageObject","inLanguage":"fr-FR","@id":"https:\/\/www.univ-lorraine.fr\/osezlarecherche\/boite-a-outils\/#primaryimage","url":"https:\/\/dev-www.univ-lorraine.fr\/wp-content\/uploads\/2021\/01\/logo-factuel.png","contentUrl":"https:\/\/dev-www.univ-lorraine.fr\/wp-content\/uploads\/2021\/01\/logo-factuel.png"},{"@type":"BreadcrumbList","@id":"https:\/\/www.univ-lorraine.fr\/osezlarecherche\/boite-a-outils\/#breadcrumb","itemListElement":[{"@type":"ListItem","position":1,"name":"Accueil","item":"https:\/\/www.univ-lorraine.fr\/osezlarecherche\/"},{"@type":"ListItem","position":2,"name":"Bo\u00eete \u00e0 outils"}]},{"@type":"WebSite","@id":"https:\/\/www.univ-lorraine.fr\/osezlarecherche\/#website","url":"https:\/\/www.univ-lorraine.fr\/osezlarecherche\/","name":"Osez la recherche","description":"","publisher":{"@id":"https:\/\/www.univ-lorraine.fr\/osezlarecherche\/#organization"},"potentialAction":[{"@type":"SearchAction","target":{"@type":"EntryPoint","urlTemplate":"https:\/\/www.univ-lorraine.fr\/osezlarecherche\/?s={search_term_string}"},"query-input":{"@type":"PropertyValueSpecification","valueRequired":true,"valueName":"search_term_string"}}],"inLanguage":"fr-FR"},{"@type":"Organization","@id":"https:\/\/www.univ-lorraine.fr\/osezlarecherche\/#organization","name":"Osez la recherche","url":"https:\/\/www.univ-lorraine.fr\/osezlarecherche\/","logo":{"@type":"ImageObject","inLanguage":"fr-FR","@id":"https:\/\/www.univ-lorraine.fr\/osezlarecherche\/#\/schema\/logo\/image\/","url":"https:\/\/www.univ-lorraine.fr\/osezlarecherche\/wp-content\/uploads\/sites\/32\/2021\/12\/logo.png","contentUrl":"https:\/\/www.univ-lorraine.fr\/osezlarecherche\/wp-content\/uploads\/sites\/32\/2021\/12\/logo.png","width":130,"height":65,"caption":"Osez la recherche"},"image":{"@id":"https:\/\/www.univ-lorraine.fr\/osezlarecherche\/#\/schema\/logo\/image\/"}}]}},"_links":{"self":[{"href":"https:\/\/www.univ-lorraine.fr\/osezlarecherche\/wp-json\/wp\/v2\/pages\/247","targetHints":{"allow":["GET"]}}],"collection":[{"href":"https:\/\/www.univ-lorraine.fr\/osezlarecherche\/wp-json\/wp\/v2\/pages"}],"about":[{"href":"https:\/\/www.univ-lorraine.fr\/osezlarecherche\/wp-json\/wp\/v2\/types\/page"}],"author":[{"embeddable":true,"href":"https:\/\/www.univ-lorraine.fr\/osezlarecherche\/wp-json\/wp\/v2\/users\/7"}],"replies":[{"embeddable":true,"href":"https:\/\/www.univ-lorraine.fr\/osezlarecherche\/wp-json\/wp\/v2\/comments?post=247"}],"version-history":[{"count":53,"href":"https:\/\/www.univ-lorraine.fr\/osezlarecherche\/wp-json\/wp\/v2\/pages\/247\/revisions"}],"predecessor-version":[{"id":5426,"href":"https:\/\/www.univ-lorraine.fr\/osezlarecherche\/wp-json\/wp\/v2\/pages\/247\/revisions\/5426"}],"wp:attachment":[{"href":"https:\/\/www.univ-lorraine.fr\/osezlarecherche\/wp-json\/wp\/v2\/media?parent=247"}],"curies":[{"name":"wp","href":"https:\/\/api.w.org\/{rel}","templated":true}]}}