{"id":4655,"date":"2025-07-08T15:54:16","date_gmt":"2025-07-08T13:54:16","guid":{"rendered":"https:\/\/www.univ-lorraine.fr\/osezlarecherche\/?page_id=4655"},"modified":"2025-09-25T15:25:30","modified_gmt":"2025-09-25T13:25:30","slug":"bienvenue-2025-26","status":"publish","type":"page","link":"https:\/\/www.univ-lorraine.fr\/osezlarecherche\/bienvenue-2025-26\/","title":{"rendered":"Bienvenue 2025-2026"},"content":{"rendered":"<div class=\"gb-container gb-container-3a7957d8 bgfixed alignfull\">\n<div class=\"gb-container gb-container-57e345b4\">\n<div class=\"gb-container gb-container-49528735\">\n\n<figure class=\"gb-block-image gb-block-image-a5366cf4\"><img loading=\"lazy\" decoding=\"async\" width=\"300\" height=\"201\" class=\"gb-image gb-image-a5366cf4\" src=\"https:\/\/www.univ-lorraine.fr\/osezlarecherche\/wp-content\/uploads\/sites\/32\/2025\/07\/logo-et-personnage-en-ligne-300x201.png\" alt=\"Logo Orion\" srcset=\"https:\/\/www.univ-lorraine.fr\/osezlarecherche\/wp-content\/uploads\/sites\/32\/2025\/07\/logo-et-personnage-en-ligne-300x201.png 300w, https:\/\/www.univ-lorraine.fr\/osezlarecherche\/wp-content\/uploads\/sites\/32\/2025\/07\/logo-et-personnage-en-ligne.png 556w\" sizes=\"auto, (max-width: 300px) 100vw, 300px\" \/><\/figure>\n\n\n\n<figure class=\"gb-block-image gb-block-image-7171cf5f\"><img loading=\"lazy\" decoding=\"async\" width=\"300\" height=\"294\" class=\"gb-image gb-image-7171cf5f\" src=\"https:\/\/www.univ-lorraine.fr\/osezlarecherche\/wp-content\/uploads\/sites\/32\/2025\/07\/logotype-blanc-300x294.png\" alt=\"Logo France 2030\" title=\"Logotype-blanc\" srcset=\"https:\/\/www.univ-lorraine.fr\/osezlarecherche\/wp-content\/uploads\/sites\/32\/2025\/07\/logotype-blanc-300x294.png 300w, https:\/\/www.univ-lorraine.fr\/osezlarecherche\/wp-content\/uploads\/sites\/32\/2025\/07\/logotype-blanc.png 322w\" sizes=\"auto, (max-width: 300px) 100vw, 300px\" \/><\/figure>\n\n<\/div>\n\n<div class=\"gb-container gb-container-5dad2551\">\n\n<h1 class=\"gb-headline gb-headline-44d27cf4 gb-headline-text\">Bien jou\u00e9, mais le vrai d\u00e9fi commence ici<\/h1>\n\n<\/div>\n\n<div class=\"gb-container gb-container-38acf869\">\n\n<h2 class=\"gb-headline gb-headline-fdf5648a gb-headline-text\">Les clubs ORION t&rsquo;attendent<\/h2>\n\n\n\n<p class=\"gb-headline gb-headline-80f97e77 gb-headline-text\">Rejoindre un club ORION, c\u2019est <strong>explorer <\/strong>la recherche autrement, <strong>d\u00e9velopper des comp\u00e9tences <\/strong>utiles, <strong>rencontrer <\/strong>d\u2019autres \u00e9tudiants et participer \u00e0 des projets concrets dans une ambiance conviviale. C\u2019est un espace <strong>d\u2019\u00e9change<\/strong>, de <strong>cr\u00e9ativit\u00e9 <\/strong>et de <strong>r\u00e9flexion<\/strong>, ouvert \u00e0 toutes les disciplines. \u2728<\/p>\n\n\n\n<div class=\"wp-block-buttons is-content-justification-center is-layout-flex wp-container-core-buttons-is-layout-16018d1d wp-block-buttons-is-layout-flex\">\n<div class=\"wp-block-button\"><a class=\"wp-block-button__link wp-element-button\" href=\"https:\/\/www.univ-lorraine.fr\/osezlarecherche\/les-clubs-orion\/\">D\u00e9couvre la liste des clubs ORION<\/a><\/div>\n<\/div>\n\n<\/div>\n\n<div class=\"gb-container gb-container-465e5f61\">\n\n<h2 class=\"gb-headline gb-headline-1a6555e0 gb-headline-text\">Participe \u00e0 \u00ab\u00a0Boxe avec les mots\u00a0\u00bb<\/h2>\n\n\n\n<p class=\"gb-headline gb-headline-9c98db73 gb-headline-text\">Ton arme c\u2019est la <strong>mauvaise foi<\/strong>. Boxe avec les mots, c\u2019est un <strong>concours d\u2019\u00e9loquence<\/strong> o\u00f9 tu gagnes en convainquant m\u00eame quand tu as tort. D\u00e9bats d\u00e9cal\u00e9s, punchlines bien plac\u00e9es et fous rires assur\u00e9s. Viens d\u00e9battre\u2026 ou simplement huer \ud83e\udd37<\/p>\n\n\n\n<div class=\"wp-block-buttons is-horizontal is-content-justification-center is-layout-flex wp-container-core-buttons-is-layout-499968f5 wp-block-buttons-is-layout-flex\">\n<div class=\"wp-block-button\"><a class=\"wp-block-button__link wp-element-button\" href=\"https:\/\/factuel.univ-lorraine.fr\/evenement\/semaine-de-la-recherche-2025\/\" target=\"_blank\" rel=\"noreferrer noopener\">Semaine de la Recherche &#8211; Programme<\/a><\/div>\n<\/div>\n\n<\/div>\n\n<div class=\"gb-container gb-container-9f0da1ca\">\n\n<h2 class=\"gb-headline gb-headline-1ae22874 gb-headline-text\">Tu es en L2 ? Int\u00e8gre le parcours Recherche ORION<\/h2>\n\n\n\n<p class=\"gb-headline gb-headline-635a35dc gb-headline-text\">Avec le parcours ORION, tu boostes ta <strong>cr\u00e9ativit\u00e9<\/strong>, ton <strong>esprit critique<\/strong> et ton go\u00fbt pour la <strong>collaboration<\/strong>. En prime : financements pour <strong>stages <\/strong>et <strong>mobilit\u00e9s<\/strong>, certification nationale, et peut-\u00eatre une bourse en M2. Rejoins l&rsquo;aventure \ud83e\udde8 <\/p>\n\n\n\n<div class=\"wp-block-buttons is-content-justification-center is-layout-flex wp-container-core-buttons-is-layout-16018d1d wp-block-buttons-is-layout-flex\">\n<div class=\"wp-block-button\"><a class=\"wp-block-button__link wp-element-button\" href=\"https:\/\/www.univ-lorraine.fr\/osezlarecherche\/parcours-orion\/\">D\u00e9couvre le parcours ORION<\/a><\/div>\n<\/div>\n\n<\/div>\n<\/div>\n<\/div>\n\n\n<style>\n\nbody{background-color:#040F55;}\n.bgfixed {\nbackground-color:#040F55;\nbackground-image: \n  url(\/osezlarecherche\/wp-content\/uploads\/sites\/32\/2025\/08\/bg2.png),\n  url(\/osezlarecherche\/wp-content\/uploads\/sites\/32\/2025\/08\/bg3.png),\n  url(\/osezlarecherche\/wp-content\/uploads\/sites\/32\/2025\/08\/bg4-1.png),\n  url(\/osezlarecherche\/wp-content\/uploads\/sites\/32\/2025\/08\/bg1.png);\nbackground-position: \n  right bottom, \n  left bottom, \n  left top, \n  right top;\nbackground-repeat: no-repeat;\nbackground-attachment: fixed;\n}\n@media (orientation: landscape) {\n  .bgfixed {\n    background-size: auto 45%;\n    }\n  }\n@media (orientation: portrait) {\n  .bgfixed {\n    background-size: 45% auto;\n    }\n  }\n\n.separate-containers .site-main {margin:0;}\n.separate-containers .inside-article {padding: 0; background:none;}\n\n\n<\/style>\n","protected":false},"excerpt":{"rendered":"<p>Bien jou\u00e9, mais le vrai d\u00e9fi commence ici Les clubs ORION t&rsquo;attendent Rejoindre un club ORION, c\u2019est explorer la recherche autrement, d\u00e9velopper des comp\u00e9tences utiles, rencontrer d\u2019autres \u00e9tudiants et participer \u00e0 des projets concrets dans une ambiance conviviale. C\u2019est un espace d\u2019\u00e9change, de cr\u00e9ativit\u00e9 et de r\u00e9flexion, ouvert \u00e0 toutes les disciplines. \u2728 Participe \u00e0 &#8230; <a title=\"Bienvenue 2025-2026\" class=\"read-more\" href=\"https:\/\/www.univ-lorraine.fr\/osezlarecherche\/bienvenue-2025-26\/\" aria-label=\"En savoir plus sur Bienvenue 2025-2026\">Lire plus<\/a><\/p>\n","protected":false},"author":88,"featured_media":0,"parent":0,"menu_order":0,"comment_status":"closed","ping_status":"closed","template":"","meta":{"inline_featured_image":false,"footnotes":""},"class_list":["post-4655","page","type-page","status-publish"],"yoast_head":"<!-- This site is optimized with the Yoast SEO plugin v27.4 - https:\/\/yoast.com\/product\/yoast-seo-wordpress\/ -->\n<title>Bienvenue 2025-2026 - Osez la recherche<\/title>\n<meta name=\"robots\" content=\"index, follow, max-snippet:-1, max-image-preview:large, max-video-preview:-1\" \/>\n<link rel=\"canonical\" href=\"https:\/\/www.univ-lorraine.fr\/osezlarecherche\/bienvenue-2025-26\/\" \/>\n<meta property=\"og:locale\" content=\"fr_FR\" \/>\n<meta property=\"og:type\" content=\"article\" \/>\n<meta property=\"og:title\" content=\"Bienvenue 2025-2026 - Osez la recherche\" \/>\n<meta property=\"og:description\" content=\"Bien jou\u00e9, mais le vrai d\u00e9fi commence ici Les clubs ORION t&rsquo;attendent Rejoindre un club ORION, c\u2019est explorer la recherche autrement, d\u00e9velopper des comp\u00e9tences utiles, rencontrer d\u2019autres \u00e9tudiants et participer \u00e0 des projets concrets dans une ambiance conviviale. C\u2019est un espace d\u2019\u00e9change, de cr\u00e9ativit\u00e9 et de r\u00e9flexion, ouvert \u00e0 toutes les disciplines. \u2728 Participe \u00e0 ... Lire plus\" \/>\n<meta property=\"og:url\" content=\"https:\/\/www.univ-lorraine.fr\/osezlarecherche\/bienvenue-2025-26\/\" \/>\n<meta property=\"og:site_name\" content=\"Osez la recherche\" \/>\n<meta property=\"article:modified_time\" content=\"2025-09-25T13:25:30+00:00\" \/>\n<meta property=\"og:image\" content=\"https:\/\/www.univ-lorraine.fr\/osezlarecherche\/wp-content\/uploads\/sites\/32\/2025\/07\/logo-et-personnage-en-ligne-300x201.png\" \/>\n<meta name=\"twitter:card\" content=\"summary_large_image\" \/>\n<meta name=\"twitter:label1\" content=\"Dur\u00e9e de lecture estim\u00e9e\" \/>\n\t<meta name=\"twitter:data1\" content=\"2 minutes\" \/>\n<script type=\"application\/ld+json\" class=\"yoast-schema-graph\">{\"@context\":\"https:\\\/\\\/schema.org\",\"@graph\":[{\"@type\":\"WebPage\",\"@id\":\"https:\\\/\\\/www.univ-lorraine.fr\\\/osezlarecherche\\\/bienvenue-2025-26\\\/\",\"url\":\"https:\\\/\\\/www.univ-lorraine.fr\\\/osezlarecherche\\\/bienvenue-2025-26\\\/\",\"name\":\"Bienvenue 2025-2026 - Osez la recherche\",\"isPartOf\":{\"@id\":\"https:\\\/\\\/www.univ-lorraine.fr\\\/osezlarecherche\\\/#website\"},\"primaryImageOfPage\":{\"@id\":\"https:\\\/\\\/www.univ-lorraine.fr\\\/osezlarecherche\\\/bienvenue-2025-26\\\/#primaryimage\"},\"image\":{\"@id\":\"https:\\\/\\\/www.univ-lorraine.fr\\\/osezlarecherche\\\/bienvenue-2025-26\\\/#primaryimage\"},\"thumbnailUrl\":\"https:\\\/\\\/www.univ-lorraine.fr\\\/osezlarecherche\\\/wp-content\\\/uploads\\\/sites\\\/32\\\/2025\\\/07\\\/logo-et-personnage-en-ligne-300x201.png\",\"datePublished\":\"2025-07-08T13:54:16+00:00\",\"dateModified\":\"2025-09-25T13:25:30+00:00\",\"breadcrumb\":{\"@id\":\"https:\\\/\\\/www.univ-lorraine.fr\\\/osezlarecherche\\\/bienvenue-2025-26\\\/#breadcrumb\"},\"inLanguage\":\"fr-FR\",\"potentialAction\":[{\"@type\":\"ReadAction\",\"target\":[\"https:\\\/\\\/www.univ-lorraine.fr\\\/osezlarecherche\\\/bienvenue-2025-26\\\/\"]}]},{\"@type\":\"ImageObject\",\"inLanguage\":\"fr-FR\",\"@id\":\"https:\\\/\\\/www.univ-lorraine.fr\\\/osezlarecherche\\\/bienvenue-2025-26\\\/#primaryimage\",\"url\":\"https:\\\/\\\/www.univ-lorraine.fr\\\/osezlarecherche\\\/wp-content\\\/uploads\\\/sites\\\/32\\\/2025\\\/07\\\/logo-et-personnage-en-ligne.png\",\"contentUrl\":\"https:\\\/\\\/www.univ-lorraine.fr\\\/osezlarecherche\\\/wp-content\\\/uploads\\\/sites\\\/32\\\/2025\\\/07\\\/logo-et-personnage-en-ligne.png\",\"width\":556,\"height\":373},{\"@type\":\"BreadcrumbList\",\"@id\":\"https:\\\/\\\/www.univ-lorraine.fr\\\/osezlarecherche\\\/bienvenue-2025-26\\\/#breadcrumb\",\"itemListElement\":[{\"@type\":\"ListItem\",\"position\":1,\"name\":\"Accueil\",\"item\":\"https:\\\/\\\/www.univ-lorraine.fr\\\/osezlarecherche\\\/\"},{\"@type\":\"ListItem\",\"position\":2,\"name\":\"Bienvenue 2025-2026\"}]},{\"@type\":\"WebSite\",\"@id\":\"https:\\\/\\\/www.univ-lorraine.fr\\\/osezlarecherche\\\/#website\",\"url\":\"https:\\\/\\\/www.univ-lorraine.fr\\\/osezlarecherche\\\/\",\"name\":\"Osez la recherche\",\"description\":\"\",\"publisher\":{\"@id\":\"https:\\\/\\\/www.univ-lorraine.fr\\\/osezlarecherche\\\/#organization\"},\"potentialAction\":[{\"@type\":\"SearchAction\",\"target\":{\"@type\":\"EntryPoint\",\"urlTemplate\":\"https:\\\/\\\/www.univ-lorraine.fr\\\/osezlarecherche\\\/?s={search_term_string}\"},\"query-input\":{\"@type\":\"PropertyValueSpecification\",\"valueRequired\":true,\"valueName\":\"search_term_string\"}}],\"inLanguage\":\"fr-FR\"},{\"@type\":\"Organization\",\"@id\":\"https:\\\/\\\/www.univ-lorraine.fr\\\/osezlarecherche\\\/#organization\",\"name\":\"Osez la recherche\",\"url\":\"https:\\\/\\\/www.univ-lorraine.fr\\\/osezlarecherche\\\/\",\"logo\":{\"@type\":\"ImageObject\",\"inLanguage\":\"fr-FR\",\"@id\":\"https:\\\/\\\/www.univ-lorraine.fr\\\/osezlarecherche\\\/#\\\/schema\\\/logo\\\/image\\\/\",\"url\":\"https:\\\/\\\/www.univ-lorraine.fr\\\/osezlarecherche\\\/wp-content\\\/uploads\\\/sites\\\/32\\\/2021\\\/12\\\/logo.png\",\"contentUrl\":\"https:\\\/\\\/www.univ-lorraine.fr\\\/osezlarecherche\\\/wp-content\\\/uploads\\\/sites\\\/32\\\/2021\\\/12\\\/logo.png\",\"width\":130,\"height\":65,\"caption\":\"Osez la recherche\"},\"image\":{\"@id\":\"https:\\\/\\\/www.univ-lorraine.fr\\\/osezlarecherche\\\/#\\\/schema\\\/logo\\\/image\\\/\"}}]}<\/script>\n<!-- \/ Yoast SEO plugin. -->","yoast_head_json":{"title":"Bienvenue 2025-2026 - Osez la recherche","robots":{"index":"index","follow":"follow","max-snippet":"max-snippet:-1","max-image-preview":"max-image-preview:large","max-video-preview":"max-video-preview:-1"},"canonical":"https:\/\/www.univ-lorraine.fr\/osezlarecherche\/bienvenue-2025-26\/","og_locale":"fr_FR","og_type":"article","og_title":"Bienvenue 2025-2026 - Osez la recherche","og_description":"Bien jou\u00e9, mais le vrai d\u00e9fi commence ici Les clubs ORION t&rsquo;attendent Rejoindre un club ORION, c\u2019est explorer la recherche autrement, d\u00e9velopper des comp\u00e9tences utiles, rencontrer d\u2019autres \u00e9tudiants et participer \u00e0 des projets concrets dans une ambiance conviviale. C\u2019est un espace d\u2019\u00e9change, de cr\u00e9ativit\u00e9 et de r\u00e9flexion, ouvert \u00e0 toutes les disciplines. \u2728 Participe \u00e0 ... Lire plus","og_url":"https:\/\/www.univ-lorraine.fr\/osezlarecherche\/bienvenue-2025-26\/","og_site_name":"Osez la recherche","article_modified_time":"2025-09-25T13:25:30+00:00","og_image":[{"url":"https:\/\/www.univ-lorraine.fr\/osezlarecherche\/wp-content\/uploads\/sites\/32\/2025\/07\/logo-et-personnage-en-ligne-300x201.png","type":"","width":"","height":""}],"twitter_card":"summary_large_image","twitter_misc":{"Dur\u00e9e de lecture estim\u00e9e":"2 minutes"},"schema":{"@context":"https:\/\/schema.org","@graph":[{"@type":"WebPage","@id":"https:\/\/www.univ-lorraine.fr\/osezlarecherche\/bienvenue-2025-26\/","url":"https:\/\/www.univ-lorraine.fr\/osezlarecherche\/bienvenue-2025-26\/","name":"Bienvenue 2025-2026 - Osez la recherche","isPartOf":{"@id":"https:\/\/www.univ-lorraine.fr\/osezlarecherche\/#website"},"primaryImageOfPage":{"@id":"https:\/\/www.univ-lorraine.fr\/osezlarecherche\/bienvenue-2025-26\/#primaryimage"},"image":{"@id":"https:\/\/www.univ-lorraine.fr\/osezlarecherche\/bienvenue-2025-26\/#primaryimage"},"thumbnailUrl":"https:\/\/www.univ-lorraine.fr\/osezlarecherche\/wp-content\/uploads\/sites\/32\/2025\/07\/logo-et-personnage-en-ligne-300x201.png","datePublished":"2025-07-08T13:54:16+00:00","dateModified":"2025-09-25T13:25:30+00:00","breadcrumb":{"@id":"https:\/\/www.univ-lorraine.fr\/osezlarecherche\/bienvenue-2025-26\/#breadcrumb"},"inLanguage":"fr-FR","potentialAction":[{"@type":"ReadAction","target":["https:\/\/www.univ-lorraine.fr\/osezlarecherche\/bienvenue-2025-26\/"]}]},{"@type":"ImageObject","inLanguage":"fr-FR","@id":"https:\/\/www.univ-lorraine.fr\/osezlarecherche\/bienvenue-2025-26\/#primaryimage","url":"https:\/\/www.univ-lorraine.fr\/osezlarecherche\/wp-content\/uploads\/sites\/32\/2025\/07\/logo-et-personnage-en-ligne.png","contentUrl":"https:\/\/www.univ-lorraine.fr\/osezlarecherche\/wp-content\/uploads\/sites\/32\/2025\/07\/logo-et-personnage-en-ligne.png","width":556,"height":373},{"@type":"BreadcrumbList","@id":"https:\/\/www.univ-lorraine.fr\/osezlarecherche\/bienvenue-2025-26\/#breadcrumb","itemListElement":[{"@type":"ListItem","position":1,"name":"Accueil","item":"https:\/\/www.univ-lorraine.fr\/osezlarecherche\/"},{"@type":"ListItem","position":2,"name":"Bienvenue 2025-2026"}]},{"@type":"WebSite","@id":"https:\/\/www.univ-lorraine.fr\/osezlarecherche\/#website","url":"https:\/\/www.univ-lorraine.fr\/osezlarecherche\/","name":"Osez la recherche","description":"","publisher":{"@id":"https:\/\/www.univ-lorraine.fr\/osezlarecherche\/#organization"},"potentialAction":[{"@type":"SearchAction","target":{"@type":"EntryPoint","urlTemplate":"https:\/\/www.univ-lorraine.fr\/osezlarecherche\/?s={search_term_string}"},"query-input":{"@type":"PropertyValueSpecification","valueRequired":true,"valueName":"search_term_string"}}],"inLanguage":"fr-FR"},{"@type":"Organization","@id":"https:\/\/www.univ-lorraine.fr\/osezlarecherche\/#organization","name":"Osez la recherche","url":"https:\/\/www.univ-lorraine.fr\/osezlarecherche\/","logo":{"@type":"ImageObject","inLanguage":"fr-FR","@id":"https:\/\/www.univ-lorraine.fr\/osezlarecherche\/#\/schema\/logo\/image\/","url":"https:\/\/www.univ-lorraine.fr\/osezlarecherche\/wp-content\/uploads\/sites\/32\/2021\/12\/logo.png","contentUrl":"https:\/\/www.univ-lorraine.fr\/osezlarecherche\/wp-content\/uploads\/sites\/32\/2021\/12\/logo.png","width":130,"height":65,"caption":"Osez la recherche"},"image":{"@id":"https:\/\/www.univ-lorraine.fr\/osezlarecherche\/#\/schema\/logo\/image\/"}}]}},"_links":{"self":[{"href":"https:\/\/www.univ-lorraine.fr\/osezlarecherche\/wp-json\/wp\/v2\/pages\/4655","targetHints":{"allow":["GET"]}}],"collection":[{"href":"https:\/\/www.univ-lorraine.fr\/osezlarecherche\/wp-json\/wp\/v2\/pages"}],"about":[{"href":"https:\/\/www.univ-lorraine.fr\/osezlarecherche\/wp-json\/wp\/v2\/types\/page"}],"author":[{"embeddable":true,"href":"https:\/\/www.univ-lorraine.fr\/osezlarecherche\/wp-json\/wp\/v2\/users\/88"}],"replies":[{"embeddable":true,"href":"https:\/\/www.univ-lorraine.fr\/osezlarecherche\/wp-json\/wp\/v2\/comments?post=4655"}],"version-history":[{"count":71,"href":"https:\/\/www.univ-lorraine.fr\/osezlarecherche\/wp-json\/wp\/v2\/pages\/4655\/revisions"}],"predecessor-version":[{"id":5215,"href":"https:\/\/www.univ-lorraine.fr\/osezlarecherche\/wp-json\/wp\/v2\/pages\/4655\/revisions\/5215"}],"wp:attachment":[{"href":"https:\/\/www.univ-lorraine.fr\/osezlarecherche\/wp-json\/wp\/v2\/media?parent=4655"}],"curies":[{"name":"wp","href":"https:\/\/api.w.org\/{rel}","templated":true}]}}