{"id":4984,"date":"2025-09-25T16:39:36","date_gmt":"2025-09-25T14:39:36","guid":{"rendered":"https:\/\/www.univ-lorraine.fr\/osezlarecherche\/?page_id=4984"},"modified":"2026-04-01T09:46:39","modified_gmt":"2026-04-01T07:46:39","slug":"all-orion-initiatives","status":"publish","type":"page","link":"https:\/\/www.univ-lorraine.fr\/osezlarecherche\/en\/all-orion-initiatives\/","title":{"rendered":"All ORION initiatives"},"content":{"rendered":"<div class=\"gb-grid-wrapper gb-grid-wrapper-86d1c18f\">\n<div class=\"gb-grid-column gb-grid-column-e413ecc4\"><div class=\"gb-container gb-container-e413ecc4\"><div class=\"gb-inside-container\">\n\n<p>All the programmes offered under ORION have the following distinctive features:<\/p>\n\n\n\n<ul class=\"wp-block-list\">\n<li>Breaking down disciplinary boundaries<\/li>\n\n\n\n<li>Linking study levels, from undergraduate year 2 to doctoral studies<\/li>\n\n\n\n<li>Bringing together students from IUTs, faculties and engineering schools<\/li>\n\n\n\n<li>Involving partners \u2013 EPSTs \u2013 in a comprehensive training approach for the Lorraine site<\/li>\n<\/ul>\n\n\n\n<p>ORION enables students to discover and practice research. It helps build a student community capable of addressing tomorrow\u2019s challenges.<\/p>\n\n\n\n<p>Documentation on ORION and its programmes is <a href=\"https:\/\/www.univ-lorraine.fr\/osezlarecherche\/en\/toolbox\/\">available on this page<\/a>.<\/p>\n\n<\/div><\/div><\/div>\n\n<div class=\"gb-grid-column gb-grid-column-e1be7de6\"><div class=\"gb-container gb-container-e1be7de6\"><div class=\"gb-inside-container\">\n\n<figure class=\"wp-block-image size-full is-resized\"><img loading=\"lazy\" decoding=\"async\" width=\"657\" height=\"929\" src=\"https:\/\/www.univ-lorraine.fr\/osezlarecherche\/wp-content\/uploads\/sites\/32\/2024\/03\/logo-et-personnage-en-blocx2.png\" alt=\"\" class=\"wp-image-2760\" style=\"width:226px;height:auto\" srcset=\"https:\/\/www.univ-lorraine.fr\/osezlarecherche\/wp-content\/uploads\/sites\/32\/2024\/03\/logo-et-personnage-en-blocx2.png 657w, https:\/\/www.univ-lorraine.fr\/osezlarecherche\/wp-content\/uploads\/sites\/32\/2024\/03\/logo-et-personnage-en-blocx2-212x300.png 212w\" sizes=\"auto, (max-width: 657px) 100vw, 657px\" \/><\/figure>\n\n<\/div><\/div><\/div>\n<\/div>\n\n\n<p><\/p>\n\n\n<div class=\"gb-container gb-container-f2ba067c\"><div class=\"gb-inside-container\">\n\n<h2 class=\"gb-headline gb-headline-541a51b1 gb-headline-text\">ORION Programmes<\/h2>\n\n\n<div class=\"gb-grid-wrapper gb-grid-wrapper-62e3678f\">\n<div class=\"gb-grid-column gb-grid-column-036838a4\"><div class=\"gb-container gb-container-036838a4\"><div class=\"gb-inside-container\">\n<div class=\"gb-container gb-container-a0847b22\"><div class=\"gb-inside-container\">\n\n<h3 class=\"gb-headline gb-headline-e15e61f1 gb-headline-text\">ORION Clubs<\/h3>\n\n\n\n<p class=\"has-text-align-center\"><em>Take part in research activities led by academic supervisors and doctoral researchers.<\/em><\/p>\n\n\n\n<p class=\"has-text-align-center\"><strong>Target group: from undergraduate year 2 (BAC+2) onwards<\/strong><\/p>\n\n\n\n<div class=\"wp-block-buttons is-horizontal is-content-justification-center is-layout-flex wp-container-core-buttons-is-layout-499968f5 wp-block-buttons-is-layout-flex\">\n<div class=\"wp-block-button\"><a class=\"wp-block-button__link wp-element-button\" href=\"https:\/\/www.univ-lorraine.fr\/osezlarecherche\/en\/all-orion-initiatives\/discover-the-world-of-orion-clubs\/\">Discover the programme<\/a><\/div>\n<\/div>\n\n<\/div><\/div>\n<\/div><\/div><\/div>\n\n<div class=\"gb-grid-column gb-grid-column-09dd172d\"><div class=\"gb-container gb-container-09dd172d\"><div class=\"gb-inside-container\">\n<div class=\"gb-container gb-container-0bd84d3a\"><div class=\"gb-inside-container\">\n\n<h3 class=\"gb-headline gb-headline-f6d8a746 gb-headline-text\">Excellence Scholarships<\/h3>\n\n\n\n<p class=\"has-text-align-center\"><em>Apply for an Excellence Scholarship designed for students interested in engaging in research.<\/em><\/p>\n\n\n\n<p class=\"has-text-align-center\"><strong>Target group: year N\u20131 before M2, or final year of engineering school<\/strong><\/p>\n\n\n\n<div class=\"wp-block-buttons is-horizontal is-content-justification-center is-layout-flex wp-container-core-buttons-is-layout-499968f5 wp-block-buttons-is-layout-flex\">\n<div class=\"wp-block-button\"><a class=\"wp-block-button__link wp-element-button\" href=\"https:\/\/www.univ-lorraine.fr\/osezlarecherche\/en\/all-orion-initiatives\/excellence-scolarship\/\">Discover the programme<\/a><\/div>\n<\/div>\n\n<\/div><\/div>\n<\/div><\/div><\/div>\n\n<div class=\"gb-grid-column gb-grid-column-e2923539\"><div class=\"gb-container gb-container-e2923539\"><div class=\"gb-inside-container\">\n<div class=\"gb-container gb-container-f063aa53\"><div class=\"gb-inside-container\">\n\n<h3 class=\"gb-headline gb-headline-4c0a5a16 gb-headline-text\">Excellence Practical Sessions (TP)<\/h3>\n\n\n\n<p class=\"has-text-align-center\"><em>Discover and practice research using advanced experimental platforms on the Lorraine site.<\/em><\/p>\n\n\n\n<p class=\"has-text-align-center\"><strong>Target group: Master 1, Master 2, engineering students<\/strong><\/p>\n\n\n\n<div class=\"wp-block-buttons is-horizontal is-content-justification-center is-layout-flex wp-container-core-buttons-is-layout-499968f5 wp-block-buttons-is-layout-flex\">\n<div class=\"wp-block-button\"><a class=\"wp-block-button__link wp-element-button\" href=\"https:\/\/www.univ-lorraine.fr\/osezlarecherche\/en\/all-orion-initiatives\/excellence-practicals\/\">Discover the programme<\/a><\/div>\n<\/div>\n\n<\/div><\/div>\n<\/div><\/div><\/div>\n\n<div class=\"gb-grid-column gb-grid-column-2af0a203\"><div class=\"gb-container gb-container-2af0a203\"><div class=\"gb-inside-container\">\n<div class=\"gb-container gb-container-25480eea\"><div class=\"gb-inside-container\">\n\n<h3 class=\"gb-headline gb-headline-926075db gb-headline-text\">Course unit: Develop your critical thinking<\/h3>\n\n\n\n<p class=\"has-text-align-center\"><em>With the course unit \u201cCritical thinking: building an informed judgement\u201d.<\/em><\/p>\n\n\n\n<p class=\"has-text-align-center\"><strong>Target group: L2<\/strong><\/p>\n\n\n\n<div class=\"wp-block-buttons is-horizontal is-content-justification-center is-layout-flex wp-container-core-buttons-is-layout-499968f5 wp-block-buttons-is-layout-flex\">\n<div class=\"wp-block-button\"><a class=\"wp-block-button__link wp-element-button\" href=\"https:\/\/www.univ-lorraine.fr\/osezlarecherche\/en\/all-orion-initiatives\/course-units\/\">Discover the programme<\/a><\/div>\n<\/div>\n\n<\/div><\/div>\n<\/div><\/div><\/div>\n\n<div class=\"gb-grid-column gb-grid-column-be6cdfa4\"><div class=\"gb-container gb-container-be6cdfa4\"><div class=\"gb-inside-container\">\n<div class=\"gb-container gb-container-57a68a76\"><div class=\"gb-inside-container\">\n\n<h3 class=\"gb-headline gb-headline-75de7127 gb-headline-text\">Course unit: Take part in scientific battles<\/h3>\n\n\n\n<p class=\"has-text-align-center\"><em>With the course unit \u201cScientific controversies and public debates\u201d.<\/em><\/p>\n\n\n\n<p class=\"has-text-align-center\"><strong>Target group: L2<\/strong><\/p>\n\n\n\n<div class=\"wp-block-buttons is-horizontal is-content-justification-center is-layout-flex wp-container-core-buttons-is-layout-499968f5 wp-block-buttons-is-layout-flex\">\n<div class=\"wp-block-button\"><a class=\"wp-block-button__link wp-element-button\" href=\"https:\/\/www.univ-lorraine.fr\/osezlarecherche\/en\/all-orion-initiatives\/course-units\/\">Discover the programme<\/a><\/div>\n<\/div>\n\n<\/div><\/div>\n<\/div><\/div><\/div>\n\n<div class=\"gb-grid-column gb-grid-column-8a3aa034\"><div class=\"gb-container gb-container-8a3aa034\"><div class=\"gb-inside-container\">\n<div class=\"gb-container gb-container-3831e0a6\"><div class=\"gb-inside-container\">\n\n<h3 class=\"gb-headline gb-headline-1b3167e6 gb-headline-text\">Course unit: Discover everyday \u201cobjects\u201d differently<\/h3>\n\n\n\n<p class=\"has-text-align-center\">With the course unit \u201cDiscovering an object\u201d.<\/p>\n\n\n\n<p class=\"has-text-align-center\"><strong>Target group: L2<\/strong><\/p>\n\n\n\n<div class=\"wp-block-buttons is-horizontal is-content-justification-center is-layout-flex wp-container-core-buttons-is-layout-499968f5 wp-block-buttons-is-layout-flex\">\n<div class=\"wp-block-button\"><a class=\"wp-block-button__link wp-element-button\" href=\"https:\/\/www.univ-lorraine.fr\/osezlarecherche\/en\/all-orion-initiatives\/course-units\/\">Discover the programme<\/a><\/div>\n<\/div>\n\n<\/div><\/div>\n<\/div><\/div><\/div>\n\n<div class=\"gb-grid-column gb-grid-column-346985ff\"><div class=\"gb-container gb-container-346985ff\"><div class=\"gb-inside-container\">\n<div class=\"gb-container gb-container-b34e2516\"><div class=\"gb-inside-container\">\n\n<h3 class=\"gb-headline gb-headline-6dbd477f gb-headline-text\">Soft skills: 48 hours to awaken dormant patents<\/h3>\n\n\n\n<p class=\"has-text-align-center\"><em>Showcase patents developed in laboratories on the Lorraine site.<\/em><\/p>\n\n\n\n<p class=\"has-text-align-center\"><strong>Target group: M2, engineering students, PhD candidates<\/strong><\/p>\n\n\n\n<div class=\"wp-block-buttons is-horizontal is-content-justification-center is-layout-flex wp-container-core-buttons-is-layout-499968f5 wp-block-buttons-is-layout-flex\">\n<div class=\"wp-block-button\"><a class=\"wp-block-button__link wp-element-button\" href=\"https:\/\/www.univ-lorraine.fr\/osezlarecherche\/en\/all-orion-initiatives\/soft-skills-en\/\">Discover the programme<\/a><\/div>\n<\/div>\n\n<\/div><\/div>\n<\/div><\/div><\/div>\n\n<div class=\"gb-grid-column gb-grid-column-20b4001a\"><div class=\"gb-container gb-container-20b4001a\"><div class=\"gb-inside-container\">\n<div class=\"gb-container gb-container-c751322e\"><div class=\"gb-inside-container\">\n\n<h3 class=\"gb-headline gb-headline-f9162009 gb-headline-text\">Soft skills: 48 hours to bring ideas to life<\/h3>\n\n\n\n<p class=\"has-text-align-center\"><em>Develop creativity and ideation techniques &amp; earn a national certificate of excellence in creativity.<\/em><\/p>\n\n\n\n<p class=\"has-text-align-center\"><strong>Target group: all study levels<\/strong><\/p>\n\n\n\n<div class=\"wp-block-buttons is-horizontal is-content-justification-center is-layout-flex wp-container-core-buttons-is-layout-499968f5 wp-block-buttons-is-layout-flex\">\n<div class=\"wp-block-button\"><a class=\"wp-block-button__link wp-element-button\" href=\"https:\/\/www.univ-lorraine.fr\/osezlarecherche\/en\/all-orion-initiatives\/soft-skills-en\/\">Discover the programme<\/a><\/div>\n<\/div>\n\n<\/div><\/div>\n<\/div><\/div><\/div>\n\n<div class=\"gb-grid-column gb-grid-column-8e5a3868\"><div class=\"gb-container gb-container-8e5a3868\"><div class=\"gb-inside-container\">\n<div class=\"gb-container gb-container-1cfcced9\"><div class=\"gb-inside-container\">\n\n<h3 class=\"gb-headline gb-headline-f34fdea9 gb-headline-text\">Soft skills: Business Digitalization workshop<\/h3>\n\n\n\n<p class=\"has-text-align-center\"><em>Discover how to build a prototype, boost your creativity and promote a project.<\/em><\/p>\n\n\n\n<p class=\"has-text-align-center\"><strong>Target group: M2, engineering students, PhD candidates<\/strong><\/p>\n\n\n\n<div class=\"wp-block-buttons is-horizontal is-content-justification-center is-layout-flex wp-container-core-buttons-is-layout-499968f5 wp-block-buttons-is-layout-flex\">\n<div class=\"wp-block-button\"><a class=\"wp-block-button__link wp-element-button\" href=\"https:\/\/www.univ-lorraine.fr\/osezlarecherche\/en\/all-orion-initiatives\/soft-skills-en\/\">Discover the programme<\/a><\/div>\n<\/div>\n\n<\/div><\/div>\n<\/div><\/div><\/div>\n\n<div class=\"gb-grid-column gb-grid-column-56bd3fcb\"><div class=\"gb-container gb-container-56bd3fcb\"><div class=\"gb-inside-container\">\n<div class=\"gb-container gb-container-d59623c7\"><div class=\"gb-inside-container\">\n\n<h3 class=\"gb-headline gb-headline-738a55ab gb-headline-text\">Soft skills: Make your ideas tangible<\/h3>\n\n\n\n<p class=\"has-text-align-center\"><em>Discover how to build a prototype, boost your creativity and promote a project.<\/em><\/p>\n\n\n\n<p class=\"has-text-align-center\"><strong>Target group: M2, engineering students, PhD candidates<\/strong><\/p>\n\n\n\n<div class=\"wp-block-buttons is-horizontal is-content-justification-center is-layout-flex wp-container-core-buttons-is-layout-499968f5 wp-block-buttons-is-layout-flex\">\n<div class=\"wp-block-button\"><a class=\"wp-block-button__link wp-element-button\" href=\"https:\/\/www.univ-lorraine.fr\/osezlarecherche\/en\/all-orion-initiatives\/soft-skills-en\/\">Discover the programme<\/a><\/div>\n<\/div>\n\n<\/div><\/div>\n<\/div><\/div><\/div>\n\n<div class=\"gb-grid-column gb-grid-column-81a96fcd\"><div class=\"gb-container gb-container-81a96fcd\"><div class=\"gb-inside-container\">\n<div class=\"gb-container gb-container-c553a332\"><div class=\"gb-inside-container\">\n\n<h3 class=\"gb-headline gb-headline-6e3f3f7e gb-headline-text\">International immersion<\/h3>\n\n\n\n<p class=\"has-text-align-center\"><em>Discover and practice research abroad while gaining international experience.<\/em><\/p>\n\n\n\n<p class=\"has-text-align-center\"><strong>Target group: M1, M2, engineering students, PhD candidates<\/strong><\/p>\n\n\n\n<div class=\"wp-block-buttons is-horizontal is-content-justification-center is-layout-flex wp-container-core-buttons-is-layout-499968f5 wp-block-buttons-is-layout-flex\">\n<div class=\"wp-block-button\"><a class=\"wp-block-button__link wp-element-button\" href=\"https:\/\/www.univ-lorraine.fr\/osezlarecherche\/en\/all-orion-initiatives\/international-en\/\">Discover the programme<\/a><\/div>\n<\/div>\n\n<\/div><\/div>\n<\/div><\/div><\/div>\n\n<div class=\"gb-grid-column gb-grid-column-9a7c2037\"><div class=\"gb-container gb-container-9a7c2037\"><div class=\"gb-inside-container\">\n<div class=\"gb-container gb-container-d69c67fe\"><div class=\"gb-inside-container\">\n\n<h3 class=\"gb-headline gb-headline-e1224a9a gb-headline-text\">ORION Master Grants<\/h3>\n\n\n\n<p class=\"has-text-align-center\"><em>Research stay scholarships for international students wishing to carry out a Master\u2019s-level (M2) research placement in laboratories on the Lorraine site.<\/em><\/p>\n\n\n\n<p class=\"has-text-align-center\"><strong>Target group: international students at BAC+5 level<\/strong><\/p>\n\n\n\n<div class=\"wp-block-buttons is-horizontal is-content-justification-center is-layout-flex wp-container-core-buttons-is-layout-499968f5 wp-block-buttons-is-layout-flex\">\n<div class=\"wp-block-button\"><a class=\"wp-block-button__link wp-element-button\" href=\"https:\/\/www.univ-lorraine.fr\/osezlarecherche\/en\/all-orion-initiatives\/international-en\/\">Discover the programme<\/a><\/div>\n<\/div>\n\n<\/div><\/div>\n<\/div><\/div><\/div>\n<\/div>\n<\/div><\/div>","protected":false},"excerpt":{"rendered":"<p>ORION Programmes<\/p>\n","protected":false},"author":88,"featured_media":0,"parent":0,"menu_order":0,"comment_status":"closed","ping_status":"closed","template":"","meta":{"inline_featured_image":false,"footnotes":""},"class_list":["post-4984","page","type-page","status-publish"],"yoast_head":"<!-- This site is optimized with the Yoast SEO plugin v27.4 - https:\/\/yoast.com\/product\/yoast-seo-wordpress\/ -->\n<title>All ORION initiatives - Osez la recherche<\/title>\n<meta name=\"description\" content=\"ORION permet aux \u00e9tudiant\u00b7es de d\u00e9couvrir et de pratiquer la recherche. D\u00e9couvrez les dispositifs propos\u00e9s dans le cadre du programme ORION.\" \/>\n<meta name=\"robots\" content=\"index, follow, max-snippet:-1, max-image-preview:large, max-video-preview:-1\" \/>\n<link rel=\"canonical\" href=\"https:\/\/www.univ-lorraine.fr\/osezlarecherche\/en\/all-orion-initiatives\/\" \/>\n<meta property=\"og:locale\" content=\"fr_FR\" \/>\n<meta property=\"og:type\" content=\"article\" \/>\n<meta property=\"og:title\" content=\"All ORION initiatives - Osez la recherche\" \/>\n<meta property=\"og:description\" content=\"ORION permet aux \u00e9tudiant\u00b7es de d\u00e9couvrir et de pratiquer la recherche. D\u00e9couvrez les dispositifs propos\u00e9s dans le cadre du programme ORION.\" \/>\n<meta property=\"og:url\" content=\"https:\/\/www.univ-lorraine.fr\/osezlarecherche\/en\/all-orion-initiatives\/\" \/>\n<meta property=\"og:site_name\" content=\"Osez la recherche\" \/>\n<meta property=\"article:modified_time\" content=\"2026-04-01T07:46:39+00:00\" \/>\n<meta property=\"og:image\" content=\"https:\/\/www.univ-lorraine.fr\/osezlarecherche\/wp-content\/uploads\/sites\/32\/2024\/03\/logo-et-personnage-en-blocx2.png\" \/>\n\t<meta property=\"og:image:width\" content=\"657\" \/>\n\t<meta property=\"og:image:height\" content=\"929\" \/>\n\t<meta property=\"og:image:type\" content=\"image\/png\" \/>\n<meta name=\"twitter:card\" content=\"summary_large_image\" \/>\n<meta name=\"twitter:label1\" content=\"Dur\u00e9e de lecture estim\u00e9e\" \/>\n\t<meta name=\"twitter:data1\" content=\"3 minutes\" \/>\n<script type=\"application\/ld+json\" class=\"yoast-schema-graph\">{\"@context\":\"https:\\\/\\\/schema.org\",\"@graph\":[{\"@type\":\"WebPage\",\"@id\":\"https:\\\/\\\/www.univ-lorraine.fr\\\/osezlarecherche\\\/en\\\/all-orion-initiatives\\\/\",\"url\":\"https:\\\/\\\/www.univ-lorraine.fr\\\/osezlarecherche\\\/en\\\/all-orion-initiatives\\\/\",\"name\":\"All ORION initiatives - Osez la recherche\",\"isPartOf\":{\"@id\":\"https:\\\/\\\/www.univ-lorraine.fr\\\/osezlarecherche\\\/#website\"},\"primaryImageOfPage\":{\"@id\":\"https:\\\/\\\/www.univ-lorraine.fr\\\/osezlarecherche\\\/en\\\/all-orion-initiatives\\\/#primaryimage\"},\"image\":{\"@id\":\"https:\\\/\\\/www.univ-lorraine.fr\\\/osezlarecherche\\\/en\\\/all-orion-initiatives\\\/#primaryimage\"},\"thumbnailUrl\":\"https:\\\/\\\/www.univ-lorraine.fr\\\/osezlarecherche\\\/wp-content\\\/uploads\\\/sites\\\/32\\\/2024\\\/03\\\/logo-et-personnage-en-blocx2.png\",\"datePublished\":\"2025-09-25T14:39:36+00:00\",\"dateModified\":\"2026-04-01T07:46:39+00:00\",\"description\":\"ORION permet aux \u00e9tudiant\u00b7es de d\u00e9couvrir et de pratiquer la recherche. D\u00e9couvrez les dispositifs propos\u00e9s dans le cadre du programme ORION.\",\"breadcrumb\":{\"@id\":\"https:\\\/\\\/www.univ-lorraine.fr\\\/osezlarecherche\\\/en\\\/all-orion-initiatives\\\/#breadcrumb\"},\"inLanguage\":\"fr-FR\",\"potentialAction\":[{\"@type\":\"ReadAction\",\"target\":[\"https:\\\/\\\/www.univ-lorraine.fr\\\/osezlarecherche\\\/en\\\/all-orion-initiatives\\\/\"]}]},{\"@type\":\"ImageObject\",\"inLanguage\":\"fr-FR\",\"@id\":\"https:\\\/\\\/www.univ-lorraine.fr\\\/osezlarecherche\\\/en\\\/all-orion-initiatives\\\/#primaryimage\",\"url\":\"https:\\\/\\\/www.univ-lorraine.fr\\\/osezlarecherche\\\/wp-content\\\/uploads\\\/sites\\\/32\\\/2024\\\/03\\\/logo-et-personnage-en-blocx2.png\",\"contentUrl\":\"https:\\\/\\\/www.univ-lorraine.fr\\\/osezlarecherche\\\/wp-content\\\/uploads\\\/sites\\\/32\\\/2024\\\/03\\\/logo-et-personnage-en-blocx2.png\",\"width\":657,\"height\":929},{\"@type\":\"BreadcrumbList\",\"@id\":\"https:\\\/\\\/www.univ-lorraine.fr\\\/osezlarecherche\\\/en\\\/all-orion-initiatives\\\/#breadcrumb\",\"itemListElement\":[{\"@type\":\"ListItem\",\"position\":1,\"name\":\"Accueil\",\"item\":\"https:\\\/\\\/www.univ-lorraine.fr\\\/osezlarecherche\\\/\"},{\"@type\":\"ListItem\",\"position\":2,\"name\":\"All ORION initiatives\"}]},{\"@type\":\"WebSite\",\"@id\":\"https:\\\/\\\/www.univ-lorraine.fr\\\/osezlarecherche\\\/#website\",\"url\":\"https:\\\/\\\/www.univ-lorraine.fr\\\/osezlarecherche\\\/\",\"name\":\"Osez la recherche\",\"description\":\"\",\"publisher\":{\"@id\":\"https:\\\/\\\/www.univ-lorraine.fr\\\/osezlarecherche\\\/#organization\"},\"potentialAction\":[{\"@type\":\"SearchAction\",\"target\":{\"@type\":\"EntryPoint\",\"urlTemplate\":\"https:\\\/\\\/www.univ-lorraine.fr\\\/osezlarecherche\\\/?s={search_term_string}\"},\"query-input\":{\"@type\":\"PropertyValueSpecification\",\"valueRequired\":true,\"valueName\":\"search_term_string\"}}],\"inLanguage\":\"fr-FR\"},{\"@type\":\"Organization\",\"@id\":\"https:\\\/\\\/www.univ-lorraine.fr\\\/osezlarecherche\\\/#organization\",\"name\":\"Osez la recherche\",\"url\":\"https:\\\/\\\/www.univ-lorraine.fr\\\/osezlarecherche\\\/\",\"logo\":{\"@type\":\"ImageObject\",\"inLanguage\":\"fr-FR\",\"@id\":\"https:\\\/\\\/www.univ-lorraine.fr\\\/osezlarecherche\\\/#\\\/schema\\\/logo\\\/image\\\/\",\"url\":\"https:\\\/\\\/www.univ-lorraine.fr\\\/osezlarecherche\\\/wp-content\\\/uploads\\\/sites\\\/32\\\/2021\\\/12\\\/logo.png\",\"contentUrl\":\"https:\\\/\\\/www.univ-lorraine.fr\\\/osezlarecherche\\\/wp-content\\\/uploads\\\/sites\\\/32\\\/2021\\\/12\\\/logo.png\",\"width\":130,\"height\":65,\"caption\":\"Osez la recherche\"},\"image\":{\"@id\":\"https:\\\/\\\/www.univ-lorraine.fr\\\/osezlarecherche\\\/#\\\/schema\\\/logo\\\/image\\\/\"}}]}<\/script>\n<!-- \/ Yoast SEO plugin. -->","yoast_head_json":{"title":"All ORION initiatives - Osez la recherche","description":"ORION permet aux \u00e9tudiant\u00b7es de d\u00e9couvrir et de pratiquer la recherche. D\u00e9couvrez les dispositifs propos\u00e9s dans le cadre du programme ORION.","robots":{"index":"index","follow":"follow","max-snippet":"max-snippet:-1","max-image-preview":"max-image-preview:large","max-video-preview":"max-video-preview:-1"},"canonical":"https:\/\/www.univ-lorraine.fr\/osezlarecherche\/en\/all-orion-initiatives\/","og_locale":"fr_FR","og_type":"article","og_title":"All ORION initiatives - Osez la recherche","og_description":"ORION permet aux \u00e9tudiant\u00b7es de d\u00e9couvrir et de pratiquer la recherche. D\u00e9couvrez les dispositifs propos\u00e9s dans le cadre du programme ORION.","og_url":"https:\/\/www.univ-lorraine.fr\/osezlarecherche\/en\/all-orion-initiatives\/","og_site_name":"Osez la recherche","article_modified_time":"2026-04-01T07:46:39+00:00","og_image":[{"width":657,"height":929,"url":"https:\/\/www.univ-lorraine.fr\/osezlarecherche\/wp-content\/uploads\/sites\/32\/2024\/03\/logo-et-personnage-en-blocx2.png","type":"image\/png"}],"twitter_card":"summary_large_image","twitter_misc":{"Dur\u00e9e de lecture estim\u00e9e":"3 minutes"},"schema":{"@context":"https:\/\/schema.org","@graph":[{"@type":"WebPage","@id":"https:\/\/www.univ-lorraine.fr\/osezlarecherche\/en\/all-orion-initiatives\/","url":"https:\/\/www.univ-lorraine.fr\/osezlarecherche\/en\/all-orion-initiatives\/","name":"All ORION initiatives - Osez la recherche","isPartOf":{"@id":"https:\/\/www.univ-lorraine.fr\/osezlarecherche\/#website"},"primaryImageOfPage":{"@id":"https:\/\/www.univ-lorraine.fr\/osezlarecherche\/en\/all-orion-initiatives\/#primaryimage"},"image":{"@id":"https:\/\/www.univ-lorraine.fr\/osezlarecherche\/en\/all-orion-initiatives\/#primaryimage"},"thumbnailUrl":"https:\/\/www.univ-lorraine.fr\/osezlarecherche\/wp-content\/uploads\/sites\/32\/2024\/03\/logo-et-personnage-en-blocx2.png","datePublished":"2025-09-25T14:39:36+00:00","dateModified":"2026-04-01T07:46:39+00:00","description":"ORION permet aux \u00e9tudiant\u00b7es de d\u00e9couvrir et de pratiquer la recherche. D\u00e9couvrez les dispositifs propos\u00e9s dans le cadre du programme ORION.","breadcrumb":{"@id":"https:\/\/www.univ-lorraine.fr\/osezlarecherche\/en\/all-orion-initiatives\/#breadcrumb"},"inLanguage":"fr-FR","potentialAction":[{"@type":"ReadAction","target":["https:\/\/www.univ-lorraine.fr\/osezlarecherche\/en\/all-orion-initiatives\/"]}]},{"@type":"ImageObject","inLanguage":"fr-FR","@id":"https:\/\/www.univ-lorraine.fr\/osezlarecherche\/en\/all-orion-initiatives\/#primaryimage","url":"https:\/\/www.univ-lorraine.fr\/osezlarecherche\/wp-content\/uploads\/sites\/32\/2024\/03\/logo-et-personnage-en-blocx2.png","contentUrl":"https:\/\/www.univ-lorraine.fr\/osezlarecherche\/wp-content\/uploads\/sites\/32\/2024\/03\/logo-et-personnage-en-blocx2.png","width":657,"height":929},{"@type":"BreadcrumbList","@id":"https:\/\/www.univ-lorraine.fr\/osezlarecherche\/en\/all-orion-initiatives\/#breadcrumb","itemListElement":[{"@type":"ListItem","position":1,"name":"Accueil","item":"https:\/\/www.univ-lorraine.fr\/osezlarecherche\/"},{"@type":"ListItem","position":2,"name":"All ORION initiatives"}]},{"@type":"WebSite","@id":"https:\/\/www.univ-lorraine.fr\/osezlarecherche\/#website","url":"https:\/\/www.univ-lorraine.fr\/osezlarecherche\/","name":"Osez la recherche","description":"","publisher":{"@id":"https:\/\/www.univ-lorraine.fr\/osezlarecherche\/#organization"},"potentialAction":[{"@type":"SearchAction","target":{"@type":"EntryPoint","urlTemplate":"https:\/\/www.univ-lorraine.fr\/osezlarecherche\/?s={search_term_string}"},"query-input":{"@type":"PropertyValueSpecification","valueRequired":true,"valueName":"search_term_string"}}],"inLanguage":"fr-FR"},{"@type":"Organization","@id":"https:\/\/www.univ-lorraine.fr\/osezlarecherche\/#organization","name":"Osez la recherche","url":"https:\/\/www.univ-lorraine.fr\/osezlarecherche\/","logo":{"@type":"ImageObject","inLanguage":"fr-FR","@id":"https:\/\/www.univ-lorraine.fr\/osezlarecherche\/#\/schema\/logo\/image\/","url":"https:\/\/www.univ-lorraine.fr\/osezlarecherche\/wp-content\/uploads\/sites\/32\/2021\/12\/logo.png","contentUrl":"https:\/\/www.univ-lorraine.fr\/osezlarecherche\/wp-content\/uploads\/sites\/32\/2021\/12\/logo.png","width":130,"height":65,"caption":"Osez la recherche"},"image":{"@id":"https:\/\/www.univ-lorraine.fr\/osezlarecherche\/#\/schema\/logo\/image\/"}}]}},"_links":{"self":[{"href":"https:\/\/www.univ-lorraine.fr\/osezlarecherche\/wp-json\/wp\/v2\/pages\/4984","targetHints":{"allow":["GET"]}}],"collection":[{"href":"https:\/\/www.univ-lorraine.fr\/osezlarecherche\/wp-json\/wp\/v2\/pages"}],"about":[{"href":"https:\/\/www.univ-lorraine.fr\/osezlarecherche\/wp-json\/wp\/v2\/types\/page"}],"author":[{"embeddable":true,"href":"https:\/\/www.univ-lorraine.fr\/osezlarecherche\/wp-json\/wp\/v2\/users\/88"}],"replies":[{"embeddable":true,"href":"https:\/\/www.univ-lorraine.fr\/osezlarecherche\/wp-json\/wp\/v2\/comments?post=4984"}],"version-history":[{"count":5,"href":"https:\/\/www.univ-lorraine.fr\/osezlarecherche\/wp-json\/wp\/v2\/pages\/4984\/revisions"}],"predecessor-version":[{"id":5450,"href":"https:\/\/www.univ-lorraine.fr\/osezlarecherche\/wp-json\/wp\/v2\/pages\/4984\/revisions\/5450"}],"wp:attachment":[{"href":"https:\/\/www.univ-lorraine.fr\/osezlarecherche\/wp-json\/wp\/v2\/media?parent=4984"}],"curies":[{"name":"wp","href":"https:\/\/api.w.org\/{rel}","templated":true}]}}