{"id":4989,"date":"2025-09-25T13:49:11","date_gmt":"2025-09-25T11:49:11","guid":{"rendered":"https:\/\/www.univ-lorraine.fr\/osezlarecherche\/?page_id=4989"},"modified":"2026-04-09T10:49:04","modified_gmt":"2026-04-09T08:49:04","slug":"excellence-scolarship","status":"publish","type":"page","link":"https:\/\/www.univ-lorraine.fr\/osezlarecherche\/en\/all-orion-initiatives\/excellence-scolarship\/","title":{"rendered":"Excellence scolarship"},"content":{"rendered":"<div class=\"gb-container gb-container-96dd3120\">\n\n<h2 class=\"gb-headline gb-headline-56d181ca gb-headline-text\">Scholarships at a glance<\/h2>\n\n\n<div class=\"gb-container gb-container-44351a75\">\n<div class=\"gb-container gb-container-eb830a15\">\n\n<h3 class=\"wp-block-heading\">For whom?<\/h3>\n\n\n\n<p class=\"gb-headline gb-headline-1fba6ea5 gb-headline-text\">Students in <strong>Master 2 (M2)<\/strong> or in the <strong>3rd year of an engineering school<\/strong><\/p>\n\n<\/div>\n\n<div class=\"gb-container gb-container-b29d3b3a\">\n\n<h3 class=\"wp-block-heading\">How much?<\/h3>\n\n\n\n<p class=\"gb-headline gb-headline-f6f1494a gb-headline-text\"><strong>\u20ac7,000<\/strong><\/p>\n\n<\/div>\n\n<div class=\"gb-container gb-container-09d98136\">\n\n<h3 class=\"wp-block-heading\">For what?<\/h3>\n\n\n\n<p class=\"gb-headline gb-headline-a1f76582 gb-headline-text\">To fund your <strong>mobility<\/strong> (internships, conferences, seminars), and to purchase <strong>equipment<\/strong> specific to your research project<\/p>\n\n<\/div>\n\n<div class=\"gb-container gb-container-aabaf15c\">\n\n<h3 class=\"wp-block-heading\">Key criteria?<\/h3>\n\n\n\n<p class=\"gb-headline gb-headline-7453d5ad gb-headline-text\"><strong>Strong academic record<\/strong> &amp; <strong>quality of the research project<\/strong><\/p>\n\n<\/div>\n<\/div>\n<\/div>\n\n<div class=\"gb-grid-wrapper gb-grid-wrapper-1973ed35\">\n<div class=\"gb-grid-column gb-grid-column-eba888a9\"><div class=\"gb-container gb-container-eba888a9\"><div class=\"gb-inside-container\">\n\n<p><strong>Planning to pursue research? Fund your M2 research year with our excellence scholarships!<\/strong><\/p>\n\n\n\n<p>You are currently in M1 or the 2<sup>nd<\/sup> year of engineering and interested in research? Apply for the ORION excellence scholarships!<\/p>\n\n\n\n<p>Universit\u00e9 de Lorraine is launching a call for applications to fund excellence scholarships for its student community interested in engaging in research. Around 50 scholarships will be offered for the 2026\u20132027 academic year.<\/p>\n\n<\/div><\/div><\/div>\n\n<div class=\"gb-grid-column gb-grid-column-cf01739f\"><div class=\"gb-container gb-container-cf01739f\"><div class=\"gb-inside-container\">\n\n<figure class=\"wp-block-image size-full\"><img loading=\"lazy\" decoding=\"async\" width=\"250\" height=\"303\" src=\"https:\/\/www.univ-lorraine.fr\/osezlarecherche\/wp-content\/uploads\/sites\/32\/2022\/01\/selancer-seul.png\" alt=\"Orion character taking the plunge\" class=\"wp-image-881\" srcset=\"https:\/\/www.univ-lorraine.fr\/osezlarecherche\/wp-content\/uploads\/sites\/32\/2022\/01\/selancer-seul.png 250w, https:\/\/www.univ-lorraine.fr\/osezlarecherche\/wp-content\/uploads\/sites\/32\/2022\/01\/selancer-seul-248x300.png 248w\" sizes=\"auto, (max-width: 250px) 100vw, 250px\" \/><\/figure>\n\n<\/div><\/div><\/div>\n<\/div>\n\n<div class=\"gb-grid-wrapper gb-grid-wrapper-500b58ee\">\n<div class=\"gb-grid-column gb-grid-column-acdeeddf\"><div class=\"gb-container gb-container-acdeeddf\"><div class=\"gb-inside-container\">\n\n<h2 class=\"gb-headline gb-headline-cd5ec512 gb-headline-text\">Amount<\/h2>\n\n\n\n<p>The excellence scholarships fund one M2 academic year consisting of the first semester of coursework followed by the research internship.<\/p>\n\n\n\n<p class=\"gb-headline gb-headline-a1973ab2 gb-headline-text\">The financial support for the academic year amounts to <strong>\u20ac7,000<\/strong>, to which is added an internship stipend (5 or 6 months) of approximately <strong>\u20ac600 to \u20ac650 per month<\/strong> (calculated from the French Social Security ceiling).<\/p>\n\n<\/div><\/div><\/div>\n\n<div class=\"gb-grid-column gb-grid-column-8a27f785\"><div class=\"gb-container gb-container-8a27f785\"><div class=\"gb-inside-container\">\n\n<h2 class=\"gb-headline gb-headline-2d473f3c gb-headline-text\">Conditions<\/h2>\n\n\n\n<ul class=\"wp-block-list\">\n<li>Be admitted to an M2 &#8211; research-oriented track &#8211; at Universit\u00e9 de Lorraine for the 2025 intake<\/li>\n\n\n\n<li>or to the 3<sup>rd<\/sup> year of one of the following engineering schools : EEIGM, ENIM, ENSAIA, ENSEM, ENSG, ENSGSI, ENSIC, ENSMN, POLYTECH NANCY, TELECOM NANCY, AgroParisTech, Georgia Tech Europe<\/li>\n\n\n\n<li>Commit to undertaking a final-year internship in one of <a href=\"https:\/\/www.univ-lorraine.fr\/en\/research-innovation\/research-facilities-labs\/\">the laboratories on the Lorraine research site<\/a>.<\/li>\n<\/ul>\n\n\n\n<p><em>Students enrolled in continuing education and apprentices are eligible for the excellence scholarship but are not eligible for the internship stipend they must complete.<\/em><\/p>\n\n<\/div><\/div><\/div>\n\n<div class=\"gb-grid-column gb-grid-column-365153b7\"><div class=\"gb-container gb-container-365153b7\"><div class=\"gb-inside-container\">\n\n<h2 class=\"gb-headline gb-headline-60126755 gb-headline-text\">Eligibility<\/h2>\n\n\n\n<p>Applications will be assessed according to the following criteria:<\/p>\n\n\n\n<ul class=\"wp-block-list\">\n<li>Quality of the academic record<\/li>\n\n\n\n<li>Student\u2019s motivation to pursue a research-oriented pathway<\/li>\n\n\n\n<li>Recommendation from the current programme director<\/li>\n<\/ul>\n\n\n\n<p>A selection panel will assess applications and propose a ranking of shortlisted students.<\/p>\n\n<\/div><\/div><\/div>\n<\/div>\n\n<div class=\"gb-container gb-container-56842675\"><div class=\"gb-inside-container\">\n\n<h2 class=\"gb-headline gb-headline-623dbc2b gb-headline-text\">How to apply<\/h2>\n\n\n\n<p>To apply, you must compile a file including:<\/p>\n\n\n\n<ul class=\"wp-block-list\">\n<li>A detailed CV<\/li>\n\n\n\n<li>Transcripts for L3 and M1 (or equivalents)<\/li>\n\n\n\n<li>A motivation letter from the candidate expressing a strong interest in research<\/li>\n\n\n\n<li>A sworn statement committing to undertake a research internship within a laboratory on the Lorraine site<\/li>\n\n\n\n<li>One letter of recommendation and a supporting statement from the: master\u2019s programme director; or the medicine track director; or the pharmacy track director; or the engineering school programme director.<\/li>\n<\/ul>\n\n\n\n<h3 class=\"gb-headline gb-headline-a564a49a gb-headline-text gb-headline-fa3a1994\">Who to contact?<\/h3>\n\n\n\n<p>You must submit your file to your programme director. They will forward your application for the excellence scholarship.<\/p>\n\n\n\n<p class=\"gb-headline gb-headline-96d708b4 gb-headline-text\">Please note: only 1 file is accepted per master\u2019s track, 1 per health degree track (medicine &amp; pharmacy), and 1 per engineering school degree. Only complete applications will be reviewed.<\/p>\n\n<\/div><\/div>\n\n<div class=\"gb-container gb-container-ea8d3008\"><div class=\"gb-inside-container\">\n\n<h2 class=\"gb-headline gb-headline-3c2819f3 gb-headline-text\">Schedule<\/h2>\n\n\n\n<ul class=\"wp-block-list\">\n<li>Applications open: 09\/04\/2026<\/li>\n\n\n\n<li>Application deadline: <strong>09\/06\/2026 at noon<\/strong><\/li>\n\n\n\n<li>Evaluation of applications by the panel: 03\/07\/2026<\/li>\n<\/ul>\n\n\n\n<p>The results of the call for applications will be communicated to Master\/Engineering Degree programme directors by email no later than 10\/07\/2026.<\/p>\n\n<\/div><\/div>\n\n\n<p><\/p>\n\n\n\n<p><\/p>\n","protected":false},"excerpt":{"rendered":"<p>Scholarships at a glance For whom? Students in Master 2 (M2) or in the 3rd year of an engineering school How much? \u20ac7,000 For what? To fund your mobility (internships, conferences, seminars), and to purchase equipment specific to your research project Key criteria? Strong academic record &amp; quality of the research project How to apply &#8230; <a title=\"Excellence scolarship\" class=\"read-more\" href=\"https:\/\/www.univ-lorraine.fr\/osezlarecherche\/en\/all-orion-initiatives\/excellence-scolarship\/\" aria-label=\"En savoir plus sur Excellence scolarship\">Lire plus<\/a><\/p>\n","protected":false},"author":88,"featured_media":0,"parent":4984,"menu_order":0,"comment_status":"closed","ping_status":"closed","template":"","meta":{"inline_featured_image":false,"footnotes":""},"class_list":["post-4989","page","type-page","status-publish"],"yoast_head":"<!-- This site is optimized with the Yoast SEO plugin v27.4 - https:\/\/yoast.com\/product\/yoast-seo-wordpress\/ -->\n<title>Excellence scolarship - ORION : Osez la recherche<\/title>\n<meta name=\"description\" content=\"Vous \u00eates actuellement en M1 ou 2\u00e8me ann\u00e9e d\u2019ing\u00e9nieur et vous vous int\u00e9ressez \u00e0 la recherche\u00a0? Candidatez aux bourses d\u2019excellence Orion\u00a0!\" \/>\n<meta name=\"robots\" content=\"index, follow, max-snippet:-1, max-image-preview:large, max-video-preview:-1\" \/>\n<link rel=\"canonical\" href=\"https:\/\/www.univ-lorraine.fr\/osezlarecherche\/en\/all-orion-initiatives\/excellence-scolarship\/\" \/>\n<meta property=\"og:locale\" content=\"fr_FR\" \/>\n<meta property=\"og:type\" content=\"article\" \/>\n<meta property=\"og:title\" content=\"Excellence scolarship - ORION : Osez la recherche\" \/>\n<meta property=\"og:description\" content=\"Vous \u00eates actuellement en M1 ou 2\u00e8me ann\u00e9e d\u2019ing\u00e9nieur et vous vous int\u00e9ressez \u00e0 la recherche\u00a0? Candidatez aux bourses d\u2019excellence Orion\u00a0!\" \/>\n<meta property=\"og:url\" content=\"https:\/\/www.univ-lorraine.fr\/osezlarecherche\/en\/all-orion-initiatives\/excellence-scolarship\/\" \/>\n<meta property=\"og:site_name\" content=\"Osez la recherche\" \/>\n<meta property=\"article:modified_time\" content=\"2026-04-09T08:49:04+00:00\" \/>\n<meta property=\"og:image\" content=\"https:\/\/www.univ-lorraine.fr\/osezlarecherche\/wp-content\/uploads\/sites\/32\/2022\/01\/selancer-seul.png\" \/>\n\t<meta property=\"og:image:width\" content=\"250\" \/>\n\t<meta property=\"og:image:height\" content=\"303\" \/>\n\t<meta property=\"og:image:type\" content=\"image\/png\" \/>\n<meta name=\"twitter:card\" content=\"summary_large_image\" \/>\n<meta name=\"twitter:label1\" content=\"Dur\u00e9e de lecture estim\u00e9e\" \/>\n\t<meta name=\"twitter:data1\" content=\"3 minutes\" \/>\n<script type=\"application\/ld+json\" class=\"yoast-schema-graph\">{\"@context\":\"https:\\\/\\\/schema.org\",\"@graph\":[{\"@type\":\"WebPage\",\"@id\":\"https:\\\/\\\/www.univ-lorraine.fr\\\/osezlarecherche\\\/en\\\/all-orion-initiatives\\\/excellence-scolarship\\\/\",\"url\":\"https:\\\/\\\/www.univ-lorraine.fr\\\/osezlarecherche\\\/en\\\/all-orion-initiatives\\\/excellence-scolarship\\\/\",\"name\":\"Excellence scolarship - ORION : Osez la recherche\",\"isPartOf\":{\"@id\":\"https:\\\/\\\/www.univ-lorraine.fr\\\/osezlarecherche\\\/#website\"},\"primaryImageOfPage\":{\"@id\":\"https:\\\/\\\/www.univ-lorraine.fr\\\/osezlarecherche\\\/en\\\/all-orion-initiatives\\\/excellence-scolarship\\\/#primaryimage\"},\"image\":{\"@id\":\"https:\\\/\\\/www.univ-lorraine.fr\\\/osezlarecherche\\\/en\\\/all-orion-initiatives\\\/excellence-scolarship\\\/#primaryimage\"},\"thumbnailUrl\":\"https:\\\/\\\/www.univ-lorraine.fr\\\/osezlarecherche\\\/wp-content\\\/uploads\\\/sites\\\/32\\\/2022\\\/01\\\/selancer-seul.png\",\"datePublished\":\"2025-09-25T11:49:11+00:00\",\"dateModified\":\"2026-04-09T08:49:04+00:00\",\"description\":\"Vous \u00eates actuellement en M1 ou 2\u00e8me ann\u00e9e d\u2019ing\u00e9nieur et vous vous int\u00e9ressez \u00e0 la recherche\u00a0? Candidatez aux bourses d\u2019excellence Orion\u00a0!\",\"breadcrumb\":{\"@id\":\"https:\\\/\\\/www.univ-lorraine.fr\\\/osezlarecherche\\\/en\\\/all-orion-initiatives\\\/excellence-scolarship\\\/#breadcrumb\"},\"inLanguage\":\"fr-FR\",\"potentialAction\":[{\"@type\":\"ReadAction\",\"target\":[\"https:\\\/\\\/www.univ-lorraine.fr\\\/osezlarecherche\\\/en\\\/all-orion-initiatives\\\/excellence-scolarship\\\/\"]}]},{\"@type\":\"ImageObject\",\"inLanguage\":\"fr-FR\",\"@id\":\"https:\\\/\\\/www.univ-lorraine.fr\\\/osezlarecherche\\\/en\\\/all-orion-initiatives\\\/excellence-scolarship\\\/#primaryimage\",\"url\":\"https:\\\/\\\/www.univ-lorraine.fr\\\/osezlarecherche\\\/wp-content\\\/uploads\\\/sites\\\/32\\\/2022\\\/01\\\/selancer-seul.png\",\"contentUrl\":\"https:\\\/\\\/www.univ-lorraine.fr\\\/osezlarecherche\\\/wp-content\\\/uploads\\\/sites\\\/32\\\/2022\\\/01\\\/selancer-seul.png\",\"width\":250,\"height\":303},{\"@type\":\"BreadcrumbList\",\"@id\":\"https:\\\/\\\/www.univ-lorraine.fr\\\/osezlarecherche\\\/en\\\/all-orion-initiatives\\\/excellence-scolarship\\\/#breadcrumb\",\"itemListElement\":[{\"@type\":\"ListItem\",\"position\":1,\"name\":\"Accueil\",\"item\":\"https:\\\/\\\/www.univ-lorraine.fr\\\/osezlarecherche\\\/\"},{\"@type\":\"ListItem\",\"position\":2,\"name\":\"All ORION initiatives\",\"item\":\"https:\\\/\\\/www.univ-lorraine.fr\\\/osezlarecherche\\\/en\\\/all-orion-initiatives\\\/\"},{\"@type\":\"ListItem\",\"position\":3,\"name\":\"Excellence scolarship\"}]},{\"@type\":\"WebSite\",\"@id\":\"https:\\\/\\\/www.univ-lorraine.fr\\\/osezlarecherche\\\/#website\",\"url\":\"https:\\\/\\\/www.univ-lorraine.fr\\\/osezlarecherche\\\/\",\"name\":\"Osez la recherche\",\"description\":\"\",\"publisher\":{\"@id\":\"https:\\\/\\\/www.univ-lorraine.fr\\\/osezlarecherche\\\/#organization\"},\"potentialAction\":[{\"@type\":\"SearchAction\",\"target\":{\"@type\":\"EntryPoint\",\"urlTemplate\":\"https:\\\/\\\/www.univ-lorraine.fr\\\/osezlarecherche\\\/?s={search_term_string}\"},\"query-input\":{\"@type\":\"PropertyValueSpecification\",\"valueRequired\":true,\"valueName\":\"search_term_string\"}}],\"inLanguage\":\"fr-FR\"},{\"@type\":\"Organization\",\"@id\":\"https:\\\/\\\/www.univ-lorraine.fr\\\/osezlarecherche\\\/#organization\",\"name\":\"Osez la recherche\",\"url\":\"https:\\\/\\\/www.univ-lorraine.fr\\\/osezlarecherche\\\/\",\"logo\":{\"@type\":\"ImageObject\",\"inLanguage\":\"fr-FR\",\"@id\":\"https:\\\/\\\/www.univ-lorraine.fr\\\/osezlarecherche\\\/#\\\/schema\\\/logo\\\/image\\\/\",\"url\":\"https:\\\/\\\/www.univ-lorraine.fr\\\/osezlarecherche\\\/wp-content\\\/uploads\\\/sites\\\/32\\\/2021\\\/12\\\/logo.png\",\"contentUrl\":\"https:\\\/\\\/www.univ-lorraine.fr\\\/osezlarecherche\\\/wp-content\\\/uploads\\\/sites\\\/32\\\/2021\\\/12\\\/logo.png\",\"width\":130,\"height\":65,\"caption\":\"Osez la recherche\"},\"image\":{\"@id\":\"https:\\\/\\\/www.univ-lorraine.fr\\\/osezlarecherche\\\/#\\\/schema\\\/logo\\\/image\\\/\"}}]}<\/script>\n<!-- \/ Yoast SEO plugin. -->","yoast_head_json":{"title":"Excellence scolarship - ORION : Osez la recherche","description":"Vous \u00eates actuellement en M1 ou 2\u00e8me ann\u00e9e d\u2019ing\u00e9nieur et vous vous int\u00e9ressez \u00e0 la recherche\u00a0? Candidatez aux bourses d\u2019excellence Orion\u00a0!","robots":{"index":"index","follow":"follow","max-snippet":"max-snippet:-1","max-image-preview":"max-image-preview:large","max-video-preview":"max-video-preview:-1"},"canonical":"https:\/\/www.univ-lorraine.fr\/osezlarecherche\/en\/all-orion-initiatives\/excellence-scolarship\/","og_locale":"fr_FR","og_type":"article","og_title":"Excellence scolarship - ORION : Osez la recherche","og_description":"Vous \u00eates actuellement en M1 ou 2\u00e8me ann\u00e9e d\u2019ing\u00e9nieur et vous vous int\u00e9ressez \u00e0 la recherche\u00a0? Candidatez aux bourses d\u2019excellence Orion\u00a0!","og_url":"https:\/\/www.univ-lorraine.fr\/osezlarecherche\/en\/all-orion-initiatives\/excellence-scolarship\/","og_site_name":"Osez la recherche","article_modified_time":"2026-04-09T08:49:04+00:00","og_image":[{"width":250,"height":303,"url":"https:\/\/www.univ-lorraine.fr\/osezlarecherche\/wp-content\/uploads\/sites\/32\/2022\/01\/selancer-seul.png","type":"image\/png"}],"twitter_card":"summary_large_image","twitter_misc":{"Dur\u00e9e de lecture estim\u00e9e":"3 minutes"},"schema":{"@context":"https:\/\/schema.org","@graph":[{"@type":"WebPage","@id":"https:\/\/www.univ-lorraine.fr\/osezlarecherche\/en\/all-orion-initiatives\/excellence-scolarship\/","url":"https:\/\/www.univ-lorraine.fr\/osezlarecherche\/en\/all-orion-initiatives\/excellence-scolarship\/","name":"Excellence scolarship - ORION : Osez la recherche","isPartOf":{"@id":"https:\/\/www.univ-lorraine.fr\/osezlarecherche\/#website"},"primaryImageOfPage":{"@id":"https:\/\/www.univ-lorraine.fr\/osezlarecherche\/en\/all-orion-initiatives\/excellence-scolarship\/#primaryimage"},"image":{"@id":"https:\/\/www.univ-lorraine.fr\/osezlarecherche\/en\/all-orion-initiatives\/excellence-scolarship\/#primaryimage"},"thumbnailUrl":"https:\/\/www.univ-lorraine.fr\/osezlarecherche\/wp-content\/uploads\/sites\/32\/2022\/01\/selancer-seul.png","datePublished":"2025-09-25T11:49:11+00:00","dateModified":"2026-04-09T08:49:04+00:00","description":"Vous \u00eates actuellement en M1 ou 2\u00e8me ann\u00e9e d\u2019ing\u00e9nieur et vous vous int\u00e9ressez \u00e0 la recherche\u00a0? Candidatez aux bourses d\u2019excellence Orion\u00a0!","breadcrumb":{"@id":"https:\/\/www.univ-lorraine.fr\/osezlarecherche\/en\/all-orion-initiatives\/excellence-scolarship\/#breadcrumb"},"inLanguage":"fr-FR","potentialAction":[{"@type":"ReadAction","target":["https:\/\/www.univ-lorraine.fr\/osezlarecherche\/en\/all-orion-initiatives\/excellence-scolarship\/"]}]},{"@type":"ImageObject","inLanguage":"fr-FR","@id":"https:\/\/www.univ-lorraine.fr\/osezlarecherche\/en\/all-orion-initiatives\/excellence-scolarship\/#primaryimage","url":"https:\/\/www.univ-lorraine.fr\/osezlarecherche\/wp-content\/uploads\/sites\/32\/2022\/01\/selancer-seul.png","contentUrl":"https:\/\/www.univ-lorraine.fr\/osezlarecherche\/wp-content\/uploads\/sites\/32\/2022\/01\/selancer-seul.png","width":250,"height":303},{"@type":"BreadcrumbList","@id":"https:\/\/www.univ-lorraine.fr\/osezlarecherche\/en\/all-orion-initiatives\/excellence-scolarship\/#breadcrumb","itemListElement":[{"@type":"ListItem","position":1,"name":"Accueil","item":"https:\/\/www.univ-lorraine.fr\/osezlarecherche\/"},{"@type":"ListItem","position":2,"name":"All ORION initiatives","item":"https:\/\/www.univ-lorraine.fr\/osezlarecherche\/en\/all-orion-initiatives\/"},{"@type":"ListItem","position":3,"name":"Excellence scolarship"}]},{"@type":"WebSite","@id":"https:\/\/www.univ-lorraine.fr\/osezlarecherche\/#website","url":"https:\/\/www.univ-lorraine.fr\/osezlarecherche\/","name":"Osez la recherche","description":"","publisher":{"@id":"https:\/\/www.univ-lorraine.fr\/osezlarecherche\/#organization"},"potentialAction":[{"@type":"SearchAction","target":{"@type":"EntryPoint","urlTemplate":"https:\/\/www.univ-lorraine.fr\/osezlarecherche\/?s={search_term_string}"},"query-input":{"@type":"PropertyValueSpecification","valueRequired":true,"valueName":"search_term_string"}}],"inLanguage":"fr-FR"},{"@type":"Organization","@id":"https:\/\/www.univ-lorraine.fr\/osezlarecherche\/#organization","name":"Osez la recherche","url":"https:\/\/www.univ-lorraine.fr\/osezlarecherche\/","logo":{"@type":"ImageObject","inLanguage":"fr-FR","@id":"https:\/\/www.univ-lorraine.fr\/osezlarecherche\/#\/schema\/logo\/image\/","url":"https:\/\/www.univ-lorraine.fr\/osezlarecherche\/wp-content\/uploads\/sites\/32\/2021\/12\/logo.png","contentUrl":"https:\/\/www.univ-lorraine.fr\/osezlarecherche\/wp-content\/uploads\/sites\/32\/2021\/12\/logo.png","width":130,"height":65,"caption":"Osez la recherche"},"image":{"@id":"https:\/\/www.univ-lorraine.fr\/osezlarecherche\/#\/schema\/logo\/image\/"}}]}},"_links":{"self":[{"href":"https:\/\/www.univ-lorraine.fr\/osezlarecherche\/wp-json\/wp\/v2\/pages\/4989","targetHints":{"allow":["GET"]}}],"collection":[{"href":"https:\/\/www.univ-lorraine.fr\/osezlarecherche\/wp-json\/wp\/v2\/pages"}],"about":[{"href":"https:\/\/www.univ-lorraine.fr\/osezlarecherche\/wp-json\/wp\/v2\/types\/page"}],"author":[{"embeddable":true,"href":"https:\/\/www.univ-lorraine.fr\/osezlarecherche\/wp-json\/wp\/v2\/users\/88"}],"replies":[{"embeddable":true,"href":"https:\/\/www.univ-lorraine.fr\/osezlarecherche\/wp-json\/wp\/v2\/comments?post=4989"}],"version-history":[{"count":5,"href":"https:\/\/www.univ-lorraine.fr\/osezlarecherche\/wp-json\/wp\/v2\/pages\/4989\/revisions"}],"predecessor-version":[{"id":5493,"href":"https:\/\/www.univ-lorraine.fr\/osezlarecherche\/wp-json\/wp\/v2\/pages\/4989\/revisions\/5493"}],"up":[{"embeddable":true,"href":"https:\/\/www.univ-lorraine.fr\/osezlarecherche\/wp-json\/wp\/v2\/pages\/4984"}],"wp:attachment":[{"href":"https:\/\/www.univ-lorraine.fr\/osezlarecherche\/wp-json\/wp\/v2\/media?parent=4989"}],"curies":[{"name":"wp","href":"https:\/\/api.w.org\/{rel}","templated":true}]}}