{"id":5006,"date":"2025-09-25T16:31:15","date_gmt":"2025-09-25T14:31:15","guid":{"rendered":"https:\/\/www.univ-lorraine.fr\/osezlarecherche\/?page_id=5006"},"modified":"2025-09-29T13:58:33","modified_gmt":"2025-09-29T11:58:33","slug":"course-units","status":"publish","type":"page","link":"https:\/\/www.univ-lorraine.fr\/osezlarecherche\/en\/all-orion-initiatives\/course-units\/","title":{"rendered":"Course Units"},"content":{"rendered":"<div class=\"gb-grid-wrapper gb-grid-wrapper-4b07fa8a\">\n<div class=\"gb-grid-column gb-grid-column-c96af920\"><div class=\"gb-container gb-container-c96af920\"><div class=\"gb-inside-container\">\n\n<p>Course Units (UE) are designed to:<\/p>\n\n\n\n<ul class=\"wp-block-list\">\n<li>broaden your knowledge<\/li>\n\n\n\n<li>develop your skills<\/li>\n\n\n\n<li>expand your personal &amp; professional network<\/li>\n<\/ul>\n\n\n\n<p><strong>Target audience<\/strong>: BUT2 &amp; L2, ORION club members (from year 2 undergraduate to Master\u2019s level), and the doctoral community<\/p>\n\n<\/div><\/div><\/div>\n\n<div class=\"gb-grid-column gb-grid-column-de5dcce3\"><div class=\"gb-container gb-container-de5dcce3\"><div class=\"gb-inside-container\">\n\n<figure class=\"wp-block-image size-full\"><img loading=\"lazy\" decoding=\"async\" width=\"222\" height=\"312\" src=\"https:\/\/www.univ-lorraine.fr\/osezlarecherche\/wp-content\/uploads\/sites\/32\/2022\/01\/decouvrir-seul.png\" alt=\"ORION character discover\" class=\"wp-image-876\" srcset=\"https:\/\/www.univ-lorraine.fr\/osezlarecherche\/wp-content\/uploads\/sites\/32\/2022\/01\/decouvrir-seul.png 222w, https:\/\/www.univ-lorraine.fr\/osezlarecherche\/wp-content\/uploads\/sites\/32\/2022\/01\/decouvrir-seul-213x300.png 213w\" sizes=\"auto, (max-width: 222px) 100vw, 222px\" \/><\/figure>\n\n<\/div><\/div><\/div>\n<\/div>\n\n\n<div class=\"wp-block-pb-accordion-item c-accordion__item js-accordion-item no-js\" data-initially-open=\"false\" data-click-to-close=\"true\" data-auto-close=\"true\" data-scroll=\"false\" data-scroll-offset=\"0\" id=\"espritcritique\"><h2 id=\"at-50060\" class=\"c-accordion__title js-accordion-controller\" role=\"button\"><strong>Critical Thinking: developing an informed opinion<\/strong><\/h2><div id=\"ac-50060\" class=\"c-accordion__content\">\n<p><strong>Strengthen your critical thinking!<\/strong><\/p>\n\n\n\n<p>Acquiring a \u201ccritical\u201d intellectual stance means knowing how to doubt methodically in order to build the most reliable and informed opinion possible about claims and information.<\/p>\n\n\n\n<p>The course will illustrate common biases and pitfalls and provide tools to remedy them.<\/p>\n\n\n\n<h3 class=\"gb-headline gb-headline-82e7f9df gb-headline-text\">When?<\/h3>\n\n\n\n<p>Semester 3<\/p>\n\n\n\n<ul class=\"wp-block-list\">\n<li>Friday 10\/10\/2025: Introduction to the pathway and meeting with ORION clubs<\/li>\n\n\n\n<li>Friday 24\/10\/2025: Club activities and science communication<\/li>\n\n\n\n<li><span style=\"font-family: inherit;\">Friday 14\/11\/2025<\/span>: Critical Thinking lecture<\/li>\n\n\n\n<li>Friday 5\/12\/2025: Critical Thinking tutorial<\/li>\n<\/ul>\n\n\n\n<h3 class=\"gb-headline gb-headline-1fe0d74d gb-headline-text\">Where?<\/h3>\n\n\n\n<ul class=\"wp-block-list\">\n<li>Metz (UFR MIM \u2013 Bridoux Campus)<\/li>\n\n\n\n<li>Nancy (Faculty of Science and Technology \u2013 Aiguillettes Campus)<\/li>\n<\/ul>\n\n\n\n<h3 class=\"gb-headline gb-headline-6fdf9a87 gb-headline-text\">Coordinators<\/h3>\n\n\n\n<p>J\u00e9r\u00f4me Gleize (Metz) and&nbsp;Emmanuel Lamouroux (Nancy)<\/p>\n\n\n\n<h3 class=\"gb-headline gb-headline-fce622de gb-headline-text\">Registration<\/h3>\n\n\n\n<p>Online registration from 4\/09 to 24\/09\/2025 via <a href=\"https:\/\/ipweb.univ-lorraine.fr\/loginInscription.jsf\">ipweb.univ-lorraine.fr<\/a><\/p>\n\n\n\n<p><em>Module exclusively reserved for students enrolled in the <a href=\"https:\/\/www.univ-lorraine.fr\/osezlarecherche\/en\/course\/\">ORION pathway.<\/a><\/em><\/p>\n<\/div><\/div>\n\n\n\n<div class=\"wp-block-pb-accordion-item c-accordion__item js-accordion-item no-js\" data-initially-open=\"false\" data-click-to-close=\"true\" data-auto-close=\"true\" data-scroll=\"false\" data-scroll-offset=\"0\" id=\"objet\"><h2 id=\"at-50061\" class=\"c-accordion__title js-accordion-controller\" role=\"button\"><strong>Exploring an Object<\/strong><\/h2><div id=\"ac-50061\" class=\"c-accordion__content\">\n<p><strong>Look at everyday \u201cobjects\u201d differently!<\/strong><\/p>\n\n\n\n<p>Measure the different dimensions associated with a material or immaterial object. Working in groups and drawing on desk research, students will examine issues of social, societal and legal acceptance of the object in question, as well as the scientific and technological concepts related to its manufacture, use and recycling. For example, students may explore dimensions associated with objects such as mobile phones, energy sources, etc.<\/p>\n\n\n\n<h3 class=\"gb-headline gb-headline-ee830d41 gb-headline-text\">When?<\/h3>\n\n\n\n<p>Semester 4:<\/p>\n\n\n\n<ul class=\"wp-block-list\">\n<li>Fridays 06\/02\/2026, 20\/02\/2026, 13\/03\/2026, and 27\/03\/2026 (4 hours per session)<\/li>\n\n\n\n<li>Friday 10\/04\/2026: ORION club activities (4 hours)<\/li>\n<\/ul>\n\n\n\n<h3 class=\"gb-headline gb-headline-6af0496b gb-headline-text\">Where?<\/h3>\n\n\n\n<p>Metz and Nancy<\/p>\n\n\n\n<h3 class=\"wp-block-heading\">COORDINATORS<\/h3>\n\n\n\n<p>Dominique Petitjean (Nancy) and Sol\u00e8ne Faupin (Metz)<\/p>\n\n\n\n<h3 class=\"gb-headline gb-headline-25012abf gb-headline-text\">Registration<\/h3>\n\n\n\n<p>Online registration from 4\/09 to 24\/09\/2025 via <a href=\"https:\/\/ipweb.univ-lorraine.fr\/loginInscription.jsf\">ipweb.univ-lorraine.fr<\/a><\/p>\n\n\n\n<p><em>Course exclusively reserved for students enrolled in the<a href=\"https:\/\/www.univ-lorraine.fr\/osezlarecherche\/en\/course\/\"> ORION pathway.<\/a><\/em><\/p>\n<\/div><\/div>\n\n\n\n<div class=\"wp-block-pb-accordion-item c-accordion__item js-accordion-item no-js\" data-initially-open=\"false\" data-click-to-close=\"true\" data-auto-close=\"true\" data-scroll=\"false\" data-scroll-offset=\"0\" id=\"controversesci\"><h2 id=\"at-50062\" class=\"c-accordion__title js-accordion-controller\" role=\"button\"><strong>Scientific Controversies and Public Debates<\/strong><\/h2><div id=\"ac-50062\" class=\"c-accordion__content\">\n<p><strong><strong><strong>Take part in scientific debates!  Course : Scientific Controversies and Public Debates<\/strong><\/strong><\/strong><\/p>\n\n\n\n<p>Gain hands-on exposure to scientific controversies and acquire knowledge, attitudes and skills to fully grasp the objects, processes and stakes of these controversies, and to be able to observe\/participate\/lead and analyze debates around divisive\u2014even contentious\u2014(scientific and\/or social) issues.<\/p>\n\n\n\n<h3 class=\"gb-headline gb-headline-20c625d7 gb-headline-text\">When?<\/h3>\n\n\n\n<p>Semester 5:<\/p>\n\n\n\n<ul class=\"wp-block-list\">\n<li><span style=\"font-family: inherit;\">Friday 03\/10\/2025<\/span> \u2013 Lecture 2\u20135 pm<\/li>\n\n\n\n<li>Friday 17\/10\/2025 \u2013 Lecture 2\u20134 pm, then Tutorial 4\u20136 pm&nbsp;<\/li>\n\n\n\n<li>Friday 07\/11\/2025 \u2013 Lecture 2\u20134 pm, then Tutorial 4\u20136 pm<\/li>\n\n\n\n<li>Friday 21\/11\/2025 \u2013 Tutorial 2\u20135 pm<\/li>\n<\/ul>\n\n\n\n<p>Semester 6:<\/p>\n\n\n\n<ul class=\"wp-block-list\">\n<li><span style=\"font-family: inherit;\">Friday 30\/01\/2026<\/span> \u2013 Tutorial 2\u20135 pm<\/li>\n\n\n\n<li>Friday 13\/02\/2026 \u2013 Lecture 2\u20134 pm, then Tutorial 4\u20136 pm<\/li>\n\n\n\n<li>Friday 06\/03\/2026 \u2013 Tutorial 2\u20135 pm<\/li>\n\n\n\n<li>Friday 20\/03\/2026 \u2013 Tutorial 2\u20135 pm<\/li>\n<\/ul>\n\n\n\n<h3 class=\"gb-headline gb-headline-2489496a gb-headline-text\">Where?<\/h3>\n\n\n\n<ul class=\"wp-block-list\">\n<li>Metz (UFR SciFA \u2013 Bridoux Campus)<\/li>\n\n\n\n<li>Nancy (Faculty of Science and Technology \u2013 Aiguillettes Campus)<\/li>\n<\/ul>\n\n\n\n<h3 class=\"gb-headline gb-headline-9fd78fac gb-headline-text\">Coordinators<\/h3>\n\n\n\n<p>Anna Zielinska (Nancy) and Cyrille Imbert (Metz)<\/p>\n\n\n\n<h3 class=\"gb-headline gb-headline-612ebed6 gb-headline-text\">Registration<\/h3>\n\n\n\n<p>Online registration from 4\/09 to 24\/09\/2025 via <a href=\"https:\/\/ipweb.univ-lorraine.fr\/loginInscription.jsf\">ipweb.univ-lorraine.fr<\/a><\/p>\n\n\n\n<p><em>Course exclusively reserved for students enrolled in the <a href=\"https:\/\/www.univ-lorraine.fr\/osezlarecherche\/en\/course\/\">ORION pathway.<\/a><\/em><\/p>\n<\/div><\/div>\n\n\n\n<div class=\"wp-block-pb-accordion-item c-accordion__item js-accordion-item no-js\" data-initially-open=\"false\" data-click-to-close=\"true\" data-auto-close=\"true\" data-scroll=\"false\" data-scroll-offset=\"0\" id=\"entrepreneuriat\"><h2 id=\"at-50063\" class=\"c-accordion__title js-accordion-controller\" role=\"button\"><strong>Science &amp; Start-ups: Entrepreneurship Course<\/strong><\/h2><div id=\"ac-50063\" class=\"c-accordion__content\">\n<p id=\"block-3e3459d3-ddce-43f9-a4b9-64e6ef2424f8\">This Unit aims to train ORION-labelled doctoral candidates and students in entrepreneurship.<\/p>\n\n\n\n<p id=\"block-7d4866df-26a0-488e-b3cc-472bd03e76fa\"><em>Course exclusively reserved for ORION club members and for all doctoral candidates of the University of Lorraine and its partners.<\/em><\/p>\n<\/div><\/div>\n\n\n<div class=\"gb-container gb-container-6b4a3151\"><div class=\"gb-inside-container\"><\/div><\/div>","protected":false},"excerpt":{"rendered":"","protected":false},"author":88,"featured_media":0,"parent":4984,"menu_order":0,"comment_status":"closed","ping_status":"closed","template":"","meta":{"inline_featured_image":false,"footnotes":""},"class_list":["post-5006","page","type-page","status-publish"],"yoast_head":"<!-- This site is optimized with the Yoast SEO plugin v27.4 - https:\/\/yoast.com\/product\/yoast-seo-wordpress\/ -->\n<title>Course Units - ORION : Osez la recherche<\/title>\n<meta name=\"description\" content=\"Des Unit\u00e9s d&#039;Enseignements pour : \u00e9largir vos connaissances, d\u00e9velopper vos comp\u00e9tences, d\u00e9velopper votre r\u00e9seau personnel &amp; professionnel.\" \/>\n<meta name=\"robots\" content=\"index, follow, max-snippet:-1, max-image-preview:large, max-video-preview:-1\" \/>\n<link rel=\"canonical\" href=\"https:\/\/www.univ-lorraine.fr\/osezlarecherche\/en\/all-orion-initiatives\/course-units\/\" \/>\n<meta property=\"og:locale\" content=\"fr_FR\" \/>\n<meta property=\"og:type\" content=\"article\" \/>\n<meta property=\"og:title\" content=\"Course Units - ORION : Osez la recherche\" \/>\n<meta property=\"og:description\" content=\"Des Unit\u00e9s d&#039;Enseignements pour : \u00e9largir vos connaissances, d\u00e9velopper vos comp\u00e9tences, d\u00e9velopper votre r\u00e9seau personnel &amp; professionnel.\" \/>\n<meta property=\"og:url\" content=\"https:\/\/www.univ-lorraine.fr\/osezlarecherche\/en\/all-orion-initiatives\/course-units\/\" \/>\n<meta property=\"og:site_name\" content=\"Osez la recherche\" \/>\n<meta property=\"article:modified_time\" content=\"2025-09-29T11:58:33+00:00\" \/>\n<meta property=\"og:image\" content=\"https:\/\/www.univ-lorraine.fr\/osezlarecherche\/wp-content\/uploads\/sites\/32\/2022\/01\/decouvrir-seul.png\" \/>\n\t<meta property=\"og:image:width\" content=\"222\" \/>\n\t<meta property=\"og:image:height\" content=\"312\" \/>\n\t<meta property=\"og:image:type\" content=\"image\/png\" \/>\n<meta name=\"twitter:card\" content=\"summary_large_image\" \/>\n<meta name=\"twitter:label1\" content=\"Dur\u00e9e de lecture estim\u00e9e\" \/>\n\t<meta name=\"twitter:data1\" content=\"3 minutes\" \/>\n<script type=\"application\/ld+json\" class=\"yoast-schema-graph\">{\"@context\":\"https:\\\/\\\/schema.org\",\"@graph\":[{\"@type\":\"WebPage\",\"@id\":\"https:\\\/\\\/www.univ-lorraine.fr\\\/osezlarecherche\\\/en\\\/all-orion-initiatives\\\/course-units\\\/\",\"url\":\"https:\\\/\\\/www.univ-lorraine.fr\\\/osezlarecherche\\\/en\\\/all-orion-initiatives\\\/course-units\\\/\",\"name\":\"Course Units - ORION : Osez la recherche\",\"isPartOf\":{\"@id\":\"https:\\\/\\\/www.univ-lorraine.fr\\\/osezlarecherche\\\/#website\"},\"primaryImageOfPage\":{\"@id\":\"https:\\\/\\\/www.univ-lorraine.fr\\\/osezlarecherche\\\/en\\\/all-orion-initiatives\\\/course-units\\\/#primaryimage\"},\"image\":{\"@id\":\"https:\\\/\\\/www.univ-lorraine.fr\\\/osezlarecherche\\\/en\\\/all-orion-initiatives\\\/course-units\\\/#primaryimage\"},\"thumbnailUrl\":\"https:\\\/\\\/www.univ-lorraine.fr\\\/osezlarecherche\\\/wp-content\\\/uploads\\\/sites\\\/32\\\/2022\\\/01\\\/decouvrir-seul.png\",\"datePublished\":\"2025-09-25T14:31:15+00:00\",\"dateModified\":\"2025-09-29T11:58:33+00:00\",\"description\":\"Des Unit\u00e9s d'Enseignements pour : \u00e9largir vos connaissances, d\u00e9velopper vos comp\u00e9tences, d\u00e9velopper votre r\u00e9seau personnel & professionnel.\",\"breadcrumb\":{\"@id\":\"https:\\\/\\\/www.univ-lorraine.fr\\\/osezlarecherche\\\/en\\\/all-orion-initiatives\\\/course-units\\\/#breadcrumb\"},\"inLanguage\":\"fr-FR\",\"potentialAction\":[{\"@type\":\"ReadAction\",\"target\":[\"https:\\\/\\\/www.univ-lorraine.fr\\\/osezlarecherche\\\/en\\\/all-orion-initiatives\\\/course-units\\\/\"]}]},{\"@type\":\"ImageObject\",\"inLanguage\":\"fr-FR\",\"@id\":\"https:\\\/\\\/www.univ-lorraine.fr\\\/osezlarecherche\\\/en\\\/all-orion-initiatives\\\/course-units\\\/#primaryimage\",\"url\":\"https:\\\/\\\/www.univ-lorraine.fr\\\/osezlarecherche\\\/wp-content\\\/uploads\\\/sites\\\/32\\\/2022\\\/01\\\/decouvrir-seul.png\",\"contentUrl\":\"https:\\\/\\\/www.univ-lorraine.fr\\\/osezlarecherche\\\/wp-content\\\/uploads\\\/sites\\\/32\\\/2022\\\/01\\\/decouvrir-seul.png\",\"width\":222,\"height\":312},{\"@type\":\"BreadcrumbList\",\"@id\":\"https:\\\/\\\/www.univ-lorraine.fr\\\/osezlarecherche\\\/en\\\/all-orion-initiatives\\\/course-units\\\/#breadcrumb\",\"itemListElement\":[{\"@type\":\"ListItem\",\"position\":1,\"name\":\"Accueil\",\"item\":\"https:\\\/\\\/www.univ-lorraine.fr\\\/osezlarecherche\\\/\"},{\"@type\":\"ListItem\",\"position\":2,\"name\":\"All ORION initiatives\",\"item\":\"https:\\\/\\\/www.univ-lorraine.fr\\\/osezlarecherche\\\/en\\\/all-orion-initiatives\\\/\"},{\"@type\":\"ListItem\",\"position\":3,\"name\":\"Course Units\"}]},{\"@type\":\"WebSite\",\"@id\":\"https:\\\/\\\/www.univ-lorraine.fr\\\/osezlarecherche\\\/#website\",\"url\":\"https:\\\/\\\/www.univ-lorraine.fr\\\/osezlarecherche\\\/\",\"name\":\"Osez la recherche\",\"description\":\"\",\"publisher\":{\"@id\":\"https:\\\/\\\/www.univ-lorraine.fr\\\/osezlarecherche\\\/#organization\"},\"potentialAction\":[{\"@type\":\"SearchAction\",\"target\":{\"@type\":\"EntryPoint\",\"urlTemplate\":\"https:\\\/\\\/www.univ-lorraine.fr\\\/osezlarecherche\\\/?s={search_term_string}\"},\"query-input\":{\"@type\":\"PropertyValueSpecification\",\"valueRequired\":true,\"valueName\":\"search_term_string\"}}],\"inLanguage\":\"fr-FR\"},{\"@type\":\"Organization\",\"@id\":\"https:\\\/\\\/www.univ-lorraine.fr\\\/osezlarecherche\\\/#organization\",\"name\":\"Osez la recherche\",\"url\":\"https:\\\/\\\/www.univ-lorraine.fr\\\/osezlarecherche\\\/\",\"logo\":{\"@type\":\"ImageObject\",\"inLanguage\":\"fr-FR\",\"@id\":\"https:\\\/\\\/www.univ-lorraine.fr\\\/osezlarecherche\\\/#\\\/schema\\\/logo\\\/image\\\/\",\"url\":\"https:\\\/\\\/www.univ-lorraine.fr\\\/osezlarecherche\\\/wp-content\\\/uploads\\\/sites\\\/32\\\/2021\\\/12\\\/logo.png\",\"contentUrl\":\"https:\\\/\\\/www.univ-lorraine.fr\\\/osezlarecherche\\\/wp-content\\\/uploads\\\/sites\\\/32\\\/2021\\\/12\\\/logo.png\",\"width\":130,\"height\":65,\"caption\":\"Osez la recherche\"},\"image\":{\"@id\":\"https:\\\/\\\/www.univ-lorraine.fr\\\/osezlarecherche\\\/#\\\/schema\\\/logo\\\/image\\\/\"}}]}<\/script>\n<!-- \/ Yoast SEO plugin. -->","yoast_head_json":{"title":"Course Units - ORION : Osez la recherche","description":"Des Unit\u00e9s d'Enseignements pour : \u00e9largir vos connaissances, d\u00e9velopper vos comp\u00e9tences, d\u00e9velopper votre r\u00e9seau personnel & professionnel.","robots":{"index":"index","follow":"follow","max-snippet":"max-snippet:-1","max-image-preview":"max-image-preview:large","max-video-preview":"max-video-preview:-1"},"canonical":"https:\/\/www.univ-lorraine.fr\/osezlarecherche\/en\/all-orion-initiatives\/course-units\/","og_locale":"fr_FR","og_type":"article","og_title":"Course Units - ORION : Osez la recherche","og_description":"Des Unit\u00e9s d'Enseignements pour : \u00e9largir vos connaissances, d\u00e9velopper vos comp\u00e9tences, d\u00e9velopper votre r\u00e9seau personnel & professionnel.","og_url":"https:\/\/www.univ-lorraine.fr\/osezlarecherche\/en\/all-orion-initiatives\/course-units\/","og_site_name":"Osez la recherche","article_modified_time":"2025-09-29T11:58:33+00:00","og_image":[{"width":222,"height":312,"url":"https:\/\/www.univ-lorraine.fr\/osezlarecherche\/wp-content\/uploads\/sites\/32\/2022\/01\/decouvrir-seul.png","type":"image\/png"}],"twitter_card":"summary_large_image","twitter_misc":{"Dur\u00e9e de lecture estim\u00e9e":"3 minutes"},"schema":{"@context":"https:\/\/schema.org","@graph":[{"@type":"WebPage","@id":"https:\/\/www.univ-lorraine.fr\/osezlarecherche\/en\/all-orion-initiatives\/course-units\/","url":"https:\/\/www.univ-lorraine.fr\/osezlarecherche\/en\/all-orion-initiatives\/course-units\/","name":"Course Units - ORION : Osez la recherche","isPartOf":{"@id":"https:\/\/www.univ-lorraine.fr\/osezlarecherche\/#website"},"primaryImageOfPage":{"@id":"https:\/\/www.univ-lorraine.fr\/osezlarecherche\/en\/all-orion-initiatives\/course-units\/#primaryimage"},"image":{"@id":"https:\/\/www.univ-lorraine.fr\/osezlarecherche\/en\/all-orion-initiatives\/course-units\/#primaryimage"},"thumbnailUrl":"https:\/\/www.univ-lorraine.fr\/osezlarecherche\/wp-content\/uploads\/sites\/32\/2022\/01\/decouvrir-seul.png","datePublished":"2025-09-25T14:31:15+00:00","dateModified":"2025-09-29T11:58:33+00:00","description":"Des Unit\u00e9s d'Enseignements pour : \u00e9largir vos connaissances, d\u00e9velopper vos comp\u00e9tences, d\u00e9velopper votre r\u00e9seau personnel & professionnel.","breadcrumb":{"@id":"https:\/\/www.univ-lorraine.fr\/osezlarecherche\/en\/all-orion-initiatives\/course-units\/#breadcrumb"},"inLanguage":"fr-FR","potentialAction":[{"@type":"ReadAction","target":["https:\/\/www.univ-lorraine.fr\/osezlarecherche\/en\/all-orion-initiatives\/course-units\/"]}]},{"@type":"ImageObject","inLanguage":"fr-FR","@id":"https:\/\/www.univ-lorraine.fr\/osezlarecherche\/en\/all-orion-initiatives\/course-units\/#primaryimage","url":"https:\/\/www.univ-lorraine.fr\/osezlarecherche\/wp-content\/uploads\/sites\/32\/2022\/01\/decouvrir-seul.png","contentUrl":"https:\/\/www.univ-lorraine.fr\/osezlarecherche\/wp-content\/uploads\/sites\/32\/2022\/01\/decouvrir-seul.png","width":222,"height":312},{"@type":"BreadcrumbList","@id":"https:\/\/www.univ-lorraine.fr\/osezlarecherche\/en\/all-orion-initiatives\/course-units\/#breadcrumb","itemListElement":[{"@type":"ListItem","position":1,"name":"Accueil","item":"https:\/\/www.univ-lorraine.fr\/osezlarecherche\/"},{"@type":"ListItem","position":2,"name":"All ORION initiatives","item":"https:\/\/www.univ-lorraine.fr\/osezlarecherche\/en\/all-orion-initiatives\/"},{"@type":"ListItem","position":3,"name":"Course Units"}]},{"@type":"WebSite","@id":"https:\/\/www.univ-lorraine.fr\/osezlarecherche\/#website","url":"https:\/\/www.univ-lorraine.fr\/osezlarecherche\/","name":"Osez la recherche","description":"","publisher":{"@id":"https:\/\/www.univ-lorraine.fr\/osezlarecherche\/#organization"},"potentialAction":[{"@type":"SearchAction","target":{"@type":"EntryPoint","urlTemplate":"https:\/\/www.univ-lorraine.fr\/osezlarecherche\/?s={search_term_string}"},"query-input":{"@type":"PropertyValueSpecification","valueRequired":true,"valueName":"search_term_string"}}],"inLanguage":"fr-FR"},{"@type":"Organization","@id":"https:\/\/www.univ-lorraine.fr\/osezlarecherche\/#organization","name":"Osez la recherche","url":"https:\/\/www.univ-lorraine.fr\/osezlarecherche\/","logo":{"@type":"ImageObject","inLanguage":"fr-FR","@id":"https:\/\/www.univ-lorraine.fr\/osezlarecherche\/#\/schema\/logo\/image\/","url":"https:\/\/www.univ-lorraine.fr\/osezlarecherche\/wp-content\/uploads\/sites\/32\/2021\/12\/logo.png","contentUrl":"https:\/\/www.univ-lorraine.fr\/osezlarecherche\/wp-content\/uploads\/sites\/32\/2021\/12\/logo.png","width":130,"height":65,"caption":"Osez la recherche"},"image":{"@id":"https:\/\/www.univ-lorraine.fr\/osezlarecherche\/#\/schema\/logo\/image\/"}}]}},"_links":{"self":[{"href":"https:\/\/www.univ-lorraine.fr\/osezlarecherche\/wp-json\/wp\/v2\/pages\/5006","targetHints":{"allow":["GET"]}}],"collection":[{"href":"https:\/\/www.univ-lorraine.fr\/osezlarecherche\/wp-json\/wp\/v2\/pages"}],"about":[{"href":"https:\/\/www.univ-lorraine.fr\/osezlarecherche\/wp-json\/wp\/v2\/types\/page"}],"author":[{"embeddable":true,"href":"https:\/\/www.univ-lorraine.fr\/osezlarecherche\/wp-json\/wp\/v2\/users\/88"}],"replies":[{"embeddable":true,"href":"https:\/\/www.univ-lorraine.fr\/osezlarecherche\/wp-json\/wp\/v2\/comments?post=5006"}],"version-history":[{"count":4,"href":"https:\/\/www.univ-lorraine.fr\/osezlarecherche\/wp-json\/wp\/v2\/pages\/5006\/revisions"}],"predecessor-version":[{"id":5187,"href":"https:\/\/www.univ-lorraine.fr\/osezlarecherche\/wp-json\/wp\/v2\/pages\/5006\/revisions\/5187"}],"up":[{"embeddable":true,"href":"https:\/\/www.univ-lorraine.fr\/osezlarecherche\/wp-json\/wp\/v2\/pages\/4984"}],"wp:attachment":[{"href":"https:\/\/www.univ-lorraine.fr\/osezlarecherche\/wp-json\/wp\/v2\/media?parent=5006"}],"curies":[{"name":"wp","href":"https:\/\/api.w.org\/{rel}","templated":true}]}}