{"id":67,"date":"2021-02-12T09:54:57","date_gmt":"2021-02-12T08:54:57","guid":{"rendered":"https:\/\/www.univ-lorraine.fr\/osezlarecherche\/?page_id=67"},"modified":"2025-09-24T15:59:59","modified_gmt":"2025-09-24T13:59:59","slug":"contact","status":"publish","type":"page","link":"https:\/\/www.univ-lorraine.fr\/osezlarecherche\/contact\/","title":{"rendered":"\u00c7a m\u2019int\u00e9resse !"},"content":{"rendered":"<div class=\"gb-container gb-container-45f068e6\"><div class=\"gb-inside-container\">\n<div class=\"gb-container gb-container-472b14e1\"><div class=\"gb-inside-container\">\n<div class=\"gb-container gb-container-a5930b79\" id=\"formulaire\"><div class=\"gb-inside-container\">\n<div class=\"gb-container gb-container-2f5ff085\" id=\"formulaire\"><div class=\"gb-inside-container\">\n\n<p class=\"gb-headline gb-headline-5f386940 gb-headline-text\">Vous \u00eates \u00e9tudiant\u00b7e et souhaitez vous initier \u00e0 la recherche ? Restez connect\u00e9\u00b7e au programme ORION !<\/p>\n\n\n<div class=\"gb-container gb-container-b7cdc8c2\"><div class=\"gb-inside-container\">\n<div class=\"gb-container gb-container-df60b7ea\"><div class=\"gb-inside-container\">\n\n<div class=\"wp-block-contact-form-7-contact-form-selector\">\n<div class=\"wpcf7 no-js\" id=\"wpcf7-f450-o1\" lang=\"\" dir=\"ltr\" data-wpcf7-id=\"450\">\n<div class=\"screen-reader-response\"><p role=\"status\" aria-live=\"polite\" aria-atomic=\"true\"><\/p> <ul><\/ul><\/div>\n<form action=\"\/osezlarecherche\/wp-json\/wp\/v2\/pages\/67#wpcf7-f450-o1\" method=\"post\" class=\"wpcf7-form init\" aria-label=\"Formulaire de contact\" novalidate=\"novalidate\" data-status=\"init\">\n<fieldset class=\"hidden-fields-container\"><input type=\"hidden\" name=\"_wpcf7\" value=\"450\" \/><input type=\"hidden\" name=\"_wpcf7_version\" value=\"6.1.5\" \/><input type=\"hidden\" name=\"_wpcf7_locale\" value=\"\" \/><input type=\"hidden\" name=\"_wpcf7_unit_tag\" value=\"wpcf7-f450-o1\" \/><input type=\"hidden\" name=\"_wpcf7_container_post\" value=\"0\" \/><input type=\"hidden\" name=\"_wpcf7_posted_data_hash\" value=\"\" \/><input type=\"hidden\" name=\"_wpcf7cf_hidden_group_fields\" value=\"[]\" \/><input type=\"hidden\" name=\"_wpcf7cf_hidden_groups\" value=\"[]\" \/><input type=\"hidden\" name=\"_wpcf7cf_visible_groups\" value=\"[]\" \/><input type=\"hidden\" name=\"_wpcf7cf_repeaters\" value=\"[]\" \/><input type=\"hidden\" name=\"_wpcf7cf_steps\" value=\"{}\" \/><input type=\"hidden\" name=\"_wpcf7cf_options\" value=\"{&quot;form_id&quot;:450,&quot;conditions&quot;:[{&quot;then_field&quot;:&quot;options-etudiants&quot;,&quot;and_rules&quot;:[{&quot;if_field&quot;:&quot;profil&quot;,&quot;operator&quot;:&quot;equals&quot;,&quot;if_value&quot;:&quot;Etudiant&quot;}]},{&quot;then_field&quot;:&quot;options-pers-doct&quot;,&quot;and_rules&quot;:[{&quot;if_field&quot;:&quot;profil&quot;,&quot;operator&quot;:&quot;equals&quot;,&quot;if_value&quot;:&quot;Personnel&quot;}]},{&quot;then_field&quot;:&quot;options-pers-doct&quot;,&quot;and_rules&quot;:[{&quot;if_field&quot;:&quot;profil&quot;,&quot;operator&quot;:&quot;equals&quot;,&quot;if_value&quot;:&quot;Doctorant&quot;}]}],&quot;settings&quot;:{&quot;animation&quot;:&quot;yes&quot;,&quot;animation_intime&quot;:200,&quot;animation_outtime&quot;:200,&quot;conditions_ui&quot;:&quot;normal&quot;,&quot;notice_dismissed&quot;:false,&quot;notice_dismissed_rollback-cf7-5.8.3&quot;:true,&quot;notice_dismissed_rollback-cf7-5.9.2&quot;:true}}\" \/>\n<\/fieldset>\n<div class=\"formulaire-ca-minteresse\">\n\t<p class=\"discord\"><a href=\"https:\/\/discord.gg\/vKBSc4axa8\">Envoyez-nous un message sur notre Discord<\/a>\n\t<\/p>\n\t<p>ou merci de remplir ce formulaire\n\t<\/p>\n\t<p><label> Votre nom<br \/>\n<span class=\"wpcf7-form-control-wrap\" data-name=\"your-name\"><input size=\"40\" maxlength=\"400\" class=\"wpcf7-form-control wpcf7-text wpcf7-validates-as-required\" aria-required=\"true\" aria-invalid=\"false\" value=\"\" type=\"text\" name=\"your-name\" \/><\/span> <\/label>\n\t<\/p>\n\t<p><label> Votre e-mail<br \/>\n<span class=\"wpcf7-form-control-wrap\" data-name=\"your-email\"><input size=\"40\" maxlength=\"400\" class=\"wpcf7-form-control wpcf7-email wpcf7-validates-as-required wpcf7-text wpcf7-validates-as-email\" id=\"email\" aria-required=\"true\" aria-invalid=\"false\" value=\"\" type=\"email\" name=\"your-email\" \/><\/span> <\/label>\n\t<\/p>\n\t<p><label>Le dispositif qui vous int\u00e9resse<br \/>\n<span class=\"wpcf7-form-control-wrap\" data-name=\"dispositif\"><select class=\"wpcf7-form-control wpcf7-select\" aria-invalid=\"false\" name=\"dispositif\"><option value=\"{Non d\u00e9fini}\">Non d\u00e9fini<\/option><option value=\"{Clubs \u00e9tudiants-chercheurs}\">Clubs \u00e9tudiants-chercheurs<\/option><option value=\"{Unit\u00e9s d&#039;Enseignement}\">Unit\u00e9s d'Enseignement<\/option><option value=\"{Soft Skills}\">Soft Skills<\/option><option value=\"{Bourses d&#039;excellence}\">Bourses d'excellence<\/option><option value=\"{TP d&#039;Excellence}\">TP d'Excellence<\/option><option value=\"{International}\">International<\/option><option value=\"{Autre}\">Autre<\/option><\/select><\/span><\/label>\n\t<\/p>\n\t<p><label> Votre question<br \/>\n<span class=\"wpcf7-form-control-wrap\" data-name=\"textarea-204\"><textarea cols=\"40\" rows=\"3\" maxlength=\"2000\" class=\"wpcf7-form-control wpcf7-textarea\" id=\"question\" aria-invalid=\"false\" name=\"textarea-204\"><\/textarea><\/span> <\/label>\n\t<\/p>\n\t<p><label> Vous \u00eates*<\/label><br \/>\n<span class=\"wpcf7-form-control-wrap\" data-name=\"profil\"><span class=\"wpcf7-form-control wpcf7-checkbox wpcf7-exclusive-checkbox\" id=\"type-de-personne\"><span class=\"wpcf7-list-item first\"><label><input type=\"checkbox\" name=\"profil\" value=\"{Personnel}\" \/><span class=\"wpcf7-list-item-label\">Personnel<\/span><\/label><\/span><span class=\"wpcf7-list-item\"><label><input type=\"checkbox\" name=\"profil\" value=\"{Etudiant}\" \/><span class=\"wpcf7-list-item-label\">Etudiant<\/span><\/label><\/span><span class=\"wpcf7-list-item last\"><label><input type=\"checkbox\" name=\"profil\" value=\"{Doctorant}\" \/><span class=\"wpcf7-list-item-label\">Doctorant<\/span><\/label><\/span><\/span><\/span>\n\t<\/p>\n\t<div data-id=\"options-etudiants\" data-orig_data_id=\"options-etudiants\"  class=\"\" data-class=\"wpcf7cf_group\">\n\t\t<p><label>Votre ann\u00e9e d'\u00e9tudes<\/label><br \/>\n<span class=\"wpcf7-form-control-wrap\" data-name=\"checkbox-519\"><span class=\"wpcf7-form-control wpcf7-checkbox wpcf7-exclusive-checkbox\" id=\"annee\"><span class=\"wpcf7-list-item first\"><label><input type=\"checkbox\" name=\"checkbox-519\" value=\"{Premi\u00e8re}\" \/><span class=\"wpcf7-list-item-label\">Premi\u00e8re<\/span><\/label><\/span><span class=\"wpcf7-list-item\"><label><input type=\"checkbox\" name=\"checkbox-519\" value=\"{Deuxi\u00e8me}\" \/><span class=\"wpcf7-list-item-label\">Deuxi\u00e8me<\/span><\/label><\/span><span class=\"wpcf7-list-item\"><label><input type=\"checkbox\" name=\"checkbox-519\" value=\"{Troisi\u00e8me}\" \/><span class=\"wpcf7-list-item-label\">Troisi\u00e8me<\/span><\/label><\/span><span class=\"wpcf7-list-item\"><label><input type=\"checkbox\" name=\"checkbox-519\" value=\"{Quatri\u00e8me}\" \/><span class=\"wpcf7-list-item-label\">Quatri\u00e8me<\/span><\/label><\/span><span class=\"wpcf7-list-item last\"><label><input type=\"checkbox\" name=\"checkbox-519\" value=\"{Cinqui\u00e8me}\" \/><span class=\"wpcf7-list-item-label\">Cinqui\u00e8me<\/span><\/label><\/span><\/span><\/span>\n\t\t<\/p>\n\t<\/div>\n\t<p><label for=\"quizz\">Merci de r\u00e9pondre \u00e0 cette question afin de v\u00e9rifier que vous n'\u00eates pas un robot : quel chiffre est le plus grand ?<\/label>\n\t<\/p>\n\t<p><span class=\"wpcf7-form-control-wrap\" data-name=\"spam-quiz\"><label><span class=\"wpcf7-quiz-label\">11 ou\/or 7 ?<\/span> <input size=\"40\" class=\"wpcf7-form-control wpcf7-quiz\" autocomplete=\"off\" aria-required=\"true\" aria-invalid=\"false\" type=\"text\" name=\"spam-quiz\" \/><\/label><input type=\"hidden\" name=\"_wpcf7_quiz_answer_spam-quiz\" value=\"2058ad4b7f08c0dde77383758549c19e\" \/><\/span>\n\t<\/p>\n\t<p><span class=\"wpcf7-form-control-wrap\" data-name=\"your-consent\"><span class=\"wpcf7-form-control wpcf7-acceptance\"><span class=\"wpcf7-list-item\"><label><input type=\"checkbox\" name=\"your-consent\" value=\"1\" aria-invalid=\"false\" \/><span class=\"wpcf7-list-item-label\">En soumettant ce formulaire, j\u2019accepte que mes donn\u00e9es soient utilis\u00e9es dans le but d\u2019\u00eatre recontact\u00e9.<\/span><\/label><\/span><\/span><\/span>\n\t<\/p>\n\t<div data-id=\"options-pers-doct\" data-orig_data_id=\"options-pers-doct\"  class=\"\" data-class=\"wpcf7cf_group\">\n\t\t<p><span class=\"wpcf7-form-control-wrap\" data-name=\"acceptance-695\"><span class=\"wpcf7-form-control wpcf7-acceptance optional\"><span class=\"wpcf7-list-item\"><label><input type=\"checkbox\" name=\"acceptance-695\" value=\"1\" aria-invalid=\"false\" \/><span class=\"wpcf7-list-item-label\">J\u2019accepte de recevoir la newsletter Orion.<\/span><\/label><\/span><\/span><\/span>\n\t\t<\/p>\n\t<\/div>\n\t<p><input class=\"wpcf7-form-control wpcf7-submit has-spinner\" type=\"submit\" value=\"Envoyer\" \/>\n\t<\/p>\n<\/div><div class=\"wpcf7-response-output\" aria-hidden=\"true\"><\/div>\n<\/form>\n<\/div>\n<\/div>\n\n<\/div><\/div>\n<\/div><\/div>\n<\/div><\/div>\n<\/div><\/div>\n<\/div><\/div>\n<\/div><\/div>\n\n\n<p><\/p>\n","protected":false},"excerpt":{"rendered":"<p>Vous \u00eates \u00e9tudiant\u00b7e et souhaitez vous initier \u00e0 la recherche ? Restez connect\u00e9\u00b7e au programme ORION !<\/p>\n","protected":false},"author":4,"featured_media":0,"parent":0,"menu_order":0,"comment_status":"closed","ping_status":"closed","template":"","meta":{"inline_featured_image":false,"footnotes":""},"class_list":["post-67","page","type-page","status-publish"],"yoast_head":"<!-- This site is optimized with the Yoast SEO plugin v27.4 - https:\/\/yoast.com\/product\/yoast-seo-wordpress\/ -->\n<title>\u00c7a m\u2019int\u00e9resse ! - Osez la recherche<\/title>\n<meta name=\"robots\" content=\"index, follow, max-snippet:-1, max-image-preview:large, max-video-preview:-1\" \/>\n<link rel=\"canonical\" href=\"https:\/\/www.univ-lorraine.fr\/osezlarecherche\/contact\/\" \/>\n<meta property=\"og:locale\" content=\"fr_FR\" \/>\n<meta property=\"og:type\" content=\"article\" \/>\n<meta property=\"og:title\" content=\"\u00c7a m\u2019int\u00e9resse ! - Osez la recherche\" \/>\n<meta property=\"og:description\" content=\"Vous \u00eates \u00e9tudiant\u00b7e et souhaitez vous initier \u00e0 la recherche ? Restez connect\u00e9\u00b7e au programme ORION !\" \/>\n<meta property=\"og:url\" content=\"https:\/\/www.univ-lorraine.fr\/osezlarecherche\/contact\/\" \/>\n<meta property=\"og:site_name\" content=\"Osez la recherche\" \/>\n<meta property=\"article:modified_time\" content=\"2025-09-24T13:59:59+00:00\" \/>\n<meta name=\"twitter:card\" content=\"summary_large_image\" \/>\n<meta name=\"twitter:label1\" content=\"Dur\u00e9e de lecture estim\u00e9e\" \/>\n\t<meta name=\"twitter:data1\" content=\"1 minute\" \/>\n<script type=\"application\/ld+json\" class=\"yoast-schema-graph\">{\"@context\":\"https:\\\/\\\/schema.org\",\"@graph\":[{\"@type\":\"WebPage\",\"@id\":\"https:\\\/\\\/www.univ-lorraine.fr\\\/osezlarecherche\\\/contact\\\/\",\"url\":\"https:\\\/\\\/www.univ-lorraine.fr\\\/osezlarecherche\\\/contact\\\/\",\"name\":\"\u00c7a m\u2019int\u00e9resse ! - Osez la recherche\",\"isPartOf\":{\"@id\":\"https:\\\/\\\/www.univ-lorraine.fr\\\/osezlarecherche\\\/#website\"},\"datePublished\":\"2021-02-12T08:54:57+00:00\",\"dateModified\":\"2025-09-24T13:59:59+00:00\",\"breadcrumb\":{\"@id\":\"https:\\\/\\\/www.univ-lorraine.fr\\\/osezlarecherche\\\/contact\\\/#breadcrumb\"},\"inLanguage\":\"fr-FR\",\"potentialAction\":[{\"@type\":\"ReadAction\",\"target\":[\"https:\\\/\\\/www.univ-lorraine.fr\\\/osezlarecherche\\\/contact\\\/\"]}]},{\"@type\":\"BreadcrumbList\",\"@id\":\"https:\\\/\\\/www.univ-lorraine.fr\\\/osezlarecherche\\\/contact\\\/#breadcrumb\",\"itemListElement\":[{\"@type\":\"ListItem\",\"position\":1,\"name\":\"Accueil\",\"item\":\"https:\\\/\\\/www.univ-lorraine.fr\\\/osezlarecherche\\\/\"},{\"@type\":\"ListItem\",\"position\":2,\"name\":\"\u00c7a m\u2019int\u00e9resse !\"}]},{\"@type\":\"WebSite\",\"@id\":\"https:\\\/\\\/www.univ-lorraine.fr\\\/osezlarecherche\\\/#website\",\"url\":\"https:\\\/\\\/www.univ-lorraine.fr\\\/osezlarecherche\\\/\",\"name\":\"Osez la recherche\",\"description\":\"\",\"publisher\":{\"@id\":\"https:\\\/\\\/www.univ-lorraine.fr\\\/osezlarecherche\\\/#organization\"},\"potentialAction\":[{\"@type\":\"SearchAction\",\"target\":{\"@type\":\"EntryPoint\",\"urlTemplate\":\"https:\\\/\\\/www.univ-lorraine.fr\\\/osezlarecherche\\\/?s={search_term_string}\"},\"query-input\":{\"@type\":\"PropertyValueSpecification\",\"valueRequired\":true,\"valueName\":\"search_term_string\"}}],\"inLanguage\":\"fr-FR\"},{\"@type\":\"Organization\",\"@id\":\"https:\\\/\\\/www.univ-lorraine.fr\\\/osezlarecherche\\\/#organization\",\"name\":\"Osez la recherche\",\"url\":\"https:\\\/\\\/www.univ-lorraine.fr\\\/osezlarecherche\\\/\",\"logo\":{\"@type\":\"ImageObject\",\"inLanguage\":\"fr-FR\",\"@id\":\"https:\\\/\\\/www.univ-lorraine.fr\\\/osezlarecherche\\\/#\\\/schema\\\/logo\\\/image\\\/\",\"url\":\"https:\\\/\\\/www.univ-lorraine.fr\\\/osezlarecherche\\\/wp-content\\\/uploads\\\/sites\\\/32\\\/2021\\\/12\\\/logo.png\",\"contentUrl\":\"https:\\\/\\\/www.univ-lorraine.fr\\\/osezlarecherche\\\/wp-content\\\/uploads\\\/sites\\\/32\\\/2021\\\/12\\\/logo.png\",\"width\":130,\"height\":65,\"caption\":\"Osez la recherche\"},\"image\":{\"@id\":\"https:\\\/\\\/www.univ-lorraine.fr\\\/osezlarecherche\\\/#\\\/schema\\\/logo\\\/image\\\/\"}}]}<\/script>\n<!-- \/ Yoast SEO plugin. -->","yoast_head_json":{"title":"\u00c7a m\u2019int\u00e9resse ! - Osez la recherche","robots":{"index":"index","follow":"follow","max-snippet":"max-snippet:-1","max-image-preview":"max-image-preview:large","max-video-preview":"max-video-preview:-1"},"canonical":"https:\/\/www.univ-lorraine.fr\/osezlarecherche\/contact\/","og_locale":"fr_FR","og_type":"article","og_title":"\u00c7a m\u2019int\u00e9resse ! - Osez la recherche","og_description":"Vous \u00eates \u00e9tudiant\u00b7e et souhaitez vous initier \u00e0 la recherche ? Restez connect\u00e9\u00b7e au programme ORION !","og_url":"https:\/\/www.univ-lorraine.fr\/osezlarecherche\/contact\/","og_site_name":"Osez la recherche","article_modified_time":"2025-09-24T13:59:59+00:00","twitter_card":"summary_large_image","twitter_misc":{"Dur\u00e9e de lecture estim\u00e9e":"1 minute"},"schema":{"@context":"https:\/\/schema.org","@graph":[{"@type":"WebPage","@id":"https:\/\/www.univ-lorraine.fr\/osezlarecherche\/contact\/","url":"https:\/\/www.univ-lorraine.fr\/osezlarecherche\/contact\/","name":"\u00c7a m\u2019int\u00e9resse ! - Osez la recherche","isPartOf":{"@id":"https:\/\/www.univ-lorraine.fr\/osezlarecherche\/#website"},"datePublished":"2021-02-12T08:54:57+00:00","dateModified":"2025-09-24T13:59:59+00:00","breadcrumb":{"@id":"https:\/\/www.univ-lorraine.fr\/osezlarecherche\/contact\/#breadcrumb"},"inLanguage":"fr-FR","potentialAction":[{"@type":"ReadAction","target":["https:\/\/www.univ-lorraine.fr\/osezlarecherche\/contact\/"]}]},{"@type":"BreadcrumbList","@id":"https:\/\/www.univ-lorraine.fr\/osezlarecherche\/contact\/#breadcrumb","itemListElement":[{"@type":"ListItem","position":1,"name":"Accueil","item":"https:\/\/www.univ-lorraine.fr\/osezlarecherche\/"},{"@type":"ListItem","position":2,"name":"\u00c7a m\u2019int\u00e9resse !"}]},{"@type":"WebSite","@id":"https:\/\/www.univ-lorraine.fr\/osezlarecherche\/#website","url":"https:\/\/www.univ-lorraine.fr\/osezlarecherche\/","name":"Osez la recherche","description":"","publisher":{"@id":"https:\/\/www.univ-lorraine.fr\/osezlarecherche\/#organization"},"potentialAction":[{"@type":"SearchAction","target":{"@type":"EntryPoint","urlTemplate":"https:\/\/www.univ-lorraine.fr\/osezlarecherche\/?s={search_term_string}"},"query-input":{"@type":"PropertyValueSpecification","valueRequired":true,"valueName":"search_term_string"}}],"inLanguage":"fr-FR"},{"@type":"Organization","@id":"https:\/\/www.univ-lorraine.fr\/osezlarecherche\/#organization","name":"Osez la recherche","url":"https:\/\/www.univ-lorraine.fr\/osezlarecherche\/","logo":{"@type":"ImageObject","inLanguage":"fr-FR","@id":"https:\/\/www.univ-lorraine.fr\/osezlarecherche\/#\/schema\/logo\/image\/","url":"https:\/\/www.univ-lorraine.fr\/osezlarecherche\/wp-content\/uploads\/sites\/32\/2021\/12\/logo.png","contentUrl":"https:\/\/www.univ-lorraine.fr\/osezlarecherche\/wp-content\/uploads\/sites\/32\/2021\/12\/logo.png","width":130,"height":65,"caption":"Osez la recherche"},"image":{"@id":"https:\/\/www.univ-lorraine.fr\/osezlarecherche\/#\/schema\/logo\/image\/"}}]}},"_links":{"self":[{"href":"https:\/\/www.univ-lorraine.fr\/osezlarecherche\/wp-json\/wp\/v2\/pages\/67","targetHints":{"allow":["GET"]}}],"collection":[{"href":"https:\/\/www.univ-lorraine.fr\/osezlarecherche\/wp-json\/wp\/v2\/pages"}],"about":[{"href":"https:\/\/www.univ-lorraine.fr\/osezlarecherche\/wp-json\/wp\/v2\/types\/page"}],"author":[{"embeddable":true,"href":"https:\/\/www.univ-lorraine.fr\/osezlarecherche\/wp-json\/wp\/v2\/users\/4"}],"replies":[{"embeddable":true,"href":"https:\/\/www.univ-lorraine.fr\/osezlarecherche\/wp-json\/wp\/v2\/comments?post=67"}],"version-history":[{"count":27,"href":"https:\/\/www.univ-lorraine.fr\/osezlarecherche\/wp-json\/wp\/v2\/pages\/67\/revisions"}],"predecessor-version":[{"id":4964,"href":"https:\/\/www.univ-lorraine.fr\/osezlarecherche\/wp-json\/wp\/v2\/pages\/67\/revisions\/4964"}],"wp:attachment":[{"href":"https:\/\/www.univ-lorraine.fr\/osezlarecherche\/wp-json\/wp\/v2\/media?parent=67"}],"curies":[{"name":"wp","href":"https:\/\/api.w.org\/{rel}","templated":true}]}}