{"id":701,"date":"2022-01-11T09:51:02","date_gmt":"2022-01-11T08:51:02","guid":{"rendered":"https:\/\/www.univ-lorraine.fr\/osezlarecherche\/?page_id=701"},"modified":"2025-10-27T15:00:52","modified_gmt":"2025-10-27T14:00:52","slug":"tp-dexcellence","status":"publish","type":"page","link":"https:\/\/www.univ-lorraine.fr\/osezlarecherche\/les-dispositifs-orion\/tp-dexcellence\/","title":{"rendered":"TP d&rsquo;excellence"},"content":{"rendered":"<div class=\"gb-grid-wrapper gb-grid-wrapper-1973ed35\">\n<div class=\"gb-grid-column gb-grid-column-eba888a9\"><div class=\"gb-container gb-container-eba888a9\"><div class=\"gb-inside-container\">\n\n<p><strong>D\u00e9couvrez et pratiquez la recherche sur des plateformes exp\u00e9rimentales de pointe du site lorrain !<\/strong><\/p>\n\n\n\n<p>Vous \u00eates en Master 1 ou 2, ou en \u00e9cole d\u2019ing\u00e9nieur ? Certaines formations de niveau master ou ing\u00e9nieur proposent des TP d\u2019Excellence. <\/p>\n\n\n\n<p>Ces TP labellis\u00e9s ORION vous permettent de pratiquer la recherche sur des plateformes exp\u00e9rimentales de point du site lorrain.&nbsp; Ils constituent (ou vont constituer \u00e0 terme) une UE (unit\u00e9 d\u2019enseignement) d\u2019un volume horaire de 30 ou 32 heures avec attribution de cr\u00e9dits ECTS pour les participants.<\/p>\n\n<\/div><\/div><\/div>\n\n<div class=\"gb-grid-column gb-grid-column-cf01739f\"><div class=\"gb-container gb-container-cf01739f\"><div class=\"gb-inside-container\">\n\n<figure class=\"wp-block-image size-full\"><img loading=\"lazy\" decoding=\"async\" width=\"231\" height=\"238\" src=\"https:\/\/www.univ-lorraine.fr\/osezlarecherche\/wp-content\/uploads\/sites\/32\/2022\/01\/experiementer-seul.png\" alt=\"\" class=\"wp-image-878\"\/><\/figure>\n\n<\/div><\/div><\/div>\n<\/div>\n\n<div class=\"gb-container gb-container-2a6fb2f0\">\n\n<h2 class=\"wp-block-heading\">Labellis\u00e9 TP d&rsquo;excellence depuis 2024-2025<\/h2>\n\n\n\n<ul class=\"wp-block-list\">\n<li><strong>Sciences de la Terre et des plan\u00e8tes, environnement<\/strong> &#8211; Case study of ore processing &#8211; Montage et r\u00e9alisation d&rsquo;un pilote de traitement de minerai<\/li>\n\n\n\n<li><strong>Sciences de la Terre et des plan\u00e8tes, environnement<\/strong> &#8211; Case study of ore processing &#8211; EMERALD<\/li>\n\n\n\n<li><strong>Electronique, \u00e9nergie \u00e9lectrique, automatique<\/strong> &#8211; Applications des supraconducteurs en g\u00e9nie \u00e9lectrique<\/li>\n\n\n\n<li><strong>Sciences du vivant<\/strong> &#8211; Voyage au c\u0153ur du syst\u00e8me cardiovasculaire : TP d\u2019excellence en imagerie cellulaire, tissulaire et vasculaire<\/li>\n\n\n\n<li><strong>Sciences et g\u00e9nie des mat\u00e9riaux<\/strong> &#8211; Spectroscopies des solides<\/li>\n\n\n\n<li><strong>Master Chimie<\/strong> &#8211; Compos\u00e9s photoactifs : de la synth\u00e8se en conditions extr\u00eames \u00e0 la caract\u00e9risation optique avanc\u00e9e<\/li>\n\n\n\n<li><strong>ENSEM<\/strong> &#8211; Bureau d\u2019\u00e9tude : V\u00e9hicule autonome<\/li>\n\n\n\n<li><strong>Master Physique<\/strong> &#8211; Diffractom\u00e9trie avanc\u00e9e : poudres et monocristaux \/ structure et distribution \u00e9lectronique<\/li>\n\n\n\n<li><strong>ENIM &#8211; FISA<\/strong> &#8211; Caract\u00e9risation tribologique, physico-chimique et environnementale de particules fines li\u00e9es au freinage ou pneus VE\/VH<\/li>\n\n\n\n<li><strong>UFR de M\u00e9decine G\u00e9nomique, CHRU de Nancy<\/strong> &#8211; GENOME-DX : Approches en wet lab et bio-informatique en g\u00e9nomique humaine appliqu\u00e9es aux maladies h\u00e9r\u00e9ditaires du m\u00e9tabolisme<\/li>\n<\/ul>\n\n\n\n<h2 class=\"wp-block-heading\">Labellis\u00e9 TP d&rsquo;excellence depuis 2023-2024<\/h2>\n\n\n\n<ul class=\"wp-block-list\">\n<li><strong>Master Nutrition et Sciences des Aliments (NSA), parcours-type Qualit\u00e9, S\u00e9curit\u00e9, Environnement de l&rsquo;Alimentation (QSEA)<\/strong>&#8211; Test de bioaccessibilit\u00e9 \u2013 biodisponibilit\u00e9<\/li>\n\n\n\n<li><strong>Master de Chimie parcours Chimie Physique et Analytique<\/strong> &#8211; Applications en Spectroscopies : En qu\u00eate de Photons !<\/li>\n\n\n\n<li><strong>Master PAIP parcours Photonique et Physique Computationnelle<\/strong> &#8211; Techniques Optiques pour les Mat\u00e9riaux<\/li>\n\n\n\n<li><strong>Orientation recherche \u00ab Comportement m\u00e9canique des g\u00e9omat\u00e9riaux et des structures \u00bb (CMGS) &#8211; Parcours type : Conception Ouvrages G\u00e9omat\u00e9riaux (COG) &#8211; Master mention G\u00e9nie civil de l\u2019Universit\u00e9 de Lorraine<\/strong> &#8211; Essais M\u00e9caniques et Analyse des donn\u00e9es exp\u00e9rimentales<\/li>\n\n\n\n<li><strong>Master de biom\u00e9canique<\/strong> &#8211; Orion premium laboratory practice in biomechanics<\/li>\n\n\n\n<li><strong>FST \/ ENSAIA \/ ENSIC \/ ENSTIB<\/strong> &#8211; Introduction aux m\u00e9thodes analytiques appliqu\u00e9es \u00e0 la biologie v\u00e9g\u00e9tale<\/li>\n\n\n\n<li><strong>Master de Chimie, parcours Chimie Durable et Environnement (CDE) Metz<\/strong> &#8211; Pratique exp\u00e9rimentale UE \u00ab\u00a0Biomasse et substances renouvelables pour l&rsquo;industrie\u00a0\u00bb<\/li>\n\n\n\n<li><strong>UE de sp\u00e9cialit\u00e9 en troisi\u00e8me ann\u00e9e d&rsquo;\u00e9cole d&rsquo;ing\u00e9nieurs<\/strong> &#8211; Fractionnements du bois pour les mat\u00e9riaux xylo-sourc\u00e9s<\/li>\n\n\n\n<li><strong>Ing\u00e9nierie de la Sant\u00e9 parcours Innovation Th\u00e9rapeutique et Diagnostique<\/strong> &#8211; Initiation expertise pr\u00e9clinique du m\u00e9dicament<\/li>\n\n\n\n<li><strong>Master Ing\u00e9nierie pour la Sant\u00e9 &#8211; Parcours ITD<\/strong> &#8211; Exploration de la physiologie cellulaire \u00e0 travers la cytom\u00e9trie multiparam\u00e9trique<\/li>\n\n\n\n<li><strong>Ingenieur ENSAIA 3A ; M2 NSA-CAE ; M2 NSA-MILQ<\/strong> &#8211; Microencapsulation<\/li>\n\n\n\n<li><strong>Option 3A ENSG : Gestion des ressources en Eau et Environnement \/ M2 STPE parcours Gestion des Ressources en Eau et Environnement<\/strong> &#8211; Caract\u00e9risation et Rem\u00e9diation des Sites et Sols Pollu\u00e9s<\/li>\n\n\n\n<li><strong>UFR SHS Nancy ; IDMC ; UFR Arts, Lettres et Langues ; Droit, Eco-Gestion ; Droit, Eco, Admin (Metz)<\/strong> &#8211; La d\u00e9marche exp\u00e9rimentale en SHS : analyses comportementales, oculom\u00e9triques, neuro- et biophysiologiques<\/li>\n<\/ul>\n\n\n\n<h2 class=\"wp-block-heading\">Labellis\u00e9 TP d&rsquo;excellence depuis 2022-2023<\/h2>\n\n\n\n<ul class=\"wp-block-list\">\n<li><strong>Master Sciences du vivant<\/strong> \u2013 S\u00e9quen\u00e7age \u00e0 haut-d\u00e9bit des ARN <\/li>\n\n\n\n<li><strong>Master Sciences de la Terre et des plan\u00e8tes, environnement<\/strong> \u2013 Quantification : TP Labo <\/li>\n\n\n\n<li><strong>Master STAPS : ing\u00e9nierie et ergonomie de l\u2019activit\u00e9 physique<\/strong> \u2013 M\u00e9trologie en Sciences du Mouvement Humain <\/li>\n\n\n\n<li><strong>Master Electronique, \u00e9nergie \u00e9lectrique, automatique \u2013<\/strong> TP Plasmas \u2013 SPEKTRE <\/li>\n\n\n\n<li><strong>Master Agrosciences, environnement, territoires, paysage, for\u00eat<\/strong> \u2013 Extraction et caract\u00e9risation de biomol\u00e9cules d\u2019int\u00e9r\u00eat issues de la biomasse lignocellulosique <\/li>\n\n\n\n<li><strong>Master Microbiologie<\/strong> \u2013 TP G\u00e9nomique et \u00e9dition des g\u00e9nomes bact\u00e9riens <\/li>\n\n\n\n<li><strong>Master Microbiologie<\/strong> \u2013 TP Prot\u00e9omique <\/li>\n\n\n\n<li><strong>Master Microbiologie<\/strong> \u2013 TP Transcriptomique <\/li>\n\n\n\n<li><strong>Master Sciences de la Terre et des plan\u00e8tes, environnement<\/strong> \u2013 TP Terrain terre active<\/li>\n\n\n\n<li><strong>Master Sciences du vivant<\/strong> \u2013 TP Castration, suppl\u00e9mentation hormonale et comportement<\/li>\n\n\n\n<li><strong>Lean 6 Sigma \u2013 ENSGSI 2A<\/strong> \u2013 TP Usine \u00e9cole du futur<\/li>\n\n\n\n<li><strong>Master M\u00e9canique \u2013<\/strong> TP Relations proc\u00e9d\u00e9s \u2013 Mat\u00e9riaux \u2013 Comportement M\u00e9canique <\/li>\n\n\n\n<li><strong>ENIM <\/strong>\u2013 TP Comportement tribologique et impact environnemental des dispositifs de freinages des v\u00e9hicules \u00e9lectriques et hybrides<\/li>\n\n\n\n<li><strong>Polytech Nancy<\/strong> \u2013 TP de caract\u00e9risation de mat\u00e9riaux d\u2019int\u00e9r\u00eat environnemental <\/li>\n\n\n\n<li><strong>Master Psychologie clinique, psychopathologie et psychologie de la sant\u00e9<\/strong> \u2013 TP Cerveau et psychanalyse : m\u00e9thodes de recherche<\/li>\n\n\n\n<li><strong>Master Ing\u00e9nierie de la sant\u00e9 <\/strong>\u2013 Lumi\u00e8re sur le Vivant : caract\u00e9risation optique des tissus biologiques <\/li>\n\n\n\n<li><strong>Master Sciences du vivant <\/strong>\u2013 Rayonnements Ionisants en Sant\u00e9 <\/li>\n<\/ul>\n\n<\/div>\n\n\n<h2 class=\"wp-block-heading\">Labellis\u00e9 Tp d&rsquo;excellence depuis 2021-2022<\/h2>\n\n\n<div class=\"gb-container gb-container-661691d4\">\n\n<ul class=\"wp-block-list\">\n<li><strong>Dipl\u00f4me d\u2019Ing\u00e9nieur Georgia Tech-Lorraine<\/strong> \u2013 Fabrication Engineering at the Micro and Nanoscale<\/li>\n\n\n\n<li><strong>Master Physique<\/strong> \u2013 Nanosciences \u2013 r\u00e9alisation d\u2019un capteur magn\u00e9tique<\/li>\n\n\n\n<li><strong>Master Electronique, \u00e9nergie \u00e9lectrique, automatique<\/strong> \u2013 TP magn\u00e9tisme <\/li>\n\n\n\n<li><strong>Master Electronique, \u00e9nergie \u00e9lectrique, automatique<\/strong> \u2013 Caract\u00e9risation des surfaces et dispositifs micro-nanostructur\u00e9s <\/li>\n\n\n\n<li><strong>Master Electronique, \u00e9nergie \u00e9lectrique, automatique<\/strong> \u2013 TP Technologies et caract\u00e9risation des Micronanosyst\u00e8mes <\/li>\n\n\n\n<li><strong>Master Nutrition et sciences des aliments <\/strong>\u2013 S\u00e9paration, purification et caract\u00e9risation des diff\u00e9rentes prot\u00e9ines (cas\u00e9iniques et lactos\u00e9riques) de lait<\/li>\n<\/ul>\n\n<\/div>","protected":false},"excerpt":{"rendered":"<p>Labellis\u00e9 TP d&rsquo;excellence depuis 2024-2025 Labellis\u00e9 TP d&rsquo;excellence depuis 2023-2024 Labellis\u00e9 TP d&rsquo;excellence depuis 2022-2023 Labellis\u00e9 Tp d&rsquo;excellence depuis 2021-2022<\/p>\n","protected":false},"author":30,"featured_media":0,"parent":41,"menu_order":0,"comment_status":"closed","ping_status":"closed","template":"","meta":{"inline_featured_image":false,"footnotes":""},"class_list":["post-701","page","type-page","status-publish"],"yoast_head":"<!-- This site is optimized with the Yoast SEO plugin v27.4 - https:\/\/yoast.com\/product\/yoast-seo-wordpress\/ -->\n<title>TP d&#039;excellence - ORION : Osez la recherche<\/title>\n<meta name=\"description\" content=\"Les TP labellis\u00e9s ORION vous permettent de pratiquer la recherche sur des plateformes exp\u00e9rimentales de point du site lorrain.\" \/>\n<meta name=\"robots\" content=\"index, follow, max-snippet:-1, max-image-preview:large, max-video-preview:-1\" \/>\n<link rel=\"canonical\" href=\"https:\/\/www.univ-lorraine.fr\/osezlarecherche\/les-dispositifs-orion\/tp-dexcellence\/\" \/>\n<meta property=\"og:locale\" content=\"fr_FR\" \/>\n<meta property=\"og:type\" content=\"article\" \/>\n<meta property=\"og:title\" content=\"TP d&#039;excellence - ORION : Osez la recherche\" \/>\n<meta property=\"og:description\" content=\"Les TP labellis\u00e9s ORION vous permettent de pratiquer la recherche sur des plateformes exp\u00e9rimentales de point du site lorrain.\" \/>\n<meta property=\"og:url\" content=\"https:\/\/www.univ-lorraine.fr\/osezlarecherche\/les-dispositifs-orion\/tp-dexcellence\/\" \/>\n<meta property=\"og:site_name\" content=\"Osez la recherche\" \/>\n<meta property=\"article:modified_time\" content=\"2025-10-27T14:00:52+00:00\" \/>\n<meta property=\"og:image\" content=\"https:\/\/www.univ-lorraine.fr\/osezlarecherche\/wp-content\/uploads\/sites\/32\/2022\/01\/experiementer-seul.png\" \/>\n\t<meta property=\"og:image:width\" content=\"231\" \/>\n\t<meta property=\"og:image:height\" content=\"238\" \/>\n\t<meta property=\"og:image:type\" content=\"image\/png\" \/>\n<meta name=\"twitter:card\" content=\"summary_large_image\" \/>\n<meta name=\"twitter:label1\" content=\"Dur\u00e9e de lecture estim\u00e9e\" \/>\n\t<meta name=\"twitter:data1\" content=\"4 minutes\" \/>\n<script type=\"application\/ld+json\" class=\"yoast-schema-graph\">{\"@context\":\"https:\\\/\\\/schema.org\",\"@graph\":[{\"@type\":\"WebPage\",\"@id\":\"https:\\\/\\\/www.univ-lorraine.fr\\\/osezlarecherche\\\/les-dispositifs-orion\\\/tp-dexcellence\\\/\",\"url\":\"https:\\\/\\\/www.univ-lorraine.fr\\\/osezlarecherche\\\/les-dispositifs-orion\\\/tp-dexcellence\\\/\",\"name\":\"TP d'excellence - ORION : Osez la recherche\",\"isPartOf\":{\"@id\":\"https:\\\/\\\/www.univ-lorraine.fr\\\/osezlarecherche\\\/#website\"},\"primaryImageOfPage\":{\"@id\":\"https:\\\/\\\/www.univ-lorraine.fr\\\/osezlarecherche\\\/les-dispositifs-orion\\\/tp-dexcellence\\\/#primaryimage\"},\"image\":{\"@id\":\"https:\\\/\\\/www.univ-lorraine.fr\\\/osezlarecherche\\\/les-dispositifs-orion\\\/tp-dexcellence\\\/#primaryimage\"},\"thumbnailUrl\":\"https:\\\/\\\/www.univ-lorraine.fr\\\/osezlarecherche\\\/wp-content\\\/uploads\\\/sites\\\/32\\\/2022\\\/01\\\/experiementer-seul.png\",\"datePublished\":\"2022-01-11T08:51:02+00:00\",\"dateModified\":\"2025-10-27T14:00:52+00:00\",\"description\":\"Les TP labellis\u00e9s ORION vous permettent de pratiquer la recherche sur des plateformes exp\u00e9rimentales de point du site lorrain.\",\"breadcrumb\":{\"@id\":\"https:\\\/\\\/www.univ-lorraine.fr\\\/osezlarecherche\\\/les-dispositifs-orion\\\/tp-dexcellence\\\/#breadcrumb\"},\"inLanguage\":\"fr-FR\",\"potentialAction\":[{\"@type\":\"ReadAction\",\"target\":[\"https:\\\/\\\/www.univ-lorraine.fr\\\/osezlarecherche\\\/les-dispositifs-orion\\\/tp-dexcellence\\\/\"]}]},{\"@type\":\"ImageObject\",\"inLanguage\":\"fr-FR\",\"@id\":\"https:\\\/\\\/www.univ-lorraine.fr\\\/osezlarecherche\\\/les-dispositifs-orion\\\/tp-dexcellence\\\/#primaryimage\",\"url\":\"https:\\\/\\\/www.univ-lorraine.fr\\\/osezlarecherche\\\/wp-content\\\/uploads\\\/sites\\\/32\\\/2022\\\/01\\\/experiementer-seul.png\",\"contentUrl\":\"https:\\\/\\\/www.univ-lorraine.fr\\\/osezlarecherche\\\/wp-content\\\/uploads\\\/sites\\\/32\\\/2022\\\/01\\\/experiementer-seul.png\",\"width\":231,\"height\":238},{\"@type\":\"BreadcrumbList\",\"@id\":\"https:\\\/\\\/www.univ-lorraine.fr\\\/osezlarecherche\\\/les-dispositifs-orion\\\/tp-dexcellence\\\/#breadcrumb\",\"itemListElement\":[{\"@type\":\"ListItem\",\"position\":1,\"name\":\"Accueil\",\"item\":\"https:\\\/\\\/www.univ-lorraine.fr\\\/osezlarecherche\\\/\"},{\"@type\":\"ListItem\",\"position\":2,\"name\":\"Tous les dispositifs ORION\",\"item\":\"https:\\\/\\\/www.univ-lorraine.fr\\\/osezlarecherche\\\/les-dispositifs-orion\\\/\"},{\"@type\":\"ListItem\",\"position\":3,\"name\":\"TP d&rsquo;excellence\"}]},{\"@type\":\"WebSite\",\"@id\":\"https:\\\/\\\/www.univ-lorraine.fr\\\/osezlarecherche\\\/#website\",\"url\":\"https:\\\/\\\/www.univ-lorraine.fr\\\/osezlarecherche\\\/\",\"name\":\"Osez la recherche\",\"description\":\"\",\"publisher\":{\"@id\":\"https:\\\/\\\/www.univ-lorraine.fr\\\/osezlarecherche\\\/#organization\"},\"potentialAction\":[{\"@type\":\"SearchAction\",\"target\":{\"@type\":\"EntryPoint\",\"urlTemplate\":\"https:\\\/\\\/www.univ-lorraine.fr\\\/osezlarecherche\\\/?s={search_term_string}\"},\"query-input\":{\"@type\":\"PropertyValueSpecification\",\"valueRequired\":true,\"valueName\":\"search_term_string\"}}],\"inLanguage\":\"fr-FR\"},{\"@type\":\"Organization\",\"@id\":\"https:\\\/\\\/www.univ-lorraine.fr\\\/osezlarecherche\\\/#organization\",\"name\":\"Osez la recherche\",\"url\":\"https:\\\/\\\/www.univ-lorraine.fr\\\/osezlarecherche\\\/\",\"logo\":{\"@type\":\"ImageObject\",\"inLanguage\":\"fr-FR\",\"@id\":\"https:\\\/\\\/www.univ-lorraine.fr\\\/osezlarecherche\\\/#\\\/schema\\\/logo\\\/image\\\/\",\"url\":\"https:\\\/\\\/www.univ-lorraine.fr\\\/osezlarecherche\\\/wp-content\\\/uploads\\\/sites\\\/32\\\/2021\\\/12\\\/logo.png\",\"contentUrl\":\"https:\\\/\\\/www.univ-lorraine.fr\\\/osezlarecherche\\\/wp-content\\\/uploads\\\/sites\\\/32\\\/2021\\\/12\\\/logo.png\",\"width\":130,\"height\":65,\"caption\":\"Osez la recherche\"},\"image\":{\"@id\":\"https:\\\/\\\/www.univ-lorraine.fr\\\/osezlarecherche\\\/#\\\/schema\\\/logo\\\/image\\\/\"}}]}<\/script>\n<!-- \/ Yoast SEO plugin. -->","yoast_head_json":{"title":"TP d'excellence - ORION : Osez la recherche","description":"Les TP labellis\u00e9s ORION vous permettent de pratiquer la recherche sur des plateformes exp\u00e9rimentales de point du site lorrain.","robots":{"index":"index","follow":"follow","max-snippet":"max-snippet:-1","max-image-preview":"max-image-preview:large","max-video-preview":"max-video-preview:-1"},"canonical":"https:\/\/www.univ-lorraine.fr\/osezlarecherche\/les-dispositifs-orion\/tp-dexcellence\/","og_locale":"fr_FR","og_type":"article","og_title":"TP d'excellence - ORION : Osez la recherche","og_description":"Les TP labellis\u00e9s ORION vous permettent de pratiquer la recherche sur des plateformes exp\u00e9rimentales de point du site lorrain.","og_url":"https:\/\/www.univ-lorraine.fr\/osezlarecherche\/les-dispositifs-orion\/tp-dexcellence\/","og_site_name":"Osez la recherche","article_modified_time":"2025-10-27T14:00:52+00:00","og_image":[{"width":231,"height":238,"url":"https:\/\/www.univ-lorraine.fr\/osezlarecherche\/wp-content\/uploads\/sites\/32\/2022\/01\/experiementer-seul.png","type":"image\/png"}],"twitter_card":"summary_large_image","twitter_misc":{"Dur\u00e9e de lecture estim\u00e9e":"4 minutes"},"schema":{"@context":"https:\/\/schema.org","@graph":[{"@type":"WebPage","@id":"https:\/\/www.univ-lorraine.fr\/osezlarecherche\/les-dispositifs-orion\/tp-dexcellence\/","url":"https:\/\/www.univ-lorraine.fr\/osezlarecherche\/les-dispositifs-orion\/tp-dexcellence\/","name":"TP d'excellence - ORION : Osez la recherche","isPartOf":{"@id":"https:\/\/www.univ-lorraine.fr\/osezlarecherche\/#website"},"primaryImageOfPage":{"@id":"https:\/\/www.univ-lorraine.fr\/osezlarecherche\/les-dispositifs-orion\/tp-dexcellence\/#primaryimage"},"image":{"@id":"https:\/\/www.univ-lorraine.fr\/osezlarecherche\/les-dispositifs-orion\/tp-dexcellence\/#primaryimage"},"thumbnailUrl":"https:\/\/www.univ-lorraine.fr\/osezlarecherche\/wp-content\/uploads\/sites\/32\/2022\/01\/experiementer-seul.png","datePublished":"2022-01-11T08:51:02+00:00","dateModified":"2025-10-27T14:00:52+00:00","description":"Les TP labellis\u00e9s ORION vous permettent de pratiquer la recherche sur des plateformes exp\u00e9rimentales de point du site lorrain.","breadcrumb":{"@id":"https:\/\/www.univ-lorraine.fr\/osezlarecherche\/les-dispositifs-orion\/tp-dexcellence\/#breadcrumb"},"inLanguage":"fr-FR","potentialAction":[{"@type":"ReadAction","target":["https:\/\/www.univ-lorraine.fr\/osezlarecherche\/les-dispositifs-orion\/tp-dexcellence\/"]}]},{"@type":"ImageObject","inLanguage":"fr-FR","@id":"https:\/\/www.univ-lorraine.fr\/osezlarecherche\/les-dispositifs-orion\/tp-dexcellence\/#primaryimage","url":"https:\/\/www.univ-lorraine.fr\/osezlarecherche\/wp-content\/uploads\/sites\/32\/2022\/01\/experiementer-seul.png","contentUrl":"https:\/\/www.univ-lorraine.fr\/osezlarecherche\/wp-content\/uploads\/sites\/32\/2022\/01\/experiementer-seul.png","width":231,"height":238},{"@type":"BreadcrumbList","@id":"https:\/\/www.univ-lorraine.fr\/osezlarecherche\/les-dispositifs-orion\/tp-dexcellence\/#breadcrumb","itemListElement":[{"@type":"ListItem","position":1,"name":"Accueil","item":"https:\/\/www.univ-lorraine.fr\/osezlarecherche\/"},{"@type":"ListItem","position":2,"name":"Tous les dispositifs ORION","item":"https:\/\/www.univ-lorraine.fr\/osezlarecherche\/les-dispositifs-orion\/"},{"@type":"ListItem","position":3,"name":"TP d&rsquo;excellence"}]},{"@type":"WebSite","@id":"https:\/\/www.univ-lorraine.fr\/osezlarecherche\/#website","url":"https:\/\/www.univ-lorraine.fr\/osezlarecherche\/","name":"Osez la recherche","description":"","publisher":{"@id":"https:\/\/www.univ-lorraine.fr\/osezlarecherche\/#organization"},"potentialAction":[{"@type":"SearchAction","target":{"@type":"EntryPoint","urlTemplate":"https:\/\/www.univ-lorraine.fr\/osezlarecherche\/?s={search_term_string}"},"query-input":{"@type":"PropertyValueSpecification","valueRequired":true,"valueName":"search_term_string"}}],"inLanguage":"fr-FR"},{"@type":"Organization","@id":"https:\/\/www.univ-lorraine.fr\/osezlarecherche\/#organization","name":"Osez la recherche","url":"https:\/\/www.univ-lorraine.fr\/osezlarecherche\/","logo":{"@type":"ImageObject","inLanguage":"fr-FR","@id":"https:\/\/www.univ-lorraine.fr\/osezlarecherche\/#\/schema\/logo\/image\/","url":"https:\/\/www.univ-lorraine.fr\/osezlarecherche\/wp-content\/uploads\/sites\/32\/2021\/12\/logo.png","contentUrl":"https:\/\/www.univ-lorraine.fr\/osezlarecherche\/wp-content\/uploads\/sites\/32\/2021\/12\/logo.png","width":130,"height":65,"caption":"Osez la recherche"},"image":{"@id":"https:\/\/www.univ-lorraine.fr\/osezlarecherche\/#\/schema\/logo\/image\/"}}]}},"_links":{"self":[{"href":"https:\/\/www.univ-lorraine.fr\/osezlarecherche\/wp-json\/wp\/v2\/pages\/701","targetHints":{"allow":["GET"]}}],"collection":[{"href":"https:\/\/www.univ-lorraine.fr\/osezlarecherche\/wp-json\/wp\/v2\/pages"}],"about":[{"href":"https:\/\/www.univ-lorraine.fr\/osezlarecherche\/wp-json\/wp\/v2\/types\/page"}],"author":[{"embeddable":true,"href":"https:\/\/www.univ-lorraine.fr\/osezlarecherche\/wp-json\/wp\/v2\/users\/30"}],"replies":[{"embeddable":true,"href":"https:\/\/www.univ-lorraine.fr\/osezlarecherche\/wp-json\/wp\/v2\/comments?post=701"}],"version-history":[{"count":29,"href":"https:\/\/www.univ-lorraine.fr\/osezlarecherche\/wp-json\/wp\/v2\/pages\/701\/revisions"}],"predecessor-version":[{"id":5297,"href":"https:\/\/www.univ-lorraine.fr\/osezlarecherche\/wp-json\/wp\/v2\/pages\/701\/revisions\/5297"}],"up":[{"embeddable":true,"href":"https:\/\/www.univ-lorraine.fr\/osezlarecherche\/wp-json\/wp\/v2\/pages\/41"}],"wp:attachment":[{"href":"https:\/\/www.univ-lorraine.fr\/osezlarecherche\/wp-json\/wp\/v2\/media?parent=701"}],"curies":[{"name":"wp","href":"https:\/\/api.w.org\/{rel}","templated":true}]}}