{"id":790,"date":"2022-01-11T09:51:28","date_gmt":"2022-01-11T08:51:28","guid":{"rendered":"https:\/\/www.univ-lorraine.fr\/osezlarecherche\/?page_id=790"},"modified":"2025-12-05T09:23:00","modified_gmt":"2025-12-05T08:23:00","slug":"international","status":"publish","type":"page","link":"https:\/\/www.univ-lorraine.fr\/osezlarecherche\/les-dispositifs-orion\/international\/","title":{"rendered":"International"},"content":{"rendered":"<div class=\"gb-grid-wrapper gb-grid-wrapper-fdc34eb2\">\n<div class=\"gb-grid-column gb-grid-column-5230c8bd\"><div class=\"gb-container gb-container-5230c8bd\"><div class=\"gb-inside-container\">\n\n<p><strong>Pratiquez la recherche \u00e0 l\u2019\u00e9tranger en voyageant \u00e0 l\u2019international.<\/strong><\/p>\n\n\n\n<p>Immersions \u00e0 l&rsquo;international, bourses de stage permettant d&rsquo;effectuer un stage \u00e0 l&rsquo;international : d\u00e9couvrez les dimensions internationales de la recherche ! <\/p>\n\n\n\n<p>Vous pourrez d\u00e9velopper votre r\u00e9seau et rencontrer d&rsquo;autres membres de la communaut\u00e9 ORION en communiquant dans plusieurs langues. <\/p>\n\n<\/div><\/div><\/div>\n\n<div class=\"gb-grid-column gb-grid-column-c75ecd22\"><div class=\"gb-container gb-container-c75ecd22\"><div class=\"gb-inside-container\">\n<div class=\"wp-block-image\">\n<figure class=\"aligncenter size-full is-resized\"><img loading=\"lazy\" decoding=\"async\" width=\"222\" height=\"312\" src=\"https:\/\/www.univ-lorraine.fr\/osezlarecherche\/wp-content\/uploads\/sites\/32\/2022\/01\/decouvrir-seul.png\" alt=\"\" class=\"wp-image-876\" style=\"width:131px;height:auto\" srcset=\"https:\/\/www.univ-lorraine.fr\/osezlarecherche\/wp-content\/uploads\/sites\/32\/2022\/01\/decouvrir-seul.png 222w, https:\/\/www.univ-lorraine.fr\/osezlarecherche\/wp-content\/uploads\/sites\/32\/2022\/01\/decouvrir-seul-213x300.png 213w\" sizes=\"auto, (max-width: 222px) 100vw, 222px\" \/><\/figure>\n<\/div>\n<\/div><\/div><\/div>\n<\/div>\n\n<div class=\"gb-container gb-container-2c85f958\">\n\n<h2 class=\"gb-headline gb-headline-cccad902 gb-headline-text\">Master Grants ORION &#8211; mobilit\u00e9 sortante <\/h2>\n\n\n\n<p><strong>Partez vivre la recherche \u00e0 l\u2019international !<\/strong><\/p>\n\n\n\n<p>R\u00e9alisez un stage dans un laboratoire partenaire \u00e0 l\u2019\u00e9tranger, d\u00e9veloppez vos comp\u00e9tences et enrichissez votre r\u00e9seau scientifique. Une exp\u00e9rience unique \u00e0 ne pas manquer !<\/p>\n\n\n<div class=\"gb-grid-wrapper gb-grid-wrapper-f8b7b4a1\">\n<div class=\"gb-grid-column gb-grid-column-c47bc838\"><div class=\"gb-container gb-container-c47bc838\">\n<div class=\"gb-container gb-container-card-eligibility\">\n\n<h3 class=\"wp-block-heading\">Qui peut candidater ?<\/h3>\n\n\n\n<p>Membres des clubs ORION :<\/p>\n\n\n\n<ul class=\"wp-block-list\">\n<li>\u00c9tudiant\u00b7es en Master 1 ou Master 2 \u00e0 l\u2019Universit\u00e9 de Lorraine<\/li>\n\n\n\n<li>\u00c9l\u00e8ves ing\u00e9nieur\u00b7es<\/li>\n\n\n\n<li>\u00c9tudiant\u00b7es des \u00e9tablissements partenaires du site lorrain<\/li>\n<\/ul>\n\n<\/div>\n<\/div><\/div>\n\n<div class=\"gb-grid-column gb-grid-column-5d4304da\"><div class=\"gb-container gb-container-5d4304da\">\n<div class=\"gb-container gb-container-card-objectives\">\n\n<h3 class=\"wp-block-heading\">Pourquoi partir ?<\/h3>\n\n\n\n<ul class=\"wp-block-list\">\n<li>D\u00e9couvrir la recherche dans un contexte international<\/li>\n\n\n\n<li>Enrichir votre parcours et vos comp\u00e9tences scientifiques<\/li>\n\n\n\n<li>D\u00e9velopper votre r\u00e9seau et vos coop\u00e9rations<\/li>\n\n\n\n<li>Bourse jusqu\u2019\u00e0 7 000 \u20ac pour transport et s\u00e9jour<\/li>\n<\/ul>\n\n<\/div>\n<\/div><\/div>\n\n<div class=\"gb-grid-column gb-grid-column-ba2373e3\"><div class=\"gb-container gb-container-ba2373e3\">\n<div class=\"gb-container gb-container-card-application\">\n\n<h3 class=\"wp-block-heading\">Dossier de candidature<\/h3>\n\n\n\n<ul class=\"wp-block-list\">\n<li>CV et relev\u00e9s de notes Master 1 et 2<\/li>\n\n\n\n<li>Lettre de motivation avec projet et r\u00e9sultats attendus<\/li>\n\n\n\n<li>Lettres de recommandation<\/li>\n\n\n\n<li>Accord du directeur\u00b7rice de recherche<\/li>\n\n\n\n<li>Engagement \u00e0 mentionner ORION dans les publications<\/li>\n<\/ul>\n\n<\/div>\n<\/div><\/div>\n<\/div>\n<\/div>\n\n<div class=\"gb-container gb-container-5a424b27\">\n\n<h2 class=\"gb-headline gb-headline-10204f2c gb-headline-text\">Master Grants ORION &#8211; mobilit\u00e9 entrante<\/h2>\n\n\n\n<p><strong>Vous \u00eates responsable scientifique d\u2019un laboratoire et souhaitez accueillir un\u00b7e \u00e9tudiant\u00b7e \u00e9tranger\u00b7e pour un s\u00e9jour de recherche\u00a0?<\/strong><\/p>\n\n\n\n<p>Ces bourses s\u2019adressent \u00e0 la communaut\u00e9 \u00e9tudiante internationale souhaitant r\u00e9aliser un s\u00e9jour de recherche au niveau Master II dans les laboratoires du site lorrain.<\/p>\n\n\n\n<p>Les candidatures sont pr\u00e9sent\u00e9es par le directeur ou la directrice de recherche d\u2019un laboratoire du site lorrain et permettent d\u2019accueillir pour des \u00e9tudiant\u00b7es des partenaires internationaux av\u00e9r\u00e9s des laboratoires.<\/p>\n\n\n<div class=\"gb-container gb-container-7a4df055\">\n<div class=\"gb-container gb-container-9f8c2b9e\">\n\n<h3 class=\"wp-block-heading\">Financement<\/h3>\n\n\n<div class=\"gb-container gb-container-27684ab0\">\n\n<p>Le financement des Master Grants comprend :<\/p>\n\n\n\n<ul class=\"wp-block-list\">\n<li>Une allocation pour un s\u00e9jour de recherche de 4 \u00e0 6 mois d\u2019un montant de 1000 \u20ac par mois ;<\/li>\n\n\n\n<li>Une aide financi\u00e8re de 1000 \u20ac pour le voyage A\/R.<\/li>\n<\/ul>\n\n\n\n<p>Les personnes candidates retenues b\u00e9n\u00e9ficieront d\u2019une allocation maximale de 7000\u20ac<sup>1<\/sup>.<\/p>\n\n\n\n<p>\u00a0<sup>1<\/sup> <em>Cette bourse forfaitaire sera vers\u00e9e comme suit : 1000 \u20ac \u00e0 la pr\u00e9sentation du visa puis 6 versements de 1000 \u20ac sur les mois suivant le d\u00e9but de la formation en milieu professionnel \u00e0 l\u2019Universit\u00e9 de Lorraine dans le cas d\u2019un s\u00e9jour de recherche de 6 mois. \u00a0<\/em><\/p>\n\n<\/div>\n<\/div>\n\n<div class=\"gb-container gb-container-3cea6fcb\">\n\n<h3 class=\"wp-block-heading\">Calendrier<\/h3>\n\n\n<div class=\"gb-container gb-container-a2dd29c6\">\n\n<p>Premi\u00e8re campagne&nbsp;:<\/p>\n\n\n\n<ul class=\"wp-block-list\">\n<li>Date d\u2019ouverture de l\u2019appel&nbsp;: d\u00e9but octobre selon le calendrier des p\u00f4les scientifiques<\/li>\n\n\n\n<li>Date de cl\u00f4ture de l\u2019appel&nbsp;: <strong><strong>14\/11\/25 \u00e0 midi<\/strong><\/strong><\/li>\n\n\n\n<li>Session d\u2019\u00e9valuation&nbsp;: du 17\/11\/25 au 01\/12\/25<\/li>\n\n\n\n<li>Annonce des r\u00e9sultats&nbsp;: \u00e0 partir du 08\/12\/25<\/li>\n\n\n\n<li>D\u00e9but du s\u00e9jour&nbsp;: \u00e0 partir de janvier 2026<\/li>\n\n\n\n<li>Fin de s\u00e9jour&nbsp;: avant le 31\/08\/26<\/li>\n<\/ul>\n\n\n\n<p>Deuxi\u00e8me campagne&nbsp;:<\/p>\n\n\n\n<ul class=\"wp-block-list\">\n<li>Date d\u2019ouverture de l\u2019appel&nbsp;: avril 2026<\/li>\n\n\n\n<li>Date de cl\u00f4ture de l\u2019appel&nbsp;: selon le calendrier des p\u00f4les scientifiques<\/li>\n\n\n\n<li>Session d\u2019\u00e9valuation&nbsp;: selon le calendrier des p\u00f4les scientifiques<\/li>\n\n\n\n<li>Annonce des r\u00e9sultats&nbsp;: avant le 30\/06\/26<\/li>\n\n\n\n<li>D\u00e9but du s\u00e9jour&nbsp;: \u00e0 partir de septembre 2026<\/li>\n\n\n\n<li>Fin de s\u00e9jour&nbsp;: avant le 31\/08\/27<\/li>\n<\/ul>\n\n<\/div>\n<\/div>\n<\/div>\n\n<div class=\"gb-container gb-container-fb283304\">\n\n<h3 class=\"wp-block-heading\">Candidature et s\u00e9lection<\/h3>\n\n\n\n<p>Le dossier de candidature devra comprendre :<\/p>\n\n\n\n<ul class=\"wp-block-list\">\n<li>Courte description de la nature, de l\u2019historique et de l\u2019intensit\u00e9 du partenariat entre les deux \u00e9quipes impliqu\u00e9es<\/li>\n\n\n\n<li>Sujet de travail propos\u00e9 pour le s\u00e9jour de recherche et d\u00e9tails sur encadrant\u00b7e(s), contexte, r\u00e9sultats attendus<\/li>\n\n\n\n<li>CV, notes de Master I et II, lettre de motivation, lettres de recommandation, et toute information jug\u00e9e pertinente pour juger de la qualit\u00e9 de la candidature de l\u2019\u00e9tudiant\u00b7e propos\u00e9\u00b7e<\/li>\n\n\n\n<li>Lettre d\u2019engagement sur l\u2019honneur \u00e0 mentionnant le programme ORION dans les publications d\u00e9coulant du s\u00e9jour de recherche<\/li>\n<\/ul>\n\n\n\n<p>Ces informations sont \u00e0 saisir via ce <a href=\"https:\/\/enquetes.univ-lorraine.fr\/index.php\/711299?lang=fr\">formulaire<\/a>.<\/p>\n\n\n\n<h3 class=\"wp-block-heading\">Plus d\u2019infos<\/h3>\n\n\n\n<p>Vous pouvez consulter l\u2019int\u00e9gralit\u00e9 de l\u2019appel \u00e0 candidature <a href=\"https:\/\/www.univ-lorraine.fr\/osezlarecherche\/2022\/10\/28\/appel-a-candidatures-pour-les-master-grants-orion\/\">sur ce lien<\/a>.<\/p>\n\n\n\n<p>Retrouvez toutes les informations pratiques sur le programme ORION sur <a href=\"https:\/\/www.univ-lorraine.fr\/osezlarecherche\/les-supports-de-communication-orion\/\">la bo\u00eete \u00e0 outils<\/a> !<\/p>\n\n<\/div>\n<\/div>","protected":false},"excerpt":{"rendered":"<p>Master Grants ORION &#8211; mobilit\u00e9 sortante Partez vivre la recherche \u00e0 l\u2019international ! R\u00e9alisez un stage dans un laboratoire partenaire \u00e0 l\u2019\u00e9tranger, d\u00e9veloppez vos comp\u00e9tences et enrichissez votre r\u00e9seau scientifique. Une exp\u00e9rience unique \u00e0 ne pas manquer ! Master Grants ORION &#8211; mobilit\u00e9 entrante Vous \u00eates responsable scientifique d\u2019un laboratoire et souhaitez accueillir un\u00b7e \u00e9tudiant\u00b7e &#8230; <a title=\"International\" class=\"read-more\" href=\"https:\/\/www.univ-lorraine.fr\/osezlarecherche\/les-dispositifs-orion\/international\/\" aria-label=\"En savoir plus sur International\">Lire plus<\/a><\/p>\n","protected":false},"author":7,"featured_media":0,"parent":41,"menu_order":0,"comment_status":"closed","ping_status":"closed","template":"","meta":{"inline_featured_image":false,"footnotes":""},"class_list":["post-790","page","type-page","status-publish"],"yoast_head":"<!-- This site is optimized with the Yoast SEO plugin v27.4 - https:\/\/yoast.com\/product\/yoast-seo-wordpress\/ -->\n<title>International - ORION : Osez la recherche<\/title>\n<meta name=\"description\" content=\"D\u00e9couvrez les dimensions internationales de la recherche avec ORION : immersions, bourses de stage et plus encore !\" \/>\n<meta name=\"robots\" content=\"index, follow, max-snippet:-1, max-image-preview:large, max-video-preview:-1\" \/>\n<link rel=\"canonical\" href=\"https:\/\/www.univ-lorraine.fr\/osezlarecherche\/les-dispositifs-orion\/international\/\" \/>\n<meta property=\"og:locale\" content=\"fr_FR\" \/>\n<meta property=\"og:type\" content=\"article\" \/>\n<meta property=\"og:title\" content=\"International - ORION : Osez la recherche\" \/>\n<meta property=\"og:description\" content=\"D\u00e9couvrez les dimensions internationales de la recherche avec ORION : immersions, bourses de stage et plus encore !\" \/>\n<meta property=\"og:url\" content=\"https:\/\/www.univ-lorraine.fr\/osezlarecherche\/les-dispositifs-orion\/international\/\" \/>\n<meta property=\"og:site_name\" content=\"Osez la recherche\" \/>\n<meta property=\"article:modified_time\" content=\"2025-12-05T08:23:00+00:00\" \/>\n<meta property=\"og:image\" content=\"https:\/\/www.univ-lorraine.fr\/osezlarecherche\/wp-content\/uploads\/sites\/32\/2022\/01\/decouvrir-seul.png\" \/>\n\t<meta property=\"og:image:width\" content=\"222\" \/>\n\t<meta property=\"og:image:height\" content=\"312\" \/>\n\t<meta property=\"og:image:type\" content=\"image\/png\" \/>\n<meta name=\"twitter:card\" content=\"summary_large_image\" \/>\n<meta name=\"twitter:label1\" content=\"Dur\u00e9e de lecture estim\u00e9e\" \/>\n\t<meta name=\"twitter:data1\" content=\"4 minutes\" \/>\n<script type=\"application\/ld+json\" class=\"yoast-schema-graph\">{\"@context\":\"https:\\\/\\\/schema.org\",\"@graph\":[{\"@type\":\"WebPage\",\"@id\":\"https:\\\/\\\/www.univ-lorraine.fr\\\/osezlarecherche\\\/les-dispositifs-orion\\\/international\\\/\",\"url\":\"https:\\\/\\\/www.univ-lorraine.fr\\\/osezlarecherche\\\/les-dispositifs-orion\\\/international\\\/\",\"name\":\"International - ORION : Osez la recherche\",\"isPartOf\":{\"@id\":\"https:\\\/\\\/www.univ-lorraine.fr\\\/osezlarecherche\\\/#website\"},\"primaryImageOfPage\":{\"@id\":\"https:\\\/\\\/www.univ-lorraine.fr\\\/osezlarecherche\\\/les-dispositifs-orion\\\/international\\\/#primaryimage\"},\"image\":{\"@id\":\"https:\\\/\\\/www.univ-lorraine.fr\\\/osezlarecherche\\\/les-dispositifs-orion\\\/international\\\/#primaryimage\"},\"thumbnailUrl\":\"https:\\\/\\\/www.univ-lorraine.fr\\\/osezlarecherche\\\/wp-content\\\/uploads\\\/sites\\\/32\\\/2022\\\/01\\\/decouvrir-seul.png\",\"datePublished\":\"2022-01-11T08:51:28+00:00\",\"dateModified\":\"2025-12-05T08:23:00+00:00\",\"description\":\"D\u00e9couvrez les dimensions internationales de la recherche avec ORION : immersions, bourses de stage et plus encore !\",\"breadcrumb\":{\"@id\":\"https:\\\/\\\/www.univ-lorraine.fr\\\/osezlarecherche\\\/les-dispositifs-orion\\\/international\\\/#breadcrumb\"},\"inLanguage\":\"fr-FR\",\"potentialAction\":[{\"@type\":\"ReadAction\",\"target\":[\"https:\\\/\\\/www.univ-lorraine.fr\\\/osezlarecherche\\\/les-dispositifs-orion\\\/international\\\/\"]}]},{\"@type\":\"ImageObject\",\"inLanguage\":\"fr-FR\",\"@id\":\"https:\\\/\\\/www.univ-lorraine.fr\\\/osezlarecherche\\\/les-dispositifs-orion\\\/international\\\/#primaryimage\",\"url\":\"https:\\\/\\\/www.univ-lorraine.fr\\\/osezlarecherche\\\/wp-content\\\/uploads\\\/sites\\\/32\\\/2022\\\/01\\\/decouvrir-seul.png\",\"contentUrl\":\"https:\\\/\\\/www.univ-lorraine.fr\\\/osezlarecherche\\\/wp-content\\\/uploads\\\/sites\\\/32\\\/2022\\\/01\\\/decouvrir-seul.png\",\"width\":222,\"height\":312},{\"@type\":\"BreadcrumbList\",\"@id\":\"https:\\\/\\\/www.univ-lorraine.fr\\\/osezlarecherche\\\/les-dispositifs-orion\\\/international\\\/#breadcrumb\",\"itemListElement\":[{\"@type\":\"ListItem\",\"position\":1,\"name\":\"Accueil\",\"item\":\"https:\\\/\\\/www.univ-lorraine.fr\\\/osezlarecherche\\\/\"},{\"@type\":\"ListItem\",\"position\":2,\"name\":\"Tous les dispositifs ORION\",\"item\":\"https:\\\/\\\/www.univ-lorraine.fr\\\/osezlarecherche\\\/les-dispositifs-orion\\\/\"},{\"@type\":\"ListItem\",\"position\":3,\"name\":\"International\"}]},{\"@type\":\"WebSite\",\"@id\":\"https:\\\/\\\/www.univ-lorraine.fr\\\/osezlarecherche\\\/#website\",\"url\":\"https:\\\/\\\/www.univ-lorraine.fr\\\/osezlarecherche\\\/\",\"name\":\"Osez la recherche\",\"description\":\"\",\"publisher\":{\"@id\":\"https:\\\/\\\/www.univ-lorraine.fr\\\/osezlarecherche\\\/#organization\"},\"potentialAction\":[{\"@type\":\"SearchAction\",\"target\":{\"@type\":\"EntryPoint\",\"urlTemplate\":\"https:\\\/\\\/www.univ-lorraine.fr\\\/osezlarecherche\\\/?s={search_term_string}\"},\"query-input\":{\"@type\":\"PropertyValueSpecification\",\"valueRequired\":true,\"valueName\":\"search_term_string\"}}],\"inLanguage\":\"fr-FR\"},{\"@type\":\"Organization\",\"@id\":\"https:\\\/\\\/www.univ-lorraine.fr\\\/osezlarecherche\\\/#organization\",\"name\":\"Osez la recherche\",\"url\":\"https:\\\/\\\/www.univ-lorraine.fr\\\/osezlarecherche\\\/\",\"logo\":{\"@type\":\"ImageObject\",\"inLanguage\":\"fr-FR\",\"@id\":\"https:\\\/\\\/www.univ-lorraine.fr\\\/osezlarecherche\\\/#\\\/schema\\\/logo\\\/image\\\/\",\"url\":\"https:\\\/\\\/www.univ-lorraine.fr\\\/osezlarecherche\\\/wp-content\\\/uploads\\\/sites\\\/32\\\/2021\\\/12\\\/logo.png\",\"contentUrl\":\"https:\\\/\\\/www.univ-lorraine.fr\\\/osezlarecherche\\\/wp-content\\\/uploads\\\/sites\\\/32\\\/2021\\\/12\\\/logo.png\",\"width\":130,\"height\":65,\"caption\":\"Osez la recherche\"},\"image\":{\"@id\":\"https:\\\/\\\/www.univ-lorraine.fr\\\/osezlarecherche\\\/#\\\/schema\\\/logo\\\/image\\\/\"}}]}<\/script>\n<!-- \/ Yoast SEO plugin. -->","yoast_head_json":{"title":"International - ORION : Osez la recherche","description":"D\u00e9couvrez les dimensions internationales de la recherche avec ORION : immersions, bourses de stage et plus encore !","robots":{"index":"index","follow":"follow","max-snippet":"max-snippet:-1","max-image-preview":"max-image-preview:large","max-video-preview":"max-video-preview:-1"},"canonical":"https:\/\/www.univ-lorraine.fr\/osezlarecherche\/les-dispositifs-orion\/international\/","og_locale":"fr_FR","og_type":"article","og_title":"International - ORION : Osez la recherche","og_description":"D\u00e9couvrez les dimensions internationales de la recherche avec ORION : immersions, bourses de stage et plus encore !","og_url":"https:\/\/www.univ-lorraine.fr\/osezlarecherche\/les-dispositifs-orion\/international\/","og_site_name":"Osez la recherche","article_modified_time":"2025-12-05T08:23:00+00:00","og_image":[{"width":222,"height":312,"url":"https:\/\/www.univ-lorraine.fr\/osezlarecherche\/wp-content\/uploads\/sites\/32\/2022\/01\/decouvrir-seul.png","type":"image\/png"}],"twitter_card":"summary_large_image","twitter_misc":{"Dur\u00e9e de lecture estim\u00e9e":"4 minutes"},"schema":{"@context":"https:\/\/schema.org","@graph":[{"@type":"WebPage","@id":"https:\/\/www.univ-lorraine.fr\/osezlarecherche\/les-dispositifs-orion\/international\/","url":"https:\/\/www.univ-lorraine.fr\/osezlarecherche\/les-dispositifs-orion\/international\/","name":"International - ORION : Osez la recherche","isPartOf":{"@id":"https:\/\/www.univ-lorraine.fr\/osezlarecherche\/#website"},"primaryImageOfPage":{"@id":"https:\/\/www.univ-lorraine.fr\/osezlarecherche\/les-dispositifs-orion\/international\/#primaryimage"},"image":{"@id":"https:\/\/www.univ-lorraine.fr\/osezlarecherche\/les-dispositifs-orion\/international\/#primaryimage"},"thumbnailUrl":"https:\/\/www.univ-lorraine.fr\/osezlarecherche\/wp-content\/uploads\/sites\/32\/2022\/01\/decouvrir-seul.png","datePublished":"2022-01-11T08:51:28+00:00","dateModified":"2025-12-05T08:23:00+00:00","description":"D\u00e9couvrez les dimensions internationales de la recherche avec ORION : immersions, bourses de stage et plus encore !","breadcrumb":{"@id":"https:\/\/www.univ-lorraine.fr\/osezlarecherche\/les-dispositifs-orion\/international\/#breadcrumb"},"inLanguage":"fr-FR","potentialAction":[{"@type":"ReadAction","target":["https:\/\/www.univ-lorraine.fr\/osezlarecherche\/les-dispositifs-orion\/international\/"]}]},{"@type":"ImageObject","inLanguage":"fr-FR","@id":"https:\/\/www.univ-lorraine.fr\/osezlarecherche\/les-dispositifs-orion\/international\/#primaryimage","url":"https:\/\/www.univ-lorraine.fr\/osezlarecherche\/wp-content\/uploads\/sites\/32\/2022\/01\/decouvrir-seul.png","contentUrl":"https:\/\/www.univ-lorraine.fr\/osezlarecherche\/wp-content\/uploads\/sites\/32\/2022\/01\/decouvrir-seul.png","width":222,"height":312},{"@type":"BreadcrumbList","@id":"https:\/\/www.univ-lorraine.fr\/osezlarecherche\/les-dispositifs-orion\/international\/#breadcrumb","itemListElement":[{"@type":"ListItem","position":1,"name":"Accueil","item":"https:\/\/www.univ-lorraine.fr\/osezlarecherche\/"},{"@type":"ListItem","position":2,"name":"Tous les dispositifs ORION","item":"https:\/\/www.univ-lorraine.fr\/osezlarecherche\/les-dispositifs-orion\/"},{"@type":"ListItem","position":3,"name":"International"}]},{"@type":"WebSite","@id":"https:\/\/www.univ-lorraine.fr\/osezlarecherche\/#website","url":"https:\/\/www.univ-lorraine.fr\/osezlarecherche\/","name":"Osez la recherche","description":"","publisher":{"@id":"https:\/\/www.univ-lorraine.fr\/osezlarecherche\/#organization"},"potentialAction":[{"@type":"SearchAction","target":{"@type":"EntryPoint","urlTemplate":"https:\/\/www.univ-lorraine.fr\/osezlarecherche\/?s={search_term_string}"},"query-input":{"@type":"PropertyValueSpecification","valueRequired":true,"valueName":"search_term_string"}}],"inLanguage":"fr-FR"},{"@type":"Organization","@id":"https:\/\/www.univ-lorraine.fr\/osezlarecherche\/#organization","name":"Osez la recherche","url":"https:\/\/www.univ-lorraine.fr\/osezlarecherche\/","logo":{"@type":"ImageObject","inLanguage":"fr-FR","@id":"https:\/\/www.univ-lorraine.fr\/osezlarecherche\/#\/schema\/logo\/image\/","url":"https:\/\/www.univ-lorraine.fr\/osezlarecherche\/wp-content\/uploads\/sites\/32\/2021\/12\/logo.png","contentUrl":"https:\/\/www.univ-lorraine.fr\/osezlarecherche\/wp-content\/uploads\/sites\/32\/2021\/12\/logo.png","width":130,"height":65,"caption":"Osez la recherche"},"image":{"@id":"https:\/\/www.univ-lorraine.fr\/osezlarecherche\/#\/schema\/logo\/image\/"}}]}},"_links":{"self":[{"href":"https:\/\/www.univ-lorraine.fr\/osezlarecherche\/wp-json\/wp\/v2\/pages\/790","targetHints":{"allow":["GET"]}}],"collection":[{"href":"https:\/\/www.univ-lorraine.fr\/osezlarecherche\/wp-json\/wp\/v2\/pages"}],"about":[{"href":"https:\/\/www.univ-lorraine.fr\/osezlarecherche\/wp-json\/wp\/v2\/types\/page"}],"author":[{"embeddable":true,"href":"https:\/\/www.univ-lorraine.fr\/osezlarecherche\/wp-json\/wp\/v2\/users\/7"}],"replies":[{"embeddable":true,"href":"https:\/\/www.univ-lorraine.fr\/osezlarecherche\/wp-json\/wp\/v2\/comments?post=790"}],"version-history":[{"count":34,"href":"https:\/\/www.univ-lorraine.fr\/osezlarecherche\/wp-json\/wp\/v2\/pages\/790\/revisions"}],"predecessor-version":[{"id":5327,"href":"https:\/\/www.univ-lorraine.fr\/osezlarecherche\/wp-json\/wp\/v2\/pages\/790\/revisions\/5327"}],"up":[{"embeddable":true,"href":"https:\/\/www.univ-lorraine.fr\/osezlarecherche\/wp-json\/wp\/v2\/pages\/41"}],"wp:attachment":[{"href":"https:\/\/www.univ-lorraine.fr\/osezlarecherche\/wp-json\/wp\/v2\/media?parent=790"}],"curies":[{"name":"wp","href":"https:\/\/api.w.org\/{rel}","templated":true}]}}