{"id":1362,"date":"2026-03-12T08:36:53","date_gmt":"2026-03-12T07:36:53","guid":{"rendered":"https:\/\/www.univ-lorraine.fr\/strategie-europe\/?page_id=1362"},"modified":"2026-03-20T14:39:49","modified_gmt":"2026-03-20T13:39:49","slug":"trouvez-votre-partenaire-scientifique-lorrain-pour-votre-projet-europeen","status":"publish","type":"page","link":"https:\/\/www.univ-lorraine.fr\/strategie-europe\/nos-grands-domaines-strategiques-et-personnes-contacts\/trouvez-votre-partenaire-scientifique-lorrain-pour-votre-projet-europeen\/","title":{"rendered":"Trouvez votre partenaire scientifique lorrain pour votre projet europ\u00e9en"},"content":{"rendered":"\n<h2 class=\"gb-headline gb-headline-200eb975 gb-headline-text\">Acc\u00e9dez aux cartographies de nos chercheurs et \u00e0 la pr\u00e9sentation de leurs expertises<\/h2>\n\n\n<div class=\"gb-container gb-container-22e23f7d\">\n<div class=\"gb-container gb-container-9c40462d\">\n<div class=\"gb-container gb-container-d4e66bc8\">\n\n<figure class=\"wp-block-image alignwide size-full\"><img decoding=\"async\" width=\"417\" height=\"251\" src=\"https:\/\/www.univ-lorraine.fr\/strategie-europe\/wp-content\/uploads\/sites\/53\/2026\/03\/adobestock_144388219_europe.png\" alt=\"\" class=\"wp-image-1378\" srcset=\"https:\/\/www.univ-lorraine.fr\/strategie-europe\/wp-content\/uploads\/sites\/53\/2026\/03\/adobestock_144388219_europe.png 417w, https:\/\/www.univ-lorraine.fr\/strategie-europe\/wp-content\/uploads\/sites\/53\/2026\/03\/adobestock_144388219_europe-300x181.png 300w\" sizes=\"(max-width: 417px) 100vw, 417px\" \/><\/figure>\n\n<\/div>\n\n<div class=\"gb-container gb-container-0d599c8b\">\n\n<p>Avec ses partenaires, l\u2019Universit\u00e9 de Lorraine est r\u00e9solument engag\u00e9e dans une recherche de haut-niveau en Europe, contribuant \u00e0 la souverainet\u00e9 europ\u00e9enne, sa comp\u00e9titivit\u00e9 et sa r\u00e9silience soci\u00e9tale \u00e0 long terme.<\/p>\n\n\n\n<p>L\u2019Europe constitue ainsi un espace privil\u00e9gi\u00e9 de collaboration pour d\u00e9velopper des projets ambitieux en recherche, en formation et en innovation.<\/p>\n\n<\/div>\n<\/div>\n\n<div class=\"gb-container gb-container-bfeee5bf\">\n\n<h3 class=\"gb-headline gb-headline-510e42c2 gb-headline-text\">Une s\u00e9rie de livrets th\u00e9matiques con\u00e7us pour faciliter l\u2019\u00e9mergence de projets europ\u00e9ens<\/h3>\n\n\n\n<p>Dans cette dynamique, cette page met \u00e0 disposition une s\u00e9rie de livrets th\u00e9matiques con\u00e7us pour faciliter l\u2019\u00e9mergence de projets europ\u00e9ens. Ces livrets <strong>recensent les chercheurs et chercheuses du site lorrain mobilis\u00e9s sur des th\u00e9matiques cl\u00e9s<\/strong>, en pr\u00e9sentant leurs expertises, leurs axes de recherche et leur potentiel de contribution possible \u00e0 des appels \u00e0 projets europ\u00e9ens collaboratifs.<\/p>\n\n\n\n<p>V\u00e9ritable outil de mise en relation, ces ressources ont pour objectif de favoriser les connexions avec nos chercheurs et d\u2019encourager la construction de consortiums solides.<\/p>\n\n\n\n<p>Explorez les livrets, identifiez des partenariats scientifiques et initions ensemble de nouvelles collaborations pour r\u00e9pondre aux grands d\u00e9fis europ\u00e9ens !<\/p>\n\n<\/div>\n<\/div>\n\n<div class=\"gb-container gb-container-2f660970\">\n<div class=\"gb-container gb-container-13c27c10\">\n\n<h2 class=\"gb-headline gb-headline-84c0f32a gb-headline-text\">Horizon Europe | Cluster 1 &#8211; Sant\u00e9 &#8211; Mission Cancer<\/h2>\n\n\n\n<p>Ce livret met en avant les chercheurs du site lorrain dans le domaine de la sant\u00e9 pouvant contribuer aux appels \u00e0 projets 2026-2027 du cluster sant\u00e9 et de la mission cancer. Chaque chercheur y pr\u00e9sente son activit\u00e9 de recherche et sa contribution potentielle.<\/p>\n\n\n\n<a class=\"gb-button gb-button-7c07149a gb-button-text\" href=\"https:\/\/www.univ-lorraine.fr\/strategie-europe\/wp-content\/uploads\/sites\/53\/2026\/03\/livret-cluster-sante_2026-2027.pdf\"><strong>T\u00e9l\u00e9charger le livret \u00ab\u00a0Cluster 1 | Sant\u00e9<\/strong>\u00ab\u00a0<\/a>\n\n<\/div>\n\n\n<figure class=\"wp-block-image size-full\"><a href=\"https:\/\/www.univ-lorraine.fr\/strategie-europe\/wp-content\/uploads\/sites\/53\/2026\/03\/livret-cluster-sante_2026-2027.pdf\"><img decoding=\"async\" width=\"400\" height=\"568\" src=\"https:\/\/www.univ-lorraine.fr\/strategie-europe\/wp-content\/uploads\/sites\/53\/2026\/03\/livret-cluster-sante_2026-2027_page_01_small.jpg\" alt=\"\" class=\"wp-image-1363\" srcset=\"https:\/\/www.univ-lorraine.fr\/strategie-europe\/wp-content\/uploads\/sites\/53\/2026\/03\/livret-cluster-sante_2026-2027_page_01_small.jpg 400w, https:\/\/www.univ-lorraine.fr\/strategie-europe\/wp-content\/uploads\/sites\/53\/2026\/03\/livret-cluster-sante_2026-2027_page_01_small-211x300.jpg 211w\" sizes=\"(max-width: 400px) 100vw, 400px\" \/><\/a><\/figure>\n\n<\/div>\n\n<div class=\"gb-container gb-container-e117c4ef\">\n<div class=\"gb-container gb-container-8b83a133\">\n<div class=\"gb-container gb-container-71cf2d60\">\n\n<p class=\"has-text-align-center\">Vous <strong>souhaitez collaborer<\/strong>, au niveau europ\u00e9en, avec l&rsquo;Universit\u00e9 de Lorraine&nbsp;?<\/p>\n\n\n<div class=\"gb-container gb-container-3d3ce5c9\">\n\n<a class=\"gb-button gb-button-56efa6f5 gb-button-text\" href=\"https:\/\/www.univ-lorraine.fr\/strategie-europe\/nos-grands-domaines-strategiques-et-personnes-contacts\/\" target=\"_blank\" rel=\"noopener noreferrer\">Contacter nos European Policy officers<\/a>\n\n<\/div>\n<\/div>\n\n<div class=\"gb-container gb-container-fcc57987\">\n\n<p class=\"has-text-align-center\">Vous \u00eates <strong>enseignants-chercheurs de l\u2019Universit\u00e9 de Lorraine<\/strong> et souhaitez de l\u2019aide pour r\u00e9pondre \u00e0 un appel \u00e0 projet europ\u00e9en&nbsp;?<\/p>\n\n\n<div class=\"gb-container gb-container-7c5b8a97\">\n\n<a class=\"gb-button gb-button-b9fe6854 gb-button-text\" href=\"m&#97;&#x69;&#x6c;t&#111;&#x3a;&#x64;i&#112;&#x72;&#x6f;-&#115;&#x65;&#x2d;p&#114;&#x6f;&#x6a;e&#116;&#115;&#x40;&#x75;n&#105;&#x76;&#x2d;l&#111;&#x72;&#x72;a&#105;&#x6e;&#x65;&#46;&#102;&#x72;\" target=\"_blank\" rel=\"noopener noreferrer\">Contacter nos ing\u00e9nieurs-projet Europe<\/a>\n\n<\/div>\n<\/div>\n<\/div>\n<\/div>\n\n\n<p><\/p>\n","protected":false},"excerpt":{"rendered":"<p>Acc\u00e9dez aux cartographies de nos chercheurs et \u00e0 la pr\u00e9sentation de leurs expertises Avec ses partenaires, l\u2019Universit\u00e9 de Lorraine est r\u00e9solument engag\u00e9e dans une recherche de haut-niveau en Europe, contribuant \u00e0 la souverainet\u00e9 europ\u00e9enne, sa comp\u00e9titivit\u00e9 et sa r\u00e9silience soci\u00e9tale \u00e0 long terme. L\u2019Europe constitue ainsi un espace privil\u00e9gi\u00e9 de collaboration pour d\u00e9velopper des projets &#8230; <a title=\"Trouvez votre partenaire scientifique lorrain pour votre projet europ\u00e9en\" class=\"read-more\" href=\"https:\/\/www.univ-lorraine.fr\/strategie-europe\/nos-grands-domaines-strategiques-et-personnes-contacts\/trouvez-votre-partenaire-scientifique-lorrain-pour-votre-projet-europeen\/\" aria-label=\"En savoir plus sur Trouvez votre partenaire scientifique lorrain pour votre projet europ\u00e9en\">Lire plus<\/a><\/p>\n","protected":false},"author":1500,"featured_media":0,"parent":283,"menu_order":0,"comment_status":"closed","ping_status":"closed","template":"","meta":{"inline_featured_image":false,"footnotes":""},"class_list":["post-1362","page","type-page","status-publish"],"yoast_head":"<!-- This site is optimized with the Yoast SEO plugin v27.4 - https:\/\/yoast.com\/product\/yoast-seo-wordpress\/ -->\n<title>Trouvez votre partenaire scientifique lorrain pour votre projet europ\u00e9en - Strat\u00e9gie Europe<\/title>\n<meta name=\"robots\" content=\"index, follow, max-snippet:-1, max-image-preview:large, max-video-preview:-1\" \/>\n<link rel=\"canonical\" href=\"https:\/\/www.univ-lorraine.fr\/strategie-europe\/nos-grands-domaines-strategiques-et-personnes-contacts\/trouvez-votre-partenaire-scientifique-lorrain-pour-votre-projet-europeen\/\" \/>\n<meta property=\"og:locale\" content=\"fr_FR\" \/>\n<meta property=\"og:type\" content=\"article\" \/>\n<meta property=\"og:title\" content=\"Trouvez votre partenaire scientifique lorrain pour votre projet europ\u00e9en - Strat\u00e9gie Europe\" \/>\n<meta property=\"og:description\" content=\"Acc\u00e9dez aux cartographies de nos chercheurs et \u00e0 la pr\u00e9sentation de leurs expertises Avec ses partenaires, l\u2019Universit\u00e9 de Lorraine est r\u00e9solument engag\u00e9e dans une recherche de haut-niveau en Europe, contribuant \u00e0 la souverainet\u00e9 europ\u00e9enne, sa comp\u00e9titivit\u00e9 et sa r\u00e9silience soci\u00e9tale \u00e0 long terme. L\u2019Europe constitue ainsi un espace privil\u00e9gi\u00e9 de collaboration pour d\u00e9velopper des projets ... Lire plus\" \/>\n<meta property=\"og:url\" content=\"https:\/\/www.univ-lorraine.fr\/strategie-europe\/nos-grands-domaines-strategiques-et-personnes-contacts\/trouvez-votre-partenaire-scientifique-lorrain-pour-votre-projet-europeen\/\" \/>\n<meta property=\"og:site_name\" content=\"Strat\u00e9gie Europe\" \/>\n<meta property=\"article:modified_time\" content=\"2026-03-20T13:39:49+00:00\" \/>\n<meta property=\"og:image\" content=\"https:\/\/www.univ-lorraine.fr\/strategie-europe\/wp-content\/uploads\/sites\/53\/2026\/03\/adobestock_144388219_europe.png\" \/>\n\t<meta property=\"og:image:width\" content=\"417\" \/>\n\t<meta property=\"og:image:height\" content=\"251\" \/>\n\t<meta property=\"og:image:type\" content=\"image\/png\" \/>\n<meta name=\"twitter:card\" content=\"summary_large_image\" \/>\n<meta name=\"twitter:label1\" content=\"Dur\u00e9e de lecture estim\u00e9e\" \/>\n\t<meta name=\"twitter:data1\" content=\"2 minutes\" \/>\n<script type=\"application\/ld+json\" class=\"yoast-schema-graph\">{\"@context\":\"https:\\\/\\\/schema.org\",\"@graph\":[{\"@type\":\"WebPage\",\"@id\":\"https:\\\/\\\/www.univ-lorraine.fr\\\/strategie-europe\\\/nos-grands-domaines-strategiques-et-personnes-contacts\\\/trouvez-votre-partenaire-scientifique-lorrain-pour-votre-projet-europeen\\\/\",\"url\":\"https:\\\/\\\/www.univ-lorraine.fr\\\/strategie-europe\\\/nos-grands-domaines-strategiques-et-personnes-contacts\\\/trouvez-votre-partenaire-scientifique-lorrain-pour-votre-projet-europeen\\\/\",\"name\":\"Trouvez votre partenaire scientifique lorrain pour votre projet europ\u00e9en - Strat\u00e9gie Europe\",\"isPartOf\":{\"@id\":\"https:\\\/\\\/www.univ-lorraine.fr\\\/strategie-europe\\\/#website\"},\"primaryImageOfPage\":{\"@id\":\"https:\\\/\\\/www.univ-lorraine.fr\\\/strategie-europe\\\/nos-grands-domaines-strategiques-et-personnes-contacts\\\/trouvez-votre-partenaire-scientifique-lorrain-pour-votre-projet-europeen\\\/#primaryimage\"},\"image\":{\"@id\":\"https:\\\/\\\/www.univ-lorraine.fr\\\/strategie-europe\\\/nos-grands-domaines-strategiques-et-personnes-contacts\\\/trouvez-votre-partenaire-scientifique-lorrain-pour-votre-projet-europeen\\\/#primaryimage\"},\"thumbnailUrl\":\"https:\\\/\\\/www.univ-lorraine.fr\\\/strategie-europe\\\/wp-content\\\/uploads\\\/sites\\\/53\\\/2026\\\/03\\\/adobestock_144388219_europe.png\",\"datePublished\":\"2026-03-12T07:36:53+00:00\",\"dateModified\":\"2026-03-20T13:39:49+00:00\",\"breadcrumb\":{\"@id\":\"https:\\\/\\\/www.univ-lorraine.fr\\\/strategie-europe\\\/nos-grands-domaines-strategiques-et-personnes-contacts\\\/trouvez-votre-partenaire-scientifique-lorrain-pour-votre-projet-europeen\\\/#breadcrumb\"},\"inLanguage\":\"fr-FR\",\"potentialAction\":[{\"@type\":\"ReadAction\",\"target\":[\"https:\\\/\\\/www.univ-lorraine.fr\\\/strategie-europe\\\/nos-grands-domaines-strategiques-et-personnes-contacts\\\/trouvez-votre-partenaire-scientifique-lorrain-pour-votre-projet-europeen\\\/\"]}]},{\"@type\":\"ImageObject\",\"inLanguage\":\"fr-FR\",\"@id\":\"https:\\\/\\\/www.univ-lorraine.fr\\\/strategie-europe\\\/nos-grands-domaines-strategiques-et-personnes-contacts\\\/trouvez-votre-partenaire-scientifique-lorrain-pour-votre-projet-europeen\\\/#primaryimage\",\"url\":\"https:\\\/\\\/www.univ-lorraine.fr\\\/strategie-europe\\\/wp-content\\\/uploads\\\/sites\\\/53\\\/2026\\\/03\\\/adobestock_144388219_europe.png\",\"contentUrl\":\"https:\\\/\\\/www.univ-lorraine.fr\\\/strategie-europe\\\/wp-content\\\/uploads\\\/sites\\\/53\\\/2026\\\/03\\\/adobestock_144388219_europe.png\",\"width\":417,\"height\":251},{\"@type\":\"BreadcrumbList\",\"@id\":\"https:\\\/\\\/www.univ-lorraine.fr\\\/strategie-europe\\\/nos-grands-domaines-strategiques-et-personnes-contacts\\\/trouvez-votre-partenaire-scientifique-lorrain-pour-votre-projet-europeen\\\/#breadcrumb\",\"itemListElement\":[{\"@type\":\"ListItem\",\"position\":1,\"name\":\"Accueil\",\"item\":\"https:\\\/\\\/www.univ-lorraine.fr\\\/strategie-europe\\\/\"},{\"@type\":\"ListItem\",\"position\":2,\"name\":\"Nos grands domaines strat\u00e9giques et points de contact\",\"item\":\"https:\\\/\\\/www.univ-lorraine.fr\\\/strategie-europe\\\/nos-grands-domaines-strategiques-et-personnes-contacts\\\/\"},{\"@type\":\"ListItem\",\"position\":3,\"name\":\"Trouvez votre partenaire scientifique lorrain pour votre projet europ\u00e9en\"}]},{\"@type\":\"WebSite\",\"@id\":\"https:\\\/\\\/www.univ-lorraine.fr\\\/strategie-europe\\\/#website\",\"url\":\"https:\\\/\\\/www.univ-lorraine.fr\\\/strategie-europe\\\/\",\"name\":\"Strat\u00e9gie Europe\",\"description\":\"Faire dialoguer les savoirs, c\u2019est innover\",\"publisher\":{\"@id\":\"https:\\\/\\\/www.univ-lorraine.fr\\\/strategie-europe\\\/#organization\"},\"potentialAction\":[{\"@type\":\"SearchAction\",\"target\":{\"@type\":\"EntryPoint\",\"urlTemplate\":\"https:\\\/\\\/www.univ-lorraine.fr\\\/strategie-europe\\\/?s={search_term_string}\"},\"query-input\":{\"@type\":\"PropertyValueSpecification\",\"valueRequired\":true,\"valueName\":\"search_term_string\"}}],\"inLanguage\":\"fr-FR\"},{\"@type\":\"Organization\",\"@id\":\"https:\\\/\\\/www.univ-lorraine.fr\\\/strategie-europe\\\/#organization\",\"name\":\"Universit\u00e9 de Lorraine\",\"url\":\"https:\\\/\\\/www.univ-lorraine.fr\\\/strategie-europe\\\/\",\"logo\":{\"@type\":\"ImageObject\",\"inLanguage\":\"fr-FR\",\"@id\":\"https:\\\/\\\/www.univ-lorraine.fr\\\/strategie-europe\\\/#\\\/schema\\\/logo\\\/image\\\/\",\"url\":\"https:\\\/\\\/www.univ-lorraine.fr\\\/strategie-europe\\\/wp-content\\\/uploads\\\/sites\\\/53\\\/2021\\\/01\\\/LOGO_UL.png\",\"contentUrl\":\"https:\\\/\\\/www.univ-lorraine.fr\\\/strategie-europe\\\/wp-content\\\/uploads\\\/sites\\\/53\\\/2021\\\/01\\\/LOGO_UL.png\",\"width\":138,\"height\":48,\"caption\":\"Universit\u00e9 de Lorraine\"},\"image\":{\"@id\":\"https:\\\/\\\/www.univ-lorraine.fr\\\/strategie-europe\\\/#\\\/schema\\\/logo\\\/image\\\/\"}}]}<\/script>\n<!-- \/ Yoast SEO plugin. -->","yoast_head_json":{"title":"Trouvez votre partenaire scientifique lorrain pour votre projet europ\u00e9en - Strat\u00e9gie Europe","robots":{"index":"index","follow":"follow","max-snippet":"max-snippet:-1","max-image-preview":"max-image-preview:large","max-video-preview":"max-video-preview:-1"},"canonical":"https:\/\/www.univ-lorraine.fr\/strategie-europe\/nos-grands-domaines-strategiques-et-personnes-contacts\/trouvez-votre-partenaire-scientifique-lorrain-pour-votre-projet-europeen\/","og_locale":"fr_FR","og_type":"article","og_title":"Trouvez votre partenaire scientifique lorrain pour votre projet europ\u00e9en - Strat\u00e9gie Europe","og_description":"Acc\u00e9dez aux cartographies de nos chercheurs et \u00e0 la pr\u00e9sentation de leurs expertises Avec ses partenaires, l\u2019Universit\u00e9 de Lorraine est r\u00e9solument engag\u00e9e dans une recherche de haut-niveau en Europe, contribuant \u00e0 la souverainet\u00e9 europ\u00e9enne, sa comp\u00e9titivit\u00e9 et sa r\u00e9silience soci\u00e9tale \u00e0 long terme. L\u2019Europe constitue ainsi un espace privil\u00e9gi\u00e9 de collaboration pour d\u00e9velopper des projets ... Lire plus","og_url":"https:\/\/www.univ-lorraine.fr\/strategie-europe\/nos-grands-domaines-strategiques-et-personnes-contacts\/trouvez-votre-partenaire-scientifique-lorrain-pour-votre-projet-europeen\/","og_site_name":"Strat\u00e9gie Europe","article_modified_time":"2026-03-20T13:39:49+00:00","og_image":[{"width":417,"height":251,"url":"https:\/\/www.univ-lorraine.fr\/strategie-europe\/wp-content\/uploads\/sites\/53\/2026\/03\/adobestock_144388219_europe.png","type":"image\/png"}],"twitter_card":"summary_large_image","twitter_misc":{"Dur\u00e9e de lecture estim\u00e9e":"2 minutes"},"schema":{"@context":"https:\/\/schema.org","@graph":[{"@type":"WebPage","@id":"https:\/\/www.univ-lorraine.fr\/strategie-europe\/nos-grands-domaines-strategiques-et-personnes-contacts\/trouvez-votre-partenaire-scientifique-lorrain-pour-votre-projet-europeen\/","url":"https:\/\/www.univ-lorraine.fr\/strategie-europe\/nos-grands-domaines-strategiques-et-personnes-contacts\/trouvez-votre-partenaire-scientifique-lorrain-pour-votre-projet-europeen\/","name":"Trouvez votre partenaire scientifique lorrain pour votre projet europ\u00e9en - Strat\u00e9gie Europe","isPartOf":{"@id":"https:\/\/www.univ-lorraine.fr\/strategie-europe\/#website"},"primaryImageOfPage":{"@id":"https:\/\/www.univ-lorraine.fr\/strategie-europe\/nos-grands-domaines-strategiques-et-personnes-contacts\/trouvez-votre-partenaire-scientifique-lorrain-pour-votre-projet-europeen\/#primaryimage"},"image":{"@id":"https:\/\/www.univ-lorraine.fr\/strategie-europe\/nos-grands-domaines-strategiques-et-personnes-contacts\/trouvez-votre-partenaire-scientifique-lorrain-pour-votre-projet-europeen\/#primaryimage"},"thumbnailUrl":"https:\/\/www.univ-lorraine.fr\/strategie-europe\/wp-content\/uploads\/sites\/53\/2026\/03\/adobestock_144388219_europe.png","datePublished":"2026-03-12T07:36:53+00:00","dateModified":"2026-03-20T13:39:49+00:00","breadcrumb":{"@id":"https:\/\/www.univ-lorraine.fr\/strategie-europe\/nos-grands-domaines-strategiques-et-personnes-contacts\/trouvez-votre-partenaire-scientifique-lorrain-pour-votre-projet-europeen\/#breadcrumb"},"inLanguage":"fr-FR","potentialAction":[{"@type":"ReadAction","target":["https:\/\/www.univ-lorraine.fr\/strategie-europe\/nos-grands-domaines-strategiques-et-personnes-contacts\/trouvez-votre-partenaire-scientifique-lorrain-pour-votre-projet-europeen\/"]}]},{"@type":"ImageObject","inLanguage":"fr-FR","@id":"https:\/\/www.univ-lorraine.fr\/strategie-europe\/nos-grands-domaines-strategiques-et-personnes-contacts\/trouvez-votre-partenaire-scientifique-lorrain-pour-votre-projet-europeen\/#primaryimage","url":"https:\/\/www.univ-lorraine.fr\/strategie-europe\/wp-content\/uploads\/sites\/53\/2026\/03\/adobestock_144388219_europe.png","contentUrl":"https:\/\/www.univ-lorraine.fr\/strategie-europe\/wp-content\/uploads\/sites\/53\/2026\/03\/adobestock_144388219_europe.png","width":417,"height":251},{"@type":"BreadcrumbList","@id":"https:\/\/www.univ-lorraine.fr\/strategie-europe\/nos-grands-domaines-strategiques-et-personnes-contacts\/trouvez-votre-partenaire-scientifique-lorrain-pour-votre-projet-europeen\/#breadcrumb","itemListElement":[{"@type":"ListItem","position":1,"name":"Accueil","item":"https:\/\/www.univ-lorraine.fr\/strategie-europe\/"},{"@type":"ListItem","position":2,"name":"Nos grands domaines strat\u00e9giques et points de contact","item":"https:\/\/www.univ-lorraine.fr\/strategie-europe\/nos-grands-domaines-strategiques-et-personnes-contacts\/"},{"@type":"ListItem","position":3,"name":"Trouvez votre partenaire scientifique lorrain pour votre projet europ\u00e9en"}]},{"@type":"WebSite","@id":"https:\/\/www.univ-lorraine.fr\/strategie-europe\/#website","url":"https:\/\/www.univ-lorraine.fr\/strategie-europe\/","name":"Strat\u00e9gie Europe","description":"Faire dialoguer les savoirs, c\u2019est innover","publisher":{"@id":"https:\/\/www.univ-lorraine.fr\/strategie-europe\/#organization"},"potentialAction":[{"@type":"SearchAction","target":{"@type":"EntryPoint","urlTemplate":"https:\/\/www.univ-lorraine.fr\/strategie-europe\/?s={search_term_string}"},"query-input":{"@type":"PropertyValueSpecification","valueRequired":true,"valueName":"search_term_string"}}],"inLanguage":"fr-FR"},{"@type":"Organization","@id":"https:\/\/www.univ-lorraine.fr\/strategie-europe\/#organization","name":"Universit\u00e9 de Lorraine","url":"https:\/\/www.univ-lorraine.fr\/strategie-europe\/","logo":{"@type":"ImageObject","inLanguage":"fr-FR","@id":"https:\/\/www.univ-lorraine.fr\/strategie-europe\/#\/schema\/logo\/image\/","url":"https:\/\/www.univ-lorraine.fr\/strategie-europe\/wp-content\/uploads\/sites\/53\/2021\/01\/LOGO_UL.png","contentUrl":"https:\/\/www.univ-lorraine.fr\/strategie-europe\/wp-content\/uploads\/sites\/53\/2021\/01\/LOGO_UL.png","width":138,"height":48,"caption":"Universit\u00e9 de Lorraine"},"image":{"@id":"https:\/\/www.univ-lorraine.fr\/strategie-europe\/#\/schema\/logo\/image\/"}}]}},"_links":{"self":[{"href":"https:\/\/www.univ-lorraine.fr\/strategie-europe\/wp-json\/wp\/v2\/pages\/1362","targetHints":{"allow":["GET"]}}],"collection":[{"href":"https:\/\/www.univ-lorraine.fr\/strategie-europe\/wp-json\/wp\/v2\/pages"}],"about":[{"href":"https:\/\/www.univ-lorraine.fr\/strategie-europe\/wp-json\/wp\/v2\/types\/page"}],"author":[{"embeddable":true,"href":"https:\/\/www.univ-lorraine.fr\/strategie-europe\/wp-json\/wp\/v2\/users\/1500"}],"replies":[{"embeddable":true,"href":"https:\/\/www.univ-lorraine.fr\/strategie-europe\/wp-json\/wp\/v2\/comments?post=1362"}],"version-history":[{"count":13,"href":"https:\/\/www.univ-lorraine.fr\/strategie-europe\/wp-json\/wp\/v2\/pages\/1362\/revisions"}],"predecessor-version":[{"id":1416,"href":"https:\/\/www.univ-lorraine.fr\/strategie-europe\/wp-json\/wp\/v2\/pages\/1362\/revisions\/1416"}],"up":[{"embeddable":true,"href":"https:\/\/www.univ-lorraine.fr\/strategie-europe\/wp-json\/wp\/v2\/pages\/283"}],"wp:attachment":[{"href":"https:\/\/www.univ-lorraine.fr\/strategie-europe\/wp-json\/wp\/v2\/media?parent=1362"}],"curies":[{"name":"wp","href":"https:\/\/api.w.org\/{rel}","templated":true}]}}