{"id":208,"date":"2022-03-16T09:27:35","date_gmt":"2022-03-16T08:27:35","guid":{"rendered":"https:\/\/www.univ-lorraine.fr\/transition-ecologique\/?page_id=208"},"modified":"2025-04-03T16:58:32","modified_gmt":"2025-04-03T14:58:32","slug":"aide-a-la-navigation","status":"publish","type":"page","link":"https:\/\/www.univ-lorraine.fr\/transition-ecologique\/aide-a-la-navigation\/","title":{"rendered":"Aide \u00e0 la navigation"},"content":{"rendered":"\n<div class=\"wp-block-columns is-layout-flex wp-container-core-columns-is-layout-9d6595d7 wp-block-columns-is-layout-flex\">\n<div class=\"wp-block-column is-layout-flow wp-block-column-is-layout-flow\">\n<h2 class=\"wp-block-heading\">INTRODUCTION<\/h2>\n\n\n\n<p>Cette page vise \u00e0 vous guider dans l\u2019utilisation du site.<br>Pour conna\u00eetre le niveau d\u2019accessibilit\u00e9 de ce site, visitez la&nbsp;<a href=\"https:\/\/iecl.univ-lorraine.fr\/declaration-accessibilite\/\">d\u00e9claration de conformit\u00e9 au RGAA&nbsp;3&nbsp;2017<\/a>.<\/p>\n\n\n\n<p>L\u2019initiative internationale pour l\u2019accessibilit\u00e9 du Web (WAI) d\u00e9finit l\u2019accessibilit\u00e9 du Web comme suit&nbsp;:<\/p>\n\n\n\n<blockquote class=\"wp-block-quote is-layout-flow wp-block-quote-is-layout-flow\">\n<p>L\u2019accessibilit\u00e9 du Web signifie que les personnes en situation de handicap peuvent utiliser le Web. Plus pr\u00e9cis\u00e9ment, qu\u2019elles peuvent percevoir, comprendre, naviguer et interagir avec le Web, et qu\u2019elles peuvent contribuer sur le Web. L\u2019accessibilit\u00e9 du Web b\u00e9n\u00e9ficie aussi \u00e0 d\u2019autres, notamment les personnes \u00e2g\u00e9es dont les capacit\u00e9s changent avec l\u2019\u00e2ge.<br>L\u2019accessibilit\u00e9 du Web comprend tous les handicaps qui affectent l\u2019acc\u00e8s au Web, ce qui inclut les handicaps visuels, auditifs, physiques, de parole, cognitifs et neurologiques.<\/p>\n<\/blockquote>\n\n\n\n<p>Voir l\u2019<a href=\"http:\/\/www.w3.org\/WAI\/intro\/accessibility.php\">introduction de la WAI<\/a>.<\/p>\n\n\n\n<div style=\"height:50px\" aria-hidden=\"true\" class=\"wp-block-spacer\"><\/div>\n\n\n\n<h2 class=\"wp-block-heading\">ORGANISATION DU SITE<\/h2>\n\n\n\n<h3 class=\"wp-block-heading\">Navigation principale<\/h3>\n\n\n\n<p>Le site est structur\u00e9 en 4&nbsp;rubriques, chacune accessible depuis la page d\u2019accueil du site:<\/p>\n\n\n\n<ul class=\"wp-block-list\">\n<li>Pr\u00e9sentation des th\u00e9matiques (via le menu principal)<\/li>\n\n\n\n<li>S&rsquo;engager (via le menu principal)<\/li>\n\n\n\n<li>Ressources (via le menu principal)<\/li>\n\n\n\n<li>Contact  (via le menu principal)<\/li>\n<\/ul>\n\n\n\n<h3 class=\"wp-block-heading\">Autres syst\u00e8mes de navigation<\/h3>\n\n\n\n<ul class=\"wp-block-list\">\n<li>un plan du site accessible via un lien situ\u00e9 en pied de page ;<\/li>\n\n\n\n<li>une d\u00e9claration d\u2019accessibilit\u00e9&nbsp;accessible&nbsp;via un lien situ\u00e9 en pied de page;<\/li>\n\n\n\n<li>les mentions l\u00e9gales du site accessibles via un lien situ\u00e9 en pied de page;<\/li>\n\n\n\n<li>cette page d\u2019aide accessible&nbsp;via un lien situ\u00e9 en pied de page;<\/li>\n<\/ul>\n\n\n\n<div style=\"height:50px\" aria-hidden=\"true\" class=\"wp-block-spacer\"><\/div>\n\n\n\n<h2 class=\"wp-block-heading\">NAVIGATION PAR TITRES<\/h2>\n\n\n\n<ul class=\"wp-block-list\">\n<li>Le titre de niveau 1 correspond au titre principal du site.<\/li>\n\n\n\n<li>Le titre de niveau 2 est le titre de l\u2019article consult\u00e9.<\/li>\n<\/ul>\n\n\n\n<p>La plupart des technologies d\u2019assistance et des navigateurs facilitent la navigation par les titres. La plupart des lecteurs d\u2019\u00e9cran fournissent une fonctionnalit\u00e9 pour sauter au titre suivant.<\/p>\n\n\n\n<div style=\"height:50px\" aria-hidden=\"true\" class=\"wp-block-spacer\"><\/div>\n<\/div>\n\n\n\n<div class=\"wp-block-column is-layout-flow wp-block-column-is-layout-flow\">\n<h2 class=\"wp-block-heading\">LIENS D\u2019ACC\u00c8S RAPIDE<\/h2>\n\n\n\n<p>Les liens d\u2019acc\u00e8s rapide, pr\u00e9sents au d\u00e9but du document, permettent une navigation facilit\u00e9e vers les r\u00e9gions principales des pages.<\/p>\n\n\n\n<div style=\"height:50px\" aria-hidden=\"true\" class=\"wp-block-spacer\"><\/div>\n\n\n\n<h2 class=\"wp-block-heading\">NAVIGATION CLAVIER POUR LES COMPOSANTS INTERACTIFS<\/h2>\n\n\n\n<p>Le site embarque des composants bas\u00e9s sur la technologie JavaScript. Leur structure et leur comportement au clavier respectent les recommandations internationales.<\/p>\n\n\n\n<p>Pour que ces composants fonctionnent de mani\u00e8re pr\u00e9dictible et selon les notices d\u2019utilisation que nous vous fournissons ci-dessous, les utilisateurs de lecteurs d\u2019\u00e9crans doivent les atteindre en mode formulaire, ou activer le mode formulaire une fois dessus.<\/p>\n\n\n\n<p>Nous listons ci-dessous les composants pr\u00e9sents sur le site et leur utilisation au clavier.<\/p>\n\n\n\n<ul class=\"wp-block-list\">\n<li>Accord\u00e9on<\/li>\n\n\n\n<li>Menu<\/li>\n\n\n\n<li>Arborescence<\/li>\n<\/ul>\n\n\n\n<div style=\"height:50px\" aria-hidden=\"true\" class=\"wp-block-spacer\"><\/div>\n\n\n\n<h2 class=\"wp-block-heading\">SIGNALER UN DYSFONCTIONNEMENT<\/h2>\n\n\n\n<p>Si, malgr\u00e9 notre vigilance, vous rencontriez le moindre probl\u00e8me d\u2019accessibilit\u00e9 sur notre site, n\u2019h\u00e9sitez pas \u00e0 nous \u00e9crire \u00e0&nbsp;<a href=\"mail&#116;&#111;&#58;&#100;&#110;&#x2d;&#x61;&#x63;&#x63;&#x65;&#x73;&#x73;ibil&#105;&#116;&#101;&#45;&#119;&#x65;&#x62;&#x40;&#x75;&#x6e;&#x69;&#x76;&#x2d;lorr&#97;&#105;&#110;&#101;&#46;&#x66;&#x72;\" target=\"_blank\" rel=\"noreferrer noopener\">d&#110;&#45;&#x61;&#x63;c&#101;&#115;&#x73;&#x69;&#x62;i&#108;&#105;&#x74;&#x65;-w&#101;&#x62;&#x40;&#x75;n&#105;&#118;&#x2d;&#x6c;or&#114;&#x61;&#x69;&#x6e;e&#46;&#102;&#x72;<\/a>.<\/p>\n\n\n\n<div style=\"height:50px\" aria-hidden=\"true\" class=\"wp-block-spacer\"><\/div>\n\n\n\n<h2 class=\"wp-block-heading\">D\u00c9FENSEUR DES DROITS<\/h2>\n\n\n\n<p>Si vous constatez un d\u00e9faut d\u2019accessibilit\u00e9 vous emp\u00eachant d\u2019acc\u00e9der \u00e0 un contenu ou une fonctionnalit\u00e9 du site, que vous nous le signalez et que vous ne parvenez pas \u00e0 obtenir une r\u00e9ponse rapide de notre part, vous \u00eates en droit de faire parvenir vos dol\u00e9ances ou une demande de saisine au D\u00e9fenseur des droits.<br>Plusieurs moyens sont \u00e0 votre disposition :<\/p>\n\n\n\n<ul class=\"wp-block-list\">\n<li>un\u00a0<a href=\"https:\/\/formulaire.defenseurdesdroits.fr\/formulaire_saisine\/\" target=\"_blank\" rel=\"noreferrer noopener\">formulaire de contact<\/a>\u00a0(nouvelle fen\u00eatre);<\/li>\n\n\n\n<li>la\u00a0<a href=\"http:\/\/www.defenseurdesdroits.fr\/office\/\" target=\"_blank\" rel=\"noreferrer noopener\">liste du ou des d\u00e9l\u00e9gu\u00e9s de votre r\u00e9gion<\/a>\u00a0(nouvelle fen\u00eatre)\u00a0avec leurs informations de contact direct;<\/li>\n\n\n\n<li>une adresse postale :<br>Le D\u00e9fenseur des droits<br>Libre r\u00e9ponse<br>71120 &#8211; 75342 Paris CEDEX 07<\/li>\n<\/ul>\n<\/div>\n<\/div>\n","protected":false},"excerpt":{"rendered":"<p>INTRODUCTION Cette page vise \u00e0 vous guider dans l\u2019utilisation du site.Pour conna\u00eetre le niveau d\u2019accessibilit\u00e9 de ce site, visitez la&nbsp;d\u00e9claration de conformit\u00e9 au RGAA&nbsp;3&nbsp;2017. L\u2019initiative internationale pour l\u2019accessibilit\u00e9 du Web (WAI) d\u00e9finit l\u2019accessibilit\u00e9 du Web comme suit&nbsp;: L\u2019accessibilit\u00e9 du Web signifie que les personnes en situation de handicap peuvent utiliser le Web. Plus pr\u00e9cis\u00e9ment, qu\u2019elles &#8230; <a title=\"Aide \u00e0 la navigation\" class=\"read-more\" href=\"https:\/\/www.univ-lorraine.fr\/transition-ecologique\/aide-a-la-navigation\/\" aria-label=\"En savoir plus sur Aide \u00e0 la navigation\">Lire plus<\/a><\/p>\n","protected":false},"author":3,"featured_media":0,"parent":0,"menu_order":0,"comment_status":"closed","ping_status":"closed","template":"","meta":{"inline_featured_image":false,"footnotes":""},"class_list":["post-208","page","type-page","status-publish"],"yoast_head":"<!-- This site is optimized with the Yoast SEO plugin v27.4 - https:\/\/yoast.com\/product\/yoast-seo-wordpress\/ -->\n<title>Aide \u00e0 la navigation - Transition \u00e9cologique<\/title>\n<meta name=\"robots\" content=\"index, follow, max-snippet:-1, max-image-preview:large, max-video-preview:-1\" \/>\n<link rel=\"canonical\" href=\"https:\/\/www.univ-lorraine.fr\/transition-ecologique\/aide-a-la-navigation\/\" \/>\n<meta property=\"og:locale\" content=\"fr_FR\" \/>\n<meta property=\"og:type\" content=\"article\" \/>\n<meta property=\"og:title\" content=\"Aide \u00e0 la navigation - Transition \u00e9cologique\" \/>\n<meta property=\"og:description\" content=\"INTRODUCTION Cette page vise \u00e0 vous guider dans l\u2019utilisation du site.Pour conna\u00eetre le niveau d\u2019accessibilit\u00e9 de ce site, visitez la&nbsp;d\u00e9claration de conformit\u00e9 au RGAA&nbsp;3&nbsp;2017. L\u2019initiative internationale pour l\u2019accessibilit\u00e9 du Web (WAI) d\u00e9finit l\u2019accessibilit\u00e9 du Web comme suit&nbsp;: L\u2019accessibilit\u00e9 du Web signifie que les personnes en situation de handicap peuvent utiliser le Web. Plus pr\u00e9cis\u00e9ment, qu\u2019elles ... Lire plus\" \/>\n<meta property=\"og:url\" content=\"https:\/\/www.univ-lorraine.fr\/transition-ecologique\/aide-a-la-navigation\/\" \/>\n<meta property=\"og:site_name\" content=\"Transition \u00e9cologique\" \/>\n<meta property=\"article:modified_time\" content=\"2025-04-03T14:58:32+00:00\" \/>\n<meta name=\"twitter:card\" content=\"summary_large_image\" \/>\n<script type=\"application\/ld+json\" class=\"yoast-schema-graph\">{\"@context\":\"https:\\\/\\\/schema.org\",\"@graph\":[{\"@type\":\"WebPage\",\"@id\":\"https:\\\/\\\/www.univ-lorraine.fr\\\/transition-ecologique\\\/aide-a-la-navigation\\\/\",\"url\":\"https:\\\/\\\/www.univ-lorraine.fr\\\/transition-ecologique\\\/aide-a-la-navigation\\\/\",\"name\":\"Aide \u00e0 la navigation - Transition \u00e9cologique\",\"isPartOf\":{\"@id\":\"https:\\\/\\\/www.univ-lorraine.fr\\\/transition-ecologique\\\/#website\"},\"datePublished\":\"2022-03-16T08:27:35+00:00\",\"dateModified\":\"2025-04-03T14:58:32+00:00\",\"breadcrumb\":{\"@id\":\"https:\\\/\\\/www.univ-lorraine.fr\\\/transition-ecologique\\\/aide-a-la-navigation\\\/#breadcrumb\"},\"inLanguage\":\"fr-FR\",\"potentialAction\":[{\"@type\":\"ReadAction\",\"target\":[\"https:\\\/\\\/www.univ-lorraine.fr\\\/transition-ecologique\\\/aide-a-la-navigation\\\/\"]}]},{\"@type\":\"BreadcrumbList\",\"@id\":\"https:\\\/\\\/www.univ-lorraine.fr\\\/transition-ecologique\\\/aide-a-la-navigation\\\/#breadcrumb\",\"itemListElement\":[{\"@type\":\"ListItem\",\"position\":1,\"name\":\"Accueil\",\"item\":\"https:\\\/\\\/www.univ-lorraine.fr\\\/transition-ecologique\\\/\"},{\"@type\":\"ListItem\",\"position\":2,\"name\":\"Aide \u00e0 la navigation\"}]},{\"@type\":\"WebSite\",\"@id\":\"https:\\\/\\\/www.univ-lorraine.fr\\\/transition-ecologique\\\/#website\",\"url\":\"https:\\\/\\\/www.univ-lorraine.fr\\\/transition-ecologique\\\/\",\"name\":\"Transition \u00e9cologique\",\"description\":\"Faire dialoguer les savoirs, c\u2019est innover\",\"publisher\":{\"@id\":\"https:\\\/\\\/www.univ-lorraine.fr\\\/transition-ecologique\\\/#organization\"},\"potentialAction\":[{\"@type\":\"SearchAction\",\"target\":{\"@type\":\"EntryPoint\",\"urlTemplate\":\"https:\\\/\\\/www.univ-lorraine.fr\\\/transition-ecologique\\\/?s={search_term_string}\"},\"query-input\":{\"@type\":\"PropertyValueSpecification\",\"valueRequired\":true,\"valueName\":\"search_term_string\"}}],\"inLanguage\":\"fr-FR\"},{\"@type\":\"Organization\",\"@id\":\"https:\\\/\\\/www.univ-lorraine.fr\\\/transition-ecologique\\\/#organization\",\"name\":\"Universit\u00e9 de Lorraine\",\"url\":\"https:\\\/\\\/www.univ-lorraine.fr\\\/transition-ecologique\\\/\",\"logo\":{\"@type\":\"ImageObject\",\"inLanguage\":\"fr-FR\",\"@id\":\"https:\\\/\\\/www.univ-lorraine.fr\\\/transition-ecologique\\\/#\\\/schema\\\/logo\\\/image\\\/\",\"url\":\"https:\\\/\\\/www.univ-lorraine.fr\\\/transition-ecologique\\\/wp-content\\\/uploads\\\/sites\\\/49\\\/2021\\\/01\\\/LOGO_UL.png\",\"contentUrl\":\"https:\\\/\\\/www.univ-lorraine.fr\\\/transition-ecologique\\\/wp-content\\\/uploads\\\/sites\\\/49\\\/2021\\\/01\\\/LOGO_UL.png\",\"width\":138,\"height\":48,\"caption\":\"Universit\u00e9 de Lorraine\"},\"image\":{\"@id\":\"https:\\\/\\\/www.univ-lorraine.fr\\\/transition-ecologique\\\/#\\\/schema\\\/logo\\\/image\\\/\"}}]}<\/script>\n<!-- \/ Yoast SEO plugin. -->","yoast_head_json":{"title":"Aide \u00e0 la navigation - Transition \u00e9cologique","robots":{"index":"index","follow":"follow","max-snippet":"max-snippet:-1","max-image-preview":"max-image-preview:large","max-video-preview":"max-video-preview:-1"},"canonical":"https:\/\/www.univ-lorraine.fr\/transition-ecologique\/aide-a-la-navigation\/","og_locale":"fr_FR","og_type":"article","og_title":"Aide \u00e0 la navigation - Transition \u00e9cologique","og_description":"INTRODUCTION Cette page vise \u00e0 vous guider dans l\u2019utilisation du site.Pour conna\u00eetre le niveau d\u2019accessibilit\u00e9 de ce site, visitez la&nbsp;d\u00e9claration de conformit\u00e9 au RGAA&nbsp;3&nbsp;2017. L\u2019initiative internationale pour l\u2019accessibilit\u00e9 du Web (WAI) d\u00e9finit l\u2019accessibilit\u00e9 du Web comme suit&nbsp;: L\u2019accessibilit\u00e9 du Web signifie que les personnes en situation de handicap peuvent utiliser le Web. Plus pr\u00e9cis\u00e9ment, qu\u2019elles ... Lire plus","og_url":"https:\/\/www.univ-lorraine.fr\/transition-ecologique\/aide-a-la-navigation\/","og_site_name":"Transition \u00e9cologique","article_modified_time":"2025-04-03T14:58:32+00:00","twitter_card":"summary_large_image","schema":{"@context":"https:\/\/schema.org","@graph":[{"@type":"WebPage","@id":"https:\/\/www.univ-lorraine.fr\/transition-ecologique\/aide-a-la-navigation\/","url":"https:\/\/www.univ-lorraine.fr\/transition-ecologique\/aide-a-la-navigation\/","name":"Aide \u00e0 la navigation - Transition \u00e9cologique","isPartOf":{"@id":"https:\/\/www.univ-lorraine.fr\/transition-ecologique\/#website"},"datePublished":"2022-03-16T08:27:35+00:00","dateModified":"2025-04-03T14:58:32+00:00","breadcrumb":{"@id":"https:\/\/www.univ-lorraine.fr\/transition-ecologique\/aide-a-la-navigation\/#breadcrumb"},"inLanguage":"fr-FR","potentialAction":[{"@type":"ReadAction","target":["https:\/\/www.univ-lorraine.fr\/transition-ecologique\/aide-a-la-navigation\/"]}]},{"@type":"BreadcrumbList","@id":"https:\/\/www.univ-lorraine.fr\/transition-ecologique\/aide-a-la-navigation\/#breadcrumb","itemListElement":[{"@type":"ListItem","position":1,"name":"Accueil","item":"https:\/\/www.univ-lorraine.fr\/transition-ecologique\/"},{"@type":"ListItem","position":2,"name":"Aide \u00e0 la navigation"}]},{"@type":"WebSite","@id":"https:\/\/www.univ-lorraine.fr\/transition-ecologique\/#website","url":"https:\/\/www.univ-lorraine.fr\/transition-ecologique\/","name":"Transition \u00e9cologique","description":"Faire dialoguer les savoirs, c\u2019est innover","publisher":{"@id":"https:\/\/www.univ-lorraine.fr\/transition-ecologique\/#organization"},"potentialAction":[{"@type":"SearchAction","target":{"@type":"EntryPoint","urlTemplate":"https:\/\/www.univ-lorraine.fr\/transition-ecologique\/?s={search_term_string}"},"query-input":{"@type":"PropertyValueSpecification","valueRequired":true,"valueName":"search_term_string"}}],"inLanguage":"fr-FR"},{"@type":"Organization","@id":"https:\/\/www.univ-lorraine.fr\/transition-ecologique\/#organization","name":"Universit\u00e9 de Lorraine","url":"https:\/\/www.univ-lorraine.fr\/transition-ecologique\/","logo":{"@type":"ImageObject","inLanguage":"fr-FR","@id":"https:\/\/www.univ-lorraine.fr\/transition-ecologique\/#\/schema\/logo\/image\/","url":"https:\/\/www.univ-lorraine.fr\/transition-ecologique\/wp-content\/uploads\/sites\/49\/2021\/01\/LOGO_UL.png","contentUrl":"https:\/\/www.univ-lorraine.fr\/transition-ecologique\/wp-content\/uploads\/sites\/49\/2021\/01\/LOGO_UL.png","width":138,"height":48,"caption":"Universit\u00e9 de Lorraine"},"image":{"@id":"https:\/\/www.univ-lorraine.fr\/transition-ecologique\/#\/schema\/logo\/image\/"}}]}},"_links":{"self":[{"href":"https:\/\/www.univ-lorraine.fr\/transition-ecologique\/wp-json\/wp\/v2\/pages\/208","targetHints":{"allow":["GET"]}}],"collection":[{"href":"https:\/\/www.univ-lorraine.fr\/transition-ecologique\/wp-json\/wp\/v2\/pages"}],"about":[{"href":"https:\/\/www.univ-lorraine.fr\/transition-ecologique\/wp-json\/wp\/v2\/types\/page"}],"author":[{"embeddable":true,"href":"https:\/\/www.univ-lorraine.fr\/transition-ecologique\/wp-json\/wp\/v2\/users\/3"}],"replies":[{"embeddable":true,"href":"https:\/\/www.univ-lorraine.fr\/transition-ecologique\/wp-json\/wp\/v2\/comments?post=208"}],"version-history":[{"count":4,"href":"https:\/\/www.univ-lorraine.fr\/transition-ecologique\/wp-json\/wp\/v2\/pages\/208\/revisions"}],"predecessor-version":[{"id":3972,"href":"https:\/\/www.univ-lorraine.fr\/transition-ecologique\/wp-json\/wp\/v2\/pages\/208\/revisions\/3972"}],"wp:attachment":[{"href":"https:\/\/www.univ-lorraine.fr\/transition-ecologique\/wp-json\/wp\/v2\/media?parent=208"}],"curies":[{"name":"wp","href":"https:\/\/api.w.org\/{rel}","templated":true}]}}